{"id":9464,"date":"2025-04-18T10:51:53","date_gmt":"2025-04-18T02:51:53","guid":{"rendered":"http:\/\/qingdaohf.com\/?post_type=product&#038;p=9464"},"modified":"2025-11-13T09:02:18","modified_gmt":"2025-11-13T01:02:18","slug":"grapnel-anchor","status":"publish","type":"product","link":"https:\/\/qingdaohf.com\/hu\/termek\/grapnel-horgony-2\/","title":{"rendered":"Grapnel horgony"},"content":{"rendered":"<h2 class=\"\" data-start=\"405\" data-end=\"444\">Bevezet\u00e9s a Grapnel horgonyba<\/h2>\n<p class=\"\" data-start=\"445\" data-end=\"917\">A betonzsaluzatok \u00e9s a k\u00f6t\u00e9lzet hardverek k\u00f6z\u00f6tt a fix kar\u00fa Grapnel horgony az egyszer\u0171s\u00e9g \u00e9s a megb\u00edzhat\u00f3 fog\u00e1s kombin\u00e1ci\u00f3j\u00e1val t\u0171nik ki. N\u00e9gy egyenletes t\u00e1vols\u00e1gban elhelyezett b\u00fctyk\u00f6s r\u00f6gz\u00fcl az aljzatba bonyolult \u00f6sszeszerel\u00e9s n\u00e9lk\u00fcl, cs\u00f6kkentve a helysz\u00edni be\u00e1ll\u00edt\u00e1si id\u0151t. Az \u00f6sszecsukhat\u00f3 v\u00e1ltozatokkal ellent\u00e9tben ez a modell dinamikus terhel\u00e9s eset\u00e9n is meg\u0151rzi a k\u00f6vetkezetes szerkezeti integrit\u00e1st. Intuit\u00edv kialak\u00edt\u00e1sa z\u00f6kken\u0151mentesen integr\u00e1l\u00f3dik a megl\u00e9v\u0151 tart\u00f3rendszerekbe, n\u00f6velve mind a biztons\u00e1gi tartal\u00e9kokat, mind a m\u0171k\u00f6d\u00e9si hat\u00e9konys\u00e1got.<\/p>\n<h2 class=\"\" data-start=\"919\" data-end=\"959\">Anyag\u00f6sszet\u00e9tel \u00e9s kialak\u00edt\u00e1s<\/h2>\n<p class=\"\" data-start=\"960\" data-end=\"1575\">Minden egys\u00e9g A36-os sz\u00e9nac\u00e9lb\u00f3l k\u00e9sz\u00fcl, l\u00e9zeres pontoss\u00e1ggal v\u00e1gva a pontos kargeometria meg\u0151rz\u00e9se \u00e9rdek\u00e9ben. A teljes \u00e1tmen\u0151 hegeszt\u00e9sek a k\u00f6zponti hubhoz r\u00f6gz\u00edtik a sz\u00e1rnyakat, \u00edgy egy darabb\u00f3l \u00e1ll\u00f3 egys\u00e9get alkotnak, amely terhel\u00e9s alatt ellen\u00e1ll a deform\u00e1ci\u00f3nak. A t\u0171zihorganyz\u00e1si elj\u00e1r\u00e1s 85 mikront meghalad\u00f3 cinkr\u00e9teget rak le, amely v\u00e9delmet ny\u00fajt a korr\u00f3zi\u00f3 ellen nedves vagy l\u00fagos betonk\u00f6rnyezetben. A Fluke cs\u00facsok 30\u00b0-os profilra vannak ferd\u00edtve, ami megk\u00f6nny\u00edti a behatol\u00e1st \u00e9s maximaliz\u00e1lja a kih\u00faz\u00e1s\u00e1ll\u00f3s\u00e1got. A 19 mm-es (\u00be h\u00fcvelyk) t\u0171\u00e1tm\u00e9r\u0151j\u0171 bilincsekkel val\u00f3 kompatibilit\u00e1s biztos\u00edtja a z\u00f6kken\u0151mentes integr\u00e1ci\u00f3t a szabv\u00e1nyos k\u00f6t\u00e9lzeti hardverekkel.<\/p>\n<p class=\"\" data-start=\"960\" data-end=\"1575\"><span style=\"font-size: 1.7em; font-weight: bold;\">Alkalmaz\u00e1sok \u00e9s v\u00e1ltozatok<\/span><\/p>\n<p class=\"\" data-start=\"2101\" data-end=\"2695\">A Grapnel horgony kiv\u00e1l\u00f3an alkalmas a zsaluzat stabiliz\u00e1l\u00e1s\u00e1ra ferde vagy egyenetlen talajon, ahol az oldalir\u00e1ny\u00fa \u00e9s felemelked\u0151 er\u0151ket kell visszafogni. Tengeri k\u00f6rnyezetben ideiglenes kik\u00f6t\u00e9seket r\u00f6gz\u00edt puha tengerfen\u00e9ken, ahol a bord\u00e1k a homokba vagy kavicsba f\u00far\u00f3dnak a megb\u00edzhat\u00f3 tart\u00e1s \u00e9rdek\u00e9ben. Az aljzat kiv\u00e1laszt\u00e1sa hat\u00e1rozza meg a megfelel\u0151 v\u00e1ltozatot: a standard modellek \u00e1ltal\u00e1nos betonoz\u00e1si munk\u00e1khoz, m\u00edg a nagy teherb\u00edr\u00e1s\u00fa v\u00e1ltozatok meger\u0151s\u00edtett csukl\u00f3kkal \u00e9s meghosszabb\u00edtott karokkal rendelkeznek a m\u00e9lyebb be\u00e1gyaz\u00e1shoz \u00e9s a nagyobb terhel\u00e9si ig\u00e9nyekhez. A horgonyt\u00edpusnak a helysz\u00edni k\u00f6r\u00fclm\u00e9nyekhez val\u00f3 igaz\u00edt\u00e1sa garant\u00e1lja az optim\u00e1lis teljes\u00edtm\u00e9nyt \u00e9s a hat\u00e9kony kiemel\u00e9st.<\/p>\n<h2 class=\"\" data-start=\"2697\" data-end=\"2735\">Min\u0151s\u00e9gbiztos\u00edt\u00e1s \u00e9s tesztel\u00e9s<\/h2>\n<p class=\"\" data-start=\"2736\" data-end=\"3225\">Minden horgonyt a n\u00e9vleges teherb\u00edr\u00e1s 1,5-szeres\u00e9nek megfelel\u0151 kih\u00faz\u00e1si tesztnek vetnek al\u00e1 a szerkezeti rugalmass\u00e1g ellen\u0151rz\u00e9se \u00e9rdek\u00e9ben. A korr\u00f3zi\u00f3\u00e1ll\u00f3s\u00e1got az ASTM B117 szabv\u00e1ny szerinti s\u00f3s permetez\u00e9ses vizsg\u00e1latokkal igazolj\u00e1k, amelyek t\u00f6bb mint 500 \u00f3r\u00e1nyi v\u00f6r\u00f6srozsda-k\u00e9pz\u0151d\u00e9s n\u00e9lk\u00fcli expoz\u00edci\u00f3t mutatnak ki. A gy\u00e1rt\u00e1s megfelel az ISO 9001 min\u0151s\u00e9gir\u00e1ny\u00edt\u00e1si protokolloknak, a CE-jel\u00f6l\u00e9s pedig meger\u0151s\u00edti az eur\u00f3pai biztons\u00e1gi k\u00f6vetelm\u00e9nyeknek val\u00f3 megfelel\u00e9st. Az egyes csom\u00f3pontokra r\u00e1b\u00e9lyegzett egyedi nyomonk\u00f6vethet\u0151s\u00e9gi k\u00f3dok megk\u00f6nny\u00edtik a t\u00e9telek nyomon k\u00f6vet\u00e9s\u00e9t \u00e9s egyszer\u0171s\u00edtik az ellen\u0151rz\u00e9si folyamatokat.<\/p>\n<h2 class=\"\" data-start=\"3227\" data-end=\"3271\">Kieg\u00e9sz\u00edt\u0151 tartoz\u00e9k: X-Flat nyakkend\u0151<\/h2>\n<p class=\"\" data-start=\"3272\" data-end=\"3780\">Az x-flat k\u00f6t\u0151elem a zsalupanelek k\u00f6z\u00f6tti fesz\u00fclts\u00e9g eloszt\u00e1s\u00e1val fokozza a horgony funkci\u00f3j\u00e1t. A rug\u00f3ac\u00e9lb\u00f3l k\u00e9sz\u00fclt \u00e9s kop\u00e1s\u00e1ll\u00f3s\u00e1g \u00e9rdek\u00e9ben polimerr\u00e9teggel bevont k\u00f6t\u0151elem a horgony k\u00f6zponti szem\u00e9n kereszt\u00fcl cs\u00faszik, hogy a paneleket ki\u00e1ll\u00f3 \u00e9lek n\u00e9lk\u00fcl k\u00f6sse \u00f6ssze. Az 1200 mm hossz\u00fas\u00e1gban 25 mm-enk\u00e9nt \u00e1ll\u00edthat\u00f3 perfor\u00e1ci\u00f3k lehet\u0151v\u00e9 teszik a gyors alkalmazkod\u00e1st a k\u00fcl\u00f6nb\u00f6z\u0151 panelvastags\u00e1gokhoz. A szabv\u00e1nyos bilincs-kompatibilis v\u00e9gek lehet\u0151v\u00e9 teszik a horgonyok k\u00f6z\u00f6tti gyors cser\u00e9t, minimaliz\u00e1lva a munkafolyamatok v\u00e1ltoz\u00e1sa k\u00f6zbeni \u00e1ll\u00e1sid\u0151t.<\/p>\n<h2 class=\"\" data-start=\"3782\" data-end=\"3824\">A H&amp;F-fel val\u00f3 partners\u00e9g el\u0151nyei<\/h2>\n<p class=\"\" data-start=\"3825\" data-end=\"4414\">A H&amp;F ingyenes mintadarabokat biztos\u00edt mind a Grapnel horgonyb\u00f3l, mind az x-flat nyakkend\u0151b\u0151l a helysz\u00edni \u00e9rt\u00e9kel\u00e9s megk\u00f6nny\u00edt\u00e9se \u00e9rdek\u00e9ben. Egy k\u00fcl\u00f6n \u00fcgyf\u00e9lmenedzser ny\u00fajt szem\u00e9lyes t\u00e1mogat\u00e1st, seg\u00edt a term\u00e9k kiv\u00e1laszt\u00e1s\u00e1ban, a tesztadatok \u00e9rtelmez\u00e9s\u00e9ben \u00e9s a tan\u00fas\u00edt\u00e1sok koordin\u00e1l\u00e1s\u00e1ban. A h\u00e1zt\u00f3l-h\u00e1zig sz\u00e1ll\u00edt\u00e1si szolg\u00e1ltat\u00e1sok optimaliz\u00e1lj\u00e1k a logisztik\u00e1t, biztos\u00edtva, hogy az anyagok pontosan akkor \u00e9s oda \u00e9rkezzenek, amikor \u00e9s ahov\u00e1 sz\u00fcks\u00e9g van r\u00e1juk. B\u00e1r sok alkatr\u00e9sz speci\u00e1lis gy\u00e1rt\u00f3kt\u00f3l sz\u00e1rmazik, minden egyes term\u00e9k a sz\u00e1ll\u00edt\u00e1s el\u0151tt szigor\u00fa ellen\u0151rz\u00e9sen \u00e9s tan\u00fas\u00edt\u00e1si ellen\u0151rz\u00e9sen esik \u00e1t, \u00edgy a min\u0151s\u00e9gi szabv\u00e1nyok egyenletesek \u00e9s sz\u00e9p\u00edt\u00e9s n\u00e9lk\u00fcliek maradnak.<\/p>","protected":false},"excerpt":{"rendered":"<p>A Grapnel horgony egyenes, n\u00e9gy b\u00fctyk\u00f6s konfigur\u00e1ci\u00f3val biztos\u00edt szil\u00e1rd teljes\u00edtm\u00e9nyt, megb\u00edzhat\u00f3 tart\u00e1st biztos\u00edtva a beton zsaluz\u00e1s \u00e9s a k\u00f6nny\u0171 tengeri horgonyz\u00e1si alkalmaz\u00e1sokban. Kiv\u00e1l\u00f3 min\u0151s\u00e9g\u0171 ac\u00e9lb\u00f3l k\u00e9sz\u00fclt, robusztus horganyzott kivitelben, \u00e9s z\u00f6kken\u0151mentesen p\u00e1rosul a prec\u00edzi\u00f3s tervez\u00e9s\u0171 x-flat nyakkend\u0151vel az optim\u00e1lis fesz\u00fclts\u00e9geloszt\u00e1s \u00e9s a k\u00f6nny\u0171 telep\u00edt\u00e9s \u00e9rdek\u00e9ben.<\/p>","protected":false},"featured_media":9466,"comment_status":"open","ping_status":"closed","template":"","meta":{"site-sidebar-layout":"default","site-content-layout":"","ast-site-content-layout":"default","site-content-style":"default","site-sidebar-style":"default","ast-global-header-display":"","ast-banner-title-visibility":"","ast-main-header-display":"","ast-hfb-above-header-display":"","ast-hfb-below-header-display":"","ast-hfb-mobile-header-display":"","site-post-title":"","ast-breadcrumbs-content":"","ast-featured-img":"","footer-sml-layout":"","theme-transparent-header-meta":"default","adv-header-id-meta":"","stick-header-meta":"default","header-above-stick-meta":"","header-main-stick-meta":"","header-below-stick-meta":"","astra-migrate-meta-layouts":"set","ast-page-background-enabled":"default","ast-page-background-meta":{"desktop":{"background-color":"","background-image":"","background-repeat":"repeat","background-position":"center center","background-size":"auto","background-attachment":"scroll","background-type":"","background-media":"","overlay-type":"","overlay-color":"","overlay-opacity":"","overlay-gradient":""},"tablet":{"background-color":"","background-image":"","background-repeat":"repeat","background-position":"center center","background-size":"auto","background-attachment":"scroll","background-type":"","background-media":"","overlay-type":"","overlay-color":"","overlay-opacity":"","overlay-gradient":""},"mobile":{"background-color":"","background-image":"","background-repeat":"repeat","background-position":"center center","background-size":"auto","background-attachment":"scroll","background-type":"","background-media":"","overlay-type":"","overlay-color":"","overlay-opacity":"","overlay-gradient":""}},"ast-content-background-meta":{"desktop":{"background-color":"var(--ast-global-color-5)","background-image":"","background-repeat":"repeat","background-position":"center center","background-size":"auto","background-attachment":"scroll","background-type":"","background-media":"","overlay-type":"","overlay-color":"","overlay-opacity":"","overlay-gradient":""},"tablet":{"background-color":"var(--ast-global-color-5)","background-image":"","background-repeat":"repeat","background-position":"center center","background-size":"auto","background-attachment":"scroll","background-type":"","background-media":"","overlay-type":"","overlay-color":"","overlay-opacity":"","overlay-gradient":""},"mobile":{"background-color":"var(--ast-global-color-5)","background-image":"","background-repeat":"repeat","background-position":"center center","background-size":"auto","background-attachment":"scroll","background-type":"","background-media":"","overlay-type":"","overlay-color":"","overlay-opacity":"","overlay-gradient":""}}},"product_brand":[],"product_cat":[74],"product_tag":[],"class_list":{"0":"post-9464","1":"product","2":"type-product","3":"status-publish","4":"has-post-thumbnail","6":"product_cat-boat-anchor","7":"desktop-align-left","8":"tablet-align-left","9":"mobile-align-left","10":"ast-product-gallery-layout-horizontal-slider","11":"ast-product-tabs-layout-horizontal","13":"first","14":"instock","15":"shipping-taxable","16":"purchasable","17":"product-type-simple"},"yoast_head":"<!-- This site is optimized with the Yoast SEO plugin v25.2 - https:\/\/yoast.com\/wordpress\/plugins\/seo\/ -->\n<title>Grapnel Anchor<\/title>\n<meta name=\"robots\" content=\"index, follow, max-snippet:-1, max-image-preview:large, max-video-preview:-1\" \/>\n<link rel=\"canonical\" href=\"https:\/\/qingdaohf.com\/hu\/termek\/grapnel-horgony-2\/\" \/>\n<meta property=\"og:locale\" content=\"hu_HU\" \/>\n<meta property=\"og:type\" content=\"article\" \/>\n<meta property=\"og:title\" content=\"Grapnel Anchor\" \/>\n<meta property=\"og:description\" content=\"The Grapnel Anchor delivers steadfast performance through a straightforward, four\u2011fluke configuration, ensuring reliable hold across concrete formwork and light marine anchoring applications. Constructed from high\u2011grade steel with a robust galvanized finish, it pairs seamlessly with the precision\u2011engineered x\u2011flat tie for optimal tension distribution and ease of installation.\" \/>\n<meta property=\"og:url\" content=\"https:\/\/qingdaohf.com\/hu\/termek\/grapnel-horgony-2\/\" \/>\n<meta property=\"og:site_name\" content=\"Concrete Form &amp; Rigging Hardware Supplier\" \/>\n<meta property=\"article:publisher\" content=\"https:\/\/www.facebook.com\/qingdaohf\" \/>\n<meta property=\"article:modified_time\" content=\"2025-11-13T01:02:18+00:00\" \/>\n<meta property=\"og:image\" content=\"https:\/\/qingdaohf.com\/wp-content\/uploads\/2025\/04\/Grapnel-Anchor-2025.jpg\" \/>\n\t<meta property=\"og:image:width\" content=\"1000\" \/>\n\t<meta property=\"og:image:height\" content=\"1000\" \/>\n\t<meta property=\"og:image:type\" content=\"image\/jpeg\" \/>\n<meta name=\"twitter:card\" content=\"summary_large_image\" \/>\n<meta name=\"twitter:label1\" content=\"Becs\u00fclt olvas\u00e1si id\u0151\" \/>\n\t<meta name=\"twitter:data1\" content=\"3 perc\" \/>\n<script type=\"application\/ld+json\" class=\"yoast-schema-graph\">{\"@context\":\"https:\/\/schema.org\",\"@graph\":[{\"@type\":\"WebPage\",\"@id\":\"https:\/\/qingdaohf.com\/product\/grapnel-anchor\/\",\"url\":\"https:\/\/qingdaohf.com\/product\/grapnel-anchor\/\",\"name\":\"Grapnel Anchor\",\"isPartOf\":{\"@id\":\"https:\/\/qingdaohf.com\/bg\/#website\"},\"primaryImageOfPage\":{\"@id\":\"https:\/\/qingdaohf.com\/product\/grapnel-anchor\/#primaryimage\"},\"image\":{\"@id\":\"https:\/\/qingdaohf.com\/product\/grapnel-anchor\/#primaryimage\"},\"thumbnailUrl\":\"https:\/\/qingdaohf.com\/wp-content\/uploads\/2025\/04\/Grapnel-Anchor-2025.jpg\",\"datePublished\":\"2025-04-18T02:51:53+00:00\",\"dateModified\":\"2025-11-13T01:02:18+00:00\",\"breadcrumb\":{\"@id\":\"https:\/\/qingdaohf.com\/product\/grapnel-anchor\/#breadcrumb\"},\"inLanguage\":\"hu\",\"potentialAction\":[{\"@type\":\"ReadAction\",\"target\":[\"https:\/\/qingdaohf.com\/product\/grapnel-anchor\/\"]}]},{\"@type\":\"ImageObject\",\"inLanguage\":\"hu\",\"@id\":\"https:\/\/qingdaohf.com\/product\/grapnel-anchor\/#primaryimage\",\"url\":\"https:\/\/qingdaohf.com\/wp-content\/uploads\/2025\/04\/Grapnel-Anchor-2025.jpg\",\"contentUrl\":\"https:\/\/qingdaohf.com\/wp-content\/uploads\/2025\/04\/Grapnel-Anchor-2025.jpg\",\"width\":1000,\"height\":1000,\"caption\":\"Grapnel Anchor 2025\"},{\"@type\":\"BreadcrumbList\",\"@id\":\"https:\/\/qingdaohf.com\/product\/grapnel-anchor\/#breadcrumb\",\"itemListElement\":[{\"@type\":\"ListItem\",\"position\":1,\"name\":\"Home\",\"item\":\"https:\/\/qingdaohf.com\/\"},{\"@type\":\"ListItem\",\"position\":2,\"name\":\"Concrete Forming Accessories and Rigging Hardware\",\"item\":\"https:\/\/qingdaohf.com\/bg\/?page_id=944\"},{\"@type\":\"ListItem\",\"position\":3,\"name\":\"Grapnel Anchor\"}]},{\"@type\":\"WebSite\",\"@id\":\"https:\/\/qingdaohf.com\/bg\/#website\",\"url\":\"https:\/\/qingdaohf.com\/bg\/\",\"name\":\"Concrete Form & Rigging Hardware Supplier\",\"description\":\"\",\"publisher\":{\"@id\":\"https:\/\/qingdaohf.com\/bg\/#organization\"},\"potentialAction\":[{\"@type\":\"SearchAction\",\"target\":{\"@type\":\"EntryPoint\",\"urlTemplate\":\"https:\/\/qingdaohf.com\/bg\/?s={search_term_string}\"},\"query-input\":{\"@type\":\"PropertyValueSpecification\",\"valueRequired\":true,\"valueName\":\"search_term_string\"}}],\"inLanguage\":\"hu\"},{\"@type\":\"Organization\",\"@id\":\"https:\/\/qingdaohf.com\/bg\/#organization\",\"name\":\"Qingdao H&F\",\"url\":\"https:\/\/qingdaohf.com\/bg\/\",\"logo\":{\"@type\":\"ImageObject\",\"inLanguage\":\"hu\",\"@id\":\"https:\/\/qingdaohf.com\/bg\/#\/schema\/logo\/image\/\",\"url\":\"https:\/\/qingdaohf.com\/wp-content\/uploads\/2022\/12\/cropped-HF-LOGO.png\",\"contentUrl\":\"https:\/\/qingdaohf.com\/wp-content\/uploads\/2022\/12\/cropped-HF-LOGO.png\",\"width\":391,\"height\":249,\"caption\":\"Qingdao H&F\"},\"image\":{\"@id\":\"https:\/\/qingdaohf.com\/bg\/#\/schema\/logo\/image\/\"},\"sameAs\":[\"https:\/\/www.facebook.com\/qingdaohf\"]}]}<\/script>\n<!-- \/ Yoast SEO plugin. -->","yoast_head_json":{"title":"Grapnel Anchor","robots":{"index":"index","follow":"follow","max-snippet":"max-snippet:-1","max-image-preview":"max-image-preview:large","max-video-preview":"max-video-preview:-1"},"canonical":"https:\/\/qingdaohf.com\/hu\/termek\/grapnel-horgony-2\/","og_locale":"hu_HU","og_type":"article","og_title":"Grapnel Anchor","og_description":"The Grapnel Anchor delivers steadfast performance through a straightforward, four\u2011fluke configuration, ensuring reliable hold across concrete formwork and light marine anchoring applications. Constructed from high\u2011grade steel with a robust galvanized finish, it pairs seamlessly with the precision\u2011engineered x\u2011flat tie for optimal tension distribution and ease of installation.","og_url":"https:\/\/qingdaohf.com\/hu\/termek\/grapnel-horgony-2\/","og_site_name":"Concrete Form &amp; Rigging Hardware Supplier","article_publisher":"https:\/\/www.facebook.com\/qingdaohf","article_modified_time":"2025-11-13T01:02:18+00:00","og_image":[{"width":1000,"height":1000,"url":"https:\/\/qingdaohf.com\/wp-content\/uploads\/2025\/04\/Grapnel-Anchor-2025.jpg","type":"image\/jpeg"}],"twitter_card":"summary_large_image","twitter_misc":{"Becs\u00fclt olvas\u00e1si id\u0151":"3 perc"},"schema":{"@context":"https:\/\/schema.org","@graph":[{"@type":"WebPage","@id":"https:\/\/qingdaohf.com\/product\/grapnel-anchor\/","url":"https:\/\/qingdaohf.com\/product\/grapnel-anchor\/","name":"Grapnel Anchor","isPartOf":{"@id":"https:\/\/qingdaohf.com\/bg\/#website"},"primaryImageOfPage":{"@id":"https:\/\/qingdaohf.com\/product\/grapnel-anchor\/#primaryimage"},"image":{"@id":"https:\/\/qingdaohf.com\/product\/grapnel-anchor\/#primaryimage"},"thumbnailUrl":"https:\/\/qingdaohf.com\/wp-content\/uploads\/2025\/04\/Grapnel-Anchor-2025.jpg","datePublished":"2025-04-18T02:51:53+00:00","dateModified":"2025-11-13T01:02:18+00:00","breadcrumb":{"@id":"https:\/\/qingdaohf.com\/product\/grapnel-anchor\/#breadcrumb"},"inLanguage":"hu","potentialAction":[{"@type":"ReadAction","target":["https:\/\/qingdaohf.com\/product\/grapnel-anchor\/"]}]},{"@type":"ImageObject","inLanguage":"hu","@id":"https:\/\/qingdaohf.com\/product\/grapnel-anchor\/#primaryimage","url":"https:\/\/qingdaohf.com\/wp-content\/uploads\/2025\/04\/Grapnel-Anchor-2025.jpg","contentUrl":"https:\/\/qingdaohf.com\/wp-content\/uploads\/2025\/04\/Grapnel-Anchor-2025.jpg","width":1000,"height":1000,"caption":"Grapnel Anchor 2025"},{"@type":"BreadcrumbList","@id":"https:\/\/qingdaohf.com\/product\/grapnel-anchor\/#breadcrumb","itemListElement":[{"@type":"ListItem","position":1,"name":"Home","item":"https:\/\/qingdaohf.com\/"},{"@type":"ListItem","position":2,"name":"Concrete Forming Accessories and Rigging Hardware","item":"https:\/\/qingdaohf.com\/bg\/?page_id=944"},{"@type":"ListItem","position":3,"name":"Grapnel Anchor"}]},{"@type":"WebSite","@id":"https:\/\/qingdaohf.com\/bg\/#website","url":"https:\/\/qingdaohf.com\/bg\/","name":"Concrete Form & Rigging Hardware Supplier","description":"","publisher":{"@id":"https:\/\/qingdaohf.com\/bg\/#organization"},"potentialAction":[{"@type":"SearchAction","target":{"@type":"EntryPoint","urlTemplate":"https:\/\/qingdaohf.com\/bg\/?s={search_term_string}"},"query-input":{"@type":"PropertyValueSpecification","valueRequired":true,"valueName":"search_term_string"}}],"inLanguage":"hu"},{"@type":"Organization","@id":"https:\/\/qingdaohf.com\/bg\/#organization","name":"Qingdao H&F","url":"https:\/\/qingdaohf.com\/bg\/","logo":{"@type":"ImageObject","inLanguage":"hu","@id":"https:\/\/qingdaohf.com\/bg\/#\/schema\/logo\/image\/","url":"https:\/\/qingdaohf.com\/wp-content\/uploads\/2022\/12\/cropped-HF-LOGO.png","contentUrl":"https:\/\/qingdaohf.com\/wp-content\/uploads\/2022\/12\/cropped-HF-LOGO.png","width":391,"height":249,"caption":"Qingdao H&F"},"image":{"@id":"https:\/\/qingdaohf.com\/bg\/#\/schema\/logo\/image\/"},"sameAs":["https:\/\/www.facebook.com\/qingdaohf"]}]}},"_links":{"self":[{"href":"https:\/\/qingdaohf.com\/hu\/wp-json\/wp\/v2\/product\/9464","targetHints":{"allow":["GET"]}}],"collection":[{"href":"https:\/\/qingdaohf.com\/hu\/wp-json\/wp\/v2\/product"}],"about":[{"href":"https:\/\/qingdaohf.com\/hu\/wp-json\/wp\/v2\/types\/product"}],"replies":[{"embeddable":true,"href":"https:\/\/qingdaohf.com\/hu\/wp-json\/wp\/v2\/comments?post=9464"}],"version-history":[{"count":1,"href":"https:\/\/qingdaohf.com\/hu\/wp-json\/wp\/v2\/product\/9464\/revisions"}],"predecessor-version":[{"id":9467,"href":"https:\/\/qingdaohf.com\/hu\/wp-json\/wp\/v2\/product\/9464\/revisions\/9467"}],"wp:featuredmedia":[{"embeddable":true,"href":"https:\/\/qingdaohf.com\/hu\/wp-json\/wp\/v2\/media\/9466"}],"wp:attachment":[{"href":"https:\/\/qingdaohf.com\/hu\/wp-json\/wp\/v2\/media?parent=9464"}],"wp:term":[{"taxonomy":"product_brand","embeddable":true,"href":"https:\/\/qingdaohf.com\/hu\/wp-json\/wp\/v2\/product_brand?post=9464"},{"taxonomy":"product_cat","embeddable":true,"href":"https:\/\/qingdaohf.com\/hu\/wp-json\/wp\/v2\/product_cat?post=9464"},{"taxonomy":"product_tag","embeddable":true,"href":"https:\/\/qingdaohf.com\/hu\/wp-json\/wp\/v2\/product_tag?post=9464"}],"curies":[{"name":"wp","href":"https:\/\/api.w.org\/{rel}","templated":true}]}}