{"id":1708,"date":"2023-01-14T15:15:32","date_gmt":"2023-01-14T07:15:32","guid":{"rendered":"http:\/\/qingdaohf.com\/?post_type=product&#038;p=1708"},"modified":"2025-11-13T09:06:57","modified_gmt":"2025-11-13T01:06:57","slug":"snap-tie-wedge","status":"publish","type":"product","link":"https:\/\/qingdaohf.com\/it\/prodotto\/zeppa-con-lacci-a-scatto\/","title":{"rendered":"Zeppa con lacci a scatto"},"content":{"rendered":"<p>Il cuneo per cravatta a scatto \u00e8 un componente utilizzato nella formatura del calcestruzzo per fissare la cravatta a scatto alla cassaforma. Il tirante a scatto \u00e8 una barra metallica con le estremit\u00e0 piegate che passa attraverso la cassaforma per tenere insieme i due lati della stessa. Il cuneo della cravatta a scatto \u00e8 un piccolo cuneo di plastica o di metallo che viene inserito nell'estremit\u00e0 della cravatta a scatto dopo che questa \u00e8 stata fatta passare attraverso la cassaforma.<\/p>\n<p>Il cuneo per fascette a scatto \u00e8 progettato per afferrare saldamente la fascetta a scatto e impedire che scivoli fuori dalla cassaforma durante il getto e l'indurimento del calcestruzzo. Serve anche a garantire che il tirante a scatto sia allineato e distanziato correttamente per creare la forma e la finitura desiderate della superficie del calcestruzzo.<\/p>\n<p>Il cuneo per cravatta a scatto \u00e8 tipicamente realizzato in materiale resistente e riutilizzabile, come la plastica o il metallo, ed \u00e8 disponibile in varie dimensioni e forme per adattarsi a diversi tipi di cravatte a scatto e configurazioni di casseforme. \u00c8 un componente essenziale del processo di formatura del calcestruzzo e il suo corretto utilizzo e posizionamento \u00e8 fondamentale per il successo del progetto.<\/p>\n<p><img fetchpriority=\"high\" decoding=\"async\" class=\"alignnone wp-image-8654 size-full\" src=\"http:\/\/qingdaohf.com\/wp-content\/uploads\/2025\/01\/snap-tie-wedge.webp\" alt=\"zeppa con lacci a scatto\" width=\"1000\" height=\"1000\" srcset=\"https:\/\/qingdaohf.com\/wp-content\/uploads\/2025\/01\/snap-tie-wedge.webp 1000w, https:\/\/qingdaohf.com\/wp-content\/uploads\/2025\/01\/snap-tie-wedge-300x300.webp 300w, https:\/\/qingdaohf.com\/wp-content\/uploads\/2025\/01\/snap-tie-wedge-150x150.webp 150w, https:\/\/qingdaohf.com\/wp-content\/uploads\/2025\/01\/snap-tie-wedge-768x768.webp 768w, https:\/\/qingdaohf.com\/wp-content\/uploads\/2025\/01\/snap-tie-wedge-12x12.webp 12w, https:\/\/qingdaohf.com\/wp-content\/uploads\/2025\/01\/snap-tie-wedge-500x500.webp 500w, https:\/\/qingdaohf.com\/wp-content\/uploads\/2025\/01\/snap-tie-wedge-100x100.webp 100w\" sizes=\"(max-width: 1000px) 100vw, 1000px\" \/><\/p>\n<h2><a href=\"https:\/\/qingdaohf.com\/it\/prodotto\/cravatta-a-scatto\/\">Cravatta Snpa in calcestruzzo<\/a><\/h2>\n<p>\u2460 4-3\/4\" Estremit\u00e0 con cono in plastica e testa esagonale * dimensione parete da 6\" a 72\"<\/p>\n<p>\u2461 8-1\/4\" Estremit\u00e0 con cono in plastica e testa esagonale * dimensione parete da 6\" a 72\"<\/p>\n<p><img decoding=\"async\" src=\"http:\/\/qingdaohf.com\/wp-content\/uploads\/2023\/07\/Snap-Tie-with-Steel-Washer-4.jpg\" sizes=\"(max-width: 1000px) 100vw, 1000px\" srcset=\"http:\/\/qingdaohf.com\/wp-content\/uploads\/2023\/07\/Snap-Tie-with-Steel-Washer-4.jpg 1000w, http:\/\/qingdaohf.com\/wp-content\/uploads\/2023\/07\/Snap-Tie-with-Steel-Washer-4-300x300.jpg 300w, http:\/\/qingdaohf.com\/wp-content\/uploads\/2023\/07\/Snap-Tie-with-Steel-Washer-4-150x150.jpg 150w, http:\/\/qingdaohf.com\/wp-content\/uploads\/2023\/07\/Snap-Tie-with-Steel-Washer-4-768x768.jpg 768w, http:\/\/qingdaohf.com\/wp-content\/uploads\/2023\/07\/Snap-Tie-with-Steel-Washer-4-500x500.jpg 500w, http:\/\/qingdaohf.com\/wp-content\/uploads\/2023\/07\/Snap-Tie-with-Steel-Washer-4-100x100.jpg 100w\" alt=\"\" width=\"1000\" height=\"1000\" \/><br \/>\n<img decoding=\"async\" src=\"http:\/\/qingdaohf.com\/wp-content\/uploads\/2023\/01\/snap.jpg\" sizes=\"(max-width: 1000px) 100vw, 1000px\" srcset=\"http:\/\/qingdaohf.com\/wp-content\/uploads\/2023\/01\/snap.jpg 1000w, http:\/\/qingdaohf.com\/wp-content\/uploads\/2023\/01\/snap-300x300.jpg 300w, http:\/\/qingdaohf.com\/wp-content\/uploads\/2023\/01\/snap-150x150.jpg 150w, http:\/\/qingdaohf.com\/wp-content\/uploads\/2023\/01\/snap-768x768.jpg 768w, http:\/\/qingdaohf.com\/wp-content\/uploads\/2023\/01\/snap-500x500.jpg 500w, http:\/\/qingdaohf.com\/wp-content\/uploads\/2023\/01\/snap-100x100.jpg 100w\" alt=\"cravatta a scatto\" width=\"1000\" height=\"1000\" \/><\/p>\n<h2>Cuneo a scatto e staffa Jahn A Staffa Jahn C<\/h2>\n<p><span style=\"font-size: 16px;\">Le fascette a scatto sono comunemente utilizzate nelle applicazioni di casseforme verticali come pareti, colonne e travi. Rappresentano un mezzo rapido ed efficiente per fissare la cassaforma e possono essere facilmente rimosse una volta che il calcestruzzo \u00e8 indurito. Tuttavia, \u00e8 necessario prestare attenzione alla rimozione delle fascette per evitare di danneggiare la superficie del calcestruzzo.<\/span><\/p>","protected":false},"excerpt":{"rendered":"<p>I cunei a scatto rendono l'installazione di casseforme e pareti in calcestruzzo pi\u00f9 facile ed efficiente che mai con questi cunei a scatto in acciaio zincato ad alta resistenza.<\/p>\n<p>Progettati per resistere alla corrosione e per reggere fascette a scatto sia standard che pesanti per qualsiasi lavoro, questi cunei sono ottimi per progetti commerciali o residenziali e possono essere riutilizzati pi\u00f9 volte senza che le prestazioni ne risentano.<\/p>\n<p>&nbsp;<\/p>","protected":false},"featured_media":5017,"comment_status":"open","ping_status":"closed","template":"","meta":{"site-sidebar-layout":"default","site-content-layout":"default","ast-site-content-layout":"default","site-content-style":"default","site-sidebar-style":"default","ast-global-header-display":"","ast-banner-title-visibility":"","ast-main-header-display":"","ast-hfb-above-header-display":"","ast-hfb-below-header-display":"","ast-hfb-mobile-header-display":"","site-post-title":"","ast-breadcrumbs-content":"","ast-featured-img":"","footer-sml-layout":"","theme-transparent-header-meta":"default","adv-header-id-meta":"","stick-header-meta":"default","header-above-stick-meta":"","header-main-stick-meta":"","header-below-stick-meta":"","astra-migrate-meta-layouts":"set","ast-page-background-enabled":"default","ast-page-background-meta":{"desktop":{"background-color":"","background-image":"","background-repeat":"repeat","background-position":"center center","background-size":"auto","background-attachment":"scroll","background-type":"","background-media":"","overlay-type":"","overlay-color":"","overlay-opacity":"","overlay-gradient":""},"tablet":{"background-color":"","background-image":"","background-repeat":"repeat","background-position":"center center","background-size":"auto","background-attachment":"scroll","background-type":"","background-media":"","overlay-type":"","overlay-color":"","overlay-opacity":"","overlay-gradient":""},"mobile":{"background-color":"","background-image":"","background-repeat":"repeat","background-position":"center center","background-size":"auto","background-attachment":"scroll","background-type":"","background-media":"","overlay-type":"","overlay-color":"","overlay-opacity":"","overlay-gradient":""}},"ast-content-background-meta":{"desktop":{"background-color":"var(--ast-global-color-5)","background-image":"","background-repeat":"repeat","background-position":"center center","background-size":"auto","background-attachment":"scroll","background-type":"","background-media":"","overlay-type":"","overlay-color":"","overlay-opacity":"","overlay-gradient":""},"tablet":{"background-color":"var(--ast-global-color-5)","background-image":"","background-repeat":"repeat","background-position":"center center","background-size":"auto","background-attachment":"scroll","background-type":"","background-media":"","overlay-type":"","overlay-color":"","overlay-opacity":"","overlay-gradient":""},"mobile":{"background-color":"var(--ast-global-color-5)","background-image":"","background-repeat":"repeat","background-position":"center center","background-size":"auto","background-attachment":"scroll","background-type":"","background-media":"","overlay-type":"","overlay-color":"","overlay-opacity":"","overlay-gradient":""}}},"product_brand":[],"product_cat":[50,20,63,28],"product_tag":[],"class_list":{"0":"post-1708","1":"product","2":"type-product","3":"status-publish","4":"has-post-thumbnail","6":"product_cat-concrete-form-accessories","7":"product_cat-concrete-wall-tie","8":"product_cat-concrete-snap-tie","9":"product_cat-concrete-forming","10":"desktop-align-left","11":"tablet-align-left","12":"mobile-align-left","13":"ast-product-gallery-layout-horizontal-slider","14":"ast-product-tabs-layout-horizontal","16":"first","17":"instock","18":"featured","19":"shipping-taxable","20":"purchasable","21":"product-type-simple"},"yoast_head":"<!-- This site is optimized with the Yoast SEO plugin v25.2 - https:\/\/yoast.com\/wordpress\/plugins\/seo\/ -->\n<title>Snap Tie Wedge<\/title>\n<meta name=\"description\" content=\"Snap Tie Wedge make the installation of concrete formwork and walls easier and more efficient than ever with this high-strength snap tie wedges.\" \/>\n<meta name=\"robots\" content=\"index, follow, max-snippet:-1, max-image-preview:large, max-video-preview:-1\" \/>\n<link rel=\"canonical\" href=\"https:\/\/qingdaohf.com\/it\/prodotto\/zeppa-con-lacci-a-scatto\/\" \/>\n<meta property=\"og:locale\" content=\"it_IT\" \/>\n<meta property=\"og:type\" content=\"article\" \/>\n<meta property=\"og:title\" content=\"Snap Tie Wedge\" \/>\n<meta property=\"og:description\" content=\"Snap Tie Wedge make the installation of concrete formwork and walls easier and more efficient than ever with this high-strength, galvanized steel snap tie wedges.\" \/>\n<meta property=\"og:url\" content=\"https:\/\/qingdaohf.com\/it\/prodotto\/zeppa-con-lacci-a-scatto\/\" \/>\n<meta property=\"og:site_name\" content=\"Concrete Form &amp; Rigging Hardware Supplier\" \/>\n<meta property=\"article:publisher\" content=\"https:\/\/www.facebook.com\/qingdaohf\" \/>\n<meta property=\"article:modified_time\" content=\"2025-11-13T01:06:57+00:00\" \/>\n<meta property=\"og:image\" content=\"https:\/\/qingdaohf.com\/wp-content\/uploads\/2023\/01\/snap-tie-wedge-8.jpg\" \/>\n\t<meta property=\"og:image:width\" content=\"1000\" \/>\n\t<meta property=\"og:image:height\" content=\"1000\" \/>\n\t<meta property=\"og:image:type\" content=\"image\/jpeg\" \/>\n<meta name=\"twitter:card\" content=\"summary_large_image\" \/>\n<meta name=\"twitter:label1\" content=\"Tempo di lettura stimato\" \/>\n\t<meta name=\"twitter:data1\" content=\"3 minuti\" \/>\n<script type=\"application\/ld+json\" class=\"yoast-schema-graph\">{\"@context\":\"https:\/\/schema.org\",\"@graph\":[{\"@type\":\"WebPage\",\"@id\":\"https:\/\/qingdaohf.com\/product\/snap-tie-wedge\/\",\"url\":\"https:\/\/qingdaohf.com\/product\/snap-tie-wedge\/\",\"name\":\"Snap Tie Wedge\",\"isPartOf\":{\"@id\":\"https:\/\/qingdaohf.com\/bg\/#website\"},\"primaryImageOfPage\":{\"@id\":\"https:\/\/qingdaohf.com\/product\/snap-tie-wedge\/#primaryimage\"},\"image\":{\"@id\":\"https:\/\/qingdaohf.com\/product\/snap-tie-wedge\/#primaryimage\"},\"thumbnailUrl\":\"https:\/\/qingdaohf.com\/wp-content\/uploads\/2023\/01\/snap-tie-wedge-8.jpg\",\"datePublished\":\"2023-01-14T07:15:32+00:00\",\"dateModified\":\"2025-11-13T01:06:57+00:00\",\"description\":\"Snap Tie Wedge make the installation of concrete formwork and walls easier and more efficient than ever with this high-strength snap tie wedges.\",\"breadcrumb\":{\"@id\":\"https:\/\/qingdaohf.com\/product\/snap-tie-wedge\/#breadcrumb\"},\"inLanguage\":\"it-IT\",\"potentialAction\":[{\"@type\":\"ReadAction\",\"target\":[\"https:\/\/qingdaohf.com\/product\/snap-tie-wedge\/\"]}]},{\"@type\":\"ImageObject\",\"inLanguage\":\"it-IT\",\"@id\":\"https:\/\/qingdaohf.com\/product\/snap-tie-wedge\/#primaryimage\",\"url\":\"https:\/\/qingdaohf.com\/wp-content\/uploads\/2023\/01\/snap-tie-wedge-8.jpg\",\"contentUrl\":\"https:\/\/qingdaohf.com\/wp-content\/uploads\/2023\/01\/snap-tie-wedge-8.jpg\",\"width\":1000,\"height\":1000,\"caption\":\"snap tie wedge\"},{\"@type\":\"BreadcrumbList\",\"@id\":\"https:\/\/qingdaohf.com\/product\/snap-tie-wedge\/#breadcrumb\",\"itemListElement\":[{\"@type\":\"ListItem\",\"position\":1,\"name\":\"Home\",\"item\":\"https:\/\/qingdaohf.com\/\"},{\"@type\":\"ListItem\",\"position\":2,\"name\":\"Concrete Forming Accessories and Rigging Hardware\",\"item\":\"https:\/\/qingdaohf.com\/bg\/?page_id=944\"},{\"@type\":\"ListItem\",\"position\":3,\"name\":\"Snap Tie Wedge\"}]},{\"@type\":\"WebSite\",\"@id\":\"https:\/\/qingdaohf.com\/bg\/#website\",\"url\":\"https:\/\/qingdaohf.com\/bg\/\",\"name\":\"Concrete Form & Rigging Hardware Supplier\",\"description\":\"\",\"publisher\":{\"@id\":\"https:\/\/qingdaohf.com\/bg\/#organization\"},\"potentialAction\":[{\"@type\":\"SearchAction\",\"target\":{\"@type\":\"EntryPoint\",\"urlTemplate\":\"https:\/\/qingdaohf.com\/bg\/?s={search_term_string}\"},\"query-input\":{\"@type\":\"PropertyValueSpecification\",\"valueRequired\":true,\"valueName\":\"search_term_string\"}}],\"inLanguage\":\"it-IT\"},{\"@type\":\"Organization\",\"@id\":\"https:\/\/qingdaohf.com\/bg\/#organization\",\"name\":\"Qingdao H&F\",\"url\":\"https:\/\/qingdaohf.com\/bg\/\",\"logo\":{\"@type\":\"ImageObject\",\"inLanguage\":\"it-IT\",\"@id\":\"https:\/\/qingdaohf.com\/bg\/#\/schema\/logo\/image\/\",\"url\":\"https:\/\/qingdaohf.com\/wp-content\/uploads\/2022\/12\/cropped-HF-LOGO.png\",\"contentUrl\":\"https:\/\/qingdaohf.com\/wp-content\/uploads\/2022\/12\/cropped-HF-LOGO.png\",\"width\":391,\"height\":249,\"caption\":\"Qingdao H&F\"},\"image\":{\"@id\":\"https:\/\/qingdaohf.com\/bg\/#\/schema\/logo\/image\/\"},\"sameAs\":[\"https:\/\/www.facebook.com\/qingdaohf\"]}]}<\/script>\n<!-- \/ Yoast SEO plugin. -->","yoast_head_json":{"title":"Snap Tie Wedge","description":"Snap Tie Wedge make the installation of concrete formwork and walls easier and more efficient than ever with this high-strength snap tie wedges.","robots":{"index":"index","follow":"follow","max-snippet":"max-snippet:-1","max-image-preview":"max-image-preview:large","max-video-preview":"max-video-preview:-1"},"canonical":"https:\/\/qingdaohf.com\/it\/prodotto\/zeppa-con-lacci-a-scatto\/","og_locale":"it_IT","og_type":"article","og_title":"Snap Tie Wedge","og_description":"Snap Tie Wedge make the installation of concrete formwork and walls easier and more efficient than ever with this high-strength, galvanized steel snap tie wedges.","og_url":"https:\/\/qingdaohf.com\/it\/prodotto\/zeppa-con-lacci-a-scatto\/","og_site_name":"Concrete Form &amp; Rigging Hardware Supplier","article_publisher":"https:\/\/www.facebook.com\/qingdaohf","article_modified_time":"2025-11-13T01:06:57+00:00","og_image":[{"width":1000,"height":1000,"url":"https:\/\/qingdaohf.com\/wp-content\/uploads\/2023\/01\/snap-tie-wedge-8.jpg","type":"image\/jpeg"}],"twitter_card":"summary_large_image","twitter_misc":{"Tempo di lettura stimato":"3 minuti"},"schema":{"@context":"https:\/\/schema.org","@graph":[{"@type":"WebPage","@id":"https:\/\/qingdaohf.com\/product\/snap-tie-wedge\/","url":"https:\/\/qingdaohf.com\/product\/snap-tie-wedge\/","name":"Snap Tie Wedge","isPartOf":{"@id":"https:\/\/qingdaohf.com\/bg\/#website"},"primaryImageOfPage":{"@id":"https:\/\/qingdaohf.com\/product\/snap-tie-wedge\/#primaryimage"},"image":{"@id":"https:\/\/qingdaohf.com\/product\/snap-tie-wedge\/#primaryimage"},"thumbnailUrl":"https:\/\/qingdaohf.com\/wp-content\/uploads\/2023\/01\/snap-tie-wedge-8.jpg","datePublished":"2023-01-14T07:15:32+00:00","dateModified":"2025-11-13T01:06:57+00:00","description":"Snap Tie Wedge make the installation of concrete formwork and walls easier and more efficient than ever with this high-strength snap tie wedges.","breadcrumb":{"@id":"https:\/\/qingdaohf.com\/product\/snap-tie-wedge\/#breadcrumb"},"inLanguage":"it-IT","potentialAction":[{"@type":"ReadAction","target":["https:\/\/qingdaohf.com\/product\/snap-tie-wedge\/"]}]},{"@type":"ImageObject","inLanguage":"it-IT","@id":"https:\/\/qingdaohf.com\/product\/snap-tie-wedge\/#primaryimage","url":"https:\/\/qingdaohf.com\/wp-content\/uploads\/2023\/01\/snap-tie-wedge-8.jpg","contentUrl":"https:\/\/qingdaohf.com\/wp-content\/uploads\/2023\/01\/snap-tie-wedge-8.jpg","width":1000,"height":1000,"caption":"snap tie wedge"},{"@type":"BreadcrumbList","@id":"https:\/\/qingdaohf.com\/product\/snap-tie-wedge\/#breadcrumb","itemListElement":[{"@type":"ListItem","position":1,"name":"Home","item":"https:\/\/qingdaohf.com\/"},{"@type":"ListItem","position":2,"name":"Concrete Forming Accessories and Rigging Hardware","item":"https:\/\/qingdaohf.com\/bg\/?page_id=944"},{"@type":"ListItem","position":3,"name":"Snap Tie Wedge"}]},{"@type":"WebSite","@id":"https:\/\/qingdaohf.com\/bg\/#website","url":"https:\/\/qingdaohf.com\/bg\/","name":"Concrete Form & Rigging Hardware Supplier","description":"","publisher":{"@id":"https:\/\/qingdaohf.com\/bg\/#organization"},"potentialAction":[{"@type":"SearchAction","target":{"@type":"EntryPoint","urlTemplate":"https:\/\/qingdaohf.com\/bg\/?s={search_term_string}"},"query-input":{"@type":"PropertyValueSpecification","valueRequired":true,"valueName":"search_term_string"}}],"inLanguage":"it-IT"},{"@type":"Organization","@id":"https:\/\/qingdaohf.com\/bg\/#organization","name":"Qingdao H&F","url":"https:\/\/qingdaohf.com\/bg\/","logo":{"@type":"ImageObject","inLanguage":"it-IT","@id":"https:\/\/qingdaohf.com\/bg\/#\/schema\/logo\/image\/","url":"https:\/\/qingdaohf.com\/wp-content\/uploads\/2022\/12\/cropped-HF-LOGO.png","contentUrl":"https:\/\/qingdaohf.com\/wp-content\/uploads\/2022\/12\/cropped-HF-LOGO.png","width":391,"height":249,"caption":"Qingdao H&F"},"image":{"@id":"https:\/\/qingdaohf.com\/bg\/#\/schema\/logo\/image\/"},"sameAs":["https:\/\/www.facebook.com\/qingdaohf"]}]}},"_links":{"self":[{"href":"https:\/\/qingdaohf.com\/it\/wp-json\/wp\/v2\/product\/1708","targetHints":{"allow":["GET"]}}],"collection":[{"href":"https:\/\/qingdaohf.com\/it\/wp-json\/wp\/v2\/product"}],"about":[{"href":"https:\/\/qingdaohf.com\/it\/wp-json\/wp\/v2\/types\/product"}],"replies":[{"embeddable":true,"href":"https:\/\/qingdaohf.com\/it\/wp-json\/wp\/v2\/comments?post=1708"}],"version-history":[{"count":39,"href":"https:\/\/qingdaohf.com\/it\/wp-json\/wp\/v2\/product\/1708\/revisions"}],"predecessor-version":[{"id":10242,"href":"https:\/\/qingdaohf.com\/it\/wp-json\/wp\/v2\/product\/1708\/revisions\/10242"}],"wp:featuredmedia":[{"embeddable":true,"href":"https:\/\/qingdaohf.com\/it\/wp-json\/wp\/v2\/media\/5017"}],"wp:attachment":[{"href":"https:\/\/qingdaohf.com\/it\/wp-json\/wp\/v2\/media?parent=1708"}],"wp:term":[{"taxonomy":"product_brand","embeddable":true,"href":"https:\/\/qingdaohf.com\/it\/wp-json\/wp\/v2\/product_brand?post=1708"},{"taxonomy":"product_cat","embeddable":true,"href":"https:\/\/qingdaohf.com\/it\/wp-json\/wp\/v2\/product_cat?post=1708"},{"taxonomy":"product_tag","embeddable":true,"href":"https:\/\/qingdaohf.com\/it\/wp-json\/wp\/v2\/product_tag?post=1708"}],"curies":[{"name":"wp","href":"https:\/\/api.w.org\/{rel}","templated":true}]}}