{"id":1909,"date":"2023-11-24T16:40:58","date_gmt":"2023-11-24T08:40:58","guid":{"rendered":"http:\/\/qingdaohf.com\/?post_type=product&#038;p=1909"},"modified":"2025-11-13T09:04:01","modified_gmt":"2025-11-13T01:04:01","slug":"aluminum-form-tie","status":"publish","type":"product","link":"https:\/\/qingdaohf.com\/it\/prodotto\/cravatta-in-alluminio\/","title":{"rendered":"Fascetta di forma in alluminio Fascetta a parete piena Fascetta nominale"},"content":{"rendered":"<h2>Informazioni sulle fascette di alluminio<\/h2>\n<p>Le tiranti in alluminio sono essenziali nelle applicazioni di formatura del calcestruzzo, dove precisione e resistenza sono fondamentali. H&amp;F costruisce tiranti per casseforme che non vi deluderanno sul campo, combinando una robusta durata con caratteristiche pratiche che non vi faranno perdere il budget.<\/p>\n<h3>Caratteristiche principali delle fascette di alluminio<\/h3>\n<h4>Forza e durata<\/h4>\n<p>Questi tiranti non scherzano quando si tratta di resistenza: sono costruiti come carri armati per mantenere solide le vostre strutture in calcestruzzo. Se si sottopongono alle intemperie, alle lavorazioni, agli agenti atmosferici, continueranno a funzionare giorno dopo giorno.<\/p>\n<h4>Leggero e maneggevole<\/h4>\n<p>Ci si aspetterebbe che tutti quei muscoli comportino un peso aggiuntivo, ma queste cravatte sono sorprendentemente leggere. I vostri collaboratori potranno lavorare pi\u00f9 velocemente e pi\u00f9 a lungo senza affaticarsi.<\/p>\n<h3>Tipi di fascette in alluminio<\/h3>\n<h4>Cravatte piene<\/h4>\n<p>Le cravatte piene sono l'opzione ideale quando si tratta di casseforme serie che richiedono un supporto e prestazioni incrollabili.<\/p>\n<h5>Applicazioni delle fascette piene<\/h5>\n<p>Questi cavalli di battaglia vengono utilizzati nei grandi progetti in cui la cassaforma deve sopportare carichi enormi senza vacillare.<\/p>\n<h5>Vantaggi delle cravatte piene<\/h5>\n<p>Le fascette piene sono in grado di resistere alla tensione come dei campioni, mantenendo tutto bloccato in posizione durante il processo di indurimento.<\/p>\n<h4>Fascette nominali<\/h4>\n<p>Le fascette nominali si fanno avanti quando \u00e8 necessario un perfetto equilibrio tra resistenza e manovrabilit\u00e0.<\/p>\n<h5>Usi delle fascette nominali<\/h5>\n<p>Perfetto per i progetti pi\u00f9 piccoli o per tutti i casi in cui \u00e8 importante ridurre il peso senza sacrificare l'affidabilit\u00e0.<\/p>\n<h5>Vantaggi delle fascette nominali<\/h5>\n<p>Queste fascette dimostrano che non \u00e8 necessario un ingombro eccessivo per ottenere solide prestazioni sul campo.<\/p>\n<p><img fetchpriority=\"high\" decoding=\"async\" class=\"alignnone wp-image-7054 size-full\" src=\"http:\/\/qingdaohf.com\/wp-content\/uploads\/2023\/11\/aluminum-form-tie.jpg\" alt=\"cravatta in alluminio\" width=\"1005\" height=\"383\" srcset=\"https:\/\/qingdaohf.com\/wp-content\/uploads\/2023\/11\/aluminum-form-tie.jpg 1005w, https:\/\/qingdaohf.com\/wp-content\/uploads\/2023\/11\/aluminum-form-tie-300x114.jpg 300w, https:\/\/qingdaohf.com\/wp-content\/uploads\/2023\/11\/aluminum-form-tie-768x293.jpg 768w, https:\/\/qingdaohf.com\/wp-content\/uploads\/2023\/11\/aluminum-form-tie-18x7.jpg 18w, https:\/\/qingdaohf.com\/wp-content\/uploads\/2023\/11\/aluminum-form-tie-1000x381.jpg 1000w\" sizes=\"(max-width: 1005px) 100vw, 1005px\" \/><\/p>\n<h3>Vantaggi principali e garanzia di qualit\u00e0<\/h3>\n<h4>Resistenza alla corrosione ed efficienza<\/h4>\n<p>Questi tiranti sono in grado di resistere alla corrosione anche in condizioni difficili, grazie alla loro naturale resistenza alla corrosione. Il design leggero non \u00e8 solo una questione di comodit\u00e0, ma si traduce in un reale guadagno di efficienza senza compromettere l'integrit\u00e0 strutturale.<\/p>\n<h4>Misure di controllo della qualit\u00e0<\/h4>\n<p>Alla H&amp;F siamo ossessionati dalla qualit\u00e0. Ogni cravatta viene sottoposta a una serie di test per garantire che funzioni esattamente come promesso quando ne avete pi\u00f9 bisogno.<\/p>\n<h4>Eccellenza del servizio clienti<\/h4>\n<p>Conosciamo l'edilizia a fondo e il nostro team lavora direttamente con gli acquirenti per abbinare loro le fascette di forma pi\u00f9 adatte alle loro specifiche esigenze di progetto.<\/p>\n<h4>Opzioni di personalizzazione<\/h4>\n<p>Ogni lavoro ha le sue peculiarit\u00e0: ecco perch\u00e9 offriamo tiranti di varie lunghezze e diametri per lavorare senza problemi con i sistemi di casseratura esistenti.<\/p>\n<h4>Rapporti di ispezione della qualit\u00e0<\/h4>\n<p>Nessuna sorpresa: ogni lotto viene spedito con dati di prova completi che coprono ogni aspetto, dalla resistenza alla trazione all'allungamento e alla qualit\u00e0 della superficie.<\/p>\n<h3>Efficienza ed economicit\u00e0<\/h3>\n<p>L'edilizia \u00e8 tutta una questione di profitti. Le nostre fascette in alluminio sono in grado di ridurre i costi di manodopera e i tempi di installazione grazie a un design intelligente e razionale.<\/p>\n<h2>Perni e cunei<\/h2>\n<p>Nelle pratiche edilizie, le cravatte per casseforme in alluminio sono comunemente abbinate a perni e cunei per creare un sistema di casseforme affidabile. Ne offriamo di vari tipi per soddisfare le diverse esigenze di progetto.<\/p>\n<h3>Perno a testa piatta:<\/h3>\n<p>Assicura un sistema di casseforme sicuro con una finitura a filo del calcestruzzo.<\/p>\n<h3>Perno a testa tonda:<\/h3>\n<p>Crea un forte collegamento con la cassaforma.<\/p>\n<h3>Spilla combinata:<\/h3>\n<p>Unisce i vantaggi dei perni a testa piatta e a testa tonda.<\/p>\n<p><img decoding=\"async\" class=\"alignnone size-full wp-image-7055\" src=\"http:\/\/qingdaohf.com\/wp-content\/uploads\/2023\/11\/head-pin.jpg\" alt=\"perno di testa\" width=\"1005\" height=\"660\" srcset=\"https:\/\/qingdaohf.com\/wp-content\/uploads\/2023\/11\/head-pin.jpg 1005w, https:\/\/qingdaohf.com\/wp-content\/uploads\/2023\/11\/head-pin-300x197.jpg 300w, https:\/\/qingdaohf.com\/wp-content\/uploads\/2023\/11\/head-pin-768x504.jpg 768w, https:\/\/qingdaohf.com\/wp-content\/uploads\/2023\/11\/head-pin-18x12.jpg 18w, https:\/\/qingdaohf.com\/wp-content\/uploads\/2023\/11\/head-pin-1000x657.jpg 1000w\" sizes=\"(max-width: 1005px) 100vw, 1005px\" \/><\/p>\n<h3>Cuneo dritto:<\/h3>\n<p>La scelta ideale per la maggior parte degli allestimenti di casseforme.<\/p>\n<h3>Zeppa curva:<\/h3>\n<p>Su misura per configurazioni di casseforme curve o angolate.<\/p>\n<p><img decoding=\"async\" class=\"alignnone size-full wp-image-7056\" src=\"http:\/\/qingdaohf.com\/wp-content\/uploads\/2023\/11\/wall-tie-wedge.jpg\" alt=\"cuneo per cravatta a muro\" width=\"1005\" height=\"370\" srcset=\"https:\/\/qingdaohf.com\/wp-content\/uploads\/2023\/11\/wall-tie-wedge.jpg 1005w, https:\/\/qingdaohf.com\/wp-content\/uploads\/2023\/11\/wall-tie-wedge-300x110.jpg 300w, https:\/\/qingdaohf.com\/wp-content\/uploads\/2023\/11\/wall-tie-wedge-768x283.jpg 768w, https:\/\/qingdaohf.com\/wp-content\/uploads\/2023\/11\/wall-tie-wedge-18x7.jpg 18w, https:\/\/qingdaohf.com\/wp-content\/uploads\/2023\/11\/wall-tie-wedge-1000x368.jpg 1000w\" sizes=\"(max-width: 1005px) 100vw, 1005px\" \/><\/p>\n<div class=\"table\"><span style=\"font-size: 1.7em; font-weight: bold;\">Test di tensione<\/span><\/div>\n<div>\n<div class=\"ast-oembed-container\" style=\"height: 100%;\"><iframe title=\"Test di tensione della cravatta completa\" width=\"500\" height=\"281\" src=\"https:\/\/www.youtube.com\/embed\/2m8mtNqa2r8?feature=oembed\" frameborder=\"0\" allow=\"accelerometer; autoplay; clipboard-write; encrypted-media; gyroscope; picture-in-picture; web-share\" referrerpolicy=\"strict-origin-when-cross-origin\" allowfullscreen><\/iframe><\/div>\n<\/div>\n<div>\n<p>In qualit\u00e0 di produttore leader e fornitore di fabbrica, Qingdao H&amp;F \u00e8 il vostro venditore e grossista di fiducia per gli accessori per la formatura del calcestruzzo e la ferramenta per il montaggio di alta qualit\u00e0. Con 20 anni di storia e di esperienza nel settore, siamo orgogliosi di offrire un'ampia gamma di prodotti, tra cui le fascette complete per la formatura del calcestruzzo e le fascette nominali.<\/p>\n<p>Per risolvere le vostre sfide di approvvigionamento, non cercate altro che Qingdao H&amp;F. Offriamo una gamma completa di accessori per la formatura del calcestruzzo e di ferramenta per il sollevamento, tutti supportati dalla nostra esperienza ventennale nel settore. Sia che abbiate bisogno di tiranti completi, di tiranti nominali o di qualsiasi altro prodotto del nostro catalogo, siamo a vostra disposizione.<\/p>\n<p><img loading=\"lazy\" decoding=\"async\" class=\"alignnone wp-image-4629\" src=\"http:\/\/qingdaohf.com\/wp-content\/uploads\/2023\/07\/wall-tie.jpg\" alt=\"legatura a muro\" width=\"1200\" height=\"600\" srcset=\"https:\/\/qingdaohf.com\/wp-content\/uploads\/2023\/07\/wall-tie.jpg 800w, https:\/\/qingdaohf.com\/wp-content\/uploads\/2023\/07\/wall-tie-300x150.jpg 300w, https:\/\/qingdaohf.com\/wp-content\/uploads\/2023\/07\/wall-tie-768x384.jpg 768w\" sizes=\"(max-width: 1200px) 100vw, 1200px\" \/><\/p>\n<h2>Perch\u00e9 scegliere H&amp;F per le fascette in alluminio per stampi<\/h2>\n<p>Trovare un fornitore affidabile \u00e8 importante quanto scegliere il prodotto giusto. Vent'anni di attivit\u00e0 nel commercio estero ci hanno insegnato di cosa hanno bisogno i professionisti dell'edilizia per avere successo.<\/p>\n<h3>Impegno per l'eccellenza<\/h3>\n<p>Combiniamo una profonda conoscenza del mercato con una costante attenzione alla qualit\u00e0 e al servizio. Ecco perch\u00e9 i professionisti dell'edilizia si affidano a noi per fornire soluzioni che funzionano dalla costruzione del terreno al completamento.<\/p>\n<h2>Conclusione<\/h2>\n<p>Dai grandi progetti infrastrutturali alle modeste costruzioni commerciali, le tiranti in alluminio mantengono silenziosamente in piedi le strutture in calcestruzzo. H&amp;F \u00e8 orgogliosa di fornire tiranti che superano le aspettative: \u00e8 cos\u00ec che abbiamo costruito la nostra reputazione per due decenni e oltre.<\/p>\n<\/div>","protected":false},"excerpt":{"rendered":"<p>I tiranti pieni sono utilizzati per collegare i lati opposti della cassaforma. Si estendono per tutto lo spessore del calcestruzzo, creando un collegamento continuo tra i due lati. I tiranti pieni sono essenziali per garantire che la cassaforma possa resistere alla pressione del calcestruzzo durante il getto e la maturazione. In genere sono realizzate in acciaio e sono progettate per essere facilmente rimovibili dopo l'indurimento del calcestruzzo.<\/p>\n<p>I tiranti nominali servono a tenere uniti i due lati della cassaforma senza penetrare nel calcestruzzo. Sono in genere realizzate in plastica o in altri materiali non metallici e vengono utilizzate in situazioni in cui il calcestruzzo non deve essere completamente armato. Le tiranti nominali sono utilizzate per progetti di calcestruzzo pi\u00f9 piccoli, come muri o marciapiedi, in cui il carico sulla cassaforma \u00e8 relativamente basso.<\/p>","protected":false},"featured_media":2804,"comment_status":"open","ping_status":"closed","template":"","meta":{"site-sidebar-layout":"default","site-content-layout":"default","ast-site-content-layout":"default","site-content-style":"default","site-sidebar-style":"default","ast-global-header-display":"","ast-banner-title-visibility":"","ast-main-header-display":"","ast-hfb-above-header-display":"","ast-hfb-below-header-display":"","ast-hfb-mobile-header-display":"","site-post-title":"","ast-breadcrumbs-content":"","ast-featured-img":"","footer-sml-layout":"","theme-transparent-header-meta":"default","adv-header-id-meta":"","stick-header-meta":"default","header-above-stick-meta":"","header-main-stick-meta":"","header-below-stick-meta":"","astra-migrate-meta-layouts":"set","ast-page-background-enabled":"default","ast-page-background-meta":{"desktop":{"background-color":"","background-image":"","background-repeat":"repeat","background-position":"center center","background-size":"auto","background-attachment":"scroll","background-type":"","background-media":"","overlay-type":"","overlay-color":"","overlay-opacity":"","overlay-gradient":""},"tablet":{"background-color":"","background-image":"","background-repeat":"repeat","background-position":"center center","background-size":"auto","background-attachment":"scroll","background-type":"","background-media":"","overlay-type":"","overlay-color":"","overlay-opacity":"","overlay-gradient":""},"mobile":{"background-color":"","background-image":"","background-repeat":"repeat","background-position":"center center","background-size":"auto","background-attachment":"scroll","background-type":"","background-media":"","overlay-type":"","overlay-color":"","overlay-opacity":"","overlay-gradient":""}},"ast-content-background-meta":{"desktop":{"background-color":"var(--ast-global-color-5)","background-image":"","background-repeat":"repeat","background-position":"center center","background-size":"auto","background-attachment":"scroll","background-type":"","background-media":"","overlay-type":"","overlay-color":"","overlay-opacity":"","overlay-gradient":""},"tablet":{"background-color":"var(--ast-global-color-5)","background-image":"","background-repeat":"repeat","background-position":"center center","background-size":"auto","background-attachment":"scroll","background-type":"","background-media":"","overlay-type":"","overlay-color":"","overlay-opacity":"","overlay-gradient":""},"mobile":{"background-color":"var(--ast-global-color-5)","background-image":"","background-repeat":"repeat","background-position":"center center","background-size":"auto","background-attachment":"scroll","background-type":"","background-media":"","overlay-type":"","overlay-color":"","overlay-opacity":"","overlay-gradient":""}}},"product_brand":[],"product_cat":[20,65],"product_tag":[],"class_list":{"0":"post-1909","1":"product","2":"type-product","3":"status-publish","4":"has-post-thumbnail","6":"product_cat-concrete-wall-tie","7":"product_cat-aluminum-form-tie","8":"desktop-align-left","9":"tablet-align-left","10":"mobile-align-left","11":"ast-product-gallery-layout-horizontal-slider","12":"ast-product-tabs-layout-horizontal","14":"first","15":"instock","16":"shipping-taxable","17":"purchasable","18":"product-type-simple"},"yoast_head":"<!-- This site is optimized with the Yoast SEO plugin v25.2 - https:\/\/yoast.com\/wordpress\/plugins\/seo\/ -->\n<title>Aluminum Form Tie Full Wall Tie Nominal Tie<\/title>\n<meta name=\"description\" content=\"Aluminum form ties are indispensable tools in concrete construction, ensuring secure placement of aluminum formwork for precise wall formation.\" \/>\n<meta name=\"robots\" content=\"index, follow, max-snippet:-1, max-image-preview:large, max-video-preview:-1\" \/>\n<link rel=\"canonical\" href=\"https:\/\/qingdaohf.com\/it\/prodotto\/cravatta-in-alluminio\/\" \/>\n<meta property=\"og:locale\" content=\"it_IT\" \/>\n<meta property=\"og:type\" content=\"article\" \/>\n<meta property=\"og:title\" content=\"Aluminum Form Tie Full Wall Tie Nominal Tie\" \/>\n<meta property=\"og:description\" content=\"Aluminum form ties are indispensable tools in concrete construction, ensuring secure placement of aluminum formwork for precise wall formation.\" \/>\n<meta property=\"og:url\" content=\"https:\/\/qingdaohf.com\/it\/prodotto\/cravatta-in-alluminio\/\" \/>\n<meta property=\"og:site_name\" content=\"Concrete Form &amp; Rigging Hardware Supplier\" \/>\n<meta property=\"article:publisher\" content=\"https:\/\/www.facebook.com\/qingdaohf\" \/>\n<meta property=\"article:modified_time\" content=\"2025-11-13T01:04:01+00:00\" \/>\n<meta property=\"og:image\" content=\"https:\/\/qingdaohf.com\/wp-content\/uploads\/2023\/02\/FULL-TIE-3.jpg\" \/>\n\t<meta property=\"og:image:width\" content=\"1000\" \/>\n\t<meta property=\"og:image:height\" content=\"1000\" \/>\n\t<meta property=\"og:image:type\" content=\"image\/jpeg\" \/>\n<meta name=\"twitter:card\" content=\"summary_large_image\" \/>\n<meta name=\"twitter:label1\" content=\"Tempo di lettura stimato\" \/>\n\t<meta name=\"twitter:data1\" content=\"5 minuti\" \/>\n<script type=\"application\/ld+json\" class=\"yoast-schema-graph\">{\"@context\":\"https:\/\/schema.org\",\"@graph\":[{\"@type\":\"WebPage\",\"@id\":\"https:\/\/qingdaohf.com\/product\/aluminum-form-tie\/\",\"url\":\"https:\/\/qingdaohf.com\/product\/aluminum-form-tie\/\",\"name\":\"Aluminum Form Tie Full Wall Tie Nominal Tie\",\"isPartOf\":{\"@id\":\"https:\/\/qingdaohf.com\/bg\/#website\"},\"primaryImageOfPage\":{\"@id\":\"https:\/\/qingdaohf.com\/product\/aluminum-form-tie\/#primaryimage\"},\"image\":{\"@id\":\"https:\/\/qingdaohf.com\/product\/aluminum-form-tie\/#primaryimage\"},\"thumbnailUrl\":\"https:\/\/qingdaohf.com\/wp-content\/uploads\/2023\/02\/FULL-TIE-3.jpg\",\"datePublished\":\"2023-11-24T08:40:58+00:00\",\"dateModified\":\"2025-11-13T01:04:01+00:00\",\"description\":\"Aluminum form ties are indispensable tools in concrete construction, ensuring secure placement of aluminum formwork for precise wall formation.\",\"breadcrumb\":{\"@id\":\"https:\/\/qingdaohf.com\/product\/aluminum-form-tie\/#breadcrumb\"},\"inLanguage\":\"it-IT\",\"potentialAction\":[{\"@type\":\"ReadAction\",\"target\":[\"https:\/\/qingdaohf.com\/product\/aluminum-form-tie\/\"]}]},{\"@type\":\"ImageObject\",\"inLanguage\":\"it-IT\",\"@id\":\"https:\/\/qingdaohf.com\/product\/aluminum-form-tie\/#primaryimage\",\"url\":\"https:\/\/qingdaohf.com\/wp-content\/uploads\/2023\/02\/FULL-TIE-3.jpg\",\"contentUrl\":\"https:\/\/qingdaohf.com\/wp-content\/uploads\/2023\/02\/FULL-TIE-3.jpg\",\"width\":1000,\"height\":1000,\"caption\":\"FULL TIE\"},{\"@type\":\"BreadcrumbList\",\"@id\":\"https:\/\/qingdaohf.com\/product\/aluminum-form-tie\/#breadcrumb\",\"itemListElement\":[{\"@type\":\"ListItem\",\"position\":1,\"name\":\"Home\",\"item\":\"https:\/\/qingdaohf.com\/\"},{\"@type\":\"ListItem\",\"position\":2,\"name\":\"Concrete Forming Accessories and Rigging Hardware\",\"item\":\"https:\/\/qingdaohf.com\/bg\/?page_id=944\"},{\"@type\":\"ListItem\",\"position\":3,\"name\":\"Aluminum Form Tie Full Wall Tie Nominal Tie\"}]},{\"@type\":\"WebSite\",\"@id\":\"https:\/\/qingdaohf.com\/bg\/#website\",\"url\":\"https:\/\/qingdaohf.com\/bg\/\",\"name\":\"Concrete Form & Rigging Hardware Supplier\",\"description\":\"\",\"publisher\":{\"@id\":\"https:\/\/qingdaohf.com\/bg\/#organization\"},\"potentialAction\":[{\"@type\":\"SearchAction\",\"target\":{\"@type\":\"EntryPoint\",\"urlTemplate\":\"https:\/\/qingdaohf.com\/bg\/?s={search_term_string}\"},\"query-input\":{\"@type\":\"PropertyValueSpecification\",\"valueRequired\":true,\"valueName\":\"search_term_string\"}}],\"inLanguage\":\"it-IT\"},{\"@type\":\"Organization\",\"@id\":\"https:\/\/qingdaohf.com\/bg\/#organization\",\"name\":\"Qingdao H&F\",\"url\":\"https:\/\/qingdaohf.com\/bg\/\",\"logo\":{\"@type\":\"ImageObject\",\"inLanguage\":\"it-IT\",\"@id\":\"https:\/\/qingdaohf.com\/bg\/#\/schema\/logo\/image\/\",\"url\":\"https:\/\/qingdaohf.com\/wp-content\/uploads\/2022\/12\/cropped-HF-LOGO.png\",\"contentUrl\":\"https:\/\/qingdaohf.com\/wp-content\/uploads\/2022\/12\/cropped-HF-LOGO.png\",\"width\":391,\"height\":249,\"caption\":\"Qingdao H&F\"},\"image\":{\"@id\":\"https:\/\/qingdaohf.com\/bg\/#\/schema\/logo\/image\/\"},\"sameAs\":[\"https:\/\/www.facebook.com\/qingdaohf\"]}]}<\/script>\n<!-- \/ Yoast SEO plugin. -->","yoast_head_json":{"title":"Aluminum Form Tie Full Wall Tie Nominal Tie","description":"Aluminum form ties are indispensable tools in concrete construction, ensuring secure placement of aluminum formwork for precise wall formation.","robots":{"index":"index","follow":"follow","max-snippet":"max-snippet:-1","max-image-preview":"max-image-preview:large","max-video-preview":"max-video-preview:-1"},"canonical":"https:\/\/qingdaohf.com\/it\/prodotto\/cravatta-in-alluminio\/","og_locale":"it_IT","og_type":"article","og_title":"Aluminum Form Tie Full Wall Tie Nominal Tie","og_description":"Aluminum form ties are indispensable tools in concrete construction, ensuring secure placement of aluminum formwork for precise wall formation.","og_url":"https:\/\/qingdaohf.com\/it\/prodotto\/cravatta-in-alluminio\/","og_site_name":"Concrete Form &amp; Rigging Hardware Supplier","article_publisher":"https:\/\/www.facebook.com\/qingdaohf","article_modified_time":"2025-11-13T01:04:01+00:00","og_image":[{"width":1000,"height":1000,"url":"https:\/\/qingdaohf.com\/wp-content\/uploads\/2023\/02\/FULL-TIE-3.jpg","type":"image\/jpeg"}],"twitter_card":"summary_large_image","twitter_misc":{"Tempo di lettura stimato":"5 minuti"},"schema":{"@context":"https:\/\/schema.org","@graph":[{"@type":"WebPage","@id":"https:\/\/qingdaohf.com\/product\/aluminum-form-tie\/","url":"https:\/\/qingdaohf.com\/product\/aluminum-form-tie\/","name":"Aluminum Form Tie Full Wall Tie Nominal Tie","isPartOf":{"@id":"https:\/\/qingdaohf.com\/bg\/#website"},"primaryImageOfPage":{"@id":"https:\/\/qingdaohf.com\/product\/aluminum-form-tie\/#primaryimage"},"image":{"@id":"https:\/\/qingdaohf.com\/product\/aluminum-form-tie\/#primaryimage"},"thumbnailUrl":"https:\/\/qingdaohf.com\/wp-content\/uploads\/2023\/02\/FULL-TIE-3.jpg","datePublished":"2023-11-24T08:40:58+00:00","dateModified":"2025-11-13T01:04:01+00:00","description":"Aluminum form ties are indispensable tools in concrete construction, ensuring secure placement of aluminum formwork for precise wall formation.","breadcrumb":{"@id":"https:\/\/qingdaohf.com\/product\/aluminum-form-tie\/#breadcrumb"},"inLanguage":"it-IT","potentialAction":[{"@type":"ReadAction","target":["https:\/\/qingdaohf.com\/product\/aluminum-form-tie\/"]}]},{"@type":"ImageObject","inLanguage":"it-IT","@id":"https:\/\/qingdaohf.com\/product\/aluminum-form-tie\/#primaryimage","url":"https:\/\/qingdaohf.com\/wp-content\/uploads\/2023\/02\/FULL-TIE-3.jpg","contentUrl":"https:\/\/qingdaohf.com\/wp-content\/uploads\/2023\/02\/FULL-TIE-3.jpg","width":1000,"height":1000,"caption":"FULL TIE"},{"@type":"BreadcrumbList","@id":"https:\/\/qingdaohf.com\/product\/aluminum-form-tie\/#breadcrumb","itemListElement":[{"@type":"ListItem","position":1,"name":"Home","item":"https:\/\/qingdaohf.com\/"},{"@type":"ListItem","position":2,"name":"Concrete Forming Accessories and Rigging Hardware","item":"https:\/\/qingdaohf.com\/bg\/?page_id=944"},{"@type":"ListItem","position":3,"name":"Aluminum Form Tie Full Wall Tie Nominal Tie"}]},{"@type":"WebSite","@id":"https:\/\/qingdaohf.com\/bg\/#website","url":"https:\/\/qingdaohf.com\/bg\/","name":"Concrete Form & Rigging Hardware Supplier","description":"","publisher":{"@id":"https:\/\/qingdaohf.com\/bg\/#organization"},"potentialAction":[{"@type":"SearchAction","target":{"@type":"EntryPoint","urlTemplate":"https:\/\/qingdaohf.com\/bg\/?s={search_term_string}"},"query-input":{"@type":"PropertyValueSpecification","valueRequired":true,"valueName":"search_term_string"}}],"inLanguage":"it-IT"},{"@type":"Organization","@id":"https:\/\/qingdaohf.com\/bg\/#organization","name":"Qingdao H&F","url":"https:\/\/qingdaohf.com\/bg\/","logo":{"@type":"ImageObject","inLanguage":"it-IT","@id":"https:\/\/qingdaohf.com\/bg\/#\/schema\/logo\/image\/","url":"https:\/\/qingdaohf.com\/wp-content\/uploads\/2022\/12\/cropped-HF-LOGO.png","contentUrl":"https:\/\/qingdaohf.com\/wp-content\/uploads\/2022\/12\/cropped-HF-LOGO.png","width":391,"height":249,"caption":"Qingdao H&F"},"image":{"@id":"https:\/\/qingdaohf.com\/bg\/#\/schema\/logo\/image\/"},"sameAs":["https:\/\/www.facebook.com\/qingdaohf"]}]}},"_links":{"self":[{"href":"https:\/\/qingdaohf.com\/it\/wp-json\/wp\/v2\/product\/1909","targetHints":{"allow":["GET"]}}],"collection":[{"href":"https:\/\/qingdaohf.com\/it\/wp-json\/wp\/v2\/product"}],"about":[{"href":"https:\/\/qingdaohf.com\/it\/wp-json\/wp\/v2\/types\/product"}],"replies":[{"embeddable":true,"href":"https:\/\/qingdaohf.com\/it\/wp-json\/wp\/v2\/comments?post=1909"}],"version-history":[{"count":13,"href":"https:\/\/qingdaohf.com\/it\/wp-json\/wp\/v2\/product\/1909\/revisions"}],"predecessor-version":[{"id":8879,"href":"https:\/\/qingdaohf.com\/it\/wp-json\/wp\/v2\/product\/1909\/revisions\/8879"}],"wp:featuredmedia":[{"embeddable":true,"href":"https:\/\/qingdaohf.com\/it\/wp-json\/wp\/v2\/media\/2804"}],"wp:attachment":[{"href":"https:\/\/qingdaohf.com\/it\/wp-json\/wp\/v2\/media?parent=1909"}],"wp:term":[{"taxonomy":"product_brand","embeddable":true,"href":"https:\/\/qingdaohf.com\/it\/wp-json\/wp\/v2\/product_brand?post=1909"},{"taxonomy":"product_cat","embeddable":true,"href":"https:\/\/qingdaohf.com\/it\/wp-json\/wp\/v2\/product_cat?post=1909"},{"taxonomy":"product_tag","embeddable":true,"href":"https:\/\/qingdaohf.com\/it\/wp-json\/wp\/v2\/product_tag?post=1909"}],"curies":[{"name":"wp","href":"https:\/\/api.w.org\/{rel}","templated":true}]}}