{"id":2127,"date":"2023-02-10T11:45:19","date_gmt":"2023-02-10T03:45:19","guid":{"rendered":"http:\/\/qingdaohf.com\/?post_type=product&#038;p=2127"},"modified":"2025-11-13T09:06:36","modified_gmt":"2025-11-13T01:06:36","slug":"brick-tie","status":"publish","type":"product","link":"https:\/\/qingdaohf.com\/it\/prodotto\/cravatta-in-mattoni\/","title":{"rendered":"Fascette per pareti di mattoni in acciaio inox per la formazione di costruzioni"},"content":{"rendered":"<p>&nbsp;<\/p>\n<p><img fetchpriority=\"high\" decoding=\"async\" class=\"alignnone size-full wp-image-2732\" src=\"http:\/\/qingdaohf.com\/wp-content\/uploads\/2023\/02\/brick-tie-1.jpg\" alt=\"cravatta in mattoni\" width=\"1200\" height=\"648\" srcset=\"https:\/\/qingdaohf.com\/wp-content\/uploads\/2023\/02\/brick-tie-1.jpg 1200w, https:\/\/qingdaohf.com\/wp-content\/uploads\/2023\/02\/brick-tie-1-1000x540.jpg 1000w, https:\/\/qingdaohf.com\/wp-content\/uploads\/2023\/02\/brick-tie-1-300x162.jpg 300w, https:\/\/qingdaohf.com\/wp-content\/uploads\/2023\/02\/brick-tie-1-1024x553.jpg 1024w, https:\/\/qingdaohf.com\/wp-content\/uploads\/2023\/02\/brick-tie-1-768x415.jpg 768w\" sizes=\"(max-width: 1200px) 100vw, 1200px\" \/><\/p>\n<p>Benvenuti a Qingdao H&amp;F, una consolidata societ\u00e0 commerciale B2B con oltre 20 anni di esperienza, orgogliosa di essere leader nella produzione, fornitura e distribuzione di accessori per la formatura del calcestruzzo e ferramenta per il montaggio. La nostra fabbrica in Cina garantisce fascette per mattoni in acciaio inox di altissimo livello, tra cui cinghie per mattoni e fascette per mattoni in muratura, prontamente disponibili all'ingrosso a prezzi competitivi all'ingrosso. Con un forte impegno per la qualit\u00e0 e la soddisfazione del cliente, offriamo opzioni di personalizzazione, campioni gratuiti e un eccellente servizio personalizzato per soddisfare le vostre esigenze di costruzione uniche.<\/p>\n<div class=\"ast-oembed-container\" style=\"height: 100%;\"><iframe title=\"Fascette per pareti in mattoni per la formatura delle costruzioni\" width=\"500\" height=\"281\" src=\"https:\/\/www.youtube.com\/embed\/73JqOQyHVuM?feature=oembed\" frameborder=\"0\" allow=\"accelerometer; autoplay; clipboard-write; encrypted-media; gyroscope; picture-in-picture; web-share\" referrerpolicy=\"strict-origin-when-cross-origin\" allowfullscreen><\/iframe><\/div>\n<h2>Perch\u00e9 scegliere noi?<\/h2>\n<h3>Produttore affidabile con fabbrica cooperativa:<\/h3>\n<p>A Qingdao H&amp;F, la nostra solida reputazione di produttore di fiducia deriva dalla nostra esperienza ventennale e dal supporto della nostra fabbrica cooperativa. Garantiamo che ogni fascetta in laterizio sia prodotta con precisione e aderisca ai pi\u00f9 alti standard industriali.<\/p>\n<h3>Ampia gamma di prodotti:<\/h3>\n<p>In qualit\u00e0 di fornitore e venditore leader del settore, offriamo una vasta gamma di accessori per la formatura del calcestruzzo e di ferramenta, con particolare attenzione alle fascette per mattoni in acciaio inox. Dalle cinghie per mattoni alle fascette per mattoni in muratura, i nostri prodotti soddisfano diverse esigenze di costruzione.<\/p>\n<h3>Servizi di grossisti e distributori:<\/h3>\n<p>Siamo orgogliosi di essere un grossista e distributore affidabile, in grado di offrire alle imprese e agli appaltatori quantit\u00e0 ingenti di fascette per pareti in calcestruzzo. La nostra rete di distribuzione garantisce una consegna rapida al sito del progetto.<\/p>\n<h3>Garanzia di qualit\u00e0 e disponibilit\u00e0 di massa:<\/h3>\n<p>Diamo priorit\u00e0 alla qualit\u00e0 in ogni fase, eseguendo accurati controlli di qualit\u00e0 per fornirvi i prodotti migliori. Le nostre fascette in laterizio sono prontamente disponibili all'ingrosso, garantendo una fornitura ininterrotta per progetti su larga scala.<\/p>\n<h3>Opzioni di personalizzazione e campioni gratuiti:<\/h3>\n<p>Riconoscendo le diverse esigenze dei nostri clienti, offriamo opzioni di personalizzazione per adattare le fascette in mattoni ai requisiti specifici del vostro progetto. Richiedete campioni gratuiti per valutare la qualit\u00e0 e l'idoneit\u00e0 dei nostri prodotti prima di procedere all'acquisto.<\/p>\n<h3>Sourcing efficiente e servizio one-to-one:<\/h3>\n<p>Grazie alle nostre forti capacit\u00e0 di approvvigionamento, ci procuriamo materiali di prima qualit\u00e0 per creare fascette in acciaio inossidabile di lunga durata. Il nostro team dedicato offre un servizio personalizzato, guidandovi attraverso il processo di selezione e personalizzazione.<\/p>\n<h2>Conclusione sulle fascette di mattoni<\/h2>\n<p>Quando si tratta di reperire fascette in acciaio inox di alta qualit\u00e0 per pareti in calcestruzzo, Qingdao H&amp;F \u00e8 un'azienda affidabile con una vasta esperienza nel settore. In qualit\u00e0 di produttore, fabbrica, fornitore, grossista, rivenditore e distributore, siamo orgogliosi di offrire prodotti personalizzabili a prezzi competitivi all'ingrosso. Con una forte attenzione alla soddisfazione del cliente, vi invitiamo a sperimentare la nostra dedizione all'eccellenza attraverso campioni gratuiti e un efficiente servizio one-to-one. Lasciateci essere il vostro partner di riferimento per le fascette in laterizio di alta qualit\u00e0 per i vostri progetti edilizi. Contattateci oggi stesso per esplorare la nostra gamma completa e trovare le soluzioni perfette per le vostre esigenze.<\/p>\n<p>&nbsp;<\/p>","protected":false},"excerpt":{"rendered":"<p>Le cravatte sono piccoli elementi architettonici utilizzati per collegare due pareti in mattoni attraverso una stretta cavit\u00e0 o per legare una parete in mattoni a una struttura in legno o acciaio.<\/p>","protected":false},"featured_media":2483,"comment_status":"open","ping_status":"closed","template":"","meta":{"site-sidebar-layout":"default","site-content-layout":"default","ast-site-content-layout":"","site-content-style":"default","site-sidebar-style":"default","ast-global-header-display":"","ast-banner-title-visibility":"","ast-main-header-display":"","ast-hfb-above-header-display":"","ast-hfb-below-header-display":"","ast-hfb-mobile-header-display":"","site-post-title":"","ast-breadcrumbs-content":"","ast-featured-img":"","footer-sml-layout":"","theme-transparent-header-meta":"default","adv-header-id-meta":"","stick-header-meta":"default","header-above-stick-meta":"","header-main-stick-meta":"","header-below-stick-meta":"","astra-migrate-meta-layouts":"default","ast-page-background-enabled":"default","ast-page-background-meta":{"desktop":{"background-color":"","background-image":"","background-repeat":"repeat","background-position":"center center","background-size":"auto","background-attachment":"scroll","background-type":"","background-media":"","overlay-type":"","overlay-color":"","overlay-opacity":"","overlay-gradient":""},"tablet":{"background-color":"","background-image":"","background-repeat":"repeat","background-position":"center center","background-size":"auto","background-attachment":"scroll","background-type":"","background-media":"","overlay-type":"","overlay-color":"","overlay-opacity":"","overlay-gradient":""},"mobile":{"background-color":"","background-image":"","background-repeat":"repeat","background-position":"center center","background-size":"auto","background-attachment":"scroll","background-type":"","background-media":"","overlay-type":"","overlay-color":"","overlay-opacity":"","overlay-gradient":""}},"ast-content-background-meta":{"desktop":{"background-color":"var(--ast-global-color-5)","background-image":"","background-repeat":"repeat","background-position":"center center","background-size":"auto","background-attachment":"scroll","background-type":"","background-media":"","overlay-type":"","overlay-color":"","overlay-opacity":"","overlay-gradient":""},"tablet":{"background-color":"var(--ast-global-color-5)","background-image":"","background-repeat":"repeat","background-position":"center center","background-size":"auto","background-attachment":"scroll","background-type":"","background-media":"","overlay-type":"","overlay-color":"","overlay-opacity":"","overlay-gradient":""},"mobile":{"background-color":"var(--ast-global-color-5)","background-image":"","background-repeat":"repeat","background-position":"center center","background-size":"auto","background-attachment":"scroll","background-type":"","background-media":"","overlay-type":"","overlay-color":"","overlay-opacity":"","overlay-gradient":""}}},"product_brand":[],"product_cat":[20,29],"product_tag":[],"class_list":{"0":"post-2127","1":"product","2":"type-product","3":"status-publish","4":"has-post-thumbnail","6":"product_cat-concrete-wall-tie","7":"product_cat-formwork-system","8":"desktop-align-left","9":"tablet-align-left","10":"mobile-align-left","11":"ast-product-gallery-layout-horizontal-slider","12":"ast-product-tabs-layout-horizontal","14":"first","15":"instock","16":"shipping-taxable","17":"purchasable","18":"product-type-simple"},"yoast_head":"<!-- This site is optimized with the Yoast SEO plugin v25.2 - https:\/\/yoast.com\/wordpress\/plugins\/seo\/ -->\n<title>Stainless Steel Brick Wall Ties for Construction Forming<\/title>\n<meta name=\"description\" content=\"Brick ties are small architectural elements that are used to connect two brick walls across a narrow cavity or to bind a brick wall to a wood or steel frame.\" \/>\n<meta name=\"robots\" content=\"index, follow, max-snippet:-1, max-image-preview:large, max-video-preview:-1\" \/>\n<link rel=\"canonical\" href=\"https:\/\/qingdaohf.com\/it\/prodotto\/cravatta-in-mattoni\/\" \/>\n<meta property=\"og:locale\" content=\"it_IT\" \/>\n<meta property=\"og:type\" content=\"article\" \/>\n<meta property=\"og:title\" content=\"Stainless Steel Brick Wall Ties for Construction Forming\" \/>\n<meta property=\"og:description\" content=\"Brick ties are small architectural elements that are used to connect two brick walls across a narrow cavity or to bind a brick wall to a wood or steel frame.\" \/>\n<meta property=\"og:url\" content=\"https:\/\/qingdaohf.com\/it\/prodotto\/cravatta-in-mattoni\/\" \/>\n<meta property=\"og:site_name\" content=\"Concrete Form &amp; Rigging Hardware Supplier\" \/>\n<meta property=\"article:publisher\" content=\"https:\/\/www.facebook.com\/qingdaohf\" \/>\n<meta property=\"article:modified_time\" content=\"2025-11-13T01:06:36+00:00\" \/>\n<meta property=\"og:image\" content=\"https:\/\/qingdaohf.com\/wp-content\/uploads\/2023\/02\/\u767d\u5e95\u56fe5.jpg\" \/>\n\t<meta property=\"og:image:width\" content=\"1000\" \/>\n\t<meta property=\"og:image:height\" content=\"1000\" \/>\n\t<meta property=\"og:image:type\" content=\"image\/jpeg\" \/>\n<meta name=\"twitter:card\" content=\"summary_large_image\" \/>\n<meta name=\"twitter:label1\" content=\"Tempo di lettura stimato\" \/>\n\t<meta name=\"twitter:data1\" content=\"3 minuti\" \/>\n<script type=\"application\/ld+json\" class=\"yoast-schema-graph\">{\"@context\":\"https:\/\/schema.org\",\"@graph\":[{\"@type\":\"WebPage\",\"@id\":\"https:\/\/qingdaohf.com\/product\/brick-tie\/\",\"url\":\"https:\/\/qingdaohf.com\/product\/brick-tie\/\",\"name\":\"Stainless Steel Brick Wall Ties for Construction Forming\",\"isPartOf\":{\"@id\":\"https:\/\/qingdaohf.com\/bg\/#website\"},\"primaryImageOfPage\":{\"@id\":\"https:\/\/qingdaohf.com\/product\/brick-tie\/#primaryimage\"},\"image\":{\"@id\":\"https:\/\/qingdaohf.com\/product\/brick-tie\/#primaryimage\"},\"thumbnailUrl\":\"https:\/\/qingdaohf.com\/wp-content\/uploads\/2023\/02\/\u767d\u5e95\u56fe5.jpg\",\"datePublished\":\"2023-02-10T03:45:19+00:00\",\"dateModified\":\"2025-11-13T01:06:36+00:00\",\"description\":\"Brick ties are small architectural elements that are used to connect two brick walls across a narrow cavity or to bind a brick wall to a wood or steel frame.\",\"breadcrumb\":{\"@id\":\"https:\/\/qingdaohf.com\/product\/brick-tie\/#breadcrumb\"},\"inLanguage\":\"it-IT\",\"potentialAction\":[{\"@type\":\"ReadAction\",\"target\":[\"https:\/\/qingdaohf.com\/product\/brick-tie\/\"]}]},{\"@type\":\"ImageObject\",\"inLanguage\":\"it-IT\",\"@id\":\"https:\/\/qingdaohf.com\/product\/brick-tie\/#primaryimage\",\"url\":\"https:\/\/qingdaohf.com\/wp-content\/uploads\/2023\/02\/\u767d\u5e95\u56fe5.jpg\",\"contentUrl\":\"https:\/\/qingdaohf.com\/wp-content\/uploads\/2023\/02\/\u767d\u5e95\u56fe5.jpg\",\"width\":1000,\"height\":1000},{\"@type\":\"BreadcrumbList\",\"@id\":\"https:\/\/qingdaohf.com\/product\/brick-tie\/#breadcrumb\",\"itemListElement\":[{\"@type\":\"ListItem\",\"position\":1,\"name\":\"Home\",\"item\":\"https:\/\/qingdaohf.com\/\"},{\"@type\":\"ListItem\",\"position\":2,\"name\":\"Concrete Forming Accessories and Rigging Hardware\",\"item\":\"https:\/\/qingdaohf.com\/bg\/?page_id=944\"},{\"@type\":\"ListItem\",\"position\":3,\"name\":\"Stainless Steel Brick Wall Ties for Construction Forming\"}]},{\"@type\":\"WebSite\",\"@id\":\"https:\/\/qingdaohf.com\/bg\/#website\",\"url\":\"https:\/\/qingdaohf.com\/bg\/\",\"name\":\"Concrete Form & Rigging Hardware Supplier\",\"description\":\"\",\"publisher\":{\"@id\":\"https:\/\/qingdaohf.com\/bg\/#organization\"},\"potentialAction\":[{\"@type\":\"SearchAction\",\"target\":{\"@type\":\"EntryPoint\",\"urlTemplate\":\"https:\/\/qingdaohf.com\/bg\/?s={search_term_string}\"},\"query-input\":{\"@type\":\"PropertyValueSpecification\",\"valueRequired\":true,\"valueName\":\"search_term_string\"}}],\"inLanguage\":\"it-IT\"},{\"@type\":\"Organization\",\"@id\":\"https:\/\/qingdaohf.com\/bg\/#organization\",\"name\":\"Qingdao H&F\",\"url\":\"https:\/\/qingdaohf.com\/bg\/\",\"logo\":{\"@type\":\"ImageObject\",\"inLanguage\":\"it-IT\",\"@id\":\"https:\/\/qingdaohf.com\/bg\/#\/schema\/logo\/image\/\",\"url\":\"https:\/\/qingdaohf.com\/wp-content\/uploads\/2022\/12\/cropped-HF-LOGO.png\",\"contentUrl\":\"https:\/\/qingdaohf.com\/wp-content\/uploads\/2022\/12\/cropped-HF-LOGO.png\",\"width\":391,\"height\":249,\"caption\":\"Qingdao H&F\"},\"image\":{\"@id\":\"https:\/\/qingdaohf.com\/bg\/#\/schema\/logo\/image\/\"},\"sameAs\":[\"https:\/\/www.facebook.com\/qingdaohf\"]}]}<\/script>\n<!-- \/ Yoast SEO plugin. -->","yoast_head_json":{"title":"Stainless Steel Brick Wall Ties for Construction Forming","description":"Brick ties are small architectural elements that are used to connect two brick walls across a narrow cavity or to bind a brick wall to a wood or steel frame.","robots":{"index":"index","follow":"follow","max-snippet":"max-snippet:-1","max-image-preview":"max-image-preview:large","max-video-preview":"max-video-preview:-1"},"canonical":"https:\/\/qingdaohf.com\/it\/prodotto\/cravatta-in-mattoni\/","og_locale":"it_IT","og_type":"article","og_title":"Stainless Steel Brick Wall Ties for Construction Forming","og_description":"Brick ties are small architectural elements that are used to connect two brick walls across a narrow cavity or to bind a brick wall to a wood or steel frame.","og_url":"https:\/\/qingdaohf.com\/it\/prodotto\/cravatta-in-mattoni\/","og_site_name":"Concrete Form &amp; Rigging Hardware Supplier","article_publisher":"https:\/\/www.facebook.com\/qingdaohf","article_modified_time":"2025-11-13T01:06:36+00:00","og_image":[{"width":1000,"height":1000,"url":"https:\/\/qingdaohf.com\/wp-content\/uploads\/2023\/02\/\u767d\u5e95\u56fe5.jpg","type":"image\/jpeg"}],"twitter_card":"summary_large_image","twitter_misc":{"Tempo di lettura stimato":"3 minuti"},"schema":{"@context":"https:\/\/schema.org","@graph":[{"@type":"WebPage","@id":"https:\/\/qingdaohf.com\/product\/brick-tie\/","url":"https:\/\/qingdaohf.com\/product\/brick-tie\/","name":"Stainless Steel Brick Wall Ties for Construction Forming","isPartOf":{"@id":"https:\/\/qingdaohf.com\/bg\/#website"},"primaryImageOfPage":{"@id":"https:\/\/qingdaohf.com\/product\/brick-tie\/#primaryimage"},"image":{"@id":"https:\/\/qingdaohf.com\/product\/brick-tie\/#primaryimage"},"thumbnailUrl":"https:\/\/qingdaohf.com\/wp-content\/uploads\/2023\/02\/\u767d\u5e95\u56fe5.jpg","datePublished":"2023-02-10T03:45:19+00:00","dateModified":"2025-11-13T01:06:36+00:00","description":"Brick ties are small architectural elements that are used to connect two brick walls across a narrow cavity or to bind a brick wall to a wood or steel frame.","breadcrumb":{"@id":"https:\/\/qingdaohf.com\/product\/brick-tie\/#breadcrumb"},"inLanguage":"it-IT","potentialAction":[{"@type":"ReadAction","target":["https:\/\/qingdaohf.com\/product\/brick-tie\/"]}]},{"@type":"ImageObject","inLanguage":"it-IT","@id":"https:\/\/qingdaohf.com\/product\/brick-tie\/#primaryimage","url":"https:\/\/qingdaohf.com\/wp-content\/uploads\/2023\/02\/\u767d\u5e95\u56fe5.jpg","contentUrl":"https:\/\/qingdaohf.com\/wp-content\/uploads\/2023\/02\/\u767d\u5e95\u56fe5.jpg","width":1000,"height":1000},{"@type":"BreadcrumbList","@id":"https:\/\/qingdaohf.com\/product\/brick-tie\/#breadcrumb","itemListElement":[{"@type":"ListItem","position":1,"name":"Home","item":"https:\/\/qingdaohf.com\/"},{"@type":"ListItem","position":2,"name":"Concrete Forming Accessories and Rigging Hardware","item":"https:\/\/qingdaohf.com\/bg\/?page_id=944"},{"@type":"ListItem","position":3,"name":"Stainless Steel Brick Wall Ties for Construction Forming"}]},{"@type":"WebSite","@id":"https:\/\/qingdaohf.com\/bg\/#website","url":"https:\/\/qingdaohf.com\/bg\/","name":"Concrete Form & Rigging Hardware Supplier","description":"","publisher":{"@id":"https:\/\/qingdaohf.com\/bg\/#organization"},"potentialAction":[{"@type":"SearchAction","target":{"@type":"EntryPoint","urlTemplate":"https:\/\/qingdaohf.com\/bg\/?s={search_term_string}"},"query-input":{"@type":"PropertyValueSpecification","valueRequired":true,"valueName":"search_term_string"}}],"inLanguage":"it-IT"},{"@type":"Organization","@id":"https:\/\/qingdaohf.com\/bg\/#organization","name":"Qingdao H&F","url":"https:\/\/qingdaohf.com\/bg\/","logo":{"@type":"ImageObject","inLanguage":"it-IT","@id":"https:\/\/qingdaohf.com\/bg\/#\/schema\/logo\/image\/","url":"https:\/\/qingdaohf.com\/wp-content\/uploads\/2022\/12\/cropped-HF-LOGO.png","contentUrl":"https:\/\/qingdaohf.com\/wp-content\/uploads\/2022\/12\/cropped-HF-LOGO.png","width":391,"height":249,"caption":"Qingdao H&F"},"image":{"@id":"https:\/\/qingdaohf.com\/bg\/#\/schema\/logo\/image\/"},"sameAs":["https:\/\/www.facebook.com\/qingdaohf"]}]}},"_links":{"self":[{"href":"https:\/\/qingdaohf.com\/it\/wp-json\/wp\/v2\/product\/2127","targetHints":{"allow":["GET"]}}],"collection":[{"href":"https:\/\/qingdaohf.com\/it\/wp-json\/wp\/v2\/product"}],"about":[{"href":"https:\/\/qingdaohf.com\/it\/wp-json\/wp\/v2\/types\/product"}],"replies":[{"embeddable":true,"href":"https:\/\/qingdaohf.com\/it\/wp-json\/wp\/v2\/comments?post=2127"}],"version-history":[{"count":2,"href":"https:\/\/qingdaohf.com\/it\/wp-json\/wp\/v2\/product\/2127\/revisions"}],"predecessor-version":[{"id":10459,"href":"https:\/\/qingdaohf.com\/it\/wp-json\/wp\/v2\/product\/2127\/revisions\/10459"}],"wp:featuredmedia":[{"embeddable":true,"href":"https:\/\/qingdaohf.com\/it\/wp-json\/wp\/v2\/media\/2483"}],"wp:attachment":[{"href":"https:\/\/qingdaohf.com\/it\/wp-json\/wp\/v2\/media?parent=2127"}],"wp:term":[{"taxonomy":"product_brand","embeddable":true,"href":"https:\/\/qingdaohf.com\/it\/wp-json\/wp\/v2\/product_brand?post=2127"},{"taxonomy":"product_cat","embeddable":true,"href":"https:\/\/qingdaohf.com\/it\/wp-json\/wp\/v2\/product_cat?post=2127"},{"taxonomy":"product_tag","embeddable":true,"href":"https:\/\/qingdaohf.com\/it\/wp-json\/wp\/v2\/product_tag?post=2127"}],"curies":[{"name":"wp","href":"https:\/\/api.w.org\/{rel}","templated":true}]}}