{"id":2132,"date":"2023-02-10T17:41:17","date_gmt":"2023-02-10T09:41:17","guid":{"rendered":"http:\/\/qingdaohf.com\/?post_type=product&#038;p=2132"},"modified":"2025-11-13T09:06:19","modified_gmt":"2025-11-13T01:06:19","slug":"formwork-tie-rod","status":"publish","type":"product","link":"https:\/\/qingdaohf.com\/it\/prodotto\/tirante-per-casseforme\/","title":{"rendered":"Tirante per casseforme in calcestruzzo"},"content":{"rendered":"<div class=\"ast-oembed-container\" style=\"height: 100%;\"><iframe title=\"Dado e tirante per cassaforma in cemento armato\" width=\"500\" height=\"281\" src=\"https:\/\/www.youtube.com\/embed\/RQCaJFwWa88?feature=oembed\" frameborder=\"0\" allow=\"accelerometer; autoplay; clipboard-write; encrypted-media; gyroscope; picture-in-picture; web-share\" referrerpolicy=\"strict-origin-when-cross-origin\" allowfullscreen><\/iframe><\/div>\n<h2 class=\"font-600 text-2xl font-bold\">Il ruolo essenziale dei tiranti per casseforme<\/h2>\n<p class=\"whitespace-pre-wrap break-words\">I sistemi di tiranti sono gli eroi non celebrati delle costruzioni in calcestruzzo. Questi robusti componenti mantengono i pannelli della cassaforma bloccati in posizione mentre il calcestruzzo viene versato e indurisce. Senza di essi, sarebbe difficile mantenere la forma precisa e la resistenza di cui la struttura ha bisogno.<\/p>\n<p class=\"whitespace-pre-wrap break-words\">Cosa rende queste aste speciali? Sono costruite in modo robusto, in genere con acciaio di alta qualit\u00e0, per far fronte alle intense pressioni dell'edilizia. La loro robustezza \u00e8 particolarmente apprezzata quando si lavora a grandi progetti infrastrutturali o a progetti architettonici complessi, dove non c'\u00e8 spazio per gli errori.<\/p>\n<p><img fetchpriority=\"high\" decoding=\"async\" class=\"alignnone size-full wp-image-2990\" src=\"http:\/\/qingdaohf.com\/wp-content\/uploads\/2023\/02\/Tie-Nut.jpg\" alt=\"Dado per cravatta\" width=\"1204\" height=\"1008\" srcset=\"https:\/\/qingdaohf.com\/wp-content\/uploads\/2023\/02\/Tie-Nut.jpg 1204w, https:\/\/qingdaohf.com\/wp-content\/uploads\/2023\/02\/Tie-Nut-300x251.jpg 300w, https:\/\/qingdaohf.com\/wp-content\/uploads\/2023\/02\/Tie-Nut-1024x857.jpg 1024w, https:\/\/qingdaohf.com\/wp-content\/uploads\/2023\/02\/Tie-Nut-768x643.jpg 768w, https:\/\/qingdaohf.com\/wp-content\/uploads\/2023\/02\/Tie-Nut-1000x837.jpg 1000w\" sizes=\"(max-width: 1204px) 100vw, 1204px\" \/><\/p>\n<h2 class=\"font-600 text-2xl font-bold\">Integrazione del sistema di tiranti con i fermi ad acqua e i dadi ad ala<\/h2>\n<p class=\"whitespace-pre-wrap break-words\">I tiranti non funzionano da soli. Si uniscono ai fermi per l'acqua e ai dadi ad alette per creare una soluzione di casseratura completa che \u00e8 superiore alla somma delle sue parti.<\/p>\n<p class=\"whitespace-pre-wrap break-words\">I fermi per l'acqua si inseriscono strategicamente lungo i tiranti per impedire all'acqua di infiltrarsi attraverso i giunti o i fori nel calcestruzzo. Questo aspetto \u00e8 particolarmente importante in strutture come muri di sostegno e scantinati, dove le infiltrazioni d'acqua potrebbero causare problemi in futuro.<\/p>\n<p class=\"whitespace-pre-wrap break-words\">I dadi ad alette completano il sistema bloccando i tiranti ai pannelli della cassaforma. Sono progettati per essere maneggiati con facilit\u00e0: \u00e8 possibile effettuare regolazioni precise durante l'installazione e rimuoverli rapidamente una volta che il calcestruzzo ha fatto presa.<\/p>\n<h2 class=\"font-600 text-2xl font-bold\">Vantaggi principali dei sistemi di tiranti per casseforme<\/h2>\n<p class=\"whitespace-pre-wrap break-words\">Oltre a tenere insieme le cose, i sistemi di tiranti assicurano che la struttura finita corrisponda esattamente alle specifiche. Questa precisione si traduce in una riduzione dei difetti e dei costosi interventi di riparazione dopo la costruzione.<\/p>\n<p class=\"whitespace-pre-wrap break-words\">Quando si aggiungono gli arresti d'acqua, non si costruisce soltanto, ma si protegge. Questi componenti impediscono all'acqua di raggiungere e corrodere i rinforzi interni, facendo s\u00ec che la struttura duri pi\u00f9 a lungo e funzioni meglio nel tempo.<\/p>\n<p class=\"whitespace-pre-wrap break-words\">In Qingdao H&amp;F ci impegniamo a fondo per realizzare sistemi di tiranti che offrano questi vantaggi. Ogni prodotto viene sottoposto a test rigorosi per garantire che sia in grado di soddisfare le esigenze del vostro progetto.<\/p>\n<h2 class=\"font-600 text-2xl font-bold\">Perch\u00e9 scegliere Qingdao H&amp;F per i sistemi a tirante<\/h2>\n<p class=\"whitespace-pre-wrap break-words\">Cercate un fornitore di tiranti di cui vi possiate fidare? Noi di Qingdao H&amp;F siamo orgogliosi di fare il passo pi\u00f9 lungo della gamba. Il nostro servizio one-to-one significa che riceverete un'attenzione personalizzata, sia che stiate lavorando a un piccolo progetto che a uno sviluppo massiccio.<\/p>\n<p class=\"whitespace-pre-wrap break-words\">Sappiamo che la costruzione non aspetta nessuno. Ecco perch\u00e9 abbiamo creato un sistema di consegna efficiente per farvi arrivare velocemente i tiranti, i fermi per l'acqua e i dadi ad alette, aiutandovi a rispettare i tempi.<\/p>\n<p class=\"whitespace-pre-wrap break-words\">Qui la qualit\u00e0 non \u00e8 solo una parola d'ordine, ma \u00e8 integrata in tutto ci\u00f2 che facciamo. Ogni prodotto \u00e8 sottoposto a test approfonditi e viene fornito con rapporti di ispezione dettagliati. Questo vi d\u00e0 la certezza che le nostre soluzioni funzioneranno quando \u00e8 pi\u00f9 importante.<\/p>\n<p class=\"whitespace-pre-wrap break-words\">Oltre a prodotti eccellenti, offriamo un'assistenza su cui potete contare. Il nostro team lavora per comprendere le vostre esigenze e fornire soluzioni adeguate. Questo approccio ci ha reso un partner di riferimento per i costruttori di tutto il mondo.<\/p>\n<h2 class=\"font-600 text-2xl font-bold\">Miglioramento dell'efficienza costruttiva con i sistemi a tiranti<\/h2>\n<p class=\"whitespace-pre-wrap break-words\">Il bello di un sistema di tiranti ben progettato \u00e8 che affronta pi\u00f9 sfide contemporaneamente. Mantiene la cassaforma allineata e previene i problemi di acqua, semplificando l'intero processo di costruzione.<\/p>\n<p class=\"whitespace-pre-wrap break-words\">La scelta del sistema giusto fa la differenza nel successo del vostro progetto. Se collaborate con Qingdao H&amp;F, otterrete molto di pi\u00f9 di semplici prodotti ad alte prestazioni: avrete il supporto di un team che sa il fatto suo e che ha a cuore il vostro successo.<\/p>\n<h2 class=\"font-600 text-2xl font-bold\">Conclusione<\/h2>\n<p class=\"whitespace-pre-wrap break-words\">I tiranti sono fondamentali per l'edilizia moderna e garantiscono la precisione e la resistenza necessarie per la realizzazione di solide strutture in calcestruzzo. Lavorando insieme agli arresti d'acqua e ai dadi ad alette, creano una soluzione completa per l'assemblaggio delle casseforme. Scegliendo Qingdao H&amp;F, sceglierete prodotti e servizi che contribuiranno al successo del vostro progetto.<\/p>\n<p class=\"whitespace-pre-wrap break-words\">Con oltre due decenni di attivit\u00e0 nel commercio estero, abbiamo costruito la nostra reputazione sulla fornitura di sistemi di tiranti di qualit\u00e0. Che si tratti di problemi di acqua o di un allineamento perfetto, abbiamo soluzioni che funzionano. Scoprite cosa rende Qingdao H&amp;F diversa: parliamo del vostro prossimo progetto.<\/p>\n<p>&nbsp;<\/p>","protected":false},"excerpt":{"rendered":"<p data-pm-slice=\"1 1 []\">I tiranti per casseforme sono indispensabili in edilizia, in quanto garantiscono la stabilit\u00e0 strutturale e l'allineamento durante il getto del calcestruzzo. Gli acquirenti cercano spesso sistemi di tiranti durevoli che si integrino perfettamente con gli arresti d'acqua e i dadi ad alette, offrendo la massima efficienza e affidabilit\u00e0. Noi di Qingdao H&amp;F soddisfiamo queste esigenze con un'assistenza personalizzata, consegne rapide e rapporti dettagliati di ispezione della qualit\u00e0, per garantire la fiducia in ogni acquisto.<\/p>","protected":false},"featured_media":8607,"comment_status":"open","ping_status":"closed","template":"","meta":{"site-sidebar-layout":"default","site-content-layout":"default","ast-site-content-layout":"default","site-content-style":"default","site-sidebar-style":"default","ast-global-header-display":"","ast-banner-title-visibility":"","ast-main-header-display":"","ast-hfb-above-header-display":"","ast-hfb-below-header-display":"","ast-hfb-mobile-header-display":"","site-post-title":"","ast-breadcrumbs-content":"","ast-featured-img":"","footer-sml-layout":"","theme-transparent-header-meta":"default","adv-header-id-meta":"","stick-header-meta":"default","header-above-stick-meta":"","header-main-stick-meta":"","header-below-stick-meta":"","astra-migrate-meta-layouts":"set","ast-page-background-enabled":"default","ast-page-background-meta":{"desktop":{"background-color":"","background-image":"","background-repeat":"repeat","background-position":"center center","background-size":"auto","background-attachment":"scroll","background-type":"","background-media":"","overlay-type":"","overlay-color":"","overlay-opacity":"","overlay-gradient":""},"tablet":{"background-color":"","background-image":"","background-repeat":"repeat","background-position":"center center","background-size":"auto","background-attachment":"scroll","background-type":"","background-media":"","overlay-type":"","overlay-color":"","overlay-opacity":"","overlay-gradient":""},"mobile":{"background-color":"","background-image":"","background-repeat":"repeat","background-position":"center center","background-size":"auto","background-attachment":"scroll","background-type":"","background-media":"","overlay-type":"","overlay-color":"","overlay-opacity":"","overlay-gradient":""}},"ast-content-background-meta":{"desktop":{"background-color":"var(--ast-global-color-5)","background-image":"","background-repeat":"repeat","background-position":"center center","background-size":"auto","background-attachment":"scroll","background-type":"","background-media":"","overlay-type":"","overlay-color":"","overlay-opacity":"","overlay-gradient":""},"tablet":{"background-color":"var(--ast-global-color-5)","background-image":"","background-repeat":"repeat","background-position":"center center","background-size":"auto","background-attachment":"scroll","background-type":"","background-media":"","overlay-type":"","overlay-color":"","overlay-opacity":"","overlay-gradient":""},"mobile":{"background-color":"var(--ast-global-color-5)","background-image":"","background-repeat":"repeat","background-position":"center center","background-size":"auto","background-attachment":"scroll","background-type":"","background-media":"","overlay-type":"","overlay-color":"","overlay-opacity":"","overlay-gradient":""}}},"product_brand":[],"product_cat":[79],"product_tag":[],"class_list":{"0":"post-2132","1":"product","2":"type-product","3":"status-publish","4":"has-post-thumbnail","6":"product_cat-tie-rod-system","7":"desktop-align-left","8":"tablet-align-left","9":"mobile-align-left","10":"ast-product-gallery-layout-horizontal-slider","11":"ast-product-tabs-layout-horizontal","13":"first","14":"instock","15":"shipping-taxable","16":"purchasable","17":"product-type-simple"},"yoast_head":"<!-- This site is optimized with the Yoast SEO plugin v25.2 - https:\/\/yoast.com\/wordpress\/plugins\/seo\/ -->\n<title>Concrete Formwork Tie Rod<\/title>\n<meta name=\"description\" content=\"Tie rod is reinforced straight steel rebar of large diameter with high strength and high dimensional accuracy external thread .\" \/>\n<meta name=\"robots\" content=\"index, follow, max-snippet:-1, max-image-preview:large, max-video-preview:-1\" \/>\n<link rel=\"canonical\" href=\"https:\/\/qingdaohf.com\/it\/prodotto\/tirante-per-casseforme\/\" \/>\n<meta property=\"og:locale\" content=\"it_IT\" \/>\n<meta property=\"og:type\" content=\"article\" \/>\n<meta property=\"og:title\" content=\"Concrete Formwork Tie Rod\" \/>\n<meta property=\"og:description\" content=\"Tie rod is reinforced straight steel rebar of large diameter with high strength and high dimensional accuracy external thread .\" \/>\n<meta property=\"og:url\" content=\"https:\/\/qingdaohf.com\/it\/prodotto\/tirante-per-casseforme\/\" \/>\n<meta property=\"og:site_name\" content=\"Concrete Form &amp; Rigging Hardware Supplier\" \/>\n<meta property=\"article:publisher\" content=\"https:\/\/www.facebook.com\/qingdaohf\" \/>\n<meta property=\"article:modified_time\" content=\"2025-11-13T01:06:19+00:00\" \/>\n<meta property=\"og:image\" content=\"https:\/\/qingdaohf.com\/wp-content\/uploads\/2023\/02\/tie-rod-system.webp\" \/>\n\t<meta property=\"og:image:width\" content=\"1000\" \/>\n\t<meta property=\"og:image:height\" content=\"1000\" \/>\n\t<meta property=\"og:image:type\" content=\"image\/webp\" \/>\n<meta name=\"twitter:card\" content=\"summary_large_image\" \/>\n<meta name=\"twitter:label1\" content=\"Tempo di lettura stimato\" \/>\n\t<meta name=\"twitter:data1\" content=\"4 minuti\" \/>\n<script type=\"application\/ld+json\" class=\"yoast-schema-graph\">{\"@context\":\"https:\/\/schema.org\",\"@graph\":[{\"@type\":\"WebPage\",\"@id\":\"https:\/\/qingdaohf.com\/product\/formwork-tie-rod\/\",\"url\":\"https:\/\/qingdaohf.com\/product\/formwork-tie-rod\/\",\"name\":\"Concrete Formwork Tie Rod\",\"isPartOf\":{\"@id\":\"https:\/\/qingdaohf.com\/bg\/#website\"},\"primaryImageOfPage\":{\"@id\":\"https:\/\/qingdaohf.com\/product\/formwork-tie-rod\/#primaryimage\"},\"image\":{\"@id\":\"https:\/\/qingdaohf.com\/product\/formwork-tie-rod\/#primaryimage\"},\"thumbnailUrl\":\"https:\/\/qingdaohf.com\/wp-content\/uploads\/2023\/02\/tie-rod-system.webp\",\"datePublished\":\"2023-02-10T09:41:17+00:00\",\"dateModified\":\"2025-11-13T01:06:19+00:00\",\"description\":\"Tie rod is reinforced straight steel rebar of large diameter with high strength and high dimensional accuracy external thread .\",\"breadcrumb\":{\"@id\":\"https:\/\/qingdaohf.com\/product\/formwork-tie-rod\/#breadcrumb\"},\"inLanguage\":\"it-IT\",\"potentialAction\":[{\"@type\":\"ReadAction\",\"target\":[\"https:\/\/qingdaohf.com\/product\/formwork-tie-rod\/\"]}]},{\"@type\":\"ImageObject\",\"inLanguage\":\"it-IT\",\"@id\":\"https:\/\/qingdaohf.com\/product\/formwork-tie-rod\/#primaryimage\",\"url\":\"https:\/\/qingdaohf.com\/wp-content\/uploads\/2023\/02\/tie-rod-system.webp\",\"contentUrl\":\"https:\/\/qingdaohf.com\/wp-content\/uploads\/2023\/02\/tie-rod-system.webp\",\"width\":1000,\"height\":1000,\"caption\":\"tie rod system\"},{\"@type\":\"BreadcrumbList\",\"@id\":\"https:\/\/qingdaohf.com\/product\/formwork-tie-rod\/#breadcrumb\",\"itemListElement\":[{\"@type\":\"ListItem\",\"position\":1,\"name\":\"Home\",\"item\":\"https:\/\/qingdaohf.com\/\"},{\"@type\":\"ListItem\",\"position\":2,\"name\":\"Concrete Forming Accessories and Rigging Hardware\",\"item\":\"https:\/\/qingdaohf.com\/bg\/?page_id=944\"},{\"@type\":\"ListItem\",\"position\":3,\"name\":\"Concrete Formwork Tie Rod\"}]},{\"@type\":\"WebSite\",\"@id\":\"https:\/\/qingdaohf.com\/bg\/#website\",\"url\":\"https:\/\/qingdaohf.com\/bg\/\",\"name\":\"Concrete Form & Rigging Hardware Supplier\",\"description\":\"\",\"publisher\":{\"@id\":\"https:\/\/qingdaohf.com\/bg\/#organization\"},\"potentialAction\":[{\"@type\":\"SearchAction\",\"target\":{\"@type\":\"EntryPoint\",\"urlTemplate\":\"https:\/\/qingdaohf.com\/bg\/?s={search_term_string}\"},\"query-input\":{\"@type\":\"PropertyValueSpecification\",\"valueRequired\":true,\"valueName\":\"search_term_string\"}}],\"inLanguage\":\"it-IT\"},{\"@type\":\"Organization\",\"@id\":\"https:\/\/qingdaohf.com\/bg\/#organization\",\"name\":\"Qingdao H&F\",\"url\":\"https:\/\/qingdaohf.com\/bg\/\",\"logo\":{\"@type\":\"ImageObject\",\"inLanguage\":\"it-IT\",\"@id\":\"https:\/\/qingdaohf.com\/bg\/#\/schema\/logo\/image\/\",\"url\":\"https:\/\/qingdaohf.com\/wp-content\/uploads\/2022\/12\/cropped-HF-LOGO.png\",\"contentUrl\":\"https:\/\/qingdaohf.com\/wp-content\/uploads\/2022\/12\/cropped-HF-LOGO.png\",\"width\":391,\"height\":249,\"caption\":\"Qingdao H&F\"},\"image\":{\"@id\":\"https:\/\/qingdaohf.com\/bg\/#\/schema\/logo\/image\/\"},\"sameAs\":[\"https:\/\/www.facebook.com\/qingdaohf\"]}]}<\/script>\n<!-- \/ Yoast SEO plugin. -->","yoast_head_json":{"title":"Concrete Formwork Tie Rod","description":"Tie rod is reinforced straight steel rebar of large diameter with high strength and high dimensional accuracy external thread .","robots":{"index":"index","follow":"follow","max-snippet":"max-snippet:-1","max-image-preview":"max-image-preview:large","max-video-preview":"max-video-preview:-1"},"canonical":"https:\/\/qingdaohf.com\/it\/prodotto\/tirante-per-casseforme\/","og_locale":"it_IT","og_type":"article","og_title":"Concrete Formwork Tie Rod","og_description":"Tie rod is reinforced straight steel rebar of large diameter with high strength and high dimensional accuracy external thread .","og_url":"https:\/\/qingdaohf.com\/it\/prodotto\/tirante-per-casseforme\/","og_site_name":"Concrete Form &amp; Rigging Hardware Supplier","article_publisher":"https:\/\/www.facebook.com\/qingdaohf","article_modified_time":"2025-11-13T01:06:19+00:00","og_image":[{"width":1000,"height":1000,"url":"https:\/\/qingdaohf.com\/wp-content\/uploads\/2023\/02\/tie-rod-system.webp","type":"image\/webp"}],"twitter_card":"summary_large_image","twitter_misc":{"Tempo di lettura stimato":"4 minuti"},"schema":{"@context":"https:\/\/schema.org","@graph":[{"@type":"WebPage","@id":"https:\/\/qingdaohf.com\/product\/formwork-tie-rod\/","url":"https:\/\/qingdaohf.com\/product\/formwork-tie-rod\/","name":"Concrete Formwork Tie Rod","isPartOf":{"@id":"https:\/\/qingdaohf.com\/bg\/#website"},"primaryImageOfPage":{"@id":"https:\/\/qingdaohf.com\/product\/formwork-tie-rod\/#primaryimage"},"image":{"@id":"https:\/\/qingdaohf.com\/product\/formwork-tie-rod\/#primaryimage"},"thumbnailUrl":"https:\/\/qingdaohf.com\/wp-content\/uploads\/2023\/02\/tie-rod-system.webp","datePublished":"2023-02-10T09:41:17+00:00","dateModified":"2025-11-13T01:06:19+00:00","description":"Tie rod is reinforced straight steel rebar of large diameter with high strength and high dimensional accuracy external thread .","breadcrumb":{"@id":"https:\/\/qingdaohf.com\/product\/formwork-tie-rod\/#breadcrumb"},"inLanguage":"it-IT","potentialAction":[{"@type":"ReadAction","target":["https:\/\/qingdaohf.com\/product\/formwork-tie-rod\/"]}]},{"@type":"ImageObject","inLanguage":"it-IT","@id":"https:\/\/qingdaohf.com\/product\/formwork-tie-rod\/#primaryimage","url":"https:\/\/qingdaohf.com\/wp-content\/uploads\/2023\/02\/tie-rod-system.webp","contentUrl":"https:\/\/qingdaohf.com\/wp-content\/uploads\/2023\/02\/tie-rod-system.webp","width":1000,"height":1000,"caption":"tie rod system"},{"@type":"BreadcrumbList","@id":"https:\/\/qingdaohf.com\/product\/formwork-tie-rod\/#breadcrumb","itemListElement":[{"@type":"ListItem","position":1,"name":"Home","item":"https:\/\/qingdaohf.com\/"},{"@type":"ListItem","position":2,"name":"Concrete Forming Accessories and Rigging Hardware","item":"https:\/\/qingdaohf.com\/bg\/?page_id=944"},{"@type":"ListItem","position":3,"name":"Concrete Formwork Tie Rod"}]},{"@type":"WebSite","@id":"https:\/\/qingdaohf.com\/bg\/#website","url":"https:\/\/qingdaohf.com\/bg\/","name":"Concrete Form & Rigging Hardware Supplier","description":"","publisher":{"@id":"https:\/\/qingdaohf.com\/bg\/#organization"},"potentialAction":[{"@type":"SearchAction","target":{"@type":"EntryPoint","urlTemplate":"https:\/\/qingdaohf.com\/bg\/?s={search_term_string}"},"query-input":{"@type":"PropertyValueSpecification","valueRequired":true,"valueName":"search_term_string"}}],"inLanguage":"it-IT"},{"@type":"Organization","@id":"https:\/\/qingdaohf.com\/bg\/#organization","name":"Qingdao H&F","url":"https:\/\/qingdaohf.com\/bg\/","logo":{"@type":"ImageObject","inLanguage":"it-IT","@id":"https:\/\/qingdaohf.com\/bg\/#\/schema\/logo\/image\/","url":"https:\/\/qingdaohf.com\/wp-content\/uploads\/2022\/12\/cropped-HF-LOGO.png","contentUrl":"https:\/\/qingdaohf.com\/wp-content\/uploads\/2022\/12\/cropped-HF-LOGO.png","width":391,"height":249,"caption":"Qingdao H&F"},"image":{"@id":"https:\/\/qingdaohf.com\/bg\/#\/schema\/logo\/image\/"},"sameAs":["https:\/\/www.facebook.com\/qingdaohf"]}]}},"_links":{"self":[{"href":"https:\/\/qingdaohf.com\/it\/wp-json\/wp\/v2\/product\/2132","targetHints":{"allow":["GET"]}}],"collection":[{"href":"https:\/\/qingdaohf.com\/it\/wp-json\/wp\/v2\/product"}],"about":[{"href":"https:\/\/qingdaohf.com\/it\/wp-json\/wp\/v2\/types\/product"}],"replies":[{"embeddable":true,"href":"https:\/\/qingdaohf.com\/it\/wp-json\/wp\/v2\/comments?post=2132"}],"version-history":[{"count":4,"href":"https:\/\/qingdaohf.com\/it\/wp-json\/wp\/v2\/product\/2132\/revisions"}],"predecessor-version":[{"id":3498,"href":"https:\/\/qingdaohf.com\/it\/wp-json\/wp\/v2\/product\/2132\/revisions\/3498"}],"wp:featuredmedia":[{"embeddable":true,"href":"https:\/\/qingdaohf.com\/it\/wp-json\/wp\/v2\/media\/8607"}],"wp:attachment":[{"href":"https:\/\/qingdaohf.com\/it\/wp-json\/wp\/v2\/media?parent=2132"}],"wp:term":[{"taxonomy":"product_brand","embeddable":true,"href":"https:\/\/qingdaohf.com\/it\/wp-json\/wp\/v2\/product_brand?post=2132"},{"taxonomy":"product_cat","embeddable":true,"href":"https:\/\/qingdaohf.com\/it\/wp-json\/wp\/v2\/product_cat?post=2132"},{"taxonomy":"product_tag","embeddable":true,"href":"https:\/\/qingdaohf.com\/it\/wp-json\/wp\/v2\/product_tag?post=2132"}],"curies":[{"name":"wp","href":"https:\/\/api.w.org\/{rel}","templated":true}]}}