{"id":2646,"date":"2023-03-02T15:27:12","date_gmt":"2023-03-02T07:27:12","guid":{"rendered":"http:\/\/qingdaohf.com\/?post_type=product&#038;p=2646"},"modified":"2025-11-13T09:05:52","modified_gmt":"2025-11-13T01:05:52","slug":"elephant-foot-ferrule","status":"publish","type":"product","link":"https:\/\/qingdaohf.com\/it\/prodotto\/ghiera-roud-ghiera-piede-delefante\/","title":{"rendered":"Ghiera a piede d'elefante"},"content":{"rendered":"<h2 class=\"text-2xl font-bold mt-1 text-text-200\">Cosa sono le ghiere a zampa d'elefante e perch\u00e9 sono importanti?<\/h2>\n<p class=\"whitespace-pre-wrap break-words\">Vi siete mai chiesti perch\u00e9 si chiamano ghiere \"a zampa d'elefante\"? Basta guardarne uno per capirlo: questi componenti fondamentali per il sartiame hanno una caratteristica base svasata che rispecchia la zampa di un elefante. Ma la loro forma unica non \u00e8 solo un'apparenza. Queste ghiere specializzate sono gli eroi non celebrati del mondo del rigging e creano connessioni solide come la roccia tra funi metalliche e sistemi di sollevamento. Il loro design intelligente distribuisce la pressione in modo uniforme sui trefoli della fune, evitando lo sfilacciamento e mantenendo la resistenza del cavo quando \u00e8 pi\u00f9 importante.<\/p>\n<p class=\"whitespace-pre-wrap break-words\">Siamo sinceri: la scelta della ghiera giusta non \u00e8 qualcosa da prendere alla leggera. Quando si ha a che fare con il sollevamento di carichi pesanti, con il lavoro in mare o con qualsiasi applicazione di rigging in cui la tensione \u00e8 alle stelle, la scelta della ghiera pu\u00f2 rendere possibile o meno un'operazione, a volte letteralmente. Ecco perch\u00e9 la conoscenza di questi componenti non \u00e8 solo utile, ma \u00e8 essenziale per chiunque lavori nel settore.<\/p>\n<p><img fetchpriority=\"high\" decoding=\"async\" class=\"alignnone size-full wp-image-3403\" src=\"http:\/\/qingdaohf.com\/wp-content\/uploads\/2023\/03\/50-3.jpg\" alt=\"scheda\" width=\"1200\" height=\"412\" srcset=\"https:\/\/qingdaohf.com\/wp-content\/uploads\/2023\/03\/50-3.jpg 1200w, https:\/\/qingdaohf.com\/wp-content\/uploads\/2023\/03\/50-3-300x103.jpg 300w, https:\/\/qingdaohf.com\/wp-content\/uploads\/2023\/03\/50-3-1024x352.jpg 1024w, https:\/\/qingdaohf.com\/wp-content\/uploads\/2023\/03\/50-3-768x264.jpg 768w, https:\/\/qingdaohf.com\/wp-content\/uploads\/2023\/03\/50-3-1000x343.jpg 1000w\" sizes=\"(max-width: 1200px) 100vw, 1200px\" \/><\/p>\n<h2 class=\"text-2xl font-bold mt-1 text-text-200\">Perch\u00e9 scegliere Qingdao H&amp;F per le ghiere a piede d'elefante?<\/h2>\n<p class=\"whitespace-pre-wrap break-words\">Noi di Qingdao H&amp;F lo capiamo: quando vi rifornite di ferramenta per il rigging, avete bisogno di un partner che vi fornisca pi\u00f9 di semplici pezzi di ricambio. Avvalendoci di anni di esperienza nel commercio internazionale, abbiamo costruito la nostra reputazione sulla realizzazione di ghiere di qualit\u00e0 superiore che fanno strada. Ma sappiamo che gli ottimi prodotti sono solo il punto di partenza.<\/p>\n<p class=\"whitespace-pre-wrap break-words\">Cosa ci distingue? Per cominciare, lavorerete direttamente con una persona dedicata all'assistenza che sa il fatto suo. Niente telefono fisso, niente giri di parole: solo chiacchiere dirette e soluzioni su misura per le esigenze del vostro progetto. Avete bisogno di specifiche personalizzate? Certificazioni speciali? Ci pensiamo noi. E poich\u00e9 il tempo \u00e8 denaro, abbiamo snellito il nostro processo di consegna per far s\u00ec che la vostra attivit\u00e0 sia sempre in movimento.<\/p>\n<p class=\"whitespace-pre-wrap break-words\">Qui la qualit\u00e0 non \u00e8 solo una parola d'ordine. Ogni ghiera viene sottoposta a test approfonditi: parliamo di resistenza del materiale, resistenza alla corrosione, precisione dimensionale, tutto quanto. Ogni ordine, che si tratti di un singolo pezzo o di un migliaio, \u00e8 supportato da rapporti di ispezione dettagliati. Perch\u00e9 quando \u00e8 in gioco la sicurezza, \"abbastanza\" non \u00e8 sufficiente.<\/p>\n<h2 class=\"text-2xl font-bold mt-1 text-text-200\">Comprendere la progettazione e l'applicazione delle ghiere a zampa d'elefante<\/h2>\n<p class=\"whitespace-pre-wrap break-words\">La genialit\u00e0 di queste ghiere sta nella loro forma particolare. La base pi\u00f9 larga non \u00e8 solo estetica, ma crea una superficie di compressione extra, afferrando la fune metallica in modo pi\u00f9 efficace rispetto alle ghiere standard. Quando si applica la pressione, il carico si distribuisce uniformemente sui trefoli della fune, evitando i punti di stress che possono portare a guasti. Questo design intelligente riduce anche l'attrito dove serve, allungando la vita della ghiera e della fune.<\/p>\n<p class=\"whitespace-pre-wrap break-words\">Dalle piattaforme offshore ai cantieri, ovunque ci siano operazioni di sollevamento serie, troverete queste ghiere al lavoro. Il loro vero punto di forza? L'adattabilit\u00e0. Che si tratti di corde in acciaio inox, acciaio zincato o leghe speciali, le ghiere a piede di elefante sono in grado di gestirle. Questa versatilit\u00e0 li rende ideali sia per installazioni permanenti che per allestimenti temporanei in cui l'affidabilit\u00e0 non pu\u00f2 essere compromessa.<\/p>\n<h2 class=\"text-2xl font-bold mt-1 text-text-200\">Come le ghiere a zampa d'elefante contribuiscono a sicurezza e prestazioni<\/h2>\n<p class=\"whitespace-pre-wrap break-words\">Nel mondo dei macchinari pesanti e delle attrezzature di sollevamento, non esiste un componente \"minore\". Ogni pezzo \u00e8 importante e queste ghiere svolgono un ruolo cruciale nel prevenire gli scenari da incubo: scivolamento della fune, sfilacciamento o rotture catastrofiche. Quando si sollevano carichi che possono causare gravi danni o lesioni se qualcosa va storto, \u00e8 necessario un hardware di cui ci si possa fidare.<\/p>\n<p class=\"whitespace-pre-wrap break-words\">Queste non sono le solite ghiere. Costruite con materiali di alto livello e prodotte con precisione, sono progettate per resistere alle tempeste, letteralmente. Dagli ambienti corrosivi alle temperature estreme e alle applicazioni ad alta sollecitazione, continuano a funzionare anche quando un hardware inferiore si guasterebbe. Se a ci\u00f2 si aggiunge il nostro rigoroso controllo di qualit\u00e0, si ottiene una tranquillit\u00e0 su cui poter contare.<\/p>\n<h2 class=\"text-2xl font-bold mt-1 text-text-200\">Il vantaggio di Qingdao H&amp;F<\/h2>\n<p><img decoding=\"async\" class=\"alignnone wp-image-8732 size-full\" src=\"http:\/\/qingdaohf.com\/wp-content\/uploads\/2023\/03\/HF-packing-5-1.webp\" alt=\"Imballaggio HF\" width=\"1920\" height=\"1080\" srcset=\"https:\/\/qingdaohf.com\/wp-content\/uploads\/2023\/03\/HF-packing-5-1.webp 1920w, https:\/\/qingdaohf.com\/wp-content\/uploads\/2023\/03\/HF-packing-5-1-300x169.webp 300w, https:\/\/qingdaohf.com\/wp-content\/uploads\/2023\/03\/HF-packing-5-1-1024x576.webp 1024w, https:\/\/qingdaohf.com\/wp-content\/uploads\/2023\/03\/HF-packing-5-1-768x432.webp 768w, https:\/\/qingdaohf.com\/wp-content\/uploads\/2023\/03\/HF-packing-5-1-1536x864.webp 1536w, https:\/\/qingdaohf.com\/wp-content\/uploads\/2023\/03\/HF-packing-5-1-18x10.webp 18w, https:\/\/qingdaohf.com\/wp-content\/uploads\/2023\/03\/HF-packing-5-1-1000x563.webp 1000w\" sizes=\"(max-width: 1920px) 100vw, 1920px\" \/><\/p>\n<p class=\"whitespace-pre-wrap break-words\">Scegliere Qingdao H&amp;F significa molto di pi\u00f9 che acquistare ghiere: si tratta di un partner che investe nel vostro successo. Il nostro team vive e respira l'industria del rigging ed \u00e8 qui per aiutarvi a risolvere sia le sfide immediate che gli obiettivi a lungo termine.<\/p>\n<p class=\"whitespace-pre-wrap break-words\">Ci siamo guadagnati la nostra reputazione nel modo pi\u00f9 duro: offrendo costantemente prodotti di qualit\u00e0, spedizioni rapide e un'assistenza su cui potete davvero contare. Volete provare prima di investire? Vi invieremo campioni gratuiti dei nostri prodotti a fune. Questo approccio pratico vi consente di verificare la compatibilit\u00e0 e le prestazioni prima di prendere decisioni importanti.<\/p>\n<h2 class=\"text-2xl font-bold mt-1 text-text-200\">Conclusione<\/h2>\n<p class=\"whitespace-pre-wrap break-words\">Quando si tratta di operazioni di sollevamento, le ghiere per piedi di elefante non sono solo un altro pezzo: sono la tranquillit\u00e0 fatta metallo. Noi di Qingdao H&amp;F combiniamo prodotti di alta qualit\u00e0 con l'esperienza e l'assistenza di cui avete bisogno per far funzionare le cose senza intoppi. Che si tratti di costruzioni, lavori marini o qualsiasi altro settore che richieda componenti di sartiame a prova di proiettile, le nostre ghiere sono all'altezza della situazione. Grazie a test completi, assistenza personale e tempi di consegna rapidi, siamo pronti a diventare il vostro partner di riferimento per le attrezzature di sollevamento e rigging. Pronti a saperne di pi\u00f9? Parliamo di come le nostre ghiere a piede d'elefante possono elevare il vostro prossimo progetto.<\/p>","protected":false},"excerpt":{"rendered":"<p>Le ghiere con piede a zampa d'elefante sono di grande importanza nell'industria del rigging e del sollevamento, dove servono a stabilire una connessione forte e sicura tra le funi metalliche per migliorare le prestazioni quando sono sottoposte ad applicazioni pesanti. La qualit\u00e0, l'accuratezza e la compatibilit\u00e0 sono le preoccupazioni abituali di ogni acquirente; con le ghiere a piede d'elefante di Qingdao H&amp;F, avrete la certezza di una soluzione di alta qualit\u00e0 che risponder\u00e0 anche alle richieste pi\u00f9 esigenti. Il servizio clienti one-to-one, i cicli di consegna rapidi e i rapporti completi di ispezione della qualit\u00e0 sono solo alcuni dei vantaggi che vi assicurano di ottenere sempre il prodotto migliore, su misura per le vostre esigenze. Che si tratti di dimensioni personalizzate o di una soluzione rapida, possiamo aiutarvi in ogni fase del progetto.<\/p>","protected":false},"featured_media":3398,"comment_status":"open","ping_status":"closed","template":"","meta":{"site-sidebar-layout":"default","site-content-layout":"default","ast-site-content-layout":"default","site-content-style":"default","site-sidebar-style":"default","ast-global-header-display":"","ast-banner-title-visibility":"","ast-main-header-display":"","ast-hfb-above-header-display":"","ast-hfb-below-header-display":"","ast-hfb-mobile-header-display":"","site-post-title":"","ast-breadcrumbs-content":"","ast-featured-img":"","footer-sml-layout":"","theme-transparent-header-meta":"default","adv-header-id-meta":"","stick-header-meta":"default","header-above-stick-meta":"","header-main-stick-meta":"","header-below-stick-meta":"","astra-migrate-meta-layouts":"set","ast-page-background-enabled":"default","ast-page-background-meta":{"desktop":{"background-color":"","background-image":"","background-repeat":"repeat","background-position":"center center","background-size":"auto","background-attachment":"scroll","background-type":"","background-media":"","overlay-type":"","overlay-color":"","overlay-opacity":"","overlay-gradient":""},"tablet":{"background-color":"","background-image":"","background-repeat":"repeat","background-position":"center center","background-size":"auto","background-attachment":"scroll","background-type":"","background-media":"","overlay-type":"","overlay-color":"","overlay-opacity":"","overlay-gradient":""},"mobile":{"background-color":"","background-image":"","background-repeat":"repeat","background-position":"center center","background-size":"auto","background-attachment":"scroll","background-type":"","background-media":"","overlay-type":"","overlay-color":"","overlay-opacity":"","overlay-gradient":""}},"ast-content-background-meta":{"desktop":{"background-color":"var(--ast-global-color-5)","background-image":"","background-repeat":"repeat","background-position":"center center","background-size":"auto","background-attachment":"scroll","background-type":"","background-media":"","overlay-type":"","overlay-color":"","overlay-opacity":"","overlay-gradient":""},"tablet":{"background-color":"var(--ast-global-color-5)","background-image":"","background-repeat":"repeat","background-position":"center center","background-size":"auto","background-attachment":"scroll","background-type":"","background-media":"","overlay-type":"","overlay-color":"","overlay-opacity":"","overlay-gradient":""},"mobile":{"background-color":"var(--ast-global-color-5)","background-image":"","background-repeat":"repeat","background-position":"center center","background-size":"auto","background-attachment":"scroll","background-type":"","background-media":"","overlay-type":"","overlay-color":"","overlay-opacity":"","overlay-gradient":""}}},"product_brand":[],"product_cat":[50,30],"product_tag":[],"class_list":{"0":"post-2646","1":"product","2":"type-product","3":"status-publish","4":"has-post-thumbnail","6":"product_cat-concrete-form-accessories","7":"product_cat-lifting-anchor","8":"desktop-align-left","9":"tablet-align-left","10":"mobile-align-left","11":"ast-product-gallery-layout-horizontal-slider","12":"ast-product-tabs-layout-horizontal","14":"first","15":"instock","16":"shipping-taxable","17":"purchasable","18":"product-type-simple"},"yoast_head":"<!-- This site is optimized with the Yoast SEO plugin v25.2 - https:\/\/yoast.com\/wordpress\/plugins\/seo\/ -->\n<title>Elephant Foot Ferrule<\/title>\n<meta name=\"description\" content=\"Roud Ferrule and Elephant Foot Ferrule it helps to ensure the integrity and longevity of the structures we build.\" \/>\n<meta name=\"robots\" content=\"index, follow, max-snippet:-1, max-image-preview:large, max-video-preview:-1\" \/>\n<link rel=\"canonical\" href=\"https:\/\/qingdaohf.com\/it\/prodotto\/ghiera-roud-ghiera-piede-delefante\/\" \/>\n<meta property=\"og:locale\" content=\"it_IT\" \/>\n<meta property=\"og:type\" content=\"article\" \/>\n<meta property=\"og:title\" content=\"Elephant Foot Ferrule\" \/>\n<meta property=\"og:description\" content=\"Roud Ferrule and Elephant Foot Ferrule it helps to ensure the integrity and longevity of the structures we build.\" \/>\n<meta property=\"og:url\" content=\"https:\/\/qingdaohf.com\/it\/prodotto\/ghiera-roud-ghiera-piede-delefante\/\" \/>\n<meta property=\"og:site_name\" content=\"Concrete Form &amp; Rigging Hardware Supplier\" \/>\n<meta property=\"article:publisher\" content=\"https:\/\/www.facebook.com\/qingdaohf\" \/>\n<meta property=\"article:modified_time\" content=\"2025-11-13T01:05:52+00:00\" \/>\n<meta property=\"og:image\" content=\"https:\/\/qingdaohf.com\/wp-content\/uploads\/2023\/03\/roud-ferrule-elephant-foot-ferrule-4-1.jpg\" \/>\n\t<meta property=\"og:image:width\" content=\"1000\" \/>\n\t<meta property=\"og:image:height\" content=\"1000\" \/>\n\t<meta property=\"og:image:type\" content=\"image\/jpeg\" \/>\n<meta name=\"twitter:card\" content=\"summary_large_image\" \/>\n<meta name=\"twitter:label1\" content=\"Tempo di lettura stimato\" \/>\n\t<meta name=\"twitter:data1\" content=\"4 minuti\" \/>\n<script type=\"application\/ld+json\" class=\"yoast-schema-graph\">{\"@context\":\"https:\/\/schema.org\",\"@graph\":[{\"@type\":\"WebPage\",\"@id\":\"https:\/\/qingdaohf.com\/product\/elephant-foot-ferrule\/\",\"url\":\"https:\/\/qingdaohf.com\/product\/elephant-foot-ferrule\/\",\"name\":\"Elephant Foot Ferrule\",\"isPartOf\":{\"@id\":\"https:\/\/qingdaohf.com\/bg\/#website\"},\"primaryImageOfPage\":{\"@id\":\"https:\/\/qingdaohf.com\/product\/elephant-foot-ferrule\/#primaryimage\"},\"image\":{\"@id\":\"https:\/\/qingdaohf.com\/product\/elephant-foot-ferrule\/#primaryimage\"},\"thumbnailUrl\":\"https:\/\/qingdaohf.com\/wp-content\/uploads\/2023\/03\/roud-ferrule-elephant-foot-ferrule-4-1.jpg\",\"datePublished\":\"2023-03-02T07:27:12+00:00\",\"dateModified\":\"2025-11-13T01:05:52+00:00\",\"description\":\"Roud Ferrule and Elephant Foot Ferrule it helps to ensure the integrity and longevity of the structures we build.\",\"breadcrumb\":{\"@id\":\"https:\/\/qingdaohf.com\/product\/elephant-foot-ferrule\/#breadcrumb\"},\"inLanguage\":\"it-IT\",\"potentialAction\":[{\"@type\":\"ReadAction\",\"target\":[\"https:\/\/qingdaohf.com\/product\/elephant-foot-ferrule\/\"]}]},{\"@type\":\"ImageObject\",\"inLanguage\":\"it-IT\",\"@id\":\"https:\/\/qingdaohf.com\/product\/elephant-foot-ferrule\/#primaryimage\",\"url\":\"https:\/\/qingdaohf.com\/wp-content\/uploads\/2023\/03\/roud-ferrule-elephant-foot-ferrule-4-1.jpg\",\"contentUrl\":\"https:\/\/qingdaohf.com\/wp-content\/uploads\/2023\/03\/roud-ferrule-elephant-foot-ferrule-4-1.jpg\",\"width\":1000,\"height\":1000,\"caption\":\"roud ferrule elephant foot ferrule\"},{\"@type\":\"BreadcrumbList\",\"@id\":\"https:\/\/qingdaohf.com\/product\/elephant-foot-ferrule\/#breadcrumb\",\"itemListElement\":[{\"@type\":\"ListItem\",\"position\":1,\"name\":\"Home\",\"item\":\"https:\/\/qingdaohf.com\/\"},{\"@type\":\"ListItem\",\"position\":2,\"name\":\"Concrete Forming Accessories and Rigging Hardware\",\"item\":\"https:\/\/qingdaohf.com\/bg\/?page_id=944\"},{\"@type\":\"ListItem\",\"position\":3,\"name\":\"Elephant Foot Ferrule\"}]},{\"@type\":\"WebSite\",\"@id\":\"https:\/\/qingdaohf.com\/bg\/#website\",\"url\":\"https:\/\/qingdaohf.com\/bg\/\",\"name\":\"Concrete Form & Rigging Hardware Supplier\",\"description\":\"\",\"publisher\":{\"@id\":\"https:\/\/qingdaohf.com\/bg\/#organization\"},\"potentialAction\":[{\"@type\":\"SearchAction\",\"target\":{\"@type\":\"EntryPoint\",\"urlTemplate\":\"https:\/\/qingdaohf.com\/bg\/?s={search_term_string}\"},\"query-input\":{\"@type\":\"PropertyValueSpecification\",\"valueRequired\":true,\"valueName\":\"search_term_string\"}}],\"inLanguage\":\"it-IT\"},{\"@type\":\"Organization\",\"@id\":\"https:\/\/qingdaohf.com\/bg\/#organization\",\"name\":\"Qingdao H&F\",\"url\":\"https:\/\/qingdaohf.com\/bg\/\",\"logo\":{\"@type\":\"ImageObject\",\"inLanguage\":\"it-IT\",\"@id\":\"https:\/\/qingdaohf.com\/bg\/#\/schema\/logo\/image\/\",\"url\":\"https:\/\/qingdaohf.com\/wp-content\/uploads\/2022\/12\/cropped-HF-LOGO.png\",\"contentUrl\":\"https:\/\/qingdaohf.com\/wp-content\/uploads\/2022\/12\/cropped-HF-LOGO.png\",\"width\":391,\"height\":249,\"caption\":\"Qingdao H&F\"},\"image\":{\"@id\":\"https:\/\/qingdaohf.com\/bg\/#\/schema\/logo\/image\/\"},\"sameAs\":[\"https:\/\/www.facebook.com\/qingdaohf\"]}]}<\/script>\n<!-- \/ Yoast SEO plugin. -->","yoast_head_json":{"title":"Elephant Foot Ferrule","description":"Roud Ferrule and Elephant Foot Ferrule it helps to ensure the integrity and longevity of the structures we build.","robots":{"index":"index","follow":"follow","max-snippet":"max-snippet:-1","max-image-preview":"max-image-preview:large","max-video-preview":"max-video-preview:-1"},"canonical":"https:\/\/qingdaohf.com\/it\/prodotto\/ghiera-roud-ghiera-piede-delefante\/","og_locale":"it_IT","og_type":"article","og_title":"Elephant Foot Ferrule","og_description":"Roud Ferrule and Elephant Foot Ferrule it helps to ensure the integrity and longevity of the structures we build.","og_url":"https:\/\/qingdaohf.com\/it\/prodotto\/ghiera-roud-ghiera-piede-delefante\/","og_site_name":"Concrete Form &amp; Rigging Hardware Supplier","article_publisher":"https:\/\/www.facebook.com\/qingdaohf","article_modified_time":"2025-11-13T01:05:52+00:00","og_image":[{"width":1000,"height":1000,"url":"https:\/\/qingdaohf.com\/wp-content\/uploads\/2023\/03\/roud-ferrule-elephant-foot-ferrule-4-1.jpg","type":"image\/jpeg"}],"twitter_card":"summary_large_image","twitter_misc":{"Tempo di lettura stimato":"4 minuti"},"schema":{"@context":"https:\/\/schema.org","@graph":[{"@type":"WebPage","@id":"https:\/\/qingdaohf.com\/product\/elephant-foot-ferrule\/","url":"https:\/\/qingdaohf.com\/product\/elephant-foot-ferrule\/","name":"Elephant Foot Ferrule","isPartOf":{"@id":"https:\/\/qingdaohf.com\/bg\/#website"},"primaryImageOfPage":{"@id":"https:\/\/qingdaohf.com\/product\/elephant-foot-ferrule\/#primaryimage"},"image":{"@id":"https:\/\/qingdaohf.com\/product\/elephant-foot-ferrule\/#primaryimage"},"thumbnailUrl":"https:\/\/qingdaohf.com\/wp-content\/uploads\/2023\/03\/roud-ferrule-elephant-foot-ferrule-4-1.jpg","datePublished":"2023-03-02T07:27:12+00:00","dateModified":"2025-11-13T01:05:52+00:00","description":"Roud Ferrule and Elephant Foot Ferrule it helps to ensure the integrity and longevity of the structures we build.","breadcrumb":{"@id":"https:\/\/qingdaohf.com\/product\/elephant-foot-ferrule\/#breadcrumb"},"inLanguage":"it-IT","potentialAction":[{"@type":"ReadAction","target":["https:\/\/qingdaohf.com\/product\/elephant-foot-ferrule\/"]}]},{"@type":"ImageObject","inLanguage":"it-IT","@id":"https:\/\/qingdaohf.com\/product\/elephant-foot-ferrule\/#primaryimage","url":"https:\/\/qingdaohf.com\/wp-content\/uploads\/2023\/03\/roud-ferrule-elephant-foot-ferrule-4-1.jpg","contentUrl":"https:\/\/qingdaohf.com\/wp-content\/uploads\/2023\/03\/roud-ferrule-elephant-foot-ferrule-4-1.jpg","width":1000,"height":1000,"caption":"roud ferrule elephant foot ferrule"},{"@type":"BreadcrumbList","@id":"https:\/\/qingdaohf.com\/product\/elephant-foot-ferrule\/#breadcrumb","itemListElement":[{"@type":"ListItem","position":1,"name":"Home","item":"https:\/\/qingdaohf.com\/"},{"@type":"ListItem","position":2,"name":"Concrete Forming Accessories and Rigging Hardware","item":"https:\/\/qingdaohf.com\/bg\/?page_id=944"},{"@type":"ListItem","position":3,"name":"Elephant Foot Ferrule"}]},{"@type":"WebSite","@id":"https:\/\/qingdaohf.com\/bg\/#website","url":"https:\/\/qingdaohf.com\/bg\/","name":"Concrete Form & Rigging Hardware Supplier","description":"","publisher":{"@id":"https:\/\/qingdaohf.com\/bg\/#organization"},"potentialAction":[{"@type":"SearchAction","target":{"@type":"EntryPoint","urlTemplate":"https:\/\/qingdaohf.com\/bg\/?s={search_term_string}"},"query-input":{"@type":"PropertyValueSpecification","valueRequired":true,"valueName":"search_term_string"}}],"inLanguage":"it-IT"},{"@type":"Organization","@id":"https:\/\/qingdaohf.com\/bg\/#organization","name":"Qingdao H&F","url":"https:\/\/qingdaohf.com\/bg\/","logo":{"@type":"ImageObject","inLanguage":"it-IT","@id":"https:\/\/qingdaohf.com\/bg\/#\/schema\/logo\/image\/","url":"https:\/\/qingdaohf.com\/wp-content\/uploads\/2022\/12\/cropped-HF-LOGO.png","contentUrl":"https:\/\/qingdaohf.com\/wp-content\/uploads\/2022\/12\/cropped-HF-LOGO.png","width":391,"height":249,"caption":"Qingdao H&F"},"image":{"@id":"https:\/\/qingdaohf.com\/bg\/#\/schema\/logo\/image\/"},"sameAs":["https:\/\/www.facebook.com\/qingdaohf"]}]}},"_links":{"self":[{"href":"https:\/\/qingdaohf.com\/it\/wp-json\/wp\/v2\/product\/2646","targetHints":{"allow":["GET"]}}],"collection":[{"href":"https:\/\/qingdaohf.com\/it\/wp-json\/wp\/v2\/product"}],"about":[{"href":"https:\/\/qingdaohf.com\/it\/wp-json\/wp\/v2\/types\/product"}],"replies":[{"embeddable":true,"href":"https:\/\/qingdaohf.com\/it\/wp-json\/wp\/v2\/comments?post=2646"}],"version-history":[{"count":4,"href":"https:\/\/qingdaohf.com\/it\/wp-json\/wp\/v2\/product\/2646\/revisions"}],"predecessor-version":[{"id":8734,"href":"https:\/\/qingdaohf.com\/it\/wp-json\/wp\/v2\/product\/2646\/revisions\/8734"}],"wp:featuredmedia":[{"embeddable":true,"href":"https:\/\/qingdaohf.com\/it\/wp-json\/wp\/v2\/media\/3398"}],"wp:attachment":[{"href":"https:\/\/qingdaohf.com\/it\/wp-json\/wp\/v2\/media?parent=2646"}],"wp:term":[{"taxonomy":"product_brand","embeddable":true,"href":"https:\/\/qingdaohf.com\/it\/wp-json\/wp\/v2\/product_brand?post=2646"},{"taxonomy":"product_cat","embeddable":true,"href":"https:\/\/qingdaohf.com\/it\/wp-json\/wp\/v2\/product_cat?post=2646"},{"taxonomy":"product_tag","embeddable":true,"href":"https:\/\/qingdaohf.com\/it\/wp-json\/wp\/v2\/product_tag?post=2646"}],"curies":[{"name":"wp","href":"https:\/\/api.w.org\/{rel}","templated":true}]}}