{"id":4030,"date":"2023-05-25T17:44:11","date_gmt":"2023-05-25T09:44:11","guid":{"rendered":"http:\/\/qingdaohf.com\/?post_type=product&#038;p=4030"},"modified":"2025-11-13T09:04:43","modified_gmt":"2025-11-13T01:04:43","slug":"snap-hook-with-screw","status":"publish","type":"product","link":"https:\/\/qingdaohf.com\/it\/prodotto\/moschettone-con-vite\/","title":{"rendered":"Gancio a scatto con dado a vite"},"content":{"rendered":"<p class=\"whitespace-pre-wrap break-words\">Permettetemi di riscrivere questo contenuto preservandone la struttura e il significato, ma rendendolo pi\u00f9 naturale e meno simile all'intelligenza artificiale. Segner\u00f2 i titoli in modo appropriato.<\/p>\n<div class=\"ast-oembed-container\" style=\"height: 100%;\"><iframe title=\"Vi presentiamo i ganci a scatto e i grilli a scatto di qualit\u00e0 superiore di Qingdao H&amp;F!\" width=\"500\" height=\"281\" src=\"https:\/\/www.youtube.com\/embed\/TgMZvUdEwY8?feature=oembed\" frameborder=\"0\" allow=\"accelerometer; autoplay; clipboard-write; encrypted-media; gyroscope; picture-in-picture; web-share\" referrerpolicy=\"strict-origin-when-cross-origin\" allowfullscreen><\/iframe><\/div>\n<h2 class=\"text-2xl font-bold mt-1 text-text-200\">Grilli a scatto fissi: Hardware essenziale per uso marino e industriale<\/h2>\n<p class=\"whitespace-pre-wrap break-words\">Sia che siate in acqua o che lavoriate nell'industria pesante, i grilli fissi sono pi\u00f9 di una semplice ferramenta di base: sono componenti di sicurezza cruciali su cui non potete permettervi di lesinare. Ci\u00f2 che distingue questi dispositivi di fissaggio \u00e8 la loro combinazione di funzionalit\u00e0 di sgancio rapido e sicurezza solida come una roccia, soprattutto quando sono realizzati in acciaio inossidabile di grado marino. Scopriamo perch\u00e9 questi particolari grilli sono diventati la scelta preferita in molti settori.<\/p>\n<h2 class=\"text-xl font-bold text-text-200 mt-1 -mb-0.5\">Cosa distingue i grilli a scatto fissi<\/h2>\n<p class=\"whitespace-pre-wrap break-words\">A differenza dei loro cugini tradizionali, i grilli a scatto fisso vi offrono quel soddisfacente scatto di sicurezza senza dover armeggiare con gli attrezzi o lottare con i perni incastrati. Questa funzione di sgancio rapido non \u00e8 solo una questione di comodit\u00e0: pu\u00f2 essere un salvavita quando i secondi contano, sia che si tratti di regolare il sartiame su una barca a vela o di fissare l'attrezzatura in un'operazione militare.<\/p>\n<p class=\"whitespace-pre-wrap break-words\">Pensate a cercare di allentare un grillo convenzionale con il mare mosso o con le mani fredde. Non \u00e8 divertente, vero? \u00c8 qui che entra in gioco la genialit\u00e0 del design a scatto fisso. Rimane bloccato quando serve, anche sotto forte pressione, ma si sgancia istantaneamente quando lo si desidera.<\/p>\n<p><img fetchpriority=\"high\" decoding=\"async\" class=\"alignnone wp-image-4035 size-full\" src=\"http:\/\/qingdaohf.com\/wp-content\/uploads\/2023\/05\/123.jpg\" alt=\"moschettone\" width=\"1000\" height=\"1124\" srcset=\"https:\/\/qingdaohf.com\/wp-content\/uploads\/2023\/05\/123.jpg 1000w, https:\/\/qingdaohf.com\/wp-content\/uploads\/2023\/05\/123-267x300.jpg 267w, https:\/\/qingdaohf.com\/wp-content\/uploads\/2023\/05\/123-911x1024.jpg 911w, https:\/\/qingdaohf.com\/wp-content\/uploads\/2023\/05\/123-768x863.jpg 768w\" sizes=\"(max-width: 1000px) 100vw, 1000px\" \/><\/p>\n<h2 class=\"text-xl font-bold text-text-200 mt-1 -mb-0.5\">Il vantaggio dell'acciaio inossidabile<\/h2>\n<h3 class=\"text-lg font-bold text-text-200 mt-1 -mb-1.5\">Perch\u00e9 l'acciaio 304 e 316 fa la differenza<\/h3>\n<p class=\"whitespace-pre-wrap break-words\">Quando si sceglie un grillo a scatto, il materiale di cui \u00e8 fatto non \u00e8 solo una questione tecnica, ma \u00e8 tutto. L'industria si orienta verso due tipi di acciaio inossidabile: 304 e 316. Il 304 \u00e8 un materiale affidabile e versatile. Il 304 \u00e8 un materiale affidabile e versatile. \u00c8 robusto, combatte la ruggine come un campione e non fa spendere una fortuna. \u00c8 perfetto per la maggior parte delle applicazioni quotidiane che richiedono prestazioni affidabili senza esagerare.<\/p>\n<p class=\"whitespace-pre-wrap break-words\">Ma a volte \u00e8 necessario tirare fuori le armi pi\u00f9 grosse. \u00c8 qui che entra in gioco l'acciaio inox 316. Se avete a che fare con l'esposizione all'acqua salata o a sostanze chimiche aggressive, il 316 \u00e8 il vostro migliore amico. \u00c8 come il fratello maggiore pi\u00f9 resistente del 304: pi\u00f9 duro contro la corrosione, pi\u00f9 resistente alla vaiolatura e costruito per resistere alle intemperie.<\/p>\n<h2 class=\"text-xl font-bold text-text-200 mt-1 -mb-0.5\">Perch\u00e9 collaborare con noi?<\/h2>\n<p class=\"whitespace-pre-wrap break-words\">Non siamo solo un altro fornitore di ferramenta. Il nostro approccio \u00e8 semplice: fornire grilli di alta qualit\u00e0 supportati da un servizio autentico e personalizzato. Che abbiate bisogno di due grilli o di duecento, riceverete la stessa assistenza per tutto l'ordine.<\/p>\n<p class=\"whitespace-pre-wrap break-words\">Sappiamo che l'attesa per i pezzi di ricambio pu\u00f2 mettere a dura prova i vostri piani. Ecco perch\u00e9 abbiamo snellito il nostro processo di consegna per farvi arrivare l'hardware il pi\u00f9 rapidamente possibile. Ma la rapidit\u00e0 non significa che risparmiamo: ogni grillo viene sottoposto a rigorosi test di qualit\u00e0 e abbiamo i rapporti di ispezione che lo dimostrano.<\/p>\n<h2 class=\"text-xl font-bold text-text-200 mt-1 -mb-0.5\">Applicazioni in tutti i settori<\/h2>\n<p class=\"whitespace-pre-wrap break-words\">Non si tratta di un'arma unica. Dal fissaggio di attrezzature per la vela alla facilitazione di progetti edilizi, i grilli fissi dimostrano il loro valore in diversi contesti. Il loro design facile da usare li rende particolarmente preziosi quando sono necessarie regolazioni rapide, soprattutto in condizioni difficili in cui i dispositivi di fissaggio complicati sarebbero un ostacolo.<\/p>\n<h2 class=\"text-xl font-bold text-text-200 mt-1 -mb-0.5\">Mantenere l'investimento<\/h2>\n<p class=\"whitespace-pre-wrap break-words\">Anche l'acciaio inossidabile pi\u00f9 resistente ha bisogno di un po' di cura per mantenersi in ottime condizioni. Un po' di manutenzione \u00e8 utile: una pulizia regolare, soprattutto dopo l'esposizione all'acqua salata, pu\u00f2 prevenire la corrosione. Tenete d'occhio l'usura e non esitate a sostituire un grillo se notate un danno. Ricordate, quando si tratta di dispositivi di sicurezza, la prevenzione batte sempre la cura.<\/p>\n<h2 class=\"text-xl font-bold text-text-200 mt-1 -mb-0.5\">La linea di fondo: Qualit\u00e0 che paga<\/h2>\n<p class=\"whitespace-pre-wrap break-words\">Investire in grilli fissi di qualit\u00e0 non significa solo spendere soldi, ma anche acquistare tranquillit\u00e0. Che si tratti di allestire uno yacht o di montare un'attrezzatura industriale, la scelta della ferramenta giusta fa la differenza. Il nostro impegno a fornire prodotti di qualit\u00e0 superiore, supportati da test completi e consegne rapide, significa che potete concentrarvi sul vostro lavoro sapendo che la vostra ferramenta non vi deluder\u00e0.<\/p>\n<p>&nbsp;<\/p>","protected":false},"excerpt":{"rendered":"<p>Il moschettone con vite DIN5299 Forma D \u00e8 un prodotto per impieghi generici e gravosi che trova applicazione in ambito industriale, marino ed edile. Gli acquirenti che richiedono affidabilit\u00e0 nella ferramenta troveranno particolarmente utile il suo sistema di bloccaggio a vite, con una presa stretta e senza sganci accidentali. Il moschettone \u00e8 realizzato in acciaio di alta qualit\u00e0 e presenta una forte capacit\u00e0 di carico e una buona resistenza all'usura. Noi di H&amp;F non ci limitiamo a fornire prodotti, ma offriamo un servizio personalizzato al cliente, con ogni ordine realizzato secondo le specifiche del cliente. Grazie a un ciclo di consegna rapido e a un rapporto completo di ispezione della qualit\u00e0, garantiamo che ogni moschettone sia costruito secondo standard di prestazioni elevati.<\/p>","protected":false},"featured_media":4031,"comment_status":"open","ping_status":"closed","template":"","meta":{"site-sidebar-layout":"default","site-content-layout":"default","ast-site-content-layout":"default","site-content-style":"default","site-sidebar-style":"default","ast-global-header-display":"","ast-banner-title-visibility":"","ast-main-header-display":"","ast-hfb-above-header-display":"","ast-hfb-below-header-display":"","ast-hfb-mobile-header-display":"","site-post-title":"","ast-breadcrumbs-content":"","ast-featured-img":"","footer-sml-layout":"","theme-transparent-header-meta":"default","adv-header-id-meta":"","stick-header-meta":"default","header-above-stick-meta":"","header-main-stick-meta":"","header-below-stick-meta":"","astra-migrate-meta-layouts":"set","ast-page-background-enabled":"default","ast-page-background-meta":{"desktop":{"background-color":"","background-image":"","background-repeat":"repeat","background-position":"center center","background-size":"auto","background-attachment":"scroll","background-type":"","background-media":"","overlay-type":"","overlay-color":"","overlay-opacity":"","overlay-gradient":""},"tablet":{"background-color":"","background-image":"","background-repeat":"repeat","background-position":"center center","background-size":"auto","background-attachment":"scroll","background-type":"","background-media":"","overlay-type":"","overlay-color":"","overlay-opacity":"","overlay-gradient":""},"mobile":{"background-color":"","background-image":"","background-repeat":"repeat","background-position":"center center","background-size":"auto","background-attachment":"scroll","background-type":"","background-media":"","overlay-type":"","overlay-color":"","overlay-opacity":"","overlay-gradient":""}},"ast-content-background-meta":{"desktop":{"background-color":"var(--ast-global-color-5)","background-image":"","background-repeat":"repeat","background-position":"center center","background-size":"auto","background-attachment":"scroll","background-type":"","background-media":"","overlay-type":"","overlay-color":"","overlay-opacity":"","overlay-gradient":""},"tablet":{"background-color":"var(--ast-global-color-5)","background-image":"","background-repeat":"repeat","background-position":"center center","background-size":"auto","background-attachment":"scroll","background-type":"","background-media":"","overlay-type":"","overlay-color":"","overlay-opacity":"","overlay-gradient":""},"mobile":{"background-color":"var(--ast-global-color-5)","background-image":"","background-repeat":"repeat","background-position":"center center","background-size":"auto","background-attachment":"scroll","background-type":"","background-media":"","overlay-type":"","overlay-color":"","overlay-opacity":"","overlay-gradient":""}}},"product_brand":[],"product_cat":[80,44],"product_tag":[],"class_list":{"0":"post-4030","1":"product","2":"type-product","3":"status-publish","4":"has-post-thumbnail","6":"product_cat-carabiner","7":"product_cat-stainless-steel-poduct","8":"desktop-align-left","9":"tablet-align-left","10":"mobile-align-left","11":"ast-product-gallery-layout-horizontal-slider","12":"ast-product-tabs-layout-horizontal","14":"first","15":"instock","16":"shipping-taxable","17":"purchasable","18":"product-type-simple"},"yoast_head":"<!-- This site is optimized with the Yoast SEO plugin v25.2 - https:\/\/yoast.com\/wordpress\/plugins\/seo\/ -->\n<title>Snap Hook with Screw Nut<\/title>\n<meta name=\"description\" content=\"The Snap Hook with Screw DIN5299 Form D is a heavy-duty general-purpose product that finds applications in industrial, marine, and construction uses.\" \/>\n<meta name=\"robots\" content=\"index, follow, max-snippet:-1, max-image-preview:large, max-video-preview:-1\" \/>\n<link rel=\"canonical\" href=\"https:\/\/qingdaohf.com\/it\/prodotto\/moschettone-con-vite\/\" \/>\n<meta property=\"og:locale\" content=\"it_IT\" \/>\n<meta property=\"og:type\" content=\"article\" \/>\n<meta property=\"og:title\" content=\"Snap Hook with Screw Nut\" \/>\n<meta property=\"og:description\" content=\"The Snap Hook with Screw DIN5299 Form D is a heavy-duty general-purpose product that finds applications in industrial, marine, and construction uses.\" \/>\n<meta property=\"og:url\" content=\"https:\/\/qingdaohf.com\/it\/prodotto\/moschettone-con-vite\/\" \/>\n<meta property=\"og:site_name\" content=\"Concrete Form &amp; Rigging Hardware Supplier\" \/>\n<meta property=\"article:publisher\" content=\"https:\/\/www.facebook.com\/qingdaohf\" \/>\n<meta property=\"article:modified_time\" content=\"2025-11-13T01:04:43+00:00\" \/>\n<meta property=\"og:image\" content=\"https:\/\/qingdaohf.com\/wp-content\/uploads\/2023\/05\/snap-hook-with-screw-1.jpg\" \/>\n\t<meta property=\"og:image:width\" content=\"1000\" \/>\n\t<meta property=\"og:image:height\" content=\"1000\" \/>\n\t<meta property=\"og:image:type\" content=\"image\/jpeg\" \/>\n<meta name=\"twitter:card\" content=\"summary_large_image\" \/>\n<meta name=\"twitter:label1\" content=\"Tempo di lettura stimato\" \/>\n\t<meta name=\"twitter:data1\" content=\"4 minuti\" \/>\n<script type=\"application\/ld+json\" class=\"yoast-schema-graph\">{\"@context\":\"https:\/\/schema.org\",\"@graph\":[{\"@type\":\"WebPage\",\"@id\":\"https:\/\/qingdaohf.com\/product\/snap-hook-with-screw\/\",\"url\":\"https:\/\/qingdaohf.com\/product\/snap-hook-with-screw\/\",\"name\":\"Snap Hook with Screw Nut\",\"isPartOf\":{\"@id\":\"https:\/\/qingdaohf.com\/bg\/#website\"},\"primaryImageOfPage\":{\"@id\":\"https:\/\/qingdaohf.com\/product\/snap-hook-with-screw\/#primaryimage\"},\"image\":{\"@id\":\"https:\/\/qingdaohf.com\/product\/snap-hook-with-screw\/#primaryimage\"},\"thumbnailUrl\":\"https:\/\/qingdaohf.com\/wp-content\/uploads\/2023\/05\/snap-hook-with-screw-1.jpg\",\"datePublished\":\"2023-05-25T09:44:11+00:00\",\"dateModified\":\"2025-11-13T01:04:43+00:00\",\"description\":\"The Snap Hook with Screw DIN5299 Form D is a heavy-duty general-purpose product that finds applications in industrial, marine, and construction uses.\",\"breadcrumb\":{\"@id\":\"https:\/\/qingdaohf.com\/product\/snap-hook-with-screw\/#breadcrumb\"},\"inLanguage\":\"it-IT\",\"potentialAction\":[{\"@type\":\"ReadAction\",\"target\":[\"https:\/\/qingdaohf.com\/product\/snap-hook-with-screw\/\"]}]},{\"@type\":\"ImageObject\",\"inLanguage\":\"it-IT\",\"@id\":\"https:\/\/qingdaohf.com\/product\/snap-hook-with-screw\/#primaryimage\",\"url\":\"https:\/\/qingdaohf.com\/wp-content\/uploads\/2023\/05\/snap-hook-with-screw-1.jpg\",\"contentUrl\":\"https:\/\/qingdaohf.com\/wp-content\/uploads\/2023\/05\/snap-hook-with-screw-1.jpg\",\"width\":1000,\"height\":1000,\"caption\":\"snap hook with scre\"},{\"@type\":\"BreadcrumbList\",\"@id\":\"https:\/\/qingdaohf.com\/product\/snap-hook-with-screw\/#breadcrumb\",\"itemListElement\":[{\"@type\":\"ListItem\",\"position\":1,\"name\":\"Home\",\"item\":\"https:\/\/qingdaohf.com\/\"},{\"@type\":\"ListItem\",\"position\":2,\"name\":\"Concrete Forming Accessories and Rigging Hardware\",\"item\":\"https:\/\/qingdaohf.com\/bg\/?page_id=944\"},{\"@type\":\"ListItem\",\"position\":3,\"name\":\"Snap Hook with Screw Nut\"}]},{\"@type\":\"WebSite\",\"@id\":\"https:\/\/qingdaohf.com\/bg\/#website\",\"url\":\"https:\/\/qingdaohf.com\/bg\/\",\"name\":\"Concrete Form & Rigging Hardware Supplier\",\"description\":\"\",\"publisher\":{\"@id\":\"https:\/\/qingdaohf.com\/bg\/#organization\"},\"potentialAction\":[{\"@type\":\"SearchAction\",\"target\":{\"@type\":\"EntryPoint\",\"urlTemplate\":\"https:\/\/qingdaohf.com\/bg\/?s={search_term_string}\"},\"query-input\":{\"@type\":\"PropertyValueSpecification\",\"valueRequired\":true,\"valueName\":\"search_term_string\"}}],\"inLanguage\":\"it-IT\"},{\"@type\":\"Organization\",\"@id\":\"https:\/\/qingdaohf.com\/bg\/#organization\",\"name\":\"Qingdao H&F\",\"url\":\"https:\/\/qingdaohf.com\/bg\/\",\"logo\":{\"@type\":\"ImageObject\",\"inLanguage\":\"it-IT\",\"@id\":\"https:\/\/qingdaohf.com\/bg\/#\/schema\/logo\/image\/\",\"url\":\"https:\/\/qingdaohf.com\/wp-content\/uploads\/2022\/12\/cropped-HF-LOGO.png\",\"contentUrl\":\"https:\/\/qingdaohf.com\/wp-content\/uploads\/2022\/12\/cropped-HF-LOGO.png\",\"width\":391,\"height\":249,\"caption\":\"Qingdao H&F\"},\"image\":{\"@id\":\"https:\/\/qingdaohf.com\/bg\/#\/schema\/logo\/image\/\"},\"sameAs\":[\"https:\/\/www.facebook.com\/qingdaohf\"]}]}<\/script>\n<!-- \/ Yoast SEO plugin. -->","yoast_head_json":{"title":"Snap Hook with Screw Nut","description":"The Snap Hook with Screw DIN5299 Form D is a heavy-duty general-purpose product that finds applications in industrial, marine, and construction uses.","robots":{"index":"index","follow":"follow","max-snippet":"max-snippet:-1","max-image-preview":"max-image-preview:large","max-video-preview":"max-video-preview:-1"},"canonical":"https:\/\/qingdaohf.com\/it\/prodotto\/moschettone-con-vite\/","og_locale":"it_IT","og_type":"article","og_title":"Snap Hook with Screw Nut","og_description":"The Snap Hook with Screw DIN5299 Form D is a heavy-duty general-purpose product that finds applications in industrial, marine, and construction uses.","og_url":"https:\/\/qingdaohf.com\/it\/prodotto\/moschettone-con-vite\/","og_site_name":"Concrete Form &amp; Rigging Hardware Supplier","article_publisher":"https:\/\/www.facebook.com\/qingdaohf","article_modified_time":"2025-11-13T01:04:43+00:00","og_image":[{"width":1000,"height":1000,"url":"https:\/\/qingdaohf.com\/wp-content\/uploads\/2023\/05\/snap-hook-with-screw-1.jpg","type":"image\/jpeg"}],"twitter_card":"summary_large_image","twitter_misc":{"Tempo di lettura stimato":"4 minuti"},"schema":{"@context":"https:\/\/schema.org","@graph":[{"@type":"WebPage","@id":"https:\/\/qingdaohf.com\/product\/snap-hook-with-screw\/","url":"https:\/\/qingdaohf.com\/product\/snap-hook-with-screw\/","name":"Snap Hook with Screw Nut","isPartOf":{"@id":"https:\/\/qingdaohf.com\/bg\/#website"},"primaryImageOfPage":{"@id":"https:\/\/qingdaohf.com\/product\/snap-hook-with-screw\/#primaryimage"},"image":{"@id":"https:\/\/qingdaohf.com\/product\/snap-hook-with-screw\/#primaryimage"},"thumbnailUrl":"https:\/\/qingdaohf.com\/wp-content\/uploads\/2023\/05\/snap-hook-with-screw-1.jpg","datePublished":"2023-05-25T09:44:11+00:00","dateModified":"2025-11-13T01:04:43+00:00","description":"The Snap Hook with Screw DIN5299 Form D is a heavy-duty general-purpose product that finds applications in industrial, marine, and construction uses.","breadcrumb":{"@id":"https:\/\/qingdaohf.com\/product\/snap-hook-with-screw\/#breadcrumb"},"inLanguage":"it-IT","potentialAction":[{"@type":"ReadAction","target":["https:\/\/qingdaohf.com\/product\/snap-hook-with-screw\/"]}]},{"@type":"ImageObject","inLanguage":"it-IT","@id":"https:\/\/qingdaohf.com\/product\/snap-hook-with-screw\/#primaryimage","url":"https:\/\/qingdaohf.com\/wp-content\/uploads\/2023\/05\/snap-hook-with-screw-1.jpg","contentUrl":"https:\/\/qingdaohf.com\/wp-content\/uploads\/2023\/05\/snap-hook-with-screw-1.jpg","width":1000,"height":1000,"caption":"snap hook with scre"},{"@type":"BreadcrumbList","@id":"https:\/\/qingdaohf.com\/product\/snap-hook-with-screw\/#breadcrumb","itemListElement":[{"@type":"ListItem","position":1,"name":"Home","item":"https:\/\/qingdaohf.com\/"},{"@type":"ListItem","position":2,"name":"Concrete Forming Accessories and Rigging Hardware","item":"https:\/\/qingdaohf.com\/bg\/?page_id=944"},{"@type":"ListItem","position":3,"name":"Snap Hook with Screw Nut"}]},{"@type":"WebSite","@id":"https:\/\/qingdaohf.com\/bg\/#website","url":"https:\/\/qingdaohf.com\/bg\/","name":"Concrete Form & Rigging Hardware Supplier","description":"","publisher":{"@id":"https:\/\/qingdaohf.com\/bg\/#organization"},"potentialAction":[{"@type":"SearchAction","target":{"@type":"EntryPoint","urlTemplate":"https:\/\/qingdaohf.com\/bg\/?s={search_term_string}"},"query-input":{"@type":"PropertyValueSpecification","valueRequired":true,"valueName":"search_term_string"}}],"inLanguage":"it-IT"},{"@type":"Organization","@id":"https:\/\/qingdaohf.com\/bg\/#organization","name":"Qingdao H&F","url":"https:\/\/qingdaohf.com\/bg\/","logo":{"@type":"ImageObject","inLanguage":"it-IT","@id":"https:\/\/qingdaohf.com\/bg\/#\/schema\/logo\/image\/","url":"https:\/\/qingdaohf.com\/wp-content\/uploads\/2022\/12\/cropped-HF-LOGO.png","contentUrl":"https:\/\/qingdaohf.com\/wp-content\/uploads\/2022\/12\/cropped-HF-LOGO.png","width":391,"height":249,"caption":"Qingdao H&F"},"image":{"@id":"https:\/\/qingdaohf.com\/bg\/#\/schema\/logo\/image\/"},"sameAs":["https:\/\/www.facebook.com\/qingdaohf"]}]}},"_links":{"self":[{"href":"https:\/\/qingdaohf.com\/it\/wp-json\/wp\/v2\/product\/4030","targetHints":{"allow":["GET"]}}],"collection":[{"href":"https:\/\/qingdaohf.com\/it\/wp-json\/wp\/v2\/product"}],"about":[{"href":"https:\/\/qingdaohf.com\/it\/wp-json\/wp\/v2\/types\/product"}],"replies":[{"embeddable":true,"href":"https:\/\/qingdaohf.com\/it\/wp-json\/wp\/v2\/comments?post=4030"}],"version-history":[{"count":6,"href":"https:\/\/qingdaohf.com\/it\/wp-json\/wp\/v2\/product\/4030\/revisions"}],"predecessor-version":[{"id":9511,"href":"https:\/\/qingdaohf.com\/it\/wp-json\/wp\/v2\/product\/4030\/revisions\/9511"}],"wp:featuredmedia":[{"embeddable":true,"href":"https:\/\/qingdaohf.com\/it\/wp-json\/wp\/v2\/media\/4031"}],"wp:attachment":[{"href":"https:\/\/qingdaohf.com\/it\/wp-json\/wp\/v2\/media?parent=4030"}],"wp:term":[{"taxonomy":"product_brand","embeddable":true,"href":"https:\/\/qingdaohf.com\/it\/wp-json\/wp\/v2\/product_brand?post=4030"},{"taxonomy":"product_cat","embeddable":true,"href":"https:\/\/qingdaohf.com\/it\/wp-json\/wp\/v2\/product_cat?post=4030"},{"taxonomy":"product_tag","embeddable":true,"href":"https:\/\/qingdaohf.com\/it\/wp-json\/wp\/v2\/product_tag?post=4030"}],"curies":[{"name":"wp","href":"https:\/\/api.w.org\/{rel}","templated":true}]}}