{"id":4110,"date":"2023-05-26T16:27:13","date_gmt":"2023-05-26T08:27:13","guid":{"rendered":"http:\/\/qingdaohf.com\/?post_type=product&#038;p=4110"},"modified":"2025-11-13T09:04:24","modified_gmt":"2025-11-13T01:04:24","slug":"eye-sling-hook","status":"publish","type":"product","link":"https:\/\/qingdaohf.com\/it\/prodotto\/gancio-per-imbracatura-ad-occhiello\/","title":{"rendered":"320 Gancio a occhiello per imbracatura"},"content":{"rendered":"<div class=\"font-claude-message  pr-4  md:pr-9  relative  leading-[1.65rem]  [&amp;_pre&gt;div]:bg-bg-300  [&amp;_.ignore-pre-bg&gt;div]:bg-transparent  [&amp;_pre]:-mr-4  md:[&amp;_pre]:-mr-9\">\n<div>\n<div class=\"grid-cols-1 grid gap-2.5 [&amp;_&gt;_*]:min-w-0\">\n<h2 class=\"font-600 text-2xl font-bold\">La versatilit\u00e0 e la forza del gancio 320: Una panoramica completa<\/h2>\n<p class=\"whitespace-pre-wrap break-words\">Quando si devono sollevare o fissare carichi pesanti, la scelta del gancio \u00e8 molto importante. Il gancio 320 si \u00e8 guadagnato la sua reputazione nel settore edile, marittimo e dei trasporti per una buona ragione. Non si tratta di un pezzo di ferramenta qualsiasi: questo gancio offre l'affidabilit\u00e0 di cui avete bisogno quando sicurezza e prestazioni sono irrinunciabili.<\/p>\n<p class=\"whitespace-pre-wrap break-words\">Qui a Qingdao H&amp;F abbiamo trascorso oltre due decenni nel settore del commercio e sappiamo riconoscere la qualit\u00e0 quando la vediamo. I nostri ganci da 320 soddisfano i pi\u00f9 severi standard del settore e lo dimostriamo con rapporti di ispezione approfonditi. Inoltre, siamo orgogliosi di una spedizione rapida e di un'assistenza clienti personalizzata che rende l'intero processo pi\u00f9 agevole.<\/p>\n<p><img fetchpriority=\"high\" decoding=\"async\" class=\"alignnone size-full wp-image-4115\" src=\"http:\/\/qingdaohf.com\/wp-content\/uploads\/2023\/05\/123123.jpg\" alt=\"Gancio a occhiello per imbracatura\" width=\"1000\" height=\"1178\" srcset=\"https:\/\/qingdaohf.com\/wp-content\/uploads\/2023\/05\/123123.jpg 1000w, https:\/\/qingdaohf.com\/wp-content\/uploads\/2023\/05\/123123-255x300.jpg 255w, https:\/\/qingdaohf.com\/wp-content\/uploads\/2023\/05\/123123-869x1024.jpg 869w, https:\/\/qingdaohf.com\/wp-content\/uploads\/2023\/05\/123123-768x905.jpg 768w\" sizes=\"(max-width: 1000px) 100vw, 1000px\" \/><\/p>\n<p><img decoding=\"async\" class=\"alignnone size-full wp-image-4116\" src=\"http:\/\/qingdaohf.com\/wp-content\/uploads\/2023\/05\/1231243.jpg\" alt=\"Gancio a occhiello per imbracatura\" width=\"1000\" height=\"989\" srcset=\"https:\/\/qingdaohf.com\/wp-content\/uploads\/2023\/05\/1231243.jpg 1000w, https:\/\/qingdaohf.com\/wp-content\/uploads\/2023\/05\/1231243-300x297.jpg 300w, https:\/\/qingdaohf.com\/wp-content\/uploads\/2023\/05\/1231243-768x760.jpg 768w, https:\/\/qingdaohf.com\/wp-content\/uploads\/2023\/05\/1231243-100x100.jpg 100w\" sizes=\"(max-width: 1000px) 100vw, 1000px\" \/><\/p>\n<p><img decoding=\"async\" class=\"alignnone size-full wp-image-4118\" src=\"http:\/\/qingdaohf.com\/wp-content\/uploads\/2023\/05\/eye-hook.jpg\" alt=\"gancio ad occhiello\" width=\"1000\" height=\"1111\" srcset=\"https:\/\/qingdaohf.com\/wp-content\/uploads\/2023\/05\/eye-hook.jpg 1000w, https:\/\/qingdaohf.com\/wp-content\/uploads\/2023\/05\/eye-hook-270x300.jpg 270w, https:\/\/qingdaohf.com\/wp-content\/uploads\/2023\/05\/eye-hook-922x1024.jpg 922w, https:\/\/qingdaohf.com\/wp-content\/uploads\/2023\/05\/eye-hook-768x853.jpg 768w\" sizes=\"(max-width: 1000px) 100vw, 1000px\" \/><\/p>\n<h2 class=\"font-600 text-2xl font-bold\">I principali vantaggi del gancio 320 per gli acquirenti<\/h2>\n<p class=\"whitespace-pre-wrap break-words\">L'acquisto di attrezzature di sollevamento pu\u00f2 essere travolgente. Bisogna considerare i coefficienti di carico, la qualit\u00e0 dei materiali e la praticit\u00e0 d'uso. La buona notizia? Il gancio 320 soddisfa tutti questi requisiti e anche di pi\u00f9.<\/p>\n<p class=\"whitespace-pre-wrap break-words\">Il design del gancio per impieghi gravosi \u00e8 davvero eccezionale in condizioni difficili. Grazie alla sua eccezionale resistenza alla trazione, \u00e8 possibile affidargli carichi importanti senza perdere il sonno per motivi di sicurezza. L'ampia apertura dell'imboccatura \u00e8 un vero e proprio risparmio di tempo, in quanto rende semplice il collegamento con i vari componenti del sartiame. Che si tratti di sollevare materiali in un cantiere o di fissare un carico in coperta, questo gancio non vi deluder\u00e0.<\/p>\n<p class=\"whitespace-pre-wrap break-words\">Alla Qingdao H&amp;F prendiamo sul serio i test. Ogni singolo gancio viene sottoposto a controlli di qualit\u00e0 approfonditi e vi mostreremo i risultati dettagliati delle ispezioni per dimostrarlo. Non c'\u00e8 niente di peggio che un'attrezzatura che si guasta quando ne avete pi\u00f9 bisogno, quindi ci assicuriamo che i nostri ganci funzionino in modo affidabile anche nelle situazioni pi\u00f9 difficili.<\/p>\n<h2 class=\"font-600 text-2xl font-bold\">Capire il gancio 320: Design, caratteristiche e considerazioni sui materiali<\/h2>\n<p class=\"whitespace-pre-wrap break-words\">Il segreto delle prestazioni dell'amo 320 sta nella sua accurata progettazione. Questi ganci sono realizzati in acciaio legato di prima qualit\u00e0, per creare un attrezzo resistente e duraturo. Questa scelta di materiale fa s\u00ec che il gancio regga bene in condizioni difficili, rendendolo perfetto per ambienti marini, industriali o cantieri.<\/p>\n<p class=\"whitespace-pre-wrap break-words\">I vantaggi pratici sono evidenti non appena se ne utilizza uno. L'ampia apertura non \u00e8 solo comoda: \u00e8 una caratteristica di sicurezza che facilita il fissaggio di catene, imbracature o cavi. La forma del gancio impedisce attivamente lo scivolamento del carico, mentre la sua finitura liscia protegge le altre attrezzature da eventuali danni.<\/p>\n<p class=\"whitespace-pre-wrap break-words\">Questi ganci gestiscono carichi statici e dinamici da campioni. Sono disponibili in varie dimensioni e capacit\u00e0, in modo da poter scegliere esattamente ci\u00f2 che serve al vostro progetto. Ogni gancio indica chiaramente il peso nominale, eliminando le congetture sulla pianificazione del carico. Il rivestimento anticorrosione \u00e8 particolarmente utile per i lavori in mare o in offshore, in quanto combatte la ruggine e prolunga notevolmente la durata del gancio.<\/p>\n<h2 class=\"font-600 text-2xl font-bold\">Perch\u00e9 scegliere Qingdao H&amp;F per le vostre esigenze di gancio 320?<\/h2>\n<p class=\"whitespace-pre-wrap break-words\">Trovare un fornitore affidabile \u00e8 fondamentale. In Qingdao H&amp;F, i nostri oltre 20 anni di presenza sul mercato globale ci hanno insegnato esattamente ci\u00f2 di cui i nostri clienti hanno bisogno. Non ci limitiamo a vendere ganci, ma offriamo la massima tranquillit\u00e0.<\/p>\n<p class=\"whitespace-pre-wrap break-words\">Sappiamo che l'attesa per le consegne pu\u00f2 far deragliare il vostro programma, quindi diamo priorit\u00e0 alla spedizione rapida. Il nostro team logistico lavora duramente per trovare i metodi di spedizione pi\u00f9 rapidi e affidabili, per mantenere i vostri progetti in linea. Ogni gancio viene fornito con una documentazione completa di ispezione della qualit\u00e0, in modo che possiate sapere esattamente cosa state ricevendo.<\/p>\n<p class=\"whitespace-pre-wrap break-words\">Il nostro approccio al servizio clienti \u00e8 decisamente personale. Avete bisogno di consigli tecnici? Avete domande sulle specifiche? Siamo qui per aiutarvi, senza risposte automatiche o soluzioni generiche. Crediamo nella costruzione di rapporti duraturi con i nostri clienti attraverso un'assistenza e una competenza autentiche.<\/p>\n<h2 class=\"font-600 text-2xl font-bold\">Conclusione: Il gancio 320 - un must per le vostre esigenze di sollevamento e di imbracatura<\/h2>\n<p class=\"whitespace-pre-wrap break-words\">Il gancio 320 non \u00e8 un'attrezzatura qualsiasi, ma un investimento in sicurezza ed efficienza. Il suo design robusto e la sua versatilit\u00e0 lo rendono indispensabile in tutti i settori. Noi di Qingdao H&amp;F siamo orgogliosi di offrire ganci 320 che superano gli standard di qualit\u00e0, sostenuti dal nostro impegno per un servizio reattivo e una consegna affidabile. Scegliendo i nostri ganci, sceglierete un partner dedicato al vostro successo.<\/p>\n<\/div>\n<\/div>\n<\/div>\n<div class=\"absolute -bottom-0 -right-1.5\">\n<div class=\"border-0.5 border-border-300 flex items-center translate-y-1\/2 rounded-lg shadow-sm transition bg-bg-000 p-1\">\n<div class=\"text-text-400 flex items-stretch justify-between gap-0.5\">\n<div class=\"flex gap-0.5\"><\/div>\n<\/div>\n<\/div>\n<\/div>\n<p>&nbsp;<\/p>\n<p>&nbsp;<\/p>","protected":false},"excerpt":{"rendered":"<p>Il gancio 320 \u00e8 versatile e affidabile in ogni settore, sia per il sollevamento sicuro ed efficiente che per l'ancoraggio e il rigging. Qingdao H&amp;F era un'azienda commerciale che si occupava di una gamma di ganci 320, assicurando qualit\u00e0, tempi e un servizio professionale one-to-one. Inoltre, \u00e8 stata in grado di fornire agli acquirenti un rapporto di ispezione dettagliato per ogni prodotto, per garantire il rispetto dei migliori standard. Sia per applicazioni pesanti che per applicazioni pi\u00f9 leggere, i nostri ganci 320 sono costruiti per fornire la massima affidabilit\u00e0 in termini di durata e prestazioni per il vostro prossimo progetto.<\/p>","protected":false},"featured_media":4111,"comment_status":"open","ping_status":"closed","template":"","meta":{"site-sidebar-layout":"default","site-content-layout":"default","ast-site-content-layout":"default","site-content-style":"default","site-sidebar-style":"default","ast-global-header-display":"","ast-banner-title-visibility":"","ast-main-header-display":"","ast-hfb-above-header-display":"","ast-hfb-below-header-display":"","ast-hfb-mobile-header-display":"","site-post-title":"","ast-breadcrumbs-content":"","ast-featured-img":"","footer-sml-layout":"","theme-transparent-header-meta":"default","adv-header-id-meta":"","stick-header-meta":"default","header-above-stick-meta":"","header-main-stick-meta":"","header-below-stick-meta":"","astra-migrate-meta-layouts":"set","ast-page-background-enabled":"default","ast-page-background-meta":{"desktop":{"background-color":"","background-image":"","background-repeat":"repeat","background-position":"center center","background-size":"auto","background-attachment":"scroll","background-type":"","background-media":"","overlay-type":"","overlay-color":"","overlay-opacity":"","overlay-gradient":""},"tablet":{"background-color":"","background-image":"","background-repeat":"repeat","background-position":"center center","background-size":"auto","background-attachment":"scroll","background-type":"","background-media":"","overlay-type":"","overlay-color":"","overlay-opacity":"","overlay-gradient":""},"mobile":{"background-color":"","background-image":"","background-repeat":"repeat","background-position":"center center","background-size":"auto","background-attachment":"scroll","background-type":"","background-media":"","overlay-type":"","overlay-color":"","overlay-opacity":"","overlay-gradient":""}},"ast-content-background-meta":{"desktop":{"background-color":"var(--ast-global-color-5)","background-image":"","background-repeat":"repeat","background-position":"center center","background-size":"auto","background-attachment":"scroll","background-type":"","background-media":"","overlay-type":"","overlay-color":"","overlay-opacity":"","overlay-gradient":""},"tablet":{"background-color":"var(--ast-global-color-5)","background-image":"","background-repeat":"repeat","background-position":"center center","background-size":"auto","background-attachment":"scroll","background-type":"","background-media":"","overlay-type":"","overlay-color":"","overlay-opacity":"","overlay-gradient":""},"mobile":{"background-color":"var(--ast-global-color-5)","background-image":"","background-repeat":"repeat","background-position":"center center","background-size":"auto","background-attachment":"scroll","background-type":"","background-media":"","overlay-type":"","overlay-color":"","overlay-opacity":"","overlay-gradient":""}}},"product_brand":[],"product_cat":[57,43],"product_tag":[],"class_list":{"0":"post-4110","1":"product","2":"type-product","3":"status-publish","4":"has-post-thumbnail","6":"product_cat-sling-hook","7":"product_cat-rigging-hardware","8":"desktop-align-left","9":"tablet-align-left","10":"mobile-align-left","11":"ast-product-gallery-layout-horizontal-slider","12":"ast-product-tabs-layout-horizontal","14":"first","15":"instock","16":"shipping-taxable","17":"purchasable","18":"product-type-simple"},"yoast_head":"<!-- This site is optimized with the Yoast SEO plugin v25.2 - https:\/\/yoast.com\/wordpress\/plugins\/seo\/ -->\n<title>320 Eye Sling Hook<\/title>\n<meta name=\"description\" content=\"The Eye Sling Hook is a type of lifting hook commonly used in rigging and lifting operations.\" \/>\n<meta name=\"robots\" content=\"index, follow, max-snippet:-1, max-image-preview:large, max-video-preview:-1\" \/>\n<link rel=\"canonical\" href=\"https:\/\/qingdaohf.com\/it\/prodotto\/gancio-per-imbracatura-ad-occhiello\/\" \/>\n<meta property=\"og:locale\" content=\"it_IT\" \/>\n<meta property=\"og:type\" content=\"article\" \/>\n<meta property=\"og:title\" content=\"320 Eye Sling Hook\" \/>\n<meta property=\"og:description\" content=\"The Eye Sling Hook is a type of lifting hook commonly used in rigging and lifting operations.\" \/>\n<meta property=\"og:url\" content=\"https:\/\/qingdaohf.com\/it\/prodotto\/gancio-per-imbracatura-ad-occhiello\/\" \/>\n<meta property=\"og:site_name\" content=\"Concrete Form &amp; Rigging Hardware Supplier\" \/>\n<meta property=\"article:publisher\" content=\"https:\/\/www.facebook.com\/qingdaohf\" \/>\n<meta property=\"article:modified_time\" content=\"2025-11-13T01:04:24+00:00\" \/>\n<meta property=\"og:image\" content=\"https:\/\/qingdaohf.com\/wp-content\/uploads\/2023\/05\/Eye-Sling-Hook-2.jpg\" \/>\n\t<meta property=\"og:image:width\" content=\"1000\" \/>\n\t<meta property=\"og:image:height\" content=\"1000\" \/>\n\t<meta property=\"og:image:type\" content=\"image\/jpeg\" \/>\n<meta name=\"twitter:card\" content=\"summary_large_image\" \/>\n<meta name=\"twitter:label1\" content=\"Tempo di lettura stimato\" \/>\n\t<meta name=\"twitter:data1\" content=\"4 minuti\" \/>\n<script type=\"application\/ld+json\" class=\"yoast-schema-graph\">{\"@context\":\"https:\/\/schema.org\",\"@graph\":[{\"@type\":\"WebPage\",\"@id\":\"https:\/\/qingdaohf.com\/product\/eye-sling-hook\/\",\"url\":\"https:\/\/qingdaohf.com\/product\/eye-sling-hook\/\",\"name\":\"320 Eye Sling Hook\",\"isPartOf\":{\"@id\":\"https:\/\/qingdaohf.com\/bg\/#website\"},\"primaryImageOfPage\":{\"@id\":\"https:\/\/qingdaohf.com\/product\/eye-sling-hook\/#primaryimage\"},\"image\":{\"@id\":\"https:\/\/qingdaohf.com\/product\/eye-sling-hook\/#primaryimage\"},\"thumbnailUrl\":\"https:\/\/qingdaohf.com\/wp-content\/uploads\/2023\/05\/Eye-Sling-Hook-2.jpg\",\"datePublished\":\"2023-05-26T08:27:13+00:00\",\"dateModified\":\"2025-11-13T01:04:24+00:00\",\"description\":\"The Eye Sling Hook is a type of lifting hook commonly used in rigging and lifting operations.\",\"breadcrumb\":{\"@id\":\"https:\/\/qingdaohf.com\/product\/eye-sling-hook\/#breadcrumb\"},\"inLanguage\":\"it-IT\",\"potentialAction\":[{\"@type\":\"ReadAction\",\"target\":[\"https:\/\/qingdaohf.com\/product\/eye-sling-hook\/\"]}]},{\"@type\":\"ImageObject\",\"inLanguage\":\"it-IT\",\"@id\":\"https:\/\/qingdaohf.com\/product\/eye-sling-hook\/#primaryimage\",\"url\":\"https:\/\/qingdaohf.com\/wp-content\/uploads\/2023\/05\/Eye-Sling-Hook-2.jpg\",\"contentUrl\":\"https:\/\/qingdaohf.com\/wp-content\/uploads\/2023\/05\/Eye-Sling-Hook-2.jpg\",\"width\":1000,\"height\":1000,\"caption\":\"Eye Sling Hook\"},{\"@type\":\"BreadcrumbList\",\"@id\":\"https:\/\/qingdaohf.com\/product\/eye-sling-hook\/#breadcrumb\",\"itemListElement\":[{\"@type\":\"ListItem\",\"position\":1,\"name\":\"Home\",\"item\":\"https:\/\/qingdaohf.com\/\"},{\"@type\":\"ListItem\",\"position\":2,\"name\":\"Concrete Forming Accessories and Rigging Hardware\",\"item\":\"https:\/\/qingdaohf.com\/bg\/?page_id=944\"},{\"@type\":\"ListItem\",\"position\":3,\"name\":\"320 Eye Sling Hook\"}]},{\"@type\":\"WebSite\",\"@id\":\"https:\/\/qingdaohf.com\/bg\/#website\",\"url\":\"https:\/\/qingdaohf.com\/bg\/\",\"name\":\"Concrete Form & Rigging Hardware Supplier\",\"description\":\"\",\"publisher\":{\"@id\":\"https:\/\/qingdaohf.com\/bg\/#organization\"},\"potentialAction\":[{\"@type\":\"SearchAction\",\"target\":{\"@type\":\"EntryPoint\",\"urlTemplate\":\"https:\/\/qingdaohf.com\/bg\/?s={search_term_string}\"},\"query-input\":{\"@type\":\"PropertyValueSpecification\",\"valueRequired\":true,\"valueName\":\"search_term_string\"}}],\"inLanguage\":\"it-IT\"},{\"@type\":\"Organization\",\"@id\":\"https:\/\/qingdaohf.com\/bg\/#organization\",\"name\":\"Qingdao H&F\",\"url\":\"https:\/\/qingdaohf.com\/bg\/\",\"logo\":{\"@type\":\"ImageObject\",\"inLanguage\":\"it-IT\",\"@id\":\"https:\/\/qingdaohf.com\/bg\/#\/schema\/logo\/image\/\",\"url\":\"https:\/\/qingdaohf.com\/wp-content\/uploads\/2022\/12\/cropped-HF-LOGO.png\",\"contentUrl\":\"https:\/\/qingdaohf.com\/wp-content\/uploads\/2022\/12\/cropped-HF-LOGO.png\",\"width\":391,\"height\":249,\"caption\":\"Qingdao H&F\"},\"image\":{\"@id\":\"https:\/\/qingdaohf.com\/bg\/#\/schema\/logo\/image\/\"},\"sameAs\":[\"https:\/\/www.facebook.com\/qingdaohf\"]}]}<\/script>\n<!-- \/ Yoast SEO plugin. -->","yoast_head_json":{"title":"320 Eye Sling Hook","description":"The Eye Sling Hook is a type of lifting hook commonly used in rigging and lifting operations.","robots":{"index":"index","follow":"follow","max-snippet":"max-snippet:-1","max-image-preview":"max-image-preview:large","max-video-preview":"max-video-preview:-1"},"canonical":"https:\/\/qingdaohf.com\/it\/prodotto\/gancio-per-imbracatura-ad-occhiello\/","og_locale":"it_IT","og_type":"article","og_title":"320 Eye Sling Hook","og_description":"The Eye Sling Hook is a type of lifting hook commonly used in rigging and lifting operations.","og_url":"https:\/\/qingdaohf.com\/it\/prodotto\/gancio-per-imbracatura-ad-occhiello\/","og_site_name":"Concrete Form &amp; Rigging Hardware Supplier","article_publisher":"https:\/\/www.facebook.com\/qingdaohf","article_modified_time":"2025-11-13T01:04:24+00:00","og_image":[{"width":1000,"height":1000,"url":"https:\/\/qingdaohf.com\/wp-content\/uploads\/2023\/05\/Eye-Sling-Hook-2.jpg","type":"image\/jpeg"}],"twitter_card":"summary_large_image","twitter_misc":{"Tempo di lettura stimato":"4 minuti"},"schema":{"@context":"https:\/\/schema.org","@graph":[{"@type":"WebPage","@id":"https:\/\/qingdaohf.com\/product\/eye-sling-hook\/","url":"https:\/\/qingdaohf.com\/product\/eye-sling-hook\/","name":"320 Eye Sling Hook","isPartOf":{"@id":"https:\/\/qingdaohf.com\/bg\/#website"},"primaryImageOfPage":{"@id":"https:\/\/qingdaohf.com\/product\/eye-sling-hook\/#primaryimage"},"image":{"@id":"https:\/\/qingdaohf.com\/product\/eye-sling-hook\/#primaryimage"},"thumbnailUrl":"https:\/\/qingdaohf.com\/wp-content\/uploads\/2023\/05\/Eye-Sling-Hook-2.jpg","datePublished":"2023-05-26T08:27:13+00:00","dateModified":"2025-11-13T01:04:24+00:00","description":"The Eye Sling Hook is a type of lifting hook commonly used in rigging and lifting operations.","breadcrumb":{"@id":"https:\/\/qingdaohf.com\/product\/eye-sling-hook\/#breadcrumb"},"inLanguage":"it-IT","potentialAction":[{"@type":"ReadAction","target":["https:\/\/qingdaohf.com\/product\/eye-sling-hook\/"]}]},{"@type":"ImageObject","inLanguage":"it-IT","@id":"https:\/\/qingdaohf.com\/product\/eye-sling-hook\/#primaryimage","url":"https:\/\/qingdaohf.com\/wp-content\/uploads\/2023\/05\/Eye-Sling-Hook-2.jpg","contentUrl":"https:\/\/qingdaohf.com\/wp-content\/uploads\/2023\/05\/Eye-Sling-Hook-2.jpg","width":1000,"height":1000,"caption":"Eye Sling Hook"},{"@type":"BreadcrumbList","@id":"https:\/\/qingdaohf.com\/product\/eye-sling-hook\/#breadcrumb","itemListElement":[{"@type":"ListItem","position":1,"name":"Home","item":"https:\/\/qingdaohf.com\/"},{"@type":"ListItem","position":2,"name":"Concrete Forming Accessories and Rigging Hardware","item":"https:\/\/qingdaohf.com\/bg\/?page_id=944"},{"@type":"ListItem","position":3,"name":"320 Eye Sling Hook"}]},{"@type":"WebSite","@id":"https:\/\/qingdaohf.com\/bg\/#website","url":"https:\/\/qingdaohf.com\/bg\/","name":"Concrete Form & Rigging Hardware Supplier","description":"","publisher":{"@id":"https:\/\/qingdaohf.com\/bg\/#organization"},"potentialAction":[{"@type":"SearchAction","target":{"@type":"EntryPoint","urlTemplate":"https:\/\/qingdaohf.com\/bg\/?s={search_term_string}"},"query-input":{"@type":"PropertyValueSpecification","valueRequired":true,"valueName":"search_term_string"}}],"inLanguage":"it-IT"},{"@type":"Organization","@id":"https:\/\/qingdaohf.com\/bg\/#organization","name":"Qingdao H&F","url":"https:\/\/qingdaohf.com\/bg\/","logo":{"@type":"ImageObject","inLanguage":"it-IT","@id":"https:\/\/qingdaohf.com\/bg\/#\/schema\/logo\/image\/","url":"https:\/\/qingdaohf.com\/wp-content\/uploads\/2022\/12\/cropped-HF-LOGO.png","contentUrl":"https:\/\/qingdaohf.com\/wp-content\/uploads\/2022\/12\/cropped-HF-LOGO.png","width":391,"height":249,"caption":"Qingdao H&F"},"image":{"@id":"https:\/\/qingdaohf.com\/bg\/#\/schema\/logo\/image\/"},"sameAs":["https:\/\/www.facebook.com\/qingdaohf"]}]}},"_links":{"self":[{"href":"https:\/\/qingdaohf.com\/it\/wp-json\/wp\/v2\/product\/4110","targetHints":{"allow":["GET"]}}],"collection":[{"href":"https:\/\/qingdaohf.com\/it\/wp-json\/wp\/v2\/product"}],"about":[{"href":"https:\/\/qingdaohf.com\/it\/wp-json\/wp\/v2\/types\/product"}],"replies":[{"embeddable":true,"href":"https:\/\/qingdaohf.com\/it\/wp-json\/wp\/v2\/comments?post=4110"}],"version-history":[{"count":3,"href":"https:\/\/qingdaohf.com\/it\/wp-json\/wp\/v2\/product\/4110\/revisions"}],"predecessor-version":[{"id":4117,"href":"https:\/\/qingdaohf.com\/it\/wp-json\/wp\/v2\/product\/4110\/revisions\/4117"}],"wp:featuredmedia":[{"embeddable":true,"href":"https:\/\/qingdaohf.com\/it\/wp-json\/wp\/v2\/media\/4111"}],"wp:attachment":[{"href":"https:\/\/qingdaohf.com\/it\/wp-json\/wp\/v2\/media?parent=4110"}],"wp:term":[{"taxonomy":"product_brand","embeddable":true,"href":"https:\/\/qingdaohf.com\/it\/wp-json\/wp\/v2\/product_brand?post=4110"},{"taxonomy":"product_cat","embeddable":true,"href":"https:\/\/qingdaohf.com\/it\/wp-json\/wp\/v2\/product_cat?post=4110"},{"taxonomy":"product_tag","embeddable":true,"href":"https:\/\/qingdaohf.com\/it\/wp-json\/wp\/v2\/product_tag?post=4110"}],"curies":[{"name":"wp","href":"https:\/\/api.w.org\/{rel}","templated":true}]}}