{"id":4217,"date":"2023-05-29T15:55:40","date_gmt":"2023-05-29T07:55:40","guid":{"rendered":"http:\/\/qingdaohf.com\/?post_type=product&#038;p=4217"},"modified":"2025-11-13T09:04:22","modified_gmt":"2025-11-13T01:04:22","slug":"ratchet-straps","status":"publish","type":"product","link":"https:\/\/qingdaohf.com\/it\/prodotto\/cinghie-a-cricchetto\/","title":{"rendered":"Cinghie a cricchetto per carichi pesanti per un fissaggio sicuro"},"content":{"rendered":"<p><img fetchpriority=\"high\" decoding=\"async\" class=\"alignnone size-full wp-image-6598\" src=\"http:\/\/qingdaohf.com\/wp-content\/uploads\/2023\/05\/Heavy-Duty-Ratchet-Straps-Cargo-Straps-for-Secure-Tie-Down-1.png\" alt=\"Cinghie a cricchetto per carichi pesanti per un fissaggio sicuro\" width=\"1118\" height=\"681\" srcset=\"https:\/\/qingdaohf.com\/wp-content\/uploads\/2023\/05\/Heavy-Duty-Ratchet-Straps-Cargo-Straps-for-Secure-Tie-Down-1.png 1118w, https:\/\/qingdaohf.com\/wp-content\/uploads\/2023\/05\/Heavy-Duty-Ratchet-Straps-Cargo-Straps-for-Secure-Tie-Down-1-300x183.png 300w, https:\/\/qingdaohf.com\/wp-content\/uploads\/2023\/05\/Heavy-Duty-Ratchet-Straps-Cargo-Straps-for-Secure-Tie-Down-1-1024x624.png 1024w, https:\/\/qingdaohf.com\/wp-content\/uploads\/2023\/05\/Heavy-Duty-Ratchet-Straps-Cargo-Straps-for-Secure-Tie-Down-1-768x468.png 768w, https:\/\/qingdaohf.com\/wp-content\/uploads\/2023\/05\/Heavy-Duty-Ratchet-Straps-Cargo-Straps-for-Secure-Tie-Down-1-1000x609.png 1000w\" sizes=\"(max-width: 1118px) 100vw, 1118px\" \/><\/p>\n<p><strong style=\"font-size: 16px;\">Affidabilit\u00e0:<\/strong><span style=\"font-size: 16px;\"> Avete bisogno di cinghie a cricchetto di cui potete fidarvi. Noi di Qingdao H&amp;F non siamo solo un fornitore, ma anche il produttore. I nostri prodotti sono realizzati nel nostro stabilimento cooperativo, garantendo un rigoroso controllo di qualit\u00e0 e un'affidabilit\u00e0 che resiste alle condizioni pi\u00f9 difficili.<\/span><\/p>\n<p><strong>Disponibilit\u00e0:<\/strong> Sappiamo che nel vostro settore il tempo \u00e8 denaro. Ecco perch\u00e9 manteniamo un inventario ben fornito, in modo che non dobbiate mai aspettare. Che abbiate bisogno di una o mille cinghie a cricchetto, siamo qui per soddisfare le vostre esigenze in tempi brevi.<\/p>\n<p><strong>Prezzi competitivi:<\/strong> Siamo consapevoli dell'importanza dell'efficienza dei costi. In qualit\u00e0 di venditore diretto, grossista, rivenditore e distributore, offriamo prezzi competitivi senza compromettere la qualit\u00e0. I nostri prodotti provengono direttamente dalla nostra fabbrica in Cina, il che significa che il cliente ottiene il miglior valore.<\/p>\n<p><strong>Personalizzazione:<\/strong> I vostri progetti hanno esigenze uniche. Qingdao H&amp;F supporta la personalizzazione, in modo da ottenere cinghie a cricchetto che si adattano ai vostri requisiti esatti. Il nostro team di esperti collaborer\u00e0 con voi per creare la soluzione perfetta.<\/p>\n<p><strong>Garanzia di qualit\u00e0:<\/strong> Crediamo nella trasparenza. Con ogni ordine, forniamo un rapporto di ispezione QC, assicurando che le nostre cinghie a cricchetto soddisfino i pi\u00f9 alti standard di qualit\u00e0.<\/p>\n<div class=\"ast-oembed-container\" style=\"height: 100%;\"><iframe title=\"Le cinghie a cricchetto da 2 pollici per impieghi gravosi assicurano un fissaggio affidabile del carico.\" width=\"500\" height=\"375\" src=\"https:\/\/www.youtube.com\/embed\/EjZB2wJBfFY?feature=oembed\" frameborder=\"0\" allow=\"accelerometer; autoplay; clipboard-write; encrypted-media; gyroscope; picture-in-picture; web-share\" referrerpolicy=\"strict-origin-when-cross-origin\" allowfullscreen><\/iframe><\/div>","protected":false},"excerpt":{"rendered":"<p>Benvenuti in H&amp;F, la vostra principale fonte di cinghie a cricchetto nel mercato all'ingrosso B2B. Il nostro impegno per l'eccellenza traspare dalle nostre cinghie a cricchetto, meticolosamente progettate per applicazioni di fissaggio robuste. In qualit\u00e0 di partner dedicato alla vendita all'ingrosso, H&amp;F garantisce non solo prodotti di altissimo livello, ma anche risposte rapide a tutte le richieste, assicurando che ogni domanda venga affrontata entro un lasso di tempo di 8 ore.<\/p>","protected":false},"featured_media":6056,"comment_status":"open","ping_status":"closed","template":"","meta":{"site-sidebar-layout":"default","site-content-layout":"default","ast-site-content-layout":"default","site-content-style":"default","site-sidebar-style":"default","ast-global-header-display":"","ast-banner-title-visibility":"","ast-main-header-display":"","ast-hfb-above-header-display":"","ast-hfb-below-header-display":"","ast-hfb-mobile-header-display":"","site-post-title":"","ast-breadcrumbs-content":"","ast-featured-img":"","footer-sml-layout":"","theme-transparent-header-meta":"default","adv-header-id-meta":"","stick-header-meta":"default","header-above-stick-meta":"","header-main-stick-meta":"","header-below-stick-meta":"","astra-migrate-meta-layouts":"set","ast-page-background-enabled":"default","ast-page-background-meta":{"desktop":{"background-color":"","background-image":"","background-repeat":"repeat","background-position":"center center","background-size":"auto","background-attachment":"scroll","background-type":"","background-media":"","overlay-type":"","overlay-color":"","overlay-opacity":"","overlay-gradient":""},"tablet":{"background-color":"","background-image":"","background-repeat":"repeat","background-position":"center center","background-size":"auto","background-attachment":"scroll","background-type":"","background-media":"","overlay-type":"","overlay-color":"","overlay-opacity":"","overlay-gradient":""},"mobile":{"background-color":"","background-image":"","background-repeat":"repeat","background-position":"center center","background-size":"auto","background-attachment":"scroll","background-type":"","background-media":"","overlay-type":"","overlay-color":"","overlay-opacity":"","overlay-gradient":""}},"ast-content-background-meta":{"desktop":{"background-color":"var(--ast-global-color-5)","background-image":"","background-repeat":"repeat","background-position":"center center","background-size":"auto","background-attachment":"scroll","background-type":"","background-media":"","overlay-type":"","overlay-color":"","overlay-opacity":"","overlay-gradient":""},"tablet":{"background-color":"var(--ast-global-color-5)","background-image":"","background-repeat":"repeat","background-position":"center center","background-size":"auto","background-attachment":"scroll","background-type":"","background-media":"","overlay-type":"","overlay-color":"","overlay-opacity":"","overlay-gradient":""},"mobile":{"background-color":"var(--ast-global-color-5)","background-image":"","background-repeat":"repeat","background-position":"center center","background-size":"auto","background-attachment":"scroll","background-type":"","background-media":"","overlay-type":"","overlay-color":"","overlay-opacity":"","overlay-gradient":""}}},"product_brand":[],"product_cat":[51,68,43],"product_tag":[],"class_list":{"0":"post-4217","1":"product","2":"type-product","3":"status-publish","4":"has-post-thumbnail","6":"product_cat-riggging-hardware","7":"product_cat-ratchet-strap","8":"product_cat-rigging-hardware","9":"desktop-align-left","10":"tablet-align-left","11":"mobile-align-left","12":"ast-product-gallery-layout-horizontal-slider","13":"ast-product-tabs-layout-horizontal","15":"first","16":"instock","17":"shipping-taxable","18":"purchasable","19":"product-type-simple"},"yoast_head":"<!-- This site is optimized with the Yoast SEO plugin v25.2 - https:\/\/yoast.com\/wordpress\/plugins\/seo\/ -->\n<title>Heavy Duty Tie Down Ratchet Straps<\/title>\n<meta name=\"description\" content=\"Our commitment to excellence shines through our Ratchet Straps, meticulously designed for robust tie-down applications.\" \/>\n<meta name=\"robots\" content=\"index, follow, max-snippet:-1, max-image-preview:large, max-video-preview:-1\" \/>\n<link rel=\"canonical\" href=\"https:\/\/qingdaohf.com\/it\/prodotto\/cinghie-a-cricchetto\/\" \/>\n<meta property=\"og:locale\" content=\"it_IT\" \/>\n<meta property=\"og:type\" content=\"article\" \/>\n<meta property=\"og:title\" content=\"Heavy Duty Tie Down Ratchet Straps\" \/>\n<meta property=\"og:description\" content=\"Our commitment to excellence shines through our Ratchet Straps, meticulously designed for robust tie-down applications.\" \/>\n<meta property=\"og:url\" content=\"https:\/\/qingdaohf.com\/it\/prodotto\/cinghie-a-cricchetto\/\" \/>\n<meta property=\"og:site_name\" content=\"Concrete Form &amp; Rigging Hardware Supplier\" \/>\n<meta property=\"article:publisher\" content=\"https:\/\/www.facebook.com\/qingdaohf\" \/>\n<meta property=\"article:modified_time\" content=\"2025-11-13T01:04:22+00:00\" \/>\n<meta property=\"og:image\" content=\"https:\/\/qingdaohf.com\/wp-content\/uploads\/2023\/05\/ratchet-strap-10_\u526f\u672c.jpg\" \/>\n\t<meta property=\"og:image:width\" content=\"800\" \/>\n\t<meta property=\"og:image:height\" content=\"800\" \/>\n\t<meta property=\"og:image:type\" content=\"image\/jpeg\" \/>\n<meta name=\"twitter:card\" content=\"summary_large_image\" \/>\n<meta name=\"twitter:label1\" content=\"Tempo di lettura stimato\" \/>\n\t<meta name=\"twitter:data1\" content=\"2 minuti\" \/>\n<script type=\"application\/ld+json\" class=\"yoast-schema-graph\">{\"@context\":\"https:\/\/schema.org\",\"@graph\":[{\"@type\":\"WebPage\",\"@id\":\"https:\/\/qingdaohf.com\/product\/ratchet-straps\/\",\"url\":\"https:\/\/qingdaohf.com\/product\/ratchet-straps\/\",\"name\":\"Heavy Duty Tie Down Ratchet Straps\",\"isPartOf\":{\"@id\":\"https:\/\/qingdaohf.com\/bg\/#website\"},\"primaryImageOfPage\":{\"@id\":\"https:\/\/qingdaohf.com\/product\/ratchet-straps\/#primaryimage\"},\"image\":{\"@id\":\"https:\/\/qingdaohf.com\/product\/ratchet-straps\/#primaryimage\"},\"thumbnailUrl\":\"https:\/\/qingdaohf.com\/wp-content\/uploads\/2023\/05\/ratchet-strap-10_\u526f\u672c.jpg\",\"datePublished\":\"2023-05-29T07:55:40+00:00\",\"dateModified\":\"2025-11-13T01:04:22+00:00\",\"description\":\"Our commitment to excellence shines through our Ratchet Straps, meticulously designed for robust tie-down applications.\",\"breadcrumb\":{\"@id\":\"https:\/\/qingdaohf.com\/product\/ratchet-straps\/#breadcrumb\"},\"inLanguage\":\"it-IT\",\"potentialAction\":[{\"@type\":\"ReadAction\",\"target\":[\"https:\/\/qingdaohf.com\/product\/ratchet-straps\/\"]}]},{\"@type\":\"ImageObject\",\"inLanguage\":\"it-IT\",\"@id\":\"https:\/\/qingdaohf.com\/product\/ratchet-straps\/#primaryimage\",\"url\":\"https:\/\/qingdaohf.com\/wp-content\/uploads\/2023\/05\/ratchet-strap-10_\u526f\u672c.jpg\",\"contentUrl\":\"https:\/\/qingdaohf.com\/wp-content\/uploads\/2023\/05\/ratchet-strap-10_\u526f\u672c.jpg\",\"width\":800,\"height\":800,\"caption\":\"ratchet strap\"},{\"@type\":\"BreadcrumbList\",\"@id\":\"https:\/\/qingdaohf.com\/product\/ratchet-straps\/#breadcrumb\",\"itemListElement\":[{\"@type\":\"ListItem\",\"position\":1,\"name\":\"Home\",\"item\":\"https:\/\/qingdaohf.com\/\"},{\"@type\":\"ListItem\",\"position\":2,\"name\":\"Concrete Forming Accessories and Rigging Hardware\",\"item\":\"https:\/\/qingdaohf.com\/bg\/?page_id=944\"},{\"@type\":\"ListItem\",\"position\":3,\"name\":\"Heavy Duty Ratchet Straps Cargo Straps for Secure Tie Down\"}]},{\"@type\":\"WebSite\",\"@id\":\"https:\/\/qingdaohf.com\/bg\/#website\",\"url\":\"https:\/\/qingdaohf.com\/bg\/\",\"name\":\"Concrete Form & Rigging Hardware Supplier\",\"description\":\"\",\"publisher\":{\"@id\":\"https:\/\/qingdaohf.com\/bg\/#organization\"},\"potentialAction\":[{\"@type\":\"SearchAction\",\"target\":{\"@type\":\"EntryPoint\",\"urlTemplate\":\"https:\/\/qingdaohf.com\/bg\/?s={search_term_string}\"},\"query-input\":{\"@type\":\"PropertyValueSpecification\",\"valueRequired\":true,\"valueName\":\"search_term_string\"}}],\"inLanguage\":\"it-IT\"},{\"@type\":\"Organization\",\"@id\":\"https:\/\/qingdaohf.com\/bg\/#organization\",\"name\":\"Qingdao H&F\",\"url\":\"https:\/\/qingdaohf.com\/bg\/\",\"logo\":{\"@type\":\"ImageObject\",\"inLanguage\":\"it-IT\",\"@id\":\"https:\/\/qingdaohf.com\/bg\/#\/schema\/logo\/image\/\",\"url\":\"https:\/\/qingdaohf.com\/wp-content\/uploads\/2022\/12\/cropped-HF-LOGO.png\",\"contentUrl\":\"https:\/\/qingdaohf.com\/wp-content\/uploads\/2022\/12\/cropped-HF-LOGO.png\",\"width\":391,\"height\":249,\"caption\":\"Qingdao H&F\"},\"image\":{\"@id\":\"https:\/\/qingdaohf.com\/bg\/#\/schema\/logo\/image\/\"},\"sameAs\":[\"https:\/\/www.facebook.com\/qingdaohf\"]}]}<\/script>\n<!-- \/ Yoast SEO plugin. -->","yoast_head_json":{"title":"Heavy Duty Tie Down Ratchet Straps","description":"Our commitment to excellence shines through our Ratchet Straps, meticulously designed for robust tie-down applications.","robots":{"index":"index","follow":"follow","max-snippet":"max-snippet:-1","max-image-preview":"max-image-preview:large","max-video-preview":"max-video-preview:-1"},"canonical":"https:\/\/qingdaohf.com\/it\/prodotto\/cinghie-a-cricchetto\/","og_locale":"it_IT","og_type":"article","og_title":"Heavy Duty Tie Down Ratchet Straps","og_description":"Our commitment to excellence shines through our Ratchet Straps, meticulously designed for robust tie-down applications.","og_url":"https:\/\/qingdaohf.com\/it\/prodotto\/cinghie-a-cricchetto\/","og_site_name":"Concrete Form &amp; Rigging Hardware Supplier","article_publisher":"https:\/\/www.facebook.com\/qingdaohf","article_modified_time":"2025-11-13T01:04:22+00:00","og_image":[{"width":800,"height":800,"url":"https:\/\/qingdaohf.com\/wp-content\/uploads\/2023\/05\/ratchet-strap-10_\u526f\u672c.jpg","type":"image\/jpeg"}],"twitter_card":"summary_large_image","twitter_misc":{"Tempo di lettura stimato":"2 minuti"},"schema":{"@context":"https:\/\/schema.org","@graph":[{"@type":"WebPage","@id":"https:\/\/qingdaohf.com\/product\/ratchet-straps\/","url":"https:\/\/qingdaohf.com\/product\/ratchet-straps\/","name":"Heavy Duty Tie Down Ratchet Straps","isPartOf":{"@id":"https:\/\/qingdaohf.com\/bg\/#website"},"primaryImageOfPage":{"@id":"https:\/\/qingdaohf.com\/product\/ratchet-straps\/#primaryimage"},"image":{"@id":"https:\/\/qingdaohf.com\/product\/ratchet-straps\/#primaryimage"},"thumbnailUrl":"https:\/\/qingdaohf.com\/wp-content\/uploads\/2023\/05\/ratchet-strap-10_\u526f\u672c.jpg","datePublished":"2023-05-29T07:55:40+00:00","dateModified":"2025-11-13T01:04:22+00:00","description":"Our commitment to excellence shines through our Ratchet Straps, meticulously designed for robust tie-down applications.","breadcrumb":{"@id":"https:\/\/qingdaohf.com\/product\/ratchet-straps\/#breadcrumb"},"inLanguage":"it-IT","potentialAction":[{"@type":"ReadAction","target":["https:\/\/qingdaohf.com\/product\/ratchet-straps\/"]}]},{"@type":"ImageObject","inLanguage":"it-IT","@id":"https:\/\/qingdaohf.com\/product\/ratchet-straps\/#primaryimage","url":"https:\/\/qingdaohf.com\/wp-content\/uploads\/2023\/05\/ratchet-strap-10_\u526f\u672c.jpg","contentUrl":"https:\/\/qingdaohf.com\/wp-content\/uploads\/2023\/05\/ratchet-strap-10_\u526f\u672c.jpg","width":800,"height":800,"caption":"ratchet strap"},{"@type":"BreadcrumbList","@id":"https:\/\/qingdaohf.com\/product\/ratchet-straps\/#breadcrumb","itemListElement":[{"@type":"ListItem","position":1,"name":"Home","item":"https:\/\/qingdaohf.com\/"},{"@type":"ListItem","position":2,"name":"Concrete Forming Accessories and Rigging Hardware","item":"https:\/\/qingdaohf.com\/bg\/?page_id=944"},{"@type":"ListItem","position":3,"name":"Heavy Duty Ratchet Straps Cargo Straps for Secure Tie Down"}]},{"@type":"WebSite","@id":"https:\/\/qingdaohf.com\/bg\/#website","url":"https:\/\/qingdaohf.com\/bg\/","name":"Concrete Form & Rigging Hardware Supplier","description":"","publisher":{"@id":"https:\/\/qingdaohf.com\/bg\/#organization"},"potentialAction":[{"@type":"SearchAction","target":{"@type":"EntryPoint","urlTemplate":"https:\/\/qingdaohf.com\/bg\/?s={search_term_string}"},"query-input":{"@type":"PropertyValueSpecification","valueRequired":true,"valueName":"search_term_string"}}],"inLanguage":"it-IT"},{"@type":"Organization","@id":"https:\/\/qingdaohf.com\/bg\/#organization","name":"Qingdao H&F","url":"https:\/\/qingdaohf.com\/bg\/","logo":{"@type":"ImageObject","inLanguage":"it-IT","@id":"https:\/\/qingdaohf.com\/bg\/#\/schema\/logo\/image\/","url":"https:\/\/qingdaohf.com\/wp-content\/uploads\/2022\/12\/cropped-HF-LOGO.png","contentUrl":"https:\/\/qingdaohf.com\/wp-content\/uploads\/2022\/12\/cropped-HF-LOGO.png","width":391,"height":249,"caption":"Qingdao H&F"},"image":{"@id":"https:\/\/qingdaohf.com\/bg\/#\/schema\/logo\/image\/"},"sameAs":["https:\/\/www.facebook.com\/qingdaohf"]}]}},"_links":{"self":[{"href":"https:\/\/qingdaohf.com\/it\/wp-json\/wp\/v2\/product\/4217","targetHints":{"allow":["GET"]}}],"collection":[{"href":"https:\/\/qingdaohf.com\/it\/wp-json\/wp\/v2\/product"}],"about":[{"href":"https:\/\/qingdaohf.com\/it\/wp-json\/wp\/v2\/types\/product"}],"replies":[{"embeddable":true,"href":"https:\/\/qingdaohf.com\/it\/wp-json\/wp\/v2\/comments?post=4217"}],"version-history":[{"count":15,"href":"https:\/\/qingdaohf.com\/it\/wp-json\/wp\/v2\/product\/4217\/revisions"}],"predecessor-version":[{"id":6599,"href":"https:\/\/qingdaohf.com\/it\/wp-json\/wp\/v2\/product\/4217\/revisions\/6599"}],"wp:featuredmedia":[{"embeddable":true,"href":"https:\/\/qingdaohf.com\/it\/wp-json\/wp\/v2\/media\/6056"}],"wp:attachment":[{"href":"https:\/\/qingdaohf.com\/it\/wp-json\/wp\/v2\/media?parent=4217"}],"wp:term":[{"taxonomy":"product_brand","embeddable":true,"href":"https:\/\/qingdaohf.com\/it\/wp-json\/wp\/v2\/product_brand?post=4217"},{"taxonomy":"product_cat","embeddable":true,"href":"https:\/\/qingdaohf.com\/it\/wp-json\/wp\/v2\/product_cat?post=4217"},{"taxonomy":"product_tag","embeddable":true,"href":"https:\/\/qingdaohf.com\/it\/wp-json\/wp\/v2\/product_tag?post=4217"}],"curies":[{"name":"wp","href":"https:\/\/api.w.org\/{rel}","templated":true}]}}