{"id":8280,"date":"2024-11-05T16:43:34","date_gmt":"2024-11-05T08:43:34","guid":{"rendered":"http:\/\/qingdaohf.com\/?post_type=product&#038;p=8280"},"modified":"2025-11-13T09:02:53","modified_gmt":"2025-11-13T01:02:53","slug":"webbing-sling-3-ton","status":"publish","type":"product","link":"https:\/\/qingdaohf.com\/it\/prodotto\/imbracatura-a-fettuccia-3-ton\/","title":{"rendered":"Fettuccia piatta con imbracatura in poliestere doppio duplex da 3 tonnellate"},"content":{"rendered":"<h3><strong>Affidabile imbracatura a nastro da 3 tonnellate per applicazioni di sollevamento pesanti<\/strong><\/h3>\n<p>Nel mondo della movimentazione dei materiali, l'imbracatura a nastro da 3 tonnellate si distingue come soluzione robusta per il sollevamento e il fissaggio di carichi pesanti in diversi settori. Grazie a un equilibrio ottimale tra resistenza, flessibilit\u00e0 e sicurezza, questa imbracatura \u00e8 progettata per soddisfare le rigorose esigenze di attivit\u00e0 che vanno dall'edilizia alla logistica. Costruita con fibre sintetiche di alta qualit\u00e0, l'imbracatura a nastro da 3 tonnellate \u00e8 progettata per offrire prestazioni affidabili, rendendola una risorsa cruciale per qualsiasi operazione che preveda il sollevamento di pesi importanti.<\/p>\n<p>La crescente domanda di soluzioni di sollevamento versatili ha portato all'uso diffuso di brache a nastro in ambienti commerciali e industriali. L'imbracatura a nastro da 3 tonnellate \u00e8 specificamente realizzata per gestire carichi medio-pesanti, fornendo agli operatori un mezzo affidabile per svolgere i loro compiti in modo efficiente e sicuro. Gli acquirenti spesso si preoccupano della sicurezza e della durata del carico, che sono fondamentali nella scelta delle attrezzature di sollevamento. L'imbracatura a nastro da 3 tonnellate risponde a queste preoccupazioni garantendo la capacit\u00e0 di resistere alle condizioni pi\u00f9 difficili, mantenendo l'integrit\u00e0 e le prestazioni nel tempo.<\/p>\n<p>Una delle caratteristiche principali dell'imbracatura con fettuccia da 3 tonnellate \u00e8 la sua costruzione, che in genere prevede fibre di poliestere o nylon ad alta resistenza. Questi materiali offrono diversi vantaggi, tra cui la resistenza all'usura, la stabilit\u00e0 ai raggi UV e la resistenza all'umidit\u00e0. La combinazione di queste caratteristiche assicura che l'imbracatura possa funzionare bene anche in ambienti esterni difficili, rendendola adatta a una vasta gamma di applicazioni.<\/p>\n<p>A Qingdao H&amp;F siamo orgogliosi della nostra capacit\u00e0 di fornire non solo prodotti di alta qualit\u00e0, ma anche un servizio eccezionale. Il nostro impegno per un servizio clienti individuale significa che ogni cliente riceve un'attenzione personalizzata, adatta alle sue esigenze specifiche. Questo approccio favorisce la fiducia e garantisce che gli acquirenti si sentano supportati durante il loro percorso di acquisto. Inoltre, sottolineiamo l'importanza della puntualit\u00e0 delle consegne e i nostri efficienti processi logistici garantiscono che i clienti ricevano le loro imbragature senza inutili ritardi. Accompagnati da rapporti completi di ispezione della qualit\u00e0, i nostri prodotti offrono agli acquirenti la massima tranquillit\u00e0, garantendo la conformit\u00e0 agli standard di sicurezza e di prestazione richiesti.<\/p>\n<h3><strong>Qualit\u00e0 della costruzione e prestazioni dei materiali<\/strong><\/h3>\n<p>La qualit\u00e0 dei materiali utilizzati nella fettuccia da 3 tonnellate \u00e8 fondamentale per le sue prestazioni e la sua durata. Quando selezioniamo i materiali per la produzione, ci concentriamo sulla durata e sulla resistenza. Il poliestere, noto per il suo basso allungamento e l'elevata resistenza all'abrasione, \u00e8 una scelta popolare. Questa fibra \u00e8 particolarmente efficace nel mantenere la stabilit\u00e0 del carico, essenziale per operazioni di sollevamento sicure. D'altra parte, il nylon offre un'elasticit\u00e0 superiore, in grado di assorbire i carichi d'urto durante il sollevamento, una caratteristica che pu\u00f2 essere vantaggiosa in diverse applicazioni.<\/p>\n<p>Ogni aspetto del processo di produzione \u00e8 progettato per rispettare gli standard pi\u00f9 elevati. Dalla selezione delle fibre alla tecnica di tessitura, ogni imbragatura \u00e8 sottoposta a test rigorosi per confermare la sua capacit\u00e0 di gestire in sicurezza carichi fino a 3 tonnellate. Le cuciture rinforzate e i raccordi terminali di alta qualit\u00e0 migliorano la durata dell'imbragatura, riducendo il rischio di usura e aumentandone la durata. Grazie a queste caratteristiche, l'imbracatura con fettuccia da 3 tonnellate \u00e8 un investimento prezioso per le aziende che cercano soluzioni di sollevamento affidabili.<\/p>\n<p>La garanzia di qualit\u00e0 \u00e8 fondamentale per Qingdao H&amp;F e i nostri clienti possono aspettarsi che ogni prodotto sia accompagnato da un rapporto di ispezione dettagliato. Questi rapporti forniscono informazioni fondamentali sulle caratteristiche prestazionali della braca, tra cui la resistenza alla rottura e la conformit\u00e0 agli standard industriali. Assicurandoci che ogni imbracatura soddisfi questi parametri, aiutiamo i nostri clienti a prendere decisioni informate, dando priorit\u00e0 alla sicurezza e all'affidabilit\u00e0 delle loro operazioni di sollevamento.<\/p>\n<h3><strong>Applicazioni versatili e vantaggi per il settore<\/strong><\/h3>\n<p>La versatilit\u00e0 della braca a nastro da 3 tonnellate la rende una scelta ideale per un'ampia gamma di applicazioni in diversi settori. Nell'edilizia, ad esempio, questa braca pu\u00f2 essere utilizzata per sollevare e spostare materiali pesanti come travi in acciaio, blocchi di cemento e macchinari. La leggerezza delle brache a nastro le rende pi\u00f9 facili da maneggiare rispetto alle tradizionali catene metalliche, riducendo al minimo l'affaticamento dell'operatore e migliorando la sicurezza generale.<\/p>\n<p>Nella logistica e nell'immagazzinamento, la braca a nastro da 3 tonnellate si rivela preziosa per il trasporto di merci e materiali. La sua capacit\u00e0 di sollevare in modo sicuro carichi pesanti assicura che le operazioni si svolgano in modo fluido ed efficiente. La flessibilit\u00e0 dell'imbracatura consente di utilizzarla in spazi ristretti dove altre attrezzature di sollevamento potrebbero avere difficolt\u00e0. Inoltre, la natura non dannosa della fettuccia consente di sollevare in modo sicuro prodotti fragili o finiti senza il rischio di graffi o ammaccature.<\/p>\n<p>Un altro vantaggio significativo della braca a nastro da 3 tonnellate \u00e8 la facilit\u00e0 di manutenzione. A differenza delle catene o di altri dispositivi di sollevamento metallici, le brache a nastro richiedono una manutenzione minima. Ispezioni regolari e uno stoccaggio adeguato possono prolungare in modo significativo la loro durata, rendendole un'opzione economicamente vantaggiosa per le aziende che puntano sull'efficienza operativa.<\/p>\n<p>Qingdao H&amp;F \u00e8 consapevole dell'evoluzione delle esigenze dei vari settori industriali e la nostra imbracatura a nastro da 3 tonnellate \u00e8 stata progettata per rispondere a queste richieste. Che si tratti di edilizia, logistica o produzione, questa braca offre l'affidabilit\u00e0 e le prestazioni di cui le aziende hanno bisogno per avere successo. La capacit\u00e0 di sollevare carichi consistenti in modo sicuro ed efficiente pu\u00f2 aumentare significativamente la produttivit\u00e0, consentendo agli operatori di concentrarsi sulle loro attivit\u00e0 principali senza preoccuparsi dei guasti alle attrezzature.<\/p>\n<h3><strong>Qingdao H&amp;F: il vostro partner per qualit\u00e0 e servizio<\/strong><\/h3>\n<p>La dedizione di Qingdao H&amp;F alla qualit\u00e0 e alla soddisfazione del cliente ci distingue nel panorama competitivo delle soluzioni di sollevamento. L'imbracatura a nastro da 3 tonnellate rappresenta il nostro impegno a fornire ai clienti prodotti non solo durevoli e affidabili, ma anche supportati da un servizio eccezionale. Grazie alla nostra assistenza clienti individuale, guidiamo i clienti nel processo di selezione, assicurando che scelgano l'imbracatura giusta per le loro esigenze specifiche.<\/p>\n<p>La nostra attenzione ai cicli di consegna rapidi significa che i clienti possono contare su di noi per avere un accesso tempestivo alle loro attrezzature di sollevamento. Siamo consapevoli dell'importanza di avere gli strumenti giusti al momento giusto e il nostro team logistico lavora diligentemente per soddisfare e superare queste aspettative. Inoltre, i nostri rapporti completi di ispezione della qualit\u00e0 forniscono la trasparenza di cui i clienti hanno bisogno per sentirsi sicuri del loro acquisto, rafforzando il nostro impegno per la sicurezza e le prestazioni.<\/p>\n<p>Scegliere l'imbracatura a nastro da 3 tonnellate di Qingdao H&amp;F significa investire in una soluzione di sollevamento di alta qualit\u00e0 sostenuta da un'azienda che apprezza i propri clienti e d\u00e0 priorit\u00e0 alle loro esigenze. Fornendo prodotti affidabili e un servizio eccezionale, puntiamo a promuovere partnership a lungo termine basate su fiducia e affidabilit\u00e0. I nostri clienti possono essere certi che, scegliendo le nostre brache a nastro, si dotano dei migliori strumenti disponibili sul mercato, migliorando l'efficacia operativa e gli standard di sicurezza.<\/p>","protected":false},"excerpt":{"rendered":"<p>L'imbracatura a nastro da 3 tonnellate offerta da Qingdao H&amp;F \u00e8 uno strumento essenziale per un sollevamento sicuro ed efficace in una variet\u00e0 di applicazioni industriali. Gli acquirenti cercano spesso garanzie sulla sicurezza del carico, sulla durata e sulla facilit\u00e0 d'uso delle attrezzature di sollevamento. Questa imbragatura soddisfa queste esigenze, vantando una struttura robusta progettata per gestire con affidabilit\u00e0 i carichi pi\u00f9 pesanti. In qualit\u00e0 di azienda commerciale, siamo orgogliosi di offrire un valore eccezionale grazie a un servizio clienti individuale, a cicli di consegna rapidi e a rapporti di ispezione della qualit\u00e0 completi, che garantiscono che ogni prodotto sia all'altezza dei pi\u00f9 elevati standard di sicurezza e prestazioni.<\/p>","protected":false},"featured_media":8197,"comment_status":"open","ping_status":"closed","template":"","meta":{"site-sidebar-layout":"default","site-content-layout":"","ast-site-content-layout":"default","site-content-style":"default","site-sidebar-style":"default","ast-global-header-display":"","ast-banner-title-visibility":"","ast-main-header-display":"","ast-hfb-above-header-display":"","ast-hfb-below-header-display":"","ast-hfb-mobile-header-display":"","site-post-title":"","ast-breadcrumbs-content":"","ast-featured-img":"","footer-sml-layout":"","theme-transparent-header-meta":"default","adv-header-id-meta":"","stick-header-meta":"default","header-above-stick-meta":"","header-main-stick-meta":"","header-below-stick-meta":"","astra-migrate-meta-layouts":"set","ast-page-background-enabled":"default","ast-page-background-meta":{"desktop":{"background-color":"","background-image":"","background-repeat":"repeat","background-position":"center center","background-size":"auto","background-attachment":"scroll","background-type":"","background-media":"","overlay-type":"","overlay-color":"","overlay-opacity":"","overlay-gradient":""},"tablet":{"background-color":"","background-image":"","background-repeat":"repeat","background-position":"center center","background-size":"auto","background-attachment":"scroll","background-type":"","background-media":"","overlay-type":"","overlay-color":"","overlay-opacity":"","overlay-gradient":""},"mobile":{"background-color":"","background-image":"","background-repeat":"repeat","background-position":"center center","background-size":"auto","background-attachment":"scroll","background-type":"","background-media":"","overlay-type":"","overlay-color":"","overlay-opacity":"","overlay-gradient":""}},"ast-content-background-meta":{"desktop":{"background-color":"var(--ast-global-color-5)","background-image":"","background-repeat":"repeat","background-position":"center center","background-size":"auto","background-attachment":"scroll","background-type":"","background-media":"","overlay-type":"","overlay-color":"","overlay-opacity":"","overlay-gradient":""},"tablet":{"background-color":"var(--ast-global-color-5)","background-image":"","background-repeat":"repeat","background-position":"center center","background-size":"auto","background-attachment":"scroll","background-type":"","background-media":"","overlay-type":"","overlay-color":"","overlay-opacity":"","overlay-gradient":""},"mobile":{"background-color":"var(--ast-global-color-5)","background-image":"","background-repeat":"repeat","background-position":"center center","background-size":"auto","background-attachment":"scroll","background-type":"","background-media":"","overlay-type":"","overlay-color":"","overlay-opacity":"","overlay-gradient":""}}},"product_brand":[],"product_cat":[39],"product_tag":[],"class_list":{"0":"post-8280","1":"product","2":"type-product","3":"status-publish","4":"has-post-thumbnail","6":"product_cat-webbing-sling","7":"desktop-align-left","8":"tablet-align-left","9":"mobile-align-left","10":"ast-product-gallery-layout-horizontal-slider","11":"ast-product-gallery-with-no-image","12":"ast-product-tabs-layout-horizontal","14":"first","15":"instock","16":"shipping-taxable","17":"purchasable","18":"product-type-simple"},"yoast_head":"<!-- This site is optimized with the Yoast SEO plugin v25.2 - https:\/\/yoast.com\/wordpress\/plugins\/seo\/ -->\n<title>Flat Webbing Sling 3 Ton Polyester Double Duplex<\/title>\n<meta name=\"robots\" content=\"index, follow, max-snippet:-1, max-image-preview:large, max-video-preview:-1\" \/>\n<link rel=\"canonical\" href=\"https:\/\/qingdaohf.com\/it\/prodotto\/imbracatura-a-fettuccia-3-ton\/\" \/>\n<meta property=\"og:locale\" content=\"it_IT\" \/>\n<meta property=\"og:type\" content=\"article\" \/>\n<meta property=\"og:title\" content=\"Flat Webbing Sling 3 Ton Polyester Double Duplex\" \/>\n<meta property=\"og:description\" content=\"The 3-ton webbing sling offered by Qingdao H&amp;F is an essential tool for safe and effective lifting in a variety of industrial applications. Buyers often seek assurance regarding load security, durability, and the ease of use of lifting equipment. This sling meets those needs, boasting a strong construction designed for handling heavier loads with reliability. As a trading company, we pride ourselves on delivering exceptional value through one-on-one customer service, rapid delivery cycles, and comprehensive quality inspection reports, ensuring that each product is up to the highest standards of safety and performance.\" \/>\n<meta property=\"og:url\" content=\"https:\/\/qingdaohf.com\/it\/prodotto\/imbracatura-a-fettuccia-3-ton\/\" \/>\n<meta property=\"og:site_name\" content=\"Concrete Form &amp; Rigging Hardware Supplier\" \/>\n<meta property=\"article:publisher\" content=\"https:\/\/www.facebook.com\/qingdaohf\" \/>\n<meta property=\"article:modified_time\" content=\"2025-11-13T01:02:53+00:00\" \/>\n<meta property=\"og:image\" content=\"https:\/\/qingdaohf.com\/wp-content\/uploads\/2024\/10\/3-ton-webbing-sling_1.webp\" \/>\n\t<meta property=\"og:image:width\" content=\"1000\" \/>\n\t<meta property=\"og:image:height\" content=\"1000\" \/>\n\t<meta property=\"og:image:type\" content=\"image\/webp\" \/>\n<meta name=\"twitter:card\" content=\"summary_large_image\" \/>\n<meta name=\"twitter:label1\" content=\"Tempo di lettura stimato\" \/>\n\t<meta name=\"twitter:data1\" content=\"5 minuti\" \/>\n<script type=\"application\/ld+json\" class=\"yoast-schema-graph\">{\"@context\":\"https:\/\/schema.org\",\"@graph\":[{\"@type\":\"WebPage\",\"@id\":\"https:\/\/qingdaohf.com\/product\/webbing-sling-3-ton\/\",\"url\":\"https:\/\/qingdaohf.com\/product\/webbing-sling-3-ton\/\",\"name\":\"Flat Webbing Sling 3 Ton Polyester Double Duplex\",\"isPartOf\":{\"@id\":\"https:\/\/qingdaohf.com\/bg\/#website\"},\"primaryImageOfPage\":{\"@id\":\"https:\/\/qingdaohf.com\/product\/webbing-sling-3-ton\/#primaryimage\"},\"image\":{\"@id\":\"https:\/\/qingdaohf.com\/product\/webbing-sling-3-ton\/#primaryimage\"},\"thumbnailUrl\":\"https:\/\/qingdaohf.com\/wp-content\/uploads\/2024\/10\/3-ton-webbing-sling_1.webp\",\"datePublished\":\"2024-11-05T08:43:34+00:00\",\"dateModified\":\"2025-11-13T01:02:53+00:00\",\"breadcrumb\":{\"@id\":\"https:\/\/qingdaohf.com\/product\/webbing-sling-3-ton\/#breadcrumb\"},\"inLanguage\":\"it-IT\",\"potentialAction\":[{\"@type\":\"ReadAction\",\"target\":[\"https:\/\/qingdaohf.com\/product\/webbing-sling-3-ton\/\"]}]},{\"@type\":\"ImageObject\",\"inLanguage\":\"it-IT\",\"@id\":\"https:\/\/qingdaohf.com\/product\/webbing-sling-3-ton\/#primaryimage\",\"url\":\"https:\/\/qingdaohf.com\/wp-content\/uploads\/2024\/10\/3-ton-webbing-sling_1.webp\",\"contentUrl\":\"https:\/\/qingdaohf.com\/wp-content\/uploads\/2024\/10\/3-ton-webbing-sling_1.webp\",\"width\":1000,\"height\":1000,\"caption\":\"3 ton webbing sling_1\"},{\"@type\":\"BreadcrumbList\",\"@id\":\"https:\/\/qingdaohf.com\/product\/webbing-sling-3-ton\/#breadcrumb\",\"itemListElement\":[{\"@type\":\"ListItem\",\"position\":1,\"name\":\"Home\",\"item\":\"https:\/\/qingdaohf.com\/\"},{\"@type\":\"ListItem\",\"position\":2,\"name\":\"Concrete Forming Accessories and Rigging Hardware\",\"item\":\"https:\/\/qingdaohf.com\/bg\/?page_id=944\"},{\"@type\":\"ListItem\",\"position\":3,\"name\":\"Flat Webbing Sling 3 Ton Polyester Double Duplex\"}]},{\"@type\":\"WebSite\",\"@id\":\"https:\/\/qingdaohf.com\/bg\/#website\",\"url\":\"https:\/\/qingdaohf.com\/bg\/\",\"name\":\"Concrete Form & Rigging Hardware Supplier\",\"description\":\"\",\"publisher\":{\"@id\":\"https:\/\/qingdaohf.com\/bg\/#organization\"},\"potentialAction\":[{\"@type\":\"SearchAction\",\"target\":{\"@type\":\"EntryPoint\",\"urlTemplate\":\"https:\/\/qingdaohf.com\/bg\/?s={search_term_string}\"},\"query-input\":{\"@type\":\"PropertyValueSpecification\",\"valueRequired\":true,\"valueName\":\"search_term_string\"}}],\"inLanguage\":\"it-IT\"},{\"@type\":\"Organization\",\"@id\":\"https:\/\/qingdaohf.com\/bg\/#organization\",\"name\":\"Qingdao H&F\",\"url\":\"https:\/\/qingdaohf.com\/bg\/\",\"logo\":{\"@type\":\"ImageObject\",\"inLanguage\":\"it-IT\",\"@id\":\"https:\/\/qingdaohf.com\/bg\/#\/schema\/logo\/image\/\",\"url\":\"https:\/\/qingdaohf.com\/wp-content\/uploads\/2022\/12\/cropped-HF-LOGO.png\",\"contentUrl\":\"https:\/\/qingdaohf.com\/wp-content\/uploads\/2022\/12\/cropped-HF-LOGO.png\",\"width\":391,\"height\":249,\"caption\":\"Qingdao H&F\"},\"image\":{\"@id\":\"https:\/\/qingdaohf.com\/bg\/#\/schema\/logo\/image\/\"},\"sameAs\":[\"https:\/\/www.facebook.com\/qingdaohf\"]}]}<\/script>\n<!-- \/ Yoast SEO plugin. -->","yoast_head_json":{"title":"Flat Webbing Sling 3 Ton Polyester Double Duplex","robots":{"index":"index","follow":"follow","max-snippet":"max-snippet:-1","max-image-preview":"max-image-preview:large","max-video-preview":"max-video-preview:-1"},"canonical":"https:\/\/qingdaohf.com\/it\/prodotto\/imbracatura-a-fettuccia-3-ton\/","og_locale":"it_IT","og_type":"article","og_title":"Flat Webbing Sling 3 Ton Polyester Double Duplex","og_description":"The 3-ton webbing sling offered by Qingdao H&amp;F is an essential tool for safe and effective lifting in a variety of industrial applications. Buyers often seek assurance regarding load security, durability, and the ease of use of lifting equipment. This sling meets those needs, boasting a strong construction designed for handling heavier loads with reliability. As a trading company, we pride ourselves on delivering exceptional value through one-on-one customer service, rapid delivery cycles, and comprehensive quality inspection reports, ensuring that each product is up to the highest standards of safety and performance.","og_url":"https:\/\/qingdaohf.com\/it\/prodotto\/imbracatura-a-fettuccia-3-ton\/","og_site_name":"Concrete Form &amp; Rigging Hardware Supplier","article_publisher":"https:\/\/www.facebook.com\/qingdaohf","article_modified_time":"2025-11-13T01:02:53+00:00","og_image":[{"width":1000,"height":1000,"url":"https:\/\/qingdaohf.com\/wp-content\/uploads\/2024\/10\/3-ton-webbing-sling_1.webp","type":"image\/webp"}],"twitter_card":"summary_large_image","twitter_misc":{"Tempo di lettura stimato":"5 minuti"},"schema":{"@context":"https:\/\/schema.org","@graph":[{"@type":"WebPage","@id":"https:\/\/qingdaohf.com\/product\/webbing-sling-3-ton\/","url":"https:\/\/qingdaohf.com\/product\/webbing-sling-3-ton\/","name":"Flat Webbing Sling 3 Ton Polyester Double Duplex","isPartOf":{"@id":"https:\/\/qingdaohf.com\/bg\/#website"},"primaryImageOfPage":{"@id":"https:\/\/qingdaohf.com\/product\/webbing-sling-3-ton\/#primaryimage"},"image":{"@id":"https:\/\/qingdaohf.com\/product\/webbing-sling-3-ton\/#primaryimage"},"thumbnailUrl":"https:\/\/qingdaohf.com\/wp-content\/uploads\/2024\/10\/3-ton-webbing-sling_1.webp","datePublished":"2024-11-05T08:43:34+00:00","dateModified":"2025-11-13T01:02:53+00:00","breadcrumb":{"@id":"https:\/\/qingdaohf.com\/product\/webbing-sling-3-ton\/#breadcrumb"},"inLanguage":"it-IT","potentialAction":[{"@type":"ReadAction","target":["https:\/\/qingdaohf.com\/product\/webbing-sling-3-ton\/"]}]},{"@type":"ImageObject","inLanguage":"it-IT","@id":"https:\/\/qingdaohf.com\/product\/webbing-sling-3-ton\/#primaryimage","url":"https:\/\/qingdaohf.com\/wp-content\/uploads\/2024\/10\/3-ton-webbing-sling_1.webp","contentUrl":"https:\/\/qingdaohf.com\/wp-content\/uploads\/2024\/10\/3-ton-webbing-sling_1.webp","width":1000,"height":1000,"caption":"3 ton webbing sling_1"},{"@type":"BreadcrumbList","@id":"https:\/\/qingdaohf.com\/product\/webbing-sling-3-ton\/#breadcrumb","itemListElement":[{"@type":"ListItem","position":1,"name":"Home","item":"https:\/\/qingdaohf.com\/"},{"@type":"ListItem","position":2,"name":"Concrete Forming Accessories and Rigging Hardware","item":"https:\/\/qingdaohf.com\/bg\/?page_id=944"},{"@type":"ListItem","position":3,"name":"Flat Webbing Sling 3 Ton Polyester Double Duplex"}]},{"@type":"WebSite","@id":"https:\/\/qingdaohf.com\/bg\/#website","url":"https:\/\/qingdaohf.com\/bg\/","name":"Concrete Form & Rigging Hardware Supplier","description":"","publisher":{"@id":"https:\/\/qingdaohf.com\/bg\/#organization"},"potentialAction":[{"@type":"SearchAction","target":{"@type":"EntryPoint","urlTemplate":"https:\/\/qingdaohf.com\/bg\/?s={search_term_string}"},"query-input":{"@type":"PropertyValueSpecification","valueRequired":true,"valueName":"search_term_string"}}],"inLanguage":"it-IT"},{"@type":"Organization","@id":"https:\/\/qingdaohf.com\/bg\/#organization","name":"Qingdao H&F","url":"https:\/\/qingdaohf.com\/bg\/","logo":{"@type":"ImageObject","inLanguage":"it-IT","@id":"https:\/\/qingdaohf.com\/bg\/#\/schema\/logo\/image\/","url":"https:\/\/qingdaohf.com\/wp-content\/uploads\/2022\/12\/cropped-HF-LOGO.png","contentUrl":"https:\/\/qingdaohf.com\/wp-content\/uploads\/2022\/12\/cropped-HF-LOGO.png","width":391,"height":249,"caption":"Qingdao H&F"},"image":{"@id":"https:\/\/qingdaohf.com\/bg\/#\/schema\/logo\/image\/"},"sameAs":["https:\/\/www.facebook.com\/qingdaohf"]}]}},"_links":{"self":[{"href":"https:\/\/qingdaohf.com\/it\/wp-json\/wp\/v2\/product\/8280","targetHints":{"allow":["GET"]}}],"collection":[{"href":"https:\/\/qingdaohf.com\/it\/wp-json\/wp\/v2\/product"}],"about":[{"href":"https:\/\/qingdaohf.com\/it\/wp-json\/wp\/v2\/types\/product"}],"replies":[{"embeddable":true,"href":"https:\/\/qingdaohf.com\/it\/wp-json\/wp\/v2\/comments?post=8280"}],"version-history":[{"count":2,"href":"https:\/\/qingdaohf.com\/it\/wp-json\/wp\/v2\/product\/8280\/revisions"}],"predecessor-version":[{"id":8338,"href":"https:\/\/qingdaohf.com\/it\/wp-json\/wp\/v2\/product\/8280\/revisions\/8338"}],"wp:featuredmedia":[{"embeddable":true,"href":"https:\/\/qingdaohf.com\/it\/wp-json\/wp\/v2\/media\/8197"}],"wp:attachment":[{"href":"https:\/\/qingdaohf.com\/it\/wp-json\/wp\/v2\/media?parent=8280"}],"wp:term":[{"taxonomy":"product_brand","embeddable":true,"href":"https:\/\/qingdaohf.com\/it\/wp-json\/wp\/v2\/product_brand?post=8280"},{"taxonomy":"product_cat","embeddable":true,"href":"https:\/\/qingdaohf.com\/it\/wp-json\/wp\/v2\/product_cat?post=8280"},{"taxonomy":"product_tag","embeddable":true,"href":"https:\/\/qingdaohf.com\/it\/wp-json\/wp\/v2\/product_tag?post=8280"}],"curies":[{"name":"wp","href":"https:\/\/api.w.org\/{rel}","templated":true}]}}