{"id":8283,"date":"2024-11-05T17:52:39","date_gmt":"2024-11-05T09:52:39","guid":{"rendered":"http:\/\/qingdaohf.com\/?post_type=product&#038;p=8283"},"modified":"2025-11-13T09:02:53","modified_gmt":"2025-11-13T01:02:53","slug":"webbing-sling-4-ton","status":"publish","type":"product","link":"https:\/\/qingdaohf.com\/it\/prodotto\/imbracatura-a-fettuccia-4-ton\/","title":{"rendered":"Imbracatura a fettuccia piatta da 4 tonnellate in poliestere doppio duplex"},"content":{"rendered":"<h4>Prestazioni superiori e caratteristiche principali dell'imbracatura con fettuccia da 4 tonnellate<\/h4>\n<p>Quando si tratta di attrezzature per il sollevamento di carichi pesanti, affidabilit\u00e0, sicurezza e durata sono fattori essenziali per gli acquirenti industriali. L'imbracatura a nastro da 4 tonnellate di Qingdao H&amp;F \u00e8 stata realizzata per servire le industrie che richiedono soluzioni sicure e affidabili per la gestione di carichi pesanti. Questa imbracatura \u00e8 realizzata con fibre di poliestere ad alta resistenza che resistono all'abrasione e alla degradazione dei raggi UV, offrendo longevit\u00e0 e resilienza. In grado di sollevare carichi fino a 4 tonnellate, questa braca \u00e8 ideale per una variet\u00e0 di applicazioni, dai cantieri edili ai magazzini, dalla logistica ai trasporti.<\/p>\n<p>La qualit\u00e0 \u00e8 la pietra miliare delle offerte di Qingdao H&amp;F. Ogni imbracatura da 4 tonnellate \u00e8 sottoposta a test rigorosi, con rapporti di ispezione della qualit\u00e0 disponibili per verificarne la conformit\u00e0 agli standard internazionali. Gli acquirenti possono stare tranquilli sapendo che ogni prodotto \u00e8 stato accuratamente ispezionato, riducendo al minimo il rischio di usura o cedimento sotto carico. L'uso di materiali durevoli e di tecniche di produzione precise garantisce che questa imbracatura a nastro mantenga la sua forza e funzionalit\u00e0 anche in condizioni difficili. L'impegno di Qingdao H&amp;F nel fornire consegne da magazzino a magazzino semplifica inoltre il processo di acquisto, fornendo un rapido accesso alle attrezzature essenziali senza ritardi.<\/p>\n<h4>Su misura per le esigenze del settore: Sicurezza, efficienza e affidabilit\u00e0<\/h4>\n<p>La sicurezza \u00e8 fondamentale nel sollevamento industriale. L'imbracatura a nastro da 4 tonnellate di Qingdao H&amp;F \u00e8 progettata per soddisfare e superare gli standard di sicurezza, assicurando che gli operatori possano gestire carichi pesanti con fiducia. L'ampia superficie dell'imbracatura riduce i punti di pressione sul carico, distribuendo il peso in modo uniforme per evitare danni. Nelle applicazioni in cui l'integrit\u00e0 del carico \u00e8 fondamentale, questa caratteristica progettuale \u00e8 preziosa, in quanto riduce al minimo il rischio di scivolamento o di spostamento improvviso del carico durante la movimentazione. Questa attenzione ai dettagli nella progettazione e nella costruzione sottolinea l'impegno di Qingdao H&amp;F nel soddisfare i requisiti del settore per una gestione sicura ed efficiente del carico.<\/p>\n<p>Uno degli aspetti degni di nota dell'offerta di Qingdao H&amp;F \u00e8 l'esperienza del servizio clienti one-to-one. Questo approccio personalizzato consente agli acquirenti di discutere le loro esigenze specifiche e di ottenere raccomandazioni su misura, rendendo pi\u00f9 facile la scelta della fettuccia migliore per determinate applicazioni. Grazie a un ciclo di consegna rapido e a un team di assistenza clienti reattivo, Qingdao H&amp;F garantisce ai clienti un'assistenza tempestiva e una guida accurata ai prodotti, riducendo ulteriormente i tempi di inattivit\u00e0 e migliorando l'efficienza operativa.<\/p>\n<h4>L'approccio centrato sul cliente di Qingdao H&amp;F: Garantire qualit\u00e0 e tempestivit\u00e0<\/h4>\n<p>La reputazione di affidabilit\u00e0 di Qingdao H&amp;F va oltre la qualit\u00e0 dei suoi prodotti e comprende l'intera esperienza del cliente. In qualit\u00e0 di azienda commerciale B2B con due decenni di esperienza, Qingdao H&amp;F comprende l'importanza critica delle consegne puntuali e della garanzia di qualit\u00e0. Ogni fettuccia da 4 tonnellate \u00e8 disponibile con rapporti completi di ispezione della qualit\u00e0, che forniscono trasparenza e garanzia agli acquirenti. Questi rapporti convalidano che il prodotto \u00e8 stato sottoposto a test rigorosi, confermandone la capacit\u00e0, la durata e la conformit\u00e0 alle norme di sicurezza.<\/p>\n<p>Oltre alla qualit\u00e0 dei prodotti, Qingdao H&amp;F pone l'accento sull'offerta di un'esperienza di acquisto ottimale. La logistica snella dell'azienda e il servizio da magazzino a magazzino assicurano che gli acquirenti possano ricevere i loro ordini con tempi di attesa minimi, una caratteristica essenziale per le aziende che operano in tempi stretti. Inoltre, il servizio clienti dedicato offerto da Qingdao H&amp;F aggiunge un valore significativo, aiutando i clienti a orientarsi nella selezione dei prodotti e a ottenere informazioni personalizzate sulle loro esigenze di sollevamento.<\/p>","protected":false},"excerpt":{"rendered":"<p>L'imbracatura a nastro da 4 tonnellate \u00e8 stata progettata per soddisfare le principali esigenze degli acquirenti industriali, combinando resistenza e affidabilit\u00e0 per le operazioni di sollevamento di carichi pesanti. Questa imbracatura a nastro assicura un sollevamento sicuro ed efficiente per carichi fino a 4 tonnellate, rispondendo alle preoccupazioni degli acquirenti come la durata, la qualit\u00e0 dei materiali e la conformit\u00e0 agli standard di sicurezza. In qualit\u00e0 di partner commerciale di fiducia con 20 anni di esperienza, Qingdao H&amp;F offre un'assistenza personalizzata ai clienti, un ciclo di consegna rapido e rapporti completi di ispezione della qualit\u00e0 per garantire l'integrit\u00e0 del prodotto. Questo approccio orientato al servizio aggiunge valore promuovendo la fiducia e l'affidabilit\u00e0 in ogni acquisto.<\/p>","protected":false},"featured_media":8195,"comment_status":"open","ping_status":"closed","template":"","meta":{"site-sidebar-layout":"default","site-content-layout":"","ast-site-content-layout":"default","site-content-style":"default","site-sidebar-style":"default","ast-global-header-display":"","ast-banner-title-visibility":"","ast-main-header-display":"","ast-hfb-above-header-display":"","ast-hfb-below-header-display":"","ast-hfb-mobile-header-display":"","site-post-title":"","ast-breadcrumbs-content":"","ast-featured-img":"","footer-sml-layout":"","theme-transparent-header-meta":"default","adv-header-id-meta":"","stick-header-meta":"default","header-above-stick-meta":"","header-main-stick-meta":"","header-below-stick-meta":"","astra-migrate-meta-layouts":"set","ast-page-background-enabled":"default","ast-page-background-meta":{"desktop":{"background-color":"","background-image":"","background-repeat":"repeat","background-position":"center center","background-size":"auto","background-attachment":"scroll","background-type":"","background-media":"","overlay-type":"","overlay-color":"","overlay-opacity":"","overlay-gradient":""},"tablet":{"background-color":"","background-image":"","background-repeat":"repeat","background-position":"center center","background-size":"auto","background-attachment":"scroll","background-type":"","background-media":"","overlay-type":"","overlay-color":"","overlay-opacity":"","overlay-gradient":""},"mobile":{"background-color":"","background-image":"","background-repeat":"repeat","background-position":"center center","background-size":"auto","background-attachment":"scroll","background-type":"","background-media":"","overlay-type":"","overlay-color":"","overlay-opacity":"","overlay-gradient":""}},"ast-content-background-meta":{"desktop":{"background-color":"var(--ast-global-color-5)","background-image":"","background-repeat":"repeat","background-position":"center center","background-size":"auto","background-attachment":"scroll","background-type":"","background-media":"","overlay-type":"","overlay-color":"","overlay-opacity":"","overlay-gradient":""},"tablet":{"background-color":"var(--ast-global-color-5)","background-image":"","background-repeat":"repeat","background-position":"center center","background-size":"auto","background-attachment":"scroll","background-type":"","background-media":"","overlay-type":"","overlay-color":"","overlay-opacity":"","overlay-gradient":""},"mobile":{"background-color":"var(--ast-global-color-5)","background-image":"","background-repeat":"repeat","background-position":"center center","background-size":"auto","background-attachment":"scroll","background-type":"","background-media":"","overlay-type":"","overlay-color":"","overlay-opacity":"","overlay-gradient":""}}},"product_brand":[],"product_cat":[39],"product_tag":[],"class_list":{"0":"post-8283","1":"product","2":"type-product","3":"status-publish","4":"has-post-thumbnail","6":"product_cat-webbing-sling","7":"desktop-align-left","8":"tablet-align-left","9":"mobile-align-left","10":"ast-product-gallery-layout-horizontal-slider","11":"ast-product-gallery-with-no-image","12":"ast-product-tabs-layout-horizontal","14":"first","15":"instock","16":"shipping-taxable","17":"purchasable","18":"product-type-simple"},"yoast_head":"<!-- This site is optimized with the Yoast SEO plugin v25.2 - https:\/\/yoast.com\/wordpress\/plugins\/seo\/ -->\n<title>Flat Webbing Sling 4 Ton Polyester Double Duplex<\/title>\n<meta name=\"robots\" content=\"index, follow, max-snippet:-1, max-image-preview:large, max-video-preview:-1\" \/>\n<link rel=\"canonical\" href=\"https:\/\/qingdaohf.com\/it\/prodotto\/imbracatura-a-fettuccia-4-ton\/\" \/>\n<meta property=\"og:locale\" content=\"it_IT\" \/>\n<meta property=\"og:type\" content=\"article\" \/>\n<meta property=\"og:title\" content=\"Flat Webbing Sling 4 Ton Polyester Double Duplex\" \/>\n<meta property=\"og:description\" content=\"4 Ton Webbing Sling is designed to meet the key demands of industrial buyers, combining strength and reliability for heavy-duty lifting operations. This webbing sling assures secure and efficient lifting for loads up to 4 tons, addressing buyer concerns such as durability, material quality, and compliance with safety standards. As a trusted trading partner with 20 years of experience, Qingdao H&amp;F provides one-on-one customer support, a fast delivery cycle, and comprehensive quality inspection reports to ensure product integrity. This service-oriented approach adds value by fostering confidence and reliability in every purchase.\" \/>\n<meta property=\"og:url\" content=\"https:\/\/qingdaohf.com\/it\/prodotto\/imbracatura-a-fettuccia-4-ton\/\" \/>\n<meta property=\"og:site_name\" content=\"Concrete Form &amp; Rigging Hardware Supplier\" \/>\n<meta property=\"article:publisher\" content=\"https:\/\/www.facebook.com\/qingdaohf\" \/>\n<meta property=\"article:modified_time\" content=\"2025-11-13T01:02:53+00:00\" \/>\n<meta property=\"og:image\" content=\"https:\/\/qingdaohf.com\/wp-content\/uploads\/2024\/10\/4ton-sling_1.webp\" \/>\n\t<meta property=\"og:image:width\" content=\"1000\" \/>\n\t<meta property=\"og:image:height\" content=\"1000\" \/>\n\t<meta property=\"og:image:type\" content=\"image\/webp\" \/>\n<meta name=\"twitter:card\" content=\"summary_large_image\" \/>\n<meta name=\"twitter:label1\" content=\"Tempo di lettura stimato\" \/>\n\t<meta name=\"twitter:data1\" content=\"3 minuti\" \/>\n<script type=\"application\/ld+json\" class=\"yoast-schema-graph\">{\"@context\":\"https:\/\/schema.org\",\"@graph\":[{\"@type\":\"WebPage\",\"@id\":\"https:\/\/qingdaohf.com\/product\/webbing-sling-4-ton\/\",\"url\":\"https:\/\/qingdaohf.com\/product\/webbing-sling-4-ton\/\",\"name\":\"Flat Webbing Sling 4 Ton Polyester Double Duplex\",\"isPartOf\":{\"@id\":\"https:\/\/qingdaohf.com\/bg\/#website\"},\"primaryImageOfPage\":{\"@id\":\"https:\/\/qingdaohf.com\/product\/webbing-sling-4-ton\/#primaryimage\"},\"image\":{\"@id\":\"https:\/\/qingdaohf.com\/product\/webbing-sling-4-ton\/#primaryimage\"},\"thumbnailUrl\":\"https:\/\/qingdaohf.com\/wp-content\/uploads\/2024\/10\/4ton-sling_1.webp\",\"datePublished\":\"2024-11-05T09:52:39+00:00\",\"dateModified\":\"2025-11-13T01:02:53+00:00\",\"breadcrumb\":{\"@id\":\"https:\/\/qingdaohf.com\/product\/webbing-sling-4-ton\/#breadcrumb\"},\"inLanguage\":\"it-IT\",\"potentialAction\":[{\"@type\":\"ReadAction\",\"target\":[\"https:\/\/qingdaohf.com\/product\/webbing-sling-4-ton\/\"]}]},{\"@type\":\"ImageObject\",\"inLanguage\":\"it-IT\",\"@id\":\"https:\/\/qingdaohf.com\/product\/webbing-sling-4-ton\/#primaryimage\",\"url\":\"https:\/\/qingdaohf.com\/wp-content\/uploads\/2024\/10\/4ton-sling_1.webp\",\"contentUrl\":\"https:\/\/qingdaohf.com\/wp-content\/uploads\/2024\/10\/4ton-sling_1.webp\",\"width\":1000,\"height\":1000,\"caption\":\"Webbing Sling 4 Ton\"},{\"@type\":\"BreadcrumbList\",\"@id\":\"https:\/\/qingdaohf.com\/product\/webbing-sling-4-ton\/#breadcrumb\",\"itemListElement\":[{\"@type\":\"ListItem\",\"position\":1,\"name\":\"Home\",\"item\":\"https:\/\/qingdaohf.com\/\"},{\"@type\":\"ListItem\",\"position\":2,\"name\":\"Concrete Forming Accessories and Rigging Hardware\",\"item\":\"https:\/\/qingdaohf.com\/bg\/?page_id=944\"},{\"@type\":\"ListItem\",\"position\":3,\"name\":\"Flat Webbing Sling 4 Ton Polyester Double Duplex\"}]},{\"@type\":\"WebSite\",\"@id\":\"https:\/\/qingdaohf.com\/bg\/#website\",\"url\":\"https:\/\/qingdaohf.com\/bg\/\",\"name\":\"Concrete Form & Rigging Hardware Supplier\",\"description\":\"\",\"publisher\":{\"@id\":\"https:\/\/qingdaohf.com\/bg\/#organization\"},\"potentialAction\":[{\"@type\":\"SearchAction\",\"target\":{\"@type\":\"EntryPoint\",\"urlTemplate\":\"https:\/\/qingdaohf.com\/bg\/?s={search_term_string}\"},\"query-input\":{\"@type\":\"PropertyValueSpecification\",\"valueRequired\":true,\"valueName\":\"search_term_string\"}}],\"inLanguage\":\"it-IT\"},{\"@type\":\"Organization\",\"@id\":\"https:\/\/qingdaohf.com\/bg\/#organization\",\"name\":\"Qingdao H&F\",\"url\":\"https:\/\/qingdaohf.com\/bg\/\",\"logo\":{\"@type\":\"ImageObject\",\"inLanguage\":\"it-IT\",\"@id\":\"https:\/\/qingdaohf.com\/bg\/#\/schema\/logo\/image\/\",\"url\":\"https:\/\/qingdaohf.com\/wp-content\/uploads\/2022\/12\/cropped-HF-LOGO.png\",\"contentUrl\":\"https:\/\/qingdaohf.com\/wp-content\/uploads\/2022\/12\/cropped-HF-LOGO.png\",\"width\":391,\"height\":249,\"caption\":\"Qingdao H&F\"},\"image\":{\"@id\":\"https:\/\/qingdaohf.com\/bg\/#\/schema\/logo\/image\/\"},\"sameAs\":[\"https:\/\/www.facebook.com\/qingdaohf\"]}]}<\/script>\n<!-- \/ Yoast SEO plugin. -->","yoast_head_json":{"title":"Flat Webbing Sling 4 Ton Polyester Double Duplex","robots":{"index":"index","follow":"follow","max-snippet":"max-snippet:-1","max-image-preview":"max-image-preview:large","max-video-preview":"max-video-preview:-1"},"canonical":"https:\/\/qingdaohf.com\/it\/prodotto\/imbracatura-a-fettuccia-4-ton\/","og_locale":"it_IT","og_type":"article","og_title":"Flat Webbing Sling 4 Ton Polyester Double Duplex","og_description":"4 Ton Webbing Sling is designed to meet the key demands of industrial buyers, combining strength and reliability for heavy-duty lifting operations. This webbing sling assures secure and efficient lifting for loads up to 4 tons, addressing buyer concerns such as durability, material quality, and compliance with safety standards. As a trusted trading partner with 20 years of experience, Qingdao H&amp;F provides one-on-one customer support, a fast delivery cycle, and comprehensive quality inspection reports to ensure product integrity. This service-oriented approach adds value by fostering confidence and reliability in every purchase.","og_url":"https:\/\/qingdaohf.com\/it\/prodotto\/imbracatura-a-fettuccia-4-ton\/","og_site_name":"Concrete Form &amp; Rigging Hardware Supplier","article_publisher":"https:\/\/www.facebook.com\/qingdaohf","article_modified_time":"2025-11-13T01:02:53+00:00","og_image":[{"width":1000,"height":1000,"url":"https:\/\/qingdaohf.com\/wp-content\/uploads\/2024\/10\/4ton-sling_1.webp","type":"image\/webp"}],"twitter_card":"summary_large_image","twitter_misc":{"Tempo di lettura stimato":"3 minuti"},"schema":{"@context":"https:\/\/schema.org","@graph":[{"@type":"WebPage","@id":"https:\/\/qingdaohf.com\/product\/webbing-sling-4-ton\/","url":"https:\/\/qingdaohf.com\/product\/webbing-sling-4-ton\/","name":"Flat Webbing Sling 4 Ton Polyester Double Duplex","isPartOf":{"@id":"https:\/\/qingdaohf.com\/bg\/#website"},"primaryImageOfPage":{"@id":"https:\/\/qingdaohf.com\/product\/webbing-sling-4-ton\/#primaryimage"},"image":{"@id":"https:\/\/qingdaohf.com\/product\/webbing-sling-4-ton\/#primaryimage"},"thumbnailUrl":"https:\/\/qingdaohf.com\/wp-content\/uploads\/2024\/10\/4ton-sling_1.webp","datePublished":"2024-11-05T09:52:39+00:00","dateModified":"2025-11-13T01:02:53+00:00","breadcrumb":{"@id":"https:\/\/qingdaohf.com\/product\/webbing-sling-4-ton\/#breadcrumb"},"inLanguage":"it-IT","potentialAction":[{"@type":"ReadAction","target":["https:\/\/qingdaohf.com\/product\/webbing-sling-4-ton\/"]}]},{"@type":"ImageObject","inLanguage":"it-IT","@id":"https:\/\/qingdaohf.com\/product\/webbing-sling-4-ton\/#primaryimage","url":"https:\/\/qingdaohf.com\/wp-content\/uploads\/2024\/10\/4ton-sling_1.webp","contentUrl":"https:\/\/qingdaohf.com\/wp-content\/uploads\/2024\/10\/4ton-sling_1.webp","width":1000,"height":1000,"caption":"Webbing Sling 4 Ton"},{"@type":"BreadcrumbList","@id":"https:\/\/qingdaohf.com\/product\/webbing-sling-4-ton\/#breadcrumb","itemListElement":[{"@type":"ListItem","position":1,"name":"Home","item":"https:\/\/qingdaohf.com\/"},{"@type":"ListItem","position":2,"name":"Concrete Forming Accessories and Rigging Hardware","item":"https:\/\/qingdaohf.com\/bg\/?page_id=944"},{"@type":"ListItem","position":3,"name":"Flat Webbing Sling 4 Ton Polyester Double Duplex"}]},{"@type":"WebSite","@id":"https:\/\/qingdaohf.com\/bg\/#website","url":"https:\/\/qingdaohf.com\/bg\/","name":"Concrete Form & Rigging Hardware Supplier","description":"","publisher":{"@id":"https:\/\/qingdaohf.com\/bg\/#organization"},"potentialAction":[{"@type":"SearchAction","target":{"@type":"EntryPoint","urlTemplate":"https:\/\/qingdaohf.com\/bg\/?s={search_term_string}"},"query-input":{"@type":"PropertyValueSpecification","valueRequired":true,"valueName":"search_term_string"}}],"inLanguage":"it-IT"},{"@type":"Organization","@id":"https:\/\/qingdaohf.com\/bg\/#organization","name":"Qingdao H&F","url":"https:\/\/qingdaohf.com\/bg\/","logo":{"@type":"ImageObject","inLanguage":"it-IT","@id":"https:\/\/qingdaohf.com\/bg\/#\/schema\/logo\/image\/","url":"https:\/\/qingdaohf.com\/wp-content\/uploads\/2022\/12\/cropped-HF-LOGO.png","contentUrl":"https:\/\/qingdaohf.com\/wp-content\/uploads\/2022\/12\/cropped-HF-LOGO.png","width":391,"height":249,"caption":"Qingdao H&F"},"image":{"@id":"https:\/\/qingdaohf.com\/bg\/#\/schema\/logo\/image\/"},"sameAs":["https:\/\/www.facebook.com\/qingdaohf"]}]}},"_links":{"self":[{"href":"https:\/\/qingdaohf.com\/it\/wp-json\/wp\/v2\/product\/8283","targetHints":{"allow":["GET"]}}],"collection":[{"href":"https:\/\/qingdaohf.com\/it\/wp-json\/wp\/v2\/product"}],"about":[{"href":"https:\/\/qingdaohf.com\/it\/wp-json\/wp\/v2\/types\/product"}],"replies":[{"embeddable":true,"href":"https:\/\/qingdaohf.com\/it\/wp-json\/wp\/v2\/comments?post=8283"}],"version-history":[{"count":2,"href":"https:\/\/qingdaohf.com\/it\/wp-json\/wp\/v2\/product\/8283\/revisions"}],"predecessor-version":[{"id":8337,"href":"https:\/\/qingdaohf.com\/it\/wp-json\/wp\/v2\/product\/8283\/revisions\/8337"}],"wp:featuredmedia":[{"embeddable":true,"href":"https:\/\/qingdaohf.com\/it\/wp-json\/wp\/v2\/media\/8195"}],"wp:attachment":[{"href":"https:\/\/qingdaohf.com\/it\/wp-json\/wp\/v2\/media?parent=8283"}],"wp:term":[{"taxonomy":"product_brand","embeddable":true,"href":"https:\/\/qingdaohf.com\/it\/wp-json\/wp\/v2\/product_brand?post=8283"},{"taxonomy":"product_cat","embeddable":true,"href":"https:\/\/qingdaohf.com\/it\/wp-json\/wp\/v2\/product_cat?post=8283"},{"taxonomy":"product_tag","embeddable":true,"href":"https:\/\/qingdaohf.com\/it\/wp-json\/wp\/v2\/product_tag?post=8283"}],"curies":[{"name":"wp","href":"https:\/\/api.w.org\/{rel}","templated":true}]}}