{"id":8532,"date":"2024-12-16T11:17:22","date_gmt":"2024-12-16T03:17:22","guid":{"rendered":"http:\/\/qingdaohf.com\/?post_type=product&#038;p=8532"},"modified":"2025-11-13T09:02:22","modified_gmt":"2025-11-13T01:02:22","slug":"sandwich-panel-erection-anchor","status":"publish","type":"product","link":"https:\/\/qingdaohf.com\/it\/prodotto\/ancoraggio-per-il-montaggio-di-pannelli-sandwich\/","title":{"rendered":"Ancoraggio di montaggio per pannelli sandwich"},"content":{"rendered":"<p class=\"whitespace-pre-wrap break-words\">Il crescente utilizzo di componenti prefabbricati da parte dell'industria edilizia ha reso gli ancoraggi per il montaggio dei pannelli sandwich pi\u00f9 importanti che mai. Questi strumenti specializzati sono fondamentali per sollevare, posizionare e installare in sicurezza i pannelli sandwich in pareti, tetti e facciate. Che si tratti di produrre questi ancoraggi o di utilizzarli in loco, \u00e8 essenziale comprenderne le variet\u00e0, gli usi e i fattori di prestazione.<\/p>\n<h2 class=\"font-600 text-xl font-bold\">Funzione e importanza degli ancoraggi di montaggio dei pannelli sandwich<\/h2>\n<p class=\"whitespace-pre-wrap break-words\">Sicurezza ed efficienza durante l'installazione sono le funzioni principali degli ancoraggi per il montaggio dei pannelli sandwich. Questi strumenti creano punti di fissaggio affidabili per le attrezzature di sollevamento, riducendo in modo significativo i rischi legati alla movimentazione di pannelli pesanti. Nei progetti in cui il tempo \u00e8 importante e la precisione \u00e8 fondamentale, questi ancoraggi semplificano la logistica complessa e soddisfano i requisiti di sicurezza pi\u00f9 severi.<\/p>\n<p class=\"whitespace-pre-wrap break-words\">Questi ancoraggi non si limitano a sollevare, ma contribuiscono a garantire che i pannelli si allineino correttamente e rimangano in posizione corretta, evitando stress strutturali e disallineamenti durante l'installazione. Questa precisione \u00e8 particolarmente cruciale nelle grandi costruzioni industriali e commerciali, dove la costanza delle prestazioni di tutti i componenti pu\u00f2 determinare il successo di un progetto. La scelta del tipo di ancoraggio influisce direttamente sul successo del progetto.<\/p>\n<h2 class=\"font-600 text-xl font-bold\">Tipi e applicazioni degli ancoraggi di montaggio per pannelli sandwich<\/h2>\n<p class=\"whitespace-pre-wrap break-words\">Le squadre di costruzione possono scegliere tra diversi tipi di ancoraggio, ognuno dei quali \u00e8 stato progettato per pesi, design ed esigenze di installazione specifici dei pannelli. Alcuni funzionano meglio con pannelli pi\u00f9 leggeri, mentre altri sono costruiti per gestire progetti rinforzati e pi\u00f9 pesanti.<\/p>\n<p class=\"whitespace-pre-wrap break-words\">Gli ancoraggi meccanici sono molto diffusi grazie alla loro flessibilit\u00e0 e alla semplicit\u00e0 del processo di installazione. Le squadre di costruzione li apprezzano per distribuire uniformemente i carichi durante il sollevamento. Per gli ambienti pi\u00f9 difficili che richiedono una maggiore durata, gli ancoraggi saldati offrono una maggiore resistenza.<\/p>\n<p class=\"whitespace-pre-wrap break-words\">Si trovano anche ancoraggi incorporati, che i produttori installano direttamente nei pannelli durante la produzione. Sono perfetti per i progetti che richiedono un'integrazione agevole con regolazioni minime in loco. Indipendentemente dal tipo, la scelta dell'ancoraggio giusto richiede un'attenta considerazione delle esigenze del progetto, dai requisiti di carico alle condizioni ambientali e agli standard industriali.<\/p>\n<p class=\"whitespace-pre-wrap break-words\">Questi ancoraggi non sono limitati a un solo settore. Li troverete all'opera nella costruzione di magazzini, fabbriche, uffici e persino abitazioni. La loro adattabilit\u00e0 a pannelli di diverse dimensioni e materiali li rende preziosi sia per i piccoli progetti che per le grandi opere.<\/p>\n<h2 class=\"font-600 text-xl font-bold\">Fattori che influenzano la scelta degli ancoraggi di montaggio dei pannelli sandwich<\/h2>\n<p class=\"whitespace-pre-wrap break-words\">La scelta dell'ancoraggio di montaggio giusto comporta diverse considerazioni cruciali. La capacit\u00e0 di carico \u00e8 al primo posto: \u00e8 necessario sapere esattamente quanto peso pu\u00f2 sopportare l'ancoraggio in modo sicuro. Ci\u00f2 richiede calcoli precisi basati sulle specifiche del pannello e sui materiali per evitare il sovraccarico.<\/p>\n<p class=\"whitespace-pre-wrap break-words\">La qualit\u00e0 dei materiali \u00e8 molto importante. La maggior parte dei produttori sceglie l'acciaio ad alta resistenza per la sua maggiore forza di trazione e durata. Se si costruisce in zone umide o vicino alla costa, la resistenza alla corrosione diventa fondamentale. Molti appaltatori optano per ancoraggi zincati o rivestiti per prolungarne la durata.<\/p>\n<p class=\"whitespace-pre-wrap break-words\">La facilit\u00e0 di installazione e la compatibilit\u00e0 con le attrezzature di sollevamento standard possono avere un impatto significativo sui tempi e sul budget del progetto. Gli ancoraggi giusti funzioneranno senza problemi con i sistemi esistenti, riducendo i costi di manodopera e accelerando la costruzione. Il rispetto degli standard di sicurezza internazionali non \u00e8 facoltativo: \u00e8 essenziale per garantire la conformit\u00e0 normativa e il successo del progetto.<\/p>\n<p class=\"whitespace-pre-wrap break-words\">Per Qingdao H&amp;F, questi fattori guidano l'approvvigionamento e la consegna dei prodotti. Abbiamo costruito la nostra gamma di prodotti per soddisfare le diverse esigenze globali, supportando tutto con controlli di qualit\u00e0 approfonditi e test sulle prestazioni. Questo vi garantisce di ottenere esattamente ci\u00f2 di cui il vostro progetto ha bisogno.<\/p>\n<h2 class=\"font-600 text-xl font-bold\">Migliorare il valore degli ancoraggi di montaggio dei pannelli sandwich grazie al supporto degli esperti<\/h2>\n<p class=\"whitespace-pre-wrap break-words\">Ottenere il massimo dagli ancoraggi per il montaggio dei pannelli sandwich non \u00e8 solo una questione di hardware, ma anche di supporto. Il nostro team di Qingdao H&amp;F crede in una comunicazione chiara e in una guida esperta. Lavoriamo a stretto contatto con ogni cliente per capire le sue esigenze specifiche, fornendo raccomandazioni mirate per ottenere prestazioni ottimali.<\/p>\n<p class=\"whitespace-pre-wrap break-words\">Sappiamo che i progetti edilizi non possono permettersi ritardi, ed \u00e8 per questo che abbiamo ottimizzato il nostro processo di consegna. Grazie a un'efficiente gestione della catena di fornitura e a partnership strategiche, garantiamo che i vostri ancoraggi arrivino quando ne avete bisogno, ovunque voi siate.<\/p>\n<p class=\"whitespace-pre-wrap break-words\">Ogni spedizione \u00e8 accompagnata da rapporti dettagliati sulle ispezioni di qualit\u00e0, che vi offrono una visibilit\u00e0 completa sulle specifiche dei prodotti e sui dati relativi alle prestazioni. Questa trasparenza riflette il nostro impegno a fornire l'eccellenza.<\/p>\n<h2 class=\"font-600 text-xl font-bold\">Guardare avanti: Il futuro degli ancoraggi di montaggio dei pannelli sandwich<\/h2>\n<p class=\"whitespace-pre-wrap break-words\">Il settore delle costruzioni \u00e8 in continua evoluzione e le tecniche di installazione dei pannelli non fanno eccezione. Stiamo assistendo a sviluppi interessanti nella tecnologia degli ancoraggi, con materiali pi\u00f9 resistenti e leggeri. Il futuro potrebbe portare ancoraggi intelligenti con sensori incorporati per monitorare le sollecitazioni e l'allineamento, portando la sicurezza e l'efficienza a nuovi livelli.<\/p>\n<p class=\"whitespace-pre-wrap break-words\">Noi di Qingdao H&amp;F siamo al passo con questi cambiamenti del settore. Tenendoci al passo con gli ultimi sviluppi, assicuriamo che i nostri clienti abbiano sempre accesso a soluzioni all'avanguardia. Combiniamo prodotti innovativi con un servizio incentrato sul cliente per mantenere la nostra posizione di leader di mercato nelle soluzioni di ancoraggio per il montaggio dei pannelli.<\/p>\n<p class=\"whitespace-pre-wrap break-words\">In conclusione, gli ancoraggi per il montaggio dei pannelli sandwich restano fondamentali per il successo delle costruzioni moderne. Il loro ruolo nel consentire un'installazione sicura ed efficiente li rende preziosi per costruttori e appaltatori. Noi di Qingdao H&amp;F siamo orgogliosi di essere un partner affidabile in questo settore dinamico, in grado di offrire qualit\u00e0 ed eccellenza ai clienti di tutto il mondo.<\/p>","protected":false},"excerpt":{"rendered":"<p>In edilizia, gli ancoraggi per il montaggio dei pannelli sandwich sono strumenti molto importanti che rendono il sollevamento e l'installazione dei pannelli sandwich sicuri ed efficienti. In qualit\u00e0 di acquirenti, \u00e8 necessario concentrarsi su tre aspetti fondamentali: affidabilit\u00e0, compatibilit\u00e0 con diversi tipi di pannelli e forte capacit\u00e0 di carico. Qui a Qingdao H&amp;F abbiamo trascorso 20 anni a perfezionare il nostro approccio: offrendo un servizio clienti personalizzato, tempi di consegna pi\u00f9 rapidi e rapporti di qualit\u00e0 dettagliati per ogni ordine spedito. Ci impegniamo a garantire ai nostri clienti in tutto il mondo un'esperienza d'acquisto il pi\u00f9 agevole possibile.<\/p>","protected":false},"featured_media":8533,"comment_status":"open","ping_status":"closed","template":"","meta":{"site-sidebar-layout":"default","site-content-layout":"","ast-site-content-layout":"default","site-content-style":"default","site-sidebar-style":"default","ast-global-header-display":"","ast-banner-title-visibility":"","ast-main-header-display":"","ast-hfb-above-header-display":"","ast-hfb-below-header-display":"","ast-hfb-mobile-header-display":"","site-post-title":"","ast-breadcrumbs-content":"","ast-featured-img":"","footer-sml-layout":"","theme-transparent-header-meta":"default","adv-header-id-meta":"","stick-header-meta":"default","header-above-stick-meta":"","header-main-stick-meta":"","header-below-stick-meta":"","astra-migrate-meta-layouts":"set","ast-page-background-enabled":"default","ast-page-background-meta":{"desktop":{"background-color":"","background-image":"","background-repeat":"repeat","background-position":"center center","background-size":"auto","background-attachment":"scroll","background-type":"","background-media":"","overlay-type":"","overlay-color":"","overlay-opacity":"","overlay-gradient":""},"tablet":{"background-color":"","background-image":"","background-repeat":"repeat","background-position":"center center","background-size":"auto","background-attachment":"scroll","background-type":"","background-media":"","overlay-type":"","overlay-color":"","overlay-opacity":"","overlay-gradient":""},"mobile":{"background-color":"","background-image":"","background-repeat":"repeat","background-position":"center center","background-size":"auto","background-attachment":"scroll","background-type":"","background-media":"","overlay-type":"","overlay-color":"","overlay-opacity":"","overlay-gradient":""}},"ast-content-background-meta":{"desktop":{"background-color":"var(--ast-global-color-5)","background-image":"","background-repeat":"repeat","background-position":"center center","background-size":"auto","background-attachment":"scroll","background-type":"","background-media":"","overlay-type":"","overlay-color":"","overlay-opacity":"","overlay-gradient":""},"tablet":{"background-color":"var(--ast-global-color-5)","background-image":"","background-repeat":"repeat","background-position":"center center","background-size":"auto","background-attachment":"scroll","background-type":"","background-media":"","overlay-type":"","overlay-color":"","overlay-opacity":"","overlay-gradient":""},"mobile":{"background-color":"var(--ast-global-color-5)","background-image":"","background-repeat":"repeat","background-position":"center center","background-size":"auto","background-attachment":"scroll","background-type":"","background-media":"","overlay-type":"","overlay-color":"","overlay-opacity":"","overlay-gradient":""}}},"product_brand":[],"product_cat":[30],"product_tag":[],"class_list":{"0":"post-8532","1":"product","2":"type-product","3":"status-publish","4":"has-post-thumbnail","6":"product_cat-lifting-anchor","7":"desktop-align-left","8":"tablet-align-left","9":"mobile-align-left","10":"ast-product-gallery-layout-horizontal-slider","11":"ast-product-tabs-layout-horizontal","13":"first","14":"instock","15":"shipping-taxable","16":"purchasable","17":"product-type-simple"},"yoast_head":"<!-- This site is optimized with the Yoast SEO plugin v25.2 - https:\/\/yoast.com\/wordpress\/plugins\/seo\/ -->\n<title>Sandwich Panel Erection Anchor<\/title>\n<meta name=\"robots\" content=\"index, follow, max-snippet:-1, max-image-preview:large, max-video-preview:-1\" \/>\n<link rel=\"canonical\" href=\"https:\/\/qingdaohf.com\/it\/prodotto\/ancoraggio-per-il-montaggio-di-pannelli-sandwich\/\" \/>\n<meta property=\"og:locale\" content=\"it_IT\" \/>\n<meta property=\"og:type\" content=\"article\" \/>\n<meta property=\"og:title\" content=\"Sandwich Panel Erection Anchor\" \/>\n<meta property=\"og:description\" content=\"In construction, sandwich panel erection anchors are very important tools that make the lifting and installation of sandwich panels both safe and efficient. You would want to focus on three key things as a buyer: reliability, compatibility with different panel types, and strong load-bearing capacity. Here at Qingdao H&amp;F, we have spent 20 years perfecting our approach: offering personalized customer service, quicker delivery times, and detailed quality reports for every order shipped. We are committed to giving our clients worldwide the smoothest possible purchasing experience.\" \/>\n<meta property=\"og:url\" content=\"https:\/\/qingdaohf.com\/it\/prodotto\/ancoraggio-per-il-montaggio-di-pannelli-sandwich\/\" \/>\n<meta property=\"og:site_name\" content=\"Concrete Form &amp; Rigging Hardware Supplier\" \/>\n<meta property=\"article:publisher\" content=\"https:\/\/www.facebook.com\/qingdaohf\" \/>\n<meta property=\"article:modified_time\" content=\"2025-11-13T01:02:22+00:00\" \/>\n<meta property=\"og:image\" content=\"https:\/\/qingdaohf.com\/wp-content\/uploads\/2024\/12\/Erection-Anchor_\u526f\u672c.jpg\" \/>\n\t<meta property=\"og:image:width\" content=\"1000\" \/>\n\t<meta property=\"og:image:height\" content=\"1000\" \/>\n\t<meta property=\"og:image:type\" content=\"image\/jpeg\" \/>\n<meta name=\"twitter:card\" content=\"summary_large_image\" \/>\n<meta name=\"twitter:label1\" content=\"Tempo di lettura stimato\" \/>\n\t<meta name=\"twitter:data1\" content=\"4 minuti\" \/>\n<script type=\"application\/ld+json\" class=\"yoast-schema-graph\">{\"@context\":\"https:\/\/schema.org\",\"@graph\":[{\"@type\":\"WebPage\",\"@id\":\"https:\/\/qingdaohf.com\/product\/sandwich-panel-erection-anchor\/\",\"url\":\"https:\/\/qingdaohf.com\/product\/sandwich-panel-erection-anchor\/\",\"name\":\"Sandwich Panel Erection Anchor\",\"isPartOf\":{\"@id\":\"https:\/\/qingdaohf.com\/bg\/#website\"},\"primaryImageOfPage\":{\"@id\":\"https:\/\/qingdaohf.com\/product\/sandwich-panel-erection-anchor\/#primaryimage\"},\"image\":{\"@id\":\"https:\/\/qingdaohf.com\/product\/sandwich-panel-erection-anchor\/#primaryimage\"},\"thumbnailUrl\":\"https:\/\/qingdaohf.com\/wp-content\/uploads\/2024\/12\/Erection-Anchor_\u526f\u672c.jpg\",\"datePublished\":\"2024-12-16T03:17:22+00:00\",\"dateModified\":\"2025-11-13T01:02:22+00:00\",\"breadcrumb\":{\"@id\":\"https:\/\/qingdaohf.com\/product\/sandwich-panel-erection-anchor\/#breadcrumb\"},\"inLanguage\":\"it-IT\",\"potentialAction\":[{\"@type\":\"ReadAction\",\"target\":[\"https:\/\/qingdaohf.com\/product\/sandwich-panel-erection-anchor\/\"]}]},{\"@type\":\"ImageObject\",\"inLanguage\":\"it-IT\",\"@id\":\"https:\/\/qingdaohf.com\/product\/sandwich-panel-erection-anchor\/#primaryimage\",\"url\":\"https:\/\/qingdaohf.com\/wp-content\/uploads\/2024\/12\/Erection-Anchor_\u526f\u672c.jpg\",\"contentUrl\":\"https:\/\/qingdaohf.com\/wp-content\/uploads\/2024\/12\/Erection-Anchor_\u526f\u672c.jpg\",\"width\":1000,\"height\":1000,\"caption\":\"sandwich panel Erection Anchor\"},{\"@type\":\"BreadcrumbList\",\"@id\":\"https:\/\/qingdaohf.com\/product\/sandwich-panel-erection-anchor\/#breadcrumb\",\"itemListElement\":[{\"@type\":\"ListItem\",\"position\":1,\"name\":\"Home\",\"item\":\"https:\/\/qingdaohf.com\/\"},{\"@type\":\"ListItem\",\"position\":2,\"name\":\"Concrete Forming Accessories and Rigging Hardware\",\"item\":\"https:\/\/qingdaohf.com\/bg\/?page_id=944\"},{\"@type\":\"ListItem\",\"position\":3,\"name\":\"Sandwich Panel Erection Anchor\"}]},{\"@type\":\"WebSite\",\"@id\":\"https:\/\/qingdaohf.com\/bg\/#website\",\"url\":\"https:\/\/qingdaohf.com\/bg\/\",\"name\":\"Concrete Form & Rigging Hardware Supplier\",\"description\":\"\",\"publisher\":{\"@id\":\"https:\/\/qingdaohf.com\/bg\/#organization\"},\"potentialAction\":[{\"@type\":\"SearchAction\",\"target\":{\"@type\":\"EntryPoint\",\"urlTemplate\":\"https:\/\/qingdaohf.com\/bg\/?s={search_term_string}\"},\"query-input\":{\"@type\":\"PropertyValueSpecification\",\"valueRequired\":true,\"valueName\":\"search_term_string\"}}],\"inLanguage\":\"it-IT\"},{\"@type\":\"Organization\",\"@id\":\"https:\/\/qingdaohf.com\/bg\/#organization\",\"name\":\"Qingdao H&F\",\"url\":\"https:\/\/qingdaohf.com\/bg\/\",\"logo\":{\"@type\":\"ImageObject\",\"inLanguage\":\"it-IT\",\"@id\":\"https:\/\/qingdaohf.com\/bg\/#\/schema\/logo\/image\/\",\"url\":\"https:\/\/qingdaohf.com\/wp-content\/uploads\/2022\/12\/cropped-HF-LOGO.png\",\"contentUrl\":\"https:\/\/qingdaohf.com\/wp-content\/uploads\/2022\/12\/cropped-HF-LOGO.png\",\"width\":391,\"height\":249,\"caption\":\"Qingdao H&F\"},\"image\":{\"@id\":\"https:\/\/qingdaohf.com\/bg\/#\/schema\/logo\/image\/\"},\"sameAs\":[\"https:\/\/www.facebook.com\/qingdaohf\"]}]}<\/script>\n<!-- \/ Yoast SEO plugin. -->","yoast_head_json":{"title":"Sandwich Panel Erection Anchor","robots":{"index":"index","follow":"follow","max-snippet":"max-snippet:-1","max-image-preview":"max-image-preview:large","max-video-preview":"max-video-preview:-1"},"canonical":"https:\/\/qingdaohf.com\/it\/prodotto\/ancoraggio-per-il-montaggio-di-pannelli-sandwich\/","og_locale":"it_IT","og_type":"article","og_title":"Sandwich Panel Erection Anchor","og_description":"In construction, sandwich panel erection anchors are very important tools that make the lifting and installation of sandwich panels both safe and efficient. You would want to focus on three key things as a buyer: reliability, compatibility with different panel types, and strong load-bearing capacity. Here at Qingdao H&amp;F, we have spent 20 years perfecting our approach: offering personalized customer service, quicker delivery times, and detailed quality reports for every order shipped. We are committed to giving our clients worldwide the smoothest possible purchasing experience.","og_url":"https:\/\/qingdaohf.com\/it\/prodotto\/ancoraggio-per-il-montaggio-di-pannelli-sandwich\/","og_site_name":"Concrete Form &amp; Rigging Hardware Supplier","article_publisher":"https:\/\/www.facebook.com\/qingdaohf","article_modified_time":"2025-11-13T01:02:22+00:00","og_image":[{"width":1000,"height":1000,"url":"https:\/\/qingdaohf.com\/wp-content\/uploads\/2024\/12\/Erection-Anchor_\u526f\u672c.jpg","type":"image\/jpeg"}],"twitter_card":"summary_large_image","twitter_misc":{"Tempo di lettura stimato":"4 minuti"},"schema":{"@context":"https:\/\/schema.org","@graph":[{"@type":"WebPage","@id":"https:\/\/qingdaohf.com\/product\/sandwich-panel-erection-anchor\/","url":"https:\/\/qingdaohf.com\/product\/sandwich-panel-erection-anchor\/","name":"Sandwich Panel Erection Anchor","isPartOf":{"@id":"https:\/\/qingdaohf.com\/bg\/#website"},"primaryImageOfPage":{"@id":"https:\/\/qingdaohf.com\/product\/sandwich-panel-erection-anchor\/#primaryimage"},"image":{"@id":"https:\/\/qingdaohf.com\/product\/sandwich-panel-erection-anchor\/#primaryimage"},"thumbnailUrl":"https:\/\/qingdaohf.com\/wp-content\/uploads\/2024\/12\/Erection-Anchor_\u526f\u672c.jpg","datePublished":"2024-12-16T03:17:22+00:00","dateModified":"2025-11-13T01:02:22+00:00","breadcrumb":{"@id":"https:\/\/qingdaohf.com\/product\/sandwich-panel-erection-anchor\/#breadcrumb"},"inLanguage":"it-IT","potentialAction":[{"@type":"ReadAction","target":["https:\/\/qingdaohf.com\/product\/sandwich-panel-erection-anchor\/"]}]},{"@type":"ImageObject","inLanguage":"it-IT","@id":"https:\/\/qingdaohf.com\/product\/sandwich-panel-erection-anchor\/#primaryimage","url":"https:\/\/qingdaohf.com\/wp-content\/uploads\/2024\/12\/Erection-Anchor_\u526f\u672c.jpg","contentUrl":"https:\/\/qingdaohf.com\/wp-content\/uploads\/2024\/12\/Erection-Anchor_\u526f\u672c.jpg","width":1000,"height":1000,"caption":"sandwich panel Erection Anchor"},{"@type":"BreadcrumbList","@id":"https:\/\/qingdaohf.com\/product\/sandwich-panel-erection-anchor\/#breadcrumb","itemListElement":[{"@type":"ListItem","position":1,"name":"Home","item":"https:\/\/qingdaohf.com\/"},{"@type":"ListItem","position":2,"name":"Concrete Forming Accessories and Rigging Hardware","item":"https:\/\/qingdaohf.com\/bg\/?page_id=944"},{"@type":"ListItem","position":3,"name":"Sandwich Panel Erection Anchor"}]},{"@type":"WebSite","@id":"https:\/\/qingdaohf.com\/bg\/#website","url":"https:\/\/qingdaohf.com\/bg\/","name":"Concrete Form & Rigging Hardware Supplier","description":"","publisher":{"@id":"https:\/\/qingdaohf.com\/bg\/#organization"},"potentialAction":[{"@type":"SearchAction","target":{"@type":"EntryPoint","urlTemplate":"https:\/\/qingdaohf.com\/bg\/?s={search_term_string}"},"query-input":{"@type":"PropertyValueSpecification","valueRequired":true,"valueName":"search_term_string"}}],"inLanguage":"it-IT"},{"@type":"Organization","@id":"https:\/\/qingdaohf.com\/bg\/#organization","name":"Qingdao H&F","url":"https:\/\/qingdaohf.com\/bg\/","logo":{"@type":"ImageObject","inLanguage":"it-IT","@id":"https:\/\/qingdaohf.com\/bg\/#\/schema\/logo\/image\/","url":"https:\/\/qingdaohf.com\/wp-content\/uploads\/2022\/12\/cropped-HF-LOGO.png","contentUrl":"https:\/\/qingdaohf.com\/wp-content\/uploads\/2022\/12\/cropped-HF-LOGO.png","width":391,"height":249,"caption":"Qingdao H&F"},"image":{"@id":"https:\/\/qingdaohf.com\/bg\/#\/schema\/logo\/image\/"},"sameAs":["https:\/\/www.facebook.com\/qingdaohf"]}]}},"_links":{"self":[{"href":"https:\/\/qingdaohf.com\/it\/wp-json\/wp\/v2\/product\/8532","targetHints":{"allow":["GET"]}}],"collection":[{"href":"https:\/\/qingdaohf.com\/it\/wp-json\/wp\/v2\/product"}],"about":[{"href":"https:\/\/qingdaohf.com\/it\/wp-json\/wp\/v2\/types\/product"}],"replies":[{"embeddable":true,"href":"https:\/\/qingdaohf.com\/it\/wp-json\/wp\/v2\/comments?post=8532"}],"version-history":[{"count":1,"href":"https:\/\/qingdaohf.com\/it\/wp-json\/wp\/v2\/product\/8532\/revisions"}],"predecessor-version":[{"id":8534,"href":"https:\/\/qingdaohf.com\/it\/wp-json\/wp\/v2\/product\/8532\/revisions\/8534"}],"wp:featuredmedia":[{"embeddable":true,"href":"https:\/\/qingdaohf.com\/it\/wp-json\/wp\/v2\/media\/8533"}],"wp:attachment":[{"href":"https:\/\/qingdaohf.com\/it\/wp-json\/wp\/v2\/media?parent=8532"}],"wp:term":[{"taxonomy":"product_brand","embeddable":true,"href":"https:\/\/qingdaohf.com\/it\/wp-json\/wp\/v2\/product_brand?post=8532"},{"taxonomy":"product_cat","embeddable":true,"href":"https:\/\/qingdaohf.com\/it\/wp-json\/wp\/v2\/product_cat?post=8532"},{"taxonomy":"product_tag","embeddable":true,"href":"https:\/\/qingdaohf.com\/it\/wp-json\/wp\/v2\/product_tag?post=8532"}],"curies":[{"name":"wp","href":"https:\/\/api.w.org\/{rel}","templated":true}]}}