{"id":8721,"date":"2025-01-13T14:56:13","date_gmt":"2025-01-13T06:56:13","guid":{"rendered":"http:\/\/qingdaohf.com\/?post_type=product&#038;p=8721"},"modified":"2025-11-13T09:02:20","modified_gmt":"2025-11-13T01:02:20","slug":"lifting-socket-duo-round-ferrules","status":"publish","type":"product","link":"https:\/\/qingdaohf.com\/it\/prodotto\/ghiere-rotonde-duo-presa-di-sollevamento\/","title":{"rendered":"Bussola di sollevamento Duo Ghiere rotonde"},"content":{"rendered":"<h2 class=\"text-2xl font-bold mt-1 text-text-200\">Cosa sono e come funzionano le ghiere rotonde Duo Socket Lifting?<\/h2>\n<p class=\"whitespace-pre-wrap break-words\">Considerate le ghiere tonde Lifting Socket Duo come gli eroi non celebrati delle operazioni di rigging. Questi componenti apparentemente semplici svolgono un ruolo cruciale nel fissare le funi metalliche ai sistemi di sollevamento. Ogni ghiera funge da punto di ancoraggio, creando un collegamento affidabile, essenziale per operazioni di sollevamento sicure.<\/p>\n<p class=\"whitespace-pre-wrap break-words\">La genialit\u00e0 di queste ghiere sta nel loro design arrotondato. Come un sasso di fiume ben consumato, la loro superficie liscia aiuta a distribuire il carico in modo uniforme sulla fune metallica, evitando che un singolo punto sopporti uno stress eccessivo. L'aspetto \"duo\" si riferisce al loro intelligente design a doppia funzione: fissano l'estremit\u00e0 della fune e la proteggono dall'usura, svolgendo essenzialmente il lavoro di due componenti in uno.<\/p>\n<p class=\"whitespace-pre-wrap break-words\">Queste ghiere sono impegnate in luoghi dove il sollevamento di carichi pesanti \u00e8 una sfida quotidiana. Dai cantieri edili pi\u00f9 imponenti alle piattaforme offshore colpite dalle tempeste, sono una parte fondamentale del puzzle di sollevamento nei settori in cui non c'\u00e8 spazio per i guasti alle attrezzature.<\/p>\n<p><img fetchpriority=\"high\" decoding=\"async\" class=\"alignnone wp-image-3355 size-full\" src=\"http:\/\/qingdaohf.com\/wp-content\/uploads\/2023\/03\/lifting-sockets-with-plastic-caps-6-1.jpg\" alt=\"prese di sollevamento con tappi di plastica\" width=\"800\" height=\"410\" srcset=\"https:\/\/qingdaohf.com\/wp-content\/uploads\/2023\/03\/lifting-sockets-with-plastic-caps-6-1.jpg 800w, https:\/\/qingdaohf.com\/wp-content\/uploads\/2023\/03\/lifting-sockets-with-plastic-caps-6-1-300x154.jpg 300w, https:\/\/qingdaohf.com\/wp-content\/uploads\/2023\/03\/lifting-sockets-with-plastic-caps-6-1-768x394.jpg 768w\" sizes=\"(max-width: 800px) 100vw, 800px\" \/><\/p>\n<h2 class=\"text-2xl font-bold mt-1 text-text-200\">Perch\u00e9 scegliere Qingdao H&amp;F per le ghiere rotonde del duo di zoccoli di sollevamento?<\/h2>\n<p class=\"whitespace-pre-wrap break-words\">Ammettiamolo: quando acquistate un'attrezzatura per il rigging, probabilmente siete alle prese con tre preoccupazioni principali: Funzioner\u00e0 con il vostro attuale setup? Durer\u00e0? E, cosa forse pi\u00f9 importante, arriver\u00e0 quando ne avrete bisogno? Noi di Qingdao H&amp;F abbiamo costruito la nostra attivit\u00e0 proprio per affrontare queste sfide.<\/p>\n<p class=\"whitespace-pre-wrap break-words\">Il nostro approccio \u00e8 diverso da quello della maggior parte dei fornitori. Invece di trattare le ghiere come un altro articolo da catalogo, forniamo un'attenzione dedicata e personalizzata a ogni ordine. Il nostro team lavora direttamente con voi per comprendere le specifiche del vostro sistema di sollevamento, assicurandovi ghiere che si adattano perfettamente alle vostre attrezzature esistenti.<\/p>\n<p class=\"whitespace-pre-wrap break-words\">Abbiamo semplificato il nostro processo di consegna per far avanzare i vostri progetti. Che vi serva una singola ghiera o un migliaio, manteniamo uno stretto controllo sulla nostra catena di fornitura per rispettare le vostre scadenze. Ogni lotto viene sottoposto a test approfonditi e forniamo rapporti di ispezione dettagliati, in modo che possiate essere sicuri di ci\u00f2 che state ricevendo.<\/p>\n<p class=\"whitespace-pre-wrap break-words\">Quando lavorate con noi, non acquistate solo un prodotto, ma un partner. Il nostro team rimane a disposizione durante tutto il processo, pronto a rispondere alle domande o a risolvere i problemi che si presentano.<\/p>\n<h2 class=\"text-2xl font-bold mt-1 text-text-200\">Il design e le caratteristiche delle ghiere rotonde di sollevamento Duo Socket<\/h2>\n<p class=\"whitespace-pre-wrap break-words\">La bellezza delle ghiere rotonde Lifting Socket Duo risiede nel loro design semplice ma intelligente. Costruite in acciaio o in acciaio inox, queste ghiere sono progettate per resistere alle sollecitazioni dell'uso quotidiano mantenendo la loro integrit\u00e0. Il loro profilo arrotondato crea una culla naturale per la fune metallica, eliminando gli spigoli vivi che potrebbero compromettere la resistenza della fune.<\/p>\n<p class=\"whitespace-pre-wrap break-words\">Ci\u00f2 che rende speciali queste ghiere rotonde duo \u00e8 la loro versatilit\u00e0. Oltre a fissare la corda, fungono da guardiani contro i danni ambientali. La loro forma liscia riduce al minimo l'attrito e protegge la fune dall'usura dell'uso regolare, particolarmente preziosa in condizioni di lavoro difficili.<\/p>\n<p class=\"whitespace-pre-wrap break-words\">La funzionalit\u00e0 \"duo\" non \u00e8 solo un'espressione di marketing. Queste ghiere svolgono un doppio compito, terminando la fune e proteggendola da sollecitazioni eccessive. Ci\u00f2 le rende particolarmente preziose in ambienti dinamici come le piattaforme offshore, dove le attrezzature sono soggette a continui movimenti e sollecitazioni.<\/p>\n<p class=\"whitespace-pre-wrap break-words\">Uno degli aspetti migliori di queste ghiere \u00e8 il loro processo di installazione senza fronzoli. Infilare la fune metallica e fissarla \u00e8 semplice e consente di risparmiare tempo prezioso durante l'installazione. Inoltre, poich\u00e9 un unico componente gestisce sia la terminazione che la protezione, si risparmia denaro e si riduce la complessit\u00e0 del sistema di sartiame.<\/p>\n<h2 class=\"text-2xl font-bold mt-1 text-text-200\">Il ruolo delle ghiere rotonde Duo per zoccoli di sollevamento in termini di sicurezza e prestazioni<\/h2>\n<p class=\"whitespace-pre-wrap break-words\">Nel mondo del sollevamento pesante, non c'\u00e8 spazio per i guasti alle apparecchiature. Quando si sollevano carichi che pesano tonnellate, ogni componente deve funzionare perfettamente. Le ghiere tonde Duo Socket Lifting sono elementi critici di sicurezza, che assicurano che le funi metalliche rimangano saldamente attaccate ai meccanismi di sollevamento e prevengono guasti potenzialmente catastrofici.<\/p>\n<p class=\"whitespace-pre-wrap break-words\">Queste ghiere sono progettate per mantenere l'integrit\u00e0 della fune metallica nel tempo. Distribuendo la pressione in modo uniforme, impediscono lo sviluppo di punti deboli, fondamentali nelle applicazioni in cui i carichi cambiano continuamente, come le operazioni di gru o il sollevamento offshore.<\/p>\n<p class=\"whitespace-pre-wrap break-words\">Al di l\u00e0 del loro ruolo primario di fissaggio, queste ghiere proteggono dalla corrosione e dai danni ambientali. Sia che si lavori in un porto di mare o in un cantiere inondato dalla pioggia, i materiali di alta qualit\u00e0 utilizzati per queste ghiere garantiscono la continuit\u00e0 delle prestazioni in condizioni di acqua dolce e salata.<\/p>\n<p><img decoding=\"async\" class=\"alignnone wp-image-3402 size-full\" src=\"http:\/\/qingdaohf.com\/wp-content\/uploads\/2023\/03\/50-2.jpg\" alt=\"ghiera rotonda\" width=\"1200\" height=\"480\" srcset=\"https:\/\/qingdaohf.com\/wp-content\/uploads\/2023\/03\/50-2.jpg 1200w, https:\/\/qingdaohf.com\/wp-content\/uploads\/2023\/03\/50-2-300x120.jpg 300w, https:\/\/qingdaohf.com\/wp-content\/uploads\/2023\/03\/50-2-1024x410.jpg 1024w, https:\/\/qingdaohf.com\/wp-content\/uploads\/2023\/03\/50-2-768x307.jpg 768w, https:\/\/qingdaohf.com\/wp-content\/uploads\/2023\/03\/50-2-1000x400.jpg 1000w\" sizes=\"(max-width: 1200px) 100vw, 1200px\" \/><\/p>\n<h2 class=\"text-2xl font-bold mt-1 text-text-200\">L'impegno di Qingdao H&amp;F per la qualit\u00e0 e il servizio<\/h2>\n<p class=\"whitespace-pre-wrap break-words\">Per Qingdao H&amp;F, fornire prodotti di qualit\u00e0 \u00e8 solo l'inizio. Ogni lotto delle nostre ghiere tonde Duo Lifting Socket viene sottoposto a test intensivi, supportati da rapporti di ispezione dettagliati. Questa trasparenza vi permette di verificare esattamente cosa state ricevendo e come si comporta.<\/p>\n<p class=\"whitespace-pre-wrap break-words\">Sappiamo che la puntualit\u00e0 delle attrezzature \u00e8 fondamentale. Ecco perch\u00e9 abbiamo costruito la nostra reputazione su programmi di consegna affidabili che consentono di portare avanti i vostri progetti. In caso di domande, il nostro team tecnico \u00e8 pronto ad aiutarvi, fornendo il supporto di cui avete bisogno per mantenere le vostre operazioni senza intoppi.<\/p>\n<p class=\"whitespace-pre-wrap break-words\">Avvalendoci di anni di esperienza nel settore, comprendiamo le sfide legate all'approvvigionamento di componenti affidabili per il rigging. Il nostro team si impegna a semplificare il vostro lavoro, garantendovi la massima tranquillit\u00e0 grazie a prodotti di qualit\u00e0 e a un servizio affidabile.<\/p>\n<h2 class=\"text-2xl font-bold mt-1 text-text-200\">Conclusione<\/h2>\n<p class=\"whitespace-pre-wrap break-words\">Quando si tratta di operazioni di rigging, le ghiere tonde Lifting Socket Duo sono componenti essenziali che non potete permettervi di trascurare. Rappresentano una soluzione affidabile ed efficiente per fissare e proteggere le funi metalliche in ambienti difficili. Collaborando con Qingdao H&amp;F, otterrete molto di pi\u00f9 di semplici ghiere di alta qualit\u00e0: avrete un team impegnato nel vostro successo, supportato da consegne rapide e da una garanzia di qualit\u00e0 completa.<\/p>\n<p class=\"whitespace-pre-wrap break-words\">Ogni progetto di sollevamento presenta sfide uniche e noi siamo qui per aiutarvi ad affrontarle. Con la nostra attenzione alla qualit\u00e0, alla trasparenza e alla soddisfazione del cliente, siamo pronti ad essere il vostro partner di fiducia per tutto ci\u00f2 che riguarda il rigging. Contattateci oggi stesso per scoprire come le nostre ghiere tonde Duo Lifting Socket possono migliorare le vostre operazioni di sollevamento.<\/p>","protected":false},"excerpt":{"rendered":"<p>Le ghiere tonde Duo Lifting Socket contribuiscono a fornire connessioni sicure ed efficienti per le funi metalliche nelle operazioni di sollevamento per carichi pesanti. Sono progettate per garantire resistenza, durata e prestazioni in ambienti ad alta sollecitazione. Tra le preoccupazioni abituali degli acquirenti ci sono la compatibilit\u00e0, l'affidabilit\u00e0 e la sicurezza dei componenti di sollevamento; con le ghiere tonde per zoccoli di sollevamento H&amp;F di Qingdao, avrete la certezza di soluzioni di alta qualit\u00e0. I nostri prodotti sono supportati da un servizio clienti individuale, da cicli di consegna rapidi e da rapporti di ispezione della qualit\u00e0 completi, per garantire che riceviate esattamente ci\u00f2 di cui avete bisogno, quando ne avete bisogno, in totale trasparenza.<\/p>","protected":false},"featured_media":8723,"comment_status":"open","ping_status":"closed","template":"","meta":{"site-sidebar-layout":"default","site-content-layout":"","ast-site-content-layout":"default","site-content-style":"default","site-sidebar-style":"default","ast-global-header-display":"","ast-banner-title-visibility":"","ast-main-header-display":"","ast-hfb-above-header-display":"","ast-hfb-below-header-display":"","ast-hfb-mobile-header-display":"","site-post-title":"","ast-breadcrumbs-content":"","ast-featured-img":"","footer-sml-layout":"","theme-transparent-header-meta":"default","adv-header-id-meta":"","stick-header-meta":"default","header-above-stick-meta":"","header-main-stick-meta":"","header-below-stick-meta":"","astra-migrate-meta-layouts":"set","ast-page-background-enabled":"default","ast-page-background-meta":{"desktop":{"background-color":"","background-image":"","background-repeat":"repeat","background-position":"center center","background-size":"auto","background-attachment":"scroll","background-type":"","background-media":"","overlay-type":"","overlay-color":"","overlay-opacity":"","overlay-gradient":""},"tablet":{"background-color":"","background-image":"","background-repeat":"repeat","background-position":"center center","background-size":"auto","background-attachment":"scroll","background-type":"","background-media":"","overlay-type":"","overlay-color":"","overlay-opacity":"","overlay-gradient":""},"mobile":{"background-color":"","background-image":"","background-repeat":"repeat","background-position":"center center","background-size":"auto","background-attachment":"scroll","background-type":"","background-media":"","overlay-type":"","overlay-color":"","overlay-opacity":"","overlay-gradient":""}},"ast-content-background-meta":{"desktop":{"background-color":"var(--ast-global-color-5)","background-image":"","background-repeat":"repeat","background-position":"center center","background-size":"auto","background-attachment":"scroll","background-type":"","background-media":"","overlay-type":"","overlay-color":"","overlay-opacity":"","overlay-gradient":""},"tablet":{"background-color":"var(--ast-global-color-5)","background-image":"","background-repeat":"repeat","background-position":"center center","background-size":"auto","background-attachment":"scroll","background-type":"","background-media":"","overlay-type":"","overlay-color":"","overlay-opacity":"","overlay-gradient":""},"mobile":{"background-color":"var(--ast-global-color-5)","background-image":"","background-repeat":"repeat","background-position":"center center","background-size":"auto","background-attachment":"scroll","background-type":"","background-media":"","overlay-type":"","overlay-color":"","overlay-opacity":"","overlay-gradient":""}}},"product_brand":[],"product_cat":[30],"product_tag":[],"class_list":{"0":"post-8721","1":"product","2":"type-product","3":"status-publish","4":"has-post-thumbnail","6":"product_cat-lifting-anchor","7":"desktop-align-left","8":"tablet-align-left","9":"mobile-align-left","10":"ast-product-gallery-layout-horizontal-slider","11":"ast-product-tabs-layout-horizontal","13":"first","14":"instock","15":"shipping-taxable","16":"purchasable","17":"product-type-simple"},"yoast_head":"<!-- This site is optimized with the Yoast SEO plugin v25.2 - https:\/\/yoast.com\/wordpress\/plugins\/seo\/ -->\n<title>Lifting Socket Duo Round Ferrules<\/title>\n<meta name=\"description\" content=\"Lifting Socket Duo Round Ferrules help to provide safe and efficient connections for wire ropes in heavy-duty lifting operations.\" \/>\n<meta name=\"robots\" content=\"index, follow, max-snippet:-1, max-image-preview:large, max-video-preview:-1\" \/>\n<link rel=\"canonical\" href=\"https:\/\/qingdaohf.com\/it\/prodotto\/ghiere-rotonde-duo-presa-di-sollevamento\/\" \/>\n<meta property=\"og:locale\" content=\"it_IT\" \/>\n<meta property=\"og:type\" content=\"article\" \/>\n<meta property=\"og:title\" content=\"Lifting Socket Duo Round Ferrules\" \/>\n<meta property=\"og:description\" content=\"Lifting Socket Duo Round Ferrules help to provide safe and efficient connections for wire ropes in heavy-duty lifting operations.\" \/>\n<meta property=\"og:url\" content=\"https:\/\/qingdaohf.com\/it\/prodotto\/ghiere-rotonde-duo-presa-di-sollevamento\/\" \/>\n<meta property=\"og:site_name\" content=\"Concrete Form &amp; Rigging Hardware Supplier\" \/>\n<meta property=\"article:publisher\" content=\"https:\/\/www.facebook.com\/qingdaohf\" \/>\n<meta property=\"article:modified_time\" content=\"2025-11-13T01:02:20+00:00\" \/>\n<meta property=\"og:image\" content=\"https:\/\/qingdaohf.com\/wp-content\/uploads\/2025\/01\/duo-round-ferrule-1.jpg\" \/>\n\t<meta property=\"og:image:width\" content=\"800\" \/>\n\t<meta property=\"og:image:height\" content=\"800\" \/>\n\t<meta property=\"og:image:type\" content=\"image\/jpeg\" \/>\n<meta name=\"twitter:card\" content=\"summary_large_image\" \/>\n<meta name=\"twitter:label1\" content=\"Tempo di lettura stimato\" \/>\n\t<meta name=\"twitter:data1\" content=\"5 minuti\" \/>\n<script type=\"application\/ld+json\" class=\"yoast-schema-graph\">{\"@context\":\"https:\/\/schema.org\",\"@graph\":[{\"@type\":\"WebPage\",\"@id\":\"https:\/\/qingdaohf.com\/product\/lifting-socket-duo-round-ferrules\/\",\"url\":\"https:\/\/qingdaohf.com\/product\/lifting-socket-duo-round-ferrules\/\",\"name\":\"Lifting Socket Duo Round Ferrules\",\"isPartOf\":{\"@id\":\"https:\/\/qingdaohf.com\/bg\/#website\"},\"primaryImageOfPage\":{\"@id\":\"https:\/\/qingdaohf.com\/product\/lifting-socket-duo-round-ferrules\/#primaryimage\"},\"image\":{\"@id\":\"https:\/\/qingdaohf.com\/product\/lifting-socket-duo-round-ferrules\/#primaryimage\"},\"thumbnailUrl\":\"https:\/\/qingdaohf.com\/wp-content\/uploads\/2025\/01\/duo-round-ferrule-1.jpg\",\"datePublished\":\"2025-01-13T06:56:13+00:00\",\"dateModified\":\"2025-11-13T01:02:20+00:00\",\"description\":\"Lifting Socket Duo Round Ferrules help to provide safe and efficient connections for wire ropes in heavy-duty lifting operations.\",\"breadcrumb\":{\"@id\":\"https:\/\/qingdaohf.com\/product\/lifting-socket-duo-round-ferrules\/#breadcrumb\"},\"inLanguage\":\"it-IT\",\"potentialAction\":[{\"@type\":\"ReadAction\",\"target\":[\"https:\/\/qingdaohf.com\/product\/lifting-socket-duo-round-ferrules\/\"]}]},{\"@type\":\"ImageObject\",\"inLanguage\":\"it-IT\",\"@id\":\"https:\/\/qingdaohf.com\/product\/lifting-socket-duo-round-ferrules\/#primaryimage\",\"url\":\"https:\/\/qingdaohf.com\/wp-content\/uploads\/2025\/01\/duo-round-ferrule-1.jpg\",\"contentUrl\":\"https:\/\/qingdaohf.com\/wp-content\/uploads\/2025\/01\/duo-round-ferrule-1.jpg\",\"width\":800,\"height\":800,\"caption\":\"duo round ferrule\"},{\"@type\":\"BreadcrumbList\",\"@id\":\"https:\/\/qingdaohf.com\/product\/lifting-socket-duo-round-ferrules\/#breadcrumb\",\"itemListElement\":[{\"@type\":\"ListItem\",\"position\":1,\"name\":\"Home\",\"item\":\"https:\/\/qingdaohf.com\/\"},{\"@type\":\"ListItem\",\"position\":2,\"name\":\"Concrete Forming Accessories and Rigging Hardware\",\"item\":\"https:\/\/qingdaohf.com\/bg\/?page_id=944\"},{\"@type\":\"ListItem\",\"position\":3,\"name\":\"Lifting Socket Duo Round Ferrules\"}]},{\"@type\":\"WebSite\",\"@id\":\"https:\/\/qingdaohf.com\/bg\/#website\",\"url\":\"https:\/\/qingdaohf.com\/bg\/\",\"name\":\"Concrete Form & Rigging Hardware Supplier\",\"description\":\"\",\"publisher\":{\"@id\":\"https:\/\/qingdaohf.com\/bg\/#organization\"},\"potentialAction\":[{\"@type\":\"SearchAction\",\"target\":{\"@type\":\"EntryPoint\",\"urlTemplate\":\"https:\/\/qingdaohf.com\/bg\/?s={search_term_string}\"},\"query-input\":{\"@type\":\"PropertyValueSpecification\",\"valueRequired\":true,\"valueName\":\"search_term_string\"}}],\"inLanguage\":\"it-IT\"},{\"@type\":\"Organization\",\"@id\":\"https:\/\/qingdaohf.com\/bg\/#organization\",\"name\":\"Qingdao H&F\",\"url\":\"https:\/\/qingdaohf.com\/bg\/\",\"logo\":{\"@type\":\"ImageObject\",\"inLanguage\":\"it-IT\",\"@id\":\"https:\/\/qingdaohf.com\/bg\/#\/schema\/logo\/image\/\",\"url\":\"https:\/\/qingdaohf.com\/wp-content\/uploads\/2022\/12\/cropped-HF-LOGO.png\",\"contentUrl\":\"https:\/\/qingdaohf.com\/wp-content\/uploads\/2022\/12\/cropped-HF-LOGO.png\",\"width\":391,\"height\":249,\"caption\":\"Qingdao H&F\"},\"image\":{\"@id\":\"https:\/\/qingdaohf.com\/bg\/#\/schema\/logo\/image\/\"},\"sameAs\":[\"https:\/\/www.facebook.com\/qingdaohf\"]}]}<\/script>\n<!-- \/ Yoast SEO plugin. -->","yoast_head_json":{"title":"Lifting Socket Duo Round Ferrules","description":"Lifting Socket Duo Round Ferrules help to provide safe and efficient connections for wire ropes in heavy-duty lifting operations.","robots":{"index":"index","follow":"follow","max-snippet":"max-snippet:-1","max-image-preview":"max-image-preview:large","max-video-preview":"max-video-preview:-1"},"canonical":"https:\/\/qingdaohf.com\/it\/prodotto\/ghiere-rotonde-duo-presa-di-sollevamento\/","og_locale":"it_IT","og_type":"article","og_title":"Lifting Socket Duo Round Ferrules","og_description":"Lifting Socket Duo Round Ferrules help to provide safe and efficient connections for wire ropes in heavy-duty lifting operations.","og_url":"https:\/\/qingdaohf.com\/it\/prodotto\/ghiere-rotonde-duo-presa-di-sollevamento\/","og_site_name":"Concrete Form &amp; Rigging Hardware Supplier","article_publisher":"https:\/\/www.facebook.com\/qingdaohf","article_modified_time":"2025-11-13T01:02:20+00:00","og_image":[{"width":800,"height":800,"url":"https:\/\/qingdaohf.com\/wp-content\/uploads\/2025\/01\/duo-round-ferrule-1.jpg","type":"image\/jpeg"}],"twitter_card":"summary_large_image","twitter_misc":{"Tempo di lettura stimato":"5 minuti"},"schema":{"@context":"https:\/\/schema.org","@graph":[{"@type":"WebPage","@id":"https:\/\/qingdaohf.com\/product\/lifting-socket-duo-round-ferrules\/","url":"https:\/\/qingdaohf.com\/product\/lifting-socket-duo-round-ferrules\/","name":"Lifting Socket Duo Round Ferrules","isPartOf":{"@id":"https:\/\/qingdaohf.com\/bg\/#website"},"primaryImageOfPage":{"@id":"https:\/\/qingdaohf.com\/product\/lifting-socket-duo-round-ferrules\/#primaryimage"},"image":{"@id":"https:\/\/qingdaohf.com\/product\/lifting-socket-duo-round-ferrules\/#primaryimage"},"thumbnailUrl":"https:\/\/qingdaohf.com\/wp-content\/uploads\/2025\/01\/duo-round-ferrule-1.jpg","datePublished":"2025-01-13T06:56:13+00:00","dateModified":"2025-11-13T01:02:20+00:00","description":"Lifting Socket Duo Round Ferrules help to provide safe and efficient connections for wire ropes in heavy-duty lifting operations.","breadcrumb":{"@id":"https:\/\/qingdaohf.com\/product\/lifting-socket-duo-round-ferrules\/#breadcrumb"},"inLanguage":"it-IT","potentialAction":[{"@type":"ReadAction","target":["https:\/\/qingdaohf.com\/product\/lifting-socket-duo-round-ferrules\/"]}]},{"@type":"ImageObject","inLanguage":"it-IT","@id":"https:\/\/qingdaohf.com\/product\/lifting-socket-duo-round-ferrules\/#primaryimage","url":"https:\/\/qingdaohf.com\/wp-content\/uploads\/2025\/01\/duo-round-ferrule-1.jpg","contentUrl":"https:\/\/qingdaohf.com\/wp-content\/uploads\/2025\/01\/duo-round-ferrule-1.jpg","width":800,"height":800,"caption":"duo round ferrule"},{"@type":"BreadcrumbList","@id":"https:\/\/qingdaohf.com\/product\/lifting-socket-duo-round-ferrules\/#breadcrumb","itemListElement":[{"@type":"ListItem","position":1,"name":"Home","item":"https:\/\/qingdaohf.com\/"},{"@type":"ListItem","position":2,"name":"Concrete Forming Accessories and Rigging Hardware","item":"https:\/\/qingdaohf.com\/bg\/?page_id=944"},{"@type":"ListItem","position":3,"name":"Lifting Socket Duo Round Ferrules"}]},{"@type":"WebSite","@id":"https:\/\/qingdaohf.com\/bg\/#website","url":"https:\/\/qingdaohf.com\/bg\/","name":"Concrete Form & Rigging Hardware Supplier","description":"","publisher":{"@id":"https:\/\/qingdaohf.com\/bg\/#organization"},"potentialAction":[{"@type":"SearchAction","target":{"@type":"EntryPoint","urlTemplate":"https:\/\/qingdaohf.com\/bg\/?s={search_term_string}"},"query-input":{"@type":"PropertyValueSpecification","valueRequired":true,"valueName":"search_term_string"}}],"inLanguage":"it-IT"},{"@type":"Organization","@id":"https:\/\/qingdaohf.com\/bg\/#organization","name":"Qingdao H&F","url":"https:\/\/qingdaohf.com\/bg\/","logo":{"@type":"ImageObject","inLanguage":"it-IT","@id":"https:\/\/qingdaohf.com\/bg\/#\/schema\/logo\/image\/","url":"https:\/\/qingdaohf.com\/wp-content\/uploads\/2022\/12\/cropped-HF-LOGO.png","contentUrl":"https:\/\/qingdaohf.com\/wp-content\/uploads\/2022\/12\/cropped-HF-LOGO.png","width":391,"height":249,"caption":"Qingdao H&F"},"image":{"@id":"https:\/\/qingdaohf.com\/bg\/#\/schema\/logo\/image\/"},"sameAs":["https:\/\/www.facebook.com\/qingdaohf"]}]}},"_links":{"self":[{"href":"https:\/\/qingdaohf.com\/it\/wp-json\/wp\/v2\/product\/8721","targetHints":{"allow":["GET"]}}],"collection":[{"href":"https:\/\/qingdaohf.com\/it\/wp-json\/wp\/v2\/product"}],"about":[{"href":"https:\/\/qingdaohf.com\/it\/wp-json\/wp\/v2\/types\/product"}],"replies":[{"embeddable":true,"href":"https:\/\/qingdaohf.com\/it\/wp-json\/wp\/v2\/comments?post=8721"}],"version-history":[{"count":3,"href":"https:\/\/qingdaohf.com\/it\/wp-json\/wp\/v2\/product\/8721\/revisions"}],"predecessor-version":[{"id":8730,"href":"https:\/\/qingdaohf.com\/it\/wp-json\/wp\/v2\/product\/8721\/revisions\/8730"}],"wp:featuredmedia":[{"embeddable":true,"href":"https:\/\/qingdaohf.com\/it\/wp-json\/wp\/v2\/media\/8723"}],"wp:attachment":[{"href":"https:\/\/qingdaohf.com\/it\/wp-json\/wp\/v2\/media?parent=8721"}],"wp:term":[{"taxonomy":"product_brand","embeddable":true,"href":"https:\/\/qingdaohf.com\/it\/wp-json\/wp\/v2\/product_brand?post=8721"},{"taxonomy":"product_cat","embeddable":true,"href":"https:\/\/qingdaohf.com\/it\/wp-json\/wp\/v2\/product_cat?post=8721"},{"taxonomy":"product_tag","embeddable":true,"href":"https:\/\/qingdaohf.com\/it\/wp-json\/wp\/v2\/product_tag?post=8721"}],"curies":[{"name":"wp","href":"https:\/\/api.w.org\/{rel}","templated":true}]}}