{"id":8858,"date":"2025-01-21T15:05:09","date_gmt":"2025-01-21T07:05:09","guid":{"rendered":"http:\/\/qingdaohf.com\/?post_type=product&#038;p=8858"},"modified":"2025-11-13T09:02:20","modified_gmt":"2025-11-13T01:02:20","slug":"anchor-bolt-concrete","status":"publish","type":"product","link":"https:\/\/qingdaohf.com\/it\/prodotto\/bullone-di-ancoraggio-per-calcestruzzo\/","title":{"rendered":"Bullone di ancoraggio Calcestruzzo"},"content":{"rendered":"<h2 class=\"whitespace-pre-wrap break-words\">Capire le applicazioni dei bulloni di ancoraggio nel calcestruzzo<\/h2>\n<p class=\"whitespace-pre-wrap break-words\">I bulloni di ancoraggio, noti anche come bulloni di fondazione o bulloni a L, costituiscono la spina dorsale della stabilit\u00e0 strutturale in varie applicazioni edilizie. Basta entrare in un qualsiasi cantiere edile per notarli mentre tengono ferme le colonne d'acciaio, ancorano i macchinari pesanti o fissano le strutture alle fondamenta in calcestruzzo. Non si tratta di elementi di fissaggio comuni: sono i componenti critici che garantiscono la resistenza e l'affidabilit\u00e0 richieste da ingegneri e appaltatori. Conoscere il funzionamento di questi bulloni con il calcestruzzo non \u00e8 solo utile, ma \u00e8 essenziale per scegliere il tipo giusto e assicurarsi che funzionino a lungo.<\/p>\n<p><img fetchpriority=\"high\" decoding=\"async\" class=\"alignnone wp-image-9149 size-large\" src=\"http:\/\/qingdaohf.com\/wp-content\/uploads\/2025\/03\/foundation-bolt-1-1024x768.webp\" alt=\"bullone di fondazione\" width=\"1024\" height=\"768\" srcset=\"https:\/\/qingdaohf.com\/wp-content\/uploads\/2025\/03\/foundation-bolt-1-1024x768.webp 1024w, https:\/\/qingdaohf.com\/wp-content\/uploads\/2025\/03\/foundation-bolt-1-300x225.webp 300w, https:\/\/qingdaohf.com\/wp-content\/uploads\/2025\/03\/foundation-bolt-1-768x576.webp 768w, https:\/\/qingdaohf.com\/wp-content\/uploads\/2025\/03\/foundation-bolt-1-16x12.webp 16w, https:\/\/qingdaohf.com\/wp-content\/uploads\/2025\/03\/foundation-bolt-1-1000x750.webp 1000w, https:\/\/qingdaohf.com\/wp-content\/uploads\/2025\/03\/foundation-bolt-1.webp 1200w\" sizes=\"(max-width: 1024px) 100vw, 1024px\" \/><\/p>\n<p class=\"whitespace-pre-wrap break-words\">Se si guarda a una soluzione in calcestruzzo con bulloni di ancoraggio, ci si accorge che \u00e8 stata costruita in modo robusto fin dalle fondamenta. Non sono progettati solo per tenere le cose al loro posto, ma per gestire livelli di stress elevati e condizioni ambientali brutali, distribuendo i carichi in modo uniforme per eliminare i punti deboli. Quando ingegneri esperti scelgono i bulloni di fondazione e i bulloni a L, guardano a tre cose principali: la resistenza alla trazione, la capacit\u00e0 di contrastare la ruggine e la possibilit\u00e0 di installarli con precisione millimetrica. Abbiamo costruito il nostro processo di produzione su questi requisiti precisi, assicurandoci che i nostri prodotti siano in grado di gestire qualsiasi progetto.<\/p>\n<p><strong>Rivestimento\/Materiale:<\/strong> Acciaio zincato a caldo o non rivestito<\/p>\n<h3>Dimensioni del bullone di fondazione:<\/h3>\n\n<table id=\"tablepress-2\" class=\"tablepress tablepress-id-2\">\n<thead>\n<tr class=\"row-1\">\n\t<th class=\"column-1\">Dia (pollici)<\/th><th class=\"column-2\">Lunghezza (pollici)<\/th>\n<\/tr>\n<\/thead>\n<tbody class=\"row-striping row-hover\">\n<tr class=\"row-2\">\n\t<td class=\"column-1\">1\/2\u2033<\/td><td class=\"column-2\">6\u2033<\/td>\n<\/tr>\n<tr class=\"row-3\">\n\t<td class=\"column-1\">1\/2\u2033<\/td><td class=\"column-2\">8\u2033<\/td>\n<\/tr>\n<tr class=\"row-4\">\n\t<td class=\"column-1\">1\/2\u2033<\/td><td class=\"column-2\">10\u2033<\/td>\n<\/tr>\n<tr class=\"row-5\">\n\t<td class=\"column-1\">1\/2\u2033<\/td><td class=\"column-2\">12\u2033<\/td>\n<\/tr>\n<tr class=\"row-6\">\n\t<td class=\"column-1\">1\/2\u2033<\/td><td class=\"column-2\">14\u2033<\/td>\n<\/tr>\n<tr class=\"row-7\">\n\t<td class=\"column-1\">1\/2\u2033<\/td><td class=\"column-2\">16\u2033<\/td>\n<\/tr>\n<tr class=\"row-8\">\n\t<td class=\"column-1\">1\/2\u2033<\/td><td class=\"column-2\">18\u2033<\/td>\n<\/tr>\n<tr class=\"row-9\">\n\t<td class=\"column-1\">5\/8\u2033<\/td><td class=\"column-2\">6\u2033<\/td>\n<\/tr>\n<tr class=\"row-10\">\n\t<td class=\"column-1\">5\/8\u2033<\/td><td class=\"column-2\">8\u2033<\/td>\n<\/tr>\n<tr class=\"row-11\">\n\t<td class=\"column-1\">5\/8\u2033<\/td><td class=\"column-2\">10\u2033<\/td>\n<\/tr>\n<tr class=\"row-12\">\n\t<td class=\"column-1\">5\/8\u2033<\/td><td class=\"column-2\">12\u2033<\/td>\n<\/tr>\n<tr class=\"row-13\">\n\t<td class=\"column-1\">5\/8\u2033<\/td><td class=\"column-2\">14\u2033<\/td>\n<\/tr>\n<tr class=\"row-14\">\n\t<td class=\"column-1\">5\/8\u2033<\/td><td class=\"column-2\">16\u2033<\/td>\n<\/tr>\n<tr class=\"row-15\">\n\t<td class=\"column-1\">5\/8\u2033<\/td><td class=\"column-2\">18\u2033<\/td>\n<\/tr>\n<tr class=\"row-16\">\n\t<td class=\"column-1\">3\/4\u2033<\/td><td class=\"column-2\">6\u2033<\/td>\n<\/tr>\n<tr class=\"row-17\">\n\t<td class=\"column-1\">3\/4\u2033<\/td><td class=\"column-2\">8\u2033<\/td>\n<\/tr>\n<tr class=\"row-18\">\n\t<td class=\"column-1\">3\/4\u2033<\/td><td class=\"column-2\">10\u2033<\/td>\n<\/tr>\n<tr class=\"row-19\">\n\t<td class=\"column-1\">3\/4\u2033<\/td><td class=\"column-2\">12\u2033<\/td>\n<\/tr>\n<tr class=\"row-20\">\n\t<td class=\"column-1\">3\/4\u2033<\/td><td class=\"column-2\">14\u2033<\/td>\n<\/tr>\n<tr class=\"row-21\">\n\t<td class=\"column-1\">3\/4\u2033<\/td><td class=\"column-2\">16\u2033<\/td>\n<\/tr>\n<tr class=\"row-22\">\n\t<td class=\"column-1\">3\/4\u2033<\/td><td class=\"column-2\">18\u2033<\/td>\n<\/tr>\n<\/tbody>\n<\/table>\n<!-- #tablepress-2 from cache -->\n<h2 class=\"whitespace-pre-wrap break-words\">Fattori chiave nella scelta dei bulloni di fondazione<\/h2>\n<p class=\"whitespace-pre-wrap break-words\">La scelta del materiale pu\u00f2 fare la differenza tra i bulloni di fondazione e i bulloni a L. Le opzioni non mancano: leghe di acciaio ad alta resistenza quando serve potenza, rivestimenti zincati per una maggiore protezione o acciaio inossidabile quando l'ambiente \u00e8 particolarmente ostile. Avete un progetto che esporr\u00e0 questi bulloni all'umidit\u00e0, alle sostanze chimiche o a temperature estreme? Abbiamo materiali specializzati per ogni scenario. Ogni bullone viene sottoposto a rigorosi test di controllo della qualit\u00e0, supportati da rapporti di ispezione dettagliati che vi danno la certezza di ci\u00f2 che state acquistando.<\/p>\n<p class=\"whitespace-pre-wrap break-words\">La precisione dell'installazione non \u00e8 solo raccomandata, ma \u00e8 fondamentale per ottenere le massime prestazioni dai bulloni di fondazione e dai bulloni a L. \u00c8 necessario stabilire la profondit\u00e0 di inserimento, rispettare le specifiche di coppia esatte e ottenere il giusto allineamento. Questi dettagli hanno un impatto diretto sulla tenuta della struttura. Ecco perch\u00e9 il team tecnico di H&amp;F \u00e8 sempre pronto a guidarvi nelle migliori pratiche, assicurandosi che la vostra installazione non solo soddisfi gli standard del settore, ma li superi. Siamo qui per aiutarvi a fare le cose per bene la prima volta.<\/p>\n<div class=\"ast-oembed-container\" style=\"height: 100%;\"><iframe title=\"Bullone di fondazione\" width=\"500\" height=\"281\" src=\"https:\/\/www.youtube.com\/embed\/3M-AW45tVRI?feature=oembed\" frameborder=\"0\" allow=\"accelerometer; autoplay; clipboard-write; encrypted-media; gyroscope; picture-in-picture; web-share\" referrerpolicy=\"strict-origin-when-cross-origin\" allowfullscreen><\/iframe><\/div>\n<h2 class=\"whitespace-pre-wrap break-words\">Perch\u00e9 scegliere H&amp;F per le vostre esigenze di bulloni L<\/h2>\n<p class=\"whitespace-pre-wrap break-words\">A volte gli standard non bastano: \u00e8 qui che entra in gioco la personalizzazione. Lavori diversi richiedono diametri, tipi di filettatura e lunghezze diverse. La nostra gamma di prodotti \u00e8 abbastanza ampia da permettervi di trovare esattamente ci\u00f2 che vi serve senza dover modificare nulla in loco. Sia che abbiate bisogno di bulloni a L di base per lavori standard o di soluzioni personalizzate per sfide uniche, il nostro team sa come abbinarvi la ferramenta giusta.<\/p>\n<p class=\"whitespace-pre-wrap break-words\">Nei progetti edilizi il tempo \u00e8 denaro, e l'attesa dei pezzi di ricambio pu\u00f2 mandare all'aria il vostro programma e il vostro budget. Ecco perch\u00e9 ci siamo impegnati a rendere la nostra catena di fornitura snella ed efficiente. Abbiamo eliminato la burocrazia e snellito la logistica per fornirvi ci\u00f2 che vi serve, quando vi serve, in modo che il vostro progetto proceda senza costosi ritardi.<\/p>\n<p class=\"whitespace-pre-wrap break-words\">Qui la qualit\u00e0 non \u00e8 solo una parola d'ordine, ma \u00e8 integrata in tutto ci\u00f2 che facciamo. Ogni lotto di bulloni di fondazione e bulloni a L viene accuratamente testato in base agli standard internazionali. Dai controlli sulla composizione dei materiali alle prove di carico, documentiamo tutto in rapporti di ispezione dettagliati. Questa ossessione per la qualit\u00e0 ci ha reso il partner ideale per gli appaltatori e gli ingegneri pi\u00f9 seri.<\/p>\n<p class=\"whitespace-pre-wrap break-words\">L'edilizia non rallenta e nemmeno la necessit\u00e0 di soluzioni di ancoraggio affidabili. Sia che stiate costruendo strutture, infrastrutture o impianti industriali, avete bisogno di bulloni di fondazione e bulloni a L che non vi deludano. Noi di H&amp;F non ci limitiamo a vendere hardware, ma forniamo la fiducia necessaria per costruire in modo audace e corretto.<\/p>","protected":false},"excerpt":{"rendered":"<p>I bulloni di ancoraggio per calcestruzzo, noti anche come bulloni di fondazione o bulloni a L, rappresentano il fissaggio fondamentale di una struttura alle superfici in calcestruzzo. Questi prodotti sono fonte di grande preoccupazione per i clienti, in considerazione della loro durata, della capacit\u00e0 di carico e della resistenza all'ambiente. Noi di H&amp;F comprendiamo questi requisiti e forniamo bulloni di fondazione e bulloni a L che sono stati ispezionati per garantire la qualit\u00e0 e la conformit\u00e0 agli standard del settore. Il nostro servizio clienti one-to-one assicura che il processo di acquisto sia gestito in prima persona, mentre una logistica efficiente garantisce cicli di consegna rapidi per rispettare i tempi del progetto.<\/p>","protected":false},"featured_media":7000,"comment_status":"open","ping_status":"closed","template":"","meta":{"site-sidebar-layout":"default","site-content-layout":"","ast-site-content-layout":"default","site-content-style":"default","site-sidebar-style":"default","ast-global-header-display":"","ast-banner-title-visibility":"","ast-main-header-display":"","ast-hfb-above-header-display":"","ast-hfb-below-header-display":"","ast-hfb-mobile-header-display":"","site-post-title":"","ast-breadcrumbs-content":"","ast-featured-img":"","footer-sml-layout":"","theme-transparent-header-meta":"default","adv-header-id-meta":"","stick-header-meta":"default","header-above-stick-meta":"","header-main-stick-meta":"","header-below-stick-meta":"","astra-migrate-meta-layouts":"set","ast-page-background-enabled":"default","ast-page-background-meta":{"desktop":{"background-color":"","background-image":"","background-repeat":"repeat","background-position":"center center","background-size":"auto","background-attachment":"scroll","background-type":"","background-media":"","overlay-type":"","overlay-color":"","overlay-opacity":"","overlay-gradient":""},"tablet":{"background-color":"","background-image":"","background-repeat":"repeat","background-position":"center center","background-size":"auto","background-attachment":"scroll","background-type":"","background-media":"","overlay-type":"","overlay-color":"","overlay-opacity":"","overlay-gradient":""},"mobile":{"background-color":"","background-image":"","background-repeat":"repeat","background-position":"center center","background-size":"auto","background-attachment":"scroll","background-type":"","background-media":"","overlay-type":"","overlay-color":"","overlay-opacity":"","overlay-gradient":""}},"ast-content-background-meta":{"desktop":{"background-color":"var(--ast-global-color-5)","background-image":"","background-repeat":"repeat","background-position":"center center","background-size":"auto","background-attachment":"scroll","background-type":"","background-media":"","overlay-type":"","overlay-color":"","overlay-opacity":"","overlay-gradient":""},"tablet":{"background-color":"var(--ast-global-color-5)","background-image":"","background-repeat":"repeat","background-position":"center center","background-size":"auto","background-attachment":"scroll","background-type":"","background-media":"","overlay-type":"","overlay-color":"","overlay-opacity":"","overlay-gradient":""},"mobile":{"background-color":"var(--ast-global-color-5)","background-image":"","background-repeat":"repeat","background-position":"center center","background-size":"auto","background-attachment":"scroll","background-type":"","background-media":"","overlay-type":"","overlay-color":"","overlay-opacity":"","overlay-gradient":""}}},"product_brand":[],"product_cat":[28],"product_tag":[],"class_list":{"0":"post-8858","1":"product","2":"type-product","3":"status-publish","4":"has-post-thumbnail","6":"product_cat-concrete-forming","7":"desktop-align-left","8":"tablet-align-left","9":"mobile-align-left","10":"ast-product-gallery-layout-horizontal-slider","11":"ast-product-tabs-layout-horizontal","13":"first","14":"instock","15":"shipping-taxable","16":"purchasable","17":"product-type-simple"},"yoast_head":"<!-- This site is optimized with the Yoast SEO plugin v25.2 - https:\/\/yoast.com\/wordpress\/plugins\/seo\/ -->\n<title>Anchor Bolt Concrete<\/title>\n<meta name=\"description\" content=\"Anchor bolt concrete solutions, also known as foundation bolts or L bolts, are the fundamental fastening of a structure to concrete surfaces.\" \/>\n<meta name=\"robots\" content=\"index, follow, max-snippet:-1, max-image-preview:large, max-video-preview:-1\" \/>\n<link rel=\"canonical\" href=\"https:\/\/qingdaohf.com\/it\/prodotto\/bullone-di-ancoraggio-per-calcestruzzo\/\" \/>\n<meta property=\"og:locale\" content=\"it_IT\" \/>\n<meta property=\"og:type\" content=\"article\" \/>\n<meta property=\"og:title\" content=\"Anchor Bolt Concrete\" \/>\n<meta property=\"og:description\" content=\"Anchor bolt concrete solutions, also known as foundation bolts or L bolts, are the fundamental fastening of a structure to concrete surfaces.\" \/>\n<meta property=\"og:url\" content=\"https:\/\/qingdaohf.com\/it\/prodotto\/bullone-di-ancoraggio-per-calcestruzzo\/\" \/>\n<meta property=\"og:site_name\" content=\"Concrete Form &amp; Rigging Hardware Supplier\" \/>\n<meta property=\"article:publisher\" content=\"https:\/\/www.facebook.com\/qingdaohf\" \/>\n<meta property=\"article:modified_time\" content=\"2025-11-13T01:02:20+00:00\" \/>\n<meta property=\"og:image\" content=\"https:\/\/qingdaohf.com\/wp-content\/uploads\/2024\/05\/J-bolt-6.jpg\" \/>\n\t<meta property=\"og:image:width\" content=\"1000\" \/>\n\t<meta property=\"og:image:height\" content=\"1000\" \/>\n\t<meta property=\"og:image:type\" content=\"image\/jpeg\" \/>\n<meta name=\"twitter:card\" content=\"summary_large_image\" \/>\n<meta name=\"twitter:label1\" content=\"Tempo di lettura stimato\" \/>\n\t<meta name=\"twitter:data1\" content=\"4 minuti\" \/>\n<script type=\"application\/ld+json\" class=\"yoast-schema-graph\">{\"@context\":\"https:\/\/schema.org\",\"@graph\":[{\"@type\":\"WebPage\",\"@id\":\"https:\/\/qingdaohf.com\/product\/anchor-bolt-concrete\/\",\"url\":\"https:\/\/qingdaohf.com\/product\/anchor-bolt-concrete\/\",\"name\":\"Anchor Bolt Concrete\",\"isPartOf\":{\"@id\":\"https:\/\/qingdaohf.com\/bg\/#website\"},\"primaryImageOfPage\":{\"@id\":\"https:\/\/qingdaohf.com\/product\/anchor-bolt-concrete\/#primaryimage\"},\"image\":{\"@id\":\"https:\/\/qingdaohf.com\/product\/anchor-bolt-concrete\/#primaryimage\"},\"thumbnailUrl\":\"https:\/\/qingdaohf.com\/wp-content\/uploads\/2024\/05\/J-bolt-6.jpg\",\"datePublished\":\"2025-01-21T07:05:09+00:00\",\"dateModified\":\"2025-11-13T01:02:20+00:00\",\"description\":\"Anchor bolt concrete solutions, also known as foundation bolts or L bolts, are the fundamental fastening of a structure to concrete surfaces.\",\"breadcrumb\":{\"@id\":\"https:\/\/qingdaohf.com\/product\/anchor-bolt-concrete\/#breadcrumb\"},\"inLanguage\":\"it-IT\",\"potentialAction\":[{\"@type\":\"ReadAction\",\"target\":[\"https:\/\/qingdaohf.com\/product\/anchor-bolt-concrete\/\"]}]},{\"@type\":\"ImageObject\",\"inLanguage\":\"it-IT\",\"@id\":\"https:\/\/qingdaohf.com\/product\/anchor-bolt-concrete\/#primaryimage\",\"url\":\"https:\/\/qingdaohf.com\/wp-content\/uploads\/2024\/05\/J-bolt-6.jpg\",\"contentUrl\":\"https:\/\/qingdaohf.com\/wp-content\/uploads\/2024\/05\/J-bolt-6.jpg\",\"width\":1000,\"height\":1000},{\"@type\":\"BreadcrumbList\",\"@id\":\"https:\/\/qingdaohf.com\/product\/anchor-bolt-concrete\/#breadcrumb\",\"itemListElement\":[{\"@type\":\"ListItem\",\"position\":1,\"name\":\"Home\",\"item\":\"https:\/\/qingdaohf.com\/\"},{\"@type\":\"ListItem\",\"position\":2,\"name\":\"Concrete Forming Accessories and Rigging Hardware\",\"item\":\"https:\/\/qingdaohf.com\/bg\/?page_id=944\"},{\"@type\":\"ListItem\",\"position\":3,\"name\":\"Anchor Bolt Concrete\"}]},{\"@type\":\"WebSite\",\"@id\":\"https:\/\/qingdaohf.com\/bg\/#website\",\"url\":\"https:\/\/qingdaohf.com\/bg\/\",\"name\":\"Concrete Form & Rigging Hardware Supplier\",\"description\":\"\",\"publisher\":{\"@id\":\"https:\/\/qingdaohf.com\/bg\/#organization\"},\"potentialAction\":[{\"@type\":\"SearchAction\",\"target\":{\"@type\":\"EntryPoint\",\"urlTemplate\":\"https:\/\/qingdaohf.com\/bg\/?s={search_term_string}\"},\"query-input\":{\"@type\":\"PropertyValueSpecification\",\"valueRequired\":true,\"valueName\":\"search_term_string\"}}],\"inLanguage\":\"it-IT\"},{\"@type\":\"Organization\",\"@id\":\"https:\/\/qingdaohf.com\/bg\/#organization\",\"name\":\"Qingdao H&F\",\"url\":\"https:\/\/qingdaohf.com\/bg\/\",\"logo\":{\"@type\":\"ImageObject\",\"inLanguage\":\"it-IT\",\"@id\":\"https:\/\/qingdaohf.com\/bg\/#\/schema\/logo\/image\/\",\"url\":\"https:\/\/qingdaohf.com\/wp-content\/uploads\/2022\/12\/cropped-HF-LOGO.png\",\"contentUrl\":\"https:\/\/qingdaohf.com\/wp-content\/uploads\/2022\/12\/cropped-HF-LOGO.png\",\"width\":391,\"height\":249,\"caption\":\"Qingdao H&F\"},\"image\":{\"@id\":\"https:\/\/qingdaohf.com\/bg\/#\/schema\/logo\/image\/\"},\"sameAs\":[\"https:\/\/www.facebook.com\/qingdaohf\"]}]}<\/script>\n<!-- \/ Yoast SEO plugin. -->","yoast_head_json":{"title":"Anchor Bolt Concrete","description":"Anchor bolt concrete solutions, also known as foundation bolts or L bolts, are the fundamental fastening of a structure to concrete surfaces.","robots":{"index":"index","follow":"follow","max-snippet":"max-snippet:-1","max-image-preview":"max-image-preview:large","max-video-preview":"max-video-preview:-1"},"canonical":"https:\/\/qingdaohf.com\/it\/prodotto\/bullone-di-ancoraggio-per-calcestruzzo\/","og_locale":"it_IT","og_type":"article","og_title":"Anchor Bolt Concrete","og_description":"Anchor bolt concrete solutions, also known as foundation bolts or L bolts, are the fundamental fastening of a structure to concrete surfaces.","og_url":"https:\/\/qingdaohf.com\/it\/prodotto\/bullone-di-ancoraggio-per-calcestruzzo\/","og_site_name":"Concrete Form &amp; Rigging Hardware Supplier","article_publisher":"https:\/\/www.facebook.com\/qingdaohf","article_modified_time":"2025-11-13T01:02:20+00:00","og_image":[{"width":1000,"height":1000,"url":"https:\/\/qingdaohf.com\/wp-content\/uploads\/2024\/05\/J-bolt-6.jpg","type":"image\/jpeg"}],"twitter_card":"summary_large_image","twitter_misc":{"Tempo di lettura stimato":"4 minuti"},"schema":{"@context":"https:\/\/schema.org","@graph":[{"@type":"WebPage","@id":"https:\/\/qingdaohf.com\/product\/anchor-bolt-concrete\/","url":"https:\/\/qingdaohf.com\/product\/anchor-bolt-concrete\/","name":"Anchor Bolt Concrete","isPartOf":{"@id":"https:\/\/qingdaohf.com\/bg\/#website"},"primaryImageOfPage":{"@id":"https:\/\/qingdaohf.com\/product\/anchor-bolt-concrete\/#primaryimage"},"image":{"@id":"https:\/\/qingdaohf.com\/product\/anchor-bolt-concrete\/#primaryimage"},"thumbnailUrl":"https:\/\/qingdaohf.com\/wp-content\/uploads\/2024\/05\/J-bolt-6.jpg","datePublished":"2025-01-21T07:05:09+00:00","dateModified":"2025-11-13T01:02:20+00:00","description":"Anchor bolt concrete solutions, also known as foundation bolts or L bolts, are the fundamental fastening of a structure to concrete surfaces.","breadcrumb":{"@id":"https:\/\/qingdaohf.com\/product\/anchor-bolt-concrete\/#breadcrumb"},"inLanguage":"it-IT","potentialAction":[{"@type":"ReadAction","target":["https:\/\/qingdaohf.com\/product\/anchor-bolt-concrete\/"]}]},{"@type":"ImageObject","inLanguage":"it-IT","@id":"https:\/\/qingdaohf.com\/product\/anchor-bolt-concrete\/#primaryimage","url":"https:\/\/qingdaohf.com\/wp-content\/uploads\/2024\/05\/J-bolt-6.jpg","contentUrl":"https:\/\/qingdaohf.com\/wp-content\/uploads\/2024\/05\/J-bolt-6.jpg","width":1000,"height":1000},{"@type":"BreadcrumbList","@id":"https:\/\/qingdaohf.com\/product\/anchor-bolt-concrete\/#breadcrumb","itemListElement":[{"@type":"ListItem","position":1,"name":"Home","item":"https:\/\/qingdaohf.com\/"},{"@type":"ListItem","position":2,"name":"Concrete Forming Accessories and Rigging Hardware","item":"https:\/\/qingdaohf.com\/bg\/?page_id=944"},{"@type":"ListItem","position":3,"name":"Anchor Bolt Concrete"}]},{"@type":"WebSite","@id":"https:\/\/qingdaohf.com\/bg\/#website","url":"https:\/\/qingdaohf.com\/bg\/","name":"Concrete Form & Rigging Hardware Supplier","description":"","publisher":{"@id":"https:\/\/qingdaohf.com\/bg\/#organization"},"potentialAction":[{"@type":"SearchAction","target":{"@type":"EntryPoint","urlTemplate":"https:\/\/qingdaohf.com\/bg\/?s={search_term_string}"},"query-input":{"@type":"PropertyValueSpecification","valueRequired":true,"valueName":"search_term_string"}}],"inLanguage":"it-IT"},{"@type":"Organization","@id":"https:\/\/qingdaohf.com\/bg\/#organization","name":"Qingdao H&F","url":"https:\/\/qingdaohf.com\/bg\/","logo":{"@type":"ImageObject","inLanguage":"it-IT","@id":"https:\/\/qingdaohf.com\/bg\/#\/schema\/logo\/image\/","url":"https:\/\/qingdaohf.com\/wp-content\/uploads\/2022\/12\/cropped-HF-LOGO.png","contentUrl":"https:\/\/qingdaohf.com\/wp-content\/uploads\/2022\/12\/cropped-HF-LOGO.png","width":391,"height":249,"caption":"Qingdao H&F"},"image":{"@id":"https:\/\/qingdaohf.com\/bg\/#\/schema\/logo\/image\/"},"sameAs":["https:\/\/www.facebook.com\/qingdaohf"]}]}},"_links":{"self":[{"href":"https:\/\/qingdaohf.com\/it\/wp-json\/wp\/v2\/product\/8858","targetHints":{"allow":["GET"]}}],"collection":[{"href":"https:\/\/qingdaohf.com\/it\/wp-json\/wp\/v2\/product"}],"about":[{"href":"https:\/\/qingdaohf.com\/it\/wp-json\/wp\/v2\/types\/product"}],"replies":[{"embeddable":true,"href":"https:\/\/qingdaohf.com\/it\/wp-json\/wp\/v2\/comments?post=8858"}],"version-history":[{"count":9,"href":"https:\/\/qingdaohf.com\/it\/wp-json\/wp\/v2\/product\/8858\/revisions"}],"predecessor-version":[{"id":8862,"href":"https:\/\/qingdaohf.com\/it\/wp-json\/wp\/v2\/product\/8858\/revisions\/8862"}],"wp:featuredmedia":[{"embeddable":true,"href":"https:\/\/qingdaohf.com\/it\/wp-json\/wp\/v2\/media\/7000"}],"wp:attachment":[{"href":"https:\/\/qingdaohf.com\/it\/wp-json\/wp\/v2\/media?parent=8858"}],"wp:term":[{"taxonomy":"product_brand","embeddable":true,"href":"https:\/\/qingdaohf.com\/it\/wp-json\/wp\/v2\/product_brand?post=8858"},{"taxonomy":"product_cat","embeddable":true,"href":"https:\/\/qingdaohf.com\/it\/wp-json\/wp\/v2\/product_cat?post=8858"},{"taxonomy":"product_tag","embeddable":true,"href":"https:\/\/qingdaohf.com\/it\/wp-json\/wp\/v2\/product_tag?post=8858"}],"curies":[{"name":"wp","href":"https:\/\/api.w.org\/{rel}","templated":true}]}}