{"id":3,"date":"2022-12-14T08:05:12","date_gmt":"2022-12-14T08:05:12","guid":{"rendered":"http:\/\/qingdaohf.com\/?page_id=3"},"modified":"2025-01-13T11:43:47","modified_gmt":"2025-01-13T03:43:47","slug":"privacy-policy","status":"publish","type":"page","link":"https:\/\/qingdaohf.com\/lt\/privatumo-politika\/","title":{"rendered":"Privatumo politika"},"content":{"rendered":"<p>\"Qingdao H&amp;F\" yra \u012fsipareigojusi gerbti ir saugoti j\u016bs\u0173 privatum\u0105. \u0160ioje privatumo politikoje apra\u0161oma, kaip renkame, naudojame ir saugome j\u016bs\u0173 asmenin\u0119 informacij\u0105, kai lankot\u0117s m\u016bs\u0173 svetain\u0117je, <a href=\"https:\/\/qingdaohf.com\/lt\/\">qingdaohf.com<\/a>, ir kaip m\u016bs\u0173 praktika atitinka galiojan\u010dius privatumo nuostatus.<\/p><h4 class=\"wp-block-heading\">Kas mes esame<\/h4><p>M\u016bs\u0173 svetain\u0117, <a href=\"https:\/\/qingdaohf.com\/lt\/\">qingdaohf.com<\/a>, valdo Qingdao H&amp;F. Esame pirmaujanti pramonini\u0173 ir prekybos sprendim\u0173 teik\u0117ja, \u012fsik\u016brusi \u010cingdao, \u0160andongo mieste, Kinijoje. Su mumis galite susisiekti \u0161iuo adresu:<\/p><p><strong>El. pa\u0161tas:<\/strong> <a>info@qingdaohf.com<\/a><br><strong>Telefonas:<\/strong> +86 17853296888<br><strong>Adresas:<\/strong> 20-B kambarys, Huaren International Building, No. 2 Shandong Road, Shinan District, Qingdao City, Shandong Province<\/p><h4 class=\"wp-block-heading\">Kokius asmeninius duomenis renkame ir kod\u0117l<\/h4><p>Renkame \u0161i\u0173 tip\u0173 asmens duomenis:<\/p><ul class=\"wp-block-list\"><li><strong>Asmenin\u0117 informacija:<\/strong> savanori\u0161kai pateikti per kontaktines formas ar u\u017eklausas, pavyzd\u017eiui, j\u016bs\u0173 vardas, pavard\u0117, el. pa\u0161to adresas, telefono numeris ir bet kokia kita informacija, kuri\u0105 pateikiate.<\/li>\n\n<li><strong>Technin\u0117 informacija:<\/strong> Automati\u0161kai renkama naudojant slapukus ir pana\u0161ias technologijas, pavyzd\u017eiui, j\u016bs\u0173 IP adres\u0105, nar\u0161ykl\u0117s tip\u0105 ir puslapius, kuriuose lankot\u0117s m\u016bs\u0173 svetain\u0117je.<\/li>\n\n<li><strong>Sandori\u0173 duomenys:<\/strong> Pirkimo u\u017eklaus\u0173 atveju tai gali b\u016bti atsiskaitymo arba pristatymo duomenys.<\/li>\n\n<li><strong>Jautr\u016bs duomenys:<\/strong> Ty\u010dia nerenkame neskelbtin\u0173 asmens duomen\u0173. Jei tokie duomenys pateikiami, jie yra saugomi ir laikomi konfidencialiai.<\/li><\/ul><p><strong>Kod\u0117l renkame duomenis:<\/strong><\/p><p>\u0160iuos duomenis renkame siekdami teikti ir tobulinti savo paslaugas, pritaikyti naudotojo patirt\u012f, laikytis teisini\u0173 \u012fsipareigojim\u0173 ir analizuoti svetain\u0117s veikim\u0105. Duomenys renkami remiantis aktyviu naudotojo sutikimu arba teis\u0117tais verslo tikslais.<\/p><h4 class=\"wp-block-heading\">Komentarai<\/h4><p>M\u016bs\u0173 svetain\u0117je gali b\u016bti leid\u017eiama naudotojams palikti komentarus. Kai komentarai pateikiami, mes renkame komentar\u0173 formoje nurodytus duomenis, taip pat naudotojo IP adres\u0105 ir nar\u0161ykl\u0117s naudotojo agento eilut\u0119, kad b\u016bt\u0173 lengviau aptikti nepageidaujamus lai\u0161kus.<\/p><h4 class=\"wp-block-heading\">\u017diniasklaida<\/h4><p>Jei naudotojai \u012fkelia paveiksl\u0117lius ar failus, jie gali b\u016bti vie\u0161ai prieinami. Naudotojams rekomenduojama ne\u012fkelti medijos, kurioje yra \u012fterpt\u0173 buvimo vietos duomen\u0173 (EXIF GPS).<\/p><h4 class=\"wp-block-heading\">Kontaktin\u0117s formos<\/h4><p>Kai naudotojai pateikia kontaktines formas, mes renkame pateiktus duomenis klient\u0173 aptarnavimo tikslais. \u0160ie duomenys saugomi \u0161e\u0161is m\u0117nesius ir nenaudojami rinkodaros tikslais be ai\u0161kaus sutikimo.<\/p><h4 class=\"wp-block-heading\">Slapukai<\/h4><p>M\u016bs\u0173 svetain\u0117 naudoja slapukus, kad pagerint\u0173 naudotojo patirt\u012f. Slapukai gali b\u016bti:<\/p><ul class=\"wp-block-list\"><li><strong>Sesijos slapukai:<\/strong> Naudotoj\u0173 sesijoms palaikyti.<\/li>\n\n<li><strong>Analiz\u0117s slapukai:<\/strong> analizuoti svetain\u0117s naudojimo tendencijas.<\/li>\n\n<li><strong>Sutikimo valdymas Slapukai:<\/strong> saugoti j\u016bs\u0173 privatumo nuostatas.<\/li><\/ul><p>Slapuk\u0173 nustatymus galite koreguoti naudodami nar\u0161ykl\u0119 arba m\u016bs\u0173 sutikim\u0173 valdymo \u012frank\u012f.<\/p><h4 class=\"wp-block-heading\">Analiz\u0117<\/h4><p>Naudojame \"Google Analytics\", kad suprastume naudotoj\u0173 elgsen\u0105 ir patobulintume savo svetain\u0119. Surinkti duomenys yra anonimi\u0161ki ir apibendrinti. Vartotojai gali atsisakyti \"Analytics\" steb\u0117jimo per savo nar\u0161ykl\u0117s nustatymus arba apsilank\u0119 \"Google\" privatumo politikoje.<\/p><h4 class=\"wp-block-heading\">Su kuo dalijam\u0117s j\u016bs\u0173 duomenimis<\/h4><p>J\u016bs\u0173 duomenimis dalijam\u0117s tik su patikimomis tre\u010diosiomis \u0161alimis, kai tai b\u016btina, pvz:<\/p><ul class=\"wp-block-list\"><li>Svetain\u0117s prieglobos paslaug\u0173 teik\u0117jai.<\/li>\n\n<li>Mok\u0117jim\u0173 u\u017e transakcines paslaugas tvarkytojai.<\/li>\n\n<li>Analiz\u0117s paslaug\u0173 teik\u0117jai, kad gaut\u0173 \u012f\u017evalg\u0173 apie veiklos rezultatus.<\/li><\/ul><p>Visi tre\u010di\u0173j\u0173 \u0161ali\u0173 paslaug\u0173 teik\u0117jai laikosi grie\u017et\u0173 duomen\u0173 apsaugos standart\u0173. Papra\u0161ius galima rasti nuorodas \u012f j\u0173 privatumo politik\u0105.<\/p><h4 class=\"wp-block-heading\">Kiek laiko saugome j\u016bs\u0173 duomenis<\/h4><p>J\u016bs\u0173 duomenis saugome atsi\u017evelgdami \u012f j\u0173 paskirt\u012f:<\/p><ul class=\"wp-block-list\"><li>Kontaktin\u0117s formos pateikimas: 6 m\u0117nesiai.<\/li>\n\n<li>Analiz\u0117s duomenys: 1 metai.<\/li>\n\n<li>Sandori\u0173 \u012fra\u0161ai: 10 met\u0173 teisiniais ir audito tikslais.<\/li><\/ul><h4 class=\"wp-block-heading\">J\u016bs\u0173 teis\u0117s, susijusios su j\u016bs\u0173 duomenimis<\/h4><p>Naudotojai turi teis\u0119:<\/p><ul class=\"wp-block-list\"><li>naudotis savo duomenimis ir juos taisyti.<\/li>\n\n<li>pra\u0161yti i\u0161trinti duomenis (i\u0161skyrus atvejus, kai saugoti duomenis reikalaujama pagal \u012fstatymus).<\/li>\n\n<li>Prie\u0161tarauti tam tikram duomen\u0173 tvarkymui.<\/li>\n\n<li>Gauti duomenis perkeliamuoju formatu.<\/li><\/ul><p>Nor\u0117dami pasinaudoti \u0161iomis teis\u0117mis, susisiekite su mumis adresu <a>info@qingdaohf.com<\/a>.<\/p><h4 class=\"wp-block-heading\">Kur siun\u010diami j\u016bs\u0173 duomenys<\/h4><p>Duomenys gali b\u016bti perduodami u\u017e Europos S\u0105jungos rib\u0173. Toks duomen\u0173 perdavimas atitinka Europos duomen\u0173 apsaugos standartus taikant tokius mechanizmus kaip privatumo skydas arba sutartiniai susitarimai.<\/p><h4 class=\"wp-block-heading\">Kaip saugome j\u016bs\u0173 duomenis<\/h4><p>\u012egyvendiname patikimas saugumo priemones, \u012fskaitant:<\/p><ul class=\"wp-block-list\"><li>Neskelbtin\u0173 duomen\u0173 \u0161ifravimas.<\/li>\n\n<li>Reguliarus m\u016bs\u0173 sistem\u0173 auditas.<\/li>\n\n<li>Darbuotoj\u0173 mokymas apie duomen\u0173 apsaug\u0105.<\/li><\/ul><h4 class=\"wp-block-heading\">Duomen\u0173 saugumo pa\u017eeidim\u0173 proced\u016bros<\/h4><p>Duomen\u0173 saugumo pa\u017eeidimo atveju esame nustat\u0119 tokias proced\u016bras:<\/p><ul class=\"wp-block-list\"><li>Nedelsiant teikiamos vidaus ataskaitos.<\/li>\n\n<li>Prane\u0161imas paveiktiems naudotojams.<\/li>\n\n<li>Prireikus koordinuoti veiksmus su vald\u017eios institucijomis.<\/li><\/ul><h4 class=\"wp-block-heading\">Tre\u010di\u0173j\u0173 \u0161ali\u0173 duomen\u0173 \u0161altiniai<\/h4><p>I\u0161 reklamuotoj\u0173 ar analiz\u0117s paslaug\u0173 teik\u0117j\u0173 galime gauti anonimini\u0173 duomen\u0173, kad gal\u0117tume pagerinti paslaugas. \u0160ie duomenys nesiejami su asmenimis, kuri\u0173 tapatyb\u0119 galima nustatyti.<\/p><h4 class=\"wp-block-heading\">Automatizuotas sprendim\u0173 pri\u0117mimas<\/h4><p>M\u016bs\u0173 svetain\u0117je nenaudojamos automatizuotos sprendim\u0173 pri\u0117mimo ar profiliavimo sistemos, kurios daro poveik\u012f naudotoj\u0173 teis\u0117ms ar laisv\u0117ms.<\/p><h4 class=\"wp-block-heading\">Teis\u0117s aktais nustatyti informacijos atskleidimo reikalavimai<\/h4><p>\"Qingdao H&amp;F\" laikosi vis\u0173 taikom\u0173 privatumo ir duomen\u0173 apsaugos \u012fstatym\u0173, \u012fskaitant Europos naudotojams taikom\u0105 BDAR.<\/p><h4 class=\"wp-block-heading\">Kontaktin\u0117 informacija<\/h4><p>D\u0117l su privatumu susijusi\u0173 klausim\u0173 kreipkit\u0117s \u012f:<\/p><p><strong>El. pa\u0161tas:<\/strong> <a>info@qingdaohf.com<\/a><br><strong>Telefonas:<\/strong>+86 17853296888<br><strong>Adresas:<\/strong> 20-B kambarys, Huaren International Building, No. 2 Shandong Road, Shinan District, Qingdao City, Shandong Province<\/p><h4 class=\"wp-block-heading\">Politikos atnaujinimai<\/h4><p>Pasiliekame teis\u0119 atnaujinti \u0161i\u0105 privatumo politik\u0105, kad ji atspind\u0117t\u0173 pasikeitusi\u0105 praktik\u0105 ar teisinius reikalavimus. Naujausi\u0105 versij\u0105 visada rasite \u0161iame puslapyje.<\/p>","protected":false},"excerpt":{"rendered":"<p>At Qingdao H&amp;F, we are committed to respecting and protecting your privacy. This Privacy Policy outlines how we collect, use, and safeguard your personal information when you visit our website, qingdaohf.com, and how our practices comply with applicable privacy regulations. Who We Are Our website, qingdaohf.com, is operated by Qingdao H&amp;F. We are a leading [&hellip;]<\/p>","protected":false},"author":1,"featured_media":0,"parent":0,"menu_order":0,"comment_status":"closed","ping_status":"open","template":"","meta":{"site-sidebar-layout":"default","site-content-layout":"","ast-site-content-layout":"default","site-content-style":"default","site-sidebar-style":"default","ast-global-header-display":"","ast-banner-title-visibility":"","ast-main-header-display":"","ast-hfb-above-header-display":"","ast-hfb-below-header-display":"","ast-hfb-mobile-header-display":"","site-post-title":"","ast-breadcrumbs-content":"","ast-featured-img":"","footer-sml-layout":"","theme-transparent-header-meta":"","adv-header-id-meta":"","stick-header-meta":"","header-above-stick-meta":"","header-main-stick-meta":"","header-below-stick-meta":"","astra-migrate-meta-layouts":"set","ast-page-background-enabled":"default","ast-page-background-meta":{"desktop":{"background-color":"","background-image":"","background-repeat":"repeat","background-position":"center center","background-size":"auto","background-attachment":"scroll","background-type":"","background-media":"","overlay-type":"","overlay-color":"","overlay-opacity":"","overlay-gradient":""},"tablet":{"background-color":"","background-image":"","background-repeat":"repeat","background-position":"center center","background-size":"auto","background-attachment":"scroll","background-type":"","background-media":"","overlay-type":"","overlay-color":"","overlay-opacity":"","overlay-gradient":""},"mobile":{"background-color":"","background-image":"","background-repeat":"repeat","background-position":"center center","background-size":"auto","background-attachment":"scroll","background-type":"","background-media":"","overlay-type":"","overlay-color":"","overlay-opacity":"","overlay-gradient":""}},"ast-content-background-meta":{"desktop":{"background-color":"var(--ast-global-color-5)","background-image":"","background-repeat":"repeat","background-position":"center center","background-size":"auto","background-attachment":"scroll","background-type":"","background-media":"","overlay-type":"","overlay-color":"","overlay-opacity":"","overlay-gradient":""},"tablet":{"background-color":"var(--ast-global-color-5)","background-image":"","background-repeat":"repeat","background-position":"center center","background-size":"auto","background-attachment":"scroll","background-type":"","background-media":"","overlay-type":"","overlay-color":"","overlay-opacity":"","overlay-gradient":""},"mobile":{"background-color":"var(--ast-global-color-5)","background-image":"","background-repeat":"repeat","background-position":"center center","background-size":"auto","background-attachment":"scroll","background-type":"","background-media":"","overlay-type":"","overlay-color":"","overlay-opacity":"","overlay-gradient":""}},"footnotes":""},"class_list":["post-3","page","type-page","status-publish","hentry"],"yoast_head":"<!-- This site is optimized with the Yoast SEO plugin v25.2 - https:\/\/yoast.com\/wordpress\/plugins\/seo\/ -->\n<title>Privacy Policy<\/title>\n<meta name=\"description\" content=\"This Privacy Policy outlines how we collect, use, and safeguard your personal information when you visit our website\" \/>\n<meta name=\"robots\" content=\"index, follow, max-snippet:-1, max-image-preview:large, max-video-preview:-1\" \/>\n<link rel=\"canonical\" href=\"https:\/\/qingdaohf.com\/lt\/informativa-sulla-privacy\/\" \/>\n<meta property=\"og:locale\" content=\"lt_LT\" \/>\n<meta property=\"og:type\" content=\"article\" \/>\n<meta property=\"og:title\" content=\"Privacy Policy\" \/>\n<meta property=\"og:description\" content=\"This Privacy Policy outlines how we collect, use, and safeguard your personal information when you visit our website\" \/>\n<meta property=\"og:url\" content=\"https:\/\/qingdaohf.com\/lt\/informativa-sulla-privacy\/\" \/>\n<meta property=\"og:site_name\" content=\"Concrete Form &amp; Rigging Hardware Supplier\" \/>\n<meta property=\"article:publisher\" content=\"https:\/\/www.facebook.com\/qingdaohf\" \/>\n<meta property=\"article:modified_time\" content=\"2025-01-13T03:43:47+00:00\" \/>\n<meta name=\"twitter:card\" content=\"summary_large_image\" \/>\n<meta name=\"twitter:label1\" content=\"Est. reading time\" \/>\n\t<meta name=\"twitter:data1\" content=\"4 minut\u0117s\" \/>\n<script type=\"application\/ld+json\" class=\"yoast-schema-graph\">{\"@context\":\"https:\/\/schema.org\",\"@graph\":[{\"@type\":\"WebPage\",\"@id\":\"https:\/\/qingdaohf.com\/it\/informativa-sulla-privacy\/\",\"url\":\"https:\/\/qingdaohf.com\/it\/informativa-sulla-privacy\/\",\"name\":\"Privacy Policy\",\"isPartOf\":{\"@id\":\"https:\/\/qingdaohf.com\/bg\/#website\"},\"datePublished\":\"2022-12-14T08:05:12+00:00\",\"dateModified\":\"2025-01-13T03:43:47+00:00\",\"description\":\"This Privacy Policy outlines how we collect, use, and safeguard your personal information when you visit our website\",\"breadcrumb\":{\"@id\":\"https:\/\/qingdaohf.com\/it\/informativa-sulla-privacy\/#breadcrumb\"},\"inLanguage\":\"lt-LT\",\"potentialAction\":[{\"@type\":\"ReadAction\",\"target\":[\"https:\/\/qingdaohf.com\/it\/informativa-sulla-privacy\/\"]}]},{\"@type\":\"BreadcrumbList\",\"@id\":\"https:\/\/qingdaohf.com\/it\/informativa-sulla-privacy\/#breadcrumb\",\"itemListElement\":[{\"@type\":\"ListItem\",\"position\":1,\"name\":\"Home\",\"item\":\"https:\/\/qingdaohf.com\/\"},{\"@type\":\"ListItem\",\"position\":2,\"name\":\"Privacy Policy\"}]},{\"@type\":\"WebSite\",\"@id\":\"https:\/\/qingdaohf.com\/bg\/#website\",\"url\":\"https:\/\/qingdaohf.com\/bg\/\",\"name\":\"Concrete Form & Rigging Hardware Supplier\",\"description\":\"\",\"publisher\":{\"@id\":\"https:\/\/qingdaohf.com\/bg\/#organization\"},\"potentialAction\":[{\"@type\":\"SearchAction\",\"target\":{\"@type\":\"EntryPoint\",\"urlTemplate\":\"https:\/\/qingdaohf.com\/bg\/?s={search_term_string}\"},\"query-input\":{\"@type\":\"PropertyValueSpecification\",\"valueRequired\":true,\"valueName\":\"search_term_string\"}}],\"inLanguage\":\"lt-LT\"},{\"@type\":\"Organization\",\"@id\":\"https:\/\/qingdaohf.com\/bg\/#organization\",\"name\":\"Qingdao H&F\",\"url\":\"https:\/\/qingdaohf.com\/bg\/\",\"logo\":{\"@type\":\"ImageObject\",\"inLanguage\":\"lt-LT\",\"@id\":\"https:\/\/qingdaohf.com\/bg\/#\/schema\/logo\/image\/\",\"url\":\"https:\/\/qingdaohf.com\/wp-content\/uploads\/2022\/12\/cropped-HF-LOGO.png\",\"contentUrl\":\"https:\/\/qingdaohf.com\/wp-content\/uploads\/2022\/12\/cropped-HF-LOGO.png\",\"width\":391,\"height\":249,\"caption\":\"Qingdao H&F\"},\"image\":{\"@id\":\"https:\/\/qingdaohf.com\/bg\/#\/schema\/logo\/image\/\"},\"sameAs\":[\"https:\/\/www.facebook.com\/qingdaohf\"]}]}<\/script>\n<!-- \/ Yoast SEO plugin. -->","yoast_head_json":{"title":"Privacy Policy","description":"This Privacy Policy outlines how we collect, use, and safeguard your personal information when you visit our website","robots":{"index":"index","follow":"follow","max-snippet":"max-snippet:-1","max-image-preview":"max-image-preview:large","max-video-preview":"max-video-preview:-1"},"canonical":"https:\/\/qingdaohf.com\/lt\/informativa-sulla-privacy\/","og_locale":"lt_LT","og_type":"article","og_title":"Privacy Policy","og_description":"This Privacy Policy outlines how we collect, use, and safeguard your personal information when you visit our website","og_url":"https:\/\/qingdaohf.com\/lt\/informativa-sulla-privacy\/","og_site_name":"Concrete Form &amp; Rigging Hardware Supplier","article_publisher":"https:\/\/www.facebook.com\/qingdaohf","article_modified_time":"2025-01-13T03:43:47+00:00","twitter_card":"summary_large_image","twitter_misc":{"Est. reading time":"4 minut\u0117s"},"schema":{"@context":"https:\/\/schema.org","@graph":[{"@type":"WebPage","@id":"https:\/\/qingdaohf.com\/it\/informativa-sulla-privacy\/","url":"https:\/\/qingdaohf.com\/it\/informativa-sulla-privacy\/","name":"Privacy Policy","isPartOf":{"@id":"https:\/\/qingdaohf.com\/bg\/#website"},"datePublished":"2022-12-14T08:05:12+00:00","dateModified":"2025-01-13T03:43:47+00:00","description":"This Privacy Policy outlines how we collect, use, and safeguard your personal information when you visit our website","breadcrumb":{"@id":"https:\/\/qingdaohf.com\/it\/informativa-sulla-privacy\/#breadcrumb"},"inLanguage":"lt-LT","potentialAction":[{"@type":"ReadAction","target":["https:\/\/qingdaohf.com\/it\/informativa-sulla-privacy\/"]}]},{"@type":"BreadcrumbList","@id":"https:\/\/qingdaohf.com\/it\/informativa-sulla-privacy\/#breadcrumb","itemListElement":[{"@type":"ListItem","position":1,"name":"Home","item":"https:\/\/qingdaohf.com\/"},{"@type":"ListItem","position":2,"name":"Privacy Policy"}]},{"@type":"WebSite","@id":"https:\/\/qingdaohf.com\/bg\/#website","url":"https:\/\/qingdaohf.com\/bg\/","name":"Concrete Form & Rigging Hardware Supplier","description":"","publisher":{"@id":"https:\/\/qingdaohf.com\/bg\/#organization"},"potentialAction":[{"@type":"SearchAction","target":{"@type":"EntryPoint","urlTemplate":"https:\/\/qingdaohf.com\/bg\/?s={search_term_string}"},"query-input":{"@type":"PropertyValueSpecification","valueRequired":true,"valueName":"search_term_string"}}],"inLanguage":"lt-LT"},{"@type":"Organization","@id":"https:\/\/qingdaohf.com\/bg\/#organization","name":"Qingdao H&F","url":"https:\/\/qingdaohf.com\/bg\/","logo":{"@type":"ImageObject","inLanguage":"lt-LT","@id":"https:\/\/qingdaohf.com\/bg\/#\/schema\/logo\/image\/","url":"https:\/\/qingdaohf.com\/wp-content\/uploads\/2022\/12\/cropped-HF-LOGO.png","contentUrl":"https:\/\/qingdaohf.com\/wp-content\/uploads\/2022\/12\/cropped-HF-LOGO.png","width":391,"height":249,"caption":"Qingdao H&F"},"image":{"@id":"https:\/\/qingdaohf.com\/bg\/#\/schema\/logo\/image\/"},"sameAs":["https:\/\/www.facebook.com\/qingdaohf"]}]}},"_links":{"self":[{"href":"https:\/\/qingdaohf.com\/lt\/wp-json\/wp\/v2\/pages\/3","targetHints":{"allow":["GET"]}}],"collection":[{"href":"https:\/\/qingdaohf.com\/lt\/wp-json\/wp\/v2\/pages"}],"about":[{"href":"https:\/\/qingdaohf.com\/lt\/wp-json\/wp\/v2\/types\/page"}],"author":[{"embeddable":true,"href":"https:\/\/qingdaohf.com\/lt\/wp-json\/wp\/v2\/users\/1"}],"replies":[{"embeddable":true,"href":"https:\/\/qingdaohf.com\/lt\/wp-json\/wp\/v2\/comments?post=3"}],"version-history":[{"count":5,"href":"https:\/\/qingdaohf.com\/lt\/wp-json\/wp\/v2\/pages\/3\/revisions"}],"predecessor-version":[{"id":8720,"href":"https:\/\/qingdaohf.com\/lt\/wp-json\/wp\/v2\/pages\/3\/revisions\/8720"}],"wp:attachment":[{"href":"https:\/\/qingdaohf.com\/lt\/wp-json\/wp\/v2\/media?parent=3"}],"curies":[{"name":"wp","href":"https:\/\/api.w.org\/{rel}","templated":true}]}}