{"id":1603,"date":"2023-01-11T11:34:16","date_gmt":"2023-01-11T03:34:16","guid":{"rendered":"http:\/\/qingdaohf.com\/?post_type=product&#038;p=1603"},"modified":"2025-11-13T09:06:59","modified_gmt":"2025-11-13T01:06:59","slug":"ferrule-loop-insert","status":"publish","type":"product","link":"https:\/\/qingdaohf.com\/lt\/produktas\/ivores-kilpos-ideklas\/","title":{"rendered":"\u012evor\u0117s kilpos \u012fd\u0117klas"},"content":{"rendered":"<p><img fetchpriority=\"high\" decoding=\"async\" class=\"alignnone size-full wp-image-2743\" src=\"http:\/\/qingdaohf.com\/wp-content\/uploads\/2023\/01\/ferrule-loop-insert-1-2.jpg\" alt=\"\u012fvor\u0117s kilpos \u012fd\u0117klas\" width=\"1200\" height=\"668\" srcset=\"https:\/\/qingdaohf.com\/wp-content\/uploads\/2023\/01\/ferrule-loop-insert-1-2.jpg 1200w, https:\/\/qingdaohf.com\/wp-content\/uploads\/2023\/01\/ferrule-loop-insert-1-2-1000x557.jpg 1000w, https:\/\/qingdaohf.com\/wp-content\/uploads\/2023\/01\/ferrule-loop-insert-1-2-300x167.jpg 300w, https:\/\/qingdaohf.com\/wp-content\/uploads\/2023\/01\/ferrule-loop-insert-1-2-1024x570.jpg 1024w, https:\/\/qingdaohf.com\/wp-content\/uploads\/2023\/01\/ferrule-loop-insert-1-2-768x428.jpg 768w\" sizes=\"(max-width: 1200px) 100vw, 1200px\" \/><\/p>\n<p>\u012evor\u0117s kilpos \u012fd\u0117klas - tai betonin\u0117s \u012frangos tipas, naudojamas statyboje, kad u\u017etikrint\u0173 saug\u0173 \u012fvairi\u0173 tip\u0173 \u012frangos, armat\u016bros ir jungiam\u0173j\u0173 detali\u0173 tvirtinim\u0105. J\u012f sudaro metalin\u0117 kilpa, kuri betonavimo proceso metu \u012fbetonuojama \u012f betono konstrukcij\u0105, taip sukuriant tvirt\u0105 ir patikim\u0105 tvirtinimo ta\u0161k\u0105 konstrukciniams ir mechaniniams \u012frenginiams.<\/p>\n<p>\u012evor\u0117s kilpos \u012fd\u0117klas paprastai gaminamas i\u0161 didelio stiprumo, korozijai atsparaus plieno arba ner\u016bdijan\u010diojo plieno ir yra skirtas didel\u0117ms apkrovoms ir ekstremalioms s\u0105lygoms atlaikyti. Jis paprastai naudojamas tokiose srityse kaip betono formos, pakreipiamos sienos, surenkamos plok\u0161t\u0117s, tilt\u0173 deniai ir kiti konstrukciniai komponentai.<\/p>\n<p>Vienas i\u0161 svarbiausi\u0173 \"Ferrule Loop Insert\" privalum\u0173 - universalumas ir paprastas naudojimas. J\u012f galima greitai ir lengvai sumontuoti \u012f \u012fvairias betonines konstrukcijas ir naudoti \u012fvairioms apkrovoms bei tvirtinimo elementams atremti. Be to, d\u0117l savo \u017eemo profilio konstrukcijos jis yra idealus pasirinkimas tais atvejais, kai vietos yra nedaug.<\/p>\n<p>&nbsp;<\/p>","protected":false},"excerpt":{"rendered":"<p>\"Ferrule Loop Insert\" - tai universalus \u012fd\u0117klas, paprastai naudojamas konstrukcin\u0117ms jungtims ir vamzd\u017eiams ir (arba) kitai mechaninei \u012frangai kabinti.<\/p>","protected":false},"featured_media":2744,"comment_status":"open","ping_status":"closed","template":"","meta":{"site-sidebar-layout":"default","site-content-layout":"default","ast-site-content-layout":"","site-content-style":"default","site-sidebar-style":"default","ast-global-header-display":"","ast-banner-title-visibility":"","ast-main-header-display":"","ast-hfb-above-header-display":"","ast-hfb-below-header-display":"","ast-hfb-mobile-header-display":"","site-post-title":"","ast-breadcrumbs-content":"","ast-featured-img":"","footer-sml-layout":"","theme-transparent-header-meta":"default","adv-header-id-meta":"","stick-header-meta":"default","header-above-stick-meta":"","header-main-stick-meta":"","header-below-stick-meta":"","astra-migrate-meta-layouts":"default","ast-page-background-enabled":"default","ast-page-background-meta":{"desktop":{"background-color":"","background-image":"","background-repeat":"repeat","background-position":"center center","background-size":"auto","background-attachment":"scroll","background-type":"","background-media":"","overlay-type":"","overlay-color":"","overlay-opacity":"","overlay-gradient":""},"tablet":{"background-color":"","background-image":"","background-repeat":"repeat","background-position":"center center","background-size":"auto","background-attachment":"scroll","background-type":"","background-media":"","overlay-type":"","overlay-color":"","overlay-opacity":"","overlay-gradient":""},"mobile":{"background-color":"","background-image":"","background-repeat":"repeat","background-position":"center center","background-size":"auto","background-attachment":"scroll","background-type":"","background-media":"","overlay-type":"","overlay-color":"","overlay-opacity":"","overlay-gradient":""}},"ast-content-background-meta":{"desktop":{"background-color":"var(--ast-global-color-5)","background-image":"","background-repeat":"repeat","background-position":"center center","background-size":"auto","background-attachment":"scroll","background-type":"","background-media":"","overlay-type":"","overlay-color":"","overlay-opacity":"","overlay-gradient":""},"tablet":{"background-color":"var(--ast-global-color-5)","background-image":"","background-repeat":"repeat","background-position":"center center","background-size":"auto","background-attachment":"scroll","background-type":"","background-media":"","overlay-type":"","overlay-color":"","overlay-opacity":"","overlay-gradient":""},"mobile":{"background-color":"var(--ast-global-color-5)","background-image":"","background-repeat":"repeat","background-position":"center center","background-size":"auto","background-attachment":"scroll","background-type":"","background-media":"","overlay-type":"","overlay-color":"","overlay-opacity":"","overlay-gradient":""}}},"product_brand":[],"product_cat":[28],"product_tag":[],"class_list":{"0":"post-1603","1":"product","2":"type-product","3":"status-publish","4":"has-post-thumbnail","6":"product_cat-concrete-forming","7":"desktop-align-left","8":"tablet-align-left","9":"mobile-align-left","10":"ast-product-gallery-layout-horizontal-slider","11":"ast-product-tabs-layout-horizontal","13":"first","14":"instock","15":"shipping-taxable","16":"purchasable","17":"product-type-simple"},"yoast_head":"<!-- This site is optimized with the Yoast SEO plugin v25.2 - https:\/\/yoast.com\/wordpress\/plugins\/seo\/ -->\n<title>Ferrule Loop Insert<\/title>\n<meta name=\"description\" content=\"Ferrule Loop Insert is a versatile insert commonly used to make structural connections and to suspend pipes and\/or other mechanical equipment.\" \/>\n<meta name=\"robots\" content=\"index, follow, max-snippet:-1, max-image-preview:large, max-video-preview:-1\" \/>\n<link rel=\"canonical\" href=\"https:\/\/qingdaohf.com\/lt\/produktas\/ivores-kilpos-ideklas\/\" \/>\n<meta property=\"og:locale\" content=\"lt_LT\" \/>\n<meta property=\"og:type\" content=\"article\" \/>\n<meta property=\"og:title\" content=\"Ferrule Loop Insert\" \/>\n<meta property=\"og:description\" content=\"Ferrule Loop Insert is a versatile insert commonly used to make structural connections and to suspend pipes and\/or other mechanical equipment.\" \/>\n<meta property=\"og:url\" content=\"https:\/\/qingdaohf.com\/lt\/produktas\/ivores-kilpos-ideklas\/\" \/>\n<meta property=\"og:site_name\" content=\"Concrete Form &amp; Rigging Hardware Supplier\" \/>\n<meta property=\"article:publisher\" content=\"https:\/\/www.facebook.com\/qingdaohf\" \/>\n<meta property=\"article:modified_time\" content=\"2025-11-13T01:06:59+00:00\" \/>\n<meta property=\"og:image\" content=\"https:\/\/qingdaohf.com\/wp-content\/uploads\/2023\/01\/ferrule-loop-insert-13.jpg\" \/>\n\t<meta property=\"og:image:width\" content=\"1000\" \/>\n\t<meta property=\"og:image:height\" content=\"1000\" \/>\n\t<meta property=\"og:image:type\" content=\"image\/jpeg\" \/>\n<meta name=\"twitter:card\" content=\"summary_large_image\" \/>\n<meta name=\"twitter:label1\" content=\"Est. reading time\" \/>\n\t<meta name=\"twitter:data1\" content=\"1 minut\u0117\" \/>\n<script type=\"application\/ld+json\" class=\"yoast-schema-graph\">{\"@context\":\"https:\/\/schema.org\",\"@graph\":[{\"@type\":\"WebPage\",\"@id\":\"https:\/\/qingdaohf.com\/product\/ferrule-loop-insert\/\",\"url\":\"https:\/\/qingdaohf.com\/product\/ferrule-loop-insert\/\",\"name\":\"Ferrule Loop Insert\",\"isPartOf\":{\"@id\":\"https:\/\/qingdaohf.com\/bg\/#website\"},\"primaryImageOfPage\":{\"@id\":\"https:\/\/qingdaohf.com\/product\/ferrule-loop-insert\/#primaryimage\"},\"image\":{\"@id\":\"https:\/\/qingdaohf.com\/product\/ferrule-loop-insert\/#primaryimage\"},\"thumbnailUrl\":\"https:\/\/qingdaohf.com\/wp-content\/uploads\/2023\/01\/ferrule-loop-insert-13.jpg\",\"datePublished\":\"2023-01-11T03:34:16+00:00\",\"dateModified\":\"2025-11-13T01:06:59+00:00\",\"description\":\"Ferrule Loop Insert is a versatile insert commonly used to make structural connections and to suspend pipes and\/or other mechanical equipment.\",\"breadcrumb\":{\"@id\":\"https:\/\/qingdaohf.com\/product\/ferrule-loop-insert\/#breadcrumb\"},\"inLanguage\":\"lt-LT\",\"potentialAction\":[{\"@type\":\"ReadAction\",\"target\":[\"https:\/\/qingdaohf.com\/product\/ferrule-loop-insert\/\"]}]},{\"@type\":\"ImageObject\",\"inLanguage\":\"lt-LT\",\"@id\":\"https:\/\/qingdaohf.com\/product\/ferrule-loop-insert\/#primaryimage\",\"url\":\"https:\/\/qingdaohf.com\/wp-content\/uploads\/2023\/01\/ferrule-loop-insert-13.jpg\",\"contentUrl\":\"https:\/\/qingdaohf.com\/wp-content\/uploads\/2023\/01\/ferrule-loop-insert-13.jpg\",\"width\":1000,\"height\":1000,\"caption\":\"ferrule loop insert\"},{\"@type\":\"BreadcrumbList\",\"@id\":\"https:\/\/qingdaohf.com\/product\/ferrule-loop-insert\/#breadcrumb\",\"itemListElement\":[{\"@type\":\"ListItem\",\"position\":1,\"name\":\"Home\",\"item\":\"https:\/\/qingdaohf.com\/\"},{\"@type\":\"ListItem\",\"position\":2,\"name\":\"Concrete Forming Accessories and Rigging Hardware\",\"item\":\"https:\/\/qingdaohf.com\/bg\/?page_id=944\"},{\"@type\":\"ListItem\",\"position\":3,\"name\":\"Ferrule Loop Insert\"}]},{\"@type\":\"WebSite\",\"@id\":\"https:\/\/qingdaohf.com\/bg\/#website\",\"url\":\"https:\/\/qingdaohf.com\/bg\/\",\"name\":\"Concrete Form & Rigging Hardware Supplier\",\"description\":\"\",\"publisher\":{\"@id\":\"https:\/\/qingdaohf.com\/bg\/#organization\"},\"potentialAction\":[{\"@type\":\"SearchAction\",\"target\":{\"@type\":\"EntryPoint\",\"urlTemplate\":\"https:\/\/qingdaohf.com\/bg\/?s={search_term_string}\"},\"query-input\":{\"@type\":\"PropertyValueSpecification\",\"valueRequired\":true,\"valueName\":\"search_term_string\"}}],\"inLanguage\":\"lt-LT\"},{\"@type\":\"Organization\",\"@id\":\"https:\/\/qingdaohf.com\/bg\/#organization\",\"name\":\"Qingdao H&F\",\"url\":\"https:\/\/qingdaohf.com\/bg\/\",\"logo\":{\"@type\":\"ImageObject\",\"inLanguage\":\"lt-LT\",\"@id\":\"https:\/\/qingdaohf.com\/bg\/#\/schema\/logo\/image\/\",\"url\":\"https:\/\/qingdaohf.com\/wp-content\/uploads\/2022\/12\/cropped-HF-LOGO.png\",\"contentUrl\":\"https:\/\/qingdaohf.com\/wp-content\/uploads\/2022\/12\/cropped-HF-LOGO.png\",\"width\":391,\"height\":249,\"caption\":\"Qingdao H&F\"},\"image\":{\"@id\":\"https:\/\/qingdaohf.com\/bg\/#\/schema\/logo\/image\/\"},\"sameAs\":[\"https:\/\/www.facebook.com\/qingdaohf\"]}]}<\/script>\n<!-- \/ Yoast SEO plugin. -->","yoast_head_json":{"title":"Ferrule Loop Insert","description":"Ferrule Loop Insert is a versatile insert commonly used to make structural connections and to suspend pipes and\/or other mechanical equipment.","robots":{"index":"index","follow":"follow","max-snippet":"max-snippet:-1","max-image-preview":"max-image-preview:large","max-video-preview":"max-video-preview:-1"},"canonical":"https:\/\/qingdaohf.com\/lt\/produktas\/ivores-kilpos-ideklas\/","og_locale":"lt_LT","og_type":"article","og_title":"Ferrule Loop Insert","og_description":"Ferrule Loop Insert is a versatile insert commonly used to make structural connections and to suspend pipes and\/or other mechanical equipment.","og_url":"https:\/\/qingdaohf.com\/lt\/produktas\/ivores-kilpos-ideklas\/","og_site_name":"Concrete Form &amp; Rigging Hardware Supplier","article_publisher":"https:\/\/www.facebook.com\/qingdaohf","article_modified_time":"2025-11-13T01:06:59+00:00","og_image":[{"width":1000,"height":1000,"url":"https:\/\/qingdaohf.com\/wp-content\/uploads\/2023\/01\/ferrule-loop-insert-13.jpg","type":"image\/jpeg"}],"twitter_card":"summary_large_image","twitter_misc":{"Est. reading time":"1 minut\u0117"},"schema":{"@context":"https:\/\/schema.org","@graph":[{"@type":"WebPage","@id":"https:\/\/qingdaohf.com\/product\/ferrule-loop-insert\/","url":"https:\/\/qingdaohf.com\/product\/ferrule-loop-insert\/","name":"Ferrule Loop Insert","isPartOf":{"@id":"https:\/\/qingdaohf.com\/bg\/#website"},"primaryImageOfPage":{"@id":"https:\/\/qingdaohf.com\/product\/ferrule-loop-insert\/#primaryimage"},"image":{"@id":"https:\/\/qingdaohf.com\/product\/ferrule-loop-insert\/#primaryimage"},"thumbnailUrl":"https:\/\/qingdaohf.com\/wp-content\/uploads\/2023\/01\/ferrule-loop-insert-13.jpg","datePublished":"2023-01-11T03:34:16+00:00","dateModified":"2025-11-13T01:06:59+00:00","description":"Ferrule Loop Insert is a versatile insert commonly used to make structural connections and to suspend pipes and\/or other mechanical equipment.","breadcrumb":{"@id":"https:\/\/qingdaohf.com\/product\/ferrule-loop-insert\/#breadcrumb"},"inLanguage":"lt-LT","potentialAction":[{"@type":"ReadAction","target":["https:\/\/qingdaohf.com\/product\/ferrule-loop-insert\/"]}]},{"@type":"ImageObject","inLanguage":"lt-LT","@id":"https:\/\/qingdaohf.com\/product\/ferrule-loop-insert\/#primaryimage","url":"https:\/\/qingdaohf.com\/wp-content\/uploads\/2023\/01\/ferrule-loop-insert-13.jpg","contentUrl":"https:\/\/qingdaohf.com\/wp-content\/uploads\/2023\/01\/ferrule-loop-insert-13.jpg","width":1000,"height":1000,"caption":"ferrule loop insert"},{"@type":"BreadcrumbList","@id":"https:\/\/qingdaohf.com\/product\/ferrule-loop-insert\/#breadcrumb","itemListElement":[{"@type":"ListItem","position":1,"name":"Home","item":"https:\/\/qingdaohf.com\/"},{"@type":"ListItem","position":2,"name":"Concrete Forming Accessories and Rigging Hardware","item":"https:\/\/qingdaohf.com\/bg\/?page_id=944"},{"@type":"ListItem","position":3,"name":"Ferrule Loop Insert"}]},{"@type":"WebSite","@id":"https:\/\/qingdaohf.com\/bg\/#website","url":"https:\/\/qingdaohf.com\/bg\/","name":"Concrete Form & Rigging Hardware Supplier","description":"","publisher":{"@id":"https:\/\/qingdaohf.com\/bg\/#organization"},"potentialAction":[{"@type":"SearchAction","target":{"@type":"EntryPoint","urlTemplate":"https:\/\/qingdaohf.com\/bg\/?s={search_term_string}"},"query-input":{"@type":"PropertyValueSpecification","valueRequired":true,"valueName":"search_term_string"}}],"inLanguage":"lt-LT"},{"@type":"Organization","@id":"https:\/\/qingdaohf.com\/bg\/#organization","name":"Qingdao H&F","url":"https:\/\/qingdaohf.com\/bg\/","logo":{"@type":"ImageObject","inLanguage":"lt-LT","@id":"https:\/\/qingdaohf.com\/bg\/#\/schema\/logo\/image\/","url":"https:\/\/qingdaohf.com\/wp-content\/uploads\/2022\/12\/cropped-HF-LOGO.png","contentUrl":"https:\/\/qingdaohf.com\/wp-content\/uploads\/2022\/12\/cropped-HF-LOGO.png","width":391,"height":249,"caption":"Qingdao H&F"},"image":{"@id":"https:\/\/qingdaohf.com\/bg\/#\/schema\/logo\/image\/"},"sameAs":["https:\/\/www.facebook.com\/qingdaohf"]}]}},"_links":{"self":[{"href":"https:\/\/qingdaohf.com\/lt\/wp-json\/wp\/v2\/product\/1603","targetHints":{"allow":["GET"]}}],"collection":[{"href":"https:\/\/qingdaohf.com\/lt\/wp-json\/wp\/v2\/product"}],"about":[{"href":"https:\/\/qingdaohf.com\/lt\/wp-json\/wp\/v2\/types\/product"}],"replies":[{"embeddable":true,"href":"https:\/\/qingdaohf.com\/lt\/wp-json\/wp\/v2\/comments?post=1603"}],"version-history":[{"count":2,"href":"https:\/\/qingdaohf.com\/lt\/wp-json\/wp\/v2\/product\/1603\/revisions"}],"predecessor-version":[{"id":10473,"href":"https:\/\/qingdaohf.com\/lt\/wp-json\/wp\/v2\/product\/1603\/revisions\/10473"}],"wp:featuredmedia":[{"embeddable":true,"href":"https:\/\/qingdaohf.com\/lt\/wp-json\/wp\/v2\/media\/2744"}],"wp:attachment":[{"href":"https:\/\/qingdaohf.com\/lt\/wp-json\/wp\/v2\/media?parent=1603"}],"wp:term":[{"taxonomy":"product_brand","embeddable":true,"href":"https:\/\/qingdaohf.com\/lt\/wp-json\/wp\/v2\/product_brand?post=1603"},{"taxonomy":"product_cat","embeddable":true,"href":"https:\/\/qingdaohf.com\/lt\/wp-json\/wp\/v2\/product_cat?post=1603"},{"taxonomy":"product_tag","embeddable":true,"href":"https:\/\/qingdaohf.com\/lt\/wp-json\/wp\/v2\/product_tag?post=1603"}],"curies":[{"name":"wp","href":"https:\/\/api.w.org\/{rel}","templated":true}]}}