{"id":1678,"date":"2023-01-12T11:29:16","date_gmt":"2023-01-12T03:29:16","guid":{"rendered":"http:\/\/qingdaohf.com\/?post_type=product&#038;p=1678"},"modified":"2025-11-13T09:06:58","modified_gmt":"2025-11-13T01:06:58","slug":"thin-slab-l-leg-coil-insert","status":"publish","type":"product","link":"https:\/\/qingdaohf.com\/lt\/produktas\/plonos-plokstes-l-kojos-rites-ideklas\/","title":{"rendered":"L koj\u0173 \u012fvori\u0173 \u012fd\u0117klai"},"content":{"rendered":"<p><img fetchpriority=\"high\" decoding=\"async\" class=\"alignnone size-full wp-image-2836\" src=\"http:\/\/qingdaohf.com\/wp-content\/uploads\/2023\/01\/L-Leg-coil-insert-1.jpg\" alt=\"L Kojos rit\u0117s \u012fd\u0117klas\" width=\"1200\" height=\"724\" srcset=\"https:\/\/qingdaohf.com\/wp-content\/uploads\/2023\/01\/L-Leg-coil-insert-1.jpg 1200w, https:\/\/qingdaohf.com\/wp-content\/uploads\/2023\/01\/L-Leg-coil-insert-1-300x181.jpg 300w, https:\/\/qingdaohf.com\/wp-content\/uploads\/2023\/01\/L-Leg-coil-insert-1-1024x618.jpg 1024w, https:\/\/qingdaohf.com\/wp-content\/uploads\/2023\/01\/L-Leg-coil-insert-1-768x463.jpg 768w, https:\/\/qingdaohf.com\/wp-content\/uploads\/2023\/01\/L-Leg-coil-insert-1-1000x603.jpg 1000w\" sizes=\"(max-width: 1200px) 100vw, 1200px\" \/><\/p>\n<p>L formos kojeli\u0173 \u012fd\u0117klai yra svarbus komponentas, naudojamas betonui formuoti. Jie paprastai gaminami i\u0161 plieno ir \u012fstatomi \u012f betono klojiniuose i\u0161gr\u0119\u017etas skyles. L formos koj\u0173 \u012fvor\u0117s yra saugus ir stabilus tvirtinimo ta\u0161kas klojini\u0173 s\u0105var\u017eoms, kurios naudojamos klojiniams laikyti betono liejimo ir stingimo metu.<\/p>\n<p>L formos kojeli\u0173 \u012fd\u0117klai turi L formos kojel\u0119, kuri \u012fstatoma \u012f i\u0161gr\u0119\u017et\u0105 skyl\u0119 ir pritvirtinama plei\u0161tu. Taip sukuriama tvirta ir saugi \u012fd\u0117klo ir betono klojini\u0173 jungtis.<\/p>\n<p>L formos kojeli\u0173 \u012fd\u0117klai yra \u012fvairi\u0173 dyd\u017ei\u0173 ir ilgi\u0173, kad juos b\u016bt\u0173 galima pritaikyti prie \u012fvairaus storio betono form\u0173. Paprastai jie naudojami kartu su kitais klojini\u0173 komponentais, tokiais kaip klojini\u0173 rai\u0161\u010diai, klojini\u0173 atlaisvinimo priemon\u0117s ir u\u017espaud\u017eiami rai\u0161\u010diai, kad b\u016bt\u0173 sukurta i\u0161baigta ir saugi betonini\u0173 konstrukcij\u0173 klojini\u0173 sistema.<\/p>","protected":false},"excerpt":{"rendered":"<p>Rit\u0117s \u012fd\u0117klas L-Leg. L formos konstrukcija, skirta plonoms betono plok\u0161t\u0117ms ir \u0161aligatvio dangos keitimo atkarpoms tvarkyti. - Keturi\u0173 kojeli\u0173 konstrukcija apkrovai paskirstyti.<\/p>","protected":false},"featured_media":2837,"comment_status":"open","ping_status":"closed","template":"","meta":{"site-sidebar-layout":"default","site-content-layout":"default","ast-site-content-layout":"","site-content-style":"default","site-sidebar-style":"default","ast-global-header-display":"","ast-banner-title-visibility":"","ast-main-header-display":"","ast-hfb-above-header-display":"","ast-hfb-below-header-display":"","ast-hfb-mobile-header-display":"","site-post-title":"","ast-breadcrumbs-content":"","ast-featured-img":"","footer-sml-layout":"","theme-transparent-header-meta":"default","adv-header-id-meta":"","stick-header-meta":"default","header-above-stick-meta":"","header-main-stick-meta":"","header-below-stick-meta":"","astra-migrate-meta-layouts":"default","ast-page-background-enabled":"default","ast-page-background-meta":{"desktop":{"background-color":"","background-image":"","background-repeat":"repeat","background-position":"center center","background-size":"auto","background-attachment":"scroll","background-type":"","background-media":"","overlay-type":"","overlay-color":"","overlay-opacity":"","overlay-gradient":""},"tablet":{"background-color":"","background-image":"","background-repeat":"repeat","background-position":"center center","background-size":"auto","background-attachment":"scroll","background-type":"","background-media":"","overlay-type":"","overlay-color":"","overlay-opacity":"","overlay-gradient":""},"mobile":{"background-color":"","background-image":"","background-repeat":"repeat","background-position":"center center","background-size":"auto","background-attachment":"scroll","background-type":"","background-media":"","overlay-type":"","overlay-color":"","overlay-opacity":"","overlay-gradient":""}},"ast-content-background-meta":{"desktop":{"background-color":"var(--ast-global-color-5)","background-image":"","background-repeat":"repeat","background-position":"center center","background-size":"auto","background-attachment":"scroll","background-type":"","background-media":"","overlay-type":"","overlay-color":"","overlay-opacity":"","overlay-gradient":""},"tablet":{"background-color":"var(--ast-global-color-5)","background-image":"","background-repeat":"repeat","background-position":"center center","background-size":"auto","background-attachment":"scroll","background-type":"","background-media":"","overlay-type":"","overlay-color":"","overlay-opacity":"","overlay-gradient":""},"mobile":{"background-color":"var(--ast-global-color-5)","background-image":"","background-repeat":"repeat","background-position":"center center","background-size":"auto","background-attachment":"scroll","background-type":"","background-media":"","overlay-type":"","overlay-color":"","overlay-opacity":"","overlay-gradient":""}}},"product_brand":[],"product_cat":[28],"product_tag":[],"class_list":{"0":"post-1678","1":"product","2":"type-product","3":"status-publish","4":"has-post-thumbnail","6":"product_cat-concrete-forming","7":"desktop-align-left","8":"tablet-align-left","9":"mobile-align-left","10":"ast-product-gallery-layout-horizontal-slider","11":"ast-product-tabs-layout-horizontal","13":"first","14":"instock","15":"shipping-taxable","16":"purchasable","17":"product-type-simple"},"yoast_head":"<!-- This site is optimized with the Yoast SEO plugin v25.2 - https:\/\/yoast.com\/wordpress\/plugins\/seo\/ -->\n<title>L Leg Ferrule Inserts<\/title>\n<meta name=\"description\" content=\"Coil Insert L-Leg. L-shaped design for handling thin concrete slabs and pavement replacement sections. Four leg designs to spread load.\" \/>\n<meta name=\"robots\" content=\"index, follow, max-snippet:-1, max-image-preview:large, max-video-preview:-1\" \/>\n<link rel=\"canonical\" href=\"https:\/\/qingdaohf.com\/lt\/produktas\/plonos-plokstes-l-kojos-rites-ideklas\/\" \/>\n<meta property=\"og:locale\" content=\"lt_LT\" \/>\n<meta property=\"og:type\" content=\"article\" \/>\n<meta property=\"og:title\" content=\"L Leg Ferrule Inserts\" \/>\n<meta property=\"og:description\" content=\"Coil Insert L-Leg. L-shaped design for handling thin concrete slabs and pavement replacement sections. Four leg designs to spread load.\" \/>\n<meta property=\"og:url\" content=\"https:\/\/qingdaohf.com\/lt\/produktas\/plonos-plokstes-l-kojos-rites-ideklas\/\" \/>\n<meta property=\"og:site_name\" content=\"Concrete Form &amp; Rigging Hardware Supplier\" \/>\n<meta property=\"article:publisher\" content=\"https:\/\/www.facebook.com\/qingdaohf\" \/>\n<meta property=\"article:modified_time\" content=\"2025-11-13T01:06:58+00:00\" \/>\n<meta property=\"og:image\" content=\"https:\/\/qingdaohf.com\/wp-content\/uploads\/2023\/01\/L-Leg-coil-insert-2.jpg\" \/>\n\t<meta property=\"og:image:width\" content=\"1000\" \/>\n\t<meta property=\"og:image:height\" content=\"1000\" \/>\n\t<meta property=\"og:image:type\" content=\"image\/jpeg\" \/>\n<meta name=\"twitter:card\" content=\"summary_large_image\" \/>\n<meta name=\"twitter:label1\" content=\"Est. reading time\" \/>\n\t<meta name=\"twitter:data1\" content=\"1 minut\u0117\" \/>\n<script type=\"application\/ld+json\" class=\"yoast-schema-graph\">{\"@context\":\"https:\/\/schema.org\",\"@graph\":[{\"@type\":\"WebPage\",\"@id\":\"https:\/\/qingdaohf.com\/product\/thin-slab-l-leg-coil-insert\/\",\"url\":\"https:\/\/qingdaohf.com\/product\/thin-slab-l-leg-coil-insert\/\",\"name\":\"L Leg Ferrule Inserts\",\"isPartOf\":{\"@id\":\"https:\/\/qingdaohf.com\/bg\/#website\"},\"primaryImageOfPage\":{\"@id\":\"https:\/\/qingdaohf.com\/product\/thin-slab-l-leg-coil-insert\/#primaryimage\"},\"image\":{\"@id\":\"https:\/\/qingdaohf.com\/product\/thin-slab-l-leg-coil-insert\/#primaryimage\"},\"thumbnailUrl\":\"https:\/\/qingdaohf.com\/wp-content\/uploads\/2023\/01\/L-Leg-coil-insert-2.jpg\",\"datePublished\":\"2023-01-12T03:29:16+00:00\",\"dateModified\":\"2025-11-13T01:06:58+00:00\",\"description\":\"Coil Insert L-Leg. L-shaped design for handling thin concrete slabs and pavement replacement sections. Four leg designs to spread load.\",\"breadcrumb\":{\"@id\":\"https:\/\/qingdaohf.com\/product\/thin-slab-l-leg-coil-insert\/#breadcrumb\"},\"inLanguage\":\"lt-LT\",\"potentialAction\":[{\"@type\":\"ReadAction\",\"target\":[\"https:\/\/qingdaohf.com\/product\/thin-slab-l-leg-coil-insert\/\"]}]},{\"@type\":\"ImageObject\",\"inLanguage\":\"lt-LT\",\"@id\":\"https:\/\/qingdaohf.com\/product\/thin-slab-l-leg-coil-insert\/#primaryimage\",\"url\":\"https:\/\/qingdaohf.com\/wp-content\/uploads\/2023\/01\/L-Leg-coil-insert-2.jpg\",\"contentUrl\":\"https:\/\/qingdaohf.com\/wp-content\/uploads\/2023\/01\/L-Leg-coil-insert-2.jpg\",\"width\":1000,\"height\":1000,\"caption\":\"L Leg coil insert\"},{\"@type\":\"BreadcrumbList\",\"@id\":\"https:\/\/qingdaohf.com\/product\/thin-slab-l-leg-coil-insert\/#breadcrumb\",\"itemListElement\":[{\"@type\":\"ListItem\",\"position\":1,\"name\":\"Home\",\"item\":\"https:\/\/qingdaohf.com\/\"},{\"@type\":\"ListItem\",\"position\":2,\"name\":\"Concrete Forming Accessories and Rigging Hardware\",\"item\":\"https:\/\/qingdaohf.com\/bg\/?page_id=944\"},{\"@type\":\"ListItem\",\"position\":3,\"name\":\"L Leg Ferrule Inserts\"}]},{\"@type\":\"WebSite\",\"@id\":\"https:\/\/qingdaohf.com\/bg\/#website\",\"url\":\"https:\/\/qingdaohf.com\/bg\/\",\"name\":\"Concrete Form & Rigging Hardware Supplier\",\"description\":\"\",\"publisher\":{\"@id\":\"https:\/\/qingdaohf.com\/bg\/#organization\"},\"potentialAction\":[{\"@type\":\"SearchAction\",\"target\":{\"@type\":\"EntryPoint\",\"urlTemplate\":\"https:\/\/qingdaohf.com\/bg\/?s={search_term_string}\"},\"query-input\":{\"@type\":\"PropertyValueSpecification\",\"valueRequired\":true,\"valueName\":\"search_term_string\"}}],\"inLanguage\":\"lt-LT\"},{\"@type\":\"Organization\",\"@id\":\"https:\/\/qingdaohf.com\/bg\/#organization\",\"name\":\"Qingdao H&F\",\"url\":\"https:\/\/qingdaohf.com\/bg\/\",\"logo\":{\"@type\":\"ImageObject\",\"inLanguage\":\"lt-LT\",\"@id\":\"https:\/\/qingdaohf.com\/bg\/#\/schema\/logo\/image\/\",\"url\":\"https:\/\/qingdaohf.com\/wp-content\/uploads\/2022\/12\/cropped-HF-LOGO.png\",\"contentUrl\":\"https:\/\/qingdaohf.com\/wp-content\/uploads\/2022\/12\/cropped-HF-LOGO.png\",\"width\":391,\"height\":249,\"caption\":\"Qingdao H&F\"},\"image\":{\"@id\":\"https:\/\/qingdaohf.com\/bg\/#\/schema\/logo\/image\/\"},\"sameAs\":[\"https:\/\/www.facebook.com\/qingdaohf\"]}]}<\/script>\n<!-- \/ Yoast SEO plugin. -->","yoast_head_json":{"title":"L Leg Ferrule Inserts","description":"Coil Insert L-Leg. L-shaped design for handling thin concrete slabs and pavement replacement sections. Four leg designs to spread load.","robots":{"index":"index","follow":"follow","max-snippet":"max-snippet:-1","max-image-preview":"max-image-preview:large","max-video-preview":"max-video-preview:-1"},"canonical":"https:\/\/qingdaohf.com\/lt\/produktas\/plonos-plokstes-l-kojos-rites-ideklas\/","og_locale":"lt_LT","og_type":"article","og_title":"L Leg Ferrule Inserts","og_description":"Coil Insert L-Leg. L-shaped design for handling thin concrete slabs and pavement replacement sections. Four leg designs to spread load.","og_url":"https:\/\/qingdaohf.com\/lt\/produktas\/plonos-plokstes-l-kojos-rites-ideklas\/","og_site_name":"Concrete Form &amp; Rigging Hardware Supplier","article_publisher":"https:\/\/www.facebook.com\/qingdaohf","article_modified_time":"2025-11-13T01:06:58+00:00","og_image":[{"width":1000,"height":1000,"url":"https:\/\/qingdaohf.com\/wp-content\/uploads\/2023\/01\/L-Leg-coil-insert-2.jpg","type":"image\/jpeg"}],"twitter_card":"summary_large_image","twitter_misc":{"Est. reading time":"1 minut\u0117"},"schema":{"@context":"https:\/\/schema.org","@graph":[{"@type":"WebPage","@id":"https:\/\/qingdaohf.com\/product\/thin-slab-l-leg-coil-insert\/","url":"https:\/\/qingdaohf.com\/product\/thin-slab-l-leg-coil-insert\/","name":"L Leg Ferrule Inserts","isPartOf":{"@id":"https:\/\/qingdaohf.com\/bg\/#website"},"primaryImageOfPage":{"@id":"https:\/\/qingdaohf.com\/product\/thin-slab-l-leg-coil-insert\/#primaryimage"},"image":{"@id":"https:\/\/qingdaohf.com\/product\/thin-slab-l-leg-coil-insert\/#primaryimage"},"thumbnailUrl":"https:\/\/qingdaohf.com\/wp-content\/uploads\/2023\/01\/L-Leg-coil-insert-2.jpg","datePublished":"2023-01-12T03:29:16+00:00","dateModified":"2025-11-13T01:06:58+00:00","description":"Coil Insert L-Leg. L-shaped design for handling thin concrete slabs and pavement replacement sections. Four leg designs to spread load.","breadcrumb":{"@id":"https:\/\/qingdaohf.com\/product\/thin-slab-l-leg-coil-insert\/#breadcrumb"},"inLanguage":"lt-LT","potentialAction":[{"@type":"ReadAction","target":["https:\/\/qingdaohf.com\/product\/thin-slab-l-leg-coil-insert\/"]}]},{"@type":"ImageObject","inLanguage":"lt-LT","@id":"https:\/\/qingdaohf.com\/product\/thin-slab-l-leg-coil-insert\/#primaryimage","url":"https:\/\/qingdaohf.com\/wp-content\/uploads\/2023\/01\/L-Leg-coil-insert-2.jpg","contentUrl":"https:\/\/qingdaohf.com\/wp-content\/uploads\/2023\/01\/L-Leg-coil-insert-2.jpg","width":1000,"height":1000,"caption":"L Leg coil insert"},{"@type":"BreadcrumbList","@id":"https:\/\/qingdaohf.com\/product\/thin-slab-l-leg-coil-insert\/#breadcrumb","itemListElement":[{"@type":"ListItem","position":1,"name":"Home","item":"https:\/\/qingdaohf.com\/"},{"@type":"ListItem","position":2,"name":"Concrete Forming Accessories and Rigging Hardware","item":"https:\/\/qingdaohf.com\/bg\/?page_id=944"},{"@type":"ListItem","position":3,"name":"L Leg Ferrule Inserts"}]},{"@type":"WebSite","@id":"https:\/\/qingdaohf.com\/bg\/#website","url":"https:\/\/qingdaohf.com\/bg\/","name":"Concrete Form & Rigging Hardware Supplier","description":"","publisher":{"@id":"https:\/\/qingdaohf.com\/bg\/#organization"},"potentialAction":[{"@type":"SearchAction","target":{"@type":"EntryPoint","urlTemplate":"https:\/\/qingdaohf.com\/bg\/?s={search_term_string}"},"query-input":{"@type":"PropertyValueSpecification","valueRequired":true,"valueName":"search_term_string"}}],"inLanguage":"lt-LT"},{"@type":"Organization","@id":"https:\/\/qingdaohf.com\/bg\/#organization","name":"Qingdao H&F","url":"https:\/\/qingdaohf.com\/bg\/","logo":{"@type":"ImageObject","inLanguage":"lt-LT","@id":"https:\/\/qingdaohf.com\/bg\/#\/schema\/logo\/image\/","url":"https:\/\/qingdaohf.com\/wp-content\/uploads\/2022\/12\/cropped-HF-LOGO.png","contentUrl":"https:\/\/qingdaohf.com\/wp-content\/uploads\/2022\/12\/cropped-HF-LOGO.png","width":391,"height":249,"caption":"Qingdao H&F"},"image":{"@id":"https:\/\/qingdaohf.com\/bg\/#\/schema\/logo\/image\/"},"sameAs":["https:\/\/www.facebook.com\/qingdaohf"]}]}},"_links":{"self":[{"href":"https:\/\/qingdaohf.com\/lt\/wp-json\/wp\/v2\/product\/1678","targetHints":{"allow":["GET"]}}],"collection":[{"href":"https:\/\/qingdaohf.com\/lt\/wp-json\/wp\/v2\/product"}],"about":[{"href":"https:\/\/qingdaohf.com\/lt\/wp-json\/wp\/v2\/types\/product"}],"replies":[{"embeddable":true,"href":"https:\/\/qingdaohf.com\/lt\/wp-json\/wp\/v2\/comments?post=1678"}],"version-history":[{"count":2,"href":"https:\/\/qingdaohf.com\/lt\/wp-json\/wp\/v2\/product\/1678\/revisions"}],"predecessor-version":[{"id":10471,"href":"https:\/\/qingdaohf.com\/lt\/wp-json\/wp\/v2\/product\/1678\/revisions\/10471"}],"wp:featuredmedia":[{"embeddable":true,"href":"https:\/\/qingdaohf.com\/lt\/wp-json\/wp\/v2\/media\/2837"}],"wp:attachment":[{"href":"https:\/\/qingdaohf.com\/lt\/wp-json\/wp\/v2\/media?parent=1678"}],"wp:term":[{"taxonomy":"product_brand","embeddable":true,"href":"https:\/\/qingdaohf.com\/lt\/wp-json\/wp\/v2\/product_brand?post=1678"},{"taxonomy":"product_cat","embeddable":true,"href":"https:\/\/qingdaohf.com\/lt\/wp-json\/wp\/v2\/product_cat?post=1678"},{"taxonomy":"product_tag","embeddable":true,"href":"https:\/\/qingdaohf.com\/lt\/wp-json\/wp\/v2\/product_tag?post=1678"}],"curies":[{"name":"wp","href":"https:\/\/api.w.org\/{rel}","templated":true}]}}