{"id":1719,"date":"2023-01-15T15:37:57","date_gmt":"2023-01-15T07:37:57","guid":{"rendered":"http:\/\/qingdaohf.com\/?post_type=product&#038;p=1719"},"modified":"2025-11-13T09:06:56","modified_gmt":"2025-11-13T01:06:56","slug":"jahn-a-bracket","status":"publish","type":"product","link":"https:\/\/qingdaohf.com\/lt\/produktas\/laikiklis-su-kronsteinu\/","title":{"rendered":"Jahn A kron\u0161teinas Jahn C kron\u0161teinas"},"content":{"rendered":"<p>\"Snap Tie\" plei\u0161tas ir \"Jahn A\" laikiklis \"Jahn C\" laikiklis<\/p>\n<p><span style=\"font-size: 16px;\">\"Jahn A\" laikiklis yra i\u0161 plieno pagamintas sunkus laikiklis, naudojamas betonini\u0173 konstrukcij\u0173 horizontalioms ir vertikalioms formoms paremti. Jis turi speciali\u0105 funkcij\u0105 - fiksavimo mechanizm\u0105, kuris leid\u017eia lengvai ir greitai reguliuoti kron\u0161teino pad\u0117t\u012f montuojant klojinius.<\/span><\/p>\n<p><img fetchpriority=\"high\" decoding=\"async\" class=\"alignnone wp-image-8664 size-large\" src=\"http:\/\/qingdaohf.com\/wp-content\/uploads\/2023\/01\/jahn-a-bracket-2-1024x768.webp\" alt=\"laikiklis su kron\u0161teinu \" width=\"1024\" height=\"768\" srcset=\"https:\/\/qingdaohf.com\/wp-content\/uploads\/2023\/01\/jahn-a-bracket-2-1024x768.webp 1024w, https:\/\/qingdaohf.com\/wp-content\/uploads\/2023\/01\/jahn-a-bracket-2-300x225.webp 300w, https:\/\/qingdaohf.com\/wp-content\/uploads\/2023\/01\/jahn-a-bracket-2-768x576.webp 768w, https:\/\/qingdaohf.com\/wp-content\/uploads\/2023\/01\/jahn-a-bracket-2-1536x1152.webp 1536w, https:\/\/qingdaohf.com\/wp-content\/uploads\/2023\/01\/jahn-a-bracket-2-2048x1536.webp 2048w, https:\/\/qingdaohf.com\/wp-content\/uploads\/2023\/01\/jahn-a-bracket-2-16x12.webp 16w, https:\/\/qingdaohf.com\/wp-content\/uploads\/2023\/01\/jahn-a-bracket-2-1000x750.webp 1000w\" sizes=\"(max-width: 1024px) 100vw, 1024px\" \/><\/p>\n<p>Kita vertus, \"Jahn C\" laikiklis pagamintas i\u0161 aliuminio ir skirtas naudoti su \"Jahn\" klojini\u0173 sistema. Palyginti su \"Jahn A\" kron\u0161teinu, jis yra lengvesnis ir su juo lengva dirbti. Jahn C kron\u0161teinas idealiai tinka ma\u017eesniems betono klojini\u0173 projektams.<\/p>\n<p>\"Jahn A\" ir \"Jahn C\" kron\u0161teinai yra universal\u016bs ir gali b\u016bti naudojami \u012fvairiose betono formavimo srityse. Jie yra patvar\u016bs, daugkartinio naudojimo ir gali atlaikyti dideles apkrovas bei spaudim\u0105 betonavimo procese. Be to, juos lengva sumontuoti ir nuimti, tod\u0117l jie yra populiarus statybos specialist\u0173 pasirinkimas.<\/p>\n<div class=\"ast-oembed-container\" style=\"height: 100%;\"><iframe title=\"Jahn A Bracket for Wall Forming System\" width=\"500\" height=\"281\" src=\"https:\/\/www.youtube.com\/embed\/WnvqgfDVL7o?feature=oembed\" frameborder=\"0\" allow=\"accelerometer; autoplay; clipboard-write; encrypted-media; gyroscope; picture-in-picture; web-share\" referrerpolicy=\"strict-origin-when-cross-origin\" allowfullscreen><\/iframe><\/div>\n<h3><a href=\"https:\/\/qingdaohf.com\/lt\/produktas\/uzrisamas-kaklaraistis\/\">Betoninis Snpa kaklarai\u0161tis<\/a><\/h3>\n<p>\u2460 4-3\/4\" galas su 1 \"x1\" plastikiniu k\u016bgiu ir \u0161e\u0161iakampe galvute * sienel\u0117s dydis nuo 6\" iki 72\" pagal j\u016bs\u0173 reikalavimus.<\/p>\n<p>\u2461 8-1\/4\" galas su 1 \"x1\" plastikiniu k\u016bgiu ir \u0161e\u0161iakampe galvute * sienel\u0117s dydis nuo 6\" iki 72\" pagal j\u016bs\u0173 reikalavimus.<\/p>\n<p>6\u2033-24\u2033 Snap kaklarai\u0161tis su trumpuoju galu<\/p>\n<p>6\u2033-24\u2033 Snap kaklarai\u0161tis su ilguoju galu<\/p>","protected":false},"excerpt":{"rendered":"<p>\"Jahn A\" kron\u0161teinas ir \"Jahn C\" kron\u0161teinas - tai dviej\u0173 tip\u0173 kron\u0161teinai, naudojami betonuojant. Jie skirti u\u017etikrinti tvirt\u0105 ir stabil\u0173 ry\u0161\u012f tarp form\u0173 ir atramin\u0117s konstrukcijos betono liejimo proceso metu.<\/p>","protected":false},"featured_media":2830,"comment_status":"open","ping_status":"closed","template":"","meta":{"site-sidebar-layout":"default","site-content-layout":"default","ast-site-content-layout":"default","site-content-style":"default","site-sidebar-style":"default","ast-global-header-display":"","ast-banner-title-visibility":"","ast-main-header-display":"","ast-hfb-above-header-display":"","ast-hfb-below-header-display":"","ast-hfb-mobile-header-display":"","site-post-title":"","ast-breadcrumbs-content":"","ast-featured-img":"","footer-sml-layout":"","theme-transparent-header-meta":"default","adv-header-id-meta":"","stick-header-meta":"default","header-above-stick-meta":"","header-main-stick-meta":"","header-below-stick-meta":"","astra-migrate-meta-layouts":"set","ast-page-background-enabled":"default","ast-page-background-meta":{"desktop":{"background-color":"","background-image":"","background-repeat":"repeat","background-position":"center center","background-size":"auto","background-attachment":"scroll","background-type":"","background-media":"","overlay-type":"","overlay-color":"","overlay-opacity":"","overlay-gradient":""},"tablet":{"background-color":"","background-image":"","background-repeat":"repeat","background-position":"center center","background-size":"auto","background-attachment":"scroll","background-type":"","background-media":"","overlay-type":"","overlay-color":"","overlay-opacity":"","overlay-gradient":""},"mobile":{"background-color":"","background-image":"","background-repeat":"repeat","background-position":"center center","background-size":"auto","background-attachment":"scroll","background-type":"","background-media":"","overlay-type":"","overlay-color":"","overlay-opacity":"","overlay-gradient":""}},"ast-content-background-meta":{"desktop":{"background-color":"var(--ast-global-color-5)","background-image":"","background-repeat":"repeat","background-position":"center center","background-size":"auto","background-attachment":"scroll","background-type":"","background-media":"","overlay-type":"","overlay-color":"","overlay-opacity":"","overlay-gradient":""},"tablet":{"background-color":"var(--ast-global-color-5)","background-image":"","background-repeat":"repeat","background-position":"center center","background-size":"auto","background-attachment":"scroll","background-type":"","background-media":"","overlay-type":"","overlay-color":"","overlay-opacity":"","overlay-gradient":""},"mobile":{"background-color":"var(--ast-global-color-5)","background-image":"","background-repeat":"repeat","background-position":"center center","background-size":"auto","background-attachment":"scroll","background-type":"","background-media":"","overlay-type":"","overlay-color":"","overlay-opacity":"","overlay-gradient":""}}},"product_brand":[],"product_cat":[50,20,63],"product_tag":[],"class_list":{"0":"post-1719","1":"product","2":"type-product","3":"status-publish","4":"has-post-thumbnail","6":"product_cat-concrete-form-accessories","7":"product_cat-concrete-wall-tie","8":"product_cat-concrete-snap-tie","9":"desktop-align-left","10":"tablet-align-left","11":"mobile-align-left","12":"ast-product-gallery-layout-horizontal-slider","13":"ast-product-tabs-layout-horizontal","15":"first","16":"instock","17":"featured","18":"shipping-taxable","19":"purchasable","20":"product-type-simple"},"yoast_head":"<!-- This site is optimized with the Yoast SEO plugin v25.2 - https:\/\/yoast.com\/wordpress\/plugins\/seo\/ -->\n<title>Jahn A Bracket Jahn C Bracket<\/title>\n<meta name=\"description\" content=\"Jahn A Bracket \u3001Jahn C Bracket system, used for retaining and standard walls.\" \/>\n<meta name=\"robots\" content=\"index, follow, max-snippet:-1, max-image-preview:large, max-video-preview:-1\" \/>\n<link rel=\"canonical\" href=\"https:\/\/qingdaohf.com\/lt\/produktas\/laikiklis-su-kronsteinu\/\" \/>\n<meta property=\"og:locale\" content=\"lt_LT\" \/>\n<meta property=\"og:type\" content=\"article\" \/>\n<meta property=\"og:title\" content=\"Jahn A Bracket Jahn C Bracket\" \/>\n<meta property=\"og:description\" content=\"Jahn A Bracket \u3001Jahn C Bracket system, used for retaining and standard walls.\" \/>\n<meta property=\"og:url\" content=\"https:\/\/qingdaohf.com\/lt\/produktas\/laikiklis-su-kronsteinu\/\" \/>\n<meta property=\"og:site_name\" content=\"Concrete Form &amp; Rigging Hardware Supplier\" \/>\n<meta property=\"article:publisher\" content=\"https:\/\/www.facebook.com\/qingdaohf\" \/>\n<meta property=\"article:modified_time\" content=\"2025-11-13T01:06:56+00:00\" \/>\n<meta property=\"og:image\" content=\"https:\/\/qingdaohf.com\/wp-content\/uploads\/2023\/01\/JAHN-A\u3001C-Bracket-4.jpg\" \/>\n\t<meta property=\"og:image:width\" content=\"1000\" \/>\n\t<meta property=\"og:image:height\" content=\"1000\" \/>\n\t<meta property=\"og:image:type\" content=\"image\/jpeg\" \/>\n<meta name=\"twitter:card\" content=\"summary_large_image\" \/>\n<meta name=\"twitter:label1\" content=\"Est. reading time\" \/>\n\t<meta name=\"twitter:data1\" content=\"2 minut\u0117s\" \/>\n<script type=\"application\/ld+json\" class=\"yoast-schema-graph\">{\"@context\":\"https:\/\/schema.org\",\"@graph\":[{\"@type\":\"WebPage\",\"@id\":\"https:\/\/qingdaohf.com\/product\/jahn-a-bracket\/\",\"url\":\"https:\/\/qingdaohf.com\/product\/jahn-a-bracket\/\",\"name\":\"Jahn A Bracket Jahn C Bracket\",\"isPartOf\":{\"@id\":\"https:\/\/qingdaohf.com\/bg\/#website\"},\"primaryImageOfPage\":{\"@id\":\"https:\/\/qingdaohf.com\/product\/jahn-a-bracket\/#primaryimage\"},\"image\":{\"@id\":\"https:\/\/qingdaohf.com\/product\/jahn-a-bracket\/#primaryimage\"},\"thumbnailUrl\":\"https:\/\/qingdaohf.com\/wp-content\/uploads\/2023\/01\/JAHN-A\u3001C-Bracket-4.jpg\",\"datePublished\":\"2023-01-15T07:37:57+00:00\",\"dateModified\":\"2025-11-13T01:06:56+00:00\",\"description\":\"Jahn A Bracket \u3001Jahn C Bracket system, used for retaining and standard walls.\",\"breadcrumb\":{\"@id\":\"https:\/\/qingdaohf.com\/product\/jahn-a-bracket\/#breadcrumb\"},\"inLanguage\":\"lt-LT\",\"potentialAction\":[{\"@type\":\"ReadAction\",\"target\":[\"https:\/\/qingdaohf.com\/product\/jahn-a-bracket\/\"]}]},{\"@type\":\"ImageObject\",\"inLanguage\":\"lt-LT\",\"@id\":\"https:\/\/qingdaohf.com\/product\/jahn-a-bracket\/#primaryimage\",\"url\":\"https:\/\/qingdaohf.com\/wp-content\/uploads\/2023\/01\/JAHN-A\u3001C-Bracket-4.jpg\",\"contentUrl\":\"https:\/\/qingdaohf.com\/wp-content\/uploads\/2023\/01\/JAHN-A\u3001C-Bracket-4.jpg\",\"width\":1000,\"height\":1000,\"caption\":\"JAHN A bracket\"},{\"@type\":\"BreadcrumbList\",\"@id\":\"https:\/\/qingdaohf.com\/product\/jahn-a-bracket\/#breadcrumb\",\"itemListElement\":[{\"@type\":\"ListItem\",\"position\":1,\"name\":\"Home\",\"item\":\"https:\/\/qingdaohf.com\/\"},{\"@type\":\"ListItem\",\"position\":2,\"name\":\"Concrete Forming Accessories and Rigging Hardware\",\"item\":\"https:\/\/qingdaohf.com\/bg\/?page_id=944\"},{\"@type\":\"ListItem\",\"position\":3,\"name\":\"Jahn A Bracket Jahn C Bracket\"}]},{\"@type\":\"WebSite\",\"@id\":\"https:\/\/qingdaohf.com\/bg\/#website\",\"url\":\"https:\/\/qingdaohf.com\/bg\/\",\"name\":\"Concrete Form & Rigging Hardware Supplier\",\"description\":\"\",\"publisher\":{\"@id\":\"https:\/\/qingdaohf.com\/bg\/#organization\"},\"potentialAction\":[{\"@type\":\"SearchAction\",\"target\":{\"@type\":\"EntryPoint\",\"urlTemplate\":\"https:\/\/qingdaohf.com\/bg\/?s={search_term_string}\"},\"query-input\":{\"@type\":\"PropertyValueSpecification\",\"valueRequired\":true,\"valueName\":\"search_term_string\"}}],\"inLanguage\":\"lt-LT\"},{\"@type\":\"Organization\",\"@id\":\"https:\/\/qingdaohf.com\/bg\/#organization\",\"name\":\"Qingdao H&F\",\"url\":\"https:\/\/qingdaohf.com\/bg\/\",\"logo\":{\"@type\":\"ImageObject\",\"inLanguage\":\"lt-LT\",\"@id\":\"https:\/\/qingdaohf.com\/bg\/#\/schema\/logo\/image\/\",\"url\":\"https:\/\/qingdaohf.com\/wp-content\/uploads\/2022\/12\/cropped-HF-LOGO.png\",\"contentUrl\":\"https:\/\/qingdaohf.com\/wp-content\/uploads\/2022\/12\/cropped-HF-LOGO.png\",\"width\":391,\"height\":249,\"caption\":\"Qingdao H&F\"},\"image\":{\"@id\":\"https:\/\/qingdaohf.com\/bg\/#\/schema\/logo\/image\/\"},\"sameAs\":[\"https:\/\/www.facebook.com\/qingdaohf\"]}]}<\/script>\n<!-- \/ Yoast SEO plugin. -->","yoast_head_json":{"title":"Jahn A Bracket Jahn C Bracket","description":"Jahn A Bracket \u3001Jahn C Bracket system, used for retaining and standard walls.","robots":{"index":"index","follow":"follow","max-snippet":"max-snippet:-1","max-image-preview":"max-image-preview:large","max-video-preview":"max-video-preview:-1"},"canonical":"https:\/\/qingdaohf.com\/lt\/produktas\/laikiklis-su-kronsteinu\/","og_locale":"lt_LT","og_type":"article","og_title":"Jahn A Bracket Jahn C Bracket","og_description":"Jahn A Bracket \u3001Jahn C Bracket system, used for retaining and standard walls.","og_url":"https:\/\/qingdaohf.com\/lt\/produktas\/laikiklis-su-kronsteinu\/","og_site_name":"Concrete Form &amp; Rigging Hardware Supplier","article_publisher":"https:\/\/www.facebook.com\/qingdaohf","article_modified_time":"2025-11-13T01:06:56+00:00","og_image":[{"width":1000,"height":1000,"url":"https:\/\/qingdaohf.com\/wp-content\/uploads\/2023\/01\/JAHN-A\u3001C-Bracket-4.jpg","type":"image\/jpeg"}],"twitter_card":"summary_large_image","twitter_misc":{"Est. reading time":"2 minut\u0117s"},"schema":{"@context":"https:\/\/schema.org","@graph":[{"@type":"WebPage","@id":"https:\/\/qingdaohf.com\/product\/jahn-a-bracket\/","url":"https:\/\/qingdaohf.com\/product\/jahn-a-bracket\/","name":"Jahn A Bracket Jahn C Bracket","isPartOf":{"@id":"https:\/\/qingdaohf.com\/bg\/#website"},"primaryImageOfPage":{"@id":"https:\/\/qingdaohf.com\/product\/jahn-a-bracket\/#primaryimage"},"image":{"@id":"https:\/\/qingdaohf.com\/product\/jahn-a-bracket\/#primaryimage"},"thumbnailUrl":"https:\/\/qingdaohf.com\/wp-content\/uploads\/2023\/01\/JAHN-A\u3001C-Bracket-4.jpg","datePublished":"2023-01-15T07:37:57+00:00","dateModified":"2025-11-13T01:06:56+00:00","description":"Jahn A Bracket \u3001Jahn C Bracket system, used for retaining and standard walls.","breadcrumb":{"@id":"https:\/\/qingdaohf.com\/product\/jahn-a-bracket\/#breadcrumb"},"inLanguage":"lt-LT","potentialAction":[{"@type":"ReadAction","target":["https:\/\/qingdaohf.com\/product\/jahn-a-bracket\/"]}]},{"@type":"ImageObject","inLanguage":"lt-LT","@id":"https:\/\/qingdaohf.com\/product\/jahn-a-bracket\/#primaryimage","url":"https:\/\/qingdaohf.com\/wp-content\/uploads\/2023\/01\/JAHN-A\u3001C-Bracket-4.jpg","contentUrl":"https:\/\/qingdaohf.com\/wp-content\/uploads\/2023\/01\/JAHN-A\u3001C-Bracket-4.jpg","width":1000,"height":1000,"caption":"JAHN A bracket"},{"@type":"BreadcrumbList","@id":"https:\/\/qingdaohf.com\/product\/jahn-a-bracket\/#breadcrumb","itemListElement":[{"@type":"ListItem","position":1,"name":"Home","item":"https:\/\/qingdaohf.com\/"},{"@type":"ListItem","position":2,"name":"Concrete Forming Accessories and Rigging Hardware","item":"https:\/\/qingdaohf.com\/bg\/?page_id=944"},{"@type":"ListItem","position":3,"name":"Jahn A Bracket Jahn C Bracket"}]},{"@type":"WebSite","@id":"https:\/\/qingdaohf.com\/bg\/#website","url":"https:\/\/qingdaohf.com\/bg\/","name":"Concrete Form & Rigging Hardware Supplier","description":"","publisher":{"@id":"https:\/\/qingdaohf.com\/bg\/#organization"},"potentialAction":[{"@type":"SearchAction","target":{"@type":"EntryPoint","urlTemplate":"https:\/\/qingdaohf.com\/bg\/?s={search_term_string}"},"query-input":{"@type":"PropertyValueSpecification","valueRequired":true,"valueName":"search_term_string"}}],"inLanguage":"lt-LT"},{"@type":"Organization","@id":"https:\/\/qingdaohf.com\/bg\/#organization","name":"Qingdao H&F","url":"https:\/\/qingdaohf.com\/bg\/","logo":{"@type":"ImageObject","inLanguage":"lt-LT","@id":"https:\/\/qingdaohf.com\/bg\/#\/schema\/logo\/image\/","url":"https:\/\/qingdaohf.com\/wp-content\/uploads\/2022\/12\/cropped-HF-LOGO.png","contentUrl":"https:\/\/qingdaohf.com\/wp-content\/uploads\/2022\/12\/cropped-HF-LOGO.png","width":391,"height":249,"caption":"Qingdao H&F"},"image":{"@id":"https:\/\/qingdaohf.com\/bg\/#\/schema\/logo\/image\/"},"sameAs":["https:\/\/www.facebook.com\/qingdaohf"]}]}},"_links":{"self":[{"href":"https:\/\/qingdaohf.com\/lt\/wp-json\/wp\/v2\/product\/1719","targetHints":{"allow":["GET"]}}],"collection":[{"href":"https:\/\/qingdaohf.com\/lt\/wp-json\/wp\/v2\/product"}],"about":[{"href":"https:\/\/qingdaohf.com\/lt\/wp-json\/wp\/v2\/types\/product"}],"replies":[{"embeddable":true,"href":"https:\/\/qingdaohf.com\/lt\/wp-json\/wp\/v2\/comments?post=1719"}],"version-history":[{"count":31,"href":"https:\/\/qingdaohf.com\/lt\/wp-json\/wp\/v2\/product\/1719\/revisions"}],"predecessor-version":[{"id":10243,"href":"https:\/\/qingdaohf.com\/lt\/wp-json\/wp\/v2\/product\/1719\/revisions\/10243"}],"wp:featuredmedia":[{"embeddable":true,"href":"https:\/\/qingdaohf.com\/lt\/wp-json\/wp\/v2\/media\/2830"}],"wp:attachment":[{"href":"https:\/\/qingdaohf.com\/lt\/wp-json\/wp\/v2\/media?parent=1719"}],"wp:term":[{"taxonomy":"product_brand","embeddable":true,"href":"https:\/\/qingdaohf.com\/lt\/wp-json\/wp\/v2\/product_brand?post=1719"},{"taxonomy":"product_cat","embeddable":true,"href":"https:\/\/qingdaohf.com\/lt\/wp-json\/wp\/v2\/product_cat?post=1719"},{"taxonomy":"product_tag","embeddable":true,"href":"https:\/\/qingdaohf.com\/lt\/wp-json\/wp\/v2\/product_tag?post=1719"}],"curies":[{"name":"wp","href":"https:\/\/api.w.org\/{rel}","templated":true}]}}