{"id":1909,"date":"2023-11-24T16:40:58","date_gmt":"2023-11-24T08:40:58","guid":{"rendered":"http:\/\/qingdaohf.com\/?post_type=product&#038;p=1909"},"modified":"2025-11-13T09:04:01","modified_gmt":"2025-11-13T01:04:01","slug":"aluminum-form-tie","status":"publish","type":"product","link":"https:\/\/qingdaohf.com\/lt\/produktas\/aliuminio-formos-kaklaraistis\/","title":{"rendered":"Aliuminio formos kaklarai\u0161tis Pilnos sienos kaklarai\u0161tis Nominalus kaklarai\u0161tis"},"content":{"rendered":"<h2>Supratimas apie aliuminio formos rai\u0161\u010dius<\/h2>\n<p>Aliumininiai klojini\u0173 ry\u0161iai yra b\u016btini betono formavimo darbuose, kur labai svarbus tikslumas ir tvirtumas. \"H&amp;F\" gamina tokius klojini\u0173 ry\u0161ius, kurie nenuvils j\u016bs\u0173 lauke, derindami tvirt\u0105 ilgaam\u017ei\u0161kum\u0105 ir prakti\u0161kas savybes, kurios nesuma\u017eins j\u016bs\u0173 biud\u017eeto.<\/p>\n<h3>Pagrindin\u0117s aliuminio form\u0173 kaklarai\u0161\u010di\u0173 savyb\u0117s<\/h3>\n<h4>Stiprumas ir patvarumas<\/h4>\n<p>\u0160ie ry\u0161iai nesivar\u017eo, kai kalbama apie tvirtum\u0105 - jie sukurti kaip tankai, kad j\u016bs\u0173 betonin\u0117s konstrukcijos b\u016bt\u0173 tvirtos kaip uola. Nepriklausomai nuo oro s\u0105lyg\u0173, darbo, gamtos veiksni\u0173 - jie dirbs diena i\u0161 dienos.<\/p>\n<h4>Lengvas ir lengvai valdomas<\/h4>\n<p>Galb\u016bt tik\u0117jot\u0117s, kad visi \u0161ie raumenys bus papildomo svorio, ta\u010diau \u0161ie kaklarai\u0161\u010diai yra steb\u0117tinai lengvi. J\u016bs\u0173 \u012fgulos gali dirbti grei\u010diau ir ilgiau, nepervargdamos.<\/p>\n<h3>Aliuminio form\u0173 kaklarai\u0161\u010di\u0173 tipai<\/h3>\n<h4>Pilnas kaklarai\u0161tis<\/h4>\n<p>Visi\u0161kai suri\u0161amos juostos yra j\u016bs\u0173 pasirinkimas, kai dirbate su rimtais klojiniais, kuriems reikia tvirtos atramos ir na\u0161umo.<\/p>\n<h5>Piln\u0173 kaklarai\u0161\u010di\u0173 pritaikymas<\/h5>\n<p>\u0160ie darbiniai arkliai naudojami dideliuose projektuose, kai klojiniai turi i\u0161laikyti did\u017eiules apkrovas ir nesilankstyti.<\/p>\n<h5>Piln\u0173 kaklarai\u0161\u010di\u0173 privalumai<\/h5>\n<p>Tik\u0117kit\u0117s, kad pilni rai\u0161\u010diai kaip reikiant atlaikys \u012ftempim\u0105, o kiet\u0117jimo proceso metu viskas liks savo vietoje.<\/p>\n<h4>Nominal\u016bs ry\u0161iai<\/h4>\n<p>Nominal\u016bs kaklarai\u0161\u010diai tampa prana\u0161esni, kai reikia puikios pusiausvyros tarp tvirtumo ir manevringumo.<\/p>\n<h5>Nominali\u0173j\u0173 kaklarai\u0161\u010di\u0173 naudojimo b\u016bdai<\/h5>\n<p>Puikiai tinka ma\u017eesniems projektams arba visur, kur svarbu ma\u017einti svor\u012f neaukojant patikimumo.<\/p>\n<h5>Nominali\u0173j\u0173 s\u0105saj\u0173 privalumai<\/h5>\n<p>\u0160ie kaklarai\u0161\u010diai \u012frodo, kad nereikia pernelyg didel\u0117s apimties, norint u\u017etikrinti patikim\u0105 veikim\u0105 lauke.<\/p>\n<p><img fetchpriority=\"high\" decoding=\"async\" class=\"alignnone wp-image-7054 size-full\" src=\"http:\/\/qingdaohf.com\/wp-content\/uploads\/2023\/11\/aluminum-form-tie.jpg\" alt=\"aliuminio formos kaklarai\u0161tis\" width=\"1005\" height=\"383\" srcset=\"https:\/\/qingdaohf.com\/wp-content\/uploads\/2023\/11\/aluminum-form-tie.jpg 1005w, https:\/\/qingdaohf.com\/wp-content\/uploads\/2023\/11\/aluminum-form-tie-300x114.jpg 300w, https:\/\/qingdaohf.com\/wp-content\/uploads\/2023\/11\/aluminum-form-tie-768x293.jpg 768w, https:\/\/qingdaohf.com\/wp-content\/uploads\/2023\/11\/aluminum-form-tie-18x7.jpg 18w, https:\/\/qingdaohf.com\/wp-content\/uploads\/2023\/11\/aluminum-form-tie-1000x381.jpg 1000w\" sizes=\"(max-width: 1005px) 100vw, 1005px\" \/><\/p>\n<h3>Pagrindiniai privalumai ir kokyb\u0117s u\u017etikrinimas<\/h3>\n<h4>Atsparumas korozijai ir efektyvumas<\/h4>\n<p>\u0160iems kaklarai\u0161\u010diams gali tekti bet kokia gamtos i\u0161daiga - nat\u016bralus atsparumas korozijai rei\u0161kia, kad jie ir toliau veiks at\u0161iauriomis s\u0105lygomis. Lengva konstrukcija - tai ne tik patogumas, bet ir realus efektyvumo padid\u0117jimas nesuma\u017einant konstrukcijos vientisumo.<\/p>\n<h4>Kokyb\u0117s kontrol\u0117s priemon\u0117s<\/h4>\n<p>\"H&amp;F\" esame aps\u0117sti kokyb\u0117s. Kiekviena kaklaskar\u0117 yra i\u0161bandoma, kad b\u016bt\u0173 u\u017etikrinta, jog ji veiks tiksliai taip, kaip \u017eadama, kai jos labiausiai reikia.<\/p>\n<h4>Klient\u0173 aptarnavimo meistri\u0161kumas<\/h4>\n<p>I\u0161manome statyb\u0105 i\u0161 vidaus ir i\u0161 i\u0161or\u0117s, tod\u0117l m\u016bs\u0173 komanda tiesiogiai bendradarbiauja su pirk\u0117jais, kad parinkt\u0173 jiems konkre\u010dius projekto reikalavimus atitinkan\u010dius form\u0173 ry\u0161ius.<\/p>\n<h4>Pritaikymo parinktys<\/h4>\n<p>Kiekvienam darbui b\u016bdingi saviti ypatumai, tod\u0117l si\u016blome \u012fvairaus ilgio ir skersmens ri\u0161iklius, kad jie puikiai der\u0117t\u0173 su j\u016bs\u0173 turimomis klojini\u0173 sistemomis.<\/p>\n<h4>Kokyb\u0117s tikrinimo ataskaitos<\/h4>\n<p>Joki\u0173 staigmen\u0173 - kiekviena partija pristatoma su i\u0161samiais bandym\u0173 duomenimis, apiman\u010diais visk\u0105 nuo tempimo stiprumo iki pailg\u0117jimo ir pavir\u0161iaus kokyb\u0117s.<\/p>\n<h3>Efektyvumas ir ekonomi\u0161kumas<\/h3>\n<p>Statyb\u0173 sektoriuje svarbiausia - galutinis rezultatas. M\u016bs\u0173 aliumininiai ry\u0161iai padeda suma\u017einti darbo s\u0105naudas ir montavimo laik\u0105 d\u0117l i\u0161manios ir supaprastintos konstrukcijos.<\/p>\n<h2>Smeigtukai ir plei\u0161tai<\/h2>\n<p>Statyb\u0173 praktikoje aliuminio klojini\u0173 s\u0105var\u017eos paprastai derinamos su kai\u0161\u010diais ir plei\u0161tais, kad b\u016bt\u0173 sukurta patikima klojini\u0173 sistema. Si\u016blome \u012fvairi\u0173 tip\u0173, kad b\u016bt\u0173 patenkinti \u012fvair\u016bs projekt\u0173 poreikiai.<\/p>\n<h3>Kai\u0161tis su plok\u0161\u010dia galvute:<\/h3>\n<p>U\u017etikrina saugi\u0105 klojini\u0173 sistem\u0105 su lygia betono apdaila.<\/p>\n<h3>Kai\u0161tis su apvalia galvute:<\/h3>\n<p>Sukuriamas tvirtas ry\u0161ys su klojiniais.<\/p>\n<h3>Kombinuotas kai\u0161tis:<\/h3>\n<p>Derinami plok\u0161\u010dios ir apvalios galvut\u0117s smeigtuk\u0173 privalumai.<\/p>\n<p><img decoding=\"async\" class=\"alignnone size-full wp-image-7055\" src=\"http:\/\/qingdaohf.com\/wp-content\/uploads\/2023\/11\/head-pin.jpg\" alt=\"kai\u0161\u010dio galvut\u0117\" width=\"1005\" height=\"660\" srcset=\"https:\/\/qingdaohf.com\/wp-content\/uploads\/2023\/11\/head-pin.jpg 1005w, https:\/\/qingdaohf.com\/wp-content\/uploads\/2023\/11\/head-pin-300x197.jpg 300w, https:\/\/qingdaohf.com\/wp-content\/uploads\/2023\/11\/head-pin-768x504.jpg 768w, https:\/\/qingdaohf.com\/wp-content\/uploads\/2023\/11\/head-pin-18x12.jpg 18w, https:\/\/qingdaohf.com\/wp-content\/uploads\/2023\/11\/head-pin-1000x657.jpg 1000w\" sizes=\"(max-width: 1005px) 100vw, 1005px\" \/><\/p>\n<h3>Tiesus plei\u0161tas:<\/h3>\n<p>Tai geriausias pasirinkimas daugumai klojini\u0173 konfig\u016bracij\u0173.<\/p>\n<h3>I\u0161lenktas plei\u0161tas:<\/h3>\n<p>Pritaikyta lenktoms arba kampuotoms klojini\u0173 konfig\u016bracijoms.<\/p>\n<p><img decoding=\"async\" class=\"alignnone size-full wp-image-7056\" src=\"http:\/\/qingdaohf.com\/wp-content\/uploads\/2023\/11\/wall-tie-wedge.jpg\" alt=\"sienos kaklarai\u0161\u010dio plei\u0161tas\" width=\"1005\" height=\"370\" srcset=\"https:\/\/qingdaohf.com\/wp-content\/uploads\/2023\/11\/wall-tie-wedge.jpg 1005w, https:\/\/qingdaohf.com\/wp-content\/uploads\/2023\/11\/wall-tie-wedge-300x110.jpg 300w, https:\/\/qingdaohf.com\/wp-content\/uploads\/2023\/11\/wall-tie-wedge-768x283.jpg 768w, https:\/\/qingdaohf.com\/wp-content\/uploads\/2023\/11\/wall-tie-wedge-18x7.jpg 18w, https:\/\/qingdaohf.com\/wp-content\/uploads\/2023\/11\/wall-tie-wedge-1000x368.jpg 1000w\" sizes=\"(max-width: 1005px) 100vw, 1005px\" \/><\/p>\n<div class=\"table\"><span style=\"font-size: 1.7em; font-weight: bold;\">\u012etampos testas<\/span><\/div>\n<div>\n<div class=\"ast-oembed-container\" style=\"height: 100%;\"><iframe title=\"Visi\u0161kas kaklarai\u0161\u010dio \u012ftempimo bandymas\" width=\"500\" height=\"281\" src=\"https:\/\/www.youtube.com\/embed\/2m8mtNqa2r8?feature=oembed\" frameborder=\"0\" allow=\"accelerometer; autoplay; clipboard-write; encrypted-media; gyroscope; picture-in-picture; web-share\" referrerpolicy=\"strict-origin-when-cross-origin\" allowfullscreen><\/iframe><\/div>\n<\/div>\n<div>\n<p>Qingdao H&amp;F yra pirmaujantis gamintojas ir gamyklos tiek\u0117jas, j\u016bs\u0173 patikimas pardav\u0117jas ir didmenininkas, si\u016blantis auk\u0161\u010diausios kokyb\u0117s betono formavimo priedus ir tvirtinimo \u012frang\u0105. Tur\u0117dami 20 met\u0173 istorij\u0105 ir patirt\u012f \u0161ioje pramon\u0117s \u0161akoje, did\u017eiuojam\u0117s gal\u0117dami pasi\u016blyti plat\u0173 gamini\u0173 asortiment\u0105, \u012fskaitant betono formavimo pilnus ry\u0161ius ir vardinius ry\u0161ius.<\/p>\n<p>Jei norite i\u0161spr\u0119sti savo apr\u016bpinimo i\u0161\u0161\u016bkius, kreipkit\u0117s \u012f \"Qingdao H&amp;F\". Si\u016blome plat\u0173 betono formavimo pried\u0173 ir takela\u017e\u0173 \u012frangos asortiment\u0105, o visa tai paremta m\u016bs\u0173 dviej\u0173 de\u0161imtme\u010di\u0173 patirtimi \u0161ioje pramon\u0117s \u0161akoje. Nesvarbu, ar jums reikia piln\u0173, vardini\u0173 ar bet koki\u0173 kit\u0173 gamini\u0173 i\u0161 m\u016bs\u0173 katalogo, mes jums pad\u0117sime.<\/p>\n<p><img loading=\"lazy\" decoding=\"async\" class=\"alignnone wp-image-4629\" src=\"http:\/\/qingdaohf.com\/wp-content\/uploads\/2023\/07\/wall-tie.jpg\" alt=\"sieninis rai\u0161tis\" width=\"1200\" height=\"600\" srcset=\"https:\/\/qingdaohf.com\/wp-content\/uploads\/2023\/07\/wall-tie.jpg 800w, https:\/\/qingdaohf.com\/wp-content\/uploads\/2023\/07\/wall-tie-300x150.jpg 300w, https:\/\/qingdaohf.com\/wp-content\/uploads\/2023\/07\/wall-tie-768x384.jpg 768w\" sizes=\"(max-width: 1200px) 100vw, 1200px\" \/><\/p>\n<h2>Kod\u0117l verta rinktis \"H&amp;F\" aliuminio form\u0173 rai\u0161\u010dius<\/h2>\n<p>Rasti patikim\u0105 tiek\u0117j\u0105 yra ne ma\u017eiau svarbu nei pasirinkti tinkam\u0105 gamin\u012f. Per dvide\u0161imt u\u017esienio prekybos met\u0173 su\u017einojome, ko reikia statyb\u0173 specialistams, kad jie s\u0117kmingai dirbt\u0173.<\/p>\n<h3>\u012esipareigojimas siekti meistri\u0161kumo<\/h3>\n<p>Mes deriname gil\u0173 rinkos i\u0161manym\u0105 su nepaliaujamu d\u0117mesiu kokybei ir paslaugoms. Tod\u0117l statyb\u0173 profesionalai pasitiki mumis, kad gal\u0117tume pasi\u016blyti sprendimus, kurie veikia nuo pat \u017eem\u0117s darb\u0173 prad\u017eios iki pabaigos.<\/p>\n<h2>I\u0161vada<\/h2>\n<p>Nuo did\u017eiuli\u0173 infrastrukt\u016bros projekt\u0173 iki kukli\u0173 komercini\u0173 pastat\u0173 - aliuminio klojini\u0173 ry\u0161iai neju\u010dia padeda i\u0161laikyti tvirtas betonines konstrukcijas. \"H&amp;F\" did\u017eiuojasi gal\u0117dama tiekti l\u016bkes\u010dius pranokstan\u010dius ry\u0161ius - taip jau du de\u0161imtme\u010dius stipriname savo reputacij\u0105.<\/p>\n<\/div>","protected":false},"excerpt":{"rendered":"<p>Prie\u0161ingoms klojini\u0173 pus\u0117ms sujungti naudojami pilni ry\u0161iai. Jie driekiasi per vis\u0105 betono stor\u012f ir sukuria vientis\u0105 jungt\u012f tarp abiej\u0173 pusi\u0173. Pilni ry\u0161iai yra labai svarb\u016bs siekiant u\u017etikrinti, kad klojiniai atlaikyt\u0173 betono sl\u0117g\u012f, kai jis pilamas ir kiet\u0117ja. Jie paprastai gaminami i\u0161 plieno ir yra suprojektuoti taip, kad sukiet\u0117jus betonui juos b\u016bt\u0173 galima lengvai nuimti.<\/p>\n<p>Nominal\u016bs ry\u0161iai naudojami abiem klojini\u0173 pus\u0117ms sujungti ne\u012fsiskverbiant \u012f beton\u0105. Jie paprastai gaminami i\u0161 plastiko ar kit\u0173 nemetalini\u0173 med\u017eiag\u0173 ir naudojami tais atvejais, kai betono nereikia visi\u0161kai sutvirtinti. Nominal\u016bs ry\u0161iai naudojami ma\u017eesniems betono projektams, pavyzd\u017eiui, sienoms ar \u0161aligatviams, kai klojiniams tenka palyginti nedidel\u0117 apkrova.<\/p>","protected":false},"featured_media":2804,"comment_status":"open","ping_status":"closed","template":"","meta":{"site-sidebar-layout":"default","site-content-layout":"default","ast-site-content-layout":"default","site-content-style":"default","site-sidebar-style":"default","ast-global-header-display":"","ast-banner-title-visibility":"","ast-main-header-display":"","ast-hfb-above-header-display":"","ast-hfb-below-header-display":"","ast-hfb-mobile-header-display":"","site-post-title":"","ast-breadcrumbs-content":"","ast-featured-img":"","footer-sml-layout":"","theme-transparent-header-meta":"default","adv-header-id-meta":"","stick-header-meta":"default","header-above-stick-meta":"","header-main-stick-meta":"","header-below-stick-meta":"","astra-migrate-meta-layouts":"set","ast-page-background-enabled":"default","ast-page-background-meta":{"desktop":{"background-color":"","background-image":"","background-repeat":"repeat","background-position":"center center","background-size":"auto","background-attachment":"scroll","background-type":"","background-media":"","overlay-type":"","overlay-color":"","overlay-opacity":"","overlay-gradient":""},"tablet":{"background-color":"","background-image":"","background-repeat":"repeat","background-position":"center center","background-size":"auto","background-attachment":"scroll","background-type":"","background-media":"","overlay-type":"","overlay-color":"","overlay-opacity":"","overlay-gradient":""},"mobile":{"background-color":"","background-image":"","background-repeat":"repeat","background-position":"center center","background-size":"auto","background-attachment":"scroll","background-type":"","background-media":"","overlay-type":"","overlay-color":"","overlay-opacity":"","overlay-gradient":""}},"ast-content-background-meta":{"desktop":{"background-color":"var(--ast-global-color-5)","background-image":"","background-repeat":"repeat","background-position":"center center","background-size":"auto","background-attachment":"scroll","background-type":"","background-media":"","overlay-type":"","overlay-color":"","overlay-opacity":"","overlay-gradient":""},"tablet":{"background-color":"var(--ast-global-color-5)","background-image":"","background-repeat":"repeat","background-position":"center center","background-size":"auto","background-attachment":"scroll","background-type":"","background-media":"","overlay-type":"","overlay-color":"","overlay-opacity":"","overlay-gradient":""},"mobile":{"background-color":"var(--ast-global-color-5)","background-image":"","background-repeat":"repeat","background-position":"center center","background-size":"auto","background-attachment":"scroll","background-type":"","background-media":"","overlay-type":"","overlay-color":"","overlay-opacity":"","overlay-gradient":""}}},"product_brand":[],"product_cat":[20,65],"product_tag":[],"class_list":{"0":"post-1909","1":"product","2":"type-product","3":"status-publish","4":"has-post-thumbnail","6":"product_cat-concrete-wall-tie","7":"product_cat-aluminum-form-tie","8":"desktop-align-left","9":"tablet-align-left","10":"mobile-align-left","11":"ast-product-gallery-layout-horizontal-slider","12":"ast-product-tabs-layout-horizontal","14":"first","15":"instock","16":"shipping-taxable","17":"purchasable","18":"product-type-simple"},"yoast_head":"<!-- This site is optimized with the Yoast SEO plugin v25.2 - https:\/\/yoast.com\/wordpress\/plugins\/seo\/ -->\n<title>Aluminum Form Tie Full Wall Tie Nominal Tie<\/title>\n<meta name=\"description\" content=\"Aluminum form ties are indispensable tools in concrete construction, ensuring secure placement of aluminum formwork for precise wall formation.\" \/>\n<meta name=\"robots\" content=\"index, follow, max-snippet:-1, max-image-preview:large, max-video-preview:-1\" \/>\n<link rel=\"canonical\" href=\"https:\/\/qingdaohf.com\/lt\/produktas\/aliuminio-formos-kaklaraistis\/\" \/>\n<meta property=\"og:locale\" content=\"lt_LT\" \/>\n<meta property=\"og:type\" content=\"article\" \/>\n<meta property=\"og:title\" content=\"Aluminum Form Tie Full Wall Tie Nominal Tie\" \/>\n<meta property=\"og:description\" content=\"Aluminum form ties are indispensable tools in concrete construction, ensuring secure placement of aluminum formwork for precise wall formation.\" \/>\n<meta property=\"og:url\" content=\"https:\/\/qingdaohf.com\/lt\/produktas\/aliuminio-formos-kaklaraistis\/\" \/>\n<meta property=\"og:site_name\" content=\"Concrete Form &amp; Rigging Hardware Supplier\" \/>\n<meta property=\"article:publisher\" content=\"https:\/\/www.facebook.com\/qingdaohf\" \/>\n<meta property=\"article:modified_time\" content=\"2025-11-13T01:04:01+00:00\" \/>\n<meta property=\"og:image\" content=\"https:\/\/qingdaohf.com\/wp-content\/uploads\/2023\/02\/FULL-TIE-3.jpg\" \/>\n\t<meta property=\"og:image:width\" content=\"1000\" \/>\n\t<meta property=\"og:image:height\" content=\"1000\" \/>\n\t<meta property=\"og:image:type\" content=\"image\/jpeg\" \/>\n<meta name=\"twitter:card\" content=\"summary_large_image\" \/>\n<meta name=\"twitter:label1\" content=\"Est. reading time\" \/>\n\t<meta name=\"twitter:data1\" content=\"5 minut\u0117s\" \/>\n<script type=\"application\/ld+json\" class=\"yoast-schema-graph\">{\"@context\":\"https:\/\/schema.org\",\"@graph\":[{\"@type\":\"WebPage\",\"@id\":\"https:\/\/qingdaohf.com\/product\/aluminum-form-tie\/\",\"url\":\"https:\/\/qingdaohf.com\/product\/aluminum-form-tie\/\",\"name\":\"Aluminum Form Tie Full Wall Tie Nominal Tie\",\"isPartOf\":{\"@id\":\"https:\/\/qingdaohf.com\/bg\/#website\"},\"primaryImageOfPage\":{\"@id\":\"https:\/\/qingdaohf.com\/product\/aluminum-form-tie\/#primaryimage\"},\"image\":{\"@id\":\"https:\/\/qingdaohf.com\/product\/aluminum-form-tie\/#primaryimage\"},\"thumbnailUrl\":\"https:\/\/qingdaohf.com\/wp-content\/uploads\/2023\/02\/FULL-TIE-3.jpg\",\"datePublished\":\"2023-11-24T08:40:58+00:00\",\"dateModified\":\"2025-11-13T01:04:01+00:00\",\"description\":\"Aluminum form ties are indispensable tools in concrete construction, ensuring secure placement of aluminum formwork for precise wall formation.\",\"breadcrumb\":{\"@id\":\"https:\/\/qingdaohf.com\/product\/aluminum-form-tie\/#breadcrumb\"},\"inLanguage\":\"lt-LT\",\"potentialAction\":[{\"@type\":\"ReadAction\",\"target\":[\"https:\/\/qingdaohf.com\/product\/aluminum-form-tie\/\"]}]},{\"@type\":\"ImageObject\",\"inLanguage\":\"lt-LT\",\"@id\":\"https:\/\/qingdaohf.com\/product\/aluminum-form-tie\/#primaryimage\",\"url\":\"https:\/\/qingdaohf.com\/wp-content\/uploads\/2023\/02\/FULL-TIE-3.jpg\",\"contentUrl\":\"https:\/\/qingdaohf.com\/wp-content\/uploads\/2023\/02\/FULL-TIE-3.jpg\",\"width\":1000,\"height\":1000,\"caption\":\"FULL TIE\"},{\"@type\":\"BreadcrumbList\",\"@id\":\"https:\/\/qingdaohf.com\/product\/aluminum-form-tie\/#breadcrumb\",\"itemListElement\":[{\"@type\":\"ListItem\",\"position\":1,\"name\":\"Home\",\"item\":\"https:\/\/qingdaohf.com\/\"},{\"@type\":\"ListItem\",\"position\":2,\"name\":\"Concrete Forming Accessories and Rigging Hardware\",\"item\":\"https:\/\/qingdaohf.com\/bg\/?page_id=944\"},{\"@type\":\"ListItem\",\"position\":3,\"name\":\"Aluminum Form Tie Full Wall Tie Nominal Tie\"}]},{\"@type\":\"WebSite\",\"@id\":\"https:\/\/qingdaohf.com\/bg\/#website\",\"url\":\"https:\/\/qingdaohf.com\/bg\/\",\"name\":\"Concrete Form & Rigging Hardware Supplier\",\"description\":\"\",\"publisher\":{\"@id\":\"https:\/\/qingdaohf.com\/bg\/#organization\"},\"potentialAction\":[{\"@type\":\"SearchAction\",\"target\":{\"@type\":\"EntryPoint\",\"urlTemplate\":\"https:\/\/qingdaohf.com\/bg\/?s={search_term_string}\"},\"query-input\":{\"@type\":\"PropertyValueSpecification\",\"valueRequired\":true,\"valueName\":\"search_term_string\"}}],\"inLanguage\":\"lt-LT\"},{\"@type\":\"Organization\",\"@id\":\"https:\/\/qingdaohf.com\/bg\/#organization\",\"name\":\"Qingdao H&F\",\"url\":\"https:\/\/qingdaohf.com\/bg\/\",\"logo\":{\"@type\":\"ImageObject\",\"inLanguage\":\"lt-LT\",\"@id\":\"https:\/\/qingdaohf.com\/bg\/#\/schema\/logo\/image\/\",\"url\":\"https:\/\/qingdaohf.com\/wp-content\/uploads\/2022\/12\/cropped-HF-LOGO.png\",\"contentUrl\":\"https:\/\/qingdaohf.com\/wp-content\/uploads\/2022\/12\/cropped-HF-LOGO.png\",\"width\":391,\"height\":249,\"caption\":\"Qingdao H&F\"},\"image\":{\"@id\":\"https:\/\/qingdaohf.com\/bg\/#\/schema\/logo\/image\/\"},\"sameAs\":[\"https:\/\/www.facebook.com\/qingdaohf\"]}]}<\/script>\n<!-- \/ Yoast SEO plugin. -->","yoast_head_json":{"title":"Aluminum Form Tie Full Wall Tie Nominal Tie","description":"Aluminum form ties are indispensable tools in concrete construction, ensuring secure placement of aluminum formwork for precise wall formation.","robots":{"index":"index","follow":"follow","max-snippet":"max-snippet:-1","max-image-preview":"max-image-preview:large","max-video-preview":"max-video-preview:-1"},"canonical":"https:\/\/qingdaohf.com\/lt\/produktas\/aliuminio-formos-kaklaraistis\/","og_locale":"lt_LT","og_type":"article","og_title":"Aluminum Form Tie Full Wall Tie Nominal Tie","og_description":"Aluminum form ties are indispensable tools in concrete construction, ensuring secure placement of aluminum formwork for precise wall formation.","og_url":"https:\/\/qingdaohf.com\/lt\/produktas\/aliuminio-formos-kaklaraistis\/","og_site_name":"Concrete Form &amp; Rigging Hardware Supplier","article_publisher":"https:\/\/www.facebook.com\/qingdaohf","article_modified_time":"2025-11-13T01:04:01+00:00","og_image":[{"width":1000,"height":1000,"url":"https:\/\/qingdaohf.com\/wp-content\/uploads\/2023\/02\/FULL-TIE-3.jpg","type":"image\/jpeg"}],"twitter_card":"summary_large_image","twitter_misc":{"Est. reading time":"5 minut\u0117s"},"schema":{"@context":"https:\/\/schema.org","@graph":[{"@type":"WebPage","@id":"https:\/\/qingdaohf.com\/product\/aluminum-form-tie\/","url":"https:\/\/qingdaohf.com\/product\/aluminum-form-tie\/","name":"Aluminum Form Tie Full Wall Tie Nominal Tie","isPartOf":{"@id":"https:\/\/qingdaohf.com\/bg\/#website"},"primaryImageOfPage":{"@id":"https:\/\/qingdaohf.com\/product\/aluminum-form-tie\/#primaryimage"},"image":{"@id":"https:\/\/qingdaohf.com\/product\/aluminum-form-tie\/#primaryimage"},"thumbnailUrl":"https:\/\/qingdaohf.com\/wp-content\/uploads\/2023\/02\/FULL-TIE-3.jpg","datePublished":"2023-11-24T08:40:58+00:00","dateModified":"2025-11-13T01:04:01+00:00","description":"Aluminum form ties are indispensable tools in concrete construction, ensuring secure placement of aluminum formwork for precise wall formation.","breadcrumb":{"@id":"https:\/\/qingdaohf.com\/product\/aluminum-form-tie\/#breadcrumb"},"inLanguage":"lt-LT","potentialAction":[{"@type":"ReadAction","target":["https:\/\/qingdaohf.com\/product\/aluminum-form-tie\/"]}]},{"@type":"ImageObject","inLanguage":"lt-LT","@id":"https:\/\/qingdaohf.com\/product\/aluminum-form-tie\/#primaryimage","url":"https:\/\/qingdaohf.com\/wp-content\/uploads\/2023\/02\/FULL-TIE-3.jpg","contentUrl":"https:\/\/qingdaohf.com\/wp-content\/uploads\/2023\/02\/FULL-TIE-3.jpg","width":1000,"height":1000,"caption":"FULL TIE"},{"@type":"BreadcrumbList","@id":"https:\/\/qingdaohf.com\/product\/aluminum-form-tie\/#breadcrumb","itemListElement":[{"@type":"ListItem","position":1,"name":"Home","item":"https:\/\/qingdaohf.com\/"},{"@type":"ListItem","position":2,"name":"Concrete Forming Accessories and Rigging Hardware","item":"https:\/\/qingdaohf.com\/bg\/?page_id=944"},{"@type":"ListItem","position":3,"name":"Aluminum Form Tie Full Wall Tie Nominal Tie"}]},{"@type":"WebSite","@id":"https:\/\/qingdaohf.com\/bg\/#website","url":"https:\/\/qingdaohf.com\/bg\/","name":"Concrete Form & Rigging Hardware Supplier","description":"","publisher":{"@id":"https:\/\/qingdaohf.com\/bg\/#organization"},"potentialAction":[{"@type":"SearchAction","target":{"@type":"EntryPoint","urlTemplate":"https:\/\/qingdaohf.com\/bg\/?s={search_term_string}"},"query-input":{"@type":"PropertyValueSpecification","valueRequired":true,"valueName":"search_term_string"}}],"inLanguage":"lt-LT"},{"@type":"Organization","@id":"https:\/\/qingdaohf.com\/bg\/#organization","name":"Qingdao H&F","url":"https:\/\/qingdaohf.com\/bg\/","logo":{"@type":"ImageObject","inLanguage":"lt-LT","@id":"https:\/\/qingdaohf.com\/bg\/#\/schema\/logo\/image\/","url":"https:\/\/qingdaohf.com\/wp-content\/uploads\/2022\/12\/cropped-HF-LOGO.png","contentUrl":"https:\/\/qingdaohf.com\/wp-content\/uploads\/2022\/12\/cropped-HF-LOGO.png","width":391,"height":249,"caption":"Qingdao H&F"},"image":{"@id":"https:\/\/qingdaohf.com\/bg\/#\/schema\/logo\/image\/"},"sameAs":["https:\/\/www.facebook.com\/qingdaohf"]}]}},"_links":{"self":[{"href":"https:\/\/qingdaohf.com\/lt\/wp-json\/wp\/v2\/product\/1909","targetHints":{"allow":["GET"]}}],"collection":[{"href":"https:\/\/qingdaohf.com\/lt\/wp-json\/wp\/v2\/product"}],"about":[{"href":"https:\/\/qingdaohf.com\/lt\/wp-json\/wp\/v2\/types\/product"}],"replies":[{"embeddable":true,"href":"https:\/\/qingdaohf.com\/lt\/wp-json\/wp\/v2\/comments?post=1909"}],"version-history":[{"count":13,"href":"https:\/\/qingdaohf.com\/lt\/wp-json\/wp\/v2\/product\/1909\/revisions"}],"predecessor-version":[{"id":8879,"href":"https:\/\/qingdaohf.com\/lt\/wp-json\/wp\/v2\/product\/1909\/revisions\/8879"}],"wp:featuredmedia":[{"embeddable":true,"href":"https:\/\/qingdaohf.com\/lt\/wp-json\/wp\/v2\/media\/2804"}],"wp:attachment":[{"href":"https:\/\/qingdaohf.com\/lt\/wp-json\/wp\/v2\/media?parent=1909"}],"wp:term":[{"taxonomy":"product_brand","embeddable":true,"href":"https:\/\/qingdaohf.com\/lt\/wp-json\/wp\/v2\/product_brand?post=1909"},{"taxonomy":"product_cat","embeddable":true,"href":"https:\/\/qingdaohf.com\/lt\/wp-json\/wp\/v2\/product_cat?post=1909"},{"taxonomy":"product_tag","embeddable":true,"href":"https:\/\/qingdaohf.com\/lt\/wp-json\/wp\/v2\/product_tag?post=1909"}],"curies":[{"name":"wp","href":"https:\/\/api.w.org\/{rel}","templated":true}]}}