{"id":1915,"date":"2023-02-01T18:09:35","date_gmt":"2023-02-01T10:09:35","guid":{"rendered":"http:\/\/qingdaohf.com\/?post_type=product&#038;p=1915"},"modified":"2025-11-13T09:06:39","modified_gmt":"2025-11-13T01:06:39","slug":"combo-pin","status":"publish","type":"product","link":"https:\/\/qingdaohf.com\/lt\/produktas\/kombinuotas-kaistis\/","title":{"rendered":"Statybin\u0117s \u012frangos kombinuotasis kai\u0161tis"},"content":{"rendered":"<p>Kombinuoti kai\u0161\u010diai - tai betono formavimo \u012franki\u0173 tipas, kuriame derinamos plok\u0161\u010dios galvut\u0117s kai\u0161\u010dio ir fiksatoriaus funkcijos. Kombinuojam\u0105j\u012f kai\u0161t\u012f sudaro ilgas, tiesus plieninis strypas, kurio galas yra smailus, o kitas galas - plok\u0161\u010dia galvut\u0117.<\/p>\n<p>Smailusis kombinuotojo kai\u0161\u010dio galas \u012fki\u0161amas per klojinius \u012f beton\u0105. Tuomet plok\u0161\u010dia galvut\u0117 naudojama klojiniams patikimai prilaikyti. Skirtingai nei kit\u0173 tip\u0173 \u012frangai, kombinuotajam kai\u0161\u010diui nereikia atskiro fiksatoriaus ar plok\u0161\u010diosios galvut\u0117s kai\u0161\u010dio fiksatoriaus klojiniams pritvirtinti.<\/p>\n<p>Kombinuoti kai\u0161\u010diai paprastai naudojami vertikaliuose klojiniuose, pavyzd\u017eiui, liejant betonines sienas ar kolonas. Jie taip pat naudojami horizontaliems klojiniams, pavyzd\u017eiui, betonuojant betono plok\u0161tes ar sijas.<\/p>\n<p>Kombinuoti kai\u0161\u010diai yra prana\u0161esni u\u017e kit\u0173 tip\u0173 tvirtinimo elementus, nes jie u\u017etikrina tvirtesn\u012f klojini\u0173 ir betono sujungim\u0105. Taip yra tod\u0117l, kad smailusis kai\u0161\u010dio galas \u012fki\u0161amas tiesiai \u012f beton\u0105, tod\u0117l jungtis yra tvirtesn\u0117 ir stabilesn\u0117.<\/p>\n<div class=\"ast-oembed-container\" style=\"height: 100%;\"><iframe title=\"Standartinis plei\u0161tinis var\u017etas, kombinuotasis kai\u0161tis, apvalusis kai\u0161tis\" width=\"500\" height=\"281\" src=\"https:\/\/www.youtube.com\/embed\/8-Jk5w-PzSU?feature=oembed\" frameborder=\"0\" allow=\"accelerometer; autoplay; clipboard-write; encrypted-media; gyroscope; picture-in-picture; web-share\" referrerpolicy=\"strict-origin-when-cross-origin\" allowfullscreen><\/iframe><\/div>\n<p>Kombinuoti kai\u0161\u010diai - tai betono formavimo \u012franki\u0173 tipas, kuriame derinamos plok\u0161\u010dios galvut\u0117s kai\u0161\u010dio ir fiksatoriaus funkcijos. Kombinuojam\u0105j\u012f kai\u0161t\u012f sudaro ilgas, tiesus plieninis strypas, kurio galas yra smailus, o kitas galas - plok\u0161\u010dia galvut\u0117.<\/p>\n<p>Smailusis kombinuotojo kai\u0161\u010dio galas \u012fki\u0161amas per klojinius \u012f beton\u0105. Tuomet plok\u0161\u010dia galvut\u0117 naudojama klojiniams patikimai prilaikyti. Skirtingai nei kit\u0173 tip\u0173 \u012frangai, kombinuotajam kai\u0161\u010diui nereikia atskiro fiksatoriaus ar plok\u0161\u010diosios galvut\u0117s kai\u0161\u010dio fiksatoriaus klojiniams pritvirtinti.<\/p>\n<p>Kombinuoti kai\u0161\u010diai paprastai naudojami vertikaliuose klojiniuose, pavyzd\u017eiui, liejant betonines sienas ar kolonas. Jie taip pat naudojami horizontaliems klojiniams, pavyzd\u017eiui, betonuojant betono plok\u0161tes ar sijas.<\/p>\n<p>Kombinuoti kai\u0161\u010diai yra prana\u0161esni u\u017e kit\u0173 tip\u0173 tvirtinimo elementus, nes jie u\u017etikrina tvirtesn\u012f klojini\u0173 ir betono sujungim\u0105. Taip yra tod\u0117l, kad smailusis kai\u0161\u010dio galas \u012fki\u0161amas tiesiai \u012f beton\u0105, tod\u0117l jungtis yra tvirtesn\u0117 ir stabilesn\u0117.<\/p>","protected":false},"excerpt":{"rendered":"<p>Apvalus\/plok\u0161\u010dias kai\u0161tis\/kombo kai\u0161tis, skirtas aliuminio formavimo sistemos priedams ir \u012frangai, naudojamai betonin\u0117se statybose.<\/p>","protected":false},"featured_media":2715,"comment_status":"open","ping_status":"closed","template":"","meta":{"site-sidebar-layout":"default","site-content-layout":"default","ast-site-content-layout":"default","site-content-style":"default","site-sidebar-style":"default","ast-global-header-display":"","ast-banner-title-visibility":"","ast-main-header-display":"","ast-hfb-above-header-display":"","ast-hfb-below-header-display":"","ast-hfb-mobile-header-display":"","site-post-title":"","ast-breadcrumbs-content":"","ast-featured-img":"","footer-sml-layout":"","theme-transparent-header-meta":"default","adv-header-id-meta":"","stick-header-meta":"default","header-above-stick-meta":"","header-main-stick-meta":"","header-below-stick-meta":"","astra-migrate-meta-layouts":"set","ast-page-background-enabled":"default","ast-page-background-meta":{"desktop":{"background-color":"","background-image":"","background-repeat":"repeat","background-position":"center center","background-size":"auto","background-attachment":"scroll","background-type":"","background-media":"","overlay-type":"","overlay-color":"","overlay-opacity":"","overlay-gradient":""},"tablet":{"background-color":"","background-image":"","background-repeat":"repeat","background-position":"center center","background-size":"auto","background-attachment":"scroll","background-type":"","background-media":"","overlay-type":"","overlay-color":"","overlay-opacity":"","overlay-gradient":""},"mobile":{"background-color":"","background-image":"","background-repeat":"repeat","background-position":"center center","background-size":"auto","background-attachment":"scroll","background-type":"","background-media":"","overlay-type":"","overlay-color":"","overlay-opacity":"","overlay-gradient":""}},"ast-content-background-meta":{"desktop":{"background-color":"var(--ast-global-color-5)","background-image":"","background-repeat":"repeat","background-position":"center center","background-size":"auto","background-attachment":"scroll","background-type":"","background-media":"","overlay-type":"","overlay-color":"","overlay-opacity":"","overlay-gradient":""},"tablet":{"background-color":"var(--ast-global-color-5)","background-image":"","background-repeat":"repeat","background-position":"center center","background-size":"auto","background-attachment":"scroll","background-type":"","background-media":"","overlay-type":"","overlay-color":"","overlay-opacity":"","overlay-gradient":""},"mobile":{"background-color":"var(--ast-global-color-5)","background-image":"","background-repeat":"repeat","background-position":"center center","background-size":"auto","background-attachment":"scroll","background-type":"","background-media":"","overlay-type":"","overlay-color":"","overlay-opacity":"","overlay-gradient":""}}},"product_brand":[],"product_cat":[50,20,65,28],"product_tag":[],"class_list":{"0":"post-1915","1":"product","2":"type-product","3":"status-publish","4":"has-post-thumbnail","6":"product_cat-concrete-form-accessories","7":"product_cat-concrete-wall-tie","8":"product_cat-aluminum-form-tie","9":"product_cat-concrete-forming","10":"desktop-align-left","11":"tablet-align-left","12":"mobile-align-left","13":"ast-product-gallery-layout-horizontal-slider","14":"ast-product-tabs-layout-horizontal","16":"first","17":"instock","18":"shipping-taxable","19":"purchasable","20":"product-type-simple"},"yoast_head":"<!-- This site is optimized with the Yoast SEO plugin v25.2 - https:\/\/yoast.com\/wordpress\/plugins\/seo\/ -->\n<title>Construction Hardware Combo Pin<\/title>\n<meta name=\"description\" content=\"Round\/flat head pin\/combo pin for aluminum forming system accessories &amp; hardware in concrete building\" \/>\n<meta name=\"robots\" content=\"index, follow, max-snippet:-1, max-image-preview:large, max-video-preview:-1\" \/>\n<link rel=\"canonical\" href=\"https:\/\/qingdaohf.com\/lt\/produktas\/kombinuotas-kaistis\/\" \/>\n<meta property=\"og:locale\" content=\"lt_LT\" \/>\n<meta property=\"og:type\" content=\"article\" \/>\n<meta property=\"og:title\" content=\"Construction Hardware Combo Pin\" \/>\n<meta property=\"og:description\" content=\"Round\/flat head pin\/combo pin for aluminum forming system accessories &amp; hardware in concrete building\" \/>\n<meta property=\"og:url\" content=\"https:\/\/qingdaohf.com\/lt\/produktas\/kombinuotas-kaistis\/\" \/>\n<meta property=\"og:site_name\" content=\"Concrete Form &amp; Rigging Hardware Supplier\" \/>\n<meta property=\"article:publisher\" content=\"https:\/\/www.facebook.com\/qingdaohf\" \/>\n<meta property=\"article:modified_time\" content=\"2025-11-13T01:06:39+00:00\" \/>\n<meta property=\"og:image\" content=\"https:\/\/qingdaohf.com\/wp-content\/uploads\/2023\/02\/Combo-pin-1.jpg\" \/>\n\t<meta property=\"og:image:width\" content=\"1000\" \/>\n\t<meta property=\"og:image:height\" content=\"1000\" \/>\n\t<meta property=\"og:image:type\" content=\"image\/jpeg\" \/>\n<meta name=\"twitter:card\" content=\"summary_large_image\" \/>\n<meta name=\"twitter:label1\" content=\"Est. reading time\" \/>\n\t<meta name=\"twitter:data1\" content=\"2 minut\u0117s\" \/>\n<script type=\"application\/ld+json\" class=\"yoast-schema-graph\">{\"@context\":\"https:\/\/schema.org\",\"@graph\":[{\"@type\":\"WebPage\",\"@id\":\"https:\/\/qingdaohf.com\/product\/combo-pin\/\",\"url\":\"https:\/\/qingdaohf.com\/product\/combo-pin\/\",\"name\":\"Construction Hardware Combo Pin\",\"isPartOf\":{\"@id\":\"https:\/\/qingdaohf.com\/bg\/#website\"},\"primaryImageOfPage\":{\"@id\":\"https:\/\/qingdaohf.com\/product\/combo-pin\/#primaryimage\"},\"image\":{\"@id\":\"https:\/\/qingdaohf.com\/product\/combo-pin\/#primaryimage\"},\"thumbnailUrl\":\"https:\/\/qingdaohf.com\/wp-content\/uploads\/2023\/02\/Combo-pin-1.jpg\",\"datePublished\":\"2023-02-01T10:09:35+00:00\",\"dateModified\":\"2025-11-13T01:06:39+00:00\",\"description\":\"Round\/flat head pin\/combo pin for aluminum forming system accessories & hardware in concrete building\",\"breadcrumb\":{\"@id\":\"https:\/\/qingdaohf.com\/product\/combo-pin\/#breadcrumb\"},\"inLanguage\":\"lt-LT\",\"potentialAction\":[{\"@type\":\"ReadAction\",\"target\":[\"https:\/\/qingdaohf.com\/product\/combo-pin\/\"]}]},{\"@type\":\"ImageObject\",\"inLanguage\":\"lt-LT\",\"@id\":\"https:\/\/qingdaohf.com\/product\/combo-pin\/#primaryimage\",\"url\":\"https:\/\/qingdaohf.com\/wp-content\/uploads\/2023\/02\/Combo-pin-1.jpg\",\"contentUrl\":\"https:\/\/qingdaohf.com\/wp-content\/uploads\/2023\/02\/Combo-pin-1.jpg\",\"width\":1000,\"height\":1000,\"caption\":\"Combo pin\"},{\"@type\":\"BreadcrumbList\",\"@id\":\"https:\/\/qingdaohf.com\/product\/combo-pin\/#breadcrumb\",\"itemListElement\":[{\"@type\":\"ListItem\",\"position\":1,\"name\":\"Home\",\"item\":\"https:\/\/qingdaohf.com\/\"},{\"@type\":\"ListItem\",\"position\":2,\"name\":\"Concrete Forming Accessories and Rigging Hardware\",\"item\":\"https:\/\/qingdaohf.com\/bg\/?page_id=944\"},{\"@type\":\"ListItem\",\"position\":3,\"name\":\"Construction Hardware Combo Pin\"}]},{\"@type\":\"WebSite\",\"@id\":\"https:\/\/qingdaohf.com\/bg\/#website\",\"url\":\"https:\/\/qingdaohf.com\/bg\/\",\"name\":\"Concrete Form & Rigging Hardware Supplier\",\"description\":\"\",\"publisher\":{\"@id\":\"https:\/\/qingdaohf.com\/bg\/#organization\"},\"potentialAction\":[{\"@type\":\"SearchAction\",\"target\":{\"@type\":\"EntryPoint\",\"urlTemplate\":\"https:\/\/qingdaohf.com\/bg\/?s={search_term_string}\"},\"query-input\":{\"@type\":\"PropertyValueSpecification\",\"valueRequired\":true,\"valueName\":\"search_term_string\"}}],\"inLanguage\":\"lt-LT\"},{\"@type\":\"Organization\",\"@id\":\"https:\/\/qingdaohf.com\/bg\/#organization\",\"name\":\"Qingdao H&F\",\"url\":\"https:\/\/qingdaohf.com\/bg\/\",\"logo\":{\"@type\":\"ImageObject\",\"inLanguage\":\"lt-LT\",\"@id\":\"https:\/\/qingdaohf.com\/bg\/#\/schema\/logo\/image\/\",\"url\":\"https:\/\/qingdaohf.com\/wp-content\/uploads\/2022\/12\/cropped-HF-LOGO.png\",\"contentUrl\":\"https:\/\/qingdaohf.com\/wp-content\/uploads\/2022\/12\/cropped-HF-LOGO.png\",\"width\":391,\"height\":249,\"caption\":\"Qingdao H&F\"},\"image\":{\"@id\":\"https:\/\/qingdaohf.com\/bg\/#\/schema\/logo\/image\/\"},\"sameAs\":[\"https:\/\/www.facebook.com\/qingdaohf\"]}]}<\/script>\n<!-- \/ Yoast SEO plugin. -->","yoast_head_json":{"title":"Construction Hardware Combo Pin","description":"Round\/flat head pin\/combo pin for aluminum forming system accessories & hardware in concrete building","robots":{"index":"index","follow":"follow","max-snippet":"max-snippet:-1","max-image-preview":"max-image-preview:large","max-video-preview":"max-video-preview:-1"},"canonical":"https:\/\/qingdaohf.com\/lt\/produktas\/kombinuotas-kaistis\/","og_locale":"lt_LT","og_type":"article","og_title":"Construction Hardware Combo Pin","og_description":"Round\/flat head pin\/combo pin for aluminum forming system accessories & hardware in concrete building","og_url":"https:\/\/qingdaohf.com\/lt\/produktas\/kombinuotas-kaistis\/","og_site_name":"Concrete Form &amp; Rigging Hardware Supplier","article_publisher":"https:\/\/www.facebook.com\/qingdaohf","article_modified_time":"2025-11-13T01:06:39+00:00","og_image":[{"width":1000,"height":1000,"url":"https:\/\/qingdaohf.com\/wp-content\/uploads\/2023\/02\/Combo-pin-1.jpg","type":"image\/jpeg"}],"twitter_card":"summary_large_image","twitter_misc":{"Est. reading time":"2 minut\u0117s"},"schema":{"@context":"https:\/\/schema.org","@graph":[{"@type":"WebPage","@id":"https:\/\/qingdaohf.com\/product\/combo-pin\/","url":"https:\/\/qingdaohf.com\/product\/combo-pin\/","name":"Construction Hardware Combo Pin","isPartOf":{"@id":"https:\/\/qingdaohf.com\/bg\/#website"},"primaryImageOfPage":{"@id":"https:\/\/qingdaohf.com\/product\/combo-pin\/#primaryimage"},"image":{"@id":"https:\/\/qingdaohf.com\/product\/combo-pin\/#primaryimage"},"thumbnailUrl":"https:\/\/qingdaohf.com\/wp-content\/uploads\/2023\/02\/Combo-pin-1.jpg","datePublished":"2023-02-01T10:09:35+00:00","dateModified":"2025-11-13T01:06:39+00:00","description":"Round\/flat head pin\/combo pin for aluminum forming system accessories & hardware in concrete building","breadcrumb":{"@id":"https:\/\/qingdaohf.com\/product\/combo-pin\/#breadcrumb"},"inLanguage":"lt-LT","potentialAction":[{"@type":"ReadAction","target":["https:\/\/qingdaohf.com\/product\/combo-pin\/"]}]},{"@type":"ImageObject","inLanguage":"lt-LT","@id":"https:\/\/qingdaohf.com\/product\/combo-pin\/#primaryimage","url":"https:\/\/qingdaohf.com\/wp-content\/uploads\/2023\/02\/Combo-pin-1.jpg","contentUrl":"https:\/\/qingdaohf.com\/wp-content\/uploads\/2023\/02\/Combo-pin-1.jpg","width":1000,"height":1000,"caption":"Combo pin"},{"@type":"BreadcrumbList","@id":"https:\/\/qingdaohf.com\/product\/combo-pin\/#breadcrumb","itemListElement":[{"@type":"ListItem","position":1,"name":"Home","item":"https:\/\/qingdaohf.com\/"},{"@type":"ListItem","position":2,"name":"Concrete Forming Accessories and Rigging Hardware","item":"https:\/\/qingdaohf.com\/bg\/?page_id=944"},{"@type":"ListItem","position":3,"name":"Construction Hardware Combo Pin"}]},{"@type":"WebSite","@id":"https:\/\/qingdaohf.com\/bg\/#website","url":"https:\/\/qingdaohf.com\/bg\/","name":"Concrete Form & Rigging Hardware Supplier","description":"","publisher":{"@id":"https:\/\/qingdaohf.com\/bg\/#organization"},"potentialAction":[{"@type":"SearchAction","target":{"@type":"EntryPoint","urlTemplate":"https:\/\/qingdaohf.com\/bg\/?s={search_term_string}"},"query-input":{"@type":"PropertyValueSpecification","valueRequired":true,"valueName":"search_term_string"}}],"inLanguage":"lt-LT"},{"@type":"Organization","@id":"https:\/\/qingdaohf.com\/bg\/#organization","name":"Qingdao H&F","url":"https:\/\/qingdaohf.com\/bg\/","logo":{"@type":"ImageObject","inLanguage":"lt-LT","@id":"https:\/\/qingdaohf.com\/bg\/#\/schema\/logo\/image\/","url":"https:\/\/qingdaohf.com\/wp-content\/uploads\/2022\/12\/cropped-HF-LOGO.png","contentUrl":"https:\/\/qingdaohf.com\/wp-content\/uploads\/2022\/12\/cropped-HF-LOGO.png","width":391,"height":249,"caption":"Qingdao H&F"},"image":{"@id":"https:\/\/qingdaohf.com\/bg\/#\/schema\/logo\/image\/"},"sameAs":["https:\/\/www.facebook.com\/qingdaohf"]}]}},"_links":{"self":[{"href":"https:\/\/qingdaohf.com\/lt\/wp-json\/wp\/v2\/product\/1915","targetHints":{"allow":["GET"]}}],"collection":[{"href":"https:\/\/qingdaohf.com\/lt\/wp-json\/wp\/v2\/product"}],"about":[{"href":"https:\/\/qingdaohf.com\/lt\/wp-json\/wp\/v2\/types\/product"}],"replies":[{"embeddable":true,"href":"https:\/\/qingdaohf.com\/lt\/wp-json\/wp\/v2\/comments?post=1915"}],"version-history":[{"count":6,"href":"https:\/\/qingdaohf.com\/lt\/wp-json\/wp\/v2\/product\/1915\/revisions"}],"predecessor-version":[{"id":10245,"href":"https:\/\/qingdaohf.com\/lt\/wp-json\/wp\/v2\/product\/1915\/revisions\/10245"}],"wp:featuredmedia":[{"embeddable":true,"href":"https:\/\/qingdaohf.com\/lt\/wp-json\/wp\/v2\/media\/2715"}],"wp:attachment":[{"href":"https:\/\/qingdaohf.com\/lt\/wp-json\/wp\/v2\/media?parent=1915"}],"wp:term":[{"taxonomy":"product_brand","embeddable":true,"href":"https:\/\/qingdaohf.com\/lt\/wp-json\/wp\/v2\/product_brand?post=1915"},{"taxonomy":"product_cat","embeddable":true,"href":"https:\/\/qingdaohf.com\/lt\/wp-json\/wp\/v2\/product_cat?post=1915"},{"taxonomy":"product_tag","embeddable":true,"href":"https:\/\/qingdaohf.com\/lt\/wp-json\/wp\/v2\/product_tag?post=1915"}],"curies":[{"name":"wp","href":"https:\/\/api.w.org\/{rel}","templated":true}]}}