{"id":2056,"date":"2023-02-07T17:01:21","date_gmt":"2023-02-07T09:01:21","guid":{"rendered":"http:\/\/qingdaohf.com\/?post_type=product&#038;p=2056"},"modified":"2025-11-13T09:06:37","modified_gmt":"2025-11-13T01:06:37","slug":"coil-rods","status":"publish","type":"product","link":"https:\/\/qingdaohf.com\/lt\/produktas\/rites-strypai\/","title":{"rendered":"Klojini\u0173 rit\u0117s strypai"},"content":{"rendered":"<h1 class=\"font-600 text-2xl font-bold\">Esminis klojini\u0173 ri\u010di\u0173 stryp\u0173 vaidmuo statyboje<\/h1>\n<p class=\"whitespace-pre-wrap break-words\">Pakalb\u0117kime apie ritininius strypus - jie yra bet kurios tvirt\u0173 klojini\u0173 sistemos pagrindas. \u0160ie strypai, pagaminti i\u0161 tvirto, didelio atsparumo plieno, kaip \u010dempionai atlaiko did\u017eiul\u012f dr\u0117gno betono spaudim\u0105. Jie padeda i\u0161laikyti visk\u0105 stabil\u0173 ir tvirt\u0105, kol betonas stingsta, nesvarbu, ar statote dangorai\u017eius, tiltus, ar namus.<\/p>\n<p class=\"whitespace-pre-wrap break-words\">\u0160ie strypai yra vadinamosios traukli\u0173 sistemos dalis, kuri sujungia vandens ribotuvus, traukles ir sparnuot\u0105sias ver\u017eles \u012f vien\u0105 skland\u017eiai veikiant\u012f \u012frengin\u012f. Kiekviena detal\u0117 atlieka savo darb\u0105, ta\u010diau kartu jos u\u017etikrina, kad \u0161iuolaikin\u0117 konstrukcija veikt\u0173 kaip laikrodis.<\/p>\n<p class=\"whitespace-pre-wrap break-words\">Parodos \u017evaig\u017ed\u0117 yra pats rit\u0117s strypas su srieginiais galais, d\u0117l kuri\u0173 montavimas ir nu\u0117mimas tampa lengvas. Reikia pritaikyti skirtingiems projekto poreikiams? Joki\u0173 problem\u0173 - \u0161ie strypai dera su \u012fvairiausiais priedais. Nuo betono liejimo labai auk\u0161tai iki detali\u0173 architekt\u016brini\u0173 element\u0173 k\u016brimo - ritininiai strypai kaskart u\u017etikrina patikimus rezultatus.<\/p>\n<p><img fetchpriority=\"high\" decoding=\"async\" class=\"alignnone wp-image-8579 size-full\" src=\"http:\/\/qingdaohf.com\/wp-content\/uploads\/2024\/12\/tie-rod-92.webp\" alt=\"kaklarai\u0161\u010di\u0173 sistema\" width=\"1000\" height=\"1000\" srcset=\"https:\/\/qingdaohf.com\/wp-content\/uploads\/2024\/12\/tie-rod-92.webp 1000w, https:\/\/qingdaohf.com\/wp-content\/uploads\/2024\/12\/tie-rod-92-300x300.webp 300w, https:\/\/qingdaohf.com\/wp-content\/uploads\/2024\/12\/tie-rod-92-150x150.webp 150w, https:\/\/qingdaohf.com\/wp-content\/uploads\/2024\/12\/tie-rod-92-768x768.webp 768w, https:\/\/qingdaohf.com\/wp-content\/uploads\/2024\/12\/tie-rod-92-12x12.webp 12w, https:\/\/qingdaohf.com\/wp-content\/uploads\/2024\/12\/tie-rod-92-500x500.webp 500w, https:\/\/qingdaohf.com\/wp-content\/uploads\/2024\/12\/tie-rod-92-100x100.webp 100w\" sizes=\"(max-width: 1000px) 100vw, 1000px\" \/><\/p>\n<h1 class=\"font-600 text-2xl font-bold\">Kaklarai\u0161\u010di\u0173 sistemos i\u0161pakavimas: Vandens ribotuvai, kaklarai\u0161\u010diai ir sparno ver\u017el\u0117s<\/h1>\n<p class=\"whitespace-pre-wrap break-words\">Galvokite apie traukli\u0173 sistem\u0105 kaip apie savo \u0161veicari\u0161k\u0105 peil\u012f konstrukcijos i\u0161\u0161\u016bkiams spr\u0119sti. Pavyzd\u017eiui, vandens stotel\u0117s - jos labai svarbios statant objektus, kurie turi i\u0161likti sausi, pavyzd\u017eiui, r\u016bsius ir atramines sienas. Jie u\u017edaro keli\u0105 aplink stryp\u0105 ir neleid\u017eia vandeniui patekti ten, kur jam ir priklauso - u\u017e konstrukcijos rib\u0173.<\/p>\n<p class=\"whitespace-pre-wrap break-words\">Priri\u0161imo strypai kartu su sparnuotosiomis ver\u017el\u0117mis tvirtai u\u017efiksuoja klojinius. Strypai i\u0161tempiami skersai klojini\u0173 plok\u0161\u010di\u0173, i\u0161laikant tinkam\u0105 atstum\u0105 tarp j\u0173 ir stipriai apsaugant nuo betono spaudimo. Sparnuotosios ver\u017el\u0117s leid\u017eia lengvai nustatyti tobul\u0105 montavim\u0105 ir visk\u0105 i\u0161traukti, kai betonas jau gerai susting\u0119s.<\/p>\n<p class=\"whitespace-pre-wrap break-words\">\u010cia, \u010cingdao H&amp;F, mes esame aps\u0117sti siekio u\u017etikrinti, kad m\u016bs\u0173 rit\u0117s stryp\u0173 sriegiai b\u016bt\u0173 tinkami. Kod\u0117l? Nes nepriekai\u0161tingas sriegimas rei\u0161kia, kad viskas skland\u017eiai dera tarpusavyje - vandens ribotuvai, sparnuotosios ver\u017el\u0117s, visi darbai. Kruop\u0161\u010diai i\u0161bandome kiekvien\u0105 komponent\u0105, kad \u017einotum\u0117te, jog jis i\u0161laikys visk\u0105, k\u0105 tik \u012f j\u012f paleisite.<\/p>\n<h1 class=\"font-600 text-2xl font-bold\">Kod\u0117l verta rinktis Qingdao H&amp;F klojini\u0173 ri\u010di\u0173 strypus?<\/h1>\n<p class=\"whitespace-pre-wrap break-words\">Kai perkate rit\u0117s strypus, jums reikia ne tik ger\u0173 gamini\u0173 - reikia, kad visas paketas veikt\u0173 skland\u017eiai. B\u016btent \u010dia mes ir spindime.<\/p>\n<p class=\"whitespace-pre-wrap break-words\">Kiekvienam klientui skiriame savo kontaktin\u012f specialist\u0105. Reikia nestandartinio ilgio? Speciali\u0173 sriegi\u0173? Speciali\u0173 pried\u0173? J\u016bs\u0173 specialistas pasir\u016bpins tuo. Jie tiksliai supras, ko jums reikia, ir pasir\u016bpins, kad tai gautum\u0117te.<\/p>\n<p class=\"whitespace-pre-wrap break-words\">Statybose laikas yra pinigai, ir mes tai suprantame. Niekas nenori, kad jo projektas b\u016bt\u0173 stabdomas laukiant med\u017eiag\u0173. Tod\u0117l suk\u016br\u0117me greit\u0105 ir patikim\u0105 pristatymo sistem\u0105. Esame \u012fdieg\u0119 jungtis ir sistemas, kad pristatytume j\u016bs\u0173 med\u017eiagas ten, kur reikia, ir tada, kai reikia.<\/p>\n<p class=\"whitespace-pre-wrap break-words\">Kokyb\u0117 n\u0117ra tai, su kuo mes susigundytume. Prie kiekvieno rit\u0117s strypo pridedamos i\u0161samios patikros ataskaitos, kuriose tiksliai apra\u0161oma, kaip jis veikia. Juodu ant balto para\u0161yta, kiek ji stipri ir kaip tiksliai sriegiama. Visk\u0105 tikriname pagal pramon\u0117s standartus, nes \u017einome, kad b\u016btent to jums reikia.<\/p>\n<p class=\"whitespace-pre-wrap break-words\">Nesvarbu, ar vykdote did\u017eiul\u012f infrastrukt\u016bros projekt\u0105, ar ma\u017eesn\u012f ir specializuot\u0105, m\u016bs\u0173 ritininiai strypai gali su tuo susidoroti. Be to, mes r\u016bpinam\u0117s, kad klientai b\u016bt\u0173 patenkinti, ir suprasite, kod\u0117l statybininkai pasitiki \"Qingdao H&amp;F\".<\/p>","protected":false},"excerpt":{"rendered":"<p>Klojini\u0173 ritini\u0173 strypai yra neatsiejama \u0161iuolaikin\u0117s statybos dalis, u\u017etikrinanti saug\u0173 ir veiksming\u0105 betono klojini\u0173 montavim\u0105. Pirk\u0117jai da\u017enai teikia pirmenyb\u0119 ilgaam\u017ei\u0161kumui, suderinamumui su klojini\u0173 sistemomis ir galimybei \u012fsigyti vandens stabdymo pried\u0173. Qingdao H&amp;F supranta \u0161iuos r\u016bpes\u010dius. Teikdami individual\u0173 klient\u0173 aptarnavim\u0105, mes teikiame i\u0161samias kokyb\u0117s patikrinimo ataskaitas, greit\u0105 pristatymo cikl\u0105 ir pritaikomus sprendimus j\u016bs\u0173 statyb\u0173 poreikiams. Nesvarbu, ar renkat\u0117s ritininius strypus didel\u0117s apimties infrastrukt\u016brai, ar ma\u017eesniems projektams, esame \u012fsipareigoj\u0119 u\u017etikrinti patikimum\u0105 ir tikslum\u0105.<\/p>\n<p>&nbsp;<\/p>","protected":false},"featured_media":2710,"comment_status":"open","ping_status":"closed","template":"","meta":{"site-sidebar-layout":"default","site-content-layout":"default","ast-site-content-layout":"default","site-content-style":"default","site-sidebar-style":"default","ast-global-header-display":"","ast-banner-title-visibility":"","ast-main-header-display":"","ast-hfb-above-header-display":"","ast-hfb-below-header-display":"","ast-hfb-mobile-header-display":"","site-post-title":"","ast-breadcrumbs-content":"","ast-featured-img":"","footer-sml-layout":"","theme-transparent-header-meta":"default","adv-header-id-meta":"","stick-header-meta":"default","header-above-stick-meta":"","header-main-stick-meta":"","header-below-stick-meta":"","astra-migrate-meta-layouts":"set","ast-page-background-enabled":"default","ast-page-background-meta":{"desktop":{"background-color":"","background-image":"","background-repeat":"repeat","background-position":"center center","background-size":"auto","background-attachment":"scroll","background-type":"","background-media":"","overlay-type":"","overlay-color":"","overlay-opacity":"","overlay-gradient":""},"tablet":{"background-color":"","background-image":"","background-repeat":"repeat","background-position":"center center","background-size":"auto","background-attachment":"scroll","background-type":"","background-media":"","overlay-type":"","overlay-color":"","overlay-opacity":"","overlay-gradient":""},"mobile":{"background-color":"","background-image":"","background-repeat":"repeat","background-position":"center center","background-size":"auto","background-attachment":"scroll","background-type":"","background-media":"","overlay-type":"","overlay-color":"","overlay-opacity":"","overlay-gradient":""}},"ast-content-background-meta":{"desktop":{"background-color":"var(--ast-global-color-5)","background-image":"","background-repeat":"repeat","background-position":"center center","background-size":"auto","background-attachment":"scroll","background-type":"","background-media":"","overlay-type":"","overlay-color":"","overlay-opacity":"","overlay-gradient":""},"tablet":{"background-color":"var(--ast-global-color-5)","background-image":"","background-repeat":"repeat","background-position":"center center","background-size":"auto","background-attachment":"scroll","background-type":"","background-media":"","overlay-type":"","overlay-color":"","overlay-opacity":"","overlay-gradient":""},"mobile":{"background-color":"var(--ast-global-color-5)","background-image":"","background-repeat":"repeat","background-position":"center center","background-size":"auto","background-attachment":"scroll","background-type":"","background-media":"","overlay-type":"","overlay-color":"","overlay-opacity":"","overlay-gradient":""}}},"product_brand":[],"product_cat":[79],"product_tag":[],"class_list":{"0":"post-2056","1":"product","2":"type-product","3":"status-publish","4":"has-post-thumbnail","6":"product_cat-tie-rod-system","7":"desktop-align-left","8":"tablet-align-left","9":"mobile-align-left","10":"ast-product-gallery-layout-horizontal-slider","11":"ast-product-tabs-layout-horizontal","13":"first","14":"instock","15":"shipping-taxable","16":"purchasable","17":"product-type-simple"},"yoast_head":"<!-- This site is optimized with the Yoast SEO plugin v25.2 - https:\/\/yoast.com\/wordpress\/plugins\/seo\/ -->\n<title>Formwork Coil Rods<\/title>\n<meta name=\"description\" content=\"Coil rods are used in concrete forming applications. Their loose threads design curtails dust and dirt accumulation.\" \/>\n<meta name=\"robots\" content=\"index, follow, max-snippet:-1, max-image-preview:large, max-video-preview:-1\" \/>\n<link rel=\"canonical\" href=\"https:\/\/qingdaohf.com\/lt\/produktas\/rites-strypai\/\" \/>\n<meta property=\"og:locale\" content=\"lt_LT\" \/>\n<meta property=\"og:type\" content=\"article\" \/>\n<meta property=\"og:title\" content=\"Formwork Coil Rods\" \/>\n<meta property=\"og:description\" content=\"Coil rods are used in concrete forming applications. Their loose threads design curtails dust and dirt accumulation.\" \/>\n<meta property=\"og:url\" content=\"https:\/\/qingdaohf.com\/lt\/produktas\/rites-strypai\/\" \/>\n<meta property=\"og:site_name\" content=\"Concrete Form &amp; Rigging Hardware Supplier\" \/>\n<meta property=\"article:publisher\" content=\"https:\/\/www.facebook.com\/qingdaohf\" \/>\n<meta property=\"article:modified_time\" content=\"2025-11-13T01:06:37+00:00\" \/>\n<meta property=\"og:image\" content=\"https:\/\/qingdaohf.com\/wp-content\/uploads\/2023\/02\/Coil-Rod-1.jpg\" \/>\n\t<meta property=\"og:image:width\" content=\"1000\" \/>\n\t<meta property=\"og:image:height\" content=\"1000\" \/>\n\t<meta property=\"og:image:type\" content=\"image\/jpeg\" \/>\n<meta name=\"twitter:card\" content=\"summary_large_image\" \/>\n<meta name=\"twitter:label1\" content=\"Est. reading time\" \/>\n\t<meta name=\"twitter:data1\" content=\"3 minut\u0117s\" \/>\n<script type=\"application\/ld+json\" class=\"yoast-schema-graph\">{\"@context\":\"https:\/\/schema.org\",\"@graph\":[{\"@type\":\"WebPage\",\"@id\":\"https:\/\/qingdaohf.com\/product\/coil-rods\/\",\"url\":\"https:\/\/qingdaohf.com\/product\/coil-rods\/\",\"name\":\"Formwork Coil Rods\",\"isPartOf\":{\"@id\":\"https:\/\/qingdaohf.com\/bg\/#website\"},\"primaryImageOfPage\":{\"@id\":\"https:\/\/qingdaohf.com\/product\/coil-rods\/#primaryimage\"},\"image\":{\"@id\":\"https:\/\/qingdaohf.com\/product\/coil-rods\/#primaryimage\"},\"thumbnailUrl\":\"https:\/\/qingdaohf.com\/wp-content\/uploads\/2023\/02\/Coil-Rod-1.jpg\",\"datePublished\":\"2023-02-07T09:01:21+00:00\",\"dateModified\":\"2025-11-13T01:06:37+00:00\",\"description\":\"Coil rods are used in concrete forming applications. Their loose threads design curtails dust and dirt accumulation.\",\"breadcrumb\":{\"@id\":\"https:\/\/qingdaohf.com\/product\/coil-rods\/#breadcrumb\"},\"inLanguage\":\"lt-LT\",\"potentialAction\":[{\"@type\":\"ReadAction\",\"target\":[\"https:\/\/qingdaohf.com\/product\/coil-rods\/\"]}]},{\"@type\":\"ImageObject\",\"inLanguage\":\"lt-LT\",\"@id\":\"https:\/\/qingdaohf.com\/product\/coil-rods\/#primaryimage\",\"url\":\"https:\/\/qingdaohf.com\/wp-content\/uploads\/2023\/02\/Coil-Rod-1.jpg\",\"contentUrl\":\"https:\/\/qingdaohf.com\/wp-content\/uploads\/2023\/02\/Coil-Rod-1.jpg\",\"width\":1000,\"height\":1000,\"caption\":\"Coil Rod\"},{\"@type\":\"BreadcrumbList\",\"@id\":\"https:\/\/qingdaohf.com\/product\/coil-rods\/#breadcrumb\",\"itemListElement\":[{\"@type\":\"ListItem\",\"position\":1,\"name\":\"Home\",\"item\":\"https:\/\/qingdaohf.com\/\"},{\"@type\":\"ListItem\",\"position\":2,\"name\":\"Concrete Forming Accessories and Rigging Hardware\",\"item\":\"https:\/\/qingdaohf.com\/bg\/?page_id=944\"},{\"@type\":\"ListItem\",\"position\":3,\"name\":\"Formwork Coil Rods\"}]},{\"@type\":\"WebSite\",\"@id\":\"https:\/\/qingdaohf.com\/bg\/#website\",\"url\":\"https:\/\/qingdaohf.com\/bg\/\",\"name\":\"Concrete Form & Rigging Hardware Supplier\",\"description\":\"\",\"publisher\":{\"@id\":\"https:\/\/qingdaohf.com\/bg\/#organization\"},\"potentialAction\":[{\"@type\":\"SearchAction\",\"target\":{\"@type\":\"EntryPoint\",\"urlTemplate\":\"https:\/\/qingdaohf.com\/bg\/?s={search_term_string}\"},\"query-input\":{\"@type\":\"PropertyValueSpecification\",\"valueRequired\":true,\"valueName\":\"search_term_string\"}}],\"inLanguage\":\"lt-LT\"},{\"@type\":\"Organization\",\"@id\":\"https:\/\/qingdaohf.com\/bg\/#organization\",\"name\":\"Qingdao H&F\",\"url\":\"https:\/\/qingdaohf.com\/bg\/\",\"logo\":{\"@type\":\"ImageObject\",\"inLanguage\":\"lt-LT\",\"@id\":\"https:\/\/qingdaohf.com\/bg\/#\/schema\/logo\/image\/\",\"url\":\"https:\/\/qingdaohf.com\/wp-content\/uploads\/2022\/12\/cropped-HF-LOGO.png\",\"contentUrl\":\"https:\/\/qingdaohf.com\/wp-content\/uploads\/2022\/12\/cropped-HF-LOGO.png\",\"width\":391,\"height\":249,\"caption\":\"Qingdao H&F\"},\"image\":{\"@id\":\"https:\/\/qingdaohf.com\/bg\/#\/schema\/logo\/image\/\"},\"sameAs\":[\"https:\/\/www.facebook.com\/qingdaohf\"]}]}<\/script>\n<!-- \/ Yoast SEO plugin. -->","yoast_head_json":{"title":"Formwork Coil Rods","description":"Coil rods are used in concrete forming applications. Their loose threads design curtails dust and dirt accumulation.","robots":{"index":"index","follow":"follow","max-snippet":"max-snippet:-1","max-image-preview":"max-image-preview:large","max-video-preview":"max-video-preview:-1"},"canonical":"https:\/\/qingdaohf.com\/lt\/produktas\/rites-strypai\/","og_locale":"lt_LT","og_type":"article","og_title":"Formwork Coil Rods","og_description":"Coil rods are used in concrete forming applications. Their loose threads design curtails dust and dirt accumulation.","og_url":"https:\/\/qingdaohf.com\/lt\/produktas\/rites-strypai\/","og_site_name":"Concrete Form &amp; Rigging Hardware Supplier","article_publisher":"https:\/\/www.facebook.com\/qingdaohf","article_modified_time":"2025-11-13T01:06:37+00:00","og_image":[{"width":1000,"height":1000,"url":"https:\/\/qingdaohf.com\/wp-content\/uploads\/2023\/02\/Coil-Rod-1.jpg","type":"image\/jpeg"}],"twitter_card":"summary_large_image","twitter_misc":{"Est. reading time":"3 minut\u0117s"},"schema":{"@context":"https:\/\/schema.org","@graph":[{"@type":"WebPage","@id":"https:\/\/qingdaohf.com\/product\/coil-rods\/","url":"https:\/\/qingdaohf.com\/product\/coil-rods\/","name":"Formwork Coil Rods","isPartOf":{"@id":"https:\/\/qingdaohf.com\/bg\/#website"},"primaryImageOfPage":{"@id":"https:\/\/qingdaohf.com\/product\/coil-rods\/#primaryimage"},"image":{"@id":"https:\/\/qingdaohf.com\/product\/coil-rods\/#primaryimage"},"thumbnailUrl":"https:\/\/qingdaohf.com\/wp-content\/uploads\/2023\/02\/Coil-Rod-1.jpg","datePublished":"2023-02-07T09:01:21+00:00","dateModified":"2025-11-13T01:06:37+00:00","description":"Coil rods are used in concrete forming applications. Their loose threads design curtails dust and dirt accumulation.","breadcrumb":{"@id":"https:\/\/qingdaohf.com\/product\/coil-rods\/#breadcrumb"},"inLanguage":"lt-LT","potentialAction":[{"@type":"ReadAction","target":["https:\/\/qingdaohf.com\/product\/coil-rods\/"]}]},{"@type":"ImageObject","inLanguage":"lt-LT","@id":"https:\/\/qingdaohf.com\/product\/coil-rods\/#primaryimage","url":"https:\/\/qingdaohf.com\/wp-content\/uploads\/2023\/02\/Coil-Rod-1.jpg","contentUrl":"https:\/\/qingdaohf.com\/wp-content\/uploads\/2023\/02\/Coil-Rod-1.jpg","width":1000,"height":1000,"caption":"Coil Rod"},{"@type":"BreadcrumbList","@id":"https:\/\/qingdaohf.com\/product\/coil-rods\/#breadcrumb","itemListElement":[{"@type":"ListItem","position":1,"name":"Home","item":"https:\/\/qingdaohf.com\/"},{"@type":"ListItem","position":2,"name":"Concrete Forming Accessories and Rigging Hardware","item":"https:\/\/qingdaohf.com\/bg\/?page_id=944"},{"@type":"ListItem","position":3,"name":"Formwork Coil Rods"}]},{"@type":"WebSite","@id":"https:\/\/qingdaohf.com\/bg\/#website","url":"https:\/\/qingdaohf.com\/bg\/","name":"Concrete Form & Rigging Hardware Supplier","description":"","publisher":{"@id":"https:\/\/qingdaohf.com\/bg\/#organization"},"potentialAction":[{"@type":"SearchAction","target":{"@type":"EntryPoint","urlTemplate":"https:\/\/qingdaohf.com\/bg\/?s={search_term_string}"},"query-input":{"@type":"PropertyValueSpecification","valueRequired":true,"valueName":"search_term_string"}}],"inLanguage":"lt-LT"},{"@type":"Organization","@id":"https:\/\/qingdaohf.com\/bg\/#organization","name":"Qingdao H&F","url":"https:\/\/qingdaohf.com\/bg\/","logo":{"@type":"ImageObject","inLanguage":"lt-LT","@id":"https:\/\/qingdaohf.com\/bg\/#\/schema\/logo\/image\/","url":"https:\/\/qingdaohf.com\/wp-content\/uploads\/2022\/12\/cropped-HF-LOGO.png","contentUrl":"https:\/\/qingdaohf.com\/wp-content\/uploads\/2022\/12\/cropped-HF-LOGO.png","width":391,"height":249,"caption":"Qingdao H&F"},"image":{"@id":"https:\/\/qingdaohf.com\/bg\/#\/schema\/logo\/image\/"},"sameAs":["https:\/\/www.facebook.com\/qingdaohf"]}]}},"_links":{"self":[{"href":"https:\/\/qingdaohf.com\/lt\/wp-json\/wp\/v2\/product\/2056","targetHints":{"allow":["GET"]}}],"collection":[{"href":"https:\/\/qingdaohf.com\/lt\/wp-json\/wp\/v2\/product"}],"about":[{"href":"https:\/\/qingdaohf.com\/lt\/wp-json\/wp\/v2\/types\/product"}],"replies":[{"embeddable":true,"href":"https:\/\/qingdaohf.com\/lt\/wp-json\/wp\/v2\/comments?post=2056"}],"version-history":[{"count":3,"href":"https:\/\/qingdaohf.com\/lt\/wp-json\/wp\/v2\/product\/2056\/revisions"}],"predecessor-version":[{"id":8605,"href":"https:\/\/qingdaohf.com\/lt\/wp-json\/wp\/v2\/product\/2056\/revisions\/8605"}],"wp:featuredmedia":[{"embeddable":true,"href":"https:\/\/qingdaohf.com\/lt\/wp-json\/wp\/v2\/media\/2710"}],"wp:attachment":[{"href":"https:\/\/qingdaohf.com\/lt\/wp-json\/wp\/v2\/media?parent=2056"}],"wp:term":[{"taxonomy":"product_brand","embeddable":true,"href":"https:\/\/qingdaohf.com\/lt\/wp-json\/wp\/v2\/product_brand?post=2056"},{"taxonomy":"product_cat","embeddable":true,"href":"https:\/\/qingdaohf.com\/lt\/wp-json\/wp\/v2\/product_cat?post=2056"},{"taxonomy":"product_tag","embeddable":true,"href":"https:\/\/qingdaohf.com\/lt\/wp-json\/wp\/v2\/product_tag?post=2056"}],"curies":[{"name":"wp","href":"https:\/\/api.w.org\/{rel}","templated":true}]}}