{"id":2058,"date":"2023-02-07T17:06:56","date_gmt":"2023-02-07T09:06:56","guid":{"rendered":"http:\/\/qingdaohf.com\/?post_type=product&#038;p=2058"},"modified":"2025-11-13T09:06:37","modified_gmt":"2025-11-13T01:06:37","slug":"coil-nut","status":"publish","type":"product","link":"https:\/\/qingdaohf.com\/lt\/produktas\/rites-verzle\/","title":{"rendered":"Betono formavimo priedai Rit\u0117s ver\u017el\u0117"},"content":{"rendered":"<p>Betono klojini\u0173 ritinin\u0117 ver\u017el\u0117 - tai specializuota ritinin\u0117 ver\u017el\u0117, sukurta specialiai naudoti betono klojiniuose. Ji paprastai naudojama statybos projektuose, kai betonas pilamas \u012f form\u0105 arba liejimo form\u0105, kad b\u016bt\u0173 sukurta tam tikra forma arba konstrukcija.<\/p>\n<p>Betono klojini\u0173 ritinin\u0117s ver\u017el\u0117s naudojamos kartu su ritininiais var\u017etais, kurie yra srieginiai strypai, \u012fsmeigti \u012f beton\u0105, kad u\u017etikrint\u0173 saug\u0173 klojini\u0173 tvirtinimo ta\u0161k\u0105. Tada ritinin\u0117 ver\u017el\u0117 prisukama prie ritininio var\u017eto, kad klojiniai tvirtai laikyt\u0173si savo vietoje.<\/p>\n<p>\u0160ios ver\u017el\u0117s paprastai gaminamos i\u0161 didelio atsparumo med\u017eiag\u0173, pavyzd\u017eiui, plieno arba ner\u016bdijan\u010dio plieno, kad atlaikyt\u0173 dideles apkrovas ir \u012ftempius, susijusius su betono klojini\u0173 naudojimu. Jos taip pat suprojektuotos taip, kad b\u016bt\u0173 atsparios korozijai ir pa\u017eeidimams, atsirandantiems d\u0117l element\u0173 ir chemini\u0173 med\u017eiag\u0173 poveikio, kuris da\u017eniausiai pasitaiko statybviet\u0117se.<\/p>\n<p>Betono klojini\u0173 ritini\u0173 ver\u017el\u0117s yra \u012fvairi\u0173 dyd\u017ei\u0173 ir sriegi\u0173 tip\u0173, tinkan\u010di\u0173 \u012fvairioms reikm\u0117ms, ir gali b\u016bti naudojamos su \u012fvairiomis klojini\u0173 sistemomis. Jos yra labai svarbus komponentas, u\u017etikrinantis betono konstrukcij\u0173 stabilum\u0105 ir vientisum\u0105, ir pla\u010diai naudojamos statybos projektuose visame pasaulyje.<\/p>","protected":false},"excerpt":{"rendered":"<p>Rit\u0117s ver\u017el\u0117s naudojamos kartu su \u0161e\u0161iakampiais var\u017etais ir strypais su rit\u0117s sriegiu, kad b\u016bt\u0173 galima greitai surinkti ir i\u0161ardyti betono formas.<\/p>","protected":false},"featured_media":2554,"comment_status":"open","ping_status":"closed","template":"","meta":{"site-sidebar-layout":"default","site-content-layout":"default","ast-site-content-layout":"","site-content-style":"default","site-sidebar-style":"default","ast-global-header-display":"","ast-banner-title-visibility":"","ast-main-header-display":"","ast-hfb-above-header-display":"","ast-hfb-below-header-display":"","ast-hfb-mobile-header-display":"","site-post-title":"","ast-breadcrumbs-content":"","ast-featured-img":"","footer-sml-layout":"","theme-transparent-header-meta":"default","adv-header-id-meta":"","stick-header-meta":"default","header-above-stick-meta":"","header-main-stick-meta":"","header-below-stick-meta":"","astra-migrate-meta-layouts":"default","ast-page-background-enabled":"default","ast-page-background-meta":{"desktop":{"background-color":"","background-image":"","background-repeat":"repeat","background-position":"center center","background-size":"auto","background-attachment":"scroll","background-type":"","background-media":"","overlay-type":"","overlay-color":"","overlay-opacity":"","overlay-gradient":""},"tablet":{"background-color":"","background-image":"","background-repeat":"repeat","background-position":"center center","background-size":"auto","background-attachment":"scroll","background-type":"","background-media":"","overlay-type":"","overlay-color":"","overlay-opacity":"","overlay-gradient":""},"mobile":{"background-color":"","background-image":"","background-repeat":"repeat","background-position":"center center","background-size":"auto","background-attachment":"scroll","background-type":"","background-media":"","overlay-type":"","overlay-color":"","overlay-opacity":"","overlay-gradient":""}},"ast-content-background-meta":{"desktop":{"background-color":"var(--ast-global-color-5)","background-image":"","background-repeat":"repeat","background-position":"center center","background-size":"auto","background-attachment":"scroll","background-type":"","background-media":"","overlay-type":"","overlay-color":"","overlay-opacity":"","overlay-gradient":""},"tablet":{"background-color":"var(--ast-global-color-5)","background-image":"","background-repeat":"repeat","background-position":"center center","background-size":"auto","background-attachment":"scroll","background-type":"","background-media":"","overlay-type":"","overlay-color":"","overlay-opacity":"","overlay-gradient":""},"mobile":{"background-color":"var(--ast-global-color-5)","background-image":"","background-repeat":"repeat","background-position":"center center","background-size":"auto","background-attachment":"scroll","background-type":"","background-media":"","overlay-type":"","overlay-color":"","overlay-opacity":"","overlay-gradient":""}}},"product_brand":[],"product_cat":[31],"product_tag":[],"class_list":{"0":"post-2058","1":"product","2":"type-product","3":"status-publish","4":"has-post-thumbnail","6":"product_cat-fasteners","7":"desktop-align-left","8":"tablet-align-left","9":"mobile-align-left","10":"ast-product-gallery-layout-horizontal-slider","11":"ast-product-tabs-layout-horizontal","13":"first","14":"instock","15":"shipping-taxable","16":"purchasable","17":"product-type-simple"},"yoast_head":"<!-- This site is optimized with the Yoast SEO plugin v25.2 - https:\/\/yoast.com\/wordpress\/plugins\/seo\/ -->\n<title>Concrete Forming Accessories Coil Nut<\/title>\n<meta name=\"description\" content=\"Coil Nuts are used with Coil Thread Hex Bolts and rods for quick assembly and disassembly of concrete forms.\" \/>\n<meta name=\"robots\" content=\"index, follow, max-snippet:-1, max-image-preview:large, max-video-preview:-1\" \/>\n<link rel=\"canonical\" href=\"https:\/\/qingdaohf.com\/lt\/produktas\/rites-verzle\/\" \/>\n<meta property=\"og:locale\" content=\"lt_LT\" \/>\n<meta property=\"og:type\" content=\"article\" \/>\n<meta property=\"og:title\" content=\"Concrete Forming Accessories Coil Nut\" \/>\n<meta property=\"og:description\" content=\"Coil Nuts are used with Coil Thread Hex Bolts and rods for quick assembly and disassembly of concrete forms.\" \/>\n<meta property=\"og:url\" content=\"https:\/\/qingdaohf.com\/lt\/produktas\/rites-verzle\/\" \/>\n<meta property=\"og:site_name\" content=\"Concrete Form &amp; Rigging Hardware Supplier\" \/>\n<meta property=\"article:publisher\" content=\"https:\/\/www.facebook.com\/qingdaohf\" \/>\n<meta property=\"article:modified_time\" content=\"2025-11-13T01:06:37+00:00\" \/>\n<meta property=\"og:image\" content=\"https:\/\/qingdaohf.com\/wp-content\/uploads\/2023\/02\/coil-nut-3.jpg\" \/>\n\t<meta property=\"og:image:width\" content=\"1000\" \/>\n\t<meta property=\"og:image:height\" content=\"1000\" \/>\n\t<meta property=\"og:image:type\" content=\"image\/jpeg\" \/>\n<meta name=\"twitter:card\" content=\"summary_large_image\" \/>\n<meta name=\"twitter:label1\" content=\"Est. reading time\" \/>\n\t<meta name=\"twitter:data1\" content=\"2 minut\u0117s\" \/>\n<script type=\"application\/ld+json\" class=\"yoast-schema-graph\">{\"@context\":\"https:\/\/schema.org\",\"@graph\":[{\"@type\":\"WebPage\",\"@id\":\"https:\/\/qingdaohf.com\/product\/coil-nut\/\",\"url\":\"https:\/\/qingdaohf.com\/product\/coil-nut\/\",\"name\":\"Concrete Forming Accessories Coil Nut\",\"isPartOf\":{\"@id\":\"https:\/\/qingdaohf.com\/bg\/#website\"},\"primaryImageOfPage\":{\"@id\":\"https:\/\/qingdaohf.com\/product\/coil-nut\/#primaryimage\"},\"image\":{\"@id\":\"https:\/\/qingdaohf.com\/product\/coil-nut\/#primaryimage\"},\"thumbnailUrl\":\"https:\/\/qingdaohf.com\/wp-content\/uploads\/2023\/02\/coil-nut-3.jpg\",\"datePublished\":\"2023-02-07T09:06:56+00:00\",\"dateModified\":\"2025-11-13T01:06:37+00:00\",\"description\":\"Coil Nuts are used with Coil Thread Hex Bolts and rods for quick assembly and disassembly of concrete forms.\",\"breadcrumb\":{\"@id\":\"https:\/\/qingdaohf.com\/product\/coil-nut\/#breadcrumb\"},\"inLanguage\":\"lt-LT\",\"potentialAction\":[{\"@type\":\"ReadAction\",\"target\":[\"https:\/\/qingdaohf.com\/product\/coil-nut\/\"]}]},{\"@type\":\"ImageObject\",\"inLanguage\":\"lt-LT\",\"@id\":\"https:\/\/qingdaohf.com\/product\/coil-nut\/#primaryimage\",\"url\":\"https:\/\/qingdaohf.com\/wp-content\/uploads\/2023\/02\/coil-nut-3.jpg\",\"contentUrl\":\"https:\/\/qingdaohf.com\/wp-content\/uploads\/2023\/02\/coil-nut-3.jpg\",\"width\":1000,\"height\":1000,\"caption\":\"coil nut\"},{\"@type\":\"BreadcrumbList\",\"@id\":\"https:\/\/qingdaohf.com\/product\/coil-nut\/#breadcrumb\",\"itemListElement\":[{\"@type\":\"ListItem\",\"position\":1,\"name\":\"Home\",\"item\":\"https:\/\/qingdaohf.com\/\"},{\"@type\":\"ListItem\",\"position\":2,\"name\":\"Concrete Forming Accessories and Rigging Hardware\",\"item\":\"https:\/\/qingdaohf.com\/bg\/?page_id=944\"},{\"@type\":\"ListItem\",\"position\":3,\"name\":\"Concrete Forming Accessories Coil Nut\"}]},{\"@type\":\"WebSite\",\"@id\":\"https:\/\/qingdaohf.com\/bg\/#website\",\"url\":\"https:\/\/qingdaohf.com\/bg\/\",\"name\":\"Concrete Form & Rigging Hardware Supplier\",\"description\":\"\",\"publisher\":{\"@id\":\"https:\/\/qingdaohf.com\/bg\/#organization\"},\"potentialAction\":[{\"@type\":\"SearchAction\",\"target\":{\"@type\":\"EntryPoint\",\"urlTemplate\":\"https:\/\/qingdaohf.com\/bg\/?s={search_term_string}\"},\"query-input\":{\"@type\":\"PropertyValueSpecification\",\"valueRequired\":true,\"valueName\":\"search_term_string\"}}],\"inLanguage\":\"lt-LT\"},{\"@type\":\"Organization\",\"@id\":\"https:\/\/qingdaohf.com\/bg\/#organization\",\"name\":\"Qingdao H&F\",\"url\":\"https:\/\/qingdaohf.com\/bg\/\",\"logo\":{\"@type\":\"ImageObject\",\"inLanguage\":\"lt-LT\",\"@id\":\"https:\/\/qingdaohf.com\/bg\/#\/schema\/logo\/image\/\",\"url\":\"https:\/\/qingdaohf.com\/wp-content\/uploads\/2022\/12\/cropped-HF-LOGO.png\",\"contentUrl\":\"https:\/\/qingdaohf.com\/wp-content\/uploads\/2022\/12\/cropped-HF-LOGO.png\",\"width\":391,\"height\":249,\"caption\":\"Qingdao H&F\"},\"image\":{\"@id\":\"https:\/\/qingdaohf.com\/bg\/#\/schema\/logo\/image\/\"},\"sameAs\":[\"https:\/\/www.facebook.com\/qingdaohf\"]}]}<\/script>\n<!-- \/ Yoast SEO plugin. -->","yoast_head_json":{"title":"Concrete Forming Accessories Coil Nut","description":"Coil Nuts are used with Coil Thread Hex Bolts and rods for quick assembly and disassembly of concrete forms.","robots":{"index":"index","follow":"follow","max-snippet":"max-snippet:-1","max-image-preview":"max-image-preview:large","max-video-preview":"max-video-preview:-1"},"canonical":"https:\/\/qingdaohf.com\/lt\/produktas\/rites-verzle\/","og_locale":"lt_LT","og_type":"article","og_title":"Concrete Forming Accessories Coil Nut","og_description":"Coil Nuts are used with Coil Thread Hex Bolts and rods for quick assembly and disassembly of concrete forms.","og_url":"https:\/\/qingdaohf.com\/lt\/produktas\/rites-verzle\/","og_site_name":"Concrete Form &amp; Rigging Hardware Supplier","article_publisher":"https:\/\/www.facebook.com\/qingdaohf","article_modified_time":"2025-11-13T01:06:37+00:00","og_image":[{"width":1000,"height":1000,"url":"https:\/\/qingdaohf.com\/wp-content\/uploads\/2023\/02\/coil-nut-3.jpg","type":"image\/jpeg"}],"twitter_card":"summary_large_image","twitter_misc":{"Est. reading time":"2 minut\u0117s"},"schema":{"@context":"https:\/\/schema.org","@graph":[{"@type":"WebPage","@id":"https:\/\/qingdaohf.com\/product\/coil-nut\/","url":"https:\/\/qingdaohf.com\/product\/coil-nut\/","name":"Concrete Forming Accessories Coil Nut","isPartOf":{"@id":"https:\/\/qingdaohf.com\/bg\/#website"},"primaryImageOfPage":{"@id":"https:\/\/qingdaohf.com\/product\/coil-nut\/#primaryimage"},"image":{"@id":"https:\/\/qingdaohf.com\/product\/coil-nut\/#primaryimage"},"thumbnailUrl":"https:\/\/qingdaohf.com\/wp-content\/uploads\/2023\/02\/coil-nut-3.jpg","datePublished":"2023-02-07T09:06:56+00:00","dateModified":"2025-11-13T01:06:37+00:00","description":"Coil Nuts are used with Coil Thread Hex Bolts and rods for quick assembly and disassembly of concrete forms.","breadcrumb":{"@id":"https:\/\/qingdaohf.com\/product\/coil-nut\/#breadcrumb"},"inLanguage":"lt-LT","potentialAction":[{"@type":"ReadAction","target":["https:\/\/qingdaohf.com\/product\/coil-nut\/"]}]},{"@type":"ImageObject","inLanguage":"lt-LT","@id":"https:\/\/qingdaohf.com\/product\/coil-nut\/#primaryimage","url":"https:\/\/qingdaohf.com\/wp-content\/uploads\/2023\/02\/coil-nut-3.jpg","contentUrl":"https:\/\/qingdaohf.com\/wp-content\/uploads\/2023\/02\/coil-nut-3.jpg","width":1000,"height":1000,"caption":"coil nut"},{"@type":"BreadcrumbList","@id":"https:\/\/qingdaohf.com\/product\/coil-nut\/#breadcrumb","itemListElement":[{"@type":"ListItem","position":1,"name":"Home","item":"https:\/\/qingdaohf.com\/"},{"@type":"ListItem","position":2,"name":"Concrete Forming Accessories and Rigging Hardware","item":"https:\/\/qingdaohf.com\/bg\/?page_id=944"},{"@type":"ListItem","position":3,"name":"Concrete Forming Accessories Coil Nut"}]},{"@type":"WebSite","@id":"https:\/\/qingdaohf.com\/bg\/#website","url":"https:\/\/qingdaohf.com\/bg\/","name":"Concrete Form & Rigging Hardware Supplier","description":"","publisher":{"@id":"https:\/\/qingdaohf.com\/bg\/#organization"},"potentialAction":[{"@type":"SearchAction","target":{"@type":"EntryPoint","urlTemplate":"https:\/\/qingdaohf.com\/bg\/?s={search_term_string}"},"query-input":{"@type":"PropertyValueSpecification","valueRequired":true,"valueName":"search_term_string"}}],"inLanguage":"lt-LT"},{"@type":"Organization","@id":"https:\/\/qingdaohf.com\/bg\/#organization","name":"Qingdao H&F","url":"https:\/\/qingdaohf.com\/bg\/","logo":{"@type":"ImageObject","inLanguage":"lt-LT","@id":"https:\/\/qingdaohf.com\/bg\/#\/schema\/logo\/image\/","url":"https:\/\/qingdaohf.com\/wp-content\/uploads\/2022\/12\/cropped-HF-LOGO.png","contentUrl":"https:\/\/qingdaohf.com\/wp-content\/uploads\/2022\/12\/cropped-HF-LOGO.png","width":391,"height":249,"caption":"Qingdao H&F"},"image":{"@id":"https:\/\/qingdaohf.com\/bg\/#\/schema\/logo\/image\/"},"sameAs":["https:\/\/www.facebook.com\/qingdaohf"]}]}},"_links":{"self":[{"href":"https:\/\/qingdaohf.com\/lt\/wp-json\/wp\/v2\/product\/2058","targetHints":{"allow":["GET"]}}],"collection":[{"href":"https:\/\/qingdaohf.com\/lt\/wp-json\/wp\/v2\/product"}],"about":[{"href":"https:\/\/qingdaohf.com\/lt\/wp-json\/wp\/v2\/types\/product"}],"replies":[{"embeddable":true,"href":"https:\/\/qingdaohf.com\/lt\/wp-json\/wp\/v2\/comments?post=2058"}],"version-history":[{"count":2,"href":"https:\/\/qingdaohf.com\/lt\/wp-json\/wp\/v2\/product\/2058\/revisions"}],"predecessor-version":[{"id":10462,"href":"https:\/\/qingdaohf.com\/lt\/wp-json\/wp\/v2\/product\/2058\/revisions\/10462"}],"wp:featuredmedia":[{"embeddable":true,"href":"https:\/\/qingdaohf.com\/lt\/wp-json\/wp\/v2\/media\/2554"}],"wp:attachment":[{"href":"https:\/\/qingdaohf.com\/lt\/wp-json\/wp\/v2\/media?parent=2058"}],"wp:term":[{"taxonomy":"product_brand","embeddable":true,"href":"https:\/\/qingdaohf.com\/lt\/wp-json\/wp\/v2\/product_brand?post=2058"},{"taxonomy":"product_cat","embeddable":true,"href":"https:\/\/qingdaohf.com\/lt\/wp-json\/wp\/v2\/product_cat?post=2058"},{"taxonomy":"product_tag","embeddable":true,"href":"https:\/\/qingdaohf.com\/lt\/wp-json\/wp\/v2\/product_tag?post=2058"}],"curies":[{"name":"wp","href":"https:\/\/api.w.org\/{rel}","templated":true}]}}