{"id":2076,"date":"2023-02-08T16:18:02","date_gmt":"2023-02-08T08:18:02","guid":{"rendered":"http:\/\/qingdaohf.com\/?post_type=product&#038;p=2076"},"modified":"2025-11-13T09:06:36","modified_gmt":"2025-11-13T01:06:36","slug":"concrete-form-pins","status":"publish","type":"product","link":"https:\/\/qingdaohf.com\/lt\/produktas\/betono-formos-kaisciai\/","title":{"rendered":"Betono form\u0173 smeigtukai"},"content":{"rendered":"<div class=\"ast-oembed-container\" style=\"height: 100%;\"><iframe title=\"Betoninis plieninis stiebas\" width=\"500\" height=\"281\" src=\"https:\/\/www.youtube.com\/embed\/kDArajRbFtQ?feature=oembed\" frameborder=\"0\" allow=\"accelerometer; autoplay; clipboard-write; encrypted-media; gyroscope; picture-in-picture; web-share\" referrerpolicy=\"strict-origin-when-cross-origin\" allowfullscreen><\/iframe><\/div>\n<p>Siekdami auk\u0161\u010diausios kokyb\u0117s statybini\u0173 med\u017eiag\u0173, suprantame, kad reikalaujate meistri\u0161kumo ir patikimumo. \u0160tai kur yra Qingdao H&amp;F - j\u016bs\u0173 patikimas partneris visiems j\u016bs\u0173 statybos poreikiams, si\u016blantis geriausius apvalius plieninius vini\u0173 kuolus, paremtus m\u016bs\u0173 20 met\u0173 patirtimi \u0161ioje srityje.<\/p>\n<p><strong>1. Neprilygstamas patvarumas ir stiprumas:<\/strong> Pripa\u017e\u012fstame, kad kalbant apie apvalius plieninius vini\u0173 kuolus, ilgaam\u017ei\u0161kumas ir tvirtumas yra negin\u010dijami dalykai. M\u016bs\u0173 kooperatin\u0117 gamykla, kuri specializuojasi betono formavimo pried\u0173 ir tvirtinimo \u012frangos gamyboje, tiksliai gamina \u0161iuos kuolus i\u0161 auk\u0161tos kokyb\u0117s plieno. Tai garantuoja tvirtum\u0105 ir atsparum\u0105, kurio reikalauja j\u016bs\u0173 projektai.<\/p>\n<p><strong>2. Nuoseklumas, kuriuo galite pasitik\u0117ti:<\/strong> Svarbiausia - nuoseklumas ir kokyb\u0117s u\u017etikrinimas. Kiekvienas apvalus plienini\u0173 vini\u0173 kotas grie\u017etai tikrinamas, o kartu su kiekvienu u\u017esakymu pateikiame i\u0161sami\u0105 kokyb\u0117s kontrol\u0117s patikrinimo ataskait\u0105. Taip u\u017etikrinama, kad kiekvien\u0105 kart\u0105 gausite auk\u0161\u010diausius pramon\u0117s standartus atitinkan\u010dius gaminius.<\/p>\n<p><strong>3. Pritaikyta j\u016bs\u0173 poreikiams:<\/strong> J\u016bs\u0173 projektai yra unikal\u016bs, tod\u0117l pritaikymo galimyb\u0117s yra labai svarbios. Si\u016blome galimyb\u0119 lanks\u010diai pritaikyti apvalius plieninius vini\u0173 kuolus pagal j\u016bs\u0173 tikslius matmenis ir specifikacijas, u\u017etikrinant, kad jie skland\u017eiai \u012fsilies \u012f j\u016bs\u0173 veikl\u0105.<\/p>\n<p><strong>4. Konkurencinga kainodara:<\/strong> Suprantame, kad nors kokyb\u0117 yra svarbiausia, konkurencinga kaina taip pat svarbi. Efektyv\u016bs gamybos procesai leid\u017eia mums pasi\u016blyti apvalius plieninius vini\u0173 kuolus j\u016bs\u0173 biud\u017eet\u0105 atitinkan\u010diomis kainomis, nesuma\u017einant kokyb\u0117s.<\/p>\n<p><strong>5. Greitas prieinamumas ir patogumas:<\/strong> J\u016bs\u0173 laikas yra ne\u012fkainojamas, tod\u0117l labai svarbu tur\u0117ti lengvai prieinam\u0173 produkt\u0173. Palaikome optimal\u0173 atsarg\u0173 kiek\u012f, tod\u0117l greitai gauname apvali\u0173 plienini\u0173 vini\u0173 kuol\u0173 ir suma\u017einame projekto prastovas.<\/p>\n<p><strong>6. Patirkite m\u016bs\u0173 atsidavim\u0105:<\/strong> Atraskite skirtum\u0105 su Qingdao H&amp;F. Si\u016blome galimyb\u0119 papra\u0161yti nemokam\u0173 m\u016bs\u0173 apvali\u0173 plienini\u0173 vini\u0173 kot\u0173 pavyzd\u017ei\u0173, kad gal\u0117tum\u0117te \u012fsitikinti j\u0173 kokybe i\u0161 pirm\u0173 l\u016bp\u0173. Be to, m\u016bs\u0173 individualus klient\u0173 aptarnavimas u\u017etikrina, kad gausite reikiam\u0105 pagalb\u0105 ir patarimus viso pirkimo metu.<\/p>\n<p>Esame ne tik tiek\u0117jas ar didmenininkas, bet ir j\u016bs\u0173 atsidav\u0119s partneris, galintis \u012fsigyti auk\u0161tos kokyb\u0117s plienini\u0173 apvali\u0173 vini\u0173 kot\u0173 dideliais kiekiais. Tur\u0117dami patirties, konkurencingas kainas ir nepalau\u017eiam\u0105 \u012fsipareigojim\u0105 u\u017etikrinti j\u016bs\u0173 pasitenkinim\u0105, Qingdao H&amp;F yra patikimas \u0161altinis visiems j\u016bs\u0173 statybos ir betono formavimo reikalavimams.<\/p>\n<p>Rinkit\u0117s mus, kad gautum\u0117te vientis\u0105 patirt\u012f, puikiai atitinkan\u010di\u0105 j\u016bs\u0173 unikalius projekto poreikius. Patirkite bendradarbiavimo su ger\u0105 reputacij\u0105 turin\u010dia \u012fmone, kuri gali pasigirti dviem de\u0161imtme\u010diais puikios patirties \u0161ioje srityje, privalumus. \u010cia baigiasi auk\u0161\u010diausios kokyb\u0117s apvali\u0173 plienini\u0173 vini\u0173 kuol\u0173 paie\u0161kos - susisiekite su mumis \u0161iandien ir pakelkite savo statybos projektus \u012f naujas auk\u0161tumas.<\/p>\n<p><img fetchpriority=\"high\" decoding=\"async\" class=\"alignnone wp-image-5536\" src=\"http:\/\/qingdaohf.com\/wp-content\/uploads\/2023\/02\/round-steel-stake-1.jpg\" alt=\"apvalus plieninis kuolas\" width=\"1200\" height=\"1200\" srcset=\"https:\/\/qingdaohf.com\/wp-content\/uploads\/2023\/02\/round-steel-stake-1.jpg 1000w, https:\/\/qingdaohf.com\/wp-content\/uploads\/2023\/02\/round-steel-stake-1-300x300.jpg 300w, https:\/\/qingdaohf.com\/wp-content\/uploads\/2023\/02\/round-steel-stake-1-150x150.jpg 150w, https:\/\/qingdaohf.com\/wp-content\/uploads\/2023\/02\/round-steel-stake-1-768x768.jpg 768w, https:\/\/qingdaohf.com\/wp-content\/uploads\/2023\/02\/round-steel-stake-1-500x500.jpg 500w, https:\/\/qingdaohf.com\/wp-content\/uploads\/2023\/02\/round-steel-stake-1-100x100.jpg 100w\" sizes=\"(max-width: 1200px) 100vw, 1200px\" \/><\/p>\n<p><img decoding=\"async\" class=\"alignnone size-full wp-image-2789\" src=\"http:\/\/qingdaohf.com\/wp-content\/uploads\/2023\/02\/\u672a\u6807\u9898-1.jpg\" alt=\"\" width=\"1200\" height=\"1200\" srcset=\"https:\/\/qingdaohf.com\/wp-content\/uploads\/2023\/02\/\u672a\u6807\u9898-1.jpg 1200w, https:\/\/qingdaohf.com\/wp-content\/uploads\/2023\/02\/\u672a\u6807\u9898-1-500x500.jpg 500w, https:\/\/qingdaohf.com\/wp-content\/uploads\/2023\/02\/\u672a\u6807\u9898-1-100x100.jpg 100w, https:\/\/qingdaohf.com\/wp-content\/uploads\/2023\/02\/\u672a\u6807\u9898-1-1000x1000.jpg 1000w, https:\/\/qingdaohf.com\/wp-content\/uploads\/2023\/02\/\u672a\u6807\u9898-1-300x300.jpg 300w, https:\/\/qingdaohf.com\/wp-content\/uploads\/2023\/02\/\u672a\u6807\u9898-1-1024x1024.jpg 1024w, https:\/\/qingdaohf.com\/wp-content\/uploads\/2023\/02\/\u672a\u6807\u9898-1-150x150.jpg 150w, https:\/\/qingdaohf.com\/wp-content\/uploads\/2023\/02\/\u672a\u6807\u9898-1-768x768.jpg 768w\" sizes=\"(max-width: 1200px) 100vw, 1200px\" \/><\/p>\n<div class=\"flex-1 overflow-hidden\">\n<div class=\"react-scroll-to-bottom--css-kwokg-79elbk h-full dark:bg-gray-800\">\n<div class=\"react-scroll-to-bottom--css-kwokg-1n7m0yu\">\n<div class=\"flex flex-col items-center text-sm dark:bg-gray-800\">\n<div class=\"w-full border-b border-black\/10 dark:border-gray-900\/50 text-gray-800 dark:text-gray-100 group bg-gray-50 dark:bg-[#444654]\">\n<div class=\"text-base gap-4 md:gap-6 m-auto md:max-w-2xl lg:max-w-2xl xl:max-w-3xl p-4 md:py-6 flex lg:px-0\">\n<div class=\"relative flex w-[calc(100%-50px)] flex-col gap-1 md:gap-3 lg:w-[calc(100%-115px)]\">\n<div class=\"flex flex-grow flex-col gap-3\">\n<div class=\"min-h-[20px] flex flex-col items-start gap-4 whitespace-pre-wrap\">\n<div class=\"markdown prose w-full break-words dark:prose-invert light\">\n<p>&nbsp;<\/p>\n<\/div>\n<\/div>\n<\/div>\n<\/div>\n<\/div>\n<\/div>\n<\/div>\n<\/div>\n<\/div>\n<\/div>","protected":false},"excerpt":{"rendered":"<p>12\u2033-48\u2033 plieniniai kai\u0161\u010diai betono formoms. Betono formavimo kuolai laiko betono formas vietoje ir turi skyles daugelyje viet\u0173, kad b\u016bt\u0173 galima greitai prikalti vinis.<\/p>\n<p>Apval\u016bs plieniniai kuolai yra da\u017eniausiai betono formavimui naudojami plieniniai kuolai. Jie paprastai gaminami i\u0161 didelio atsparumo plieno ir yra \u012fvairi\u0173 skersmen\u0173 bei ilgi\u0173. Apvalius plieninius kuolus lengva sumontuoti ir nuimti, jie u\u017etikrina puik\u0173 klojini\u0173 stabilum\u0105 ir atram\u0105.<\/p>","protected":false},"featured_media":2791,"comment_status":"open","ping_status":"closed","template":"","meta":{"site-sidebar-layout":"default","site-content-layout":"default","ast-site-content-layout":"default","site-content-style":"default","site-sidebar-style":"default","ast-global-header-display":"","ast-banner-title-visibility":"","ast-main-header-display":"","ast-hfb-above-header-display":"","ast-hfb-below-header-display":"","ast-hfb-mobile-header-display":"","site-post-title":"","ast-breadcrumbs-content":"","ast-featured-img":"","footer-sml-layout":"","theme-transparent-header-meta":"default","adv-header-id-meta":"","stick-header-meta":"default","header-above-stick-meta":"","header-main-stick-meta":"","header-below-stick-meta":"","astra-migrate-meta-layouts":"set","ast-page-background-enabled":"default","ast-page-background-meta":{"desktop":{"background-color":"","background-image":"","background-repeat":"repeat","background-position":"center center","background-size":"auto","background-attachment":"scroll","background-type":"","background-media":"","overlay-type":"","overlay-color":"","overlay-opacity":"","overlay-gradient":""},"tablet":{"background-color":"","background-image":"","background-repeat":"repeat","background-position":"center center","background-size":"auto","background-attachment":"scroll","background-type":"","background-media":"","overlay-type":"","overlay-color":"","overlay-opacity":"","overlay-gradient":""},"mobile":{"background-color":"","background-image":"","background-repeat":"repeat","background-position":"center center","background-size":"auto","background-attachment":"scroll","background-type":"","background-media":"","overlay-type":"","overlay-color":"","overlay-opacity":"","overlay-gradient":""}},"ast-content-background-meta":{"desktop":{"background-color":"var(--ast-global-color-5)","background-image":"","background-repeat":"repeat","background-position":"center center","background-size":"auto","background-attachment":"scroll","background-type":"","background-media":"","overlay-type":"","overlay-color":"","overlay-opacity":"","overlay-gradient":""},"tablet":{"background-color":"var(--ast-global-color-5)","background-image":"","background-repeat":"repeat","background-position":"center center","background-size":"auto","background-attachment":"scroll","background-type":"","background-media":"","overlay-type":"","overlay-color":"","overlay-opacity":"","overlay-gradient":""},"mobile":{"background-color":"var(--ast-global-color-5)","background-image":"","background-repeat":"repeat","background-position":"center center","background-size":"auto","background-attachment":"scroll","background-type":"","background-media":"","overlay-type":"","overlay-color":"","overlay-opacity":"","overlay-gradient":""}}},"product_brand":[],"product_cat":[28,53],"product_tag":[],"class_list":{"0":"post-2076","1":"product","2":"type-product","3":"status-publish","4":"has-post-thumbnail","6":"product_cat-concrete-forming","7":"product_cat-steel-stake","8":"desktop-align-left","9":"tablet-align-left","10":"mobile-align-left","11":"ast-product-gallery-layout-horizontal-slider","12":"ast-product-tabs-layout-horizontal","14":"first","15":"instock","16":"shipping-taxable","17":"purchasable","18":"product-type-simple"},"yoast_head":"<!-- This site is optimized with the Yoast SEO plugin v25.2 - https:\/\/yoast.com\/wordpress\/plugins\/seo\/ -->\n<title>Concrete Form Pins<\/title>\n<meta name=\"description\" content=\"12&quot;-48&quot; Round Steel Stake These forming stakes hold concrete forms in place and have holes in many spots to allow for quick nailing.\" \/>\n<meta name=\"robots\" content=\"index, follow, max-snippet:-1, max-image-preview:large, max-video-preview:-1\" \/>\n<link rel=\"canonical\" href=\"https:\/\/qingdaohf.com\/lt\/produktas\/betono-formos-kaisciai\/\" \/>\n<meta property=\"og:locale\" content=\"lt_LT\" \/>\n<meta property=\"og:type\" content=\"article\" \/>\n<meta property=\"og:title\" content=\"Concrete Form Pins\" \/>\n<meta property=\"og:description\" content=\"12&quot;-48&quot; Round Steel Stake These forming stakes hold concrete forms in place and have holes in many spots to allow for quick nailing.\" \/>\n<meta property=\"og:url\" content=\"https:\/\/qingdaohf.com\/lt\/produktas\/betono-formos-kaisciai\/\" \/>\n<meta property=\"og:site_name\" content=\"Concrete Form &amp; Rigging Hardware Supplier\" \/>\n<meta property=\"article:publisher\" content=\"https:\/\/www.facebook.com\/qingdaohf\" \/>\n<meta property=\"article:modified_time\" content=\"2025-11-13T01:06:36+00:00\" \/>\n<meta property=\"og:image\" content=\"https:\/\/qingdaohf.com\/wp-content\/uploads\/2023\/02\/steel-stake-1-1.jpg\" \/>\n\t<meta property=\"og:image:width\" content=\"1000\" \/>\n\t<meta property=\"og:image:height\" content=\"1000\" \/>\n\t<meta property=\"og:image:type\" content=\"image\/jpeg\" \/>\n<meta name=\"twitter:card\" content=\"summary_large_image\" \/>\n<meta name=\"twitter:label1\" content=\"Est. reading time\" \/>\n\t<meta name=\"twitter:data1\" content=\"3 minut\u0117s\" \/>\n<script type=\"application\/ld+json\" class=\"yoast-schema-graph\">{\"@context\":\"https:\/\/schema.org\",\"@graph\":[{\"@type\":\"WebPage\",\"@id\":\"https:\/\/qingdaohf.com\/product\/concrete-form-pins\/\",\"url\":\"https:\/\/qingdaohf.com\/product\/concrete-form-pins\/\",\"name\":\"Concrete Form Pins\",\"isPartOf\":{\"@id\":\"https:\/\/qingdaohf.com\/bg\/#website\"},\"primaryImageOfPage\":{\"@id\":\"https:\/\/qingdaohf.com\/product\/concrete-form-pins\/#primaryimage\"},\"image\":{\"@id\":\"https:\/\/qingdaohf.com\/product\/concrete-form-pins\/#primaryimage\"},\"thumbnailUrl\":\"https:\/\/qingdaohf.com\/wp-content\/uploads\/2023\/02\/steel-stake-1-1.jpg\",\"datePublished\":\"2023-02-08T08:18:02+00:00\",\"dateModified\":\"2025-11-13T01:06:36+00:00\",\"description\":\"12\\\"-48\\\" Round Steel Stake These forming stakes hold concrete forms in place and have holes in many spots to allow for quick nailing.\",\"breadcrumb\":{\"@id\":\"https:\/\/qingdaohf.com\/product\/concrete-form-pins\/#breadcrumb\"},\"inLanguage\":\"lt-LT\",\"potentialAction\":[{\"@type\":\"ReadAction\",\"target\":[\"https:\/\/qingdaohf.com\/product\/concrete-form-pins\/\"]}]},{\"@type\":\"ImageObject\",\"inLanguage\":\"lt-LT\",\"@id\":\"https:\/\/qingdaohf.com\/product\/concrete-form-pins\/#primaryimage\",\"url\":\"https:\/\/qingdaohf.com\/wp-content\/uploads\/2023\/02\/steel-stake-1-1.jpg\",\"contentUrl\":\"https:\/\/qingdaohf.com\/wp-content\/uploads\/2023\/02\/steel-stake-1-1.jpg\",\"width\":1000,\"height\":1000,\"caption\":\"round steel stake\"},{\"@type\":\"BreadcrumbList\",\"@id\":\"https:\/\/qingdaohf.com\/product\/concrete-form-pins\/#breadcrumb\",\"itemListElement\":[{\"@type\":\"ListItem\",\"position\":1,\"name\":\"Home\",\"item\":\"https:\/\/qingdaohf.com\/\"},{\"@type\":\"ListItem\",\"position\":2,\"name\":\"Concrete Forming Accessories and Rigging Hardware\",\"item\":\"https:\/\/qingdaohf.com\/bg\/?page_id=944\"},{\"@type\":\"ListItem\",\"position\":3,\"name\":\"Concrete Form Pins\"}]},{\"@type\":\"WebSite\",\"@id\":\"https:\/\/qingdaohf.com\/bg\/#website\",\"url\":\"https:\/\/qingdaohf.com\/bg\/\",\"name\":\"Concrete Form & Rigging Hardware Supplier\",\"description\":\"\",\"publisher\":{\"@id\":\"https:\/\/qingdaohf.com\/bg\/#organization\"},\"potentialAction\":[{\"@type\":\"SearchAction\",\"target\":{\"@type\":\"EntryPoint\",\"urlTemplate\":\"https:\/\/qingdaohf.com\/bg\/?s={search_term_string}\"},\"query-input\":{\"@type\":\"PropertyValueSpecification\",\"valueRequired\":true,\"valueName\":\"search_term_string\"}}],\"inLanguage\":\"lt-LT\"},{\"@type\":\"Organization\",\"@id\":\"https:\/\/qingdaohf.com\/bg\/#organization\",\"name\":\"Qingdao H&F\",\"url\":\"https:\/\/qingdaohf.com\/bg\/\",\"logo\":{\"@type\":\"ImageObject\",\"inLanguage\":\"lt-LT\",\"@id\":\"https:\/\/qingdaohf.com\/bg\/#\/schema\/logo\/image\/\",\"url\":\"https:\/\/qingdaohf.com\/wp-content\/uploads\/2022\/12\/cropped-HF-LOGO.png\",\"contentUrl\":\"https:\/\/qingdaohf.com\/wp-content\/uploads\/2022\/12\/cropped-HF-LOGO.png\",\"width\":391,\"height\":249,\"caption\":\"Qingdao H&F\"},\"image\":{\"@id\":\"https:\/\/qingdaohf.com\/bg\/#\/schema\/logo\/image\/\"},\"sameAs\":[\"https:\/\/www.facebook.com\/qingdaohf\"]}]}<\/script>\n<!-- \/ Yoast SEO plugin. -->","yoast_head_json":{"title":"Concrete Form Pins","description":"12\"-48\" Round Steel Stake These forming stakes hold concrete forms in place and have holes in many spots to allow for quick nailing.","robots":{"index":"index","follow":"follow","max-snippet":"max-snippet:-1","max-image-preview":"max-image-preview:large","max-video-preview":"max-video-preview:-1"},"canonical":"https:\/\/qingdaohf.com\/lt\/produktas\/betono-formos-kaisciai\/","og_locale":"lt_LT","og_type":"article","og_title":"Concrete Form Pins","og_description":"12\"-48\" Round Steel Stake These forming stakes hold concrete forms in place and have holes in many spots to allow for quick nailing.","og_url":"https:\/\/qingdaohf.com\/lt\/produktas\/betono-formos-kaisciai\/","og_site_name":"Concrete Form &amp; Rigging Hardware Supplier","article_publisher":"https:\/\/www.facebook.com\/qingdaohf","article_modified_time":"2025-11-13T01:06:36+00:00","og_image":[{"width":1000,"height":1000,"url":"https:\/\/qingdaohf.com\/wp-content\/uploads\/2023\/02\/steel-stake-1-1.jpg","type":"image\/jpeg"}],"twitter_card":"summary_large_image","twitter_misc":{"Est. reading time":"3 minut\u0117s"},"schema":{"@context":"https:\/\/schema.org","@graph":[{"@type":"WebPage","@id":"https:\/\/qingdaohf.com\/product\/concrete-form-pins\/","url":"https:\/\/qingdaohf.com\/product\/concrete-form-pins\/","name":"Concrete Form Pins","isPartOf":{"@id":"https:\/\/qingdaohf.com\/bg\/#website"},"primaryImageOfPage":{"@id":"https:\/\/qingdaohf.com\/product\/concrete-form-pins\/#primaryimage"},"image":{"@id":"https:\/\/qingdaohf.com\/product\/concrete-form-pins\/#primaryimage"},"thumbnailUrl":"https:\/\/qingdaohf.com\/wp-content\/uploads\/2023\/02\/steel-stake-1-1.jpg","datePublished":"2023-02-08T08:18:02+00:00","dateModified":"2025-11-13T01:06:36+00:00","description":"12\"-48\" Round Steel Stake These forming stakes hold concrete forms in place and have holes in many spots to allow for quick nailing.","breadcrumb":{"@id":"https:\/\/qingdaohf.com\/product\/concrete-form-pins\/#breadcrumb"},"inLanguage":"lt-LT","potentialAction":[{"@type":"ReadAction","target":["https:\/\/qingdaohf.com\/product\/concrete-form-pins\/"]}]},{"@type":"ImageObject","inLanguage":"lt-LT","@id":"https:\/\/qingdaohf.com\/product\/concrete-form-pins\/#primaryimage","url":"https:\/\/qingdaohf.com\/wp-content\/uploads\/2023\/02\/steel-stake-1-1.jpg","contentUrl":"https:\/\/qingdaohf.com\/wp-content\/uploads\/2023\/02\/steel-stake-1-1.jpg","width":1000,"height":1000,"caption":"round steel stake"},{"@type":"BreadcrumbList","@id":"https:\/\/qingdaohf.com\/product\/concrete-form-pins\/#breadcrumb","itemListElement":[{"@type":"ListItem","position":1,"name":"Home","item":"https:\/\/qingdaohf.com\/"},{"@type":"ListItem","position":2,"name":"Concrete Forming Accessories and Rigging Hardware","item":"https:\/\/qingdaohf.com\/bg\/?page_id=944"},{"@type":"ListItem","position":3,"name":"Concrete Form Pins"}]},{"@type":"WebSite","@id":"https:\/\/qingdaohf.com\/bg\/#website","url":"https:\/\/qingdaohf.com\/bg\/","name":"Concrete Form & Rigging Hardware Supplier","description":"","publisher":{"@id":"https:\/\/qingdaohf.com\/bg\/#organization"},"potentialAction":[{"@type":"SearchAction","target":{"@type":"EntryPoint","urlTemplate":"https:\/\/qingdaohf.com\/bg\/?s={search_term_string}"},"query-input":{"@type":"PropertyValueSpecification","valueRequired":true,"valueName":"search_term_string"}}],"inLanguage":"lt-LT"},{"@type":"Organization","@id":"https:\/\/qingdaohf.com\/bg\/#organization","name":"Qingdao H&F","url":"https:\/\/qingdaohf.com\/bg\/","logo":{"@type":"ImageObject","inLanguage":"lt-LT","@id":"https:\/\/qingdaohf.com\/bg\/#\/schema\/logo\/image\/","url":"https:\/\/qingdaohf.com\/wp-content\/uploads\/2022\/12\/cropped-HF-LOGO.png","contentUrl":"https:\/\/qingdaohf.com\/wp-content\/uploads\/2022\/12\/cropped-HF-LOGO.png","width":391,"height":249,"caption":"Qingdao H&F"},"image":{"@id":"https:\/\/qingdaohf.com\/bg\/#\/schema\/logo\/image\/"},"sameAs":["https:\/\/www.facebook.com\/qingdaohf"]}]}},"_links":{"self":[{"href":"https:\/\/qingdaohf.com\/lt\/wp-json\/wp\/v2\/product\/2076","targetHints":{"allow":["GET"]}}],"collection":[{"href":"https:\/\/qingdaohf.com\/lt\/wp-json\/wp\/v2\/product"}],"about":[{"href":"https:\/\/qingdaohf.com\/lt\/wp-json\/wp\/v2\/types\/product"}],"replies":[{"embeddable":true,"href":"https:\/\/qingdaohf.com\/lt\/wp-json\/wp\/v2\/comments?post=2076"}],"version-history":[{"count":16,"href":"https:\/\/qingdaohf.com\/lt\/wp-json\/wp\/v2\/product\/2076\/revisions"}],"predecessor-version":[{"id":9251,"href":"https:\/\/qingdaohf.com\/lt\/wp-json\/wp\/v2\/product\/2076\/revisions\/9251"}],"wp:featuredmedia":[{"embeddable":true,"href":"https:\/\/qingdaohf.com\/lt\/wp-json\/wp\/v2\/media\/2791"}],"wp:attachment":[{"href":"https:\/\/qingdaohf.com\/lt\/wp-json\/wp\/v2\/media?parent=2076"}],"wp:term":[{"taxonomy":"product_brand","embeddable":true,"href":"https:\/\/qingdaohf.com\/lt\/wp-json\/wp\/v2\/product_brand?post=2076"},{"taxonomy":"product_cat","embeddable":true,"href":"https:\/\/qingdaohf.com\/lt\/wp-json\/wp\/v2\/product_cat?post=2076"},{"taxonomy":"product_tag","embeddable":true,"href":"https:\/\/qingdaohf.com\/lt\/wp-json\/wp\/v2\/product_tag?post=2076"}],"curies":[{"name":"wp","href":"https:\/\/api.w.org\/{rel}","templated":true}]}}