{"id":2132,"date":"2023-02-10T17:41:17","date_gmt":"2023-02-10T09:41:17","guid":{"rendered":"http:\/\/qingdaohf.com\/?post_type=product&#038;p=2132"},"modified":"2025-11-13T09:06:19","modified_gmt":"2025-11-13T01:06:19","slug":"formwork-tie-rod","status":"publish","type":"product","link":"https:\/\/qingdaohf.com\/lt\/produktas\/klojiniu-kaklaraiscio-strypas\/","title":{"rendered":"Betono klojini\u0173 kaklarai\u0161\u010dio strypas"},"content":{"rendered":"<div class=\"ast-oembed-container\" style=\"height: 100%;\"><iframe title=\"Betono klojini\u0173 kaklarai\u0161\u010dio ver\u017el\u0117 ir kaklarai\u0161\u010dio strypas\" width=\"500\" height=\"281\" src=\"https:\/\/www.youtube.com\/embed\/RQCaJFwWa88?feature=oembed\" frameborder=\"0\" allow=\"accelerometer; autoplay; clipboard-write; encrypted-media; gyroscope; picture-in-picture; web-share\" referrerpolicy=\"strict-origin-when-cross-origin\" allowfullscreen><\/iframe><\/div>\n<h2 class=\"font-600 text-2xl font-bold\">Esminis klojini\u0173 suri\u0161imo stryp\u0173 vaidmuo<\/h2>\n<p class=\"whitespace-pre-wrap break-words\">Galvokite, kad traukli\u0173 sistemos - tai nepelnytai primir\u0161ti betonini\u0173 konstrukcij\u0173 herojai. \u0160ie tvirti komponentai i\u0161laiko klojini\u0173 plok\u0161tes u\u017efiksuotas vietoje, kol betonas liejamas ir kiet\u0117ja. Be j\u0173 b\u016bt\u0173 sunku i\u0161laikyti tiksli\u0105 form\u0105 ir tvirtum\u0105, kurio reikia j\u016bs\u0173 konstrukcijai.<\/p>\n<p class=\"whitespace-pre-wrap break-words\">Kuo \u0161ios me\u0161ker\u0117s ypatingos? Jie yra tvirti - paprastai i\u0161 auk\u0161tos kokyb\u0117s plieno - kad atlaikyt\u0173 didel\u012f statyb\u0173 spaudim\u0105. J\u0173 tvirtum\u0105 ypa\u010d \u012fvertinsite dirbdami su dideliais infrastrukt\u016bros projektais arba sud\u0117tingais architekt\u016briniais projektais, kai n\u0117ra vietos klaidoms.<\/p>\n<p><img fetchpriority=\"high\" decoding=\"async\" class=\"alignnone size-full wp-image-2990\" src=\"http:\/\/qingdaohf.com\/wp-content\/uploads\/2023\/02\/Tie-Nut.jpg\" alt=\"Priver\u017eiamoji ver\u017el\u0117\" width=\"1204\" height=\"1008\" srcset=\"https:\/\/qingdaohf.com\/wp-content\/uploads\/2023\/02\/Tie-Nut.jpg 1204w, https:\/\/qingdaohf.com\/wp-content\/uploads\/2023\/02\/Tie-Nut-300x251.jpg 300w, https:\/\/qingdaohf.com\/wp-content\/uploads\/2023\/02\/Tie-Nut-1024x857.jpg 1024w, https:\/\/qingdaohf.com\/wp-content\/uploads\/2023\/02\/Tie-Nut-768x643.jpg 768w, https:\/\/qingdaohf.com\/wp-content\/uploads\/2023\/02\/Tie-Nut-1000x837.jpg 1000w\" sizes=\"(max-width: 1204px) 100vw, 1204px\" \/><\/p>\n<h2 class=\"font-600 text-2xl font-bold\">Kaklarai\u0161\u010dio sistemos integravimas su vandens ribotuvais ir sparno ver\u017el\u0117mis<\/h2>\n<p class=\"whitespace-pre-wrap break-words\">Susiejimo strypai neveikia vieni. Jie kartu su vandens ribotuvais ir sparnuotosiomis ver\u017el\u0117mis sukuria i\u0161baigt\u0105 klojini\u0173 sprendim\u0105, kuris yra geresnis nei jo dali\u0173 suma.<\/p>\n<p class=\"whitespace-pre-wrap break-words\">Vandens ribotuvai strategi\u0161kai i\u0161d\u0117styti i\u0161ilgai ri\u0161am\u0173j\u0173 stryp\u0173, kad vanduo nepatekt\u0173 per betono sand\u016bras ar skyles. Tai svarbiausia tokiose konstrukcijose kaip atramin\u0117s sienel\u0117s ir r\u016bsiai, kur vandens infiltracija gali sukelti problem\u0173.<\/p>\n<p class=\"whitespace-pre-wrap break-words\">Sistema u\u017ebaigiama ver\u017el\u0117mis, kuriomis kaklarai\u0161\u010diai pritvirtinami prie klojini\u0173 plok\u0161\u010di\u0173. Jos sukurtos taip, kad jas b\u016bt\u0173 lengva naudoti - galite atlikti tikslius reguliavimus montavimo metu ir greitai nuimti, kai betonas sustingsta.<\/p>\n<h2 class=\"font-600 text-2xl font-bold\">Pagrindiniai klojini\u0173 suri\u0161imo stryp\u0173 sistem\u0173 privalumai<\/h2>\n<p class=\"whitespace-pre-wrap break-words\">Priri\u0161imo stryp\u0173 sistemos ne tik sujungia daiktus, bet ir u\u017etikrina, kad baigta konstrukcija tiksliai atitikt\u0173 specifikacijas. \u0160is tikslumas atsiperka, nes suma\u017e\u0117ja defekt\u0173 ir suma\u017e\u0117ja brangiai kainuojan\u010di\u0173 taisym\u0173 po statybos.<\/p>\n<p class=\"whitespace-pre-wrap break-words\">\u012e mi\u0161in\u012f \u012ftrauk\u0119 vandens stoteles, ne tik statote, bet ir saugote. \u0160ie komponentai u\u017ekerta keli\u0105 vandeniui patekti \u012f vidines armat\u016bros dalis ir jas ardyti, tod\u0117l konstrukcija ilgiau tarnauja ir laikui b\u0117gant geriau veikia.<\/p>\n<p class=\"whitespace-pre-wrap break-words\">\"Qingdao H&amp;F\" deda daug pastang\u0173, kad sukurt\u0173 \u0161iuos privalumus u\u017etikrinan\u010dias traukli\u0173 sistemas. Kiekvienas gaminys yra kruop\u0161\u010diai i\u0161bandomas, kad b\u016bt\u0173 u\u017etikrintas jo atitikimas j\u016bs\u0173 projekto reikalavimams.<\/p>\n<h2 class=\"font-600 text-2xl font-bold\">Kod\u0117l verta rinktis Qingdao H&amp;F kaklarai\u0161\u010di\u0173 sistemas<\/h2>\n<p class=\"whitespace-pre-wrap break-words\">Ie\u0161kote kaklarai\u0161\u010dio trauk\u0117s tiek\u0117jo, kuriuo galite pasitik\u0117ti? Mes, Qingdao H&amp;F, did\u017eiuojam\u0117s gal\u0117dami padaryti daugiau. M\u016bs\u0173 individualus aptarnavimas rei\u0161kia, kad gausite asmenin\u012f d\u0117mes\u012f, nesvarbu, ar dirbate su ma\u017eu projektu, ar su dideliu projektu.<\/p>\n<p class=\"whitespace-pre-wrap break-words\">\u017dinome, kad statybos niekam nelaukia. Tod\u0117l suk\u016br\u0117me efektyvi\u0105 pristatymo sistem\u0105, kad gal\u0117tum\u0117te greitai gauti savo traukes, vandens ribotuvus ir sparnuot\u0105sias ver\u017eles ir laikytis grafiko.<\/p>\n<p class=\"whitespace-pre-wrap break-words\">Kokyb\u0117 \u010dia n\u0117ra tik skambus \u017eodis - ji yra \u012ftraukta \u012f visk\u0105, k\u0105 darome. Kiekvienas gaminys kruop\u0161\u010diai i\u0161bandomas ir pateikiamas su i\u0161samiomis patikrinimo ataskaitomis. Tai suteikia jums pasitik\u0117jimo, kad m\u016bs\u0173 sprendimai bus veiksmingi, kai tai svarbiausia.<\/p>\n<p class=\"whitespace-pre-wrap break-words\">Be puiki\u0173 gamini\u0173, si\u016blome pagalb\u0105, kuria galite pasikliauti. M\u016bs\u0173 komanda stengiasi suprasti j\u016bs\u0173 poreikius ir pateikti tinkamus sprendimus. D\u0117l tokio po\u017ei\u016brio tapome statybinink\u0173 partneriais visame pasaulyje.<\/p>\n<h2 class=\"font-600 text-2xl font-bold\">Statybos efektyvumo didinimas naudojant kaklarai\u0161\u010di\u0173 sistemas<\/h2>\n<p class=\"whitespace-pre-wrap break-words\">Gerai suprojektuotos traukli\u0173 sistemos gro\u017eis yra tas, kad ji vienu metu sprend\u017eia kelis u\u017edavinius. Ji padeda i\u0161lyginti klojinius ir i\u0161vengti vandens problem\u0173, taip supaprastindama vis\u0105 statybos proces\u0105.<\/p>\n<p class=\"whitespace-pre-wrap break-words\">Pasirinkus tinkam\u0105 sistem\u0105, j\u016bs\u0173 projekto s\u0117km\u0117 labai priklauso nuo to, ar pavyks j\u012f \u012fgyvendinti. Bendradarbiaudami su \"Qingdao H&amp;F\", gausite ne tik auk\u0161tos kokyb\u0117s gaminius, bet ir komand\u0105, kuri i\u0161mano savo darb\u0105 ir r\u016bpinasi j\u016bs\u0173 s\u0117kme.<\/p>\n<h2 class=\"font-600 text-2xl font-bold\">I\u0161vada<\/h2>\n<p class=\"whitespace-pre-wrap break-words\">Priver\u017eiamieji strypai yra esminis \u0161iuolaikin\u0117s statybos elementas, u\u017etikrinantis tikslum\u0105 ir tvirtum\u0105, reikaling\u0105 tvirtoms betonin\u0117ms konstrukcijoms. Kartu su vandens ribotuvais ir sparnuotosiomis ver\u017el\u0117mis jie sukuria i\u0161baigt\u0105 klojini\u0173 montavimo sprendim\u0105. Pasirink\u0119 \"Qingdao H&amp;F\", j\u016bs renkat\u0117s gaminius ir paslaugas, padedan\u010dias s\u0117kmingai \u012fgyvendinti projekt\u0105.<\/p>\n<p class=\"whitespace-pre-wrap break-words\">Daugiau nei du de\u0161imtme\u010dius dirbdami u\u017esienio prekyboje, savo reputacij\u0105 u\u017esitarnavome tiekdami kokybi\u0161kas kaklarai\u0161\u010di\u0173 stryp\u0173 sistemas. Nesvarbu, ar kovojate su vandens problemomis, ar siekiate tobulo suvedimo, mes turime sprendimus, kurie veikia. Su\u017einokite, kuo \"Qingdao H&amp;F\" yra kitokia, ir aptarkime kit\u0105 j\u016bs\u0173 projekt\u0105.<\/p>\n<p>&nbsp;<\/p>","protected":false},"excerpt":{"rendered":"<p data-pm-slice=\"1 1 []\">Klojini\u0173 suri\u0161imo strypai yra b\u016btini statybose, nes u\u017etikrina konstrukcijos stabilum\u0105 ir i\u0161lyginim\u0105 betonuojant. Pirk\u0117jai da\u017enai ie\u0161ko patvari\u0173 suri\u0161imo stryp\u0173 sistem\u0173, kurios skland\u017eiai integruojamos su vandens ribotuvais ir sparnuotosiomis ver\u017el\u0117mis, u\u017etikrinant maksimal\u0173 efektyvum\u0105 ir patikimum\u0105. Qingdao H&amp;F tenkina \u0161iuos poreikius teikdama individuali\u0105 pagalb\u0105 klientams, greitai pristatydama prekes ir pateikdama i\u0161samias kokyb\u0117s patikrinimo ataskaitas, tod\u0117l kiekvienas pirkinys yra patikimas.<\/p>","protected":false},"featured_media":8607,"comment_status":"open","ping_status":"closed","template":"","meta":{"site-sidebar-layout":"default","site-content-layout":"default","ast-site-content-layout":"default","site-content-style":"default","site-sidebar-style":"default","ast-global-header-display":"","ast-banner-title-visibility":"","ast-main-header-display":"","ast-hfb-above-header-display":"","ast-hfb-below-header-display":"","ast-hfb-mobile-header-display":"","site-post-title":"","ast-breadcrumbs-content":"","ast-featured-img":"","footer-sml-layout":"","theme-transparent-header-meta":"default","adv-header-id-meta":"","stick-header-meta":"default","header-above-stick-meta":"","header-main-stick-meta":"","header-below-stick-meta":"","astra-migrate-meta-layouts":"set","ast-page-background-enabled":"default","ast-page-background-meta":{"desktop":{"background-color":"","background-image":"","background-repeat":"repeat","background-position":"center center","background-size":"auto","background-attachment":"scroll","background-type":"","background-media":"","overlay-type":"","overlay-color":"","overlay-opacity":"","overlay-gradient":""},"tablet":{"background-color":"","background-image":"","background-repeat":"repeat","background-position":"center center","background-size":"auto","background-attachment":"scroll","background-type":"","background-media":"","overlay-type":"","overlay-color":"","overlay-opacity":"","overlay-gradient":""},"mobile":{"background-color":"","background-image":"","background-repeat":"repeat","background-position":"center center","background-size":"auto","background-attachment":"scroll","background-type":"","background-media":"","overlay-type":"","overlay-color":"","overlay-opacity":"","overlay-gradient":""}},"ast-content-background-meta":{"desktop":{"background-color":"var(--ast-global-color-5)","background-image":"","background-repeat":"repeat","background-position":"center center","background-size":"auto","background-attachment":"scroll","background-type":"","background-media":"","overlay-type":"","overlay-color":"","overlay-opacity":"","overlay-gradient":""},"tablet":{"background-color":"var(--ast-global-color-5)","background-image":"","background-repeat":"repeat","background-position":"center center","background-size":"auto","background-attachment":"scroll","background-type":"","background-media":"","overlay-type":"","overlay-color":"","overlay-opacity":"","overlay-gradient":""},"mobile":{"background-color":"var(--ast-global-color-5)","background-image":"","background-repeat":"repeat","background-position":"center center","background-size":"auto","background-attachment":"scroll","background-type":"","background-media":"","overlay-type":"","overlay-color":"","overlay-opacity":"","overlay-gradient":""}}},"product_brand":[],"product_cat":[79],"product_tag":[],"class_list":{"0":"post-2132","1":"product","2":"type-product","3":"status-publish","4":"has-post-thumbnail","6":"product_cat-tie-rod-system","7":"desktop-align-left","8":"tablet-align-left","9":"mobile-align-left","10":"ast-product-gallery-layout-horizontal-slider","11":"ast-product-tabs-layout-horizontal","13":"first","14":"instock","15":"shipping-taxable","16":"purchasable","17":"product-type-simple"},"yoast_head":"<!-- This site is optimized with the Yoast SEO plugin v25.2 - https:\/\/yoast.com\/wordpress\/plugins\/seo\/ -->\n<title>Concrete Formwork Tie Rod<\/title>\n<meta name=\"description\" content=\"Tie rod is reinforced straight steel rebar of large diameter with high strength and high dimensional accuracy external thread .\" \/>\n<meta name=\"robots\" content=\"index, follow, max-snippet:-1, max-image-preview:large, max-video-preview:-1\" \/>\n<link rel=\"canonical\" href=\"https:\/\/qingdaohf.com\/lt\/produktas\/klojiniu-kaklaraiscio-strypas\/\" \/>\n<meta property=\"og:locale\" content=\"lt_LT\" \/>\n<meta property=\"og:type\" content=\"article\" \/>\n<meta property=\"og:title\" content=\"Concrete Formwork Tie Rod\" \/>\n<meta property=\"og:description\" content=\"Tie rod is reinforced straight steel rebar of large diameter with high strength and high dimensional accuracy external thread .\" \/>\n<meta property=\"og:url\" content=\"https:\/\/qingdaohf.com\/lt\/produktas\/klojiniu-kaklaraiscio-strypas\/\" \/>\n<meta property=\"og:site_name\" content=\"Concrete Form &amp; Rigging Hardware Supplier\" \/>\n<meta property=\"article:publisher\" content=\"https:\/\/www.facebook.com\/qingdaohf\" \/>\n<meta property=\"article:modified_time\" content=\"2025-11-13T01:06:19+00:00\" \/>\n<meta property=\"og:image\" content=\"https:\/\/qingdaohf.com\/wp-content\/uploads\/2023\/02\/tie-rod-system.webp\" \/>\n\t<meta property=\"og:image:width\" content=\"1000\" \/>\n\t<meta property=\"og:image:height\" content=\"1000\" \/>\n\t<meta property=\"og:image:type\" content=\"image\/webp\" \/>\n<meta name=\"twitter:card\" content=\"summary_large_image\" \/>\n<meta name=\"twitter:label1\" content=\"Est. reading time\" \/>\n\t<meta name=\"twitter:data1\" content=\"4 minut\u0117s\" \/>\n<script type=\"application\/ld+json\" class=\"yoast-schema-graph\">{\"@context\":\"https:\/\/schema.org\",\"@graph\":[{\"@type\":\"WebPage\",\"@id\":\"https:\/\/qingdaohf.com\/product\/formwork-tie-rod\/\",\"url\":\"https:\/\/qingdaohf.com\/product\/formwork-tie-rod\/\",\"name\":\"Concrete Formwork Tie Rod\",\"isPartOf\":{\"@id\":\"https:\/\/qingdaohf.com\/bg\/#website\"},\"primaryImageOfPage\":{\"@id\":\"https:\/\/qingdaohf.com\/product\/formwork-tie-rod\/#primaryimage\"},\"image\":{\"@id\":\"https:\/\/qingdaohf.com\/product\/formwork-tie-rod\/#primaryimage\"},\"thumbnailUrl\":\"https:\/\/qingdaohf.com\/wp-content\/uploads\/2023\/02\/tie-rod-system.webp\",\"datePublished\":\"2023-02-10T09:41:17+00:00\",\"dateModified\":\"2025-11-13T01:06:19+00:00\",\"description\":\"Tie rod is reinforced straight steel rebar of large diameter with high strength and high dimensional accuracy external thread .\",\"breadcrumb\":{\"@id\":\"https:\/\/qingdaohf.com\/product\/formwork-tie-rod\/#breadcrumb\"},\"inLanguage\":\"lt-LT\",\"potentialAction\":[{\"@type\":\"ReadAction\",\"target\":[\"https:\/\/qingdaohf.com\/product\/formwork-tie-rod\/\"]}]},{\"@type\":\"ImageObject\",\"inLanguage\":\"lt-LT\",\"@id\":\"https:\/\/qingdaohf.com\/product\/formwork-tie-rod\/#primaryimage\",\"url\":\"https:\/\/qingdaohf.com\/wp-content\/uploads\/2023\/02\/tie-rod-system.webp\",\"contentUrl\":\"https:\/\/qingdaohf.com\/wp-content\/uploads\/2023\/02\/tie-rod-system.webp\",\"width\":1000,\"height\":1000,\"caption\":\"tie rod system\"},{\"@type\":\"BreadcrumbList\",\"@id\":\"https:\/\/qingdaohf.com\/product\/formwork-tie-rod\/#breadcrumb\",\"itemListElement\":[{\"@type\":\"ListItem\",\"position\":1,\"name\":\"Home\",\"item\":\"https:\/\/qingdaohf.com\/\"},{\"@type\":\"ListItem\",\"position\":2,\"name\":\"Concrete Forming Accessories and Rigging Hardware\",\"item\":\"https:\/\/qingdaohf.com\/bg\/?page_id=944\"},{\"@type\":\"ListItem\",\"position\":3,\"name\":\"Concrete Formwork Tie Rod\"}]},{\"@type\":\"WebSite\",\"@id\":\"https:\/\/qingdaohf.com\/bg\/#website\",\"url\":\"https:\/\/qingdaohf.com\/bg\/\",\"name\":\"Concrete Form & Rigging Hardware Supplier\",\"description\":\"\",\"publisher\":{\"@id\":\"https:\/\/qingdaohf.com\/bg\/#organization\"},\"potentialAction\":[{\"@type\":\"SearchAction\",\"target\":{\"@type\":\"EntryPoint\",\"urlTemplate\":\"https:\/\/qingdaohf.com\/bg\/?s={search_term_string}\"},\"query-input\":{\"@type\":\"PropertyValueSpecification\",\"valueRequired\":true,\"valueName\":\"search_term_string\"}}],\"inLanguage\":\"lt-LT\"},{\"@type\":\"Organization\",\"@id\":\"https:\/\/qingdaohf.com\/bg\/#organization\",\"name\":\"Qingdao H&F\",\"url\":\"https:\/\/qingdaohf.com\/bg\/\",\"logo\":{\"@type\":\"ImageObject\",\"inLanguage\":\"lt-LT\",\"@id\":\"https:\/\/qingdaohf.com\/bg\/#\/schema\/logo\/image\/\",\"url\":\"https:\/\/qingdaohf.com\/wp-content\/uploads\/2022\/12\/cropped-HF-LOGO.png\",\"contentUrl\":\"https:\/\/qingdaohf.com\/wp-content\/uploads\/2022\/12\/cropped-HF-LOGO.png\",\"width\":391,\"height\":249,\"caption\":\"Qingdao H&F\"},\"image\":{\"@id\":\"https:\/\/qingdaohf.com\/bg\/#\/schema\/logo\/image\/\"},\"sameAs\":[\"https:\/\/www.facebook.com\/qingdaohf\"]}]}<\/script>\n<!-- \/ Yoast SEO plugin. -->","yoast_head_json":{"title":"Concrete Formwork Tie Rod","description":"Tie rod is reinforced straight steel rebar of large diameter with high strength and high dimensional accuracy external thread .","robots":{"index":"index","follow":"follow","max-snippet":"max-snippet:-1","max-image-preview":"max-image-preview:large","max-video-preview":"max-video-preview:-1"},"canonical":"https:\/\/qingdaohf.com\/lt\/produktas\/klojiniu-kaklaraiscio-strypas\/","og_locale":"lt_LT","og_type":"article","og_title":"Concrete Formwork Tie Rod","og_description":"Tie rod is reinforced straight steel rebar of large diameter with high strength and high dimensional accuracy external thread .","og_url":"https:\/\/qingdaohf.com\/lt\/produktas\/klojiniu-kaklaraiscio-strypas\/","og_site_name":"Concrete Form &amp; Rigging Hardware Supplier","article_publisher":"https:\/\/www.facebook.com\/qingdaohf","article_modified_time":"2025-11-13T01:06:19+00:00","og_image":[{"width":1000,"height":1000,"url":"https:\/\/qingdaohf.com\/wp-content\/uploads\/2023\/02\/tie-rod-system.webp","type":"image\/webp"}],"twitter_card":"summary_large_image","twitter_misc":{"Est. reading time":"4 minut\u0117s"},"schema":{"@context":"https:\/\/schema.org","@graph":[{"@type":"WebPage","@id":"https:\/\/qingdaohf.com\/product\/formwork-tie-rod\/","url":"https:\/\/qingdaohf.com\/product\/formwork-tie-rod\/","name":"Concrete Formwork Tie Rod","isPartOf":{"@id":"https:\/\/qingdaohf.com\/bg\/#website"},"primaryImageOfPage":{"@id":"https:\/\/qingdaohf.com\/product\/formwork-tie-rod\/#primaryimage"},"image":{"@id":"https:\/\/qingdaohf.com\/product\/formwork-tie-rod\/#primaryimage"},"thumbnailUrl":"https:\/\/qingdaohf.com\/wp-content\/uploads\/2023\/02\/tie-rod-system.webp","datePublished":"2023-02-10T09:41:17+00:00","dateModified":"2025-11-13T01:06:19+00:00","description":"Tie rod is reinforced straight steel rebar of large diameter with high strength and high dimensional accuracy external thread .","breadcrumb":{"@id":"https:\/\/qingdaohf.com\/product\/formwork-tie-rod\/#breadcrumb"},"inLanguage":"lt-LT","potentialAction":[{"@type":"ReadAction","target":["https:\/\/qingdaohf.com\/product\/formwork-tie-rod\/"]}]},{"@type":"ImageObject","inLanguage":"lt-LT","@id":"https:\/\/qingdaohf.com\/product\/formwork-tie-rod\/#primaryimage","url":"https:\/\/qingdaohf.com\/wp-content\/uploads\/2023\/02\/tie-rod-system.webp","contentUrl":"https:\/\/qingdaohf.com\/wp-content\/uploads\/2023\/02\/tie-rod-system.webp","width":1000,"height":1000,"caption":"tie rod system"},{"@type":"BreadcrumbList","@id":"https:\/\/qingdaohf.com\/product\/formwork-tie-rod\/#breadcrumb","itemListElement":[{"@type":"ListItem","position":1,"name":"Home","item":"https:\/\/qingdaohf.com\/"},{"@type":"ListItem","position":2,"name":"Concrete Forming Accessories and Rigging Hardware","item":"https:\/\/qingdaohf.com\/bg\/?page_id=944"},{"@type":"ListItem","position":3,"name":"Concrete Formwork Tie Rod"}]},{"@type":"WebSite","@id":"https:\/\/qingdaohf.com\/bg\/#website","url":"https:\/\/qingdaohf.com\/bg\/","name":"Concrete Form & Rigging Hardware Supplier","description":"","publisher":{"@id":"https:\/\/qingdaohf.com\/bg\/#organization"},"potentialAction":[{"@type":"SearchAction","target":{"@type":"EntryPoint","urlTemplate":"https:\/\/qingdaohf.com\/bg\/?s={search_term_string}"},"query-input":{"@type":"PropertyValueSpecification","valueRequired":true,"valueName":"search_term_string"}}],"inLanguage":"lt-LT"},{"@type":"Organization","@id":"https:\/\/qingdaohf.com\/bg\/#organization","name":"Qingdao H&F","url":"https:\/\/qingdaohf.com\/bg\/","logo":{"@type":"ImageObject","inLanguage":"lt-LT","@id":"https:\/\/qingdaohf.com\/bg\/#\/schema\/logo\/image\/","url":"https:\/\/qingdaohf.com\/wp-content\/uploads\/2022\/12\/cropped-HF-LOGO.png","contentUrl":"https:\/\/qingdaohf.com\/wp-content\/uploads\/2022\/12\/cropped-HF-LOGO.png","width":391,"height":249,"caption":"Qingdao H&F"},"image":{"@id":"https:\/\/qingdaohf.com\/bg\/#\/schema\/logo\/image\/"},"sameAs":["https:\/\/www.facebook.com\/qingdaohf"]}]}},"_links":{"self":[{"href":"https:\/\/qingdaohf.com\/lt\/wp-json\/wp\/v2\/product\/2132","targetHints":{"allow":["GET"]}}],"collection":[{"href":"https:\/\/qingdaohf.com\/lt\/wp-json\/wp\/v2\/product"}],"about":[{"href":"https:\/\/qingdaohf.com\/lt\/wp-json\/wp\/v2\/types\/product"}],"replies":[{"embeddable":true,"href":"https:\/\/qingdaohf.com\/lt\/wp-json\/wp\/v2\/comments?post=2132"}],"version-history":[{"count":4,"href":"https:\/\/qingdaohf.com\/lt\/wp-json\/wp\/v2\/product\/2132\/revisions"}],"predecessor-version":[{"id":3498,"href":"https:\/\/qingdaohf.com\/lt\/wp-json\/wp\/v2\/product\/2132\/revisions\/3498"}],"wp:featuredmedia":[{"embeddable":true,"href":"https:\/\/qingdaohf.com\/lt\/wp-json\/wp\/v2\/media\/8607"}],"wp:attachment":[{"href":"https:\/\/qingdaohf.com\/lt\/wp-json\/wp\/v2\/media?parent=2132"}],"wp:term":[{"taxonomy":"product_brand","embeddable":true,"href":"https:\/\/qingdaohf.com\/lt\/wp-json\/wp\/v2\/product_brand?post=2132"},{"taxonomy":"product_cat","embeddable":true,"href":"https:\/\/qingdaohf.com\/lt\/wp-json\/wp\/v2\/product_cat?post=2132"},{"taxonomy":"product_tag","embeddable":true,"href":"https:\/\/qingdaohf.com\/lt\/wp-json\/wp\/v2\/product_tag?post=2132"}],"curies":[{"name":"wp","href":"https:\/\/api.w.org\/{rel}","templated":true}]}}