{"id":2197,"date":"2023-02-14T18:02:59","date_gmt":"2023-02-14T10:02:59","guid":{"rendered":"http:\/\/qingdaohf.com\/?post_type=product&#038;p=2197"},"modified":"2025-11-13T09:06:18","modified_gmt":"2025-11-13T01:06:18","slug":"folding-grapnel-anchor","status":"publish","type":"product","link":"https:\/\/qingdaohf.com\/lt\/produktas\/grapnelinis-inkaras\/","title":{"rendered":"Sulankstomas gipso inkaras"},"content":{"rendered":"<p class=\"\" data-start=\"399\" data-end=\"810\">I\u0161 pirmo \u017evilgsnio sulankstomas grai\u017etvinis inkaras i\u0161siskiria savo lankstymo mechanizmu, kuris leid\u017eia keturbriaunius kotus tvarkingai sulankstyti prie koto. \u0160i naujov\u0117 suma\u017eina sand\u0117liavimo plot\u0105 ir palengvina tvarkym\u0105 perpildytose statybviet\u0117se. Skirtingai nei \u012fprastas greipelinis inkaras, kuris vis\u0105 laik\u0105 lieka standus, sulankstomasis variantas pritaikytas ank\u0161toms erdv\u0117ms ir padeda greitai j\u012f panaudoti.<\/p>\n<h2 class=\"\" data-start=\"812\" data-end=\"880\">Pagrindiniai sulankstom\u0173j\u0173 ir tradicini\u0173 greip\u0161telini\u0173 inkar\u0173 skirtumai<\/h2>\n<p class=\"\" data-start=\"881\" data-end=\"1374\">\u012eprastinis gropelio inkaras turi fiksuotas rankenas, kurioms transportuoti ir naudoti reikia pakankamai laisvos vietos. Tuo tarpu sulankstomajame Grapnel Anchor naudojamas i\u0161 gr\u016bdinto legiruotojo plieno pagamintas tiksliai suprojektuotas \u0161arnyras, u\u017etikrinantis, kad kiekviena ranka saugiai u\u017esifiksuot\u0173 veikiant apkrovai. Atliekami grie\u017eti nuovargio bandymai, kad b\u016bt\u0173 patikrinta, ar pakartotinis atidarymas ir u\u017edarymas nesusilpnins med\u017eiagos. Toks dinaminis patikrinimas pranoksta statinius stiprumo bandymus, da\u017enai taikomus stacionariems inkarams.<\/p>\n<h2 class=\"\" data-start=\"1376\" data-end=\"1415\">Med\u017eiagos ir statybos kokyb\u0117<\/h2>\n<p class=\"\" data-start=\"1416\" data-end=\"1997\">Abiej\u0173 tip\u0173 inkarai yra kalti i\u0161 didelio atsparumo tempimui anglinio plieno, po to termi\u0161kai apdorojami keliais etapais, tod\u0117l j\u0173 kietumas pagal Brinelio skal\u0119 yra 260-300 HB. Po kalimo komponentai padengiami dvisluoksne epoksidine-cinko danga, kuri ilgiau nei 1 000 valand\u0173 laikoma neutralioje druskos pur\u0161kimo aplinkoje. Toks atsparumas korozijai yra labai svarbus pakran\u010di\u0173 statybose arba atliekant j\u016brinio takela\u017eo montavimo darbus. Be to, kiekvieno \u012frenginio matmen\u0173 tikslumas tikrinamas naudojant lazerinio skenavimo suportus - tai paprastai taikoma tik aviacijos ir kosmoso komponentams, o ne \u012fprastiems form\u0173 priedams.<\/p>\n<h2 class=\"\" data-start=\"1999\" data-end=\"2041\">Programos ir veiklos analiz\u0117<\/h2>\n<p class=\"\" data-start=\"2042\" data-end=\"2639\">Betono klojiniuose grapaneliniai inkarai naudojami pertvaroms ir \u012fd\u0117klams apsaugoti nuo \u0161vie\u017eiai i\u0161pilto skiedinio hidrostatinio sl\u0117gio. Lauko bandymai rodo, kad sulankstomieji modeliai pasi\u017eymi pana\u0161iu atsparumu i\u0161traukimui - vidutini\u0161kai vir\u0161ija 12 kN - kaip ir nesulankstomieji modeliai, o transportavimo t\u016bris suma\u017e\u0117ja 40 proc. Vidutinio auk\u0161\u010dio statybviet\u0117je atlikto tyrimo metu brigados prane\u0161\u0117 apie 20 proc. sutrump\u0117jus\u012f montavimo laik\u0105, o tai l\u0117m\u0117 inkaro kompakti\u0161kumas ir paprastesnis priri\u0161imas. \u0160is veiklos efektyvumas tiesiogiai susij\u0119s su ma\u017eesn\u0117mis darbo s\u0105naudomis ir trumpesniais projekto terminais.<\/p>\n<h2 class=\"\" data-start=\"2641\" data-end=\"2684\">Integracija su \"X-Flat\" kaklarai\u0161\u010di\u0173 sistema<\/h2>\n<p class=\"\" data-start=\"2685\" data-end=\"3229\">\"X-Flat Tie\" papildo m\u016bs\u0173 inkar\u0173 asortiment\u0105 ir si\u016blo \u017eemo profilio plok\u0161\u010di\u0105 \u012ftempimo element\u0105, skirt\u0105 vienpusiams ir dvipusiams klojiniams. Jo dantytas su\u0117mimo pavir\u0161ius sujungiamas su inkar\u0173 kotais per greito fiksavimo mov\u0105, tod\u0117l galima tiksliai reguliuoti atstumus neperstatant pagrindinio inkaro. \"X-Flat Ties\" galima \u012fsigyti mink\u0161to plieno ir ner\u016bdijan\u010dio plieno variant\u0173, kurie tinka \u012fvairiems projektams - nuo auk\u0161tybini\u0173 pastat\u0173 branduoli\u0173 iki surenkam\u0173j\u0173 kiemo konstrukcij\u0173 - u\u017etikrinant, kad kiekvienas mazgas i\u0161laikyt\u0173 tolyg\u0173 apkrovos pasiskirstym\u0105 ir minimal\u0173 \u012flink\u012f veikiant sl\u0117giui.<\/p>\n<h2 class=\"\" data-start=\"3231\" data-end=\"3272\">Kokyb\u0117s u\u017etikrinimas ir sertifikatai<\/h2>\n<p class=\"\" data-start=\"3273\" data-end=\"3751\">Atliekamas kiekvieno sulankstomo gropelio inkaro ir \"X-Flat\" kaklarai\u0161\u010dio partijos m\u0117gini\u0173 \u0117mimas, \u012fskaitant tempimo, lenkimo ir sm\u016bgio bandymus, atitinkan\u010dius EN 10204 patikros standartus. Kartu su siuntomis pateikiami atitikties sertifikatai, patvirtinantys atitikt\u012f ISO 9001:2015 kokyb\u0117s vadybos protokolams. Be \u0161i\u0173 kriterij\u0173, nepriklausoma laboratorija atlieka atsitiktinius druskos pur\u0161kimo ir kietumo vertinimus, u\u017etikrindama, kad med\u017eiagos vientisumas ir apsaugin\u0117 apdaila atitikt\u0173 arba vir\u0161yt\u0173 pramon\u0117s normas.<\/p>\n<h2 class=\"\" data-start=\"3753\" data-end=\"3782\">Kod\u0117l verta bendradarbiauti su \"H&amp;F<\/h2>\n<p class=\"\" data-start=\"3783\" data-end=\"4428\">Klientai renkasi \"H&amp;F\" ne tik d\u0117l m\u016bs\u0173 produkt\u0173 \u012fvairov\u0117s, bet ir d\u0117l m\u016bs\u0173 teikiam\u0173 specialiai pritaikyt\u0173 paslaug\u0173 ekosistemos. Potencial\u016bs partneriai gauna nemokamus pavyzd\u017eius, kad gal\u0117t\u0173 patikrinti, ar jie atitinka konkretaus projekto kriterijus, ir taip i\u0161vengia sp\u0117lioni\u0173 prie\u0161 didel\u0117s apimties pirkimus. Kiekvienam klientui vis\u0105 par\u0105 dirba specialus techninis specialistas, kuris teikia individuali\u0105 pagalb\u0105 nuo pirminio u\u017eklausimo iki tolesni\u0173 veiksm\u0173 po pristatymo. Be to, logistikos paslaugos \"nuo dur\u0173 iki dur\u0173\" suma\u017eina tvarkymo sud\u0117tingum\u0105, ypa\u010d tarptautini\u0173 siunt\u0173 atveju, o m\u016bs\u0173 skaidri sekimo sistema informuoja suinteresuot\u0105sias \u0161alis apie kiekvien\u0105 tranzito etap\u0105.<\/p>\n<p class=\"\" data-start=\"4430\" data-end=\"4730\">Suderinus praktines dizaino \u012f\u017evalgas, tvirtas med\u017eiag\u0173 specifikacijas ir \u012f klient\u0105 orientuot\u0105 palaikymo model\u012f, sulankstomasis gropelio inkaras ir su juo susij\u0119s \"X-Flat Tie\" sprendimas yra patikimas pasirinkimas profesionalams, siekiantiems efektyvumo, tvirtumo ir patikimumo klojini\u0173 ir takela\u017eo \u012frangos srityje.<\/p>","protected":false},"excerpt":{"rendered":"<p>Sulankstomas gipso inkaras yra universalus inkaravimo sprendimas, pasi\u017eymintis kompakti\u0161ka, sulankstoma konstrukcija, kuri pagerina ne\u0161iojamum\u0105 nesuma\u017eindama tvirtumo. Kartu su tradiciniais \"Grapnel\" inkarais jis skland\u017eiai integruojamas su \"X-Flat Tie\" sistema, u\u017etikrinan\u010dia patikim\u0105 veikim\u0105 sud\u0117tingose klojini\u0173 ir takela\u017eo srityse.<\/p>","protected":false},"featured_media":9458,"comment_status":"open","ping_status":"closed","template":"","meta":{"site-sidebar-layout":"default","site-content-layout":"default","ast-site-content-layout":"default","site-content-style":"default","site-sidebar-style":"default","ast-global-header-display":"","ast-banner-title-visibility":"","ast-main-header-display":"","ast-hfb-above-header-display":"","ast-hfb-below-header-display":"","ast-hfb-mobile-header-display":"","site-post-title":"","ast-breadcrumbs-content":"","ast-featured-img":"","footer-sml-layout":"","theme-transparent-header-meta":"default","adv-header-id-meta":"","stick-header-meta":"default","header-above-stick-meta":"","header-main-stick-meta":"","header-below-stick-meta":"","astra-migrate-meta-layouts":"set","ast-page-background-enabled":"default","ast-page-background-meta":{"desktop":{"background-color":"","background-image":"","background-repeat":"repeat","background-position":"center center","background-size":"auto","background-attachment":"scroll","background-type":"","background-media":"","overlay-type":"","overlay-color":"","overlay-opacity":"","overlay-gradient":""},"tablet":{"background-color":"","background-image":"","background-repeat":"repeat","background-position":"center center","background-size":"auto","background-attachment":"scroll","background-type":"","background-media":"","overlay-type":"","overlay-color":"","overlay-opacity":"","overlay-gradient":""},"mobile":{"background-color":"","background-image":"","background-repeat":"repeat","background-position":"center center","background-size":"auto","background-attachment":"scroll","background-type":"","background-media":"","overlay-type":"","overlay-color":"","overlay-opacity":"","overlay-gradient":""}},"ast-content-background-meta":{"desktop":{"background-color":"var(--ast-global-color-5)","background-image":"","background-repeat":"repeat","background-position":"center center","background-size":"auto","background-attachment":"scroll","background-type":"","background-media":"","overlay-type":"","overlay-color":"","overlay-opacity":"","overlay-gradient":""},"tablet":{"background-color":"var(--ast-global-color-5)","background-image":"","background-repeat":"repeat","background-position":"center center","background-size":"auto","background-attachment":"scroll","background-type":"","background-media":"","overlay-type":"","overlay-color":"","overlay-opacity":"","overlay-gradient":""},"mobile":{"background-color":"var(--ast-global-color-5)","background-image":"","background-repeat":"repeat","background-position":"center center","background-size":"auto","background-attachment":"scroll","background-type":"","background-media":"","overlay-type":"","overlay-color":"","overlay-opacity":"","overlay-gradient":""}}},"product_brand":[],"product_cat":[74,43],"product_tag":[],"class_list":{"0":"post-2197","1":"product","2":"type-product","3":"status-publish","4":"has-post-thumbnail","6":"product_cat-boat-anchor","7":"product_cat-rigging-hardware","8":"desktop-align-left","9":"tablet-align-left","10":"mobile-align-left","11":"ast-product-gallery-layout-horizontal-slider","12":"ast-product-tabs-layout-horizontal","14":"first","15":"instock","16":"shipping-taxable","17":"purchasable","18":"product-type-simple"},"yoast_head":"<!-- This site is optimized with the Yoast SEO plugin v25.2 - https:\/\/yoast.com\/wordpress\/plugins\/seo\/ -->\n<title>Folding Grapnel Anchor<\/title>\n<meta name=\"description\" content=\"The Grapnel Anchor is a mechanical device commonly used in maritime and climbing activities for securing and stabilizing objects.\" \/>\n<meta name=\"robots\" content=\"index, follow, max-snippet:-1, max-image-preview:large, max-video-preview:-1\" \/>\n<link rel=\"canonical\" href=\"https:\/\/qingdaohf.com\/lt\/produktas\/grapnelinis-inkaras\/\" \/>\n<meta property=\"og:locale\" content=\"lt_LT\" \/>\n<meta property=\"og:type\" content=\"article\" \/>\n<meta property=\"og:title\" content=\"Folding Grapnel Anchor\" \/>\n<meta property=\"og:description\" content=\"The Grapnel Anchor is a mechanical device commonly used in maritime and climbing activities for securing and stabilizing objects.\" \/>\n<meta property=\"og:url\" content=\"https:\/\/qingdaohf.com\/lt\/produktas\/grapnelinis-inkaras\/\" \/>\n<meta property=\"og:site_name\" content=\"Concrete Form &amp; Rigging Hardware Supplier\" \/>\n<meta property=\"article:publisher\" content=\"https:\/\/www.facebook.com\/qingdaohf\" \/>\n<meta property=\"article:modified_time\" content=\"2025-11-13T01:06:18+00:00\" \/>\n<meta property=\"og:image\" content=\"https:\/\/qingdaohf.com\/wp-content\/uploads\/2023\/02\/Grapnel-Anchor-1.jpg\" \/>\n\t<meta property=\"og:image:width\" content=\"1000\" \/>\n\t<meta property=\"og:image:height\" content=\"1000\" \/>\n\t<meta property=\"og:image:type\" content=\"image\/jpeg\" \/>\n<meta name=\"twitter:card\" content=\"summary_large_image\" \/>\n<meta name=\"twitter:label1\" content=\"Est. reading time\" \/>\n\t<meta name=\"twitter:data1\" content=\"3 minut\u0117s\" \/>\n<script type=\"application\/ld+json\" class=\"yoast-schema-graph\">{\"@context\":\"https:\/\/schema.org\",\"@graph\":[{\"@type\":\"WebPage\",\"@id\":\"https:\/\/qingdaohf.com\/product\/folding-grapnel-anchor\/\",\"url\":\"https:\/\/qingdaohf.com\/product\/folding-grapnel-anchor\/\",\"name\":\"Folding Grapnel Anchor\",\"isPartOf\":{\"@id\":\"https:\/\/qingdaohf.com\/bg\/#website\"},\"primaryImageOfPage\":{\"@id\":\"https:\/\/qingdaohf.com\/product\/folding-grapnel-anchor\/#primaryimage\"},\"image\":{\"@id\":\"https:\/\/qingdaohf.com\/product\/folding-grapnel-anchor\/#primaryimage\"},\"thumbnailUrl\":\"https:\/\/qingdaohf.com\/wp-content\/uploads\/2023\/02\/Grapnel-Anchor-1.jpg\",\"datePublished\":\"2023-02-14T10:02:59+00:00\",\"dateModified\":\"2025-11-13T01:06:18+00:00\",\"description\":\"The Grapnel Anchor is a mechanical device commonly used in maritime and climbing activities for securing and stabilizing objects.\",\"breadcrumb\":{\"@id\":\"https:\/\/qingdaohf.com\/product\/folding-grapnel-anchor\/#breadcrumb\"},\"inLanguage\":\"lt-LT\",\"potentialAction\":[{\"@type\":\"ReadAction\",\"target\":[\"https:\/\/qingdaohf.com\/product\/folding-grapnel-anchor\/\"]}]},{\"@type\":\"ImageObject\",\"inLanguage\":\"lt-LT\",\"@id\":\"https:\/\/qingdaohf.com\/product\/folding-grapnel-anchor\/#primaryimage\",\"url\":\"https:\/\/qingdaohf.com\/wp-content\/uploads\/2023\/02\/Grapnel-Anchor-1.jpg\",\"contentUrl\":\"https:\/\/qingdaohf.com\/wp-content\/uploads\/2023\/02\/Grapnel-Anchor-1.jpg\",\"width\":1000,\"height\":1000,\"caption\":\"Grapnel Anchor\"},{\"@type\":\"BreadcrumbList\",\"@id\":\"https:\/\/qingdaohf.com\/product\/folding-grapnel-anchor\/#breadcrumb\",\"itemListElement\":[{\"@type\":\"ListItem\",\"position\":1,\"name\":\"Home\",\"item\":\"https:\/\/qingdaohf.com\/\"},{\"@type\":\"ListItem\",\"position\":2,\"name\":\"Concrete Forming Accessories and Rigging Hardware\",\"item\":\"https:\/\/qingdaohf.com\/bg\/?page_id=944\"},{\"@type\":\"ListItem\",\"position\":3,\"name\":\"Folding Grapnel Anchor\"}]},{\"@type\":\"WebSite\",\"@id\":\"https:\/\/qingdaohf.com\/bg\/#website\",\"url\":\"https:\/\/qingdaohf.com\/bg\/\",\"name\":\"Concrete Form & Rigging Hardware Supplier\",\"description\":\"\",\"publisher\":{\"@id\":\"https:\/\/qingdaohf.com\/bg\/#organization\"},\"potentialAction\":[{\"@type\":\"SearchAction\",\"target\":{\"@type\":\"EntryPoint\",\"urlTemplate\":\"https:\/\/qingdaohf.com\/bg\/?s={search_term_string}\"},\"query-input\":{\"@type\":\"PropertyValueSpecification\",\"valueRequired\":true,\"valueName\":\"search_term_string\"}}],\"inLanguage\":\"lt-LT\"},{\"@type\":\"Organization\",\"@id\":\"https:\/\/qingdaohf.com\/bg\/#organization\",\"name\":\"Qingdao H&F\",\"url\":\"https:\/\/qingdaohf.com\/bg\/\",\"logo\":{\"@type\":\"ImageObject\",\"inLanguage\":\"lt-LT\",\"@id\":\"https:\/\/qingdaohf.com\/bg\/#\/schema\/logo\/image\/\",\"url\":\"https:\/\/qingdaohf.com\/wp-content\/uploads\/2022\/12\/cropped-HF-LOGO.png\",\"contentUrl\":\"https:\/\/qingdaohf.com\/wp-content\/uploads\/2022\/12\/cropped-HF-LOGO.png\",\"width\":391,\"height\":249,\"caption\":\"Qingdao H&F\"},\"image\":{\"@id\":\"https:\/\/qingdaohf.com\/bg\/#\/schema\/logo\/image\/\"},\"sameAs\":[\"https:\/\/www.facebook.com\/qingdaohf\"]}]}<\/script>\n<!-- \/ Yoast SEO plugin. -->","yoast_head_json":{"title":"Folding Grapnel Anchor","description":"The Grapnel Anchor is a mechanical device commonly used in maritime and climbing activities for securing and stabilizing objects.","robots":{"index":"index","follow":"follow","max-snippet":"max-snippet:-1","max-image-preview":"max-image-preview:large","max-video-preview":"max-video-preview:-1"},"canonical":"https:\/\/qingdaohf.com\/lt\/produktas\/grapnelinis-inkaras\/","og_locale":"lt_LT","og_type":"article","og_title":"Folding Grapnel Anchor","og_description":"The Grapnel Anchor is a mechanical device commonly used in maritime and climbing activities for securing and stabilizing objects.","og_url":"https:\/\/qingdaohf.com\/lt\/produktas\/grapnelinis-inkaras\/","og_site_name":"Concrete Form &amp; Rigging Hardware Supplier","article_publisher":"https:\/\/www.facebook.com\/qingdaohf","article_modified_time":"2025-11-13T01:06:18+00:00","og_image":[{"width":1000,"height":1000,"url":"https:\/\/qingdaohf.com\/wp-content\/uploads\/2023\/02\/Grapnel-Anchor-1.jpg","type":"image\/jpeg"}],"twitter_card":"summary_large_image","twitter_misc":{"Est. reading time":"3 minut\u0117s"},"schema":{"@context":"https:\/\/schema.org","@graph":[{"@type":"WebPage","@id":"https:\/\/qingdaohf.com\/product\/folding-grapnel-anchor\/","url":"https:\/\/qingdaohf.com\/product\/folding-grapnel-anchor\/","name":"Folding Grapnel Anchor","isPartOf":{"@id":"https:\/\/qingdaohf.com\/bg\/#website"},"primaryImageOfPage":{"@id":"https:\/\/qingdaohf.com\/product\/folding-grapnel-anchor\/#primaryimage"},"image":{"@id":"https:\/\/qingdaohf.com\/product\/folding-grapnel-anchor\/#primaryimage"},"thumbnailUrl":"https:\/\/qingdaohf.com\/wp-content\/uploads\/2023\/02\/Grapnel-Anchor-1.jpg","datePublished":"2023-02-14T10:02:59+00:00","dateModified":"2025-11-13T01:06:18+00:00","description":"The Grapnel Anchor is a mechanical device commonly used in maritime and climbing activities for securing and stabilizing objects.","breadcrumb":{"@id":"https:\/\/qingdaohf.com\/product\/folding-grapnel-anchor\/#breadcrumb"},"inLanguage":"lt-LT","potentialAction":[{"@type":"ReadAction","target":["https:\/\/qingdaohf.com\/product\/folding-grapnel-anchor\/"]}]},{"@type":"ImageObject","inLanguage":"lt-LT","@id":"https:\/\/qingdaohf.com\/product\/folding-grapnel-anchor\/#primaryimage","url":"https:\/\/qingdaohf.com\/wp-content\/uploads\/2023\/02\/Grapnel-Anchor-1.jpg","contentUrl":"https:\/\/qingdaohf.com\/wp-content\/uploads\/2023\/02\/Grapnel-Anchor-1.jpg","width":1000,"height":1000,"caption":"Grapnel Anchor"},{"@type":"BreadcrumbList","@id":"https:\/\/qingdaohf.com\/product\/folding-grapnel-anchor\/#breadcrumb","itemListElement":[{"@type":"ListItem","position":1,"name":"Home","item":"https:\/\/qingdaohf.com\/"},{"@type":"ListItem","position":2,"name":"Concrete Forming Accessories and Rigging Hardware","item":"https:\/\/qingdaohf.com\/bg\/?page_id=944"},{"@type":"ListItem","position":3,"name":"Folding Grapnel Anchor"}]},{"@type":"WebSite","@id":"https:\/\/qingdaohf.com\/bg\/#website","url":"https:\/\/qingdaohf.com\/bg\/","name":"Concrete Form & Rigging Hardware Supplier","description":"","publisher":{"@id":"https:\/\/qingdaohf.com\/bg\/#organization"},"potentialAction":[{"@type":"SearchAction","target":{"@type":"EntryPoint","urlTemplate":"https:\/\/qingdaohf.com\/bg\/?s={search_term_string}"},"query-input":{"@type":"PropertyValueSpecification","valueRequired":true,"valueName":"search_term_string"}}],"inLanguage":"lt-LT"},{"@type":"Organization","@id":"https:\/\/qingdaohf.com\/bg\/#organization","name":"Qingdao H&F","url":"https:\/\/qingdaohf.com\/bg\/","logo":{"@type":"ImageObject","inLanguage":"lt-LT","@id":"https:\/\/qingdaohf.com\/bg\/#\/schema\/logo\/image\/","url":"https:\/\/qingdaohf.com\/wp-content\/uploads\/2022\/12\/cropped-HF-LOGO.png","contentUrl":"https:\/\/qingdaohf.com\/wp-content\/uploads\/2022\/12\/cropped-HF-LOGO.png","width":391,"height":249,"caption":"Qingdao H&F"},"image":{"@id":"https:\/\/qingdaohf.com\/bg\/#\/schema\/logo\/image\/"},"sameAs":["https:\/\/www.facebook.com\/qingdaohf"]}]}},"_links":{"self":[{"href":"https:\/\/qingdaohf.com\/lt\/wp-json\/wp\/v2\/product\/2197","targetHints":{"allow":["GET"]}}],"collection":[{"href":"https:\/\/qingdaohf.com\/lt\/wp-json\/wp\/v2\/product"}],"about":[{"href":"https:\/\/qingdaohf.com\/lt\/wp-json\/wp\/v2\/types\/product"}],"replies":[{"embeddable":true,"href":"https:\/\/qingdaohf.com\/lt\/wp-json\/wp\/v2\/comments?post=2197"}],"version-history":[{"count":2,"href":"https:\/\/qingdaohf.com\/lt\/wp-json\/wp\/v2\/product\/2197\/revisions"}],"predecessor-version":[{"id":9463,"href":"https:\/\/qingdaohf.com\/lt\/wp-json\/wp\/v2\/product\/2197\/revisions\/9463"}],"wp:featuredmedia":[{"embeddable":true,"href":"https:\/\/qingdaohf.com\/lt\/wp-json\/wp\/v2\/media\/9458"}],"wp:attachment":[{"href":"https:\/\/qingdaohf.com\/lt\/wp-json\/wp\/v2\/media?parent=2197"}],"wp:term":[{"taxonomy":"product_brand","embeddable":true,"href":"https:\/\/qingdaohf.com\/lt\/wp-json\/wp\/v2\/product_brand?post=2197"},{"taxonomy":"product_cat","embeddable":true,"href":"https:\/\/qingdaohf.com\/lt\/wp-json\/wp\/v2\/product_cat?post=2197"},{"taxonomy":"product_tag","embeddable":true,"href":"https:\/\/qingdaohf.com\/lt\/wp-json\/wp\/v2\/product_tag?post=2197"}],"curies":[{"name":"wp","href":"https:\/\/api.w.org\/{rel}","templated":true}]}}