{"id":2312,"date":"2023-02-21T17:34:53","date_gmt":"2023-02-21T09:34:53","guid":{"rendered":"http:\/\/qingdaohf.com\/?post_type=product&#038;p=2312"},"modified":"2025-11-13T09:06:16","modified_gmt":"2025-11-13T01:06:16","slug":"slab-bolster-dipped","status":"publish","type":"product","link":"https:\/\/qingdaohf.com\/lt\/produktas\/plokste-bolsteris-panardintas\/","title":{"rendered":"Plok\u0161t\u0117s bolsteris, panardintas SBD"},"content":{"rendered":"<h2 data-pm-slice=\"1 1 []\">Kas yra plok\u0161t\u0117, panardinta \u012f bolster\u012f (SBD)?<\/h2>\n<p>\"Slab Bolster Dipped\" (SBD) - tai labai svarbus armat\u016bros priedas betono konstrukcijose, skirtas i\u0161laikyti tikslius tarpus tarp armat\u016bros stryp\u0173 ir klojini\u0173. Pagamintas i\u0161 didelio atsparumo plieno ir padengtas panardinta danga, jis pasi\u017eymi didesniu patvarumu ir atsparumu korozijai. SBD, daugiausia naudojamas perdang\u0173, surenkam\u0173j\u0173 ir pakreipiam\u0173j\u0173 konstrukcij\u0173 projektuose, u\u017etikrina tolyg\u0173 betono padengim\u0105, kuris yra b\u016btinas konstrukcijos tvirtumui ir ilgaam\u017ei\u0161kumui. Jos i\u0161tisin\u0117 atramin\u0117 sistema neleid\u017eia i\u0161siklaipyti, saugiai i\u0161laiko armat\u016br\u0105 vietoje betonavimo ir kiet\u0117jimo proces\u0173 metu.<\/p>\n<h2>Pagrindiniai plok\u0161t\u0117s \"Bolster Dipped\" (SBD) naudojimo privalumai<\/h2>\n<p>SBD vaidina nepakei\u010diam\u0105 vaidmen\u012f siekiant geresni\u0173 betono eksploatacini\u0173 savybi\u0173. Vienas i\u0161 pagrindini\u0173 jo privalum\u0173 - atsparumas r\u016bdims ir aplinkos pa\u017eeidimams d\u0117l \u012fmirkytos dangos. D\u0117l \u0161io papildomo apsaugos sluoksnio jis ypa\u010d tinka dr\u0117gnoje ar chemi\u0161kai agresyvioje aplinkoje, kur standartinis nepadengtas plienas laikui b\u0117gant gali sugesti.<\/p>\n<p>Kitas svarbus privalumas - galimyb\u0117 i\u0161laikyti nuosekli\u0105 armat\u016bros pad\u0117t\u012f. Tinkamas i\u0161d\u0117stymas turi tiesiogin\u0117s \u012ftakos betono laikomajai galiai ir atsparumui \u012ftr\u016bkimams, tod\u0117l SBD yra patikimas pasirinkimas projektuose, kuriuose reikia didelio konstrukcinio vientisumo. Nesvarbu, ar SBD naudojama komerciniuose, gyvenamuosiuose ar pramoniniuose objektuose, ji padeda u\u017etikrinti vienod\u0105 betono stor\u012f ir neleid\u017eia jam pasislinkti betonavimo metu.<\/p>\n<h2>Plok\u0161t\u0117s su \u012fmerktu bolsteriu (SBD) taikymo sritys<\/h2>\n<p>Plok\u0161t\u0117s Bolster Dipped yra universalus ir pla\u010diai naudojamas \u012fvairiuose statybos projektuose. Jis ypa\u010d veiksmingas plok\u0161\u010di\u0173j\u0173 konstrukcij\u0173, pavyzd\u017eiui, greitkeli\u0173, tilt\u0173 ir pastat\u0173 pamat\u0173, darbuose, kur labai svarbu tiksliai i\u0161kelti armat\u016br\u0105. Surenkam\u0173j\u0173 konstrukcij\u0173 gamyklos taip pat pasikliauja SBD, kad i\u0161laikyt\u0173 vienodus atstumus tarp armat\u016bros sluoksni\u0173 ir u\u017etikrint\u0173 pastovi\u0105 gaminio kokyb\u0119. Klojini\u0173 statyboje SBD padeda paremti plok\u0161tes prie\u0161 jas pakeliant \u012f viet\u0105 ir u\u017etikrina stabilum\u0105 per vis\u0105 kiet\u0117jimo etap\u0105.<\/p>\n<p>D\u0117l \u012fmirkytos apdailos SBD tinka dr\u0117gm\u0117s, apled\u0117jimo drusk\u0173 ar agresyvi\u0173 chemini\u0173 med\u017eiag\u0173 veikiamai aplinkai. D\u0117l \u0161ios savyb\u0117s ji yra geriausias pasirinkimas infrastrukt\u016bros projektams, pavyzd\u017eiui, tuneliams, automobili\u0173 stov\u0117jimo aik\u0161tel\u0117ms ir j\u016brin\u0117ms reikm\u0117ms, kur atsparumas korozijai yra prioritetas.<\/p>\n<h2>Kod\u0117l verta rinktis Qingdao H&amp;F savo plok\u0161t\u0117s Bolster panardintas poreikius?<\/h2>\n<p>B\u016bdama patikima prekybos bendrov\u0117, Qingdao H&amp;F siekia tiekti auk\u0161tos kokyb\u0117s betono priedus ir teikti neprilygstam\u0105 klient\u0173 aptarnavim\u0105. \u0160ioje pramon\u0117s \u0161akoje i\u0161siskiriame individualiu klient\u0173 aptarnavimu, u\u017etikrinan\u010diu, kad kiekvienas klientas gaut\u0173 individualiai pritaikytus sprendimus, atitinkan\u010dius konkre\u010dius jo projekto reikalavimus. M\u016bs\u0173 greitas pristatymo ciklas rei\u0161kia, kad gausite reikiamas med\u017eiagas be nereikalingo v\u0117lavimo, tod\u0117l j\u016bs\u0173 projektai bus vykdomi pagal grafik\u0105 ir nevir\u0161ys biud\u017eeto.<\/p>\n<p>Kokyb\u0117s u\u017etikrinimas mums yra svarbiausias prioritetas. Pateikiame i\u0161samias patikrinimo ataskaitas, \u012fskaitant med\u017eiag\u0173 sertifikatus ir eksploatacini\u0173 bandym\u0173 duomenis, kad gal\u0117tum\u0117te b\u016bti tikri d\u0117l m\u016bs\u0173 gamini\u0173 patikimumo. Be to, si\u016blome konkurencingas kainas, nesuma\u017eindami kokyb\u0117s, tod\u0117l esame ekonomi\u0161kas pasirinkimas rangovams ir tiek\u0117jams, ie\u0161kantiems patikim\u0173 betono form\u0173 pried\u0173.<\/p>\n<p>\"Qingdao H&amp;F\" yra tvirtai \u012fsipareigojusi siekti kompetencijos ir klient\u0173 pasitenkinimo, tod\u0117l yra j\u016bs\u0173 partneris, atsakingas u\u017e plok\u0161\u010di\u0173 \"Bolster Dipped\" ir kitus armat\u016bros sprendimus. Susisiekite su mumis \u0161iandien ir su\u017einokite daugiau apie tai, kaip galime paremti j\u016bs\u0173 statybos projektus auk\u0161\u010diausio lygio produktais ir i\u0161skirtiniu aptarnavimu.<\/p>","protected":false},"excerpt":{"rendered":"<p data-pm-slice=\"1 1 []\">\"Slab Bolster Dipped\" (SBD) yra esminis betono armavimo priedas, u\u017etikrinantis tiksl\u0173 armat\u016bros i\u0161d\u0117stym\u0105 ir optimal\u0173 konstrukcijos vientisum\u0105. SBD, pasi\u017eymintis \u012fmirkyta apdaila, u\u017etikrinan\u010dia didesn\u012f atsparum\u0105 korozijai, u\u017etikrina patikim\u0105 atram\u0105 plok\u0161t\u0117ms, surenkamoms ir pakreipiamoms perdangoms. Qingdao H&amp;F garantuoja auk\u0161\u010diausi\u0105 kokyb\u0119, teikia \u012fvairias tikrinimo ataskaitas, greit\u0105 pristatym\u0105 ir individual\u0173 klient\u0173 aptarnavim\u0105, kad supaprastint\u0173 j\u016bs\u0173 pirkimo patirt\u012f. D\u0117l konkurencing\u0173 kain\u0173 ir \u012fsipareigojimo siekti auk\u0161\u010diausios kokyb\u0117s esame patikimas partneris visiems j\u016bs\u0173 statyb\u0173 poreikiams tenkinti.<\/p>","protected":false},"featured_media":8004,"comment_status":"open","ping_status":"closed","template":"","meta":{"site-sidebar-layout":"default","site-content-layout":"default","ast-site-content-layout":"default","site-content-style":"default","site-sidebar-style":"default","ast-global-header-display":"","ast-banner-title-visibility":"","ast-main-header-display":"","ast-hfb-above-header-display":"","ast-hfb-below-header-display":"","ast-hfb-mobile-header-display":"","site-post-title":"","ast-breadcrumbs-content":"","ast-featured-img":"","footer-sml-layout":"","theme-transparent-header-meta":"default","adv-header-id-meta":"","stick-header-meta":"default","header-above-stick-meta":"","header-main-stick-meta":"","header-below-stick-meta":"","astra-migrate-meta-layouts":"set","ast-page-background-enabled":"default","ast-page-background-meta":{"desktop":{"background-color":"","background-image":"","background-repeat":"repeat","background-position":"center center","background-size":"auto","background-attachment":"scroll","background-type":"","background-media":"","overlay-type":"","overlay-color":"","overlay-opacity":"","overlay-gradient":""},"tablet":{"background-color":"","background-image":"","background-repeat":"repeat","background-position":"center center","background-size":"auto","background-attachment":"scroll","background-type":"","background-media":"","overlay-type":"","overlay-color":"","overlay-opacity":"","overlay-gradient":""},"mobile":{"background-color":"","background-image":"","background-repeat":"repeat","background-position":"center center","background-size":"auto","background-attachment":"scroll","background-type":"","background-media":"","overlay-type":"","overlay-color":"","overlay-opacity":"","overlay-gradient":""}},"ast-content-background-meta":{"desktop":{"background-color":"var(--ast-global-color-5)","background-image":"","background-repeat":"repeat","background-position":"center center","background-size":"auto","background-attachment":"scroll","background-type":"","background-media":"","overlay-type":"","overlay-color":"","overlay-opacity":"","overlay-gradient":""},"tablet":{"background-color":"var(--ast-global-color-5)","background-image":"","background-repeat":"repeat","background-position":"center center","background-size":"auto","background-attachment":"scroll","background-type":"","background-media":"","overlay-type":"","overlay-color":"","overlay-opacity":"","overlay-gradient":""},"mobile":{"background-color":"var(--ast-global-color-5)","background-image":"","background-repeat":"repeat","background-position":"center center","background-size":"auto","background-attachment":"scroll","background-type":"","background-media":"","overlay-type":"","overlay-color":"","overlay-opacity":"","overlay-gradient":""}}},"product_brand":[],"product_cat":[35],"product_tag":[],"class_list":{"0":"post-2312","1":"product","2":"type-product","3":"status-publish","4":"has-post-thumbnail","6":"product_cat-concrete-rebar-support","7":"desktop-align-left","8":"tablet-align-left","9":"mobile-align-left","10":"ast-product-gallery-layout-horizontal-slider","11":"ast-product-tabs-layout-horizontal","13":"first","14":"instock","15":"shipping-taxable","16":"purchasable","17":"product-type-simple"},"yoast_head":"<!-- This site is optimized with the Yoast SEO plugin v25.2 - https:\/\/yoast.com\/wordpress\/plugins\/seo\/ -->\n<title>Slab Bolster Dipped SBD<\/title>\n<meta name=\"description\" content=\"Slab Bolster Dipped (SBD) is an essential accessory for concrete reinforcement, ensuring precise rebar placement and optimal structural integrity.\" \/>\n<meta name=\"robots\" content=\"index, follow, max-snippet:-1, max-image-preview:large, max-video-preview:-1\" \/>\n<link rel=\"canonical\" href=\"https:\/\/qingdaohf.com\/lt\/produktas\/plokste-bolsteris-panardintas\/\" \/>\n<meta property=\"og:locale\" content=\"lt_LT\" \/>\n<meta property=\"og:type\" content=\"article\" \/>\n<meta property=\"og:title\" content=\"Slab Bolster Dipped SBD\" \/>\n<meta property=\"og:description\" content=\"Slab Bolster Dipped (SBD) is an essential accessory for concrete reinforcement, ensuring precise rebar placement and optimal structural integrity.\" \/>\n<meta property=\"og:url\" content=\"https:\/\/qingdaohf.com\/lt\/produktas\/plokste-bolsteris-panardintas\/\" \/>\n<meta property=\"og:site_name\" content=\"Concrete Form &amp; Rigging Hardware Supplier\" \/>\n<meta property=\"article:publisher\" content=\"https:\/\/www.facebook.com\/qingdaohf\" \/>\n<meta property=\"article:modified_time\" content=\"2025-11-13T01:06:16+00:00\" \/>\n<meta property=\"og:image\" content=\"https:\/\/qingdaohf.com\/wp-content\/uploads\/2023\/02\/Slab-Bolster-Dipped-1-1.jpg\" \/>\n\t<meta property=\"og:image:width\" content=\"1000\" \/>\n\t<meta property=\"og:image:height\" content=\"1000\" \/>\n\t<meta property=\"og:image:type\" content=\"image\/jpeg\" \/>\n<meta name=\"twitter:card\" content=\"summary_large_image\" \/>\n<meta name=\"twitter:label1\" content=\"Est. reading time\" \/>\n\t<meta name=\"twitter:data1\" content=\"3 minut\u0117s\" \/>\n<script type=\"application\/ld+json\" class=\"yoast-schema-graph\">{\"@context\":\"https:\/\/schema.org\",\"@graph\":[{\"@type\":\"WebPage\",\"@id\":\"https:\/\/qingdaohf.com\/product\/slab-bolster-dipped\/\",\"url\":\"https:\/\/qingdaohf.com\/product\/slab-bolster-dipped\/\",\"name\":\"Slab Bolster Dipped SBD\",\"isPartOf\":{\"@id\":\"https:\/\/qingdaohf.com\/bg\/#website\"},\"primaryImageOfPage\":{\"@id\":\"https:\/\/qingdaohf.com\/product\/slab-bolster-dipped\/#primaryimage\"},\"image\":{\"@id\":\"https:\/\/qingdaohf.com\/product\/slab-bolster-dipped\/#primaryimage\"},\"thumbnailUrl\":\"https:\/\/qingdaohf.com\/wp-content\/uploads\/2023\/02\/Slab-Bolster-Dipped-1-1.jpg\",\"datePublished\":\"2023-02-21T09:34:53+00:00\",\"dateModified\":\"2025-11-13T01:06:16+00:00\",\"description\":\"Slab Bolster Dipped (SBD) is an essential accessory for concrete reinforcement, ensuring precise rebar placement and optimal structural integrity.\",\"breadcrumb\":{\"@id\":\"https:\/\/qingdaohf.com\/product\/slab-bolster-dipped\/#breadcrumb\"},\"inLanguage\":\"lt-LT\",\"potentialAction\":[{\"@type\":\"ReadAction\",\"target\":[\"https:\/\/qingdaohf.com\/product\/slab-bolster-dipped\/\"]}]},{\"@type\":\"ImageObject\",\"inLanguage\":\"lt-LT\",\"@id\":\"https:\/\/qingdaohf.com\/product\/slab-bolster-dipped\/#primaryimage\",\"url\":\"https:\/\/qingdaohf.com\/wp-content\/uploads\/2023\/02\/Slab-Bolster-Dipped-1-1.jpg\",\"contentUrl\":\"https:\/\/qingdaohf.com\/wp-content\/uploads\/2023\/02\/Slab-Bolster-Dipped-1-1.jpg\",\"width\":1000,\"height\":1000,\"caption\":\"Slab Bolster Dipped\"},{\"@type\":\"BreadcrumbList\",\"@id\":\"https:\/\/qingdaohf.com\/product\/slab-bolster-dipped\/#breadcrumb\",\"itemListElement\":[{\"@type\":\"ListItem\",\"position\":1,\"name\":\"Home\",\"item\":\"https:\/\/qingdaohf.com\/\"},{\"@type\":\"ListItem\",\"position\":2,\"name\":\"Concrete Forming Accessories and Rigging Hardware\",\"item\":\"https:\/\/qingdaohf.com\/bg\/?page_id=944\"},{\"@type\":\"ListItem\",\"position\":3,\"name\":\"Slab Bolster Dipped SBD\"}]},{\"@type\":\"WebSite\",\"@id\":\"https:\/\/qingdaohf.com\/bg\/#website\",\"url\":\"https:\/\/qingdaohf.com\/bg\/\",\"name\":\"Concrete Form & Rigging Hardware Supplier\",\"description\":\"\",\"publisher\":{\"@id\":\"https:\/\/qingdaohf.com\/bg\/#organization\"},\"potentialAction\":[{\"@type\":\"SearchAction\",\"target\":{\"@type\":\"EntryPoint\",\"urlTemplate\":\"https:\/\/qingdaohf.com\/bg\/?s={search_term_string}\"},\"query-input\":{\"@type\":\"PropertyValueSpecification\",\"valueRequired\":true,\"valueName\":\"search_term_string\"}}],\"inLanguage\":\"lt-LT\"},{\"@type\":\"Organization\",\"@id\":\"https:\/\/qingdaohf.com\/bg\/#organization\",\"name\":\"Qingdao H&F\",\"url\":\"https:\/\/qingdaohf.com\/bg\/\",\"logo\":{\"@type\":\"ImageObject\",\"inLanguage\":\"lt-LT\",\"@id\":\"https:\/\/qingdaohf.com\/bg\/#\/schema\/logo\/image\/\",\"url\":\"https:\/\/qingdaohf.com\/wp-content\/uploads\/2022\/12\/cropped-HF-LOGO.png\",\"contentUrl\":\"https:\/\/qingdaohf.com\/wp-content\/uploads\/2022\/12\/cropped-HF-LOGO.png\",\"width\":391,\"height\":249,\"caption\":\"Qingdao H&F\"},\"image\":{\"@id\":\"https:\/\/qingdaohf.com\/bg\/#\/schema\/logo\/image\/\"},\"sameAs\":[\"https:\/\/www.facebook.com\/qingdaohf\"]}]}<\/script>\n<!-- \/ Yoast SEO plugin. -->","yoast_head_json":{"title":"Slab Bolster Dipped SBD","description":"Slab Bolster Dipped (SBD) is an essential accessory for concrete reinforcement, ensuring precise rebar placement and optimal structural integrity.","robots":{"index":"index","follow":"follow","max-snippet":"max-snippet:-1","max-image-preview":"max-image-preview:large","max-video-preview":"max-video-preview:-1"},"canonical":"https:\/\/qingdaohf.com\/lt\/produktas\/plokste-bolsteris-panardintas\/","og_locale":"lt_LT","og_type":"article","og_title":"Slab Bolster Dipped SBD","og_description":"Slab Bolster Dipped (SBD) is an essential accessory for concrete reinforcement, ensuring precise rebar placement and optimal structural integrity.","og_url":"https:\/\/qingdaohf.com\/lt\/produktas\/plokste-bolsteris-panardintas\/","og_site_name":"Concrete Form &amp; Rigging Hardware Supplier","article_publisher":"https:\/\/www.facebook.com\/qingdaohf","article_modified_time":"2025-11-13T01:06:16+00:00","og_image":[{"width":1000,"height":1000,"url":"https:\/\/qingdaohf.com\/wp-content\/uploads\/2023\/02\/Slab-Bolster-Dipped-1-1.jpg","type":"image\/jpeg"}],"twitter_card":"summary_large_image","twitter_misc":{"Est. reading time":"3 minut\u0117s"},"schema":{"@context":"https:\/\/schema.org","@graph":[{"@type":"WebPage","@id":"https:\/\/qingdaohf.com\/product\/slab-bolster-dipped\/","url":"https:\/\/qingdaohf.com\/product\/slab-bolster-dipped\/","name":"Slab Bolster Dipped SBD","isPartOf":{"@id":"https:\/\/qingdaohf.com\/bg\/#website"},"primaryImageOfPage":{"@id":"https:\/\/qingdaohf.com\/product\/slab-bolster-dipped\/#primaryimage"},"image":{"@id":"https:\/\/qingdaohf.com\/product\/slab-bolster-dipped\/#primaryimage"},"thumbnailUrl":"https:\/\/qingdaohf.com\/wp-content\/uploads\/2023\/02\/Slab-Bolster-Dipped-1-1.jpg","datePublished":"2023-02-21T09:34:53+00:00","dateModified":"2025-11-13T01:06:16+00:00","description":"Slab Bolster Dipped (SBD) is an essential accessory for concrete reinforcement, ensuring precise rebar placement and optimal structural integrity.","breadcrumb":{"@id":"https:\/\/qingdaohf.com\/product\/slab-bolster-dipped\/#breadcrumb"},"inLanguage":"lt-LT","potentialAction":[{"@type":"ReadAction","target":["https:\/\/qingdaohf.com\/product\/slab-bolster-dipped\/"]}]},{"@type":"ImageObject","inLanguage":"lt-LT","@id":"https:\/\/qingdaohf.com\/product\/slab-bolster-dipped\/#primaryimage","url":"https:\/\/qingdaohf.com\/wp-content\/uploads\/2023\/02\/Slab-Bolster-Dipped-1-1.jpg","contentUrl":"https:\/\/qingdaohf.com\/wp-content\/uploads\/2023\/02\/Slab-Bolster-Dipped-1-1.jpg","width":1000,"height":1000,"caption":"Slab Bolster Dipped"},{"@type":"BreadcrumbList","@id":"https:\/\/qingdaohf.com\/product\/slab-bolster-dipped\/#breadcrumb","itemListElement":[{"@type":"ListItem","position":1,"name":"Home","item":"https:\/\/qingdaohf.com\/"},{"@type":"ListItem","position":2,"name":"Concrete Forming Accessories and Rigging Hardware","item":"https:\/\/qingdaohf.com\/bg\/?page_id=944"},{"@type":"ListItem","position":3,"name":"Slab Bolster Dipped SBD"}]},{"@type":"WebSite","@id":"https:\/\/qingdaohf.com\/bg\/#website","url":"https:\/\/qingdaohf.com\/bg\/","name":"Concrete Form & Rigging Hardware Supplier","description":"","publisher":{"@id":"https:\/\/qingdaohf.com\/bg\/#organization"},"potentialAction":[{"@type":"SearchAction","target":{"@type":"EntryPoint","urlTemplate":"https:\/\/qingdaohf.com\/bg\/?s={search_term_string}"},"query-input":{"@type":"PropertyValueSpecification","valueRequired":true,"valueName":"search_term_string"}}],"inLanguage":"lt-LT"},{"@type":"Organization","@id":"https:\/\/qingdaohf.com\/bg\/#organization","name":"Qingdao H&F","url":"https:\/\/qingdaohf.com\/bg\/","logo":{"@type":"ImageObject","inLanguage":"lt-LT","@id":"https:\/\/qingdaohf.com\/bg\/#\/schema\/logo\/image\/","url":"https:\/\/qingdaohf.com\/wp-content\/uploads\/2022\/12\/cropped-HF-LOGO.png","contentUrl":"https:\/\/qingdaohf.com\/wp-content\/uploads\/2022\/12\/cropped-HF-LOGO.png","width":391,"height":249,"caption":"Qingdao H&F"},"image":{"@id":"https:\/\/qingdaohf.com\/bg\/#\/schema\/logo\/image\/"},"sameAs":["https:\/\/www.facebook.com\/qingdaohf"]}]}},"_links":{"self":[{"href":"https:\/\/qingdaohf.com\/lt\/wp-json\/wp\/v2\/product\/2312","targetHints":{"allow":["GET"]}}],"collection":[{"href":"https:\/\/qingdaohf.com\/lt\/wp-json\/wp\/v2\/product"}],"about":[{"href":"https:\/\/qingdaohf.com\/lt\/wp-json\/wp\/v2\/types\/product"}],"replies":[{"embeddable":true,"href":"https:\/\/qingdaohf.com\/lt\/wp-json\/wp\/v2\/comments?post=2312"}],"version-history":[{"count":11,"href":"https:\/\/qingdaohf.com\/lt\/wp-json\/wp\/v2\/product\/2312\/revisions"}],"predecessor-version":[{"id":10248,"href":"https:\/\/qingdaohf.com\/lt\/wp-json\/wp\/v2\/product\/2312\/revisions\/10248"}],"wp:featuredmedia":[{"embeddable":true,"href":"https:\/\/qingdaohf.com\/lt\/wp-json\/wp\/v2\/media\/8004"}],"wp:attachment":[{"href":"https:\/\/qingdaohf.com\/lt\/wp-json\/wp\/v2\/media?parent=2312"}],"wp:term":[{"taxonomy":"product_brand","embeddable":true,"href":"https:\/\/qingdaohf.com\/lt\/wp-json\/wp\/v2\/product_brand?post=2312"},{"taxonomy":"product_cat","embeddable":true,"href":"https:\/\/qingdaohf.com\/lt\/wp-json\/wp\/v2\/product_cat?post=2312"},{"taxonomy":"product_tag","embeddable":true,"href":"https:\/\/qingdaohf.com\/lt\/wp-json\/wp\/v2\/product_tag?post=2312"}],"curies":[{"name":"wp","href":"https:\/\/api.w.org\/{rel}","templated":true}]}}