{"id":2329,"date":"2023-02-23T11:13:23","date_gmt":"2023-02-23T03:13:23","guid":{"rendered":"http:\/\/qingdaohf.com\/?post_type=product&#038;p=2329"},"modified":"2025-11-13T09:05:54","modified_gmt":"2025-11-13T01:05:54","slug":"flared-thin-slab-ferrule-insert","status":"publish","type":"product","link":"https:\/\/qingdaohf.com\/lt\/produktas\/plonas-plonas-plonas-ploksteles-ideklas\/","title":{"rendered":"Plonas plonas plok\u0161\u010di\u0173 frule \u012fd\u0117klas rit\u0117s \u012fd\u0117klas"},"content":{"rendered":"<p>D\u0117l plon\u0173 plok\u0161\u010di\u0173 \u012fvor\u0117s \u012fd\u0117klo i\u0161platintos konstrukcijos, palyginti su tradiciniais rit\u0117s \u012fd\u0117klais, u\u017etikrinamas didesnis atraminis pavir\u0161ius ir didesn\u0117 apkrova. D\u0117l to jis idealiai tinka naudoti plonose betono plok\u0161t\u0117se, kur yra nedidelis tvirtinimo plotas.<\/p>\n<p>Vienas i\u0161 pagrindini\u0173 plon\u0173j\u0173 plok\u0161\u010di\u0173 frez\u0173 su plonaisiais frez\u0173 \u012fd\u0117klais privalum\u0173 yra paprastas montavimas. \u012ed\u0117kl\u0105 galima greitai ir lengvai sumontuoti naudojant standartinius \u012frankius, nereikalaujant jokios specialios \u012frangos ar speciali\u0173 \u017eini\u0173. Tai gali pad\u0117ti sutaupyti laiko ir suma\u017einti darbo s\u0105naudas statybos projektuose.<\/p>\n<p><img fetchpriority=\"high\" decoding=\"async\" class=\"alignnone size-full wp-image-3184\" src=\"http:\/\/qingdaohf.com\/wp-content\/uploads\/2023\/02\/Flared-Thin-Slab-Ferrule-Insert-1-1.jpg\" alt=\"I\u0161platintas plonos plok\u0161t\u0117s frule \u012fd\u0117klas\" width=\"1200\" height=\"736\" srcset=\"https:\/\/qingdaohf.com\/wp-content\/uploads\/2023\/02\/Flared-Thin-Slab-Ferrule-Insert-1-1.jpg 1200w, https:\/\/qingdaohf.com\/wp-content\/uploads\/2023\/02\/Flared-Thin-Slab-Ferrule-Insert-1-1-300x184.jpg 300w, https:\/\/qingdaohf.com\/wp-content\/uploads\/2023\/02\/Flared-Thin-Slab-Ferrule-Insert-1-1-1024x628.jpg 1024w, https:\/\/qingdaohf.com\/wp-content\/uploads\/2023\/02\/Flared-Thin-Slab-Ferrule-Insert-1-1-768x471.jpg 768w, https:\/\/qingdaohf.com\/wp-content\/uploads\/2023\/02\/Flared-Thin-Slab-Ferrule-Insert-1-1-1000x613.jpg 1000w\" sizes=\"(max-width: 1200px) 100vw, 1200px\" \/> <img decoding=\"async\" class=\"alignnone size-full wp-image-3185\" src=\"http:\/\/qingdaohf.com\/wp-content\/uploads\/2023\/02\/Flared-Thin-Slab-Ferrule-Insert-2-1.jpg\" alt=\"I\u0161platintas plonos plok\u0161t\u0117s frule \u012fd\u0117klas\" width=\"1200\" height=\"524\" srcset=\"https:\/\/qingdaohf.com\/wp-content\/uploads\/2023\/02\/Flared-Thin-Slab-Ferrule-Insert-2-1.jpg 1200w, https:\/\/qingdaohf.com\/wp-content\/uploads\/2023\/02\/Flared-Thin-Slab-Ferrule-Insert-2-1-300x131.jpg 300w, https:\/\/qingdaohf.com\/wp-content\/uploads\/2023\/02\/Flared-Thin-Slab-Ferrule-Insert-2-1-1024x447.jpg 1024w, https:\/\/qingdaohf.com\/wp-content\/uploads\/2023\/02\/Flared-Thin-Slab-Ferrule-Insert-2-1-768x335.jpg 768w, https:\/\/qingdaohf.com\/wp-content\/uploads\/2023\/02\/Flared-Thin-Slab-Ferrule-Insert-2-1-1000x437.jpg 1000w\" sizes=\"(max-width: 1200px) 100vw, 1200px\" \/><\/p>","protected":false},"excerpt":{"rendered":"<p>Plon\u0173j\u0173 plok\u0161\u010di\u0173 frez\u0173 \u012fvor\u0117s su spirale - tai mechanin\u0117 inkar\u0173 sistema, naudojama betonin\u0117ms konstrukcijoms armuoti ir paremti. \u0160io tipo \u012fd\u0117kl\u0105 sudaro plienin\u0117 rit\u0117, apvyniota aplink k\u016bgin\u0119 plastikin\u0119 \u012fvor\u0119, kuri \u012fdedama \u012f i\u0161 anksto i\u0161gr\u0119\u017et\u0105 skyl\u0119 betone. Ritinys i\u0161siple\u010dia ir tvirtai prispaud\u017eia skyl\u0117s sieneles, sukurdamas tvirt\u0105 ir patikim\u0105 inkaravimo ta\u0161k\u0105.<\/p>","protected":false},"featured_media":3180,"comment_status":"open","ping_status":"closed","template":"","meta":{"site-sidebar-layout":"default","site-content-layout":"default","ast-site-content-layout":"","site-content-style":"default","site-sidebar-style":"default","ast-global-header-display":"","ast-banner-title-visibility":"","ast-main-header-display":"","ast-hfb-above-header-display":"","ast-hfb-below-header-display":"","ast-hfb-mobile-header-display":"","site-post-title":"","ast-breadcrumbs-content":"","ast-featured-img":"","footer-sml-layout":"","theme-transparent-header-meta":"default","adv-header-id-meta":"","stick-header-meta":"default","header-above-stick-meta":"","header-main-stick-meta":"","header-below-stick-meta":"","astra-migrate-meta-layouts":"default","ast-page-background-enabled":"default","ast-page-background-meta":{"desktop":{"background-color":"","background-image":"","background-repeat":"repeat","background-position":"center center","background-size":"auto","background-attachment":"scroll","background-type":"","background-media":"","overlay-type":"","overlay-color":"","overlay-opacity":"","overlay-gradient":""},"tablet":{"background-color":"","background-image":"","background-repeat":"repeat","background-position":"center center","background-size":"auto","background-attachment":"scroll","background-type":"","background-media":"","overlay-type":"","overlay-color":"","overlay-opacity":"","overlay-gradient":""},"mobile":{"background-color":"","background-image":"","background-repeat":"repeat","background-position":"center center","background-size":"auto","background-attachment":"scroll","background-type":"","background-media":"","overlay-type":"","overlay-color":"","overlay-opacity":"","overlay-gradient":""}},"ast-content-background-meta":{"desktop":{"background-color":"var(--ast-global-color-5)","background-image":"","background-repeat":"repeat","background-position":"center center","background-size":"auto","background-attachment":"scroll","background-type":"","background-media":"","overlay-type":"","overlay-color":"","overlay-opacity":"","overlay-gradient":""},"tablet":{"background-color":"var(--ast-global-color-5)","background-image":"","background-repeat":"repeat","background-position":"center center","background-size":"auto","background-attachment":"scroll","background-type":"","background-media":"","overlay-type":"","overlay-color":"","overlay-opacity":"","overlay-gradient":""},"mobile":{"background-color":"var(--ast-global-color-5)","background-image":"","background-repeat":"repeat","background-position":"center center","background-size":"auto","background-attachment":"scroll","background-type":"","background-media":"","overlay-type":"","overlay-color":"","overlay-opacity":"","overlay-gradient":""}}},"product_brand":[],"product_cat":[28],"product_tag":[],"class_list":{"0":"post-2329","1":"product","2":"type-product","3":"status-publish","4":"has-post-thumbnail","6":"product_cat-concrete-forming","7":"desktop-align-left","8":"tablet-align-left","9":"mobile-align-left","10":"ast-product-gallery-layout-horizontal-slider","11":"ast-product-tabs-layout-horizontal","13":"first","14":"instock","15":"shipping-taxable","16":"purchasable","17":"product-type-simple"},"yoast_head":"<!-- This site is optimized with the Yoast SEO plugin v25.2 - https:\/\/yoast.com\/wordpress\/plugins\/seo\/ -->\n<title>Flared Thin Slab Ferrule Insert Coil Insert<\/title>\n<meta name=\"description\" content=\"The Flared Thin Slab Ferrule Insert Coil Insert is a mechanical anchor system used to provide reinforcement and support in concrete structures.\" \/>\n<meta name=\"robots\" content=\"index, follow, max-snippet:-1, max-image-preview:large, max-video-preview:-1\" \/>\n<link rel=\"canonical\" href=\"https:\/\/qingdaohf.com\/lt\/produktas\/plonas-plonas-plonas-ploksteles-ideklas\/\" \/>\n<meta property=\"og:locale\" content=\"lt_LT\" \/>\n<meta property=\"og:type\" content=\"article\" \/>\n<meta property=\"og:title\" content=\"Flared Thin Slab Ferrule Insert Coil Insert\" \/>\n<meta property=\"og:description\" content=\"The Flared Thin Slab Ferrule Insert Coil Insert is a mechanical anchor system used to provide reinforcement and support in concrete structures.\" \/>\n<meta property=\"og:url\" content=\"https:\/\/qingdaohf.com\/lt\/produktas\/plonas-plonas-plonas-ploksteles-ideklas\/\" \/>\n<meta property=\"og:site_name\" content=\"Concrete Form &amp; Rigging Hardware Supplier\" \/>\n<meta property=\"article:publisher\" content=\"https:\/\/www.facebook.com\/qingdaohf\" \/>\n<meta property=\"article:modified_time\" content=\"2025-11-13T01:05:54+00:00\" \/>\n<meta property=\"og:image\" content=\"https:\/\/qingdaohf.com\/wp-content\/uploads\/2023\/02\/Flared-Thin-Slab-Ferrule-Insert-9.jpg\" \/>\n\t<meta property=\"og:image:width\" content=\"1000\" \/>\n\t<meta property=\"og:image:height\" content=\"1000\" \/>\n\t<meta property=\"og:image:type\" content=\"image\/jpeg\" \/>\n<meta name=\"twitter:card\" content=\"summary_large_image\" \/>\n<meta name=\"twitter:label1\" content=\"Est. reading time\" \/>\n\t<meta name=\"twitter:data1\" content=\"1 minut\u0117\" \/>\n<script type=\"application\/ld+json\" class=\"yoast-schema-graph\">{\"@context\":\"https:\/\/schema.org\",\"@graph\":[{\"@type\":\"WebPage\",\"@id\":\"https:\/\/qingdaohf.com\/product\/flared-thin-slab-ferrule-insert\/\",\"url\":\"https:\/\/qingdaohf.com\/product\/flared-thin-slab-ferrule-insert\/\",\"name\":\"Flared Thin Slab Ferrule Insert Coil Insert\",\"isPartOf\":{\"@id\":\"https:\/\/qingdaohf.com\/bg\/#website\"},\"primaryImageOfPage\":{\"@id\":\"https:\/\/qingdaohf.com\/product\/flared-thin-slab-ferrule-insert\/#primaryimage\"},\"image\":{\"@id\":\"https:\/\/qingdaohf.com\/product\/flared-thin-slab-ferrule-insert\/#primaryimage\"},\"thumbnailUrl\":\"https:\/\/qingdaohf.com\/wp-content\/uploads\/2023\/02\/Flared-Thin-Slab-Ferrule-Insert-9.jpg\",\"datePublished\":\"2023-02-23T03:13:23+00:00\",\"dateModified\":\"2025-11-13T01:05:54+00:00\",\"description\":\"The Flared Thin Slab Ferrule Insert Coil Insert is a mechanical anchor system used to provide reinforcement and support in concrete structures.\",\"breadcrumb\":{\"@id\":\"https:\/\/qingdaohf.com\/product\/flared-thin-slab-ferrule-insert\/#breadcrumb\"},\"inLanguage\":\"lt-LT\",\"potentialAction\":[{\"@type\":\"ReadAction\",\"target\":[\"https:\/\/qingdaohf.com\/product\/flared-thin-slab-ferrule-insert\/\"]}]},{\"@type\":\"ImageObject\",\"inLanguage\":\"lt-LT\",\"@id\":\"https:\/\/qingdaohf.com\/product\/flared-thin-slab-ferrule-insert\/#primaryimage\",\"url\":\"https:\/\/qingdaohf.com\/wp-content\/uploads\/2023\/02\/Flared-Thin-Slab-Ferrule-Insert-9.jpg\",\"contentUrl\":\"https:\/\/qingdaohf.com\/wp-content\/uploads\/2023\/02\/Flared-Thin-Slab-Ferrule-Insert-9.jpg\",\"width\":1000,\"height\":1000,\"caption\":\"Flared Thin Slab Ferrule Insert\"},{\"@type\":\"BreadcrumbList\",\"@id\":\"https:\/\/qingdaohf.com\/product\/flared-thin-slab-ferrule-insert\/#breadcrumb\",\"itemListElement\":[{\"@type\":\"ListItem\",\"position\":1,\"name\":\"Home\",\"item\":\"https:\/\/qingdaohf.com\/\"},{\"@type\":\"ListItem\",\"position\":2,\"name\":\"Concrete Forming Accessories and Rigging Hardware\",\"item\":\"https:\/\/qingdaohf.com\/bg\/?page_id=944\"},{\"@type\":\"ListItem\",\"position\":3,\"name\":\"Flared Thin Slab Ferrule Insert Coil Insert\"}]},{\"@type\":\"WebSite\",\"@id\":\"https:\/\/qingdaohf.com\/bg\/#website\",\"url\":\"https:\/\/qingdaohf.com\/bg\/\",\"name\":\"Concrete Form & Rigging Hardware Supplier\",\"description\":\"\",\"publisher\":{\"@id\":\"https:\/\/qingdaohf.com\/bg\/#organization\"},\"potentialAction\":[{\"@type\":\"SearchAction\",\"target\":{\"@type\":\"EntryPoint\",\"urlTemplate\":\"https:\/\/qingdaohf.com\/bg\/?s={search_term_string}\"},\"query-input\":{\"@type\":\"PropertyValueSpecification\",\"valueRequired\":true,\"valueName\":\"search_term_string\"}}],\"inLanguage\":\"lt-LT\"},{\"@type\":\"Organization\",\"@id\":\"https:\/\/qingdaohf.com\/bg\/#organization\",\"name\":\"Qingdao H&F\",\"url\":\"https:\/\/qingdaohf.com\/bg\/\",\"logo\":{\"@type\":\"ImageObject\",\"inLanguage\":\"lt-LT\",\"@id\":\"https:\/\/qingdaohf.com\/bg\/#\/schema\/logo\/image\/\",\"url\":\"https:\/\/qingdaohf.com\/wp-content\/uploads\/2022\/12\/cropped-HF-LOGO.png\",\"contentUrl\":\"https:\/\/qingdaohf.com\/wp-content\/uploads\/2022\/12\/cropped-HF-LOGO.png\",\"width\":391,\"height\":249,\"caption\":\"Qingdao H&F\"},\"image\":{\"@id\":\"https:\/\/qingdaohf.com\/bg\/#\/schema\/logo\/image\/\"},\"sameAs\":[\"https:\/\/www.facebook.com\/qingdaohf\"]}]}<\/script>\n<!-- \/ Yoast SEO plugin. -->","yoast_head_json":{"title":"Flared Thin Slab Ferrule Insert Coil Insert","description":"The Flared Thin Slab Ferrule Insert Coil Insert is a mechanical anchor system used to provide reinforcement and support in concrete structures.","robots":{"index":"index","follow":"follow","max-snippet":"max-snippet:-1","max-image-preview":"max-image-preview:large","max-video-preview":"max-video-preview:-1"},"canonical":"https:\/\/qingdaohf.com\/lt\/produktas\/plonas-plonas-plonas-ploksteles-ideklas\/","og_locale":"lt_LT","og_type":"article","og_title":"Flared Thin Slab Ferrule Insert Coil Insert","og_description":"The Flared Thin Slab Ferrule Insert Coil Insert is a mechanical anchor system used to provide reinforcement and support in concrete structures.","og_url":"https:\/\/qingdaohf.com\/lt\/produktas\/plonas-plonas-plonas-ploksteles-ideklas\/","og_site_name":"Concrete Form &amp; Rigging Hardware Supplier","article_publisher":"https:\/\/www.facebook.com\/qingdaohf","article_modified_time":"2025-11-13T01:05:54+00:00","og_image":[{"width":1000,"height":1000,"url":"https:\/\/qingdaohf.com\/wp-content\/uploads\/2023\/02\/Flared-Thin-Slab-Ferrule-Insert-9.jpg","type":"image\/jpeg"}],"twitter_card":"summary_large_image","twitter_misc":{"Est. reading time":"1 minut\u0117"},"schema":{"@context":"https:\/\/schema.org","@graph":[{"@type":"WebPage","@id":"https:\/\/qingdaohf.com\/product\/flared-thin-slab-ferrule-insert\/","url":"https:\/\/qingdaohf.com\/product\/flared-thin-slab-ferrule-insert\/","name":"Flared Thin Slab Ferrule Insert Coil Insert","isPartOf":{"@id":"https:\/\/qingdaohf.com\/bg\/#website"},"primaryImageOfPage":{"@id":"https:\/\/qingdaohf.com\/product\/flared-thin-slab-ferrule-insert\/#primaryimage"},"image":{"@id":"https:\/\/qingdaohf.com\/product\/flared-thin-slab-ferrule-insert\/#primaryimage"},"thumbnailUrl":"https:\/\/qingdaohf.com\/wp-content\/uploads\/2023\/02\/Flared-Thin-Slab-Ferrule-Insert-9.jpg","datePublished":"2023-02-23T03:13:23+00:00","dateModified":"2025-11-13T01:05:54+00:00","description":"The Flared Thin Slab Ferrule Insert Coil Insert is a mechanical anchor system used to provide reinforcement and support in concrete structures.","breadcrumb":{"@id":"https:\/\/qingdaohf.com\/product\/flared-thin-slab-ferrule-insert\/#breadcrumb"},"inLanguage":"lt-LT","potentialAction":[{"@type":"ReadAction","target":["https:\/\/qingdaohf.com\/product\/flared-thin-slab-ferrule-insert\/"]}]},{"@type":"ImageObject","inLanguage":"lt-LT","@id":"https:\/\/qingdaohf.com\/product\/flared-thin-slab-ferrule-insert\/#primaryimage","url":"https:\/\/qingdaohf.com\/wp-content\/uploads\/2023\/02\/Flared-Thin-Slab-Ferrule-Insert-9.jpg","contentUrl":"https:\/\/qingdaohf.com\/wp-content\/uploads\/2023\/02\/Flared-Thin-Slab-Ferrule-Insert-9.jpg","width":1000,"height":1000,"caption":"Flared Thin Slab Ferrule Insert"},{"@type":"BreadcrumbList","@id":"https:\/\/qingdaohf.com\/product\/flared-thin-slab-ferrule-insert\/#breadcrumb","itemListElement":[{"@type":"ListItem","position":1,"name":"Home","item":"https:\/\/qingdaohf.com\/"},{"@type":"ListItem","position":2,"name":"Concrete Forming Accessories and Rigging Hardware","item":"https:\/\/qingdaohf.com\/bg\/?page_id=944"},{"@type":"ListItem","position":3,"name":"Flared Thin Slab Ferrule Insert Coil Insert"}]},{"@type":"WebSite","@id":"https:\/\/qingdaohf.com\/bg\/#website","url":"https:\/\/qingdaohf.com\/bg\/","name":"Concrete Form & Rigging Hardware Supplier","description":"","publisher":{"@id":"https:\/\/qingdaohf.com\/bg\/#organization"},"potentialAction":[{"@type":"SearchAction","target":{"@type":"EntryPoint","urlTemplate":"https:\/\/qingdaohf.com\/bg\/?s={search_term_string}"},"query-input":{"@type":"PropertyValueSpecification","valueRequired":true,"valueName":"search_term_string"}}],"inLanguage":"lt-LT"},{"@type":"Organization","@id":"https:\/\/qingdaohf.com\/bg\/#organization","name":"Qingdao H&F","url":"https:\/\/qingdaohf.com\/bg\/","logo":{"@type":"ImageObject","inLanguage":"lt-LT","@id":"https:\/\/qingdaohf.com\/bg\/#\/schema\/logo\/image\/","url":"https:\/\/qingdaohf.com\/wp-content\/uploads\/2022\/12\/cropped-HF-LOGO.png","contentUrl":"https:\/\/qingdaohf.com\/wp-content\/uploads\/2022\/12\/cropped-HF-LOGO.png","width":391,"height":249,"caption":"Qingdao H&F"},"image":{"@id":"https:\/\/qingdaohf.com\/bg\/#\/schema\/logo\/image\/"},"sameAs":["https:\/\/www.facebook.com\/qingdaohf"]}]}},"_links":{"self":[{"href":"https:\/\/qingdaohf.com\/lt\/wp-json\/wp\/v2\/product\/2329","targetHints":{"allow":["GET"]}}],"collection":[{"href":"https:\/\/qingdaohf.com\/lt\/wp-json\/wp\/v2\/product"}],"about":[{"href":"https:\/\/qingdaohf.com\/lt\/wp-json\/wp\/v2\/types\/product"}],"replies":[{"embeddable":true,"href":"https:\/\/qingdaohf.com\/lt\/wp-json\/wp\/v2\/comments?post=2329"}],"version-history":[{"count":2,"href":"https:\/\/qingdaohf.com\/lt\/wp-json\/wp\/v2\/product\/2329\/revisions"}],"predecessor-version":[{"id":10451,"href":"https:\/\/qingdaohf.com\/lt\/wp-json\/wp\/v2\/product\/2329\/revisions\/10451"}],"wp:featuredmedia":[{"embeddable":true,"href":"https:\/\/qingdaohf.com\/lt\/wp-json\/wp\/v2\/media\/3180"}],"wp:attachment":[{"href":"https:\/\/qingdaohf.com\/lt\/wp-json\/wp\/v2\/media?parent=2329"}],"wp:term":[{"taxonomy":"product_brand","embeddable":true,"href":"https:\/\/qingdaohf.com\/lt\/wp-json\/wp\/v2\/product_brand?post=2329"},{"taxonomy":"product_cat","embeddable":true,"href":"https:\/\/qingdaohf.com\/lt\/wp-json\/wp\/v2\/product_cat?post=2329"},{"taxonomy":"product_tag","embeddable":true,"href":"https:\/\/qingdaohf.com\/lt\/wp-json\/wp\/v2\/product_tag?post=2329"}],"curies":[{"name":"wp","href":"https:\/\/api.w.org\/{rel}","templated":true}]}}