{"id":2667,"date":"2023-03-02T17:16:46","date_gmt":"2023-03-02T09:16:46","guid":{"rendered":"http:\/\/qingdaohf.com\/?post_type=product&#038;p=2667"},"modified":"2025-11-13T09:05:50","modified_gmt":"2025-11-13T01:05:50","slug":"double-wire-rope-loop-box","status":"publish","type":"product","link":"https:\/\/qingdaohf.com\/lt\/produktas\/dvigubos-vielos-lyno-kilpos-dezute\/","title":{"rendered":"Dvigubos vielos virv\u0117s kilpos d\u0117\u017eut\u0117"},"content":{"rendered":"<p>Dvigubo vielinio lyno kilpos d\u0117\u017e\u0119 paprastai sudaro metalinis r\u0117mas su dviem angomis, kuri\u0173 kiekviena skirta vienam vielinio lyno galui laikyti. Tada abu vieliniai lynai perki\u0161ami per r\u0117m\u0105 ir sujungiami tarpusavyje naudojant sukimo \u012frank\u012f. Gauta kilpa naudojama sunkiems daiktams kelti arba kaip didesn\u0117s takela\u017eo sistemos dalis.<\/p>\n<p>Dvigubo vielinio lyno kilpos d\u0117\u017e\u0117 paprastai naudojama statyb\u0173, j\u016br\u0173, naftos ir duj\u0173 pramon\u0117je, kur reikia kelti sunkius krovinius. Svarbu naudoti tinkamus metodus ir \u012frang\u0105 jungiant vielinius lynus, kad b\u016bt\u0173 u\u017etikrintas takela\u017eo sistemos saugumas ir patikimumas.<\/p>\n<p><img fetchpriority=\"high\" decoding=\"async\" class=\"alignnone size-full wp-image-3276\" src=\"http:\/\/qingdaohf.com\/wp-content\/uploads\/2023\/03\/55-1.jpg\" alt=\"Dvigubos vielos lyno kilpos d\u0117\u017eut\u0117 \" width=\"1200\" height=\"380\" srcset=\"https:\/\/qingdaohf.com\/wp-content\/uploads\/2023\/03\/55-1.jpg 1200w, https:\/\/qingdaohf.com\/wp-content\/uploads\/2023\/03\/55-1-300x95.jpg 300w, https:\/\/qingdaohf.com\/wp-content\/uploads\/2023\/03\/55-1-1024x324.jpg 1024w, https:\/\/qingdaohf.com\/wp-content\/uploads\/2023\/03\/55-1-768x243.jpg 768w, https:\/\/qingdaohf.com\/wp-content\/uploads\/2023\/03\/55-1-1000x317.jpg 1000w\" sizes=\"(max-width: 1200px) 100vw, 1200px\" \/><\/p>","protected":false},"excerpt":{"rendered":"<p>Dvigubo vielinio lyno kilpos d\u0117\u017e\u0117 yra specializuotas prietaisas, naudojamas k\u0117limo ir takela\u017eo pramon\u0117je. Jis skirtas vielinio lyno kilpai sukurti, sujungiant lyn\u0105 metaline \u012fvor\u0117le, dar vadinama \u012fvor\u0117 arba \u012fvor\u0117. Dvigubo vielinio lyno kilpos d\u0117\u017eut\u0117 leid\u017eia sujungti du atskirus vielinio lyno segmentus, tod\u0117l gaunama dvigubai tvirtesn\u0117 kilpa nei vieno vielinio lyno.<\/p>","protected":false},"featured_media":3274,"comment_status":"open","ping_status":"closed","template":"","meta":{"site-sidebar-layout":"default","site-content-layout":"default","ast-site-content-layout":"","site-content-style":"default","site-sidebar-style":"default","ast-global-header-display":"","ast-banner-title-visibility":"","ast-main-header-display":"","ast-hfb-above-header-display":"","ast-hfb-below-header-display":"","ast-hfb-mobile-header-display":"","site-post-title":"","ast-breadcrumbs-content":"","ast-featured-img":"","footer-sml-layout":"","theme-transparent-header-meta":"default","adv-header-id-meta":"","stick-header-meta":"default","header-above-stick-meta":"","header-main-stick-meta":"","header-below-stick-meta":"","astra-migrate-meta-layouts":"default","ast-page-background-enabled":"default","ast-page-background-meta":{"desktop":{"background-color":"","background-image":"","background-repeat":"repeat","background-position":"center center","background-size":"auto","background-attachment":"scroll","background-type":"","background-media":"","overlay-type":"","overlay-color":"","overlay-opacity":"","overlay-gradient":""},"tablet":{"background-color":"","background-image":"","background-repeat":"repeat","background-position":"center center","background-size":"auto","background-attachment":"scroll","background-type":"","background-media":"","overlay-type":"","overlay-color":"","overlay-opacity":"","overlay-gradient":""},"mobile":{"background-color":"","background-image":"","background-repeat":"repeat","background-position":"center center","background-size":"auto","background-attachment":"scroll","background-type":"","background-media":"","overlay-type":"","overlay-color":"","overlay-opacity":"","overlay-gradient":""}},"ast-content-background-meta":{"desktop":{"background-color":"var(--ast-global-color-5)","background-image":"","background-repeat":"repeat","background-position":"center center","background-size":"auto","background-attachment":"scroll","background-type":"","background-media":"","overlay-type":"","overlay-color":"","overlay-opacity":"","overlay-gradient":""},"tablet":{"background-color":"var(--ast-global-color-5)","background-image":"","background-repeat":"repeat","background-position":"center center","background-size":"auto","background-attachment":"scroll","background-type":"","background-media":"","overlay-type":"","overlay-color":"","overlay-opacity":"","overlay-gradient":""},"mobile":{"background-color":"var(--ast-global-color-5)","background-image":"","background-repeat":"repeat","background-position":"center center","background-size":"auto","background-attachment":"scroll","background-type":"","background-media":"","overlay-type":"","overlay-color":"","overlay-opacity":"","overlay-gradient":""}}},"product_brand":[],"product_cat":[30],"product_tag":[],"class_list":{"0":"post-2667","1":"product","2":"type-product","3":"status-publish","4":"has-post-thumbnail","6":"product_cat-lifting-anchor","7":"desktop-align-left","8":"tablet-align-left","9":"mobile-align-left","10":"ast-product-gallery-layout-horizontal-slider","11":"ast-product-tabs-layout-horizontal","13":"first","14":"instock","15":"shipping-taxable","16":"purchasable","17":"product-type-simple"},"yoast_head":"<!-- This site is optimized with the Yoast SEO plugin v25.2 - https:\/\/yoast.com\/wordpress\/plugins\/seo\/ -->\n<title>Double Wire Rope Loop Box<\/title>\n<meta name=\"description\" content=\"The Double Wire Rope Loop Box is a specialized device used in the lifting and rigging industry.\" \/>\n<meta name=\"robots\" content=\"index, follow, max-snippet:-1, max-image-preview:large, max-video-preview:-1\" \/>\n<link rel=\"canonical\" href=\"https:\/\/qingdaohf.com\/lt\/produktas\/dvigubos-vielos-lyno-kilpos-dezute\/\" \/>\n<meta property=\"og:locale\" content=\"lt_LT\" \/>\n<meta property=\"og:type\" content=\"article\" \/>\n<meta property=\"og:title\" content=\"Double Wire Rope Loop Box\" \/>\n<meta property=\"og:description\" content=\"The Double Wire Rope Loop Box is a specialized device used in the lifting and rigging industry.\" \/>\n<meta property=\"og:url\" content=\"https:\/\/qingdaohf.com\/lt\/produktas\/dvigubos-vielos-lyno-kilpos-dezute\/\" \/>\n<meta property=\"og:site_name\" content=\"Concrete Form &amp; Rigging Hardware Supplier\" \/>\n<meta property=\"article:publisher\" content=\"https:\/\/www.facebook.com\/qingdaohf\" \/>\n<meta property=\"article:modified_time\" content=\"2025-11-13T01:05:50+00:00\" \/>\n<meta property=\"og:image\" content=\"https:\/\/qingdaohf.com\/wp-content\/uploads\/2023\/03\/double-wire-rope-loop-box-1.jpg\" \/>\n\t<meta property=\"og:image:width\" content=\"1000\" \/>\n\t<meta property=\"og:image:height\" content=\"1000\" \/>\n\t<meta property=\"og:image:type\" content=\"image\/jpeg\" \/>\n<meta name=\"twitter:card\" content=\"summary_large_image\" \/>\n<meta name=\"twitter:label1\" content=\"Est. reading time\" \/>\n\t<meta name=\"twitter:data1\" content=\"1 minut\u0117\" \/>\n<script type=\"application\/ld+json\" class=\"yoast-schema-graph\">{\"@context\":\"https:\/\/schema.org\",\"@graph\":[{\"@type\":\"WebPage\",\"@id\":\"https:\/\/qingdaohf.com\/product\/double-wire-rope-loop-box\/\",\"url\":\"https:\/\/qingdaohf.com\/product\/double-wire-rope-loop-box\/\",\"name\":\"Double Wire Rope Loop Box\",\"isPartOf\":{\"@id\":\"https:\/\/qingdaohf.com\/bg\/#website\"},\"primaryImageOfPage\":{\"@id\":\"https:\/\/qingdaohf.com\/product\/double-wire-rope-loop-box\/#primaryimage\"},\"image\":{\"@id\":\"https:\/\/qingdaohf.com\/product\/double-wire-rope-loop-box\/#primaryimage\"},\"thumbnailUrl\":\"https:\/\/qingdaohf.com\/wp-content\/uploads\/2023\/03\/double-wire-rope-loop-box-1.jpg\",\"datePublished\":\"2023-03-02T09:16:46+00:00\",\"dateModified\":\"2025-11-13T01:05:50+00:00\",\"description\":\"The Double Wire Rope Loop Box is a specialized device used in the lifting and rigging industry.\",\"breadcrumb\":{\"@id\":\"https:\/\/qingdaohf.com\/product\/double-wire-rope-loop-box\/#breadcrumb\"},\"inLanguage\":\"lt-LT\",\"potentialAction\":[{\"@type\":\"ReadAction\",\"target\":[\"https:\/\/qingdaohf.com\/product\/double-wire-rope-loop-box\/\"]}]},{\"@type\":\"ImageObject\",\"inLanguage\":\"lt-LT\",\"@id\":\"https:\/\/qingdaohf.com\/product\/double-wire-rope-loop-box\/#primaryimage\",\"url\":\"https:\/\/qingdaohf.com\/wp-content\/uploads\/2023\/03\/double-wire-rope-loop-box-1.jpg\",\"contentUrl\":\"https:\/\/qingdaohf.com\/wp-content\/uploads\/2023\/03\/double-wire-rope-loop-box-1.jpg\",\"width\":1000,\"height\":1000,\"caption\":\"double wire rope loop box\"},{\"@type\":\"BreadcrumbList\",\"@id\":\"https:\/\/qingdaohf.com\/product\/double-wire-rope-loop-box\/#breadcrumb\",\"itemListElement\":[{\"@type\":\"ListItem\",\"position\":1,\"name\":\"Home\",\"item\":\"https:\/\/qingdaohf.com\/\"},{\"@type\":\"ListItem\",\"position\":2,\"name\":\"Concrete Forming Accessories and Rigging Hardware\",\"item\":\"https:\/\/qingdaohf.com\/bg\/?page_id=944\"},{\"@type\":\"ListItem\",\"position\":3,\"name\":\"Double Wire Rope Loop Box\"}]},{\"@type\":\"WebSite\",\"@id\":\"https:\/\/qingdaohf.com\/bg\/#website\",\"url\":\"https:\/\/qingdaohf.com\/bg\/\",\"name\":\"Concrete Form & Rigging Hardware Supplier\",\"description\":\"\",\"publisher\":{\"@id\":\"https:\/\/qingdaohf.com\/bg\/#organization\"},\"potentialAction\":[{\"@type\":\"SearchAction\",\"target\":{\"@type\":\"EntryPoint\",\"urlTemplate\":\"https:\/\/qingdaohf.com\/bg\/?s={search_term_string}\"},\"query-input\":{\"@type\":\"PropertyValueSpecification\",\"valueRequired\":true,\"valueName\":\"search_term_string\"}}],\"inLanguage\":\"lt-LT\"},{\"@type\":\"Organization\",\"@id\":\"https:\/\/qingdaohf.com\/bg\/#organization\",\"name\":\"Qingdao H&F\",\"url\":\"https:\/\/qingdaohf.com\/bg\/\",\"logo\":{\"@type\":\"ImageObject\",\"inLanguage\":\"lt-LT\",\"@id\":\"https:\/\/qingdaohf.com\/bg\/#\/schema\/logo\/image\/\",\"url\":\"https:\/\/qingdaohf.com\/wp-content\/uploads\/2022\/12\/cropped-HF-LOGO.png\",\"contentUrl\":\"https:\/\/qingdaohf.com\/wp-content\/uploads\/2022\/12\/cropped-HF-LOGO.png\",\"width\":391,\"height\":249,\"caption\":\"Qingdao H&F\"},\"image\":{\"@id\":\"https:\/\/qingdaohf.com\/bg\/#\/schema\/logo\/image\/\"},\"sameAs\":[\"https:\/\/www.facebook.com\/qingdaohf\"]}]}<\/script>\n<!-- \/ Yoast SEO plugin. -->","yoast_head_json":{"title":"Double Wire Rope Loop Box","description":"The Double Wire Rope Loop Box is a specialized device used in the lifting and rigging industry.","robots":{"index":"index","follow":"follow","max-snippet":"max-snippet:-1","max-image-preview":"max-image-preview:large","max-video-preview":"max-video-preview:-1"},"canonical":"https:\/\/qingdaohf.com\/lt\/produktas\/dvigubos-vielos-lyno-kilpos-dezute\/","og_locale":"lt_LT","og_type":"article","og_title":"Double Wire Rope Loop Box","og_description":"The Double Wire Rope Loop Box is a specialized device used in the lifting and rigging industry.","og_url":"https:\/\/qingdaohf.com\/lt\/produktas\/dvigubos-vielos-lyno-kilpos-dezute\/","og_site_name":"Concrete Form &amp; Rigging Hardware Supplier","article_publisher":"https:\/\/www.facebook.com\/qingdaohf","article_modified_time":"2025-11-13T01:05:50+00:00","og_image":[{"width":1000,"height":1000,"url":"https:\/\/qingdaohf.com\/wp-content\/uploads\/2023\/03\/double-wire-rope-loop-box-1.jpg","type":"image\/jpeg"}],"twitter_card":"summary_large_image","twitter_misc":{"Est. reading time":"1 minut\u0117"},"schema":{"@context":"https:\/\/schema.org","@graph":[{"@type":"WebPage","@id":"https:\/\/qingdaohf.com\/product\/double-wire-rope-loop-box\/","url":"https:\/\/qingdaohf.com\/product\/double-wire-rope-loop-box\/","name":"Double Wire Rope Loop Box","isPartOf":{"@id":"https:\/\/qingdaohf.com\/bg\/#website"},"primaryImageOfPage":{"@id":"https:\/\/qingdaohf.com\/product\/double-wire-rope-loop-box\/#primaryimage"},"image":{"@id":"https:\/\/qingdaohf.com\/product\/double-wire-rope-loop-box\/#primaryimage"},"thumbnailUrl":"https:\/\/qingdaohf.com\/wp-content\/uploads\/2023\/03\/double-wire-rope-loop-box-1.jpg","datePublished":"2023-03-02T09:16:46+00:00","dateModified":"2025-11-13T01:05:50+00:00","description":"The Double Wire Rope Loop Box is a specialized device used in the lifting and rigging industry.","breadcrumb":{"@id":"https:\/\/qingdaohf.com\/product\/double-wire-rope-loop-box\/#breadcrumb"},"inLanguage":"lt-LT","potentialAction":[{"@type":"ReadAction","target":["https:\/\/qingdaohf.com\/product\/double-wire-rope-loop-box\/"]}]},{"@type":"ImageObject","inLanguage":"lt-LT","@id":"https:\/\/qingdaohf.com\/product\/double-wire-rope-loop-box\/#primaryimage","url":"https:\/\/qingdaohf.com\/wp-content\/uploads\/2023\/03\/double-wire-rope-loop-box-1.jpg","contentUrl":"https:\/\/qingdaohf.com\/wp-content\/uploads\/2023\/03\/double-wire-rope-loop-box-1.jpg","width":1000,"height":1000,"caption":"double wire rope loop box"},{"@type":"BreadcrumbList","@id":"https:\/\/qingdaohf.com\/product\/double-wire-rope-loop-box\/#breadcrumb","itemListElement":[{"@type":"ListItem","position":1,"name":"Home","item":"https:\/\/qingdaohf.com\/"},{"@type":"ListItem","position":2,"name":"Concrete Forming Accessories and Rigging Hardware","item":"https:\/\/qingdaohf.com\/bg\/?page_id=944"},{"@type":"ListItem","position":3,"name":"Double Wire Rope Loop Box"}]},{"@type":"WebSite","@id":"https:\/\/qingdaohf.com\/bg\/#website","url":"https:\/\/qingdaohf.com\/bg\/","name":"Concrete Form & Rigging Hardware Supplier","description":"","publisher":{"@id":"https:\/\/qingdaohf.com\/bg\/#organization"},"potentialAction":[{"@type":"SearchAction","target":{"@type":"EntryPoint","urlTemplate":"https:\/\/qingdaohf.com\/bg\/?s={search_term_string}"},"query-input":{"@type":"PropertyValueSpecification","valueRequired":true,"valueName":"search_term_string"}}],"inLanguage":"lt-LT"},{"@type":"Organization","@id":"https:\/\/qingdaohf.com\/bg\/#organization","name":"Qingdao H&F","url":"https:\/\/qingdaohf.com\/bg\/","logo":{"@type":"ImageObject","inLanguage":"lt-LT","@id":"https:\/\/qingdaohf.com\/bg\/#\/schema\/logo\/image\/","url":"https:\/\/qingdaohf.com\/wp-content\/uploads\/2022\/12\/cropped-HF-LOGO.png","contentUrl":"https:\/\/qingdaohf.com\/wp-content\/uploads\/2022\/12\/cropped-HF-LOGO.png","width":391,"height":249,"caption":"Qingdao H&F"},"image":{"@id":"https:\/\/qingdaohf.com\/bg\/#\/schema\/logo\/image\/"},"sameAs":["https:\/\/www.facebook.com\/qingdaohf"]}]}},"_links":{"self":[{"href":"https:\/\/qingdaohf.com\/lt\/wp-json\/wp\/v2\/product\/2667","targetHints":{"allow":["GET"]}}],"collection":[{"href":"https:\/\/qingdaohf.com\/lt\/wp-json\/wp\/v2\/product"}],"about":[{"href":"https:\/\/qingdaohf.com\/lt\/wp-json\/wp\/v2\/types\/product"}],"replies":[{"embeddable":true,"href":"https:\/\/qingdaohf.com\/lt\/wp-json\/wp\/v2\/comments?post=2667"}],"version-history":[{"count":2,"href":"https:\/\/qingdaohf.com\/lt\/wp-json\/wp\/v2\/product\/2667\/revisions"}],"predecessor-version":[{"id":5359,"href":"https:\/\/qingdaohf.com\/lt\/wp-json\/wp\/v2\/product\/2667\/revisions\/5359"}],"wp:featuredmedia":[{"embeddable":true,"href":"https:\/\/qingdaohf.com\/lt\/wp-json\/wp\/v2\/media\/3274"}],"wp:attachment":[{"href":"https:\/\/qingdaohf.com\/lt\/wp-json\/wp\/v2\/media?parent=2667"}],"wp:term":[{"taxonomy":"product_brand","embeddable":true,"href":"https:\/\/qingdaohf.com\/lt\/wp-json\/wp\/v2\/product_brand?post=2667"},{"taxonomy":"product_cat","embeddable":true,"href":"https:\/\/qingdaohf.com\/lt\/wp-json\/wp\/v2\/product_cat?post=2667"},{"taxonomy":"product_tag","embeddable":true,"href":"https:\/\/qingdaohf.com\/lt\/wp-json\/wp\/v2\/product_tag?post=2667"}],"curies":[{"name":"wp","href":"https:\/\/api.w.org\/{rel}","templated":true}]}}