{"id":3517,"date":"2023-04-10T17:40:09","date_gmt":"2023-04-10T09:40:09","guid":{"rendered":"http:\/\/qingdaohf.com\/?post_type=product&#038;p=3517"},"modified":"2025-11-13T09:05:13","modified_gmt":"2025-11-13T01:05:13","slug":"chain-with-grab-hooks","status":"publish","type":"product","link":"https:\/\/qingdaohf.com\/lt\/produktas\/grandine-su-griebtuvais\/","title":{"rendered":"Grandin\u0117 su kabliukais"},"content":{"rendered":"<p>Pati grandin\u0117 paprastai gaminama i\u0161 patvaraus ir didelio atsparumo plieno, tod\u0117l ji gali atlaikyti dideles apkrovas ir nusid\u0117v\u0117ti. Grandin\u0117s grandys paprastai yra suvirintos arba sujungtos tarpusavyje, kad b\u016bt\u0173 tvirtos ir patikimos.<\/p>\n<p>Pagrindin\u0117 grandin\u0117s su griebtuvais funkcija - tvirtinti, kelti arba vilkti objektus. Griebimo kablius galima lengvai pritvirtinti prie inkarini\u0173 ta\u0161k\u0173, \u012frangos ar krovini\u0173, taip u\u017etikrinant patikim\u0105 sujungim\u0105. Jie paprastai naudojami kartu su k\u0117limo \u012franga, kranais, keltuvais ar gerv\u0117mis.<\/p>\n<p>Kabliukai suprojektuoti taip, kad juos b\u016bt\u0173 galima lengvai u\u017emauti ant grandini\u0173, dir\u017e\u0173 ar kit\u0173 tvirtinimo ta\u0161k\u0173 ir greitai bei saugiai sujungti. Jie patikimai sulaiko objekt\u0105 ar krovin\u012f ir neleid\u017eia jam nuslysti k\u0117limo ar transportavimo metu.<\/p>\n<p>Grandin\u0117 su griebtuvais gali b\u016bti lanksti, nes gali b\u016bti \u012fvairaus ilgio ir keliamosios galios. Grandin\u0117s su griebimo kabliais b\u016bna \u012fvairaus ilgio ir storio, tod\u0117l naudotojai gali pasirinkti konkre\u010dius poreikius atitinkant\u012f dyd\u012f ir stiprum\u0105.<\/p>\n<p>\u0160io tipo grandin\u0117s yra labai universalios ir gali b\u016bti naudojamos \u012fvairiose srityse. Ji paprastai naudojama sunkiai \u012frangai, ma\u0161inoms, r\u0105stams ir statybin\u0117ms med\u017eiagoms tvirtinti ir kelti. Ji taip pat naudinga velkant transporto priemones ar priekabas.<\/p>\n<p><img fetchpriority=\"high\" decoding=\"async\" class=\"alignnone size-full wp-image-3523\" src=\"http:\/\/qingdaohf.com\/wp-content\/uploads\/2023\/04\/1-8.jpg\" alt=\"grandin\u0117 su griebtuvais\" width=\"1473\" height=\"893\" srcset=\"https:\/\/qingdaohf.com\/wp-content\/uploads\/2023\/04\/1-8.jpg 1473w, https:\/\/qingdaohf.com\/wp-content\/uploads\/2023\/04\/1-8-300x182.jpg 300w, https:\/\/qingdaohf.com\/wp-content\/uploads\/2023\/04\/1-8-1024x621.jpg 1024w, https:\/\/qingdaohf.com\/wp-content\/uploads\/2023\/04\/1-8-768x466.jpg 768w, https:\/\/qingdaohf.com\/wp-content\/uploads\/2023\/04\/1-8-1000x606.jpg 1000w\" sizes=\"(max-width: 1473px) 100vw, 1473px\" \/><img decoding=\"async\" class=\"alignnone size-full wp-image-3519\" src=\"http:\/\/qingdaohf.com\/wp-content\/uploads\/2023\/04\/1-2.jpg\" alt=\"grandin\u0117 su griebtuvais\" width=\"1460\" height=\"895\" srcset=\"https:\/\/qingdaohf.com\/wp-content\/uploads\/2023\/04\/1-2.jpg 1460w, https:\/\/qingdaohf.com\/wp-content\/uploads\/2023\/04\/1-2-300x184.jpg 300w, https:\/\/qingdaohf.com\/wp-content\/uploads\/2023\/04\/1-2-1024x628.jpg 1024w, https:\/\/qingdaohf.com\/wp-content\/uploads\/2023\/04\/1-2-768x471.jpg 768w, https:\/\/qingdaohf.com\/wp-content\/uploads\/2023\/04\/1-2-1000x613.jpg 1000w\" sizes=\"(max-width: 1460px) 100vw, 1460px\" \/> <img decoding=\"async\" class=\"alignnone size-full wp-image-3522\" src=\"http:\/\/qingdaohf.com\/wp-content\/uploads\/2023\/04\/1-7.jpg\" alt=\"grandin\u0117 su griebtuvais\" width=\"660\" height=\"897\" srcset=\"https:\/\/qingdaohf.com\/wp-content\/uploads\/2023\/04\/1-7.jpg 660w, https:\/\/qingdaohf.com\/wp-content\/uploads\/2023\/04\/1-7-221x300.jpg 221w\" sizes=\"(max-width: 660px) 100vw, 660px\" \/><\/p>","protected":false},"excerpt":{"rendered":"<p>Grandin\u0117 su griebtuvais yra universalus ir naudingas \u012frankis, da\u017eniausiai naudojamas \u012fvairiose pramon\u0117s \u0161akose, \u012fskaitant statyb\u0105, transport\u0105, \u017eem\u0117s \u016bk\u012f ir bendr\u0105j\u0105 paskirt\u012f. J\u0105 sudaro grandin\u0117, kurios abiejuose galuose \u012frengti griebtuvai.<\/p>","protected":false},"featured_media":3525,"comment_status":"open","ping_status":"closed","template":"","meta":{"site-sidebar-layout":"default","site-content-layout":"default","ast-site-content-layout":"","site-content-style":"default","site-sidebar-style":"default","ast-global-header-display":"","ast-banner-title-visibility":"","ast-main-header-display":"","ast-hfb-above-header-display":"","ast-hfb-below-header-display":"","ast-hfb-mobile-header-display":"","site-post-title":"","ast-breadcrumbs-content":"","ast-featured-img":"","footer-sml-layout":"","theme-transparent-header-meta":"default","adv-header-id-meta":"","stick-header-meta":"default","header-above-stick-meta":"","header-main-stick-meta":"","header-below-stick-meta":"","astra-migrate-meta-layouts":"default","ast-page-background-enabled":"default","ast-page-background-meta":{"desktop":{"background-color":"","background-image":"","background-repeat":"repeat","background-position":"center center","background-size":"auto","background-attachment":"scroll","background-type":"","background-media":"","overlay-type":"","overlay-color":"","overlay-opacity":"","overlay-gradient":""},"tablet":{"background-color":"","background-image":"","background-repeat":"repeat","background-position":"center center","background-size":"auto","background-attachment":"scroll","background-type":"","background-media":"","overlay-type":"","overlay-color":"","overlay-opacity":"","overlay-gradient":""},"mobile":{"background-color":"","background-image":"","background-repeat":"repeat","background-position":"center center","background-size":"auto","background-attachment":"scroll","background-type":"","background-media":"","overlay-type":"","overlay-color":"","overlay-opacity":"","overlay-gradient":""}},"ast-content-background-meta":{"desktop":{"background-color":"var(--ast-global-color-5)","background-image":"","background-repeat":"repeat","background-position":"center center","background-size":"auto","background-attachment":"scroll","background-type":"","background-media":"","overlay-type":"","overlay-color":"","overlay-opacity":"","overlay-gradient":""},"tablet":{"background-color":"var(--ast-global-color-5)","background-image":"","background-repeat":"repeat","background-position":"center center","background-size":"auto","background-attachment":"scroll","background-type":"","background-media":"","overlay-type":"","overlay-color":"","overlay-opacity":"","overlay-gradient":""},"mobile":{"background-color":"var(--ast-global-color-5)","background-image":"","background-repeat":"repeat","background-position":"center center","background-size":"auto","background-attachment":"scroll","background-type":"","background-media":"","overlay-type":"","overlay-color":"","overlay-opacity":"","overlay-gradient":""}}},"product_brand":[],"product_cat":[43],"product_tag":[],"class_list":{"0":"post-3517","1":"product","2":"type-product","3":"status-publish","4":"has-post-thumbnail","6":"product_cat-rigging-hardware","7":"desktop-align-left","8":"tablet-align-left","9":"mobile-align-left","10":"ast-product-gallery-layout-horizontal-slider","11":"ast-product-tabs-layout-horizontal","13":"first","14":"instock","15":"shipping-taxable","16":"purchasable","17":"product-type-simple"},"yoast_head":"<!-- This site is optimized with the Yoast SEO plugin v25.2 - https:\/\/yoast.com\/wordpress\/plugins\/seo\/ -->\n<title>Chain with Grab Hooks<\/title>\n<meta name=\"description\" content=\"Chain with Grab Hooks is a versatile and useful tool commonly used in various industries, including construction, transportation, agriculture, and general-purpose applications.\" \/>\n<meta name=\"robots\" content=\"index, follow, max-snippet:-1, max-image-preview:large, max-video-preview:-1\" \/>\n<link rel=\"canonical\" href=\"https:\/\/qingdaohf.com\/lt\/produktas\/grandine-su-griebtuvais\/\" \/>\n<meta property=\"og:locale\" content=\"lt_LT\" \/>\n<meta property=\"og:type\" content=\"article\" \/>\n<meta property=\"og:title\" content=\"Chain with Grab Hooks\" \/>\n<meta property=\"og:description\" content=\"Chain with Grab Hooks is a versatile and useful tool commonly used in various industries, including construction, transportation, agriculture, and general-purpose applications.\" \/>\n<meta property=\"og:url\" content=\"https:\/\/qingdaohf.com\/lt\/produktas\/grandine-su-griebtuvais\/\" \/>\n<meta property=\"og:site_name\" content=\"Concrete Form &amp; Rigging Hardware Supplier\" \/>\n<meta property=\"article:publisher\" content=\"https:\/\/www.facebook.com\/qingdaohf\" \/>\n<meta property=\"article:modified_time\" content=\"2025-11-13T01:05:13+00:00\" \/>\n<meta property=\"og:image\" content=\"https:\/\/qingdaohf.com\/wp-content\/uploads\/2023\/04\/6.jpg\" \/>\n\t<meta property=\"og:image:width\" content=\"800\" \/>\n\t<meta property=\"og:image:height\" content=\"800\" \/>\n\t<meta property=\"og:image:type\" content=\"image\/jpeg\" \/>\n<meta name=\"twitter:card\" content=\"summary_large_image\" \/>\n<meta name=\"twitter:label1\" content=\"Est. reading time\" \/>\n\t<meta name=\"twitter:data1\" content=\"2 minut\u0117s\" \/>\n<script type=\"application\/ld+json\" class=\"yoast-schema-graph\">{\"@context\":\"https:\/\/schema.org\",\"@graph\":[{\"@type\":\"WebPage\",\"@id\":\"https:\/\/qingdaohf.com\/product\/chain-with-grab-hooks\/\",\"url\":\"https:\/\/qingdaohf.com\/product\/chain-with-grab-hooks\/\",\"name\":\"Chain with Grab Hooks\",\"isPartOf\":{\"@id\":\"https:\/\/qingdaohf.com\/bg\/#website\"},\"primaryImageOfPage\":{\"@id\":\"https:\/\/qingdaohf.com\/product\/chain-with-grab-hooks\/#primaryimage\"},\"image\":{\"@id\":\"https:\/\/qingdaohf.com\/product\/chain-with-grab-hooks\/#primaryimage\"},\"thumbnailUrl\":\"https:\/\/qingdaohf.com\/wp-content\/uploads\/2023\/04\/6.jpg\",\"datePublished\":\"2023-04-10T09:40:09+00:00\",\"dateModified\":\"2025-11-13T01:05:13+00:00\",\"description\":\"Chain with Grab Hooks is a versatile and useful tool commonly used in various industries, including construction, transportation, agriculture, and general-purpose applications.\",\"breadcrumb\":{\"@id\":\"https:\/\/qingdaohf.com\/product\/chain-with-grab-hooks\/#breadcrumb\"},\"inLanguage\":\"lt-LT\",\"potentialAction\":[{\"@type\":\"ReadAction\",\"target\":[\"https:\/\/qingdaohf.com\/product\/chain-with-grab-hooks\/\"]}]},{\"@type\":\"ImageObject\",\"inLanguage\":\"lt-LT\",\"@id\":\"https:\/\/qingdaohf.com\/product\/chain-with-grab-hooks\/#primaryimage\",\"url\":\"https:\/\/qingdaohf.com\/wp-content\/uploads\/2023\/04\/6.jpg\",\"contentUrl\":\"https:\/\/qingdaohf.com\/wp-content\/uploads\/2023\/04\/6.jpg\",\"width\":800,\"height\":800,\"caption\":\"Chain with Grab Hooks\"},{\"@type\":\"BreadcrumbList\",\"@id\":\"https:\/\/qingdaohf.com\/product\/chain-with-grab-hooks\/#breadcrumb\",\"itemListElement\":[{\"@type\":\"ListItem\",\"position\":1,\"name\":\"Home\",\"item\":\"https:\/\/qingdaohf.com\/\"},{\"@type\":\"ListItem\",\"position\":2,\"name\":\"Concrete Forming Accessories and Rigging Hardware\",\"item\":\"https:\/\/qingdaohf.com\/bg\/?page_id=944\"},{\"@type\":\"ListItem\",\"position\":3,\"name\":\"Chain with Grab Hooks\"}]},{\"@type\":\"WebSite\",\"@id\":\"https:\/\/qingdaohf.com\/bg\/#website\",\"url\":\"https:\/\/qingdaohf.com\/bg\/\",\"name\":\"Concrete Form & Rigging Hardware Supplier\",\"description\":\"\",\"publisher\":{\"@id\":\"https:\/\/qingdaohf.com\/bg\/#organization\"},\"potentialAction\":[{\"@type\":\"SearchAction\",\"target\":{\"@type\":\"EntryPoint\",\"urlTemplate\":\"https:\/\/qingdaohf.com\/bg\/?s={search_term_string}\"},\"query-input\":{\"@type\":\"PropertyValueSpecification\",\"valueRequired\":true,\"valueName\":\"search_term_string\"}}],\"inLanguage\":\"lt-LT\"},{\"@type\":\"Organization\",\"@id\":\"https:\/\/qingdaohf.com\/bg\/#organization\",\"name\":\"Qingdao H&F\",\"url\":\"https:\/\/qingdaohf.com\/bg\/\",\"logo\":{\"@type\":\"ImageObject\",\"inLanguage\":\"lt-LT\",\"@id\":\"https:\/\/qingdaohf.com\/bg\/#\/schema\/logo\/image\/\",\"url\":\"https:\/\/qingdaohf.com\/wp-content\/uploads\/2022\/12\/cropped-HF-LOGO.png\",\"contentUrl\":\"https:\/\/qingdaohf.com\/wp-content\/uploads\/2022\/12\/cropped-HF-LOGO.png\",\"width\":391,\"height\":249,\"caption\":\"Qingdao H&F\"},\"image\":{\"@id\":\"https:\/\/qingdaohf.com\/bg\/#\/schema\/logo\/image\/\"},\"sameAs\":[\"https:\/\/www.facebook.com\/qingdaohf\"]}]}<\/script>\n<!-- \/ Yoast SEO plugin. -->","yoast_head_json":{"title":"Chain with Grab Hooks","description":"Chain with Grab Hooks is a versatile and useful tool commonly used in various industries, including construction, transportation, agriculture, and general-purpose applications.","robots":{"index":"index","follow":"follow","max-snippet":"max-snippet:-1","max-image-preview":"max-image-preview:large","max-video-preview":"max-video-preview:-1"},"canonical":"https:\/\/qingdaohf.com\/lt\/produktas\/grandine-su-griebtuvais\/","og_locale":"lt_LT","og_type":"article","og_title":"Chain with Grab Hooks","og_description":"Chain with Grab Hooks is a versatile and useful tool commonly used in various industries, including construction, transportation, agriculture, and general-purpose applications.","og_url":"https:\/\/qingdaohf.com\/lt\/produktas\/grandine-su-griebtuvais\/","og_site_name":"Concrete Form &amp; Rigging Hardware Supplier","article_publisher":"https:\/\/www.facebook.com\/qingdaohf","article_modified_time":"2025-11-13T01:05:13+00:00","og_image":[{"width":800,"height":800,"url":"https:\/\/qingdaohf.com\/wp-content\/uploads\/2023\/04\/6.jpg","type":"image\/jpeg"}],"twitter_card":"summary_large_image","twitter_misc":{"Est. reading time":"2 minut\u0117s"},"schema":{"@context":"https:\/\/schema.org","@graph":[{"@type":"WebPage","@id":"https:\/\/qingdaohf.com\/product\/chain-with-grab-hooks\/","url":"https:\/\/qingdaohf.com\/product\/chain-with-grab-hooks\/","name":"Chain with Grab Hooks","isPartOf":{"@id":"https:\/\/qingdaohf.com\/bg\/#website"},"primaryImageOfPage":{"@id":"https:\/\/qingdaohf.com\/product\/chain-with-grab-hooks\/#primaryimage"},"image":{"@id":"https:\/\/qingdaohf.com\/product\/chain-with-grab-hooks\/#primaryimage"},"thumbnailUrl":"https:\/\/qingdaohf.com\/wp-content\/uploads\/2023\/04\/6.jpg","datePublished":"2023-04-10T09:40:09+00:00","dateModified":"2025-11-13T01:05:13+00:00","description":"Chain with Grab Hooks is a versatile and useful tool commonly used in various industries, including construction, transportation, agriculture, and general-purpose applications.","breadcrumb":{"@id":"https:\/\/qingdaohf.com\/product\/chain-with-grab-hooks\/#breadcrumb"},"inLanguage":"lt-LT","potentialAction":[{"@type":"ReadAction","target":["https:\/\/qingdaohf.com\/product\/chain-with-grab-hooks\/"]}]},{"@type":"ImageObject","inLanguage":"lt-LT","@id":"https:\/\/qingdaohf.com\/product\/chain-with-grab-hooks\/#primaryimage","url":"https:\/\/qingdaohf.com\/wp-content\/uploads\/2023\/04\/6.jpg","contentUrl":"https:\/\/qingdaohf.com\/wp-content\/uploads\/2023\/04\/6.jpg","width":800,"height":800,"caption":"Chain with Grab Hooks"},{"@type":"BreadcrumbList","@id":"https:\/\/qingdaohf.com\/product\/chain-with-grab-hooks\/#breadcrumb","itemListElement":[{"@type":"ListItem","position":1,"name":"Home","item":"https:\/\/qingdaohf.com\/"},{"@type":"ListItem","position":2,"name":"Concrete Forming Accessories and Rigging Hardware","item":"https:\/\/qingdaohf.com\/bg\/?page_id=944"},{"@type":"ListItem","position":3,"name":"Chain with Grab Hooks"}]},{"@type":"WebSite","@id":"https:\/\/qingdaohf.com\/bg\/#website","url":"https:\/\/qingdaohf.com\/bg\/","name":"Concrete Form & Rigging Hardware Supplier","description":"","publisher":{"@id":"https:\/\/qingdaohf.com\/bg\/#organization"},"potentialAction":[{"@type":"SearchAction","target":{"@type":"EntryPoint","urlTemplate":"https:\/\/qingdaohf.com\/bg\/?s={search_term_string}"},"query-input":{"@type":"PropertyValueSpecification","valueRequired":true,"valueName":"search_term_string"}}],"inLanguage":"lt-LT"},{"@type":"Organization","@id":"https:\/\/qingdaohf.com\/bg\/#organization","name":"Qingdao H&F","url":"https:\/\/qingdaohf.com\/bg\/","logo":{"@type":"ImageObject","inLanguage":"lt-LT","@id":"https:\/\/qingdaohf.com\/bg\/#\/schema\/logo\/image\/","url":"https:\/\/qingdaohf.com\/wp-content\/uploads\/2022\/12\/cropped-HF-LOGO.png","contentUrl":"https:\/\/qingdaohf.com\/wp-content\/uploads\/2022\/12\/cropped-HF-LOGO.png","width":391,"height":249,"caption":"Qingdao H&F"},"image":{"@id":"https:\/\/qingdaohf.com\/bg\/#\/schema\/logo\/image\/"},"sameAs":["https:\/\/www.facebook.com\/qingdaohf"]}]}},"_links":{"self":[{"href":"https:\/\/qingdaohf.com\/lt\/wp-json\/wp\/v2\/product\/3517","targetHints":{"allow":["GET"]}}],"collection":[{"href":"https:\/\/qingdaohf.com\/lt\/wp-json\/wp\/v2\/product"}],"about":[{"href":"https:\/\/qingdaohf.com\/lt\/wp-json\/wp\/v2\/types\/product"}],"replies":[{"embeddable":true,"href":"https:\/\/qingdaohf.com\/lt\/wp-json\/wp\/v2\/comments?post=3517"}],"version-history":[{"count":2,"href":"https:\/\/qingdaohf.com\/lt\/wp-json\/wp\/v2\/product\/3517\/revisions"}],"predecessor-version":[{"id":10433,"href":"https:\/\/qingdaohf.com\/lt\/wp-json\/wp\/v2\/product\/3517\/revisions\/10433"}],"wp:featuredmedia":[{"embeddable":true,"href":"https:\/\/qingdaohf.com\/lt\/wp-json\/wp\/v2\/media\/3525"}],"wp:attachment":[{"href":"https:\/\/qingdaohf.com\/lt\/wp-json\/wp\/v2\/media?parent=3517"}],"wp:term":[{"taxonomy":"product_brand","embeddable":true,"href":"https:\/\/qingdaohf.com\/lt\/wp-json\/wp\/v2\/product_brand?post=3517"},{"taxonomy":"product_cat","embeddable":true,"href":"https:\/\/qingdaohf.com\/lt\/wp-json\/wp\/v2\/product_cat?post=3517"},{"taxonomy":"product_tag","embeddable":true,"href":"https:\/\/qingdaohf.com\/lt\/wp-json\/wp\/v2\/product_tag?post=3517"}],"curies":[{"name":"wp","href":"https:\/\/api.w.org\/{rel}","templated":true}]}}