{"id":3549,"date":"2023-04-10T18:57:14","date_gmt":"2023-04-10T10:57:14","guid":{"rendered":"http:\/\/qingdaohf.com\/?post_type=product&#038;p=3549"},"modified":"2025-11-13T09:05:13","modified_gmt":"2025-11-13T01:05:13","slug":"anchor-chain","status":"publish","type":"product","link":"https:\/\/qingdaohf.com\/lt\/produktas\/inkaro-grandine\/","title":{"rendered":"J\u016br\u0173 inkaro grandin\u0117 \u0160vartavimosi grandin\u0117"},"content":{"rendered":"<h3><strong>\u012evadas \u012f j\u016brines inkarines grandines<\/strong><\/h3>\n<p>Laiv\u0173 \u012frangos pasaulyje inkarin\u0117s grandin\u0117s yra esminiai komponentai, naudojami laivams stabilizuoti ir pritvirtinti \u0161vartuojantis ar stovint. \u0160ios grandin\u0117s yra gyvybi\u0161kai svarbi laivo ir jo inkaravimo sistemos grandis, u\u017etikrinanti stabilum\u0105 net ir neramiomis j\u016bros s\u0105lygomis. Atsi\u017evelgiant \u012f inkaro grandini\u0173 svarb\u0105, ypa\u010d \u0161vartavimosi reikm\u0117ms, pirk\u0117jams labai svarbu suprasti skirtingus j\u0173 tipus ir teikiam\u0105 naud\u0105. J\u016brin\u0117s inkarin\u0117s grandin\u0117s, dar vadinamos \u0161vartavimosi grandin\u0117mis, pirmiausia skirstomos \u012f du tipus: inkarin\u0117s grandin\u0117s su smeig\u0117mis ir inkarin\u0117s grandin\u0117s be smeigi\u0173. \u0160ie tipai skiriasi pagal savo konstrukcij\u0105, patvarum\u0105 ir pritaikym\u0105, o kiekvienas j\u0173 suteikia savit\u0173 privalum\u0173 \u0161vartavimosi sprendimams.<\/p>\n<h3><strong>\"Stud Link\" inkaro grandin\u0117s: Strukt\u016bra ir pritaikymas<\/strong><\/h3>\n<p><img fetchpriority=\"high\" decoding=\"async\" class=\"alignnone size-full wp-image-8170\" src=\"http:\/\/qingdaohf.com\/wp-content\/uploads\/2024\/10\/stud-link-anchor-chain_2.webp\" alt=\"inkaro grandin\u0117\" width=\"842\" height=\"1091\" srcset=\"https:\/\/qingdaohf.com\/wp-content\/uploads\/2024\/10\/stud-link-anchor-chain_2.webp 842w, https:\/\/qingdaohf.com\/wp-content\/uploads\/2024\/10\/stud-link-anchor-chain_2-232x300.webp 232w, https:\/\/qingdaohf.com\/wp-content\/uploads\/2024\/10\/stud-link-anchor-chain_2-790x1024.webp 790w, https:\/\/qingdaohf.com\/wp-content\/uploads\/2024\/10\/stud-link-anchor-chain_2-768x995.webp 768w, https:\/\/qingdaohf.com\/wp-content\/uploads\/2024\/10\/stud-link-anchor-chain_2-9x12.webp 9w\" sizes=\"(max-width: 842px) 100vw, 842px\" \/><\/p>\n<p>Inkaro grandin\u0117s su smeig\u0117mis yra pla\u010diai pripa\u017eintos j\u016br\u0173 pramon\u0117je d\u0117l savo tvirtumo ir keliamosios galios. Kiekvienoje grandin\u0117s grandyje yra metalinis strypas, arba smeig\u0117, kuri suteikia papildomo stabilumo. Tokia konstrukcija suma\u017eina grandin\u0117s grand\u017ei\u0173 deformacij\u0105 veikiant apkrovai ir padidina grandin\u0117s atsparum\u0105 susisukimui, net esant dideliam \u012ftempimui. D\u0117l tokio patvarumo grandin\u0117s su dygliuotomis grandimis yra tinkamiausias pasirinkimas sunkiems j\u016briniams darbams, ypa\u010d did\u017eiuosiuose laivuose, kuriuose reikia didel\u0117s laikomosios galios.<\/p>\n<p>\u0160vaistiklin\u0117s inkaro grandin\u0117s strukt\u016bra ne tik prailgina jos tarnavimo laik\u0105, bet ir pagerina tvirtumo ir svorio santyk\u012f. Daugelis pirk\u0117j\u0173 teikia pirmenyb\u0119 \u0161io tipo inkaro grandin\u0117ms d\u0117l j\u0173 geb\u0117jimo atlaikyti intensyvi\u0105 j\u016brin\u0119 aplink\u0105, \u012fskaitant gili\u0173j\u0173 vanden\u0173 \u0161vartavimosi s\u0105lygas. Pirk\u0117jai, svarstantys apie dygli\u0173 grandines, da\u017enai pirmenyb\u0119 teikia gaminio bandymams, veikimui ekstremaliomis s\u0105lygomis ir atitik\u010diai j\u016br\u0173 saugumo standartams. Qingdao H&amp;F supranta \u0161iuos r\u016bpes\u010dius ir juos sprend\u017eia atlikdami i\u0161samius kokyb\u0117s patikrinimus, tikrindami \u012frodom\u0105sias apkrovas ir pateikdami patvirtintas bandym\u0173 ataskaitas.<\/p>\n<p>Pavyzd\u017eiui, m\u016bs\u0173 inkar\u0173 grandin\u0117s su smeig\u0117mis yra grie\u017etai i\u0161bandomos, o tai atitinka arba vir\u0161ija j\u016brinio sertifikavimo standartus. \u0160is procesas u\u017etikrina, kad kiekviena grandin\u0117 yra ilgaam\u017e\u0117 ir patikima, o tai didina laiv\u0173 saugum\u0105. Teikdami individualias klient\u0173 aptarnavimo paslaugas u\u017etikriname, kad m\u016bs\u0173 klientai visi\u0161kai suprast\u0173 \u0161ias technines specifikacijas ir i\u0161sirinkt\u0173 geriausiai j\u0173 poreikius atitinkant\u012f grandin\u0117s tip\u0105.<\/p>\n<h3><strong>Inkaro grandin\u0117s be dygli\u0173: Lankstus ir lengvas sprendimas<\/strong><\/h3>\n<p><img fetchpriority=\"high\" decoding=\"async\" class=\"alignnone size-full wp-image-8170\" src=\"http:\/\/qingdaohf.com\/wp-content\/uploads\/2024\/10\/stud-link-anchor-chain_2.webp\" alt=\"inkaro grandin\u0117\" width=\"842\" height=\"1091\" srcset=\"https:\/\/qingdaohf.com\/wp-content\/uploads\/2024\/10\/stud-link-anchor-chain_2.webp 842w, https:\/\/qingdaohf.com\/wp-content\/uploads\/2024\/10\/stud-link-anchor-chain_2-232x300.webp 232w, https:\/\/qingdaohf.com\/wp-content\/uploads\/2024\/10\/stud-link-anchor-chain_2-790x1024.webp 790w, https:\/\/qingdaohf.com\/wp-content\/uploads\/2024\/10\/stud-link-anchor-chain_2-768x995.webp 768w, https:\/\/qingdaohf.com\/wp-content\/uploads\/2024\/10\/stud-link-anchor-chain_2-9x12.webp 9w\" sizes=\"(max-width: 842px) 100vw, 842px\" \/><\/p>\n<p>Inkaro grandin\u0117s be smeigi\u0173 yra dar vienas populiarus pasirinkimas \u0161vartavimosi reikm\u0117ms, vertinamas d\u0117l j\u0173 lankstumo ir ma\u017eesnio svorio. \u0160ios grandin\u0117s neturi dygli\u0173 per kiekvien\u0105 grand\u012f, tod\u0117l j\u0173 konstrukcija yra paprastesn\u0117 ir sklandesn\u0117. Nors dygli\u0173 grandin\u0117s \u017einomos d\u0117l savo tvirtumo, inkarin\u0117s grandin\u0117s be dygli\u0173 pasi\u017eymi didesniu pritaikomumu, tod\u0117l idealiai tinka tais atvejais, kai svarbiausia atsi\u017evelgti \u012f svor\u012f, pavyzd\u017eiui, ma\u017eesniuose laivuose arba \u012frenginiuose, kur ma\u017eesnis grandin\u0117s svoris suteikia funkcini\u0173 privalum\u0173.<\/p>\n<p>Kadangi kiekvienoje grandyje n\u0117ra dyglio, grandin\u0117 juda su ma\u017eesniu pasiprie\u0161inimu ir yra itin lanksti \u012fvairiomis j\u016bros s\u0105lygomis. Daugeliui pirk\u0117j\u0173 \u0161is lankstumas yra labai svarbus veiksnys, ypa\u010d inkaruojant ma\u017eesnius laivus, kai pritaikoma inkaro grandin\u0117 yra labai naudinga. Kitas svarbus inkaro grandini\u0173 be dygli\u0173 privalumas - ma\u017eesni j\u0173 prie\u017ei\u016bros poreikiai. J\u0173 konstrukciniai komponentai yra ma\u017eesni, tod\u0117l, palyginti su grandin\u0117mis su smeig\u0117mis, jas reikia re\u010diau tikrinti ir remontuoti, tod\u0117l ilgainiui jos tampa ekonomi\u0161kai efektyviu pasirinkimu.<\/p>\n<p>\"Qingdao H&amp;F\" pripa\u017e\u012fsta, kad inkarin\u0117s grandin\u0117s be dygli\u0173 gali b\u016bti patrauklios pirk\u0117jams, siekiantiems efektyvumo tiek eksploatavimo, tiek prie\u017ei\u016bros po\u017ei\u016briu. M\u016bs\u0173 \u012fsipareigojimas u\u017etikrinti greit\u0105 pristatymo cikl\u0105 u\u017etikrina, kad \u0161ios grandin\u0117s b\u016bt\u0173 lengvai prieinamos, o m\u016bs\u0173 i\u0161samios kokyb\u0117s tikrinimo ataskaitos pirk\u0117jams suteikia vis\u0105 reikaling\u0105 informacij\u0105 apie ilgaam\u017ei\u0161kum\u0105, \u012frodom\u0105j\u0105 apkrov\u0105 ir strukt\u016brin\u012f vientisum\u0105. Pasirink\u0119 m\u016bs\u0173 si\u016blomas inkarines grandines be dygli\u0173, pirk\u0117jai gali dr\u0105siai investuoti \u012f grandini\u0173 sprendim\u0105, kuris suderina svor\u012f, lankstum\u0105 ir ekonomi\u0161kum\u0105.<\/p>\n<h3><strong>Tinkamos inkaro grandin\u0117s pasirinkimas pagal j\u016bs\u0173 poreikius<\/strong><\/h3>\n<p>Rinkdamiesi inkarines grandines su smeig\u0117mis ir be smeigi\u0173, pirk\u0117jai turi atsi\u017evelgti \u012f \u012fvairius veiksnius, \u012fskaitant laivo dyd\u012f, numatom\u0105 naudojim\u0105 ir aplinkos s\u0105lygas. Kiekvienas tipas turi unikali\u0173 privalum\u0173, d\u0117l kuri\u0173 tinka konkretiems scenarijams. Didesniuose laivuose da\u017enai reikalingos dygli\u0173 jung\u010di\u0173 inkarin\u0117s grandin\u0117s d\u0117l j\u0173 tvirtumo ir stabilumo, o ma\u017eesniems laivams arba laivams, kuriems reikalingos lengvos grandin\u0117s, gali b\u016bti naudingiau rinktis grandines be dygli\u0173.<\/p>\n<p>Abiej\u0173 tip\u0173 grandin\u0117s gali b\u016bti \u012fvairi\u0173 specifikacij\u0173, kad atitikt\u0173 skirtingo dyd\u017eio laivus ir \u0161vartavimosi reikalavimus. Pavyzd\u017eiui, skersmuo yra labai svarbus veiksnys, lemiantis grandin\u0117s keliam\u0105j\u0105 gali\u0105 ir ilgaam\u017ei\u0161kum\u0105. \u012e tipin\u012f asortiment\u0105 gali \u012feiti skirting\u0173 klasi\u0173 laivams tinkamo skersmens grandin\u0117s, u\u017etikrinan\u010dios suderinamum\u0105 ir optimal\u0173 veikim\u0105. Qingdao H&amp;F inkarini\u0173 grandini\u0173 asortimentas sukurtas taip, kad atitikt\u0173 \u012fvairius pirk\u0117j\u0173 poreikius, ir turi pritaikomas parinktis, kad atitikt\u0173 konkre\u010dius laiv\u0173 reikalavimus.<\/p>\n<p>Be tinklo tipo ir dyd\u017eio, pirk\u0117jai taip pat teikia pirmenyb\u0119 papildomoms paslaugoms, kurios gali palengvinti pirkimo proces\u0105. \"Qingdao H&amp;F\" i\u0161siskiriame tuo, kad si\u016blome individual\u0173 aptarnavim\u0105, pritaikyt\u0105 prie kiekvieno kliento unikali\u0173 poreiki\u0173. \u0160ios individualios paslaugos apima vis\u0105 laikotarp\u012f nuo pirmini\u0173 konsultacij\u0173 iki pagalbos po pirkimo, suteikiant pirk\u0117jams informacijos apie grandin\u0117s specifikacijas, apkrovos bandymus ir taikomus sertifikatus. M\u016bs\u0173 klientai gali pasitik\u0117ti m\u016bs\u0173 \u012fsipareigojimu u\u017etikrinti kokyb\u0119, nes kiekvienas gaminys prie\u0161 i\u0161siun\u010diant grie\u017etai i\u0161bandomas ir patikrinamas, taip u\u017etikrinant atitikt\u012f tarptautiniams standartams ir pirk\u0117j\u0173 ramyb\u0119.<\/p>\n<h3><strong>I\u0161vada<\/strong><\/h3>\n<p>J\u016brin\u0117s inkarin\u0117s grandin\u0117s, tiek su smeig\u0117mis, tiek be j\u0173, yra nepakei\u010diamos u\u017etikrinant laivo stabilum\u0105 \u0161vartavimosi metu. Dygli\u0173 grandin\u0117s, pasi\u017eymin\u010dios didesniu stabilumu ir atsparumu deformacijoms, idealiai tinka didesniems laivams ir sud\u0117tingoje j\u016brin\u0117je aplinkoje. Tuo tarpu inkarin\u0117s grandin\u0117s be dygli\u0173 yra lankstesn\u0117s, lengvesn\u0117s ir ma\u017eiau pri\u017ei\u016brimos, tod\u0117l tinka \u012fvairioms reikm\u0117ms, ypa\u010d ma\u017eesniems laivams.<\/p>\n<p>\"Qingdao H&amp;F\", patikimas laiv\u0173 \u012frangos prekybos vardas, turi dviej\u0173 de\u0161imtme\u010di\u0173 patirt\u012f ir si\u016blo patikimas, auk\u0161tos kokyb\u0117s grandines, sukurtas taip, kad atitikt\u0173 \u012fvairius j\u016br\u0173 pramon\u0117s pirk\u0117j\u0173 poreikius. M\u016bs\u0173 paslaug\u0173 pagrindas - \u012fsipareigojimas aptarnauti klientus, greitas pristatymo ciklas ir i\u0161sam\u016bs kokyb\u0117s patikrinimai, u\u017etikrinantys, kad kiekvienas klientas gaut\u0173 konkre\u010dius poreikius atitinkant\u012f grandin\u0117s sprendim\u0105.<\/p>\n<p>Spar\u010diai besikei\u010dian\u010dioje j\u016br\u0173 pramon\u0117je ne\u012fkainojama tur\u0117ti patikim\u0105 prekybos partner\u012f, kuris gali numatyti ir patenkinti klient\u0173 poreikius. Pasirink\u0119 \"Qingdao H&amp;F\" pirk\u0117jai gauna ne tik kokybi\u0161kus produktus, bet ir partneryst\u0119, kurios prioritetas - j\u0173 s\u0117km\u0117 ir pasitenkinimas.<\/p>","protected":false},"excerpt":{"rendered":"<div class=\"flex-shrink-0 flex flex-col relative items-end\">\n<div class=\"pt-0\">\n<div class=\"gizmo-bot-avatar flex h-8 w-8 items-center justify-center overflow-hidden rounded-full\">\n<div class=\"relative p-1 rounded-sm flex items-center justify-center bg-token-main-surface-primary text-token-text-primary h-8 w-8\">J\u016br\u0173 inkar\u0173 grandin\u0117s, da\u017enai vadinamos \u0161vartavimosi grandin\u0117mis, atlieka labai svarb\u0173 vaidmen\u012f saugiai pritvirtinant laivus \u0161vartavimosi metu. Jos b\u016bna dviej\u0173 pagrindini\u0173 tip\u0173: inkarin\u0117s grandin\u0117s su smeig\u0117mis ir inkarin\u0117s grandin\u0117s be smeigi\u0173. Qingdao H&amp;F, turinti daugiau kaip 20 met\u0173 tarptautin\u0117s prekybos patirties, supranta laiv\u0173 \u012frangos pirk\u0117j\u0173 poreikius ir prioritetus. M\u016bs\u0173 individualus klient\u0173 aptarnavimas u\u017etikrina individualiai pritaikyt\u0105 pagalb\u0105, o supaprastinti procesai garantuoja greit\u0105 pristatymo cikl\u0105. Pateikdami \u012fvairias vis\u0173 m\u016bs\u0173 grandini\u0173 kokyb\u0117s patikrinimo ataskaitas, padedame klientams priimti pagr\u012fstus sprendimus d\u0117l pirkimo, \u017einodami, kad gaunami produktai yra i\u0161bandyti ir patikrinti d\u0117l kokyb\u0117s ir eksploatacini\u0173 savybi\u0173.<\/div>\n<\/div>\n<\/div>\n<\/div>","protected":false},"featured_media":4709,"comment_status":"open","ping_status":"closed","template":"","meta":{"site-sidebar-layout":"default","site-content-layout":"default","ast-site-content-layout":"default","site-content-style":"default","site-sidebar-style":"default","ast-global-header-display":"","ast-banner-title-visibility":"","ast-main-header-display":"","ast-hfb-above-header-display":"","ast-hfb-below-header-display":"","ast-hfb-mobile-header-display":"","site-post-title":"","ast-breadcrumbs-content":"","ast-featured-img":"","footer-sml-layout":"","theme-transparent-header-meta":"default","adv-header-id-meta":"","stick-header-meta":"default","header-above-stick-meta":"","header-main-stick-meta":"","header-below-stick-meta":"","astra-migrate-meta-layouts":"set","ast-page-background-enabled":"default","ast-page-background-meta":{"desktop":{"background-color":"","background-image":"","background-repeat":"repeat","background-position":"center center","background-size":"auto","background-attachment":"scroll","background-type":"","background-media":"","overlay-type":"","overlay-color":"","overlay-opacity":"","overlay-gradient":""},"tablet":{"background-color":"","background-image":"","background-repeat":"repeat","background-position":"center center","background-size":"auto","background-attachment":"scroll","background-type":"","background-media":"","overlay-type":"","overlay-color":"","overlay-opacity":"","overlay-gradient":""},"mobile":{"background-color":"","background-image":"","background-repeat":"repeat","background-position":"center center","background-size":"auto","background-attachment":"scroll","background-type":"","background-media":"","overlay-type":"","overlay-color":"","overlay-opacity":"","overlay-gradient":""}},"ast-content-background-meta":{"desktop":{"background-color":"var(--ast-global-color-5)","background-image":"","background-repeat":"repeat","background-position":"center center","background-size":"auto","background-attachment":"scroll","background-type":"","background-media":"","overlay-type":"","overlay-color":"","overlay-opacity":"","overlay-gradient":""},"tablet":{"background-color":"var(--ast-global-color-5)","background-image":"","background-repeat":"repeat","background-position":"center center","background-size":"auto","background-attachment":"scroll","background-type":"","background-media":"","overlay-type":"","overlay-color":"","overlay-opacity":"","overlay-gradient":""},"mobile":{"background-color":"var(--ast-global-color-5)","background-image":"","background-repeat":"repeat","background-position":"center center","background-size":"auto","background-attachment":"scroll","background-type":"","background-media":"","overlay-type":"","overlay-color":"","overlay-opacity":"","overlay-gradient":""}}},"product_brand":[],"product_cat":[43,38],"product_tag":[],"class_list":{"0":"post-3549","1":"product","2":"type-product","3":"status-publish","4":"has-post-thumbnail","6":"product_cat-rigging-hardware","7":"product_cat-chain","8":"desktop-align-left","9":"tablet-align-left","10":"mobile-align-left","11":"ast-product-gallery-layout-horizontal-slider","12":"ast-product-tabs-layout-horizontal","14":"first","15":"instock","16":"shipping-taxable","17":"purchasable","18":"product-type-simple"},"yoast_head":"<!-- This site is optimized with the Yoast SEO plugin v25.2 - https:\/\/yoast.com\/wordpress\/plugins\/seo\/ -->\n<title>Marine Anchor Chain Mooring Chain<\/title>\n<meta name=\"description\" content=\"The anchor chain is an essential component of maritime equipment used in anchoring and securing a vessel.\" \/>\n<meta name=\"robots\" content=\"index, follow, max-snippet:-1, max-image-preview:large, max-video-preview:-1\" \/>\n<link rel=\"canonical\" href=\"https:\/\/qingdaohf.com\/lt\/produktas\/inkaro-grandine\/\" \/>\n<meta property=\"og:locale\" content=\"lt_LT\" \/>\n<meta property=\"og:type\" content=\"article\" \/>\n<meta property=\"og:title\" content=\"Marine Anchor Chain Mooring Chain\" \/>\n<meta property=\"og:description\" content=\"The anchor chain is an essential component of maritime equipment used in anchoring and securing a vessel.\" \/>\n<meta property=\"og:url\" content=\"https:\/\/qingdaohf.com\/lt\/produktas\/inkaro-grandine\/\" \/>\n<meta property=\"og:site_name\" content=\"Concrete Form &amp; Rigging Hardware Supplier\" \/>\n<meta property=\"article:publisher\" content=\"https:\/\/www.facebook.com\/qingdaohf\" \/>\n<meta property=\"article:modified_time\" content=\"2025-11-13T01:05:13+00:00\" \/>\n<meta property=\"og:image\" content=\"https:\/\/qingdaohf.com\/wp-content\/uploads\/2023\/04\/anchor-chain-2-2.jpg\" \/>\n\t<meta property=\"og:image:width\" content=\"1000\" \/>\n\t<meta property=\"og:image:height\" content=\"1000\" \/>\n\t<meta property=\"og:image:type\" content=\"image\/jpeg\" \/>\n<meta name=\"twitter:card\" content=\"summary_large_image\" \/>\n<meta name=\"twitter:label1\" content=\"Est. reading time\" \/>\n\t<meta name=\"twitter:data1\" content=\"5 minut\u0117s\" \/>\n<script type=\"application\/ld+json\" class=\"yoast-schema-graph\">{\"@context\":\"https:\/\/schema.org\",\"@graph\":[{\"@type\":\"WebPage\",\"@id\":\"https:\/\/qingdaohf.com\/product\/anchor-chain\/\",\"url\":\"https:\/\/qingdaohf.com\/product\/anchor-chain\/\",\"name\":\"Marine Anchor Chain Mooring Chain\",\"isPartOf\":{\"@id\":\"https:\/\/qingdaohf.com\/bg\/#website\"},\"primaryImageOfPage\":{\"@id\":\"https:\/\/qingdaohf.com\/product\/anchor-chain\/#primaryimage\"},\"image\":{\"@id\":\"https:\/\/qingdaohf.com\/product\/anchor-chain\/#primaryimage\"},\"thumbnailUrl\":\"https:\/\/qingdaohf.com\/wp-content\/uploads\/2023\/04\/anchor-chain-2-2.jpg\",\"datePublished\":\"2023-04-10T10:57:14+00:00\",\"dateModified\":\"2025-11-13T01:05:13+00:00\",\"description\":\"The anchor chain is an essential component of maritime equipment used in anchoring and securing a vessel.\",\"breadcrumb\":{\"@id\":\"https:\/\/qingdaohf.com\/product\/anchor-chain\/#breadcrumb\"},\"inLanguage\":\"lt-LT\",\"potentialAction\":[{\"@type\":\"ReadAction\",\"target\":[\"https:\/\/qingdaohf.com\/product\/anchor-chain\/\"]}]},{\"@type\":\"ImageObject\",\"inLanguage\":\"lt-LT\",\"@id\":\"https:\/\/qingdaohf.com\/product\/anchor-chain\/#primaryimage\",\"url\":\"https:\/\/qingdaohf.com\/wp-content\/uploads\/2023\/04\/anchor-chain-2-2.jpg\",\"contentUrl\":\"https:\/\/qingdaohf.com\/wp-content\/uploads\/2023\/04\/anchor-chain-2-2.jpg\",\"width\":1000,\"height\":1000,\"caption\":\"anchor chain\"},{\"@type\":\"BreadcrumbList\",\"@id\":\"https:\/\/qingdaohf.com\/product\/anchor-chain\/#breadcrumb\",\"itemListElement\":[{\"@type\":\"ListItem\",\"position\":1,\"name\":\"Home\",\"item\":\"https:\/\/qingdaohf.com\/\"},{\"@type\":\"ListItem\",\"position\":2,\"name\":\"Concrete Forming Accessories and Rigging Hardware\",\"item\":\"https:\/\/qingdaohf.com\/bg\/?page_id=944\"},{\"@type\":\"ListItem\",\"position\":3,\"name\":\"Marine Anchor Chain Mooring Chain\"}]},{\"@type\":\"WebSite\",\"@id\":\"https:\/\/qingdaohf.com\/bg\/#website\",\"url\":\"https:\/\/qingdaohf.com\/bg\/\",\"name\":\"Concrete Form & Rigging Hardware Supplier\",\"description\":\"\",\"publisher\":{\"@id\":\"https:\/\/qingdaohf.com\/bg\/#organization\"},\"potentialAction\":[{\"@type\":\"SearchAction\",\"target\":{\"@type\":\"EntryPoint\",\"urlTemplate\":\"https:\/\/qingdaohf.com\/bg\/?s={search_term_string}\"},\"query-input\":{\"@type\":\"PropertyValueSpecification\",\"valueRequired\":true,\"valueName\":\"search_term_string\"}}],\"inLanguage\":\"lt-LT\"},{\"@type\":\"Organization\",\"@id\":\"https:\/\/qingdaohf.com\/bg\/#organization\",\"name\":\"Qingdao H&F\",\"url\":\"https:\/\/qingdaohf.com\/bg\/\",\"logo\":{\"@type\":\"ImageObject\",\"inLanguage\":\"lt-LT\",\"@id\":\"https:\/\/qingdaohf.com\/bg\/#\/schema\/logo\/image\/\",\"url\":\"https:\/\/qingdaohf.com\/wp-content\/uploads\/2022\/12\/cropped-HF-LOGO.png\",\"contentUrl\":\"https:\/\/qingdaohf.com\/wp-content\/uploads\/2022\/12\/cropped-HF-LOGO.png\",\"width\":391,\"height\":249,\"caption\":\"Qingdao H&F\"},\"image\":{\"@id\":\"https:\/\/qingdaohf.com\/bg\/#\/schema\/logo\/image\/\"},\"sameAs\":[\"https:\/\/www.facebook.com\/qingdaohf\"]}]}<\/script>\n<!-- \/ Yoast SEO plugin. -->","yoast_head_json":{"title":"Marine Anchor Chain Mooring Chain","description":"The anchor chain is an essential component of maritime equipment used in anchoring and securing a vessel.","robots":{"index":"index","follow":"follow","max-snippet":"max-snippet:-1","max-image-preview":"max-image-preview:large","max-video-preview":"max-video-preview:-1"},"canonical":"https:\/\/qingdaohf.com\/lt\/produktas\/inkaro-grandine\/","og_locale":"lt_LT","og_type":"article","og_title":"Marine Anchor Chain Mooring Chain","og_description":"The anchor chain is an essential component of maritime equipment used in anchoring and securing a vessel.","og_url":"https:\/\/qingdaohf.com\/lt\/produktas\/inkaro-grandine\/","og_site_name":"Concrete Form &amp; Rigging Hardware Supplier","article_publisher":"https:\/\/www.facebook.com\/qingdaohf","article_modified_time":"2025-11-13T01:05:13+00:00","og_image":[{"width":1000,"height":1000,"url":"https:\/\/qingdaohf.com\/wp-content\/uploads\/2023\/04\/anchor-chain-2-2.jpg","type":"image\/jpeg"}],"twitter_card":"summary_large_image","twitter_misc":{"Est. reading time":"5 minut\u0117s"},"schema":{"@context":"https:\/\/schema.org","@graph":[{"@type":"WebPage","@id":"https:\/\/qingdaohf.com\/product\/anchor-chain\/","url":"https:\/\/qingdaohf.com\/product\/anchor-chain\/","name":"Marine Anchor Chain Mooring Chain","isPartOf":{"@id":"https:\/\/qingdaohf.com\/bg\/#website"},"primaryImageOfPage":{"@id":"https:\/\/qingdaohf.com\/product\/anchor-chain\/#primaryimage"},"image":{"@id":"https:\/\/qingdaohf.com\/product\/anchor-chain\/#primaryimage"},"thumbnailUrl":"https:\/\/qingdaohf.com\/wp-content\/uploads\/2023\/04\/anchor-chain-2-2.jpg","datePublished":"2023-04-10T10:57:14+00:00","dateModified":"2025-11-13T01:05:13+00:00","description":"The anchor chain is an essential component of maritime equipment used in anchoring and securing a vessel.","breadcrumb":{"@id":"https:\/\/qingdaohf.com\/product\/anchor-chain\/#breadcrumb"},"inLanguage":"lt-LT","potentialAction":[{"@type":"ReadAction","target":["https:\/\/qingdaohf.com\/product\/anchor-chain\/"]}]},{"@type":"ImageObject","inLanguage":"lt-LT","@id":"https:\/\/qingdaohf.com\/product\/anchor-chain\/#primaryimage","url":"https:\/\/qingdaohf.com\/wp-content\/uploads\/2023\/04\/anchor-chain-2-2.jpg","contentUrl":"https:\/\/qingdaohf.com\/wp-content\/uploads\/2023\/04\/anchor-chain-2-2.jpg","width":1000,"height":1000,"caption":"anchor chain"},{"@type":"BreadcrumbList","@id":"https:\/\/qingdaohf.com\/product\/anchor-chain\/#breadcrumb","itemListElement":[{"@type":"ListItem","position":1,"name":"Home","item":"https:\/\/qingdaohf.com\/"},{"@type":"ListItem","position":2,"name":"Concrete Forming Accessories and Rigging Hardware","item":"https:\/\/qingdaohf.com\/bg\/?page_id=944"},{"@type":"ListItem","position":3,"name":"Marine Anchor Chain Mooring Chain"}]},{"@type":"WebSite","@id":"https:\/\/qingdaohf.com\/bg\/#website","url":"https:\/\/qingdaohf.com\/bg\/","name":"Concrete Form & Rigging Hardware Supplier","description":"","publisher":{"@id":"https:\/\/qingdaohf.com\/bg\/#organization"},"potentialAction":[{"@type":"SearchAction","target":{"@type":"EntryPoint","urlTemplate":"https:\/\/qingdaohf.com\/bg\/?s={search_term_string}"},"query-input":{"@type":"PropertyValueSpecification","valueRequired":true,"valueName":"search_term_string"}}],"inLanguage":"lt-LT"},{"@type":"Organization","@id":"https:\/\/qingdaohf.com\/bg\/#organization","name":"Qingdao H&F","url":"https:\/\/qingdaohf.com\/bg\/","logo":{"@type":"ImageObject","inLanguage":"lt-LT","@id":"https:\/\/qingdaohf.com\/bg\/#\/schema\/logo\/image\/","url":"https:\/\/qingdaohf.com\/wp-content\/uploads\/2022\/12\/cropped-HF-LOGO.png","contentUrl":"https:\/\/qingdaohf.com\/wp-content\/uploads\/2022\/12\/cropped-HF-LOGO.png","width":391,"height":249,"caption":"Qingdao H&F"},"image":{"@id":"https:\/\/qingdaohf.com\/bg\/#\/schema\/logo\/image\/"},"sameAs":["https:\/\/www.facebook.com\/qingdaohf"]}]}},"_links":{"self":[{"href":"https:\/\/qingdaohf.com\/lt\/wp-json\/wp\/v2\/product\/3549","targetHints":{"allow":["GET"]}}],"collection":[{"href":"https:\/\/qingdaohf.com\/lt\/wp-json\/wp\/v2\/product"}],"about":[{"href":"https:\/\/qingdaohf.com\/lt\/wp-json\/wp\/v2\/types\/product"}],"replies":[{"embeddable":true,"href":"https:\/\/qingdaohf.com\/lt\/wp-json\/wp\/v2\/comments?post=3549"}],"version-history":[{"count":8,"href":"https:\/\/qingdaohf.com\/lt\/wp-json\/wp\/v2\/product\/3549\/revisions"}],"predecessor-version":[{"id":8096,"href":"https:\/\/qingdaohf.com\/lt\/wp-json\/wp\/v2\/product\/3549\/revisions\/8096"}],"wp:featuredmedia":[{"embeddable":true,"href":"https:\/\/qingdaohf.com\/lt\/wp-json\/wp\/v2\/media\/4709"}],"wp:attachment":[{"href":"https:\/\/qingdaohf.com\/lt\/wp-json\/wp\/v2\/media?parent=3549"}],"wp:term":[{"taxonomy":"product_brand","embeddable":true,"href":"https:\/\/qingdaohf.com\/lt\/wp-json\/wp\/v2\/product_brand?post=3549"},{"taxonomy":"product_cat","embeddable":true,"href":"https:\/\/qingdaohf.com\/lt\/wp-json\/wp\/v2\/product_cat?post=3549"},{"taxonomy":"product_tag","embeddable":true,"href":"https:\/\/qingdaohf.com\/lt\/wp-json\/wp\/v2\/product_tag?post=3549"}],"curies":[{"name":"wp","href":"https:\/\/api.w.org\/{rel}","templated":true}]}}