{"id":3822,"date":"2023-05-19T16:36:58","date_gmt":"2023-05-19T08:36:58","guid":{"rendered":"http:\/\/qingdaohf.com\/?post_type=product&#038;p=3822"},"modified":"2025-11-13T09:05:11","modified_gmt":"2025-11-13T01:05:11","slug":"g215-shackle","status":"publish","type":"product","link":"https:\/\/qingdaohf.com\/lt\/produktas\/g213-g215-cinkuota-sagtis\/","title":{"rendered":"G215 cinkuota sagtis"},"content":{"rendered":"<p class=\"\" data-start=\"525\" data-end=\"1183\">G215 apkaba yra tvirtos in\u017einerijos ir rafinuoto meistri\u0161kumo derinys, pritaikytas \u012fvairioms pramonin\u0117ms reikm\u0117ms. \u0160is gaminys, pagamintas skiriant kruop\u0161t\u0173 d\u0117mes\u012f detal\u0117ms, sukurtas laikantis grie\u017et\u0173 kokyb\u0117s kontrol\u0117s standart\u0173 ir kartu yra prakti\u0161kas sprendimas sud\u0117tingiems tvirtinimo poreikiams tenkinti. Sukurtas d\u0117l atsparumo, G215 kablys pasi\u017eymi i\u0161skirtine pusiausvyra tarp apkrov\u0105 laikan\u010dio stiprumo ir veiklos efektyvumo, tod\u0117l sprend\u017eia \u012fvairius sunkiems darbams kylan\u010dius i\u0161\u0161\u016bkius. Jo konstrukcija atspindi naujausius med\u017eiag\u0173 mokslo pasiekimus, tod\u0117l kiekvienas \u012frenginys patikimai veikia nepalankiomis s\u0105lygomis.<\/p>\n<h2 class=\"\" data-start=\"1185\" data-end=\"1223\">Specifikacijos ir dizaino detal\u0117s<\/h2>\n<p class=\"\" data-start=\"1224\" data-end=\"1898\">\u0160is takela\u017eo priedas pagamintas daugiausia i\u0161 auk\u0161\u010diausios kokyb\u0117s legiruotojo plieno, kuris ne tik u\u017etikrina puik\u0173 tvirtumo ir svorio santyk\u012f, bet ir yra itin atsparus dilimui ir korozijai. G215 kablys tiksliai suprojektuotas taip, kad atitikt\u0173 tam tikr\u0105 apkrovos gali\u0105, atitinkan\u010di\u0105 \u012fvairius darbo reikalavimus. Jos matmenys ir leistini nuokrypiai buvo kruop\u0161\u010diai i\u0161bandyti ir patobulinti, tod\u0117l u\u017etikrinama, kad kablys veikt\u0173 optimaliai net ir veikiamas pasikartojan\u010di\u0173 ir dideli\u0173 apkrov\u0173. \u0160io gaminio in\u017einerijoje panaudoti pa\u017eang\u016bs konstrukciniai elementai, kurie suma\u017eina bet koki\u0105 galim\u0105 deformacij\u0105 veikiant apkrovai, taip padidindami bendr\u0105 saugum\u0105 ir veiklos nuoseklum\u0105.<\/p>\n<h2 class=\"\" data-start=\"1900\" data-end=\"1940\">Med\u017eiagos sud\u0117tis ir patvarumas<\/h2>\n<p class=\"\" data-start=\"1941\" data-end=\"2764\">G215 apkabos na\u0161umo pagrindas yra jos auk\u0161\u010diausios kokyb\u0117s med\u017eiagos sud\u0117tis. Gamyboje naudojamas auk\u0161tos kokyb\u0117s legiruotasis plienas pasirinktas d\u0117l i\u0161skirtini\u0173 mechanini\u0173 savybi\u0173, \u012fskaitant didel\u012f tempimo stipr\u012f ir atsparum\u0105 aplinkos poveikiui. Toks med\u017eiagos pasirinkimas lemia \u012fsp\u016bding\u0105 kab\u0117s patvarum\u0105 ir ilgaam\u017ei\u0161kum\u0105, net ir esant nepastovioms oro s\u0105lygoms bei at\u0161iaurioms pramonin\u0117ms s\u0105lygoms. \u0160iuolaikiniais metalurgijos metodais patobulinta med\u017eiaga ne tik atitinka tarptautinius standartus, bet ir juos vir\u0161ija, tod\u0117l sagtis turi daugyb\u0119 sertifikat\u0173, patvirtinan\u010di\u0173 jos kokyb\u0119 ir patikimum\u0105. Grie\u017eti kokyb\u0117s kontrol\u0117s bandymai, kuriuos atlieka akredituotos \u012fstaigos, dar kart\u0105 patvirtina, kad apkaba gali i\u0161laikyti savo savybes ilg\u0105 naudojimo laikotarp\u012f.<\/p>\n<h2 class=\"\" data-start=\"2766\" data-end=\"2799\">Taikymas ir naudojimas pramon\u0117je<\/h2>\n<p class=\"\" data-start=\"2800\" data-end=\"3604\">G215 kab\u0117s universalum\u0105 rodo platus jos pritaikymo \u012fvairiose pramon\u0117s \u0161akose spektras. Statyb\u0173, j\u016br\u0173 operacij\u0173 ir sunkiosios technikos sektori\u0173 specialistai pasteb\u0117jo, kad naujovi\u0161ka konstrukcija veiksmingai sprend\u017eia svarbiausias saugos problemas ir darbo reikalavimus. Tiksli jos konstrukcija leid\u017eia skland\u017eiai integruoti j\u0105 su kitais takela\u017eo komponentais, taip supaprastinant procesus ir suma\u017einant gedimo rizik\u0105 atliekant intensyvias u\u017eduotis. Scenarijuose, kuriuose patikimumas yra svarbiausias, G215 kablys i\u0161siskiria kaip gaminys, u\u017etikrinantis ir saugum\u0105, ir efektyvum\u0105. Tvirta gaminio konstrukcija ir atitiktis pasauliniams standartams suteikia naudotojams garantij\u0105, kad jis gali susidoroti su \u012fvairiais i\u0161\u0161\u016bkiais - nuo \u012fprast\u0173 operacij\u0173 iki sud\u0117tingiausi\u0173 pramonini\u0173 projekt\u0173.<\/p>\n<p><img fetchpriority=\"high\" decoding=\"async\" class=\"alignnone size-full wp-image-3828\" src=\"http:\/\/qingdaohf.com\/wp-content\/uploads\/2023\/05\/G213-G215.jpg\" alt=\"G213 G215 kablys\" width=\"1000\" height=\"1281\" srcset=\"https:\/\/qingdaohf.com\/wp-content\/uploads\/2023\/05\/G213-G215.jpg 1000w, https:\/\/qingdaohf.com\/wp-content\/uploads\/2023\/05\/G213-G215-234x300.jpg 234w, https:\/\/qingdaohf.com\/wp-content\/uploads\/2023\/05\/G213-G215-799x1024.jpg 799w, https:\/\/qingdaohf.com\/wp-content\/uploads\/2023\/05\/G213-G215-768x984.jpg 768w\" sizes=\"(max-width: 1000px) 100vw, 1000px\" \/><\/p>\n<h2 class=\"\" data-start=\"3606\" data-end=\"3644\">Partneryst\u0117s su \"H&amp;F\" privalumai<\/h2>\n<p class=\"\" data-start=\"3645\" data-end=\"4834\">Kai kalbama apie patikimos takela\u017eo \u012frangos \u012fsigijim\u0105, partneryst\u0117 su \"H&amp;F\" suteikia bendrovei i\u0161skirtini\u0173 privalum\u0173. Pirk\u0117jai palankiai vertina visapusi\u0161k\u0105 param\u0105 - nuo galimyb\u0117s gauti nemokam\u0173 pavyzd\u017ei\u0173 iki individualaus klient\u0173 aptarnavimo, kai atsi\u017evelgiama \u012f individualius reikalavimus. H&amp;F \u012fsipareigojimas u\u017etikrinti kokyb\u0119 ir aptarnavim\u0105 akivaizdus ir d\u0117l pristatymo nuo dur\u0173 iki dur\u0173 galimyb\u0117s, kuri u\u017etikrina, kad gaminiai b\u016bt\u0173 pristatyti laiku ir saugiai. Nors daugelis gamini\u0173 gaunami i\u0161 i\u0161or\u0117s k\u016br\u0117j\u0173, \"H&amp;F\" taiko grie\u017et\u0105 tikrinimo proces\u0105 ir kokyb\u0117s kontrol\u0117s re\u017eim\u0105, kuris u\u017etikrina, kad kiekvienas \u012frenginys atitikt\u0173 reikiamus sertifikatus. Aktyvus bendrov\u0117s po\u017ei\u016bris \u012f klient\u0173 aptarnavim\u0105 ir siekis palengvinti individuali\u0173 sprendim\u0173 pri\u0117mim\u0105 padeda kurti ilgalaikius santykius, pagr\u012fstus pasitik\u0117jimu ir abipuse s\u0117kme. Klientai kvie\u010diami susipa\u017einti su ekspert\u0173 patarim\u0173 ir naujovi\u0161k\u0173 gamini\u0173, kurie supaprastina pramoninio takela\u017e\u0173 \u012frengimo sud\u0117tingum\u0105, deriniu. \u0160is atsidavimas meistri\u0161kumui atsispindi kiekviename aptarnavimo aspekte, u\u017etikrinant, kad klientai gaut\u0173 ne tik auk\u0161tos kokyb\u0117s gamin\u012f, pavyzd\u017eiui, G215 Shackle, bet ir visapusi\u0161k\u0105 paramos sistem\u0105, kuri didina bendr\u0105 veiklos efektyvum\u0105.<\/p>\n<p class=\"\" data-start=\"4836\" data-end=\"5432\">I\u0161samioje G215 apkabos analiz\u0117je pabr\u0117\u017eiama, kad ji pasi\u017eymi auk\u0161\u010diausios kokyb\u0117s in\u017einerija, i\u0161skirtine med\u017eiag\u0173 kokybe ir grie\u017et\u0173 kokyb\u0117s standart\u0173 laikymusi. D\u0117l tikslios konstrukcijos j\u0105 renkasi patikimumo ir na\u0161umo reikalaujan\u010di\u0173 sektori\u0173 profesionalai. Be to, H&amp;F si\u016blomi strateginiai privalumai, \u012fskaitant individual\u0173 klient\u0173 aptarnavim\u0105 ir efektyvias pristatymo sistemas, sustiprina \u0161io gaminio pasirinkimo vert\u0119. Akcentuodamas saugum\u0105, ilgaam\u017ei\u0161kum\u0105 ir \u012f klientus orientuot\u0105 aptarnavim\u0105, G215 Shackle yra patikimas sprendimas \u0161iuolaikin\u0117je pramon\u0117je.<\/p>","protected":false},"excerpt":{"rendered":"<p>\"G215 Shackle\" yra tiksliai suprojektuotas takeliavimo \u012frangos priedas, kruop\u0161\u010diai sukurtas darbui sunkiomis s\u0105lygomis. Pagaminta i\u0161 auk\u0161tos kokyb\u0117s legiruotojo plieno ir grie\u017etai i\u0161bandyta d\u0117l kokyb\u0117s ir saugumo, \u0161i kab\u0117 pasi\u017eymi i\u0161skirtiniu patvarumu ir patikimumu sud\u0117tingoje pramonin\u0117je aplinkoje. D\u0117l universalios konstrukcijos ir grie\u017eto tarptautini\u0173 sertifikat\u0173 laikymosi tai idealus pasirinkimas profesionalams, ie\u0161kantiems patikimo veikimo ir individuali\u0173 sprendim\u0173.<\/p>","protected":false},"featured_media":6333,"comment_status":"open","ping_status":"closed","template":"","meta":{"site-sidebar-layout":"default","site-content-layout":"default","ast-site-content-layout":"default","site-content-style":"default","site-sidebar-style":"default","ast-global-header-display":"","ast-banner-title-visibility":"","ast-main-header-display":"","ast-hfb-above-header-display":"","ast-hfb-below-header-display":"","ast-hfb-mobile-header-display":"","site-post-title":"","ast-breadcrumbs-content":"","ast-featured-img":"","footer-sml-layout":"","theme-transparent-header-meta":"default","adv-header-id-meta":"","stick-header-meta":"default","header-above-stick-meta":"","header-main-stick-meta":"","header-below-stick-meta":"","astra-migrate-meta-layouts":"set","ast-page-background-enabled":"default","ast-page-background-meta":{"desktop":{"background-color":"","background-image":"","background-repeat":"repeat","background-position":"center center","background-size":"auto","background-attachment":"scroll","background-type":"","background-media":"","overlay-type":"","overlay-color":"","overlay-opacity":"","overlay-gradient":""},"tablet":{"background-color":"","background-image":"","background-repeat":"repeat","background-position":"center center","background-size":"auto","background-attachment":"scroll","background-type":"","background-media":"","overlay-type":"","overlay-color":"","overlay-opacity":"","overlay-gradient":""},"mobile":{"background-color":"","background-image":"","background-repeat":"repeat","background-position":"center center","background-size":"auto","background-attachment":"scroll","background-type":"","background-media":"","overlay-type":"","overlay-color":"","overlay-opacity":"","overlay-gradient":""}},"ast-content-background-meta":{"desktop":{"background-color":"var(--ast-global-color-5)","background-image":"","background-repeat":"repeat","background-position":"center center","background-size":"auto","background-attachment":"scroll","background-type":"","background-media":"","overlay-type":"","overlay-color":"","overlay-opacity":"","overlay-gradient":""},"tablet":{"background-color":"var(--ast-global-color-5)","background-image":"","background-repeat":"repeat","background-position":"center center","background-size":"auto","background-attachment":"scroll","background-type":"","background-media":"","overlay-type":"","overlay-color":"","overlay-opacity":"","overlay-gradient":""},"mobile":{"background-color":"var(--ast-global-color-5)","background-image":"","background-repeat":"repeat","background-position":"center center","background-size":"auto","background-attachment":"scroll","background-type":"","background-media":"","overlay-type":"","overlay-color":"","overlay-opacity":"","overlay-gradient":""}}},"product_brand":[],"product_cat":[43,54],"product_tag":[],"class_list":{"0":"post-3822","1":"product","2":"type-product","3":"status-publish","4":"has-post-thumbnail","6":"product_cat-rigging-hardware","7":"product_cat-shackle","8":"desktop-align-left","9":"tablet-align-left","10":"mobile-align-left","11":"ast-product-gallery-layout-horizontal-slider","12":"ast-product-gallery-with-no-image","13":"ast-product-tabs-layout-horizontal","15":"first","16":"instock","17":"shipping-taxable","18":"purchasable","19":"product-type-simple"},"yoast_head":"<!-- This site is optimized with the Yoast SEO plugin v25.2 - https:\/\/yoast.com\/wordpress\/plugins\/seo\/ -->\n<title>G215 Galvanized Shackle<\/title>\n<meta name=\"description\" content=\"The G213 Galvanized Shackle and G215 Galvanized Shackle are two types of shackles commonly used in rigging and lifting operations. These shackles provide a secure connection point between various components such as chains, slings, and wire ropes.\" \/>\n<meta name=\"robots\" content=\"index, follow, max-snippet:-1, max-image-preview:large, max-video-preview:-1\" \/>\n<link rel=\"canonical\" href=\"https:\/\/qingdaohf.com\/lt\/produktas\/g213-g215-cinkuota-sagtis\/\" \/>\n<meta property=\"og:locale\" content=\"lt_LT\" \/>\n<meta property=\"og:type\" content=\"article\" \/>\n<meta property=\"og:title\" content=\"G215 Galvanized Shackle\" \/>\n<meta property=\"og:description\" content=\"The G213 Galvanized Shackle and G215 Galvanized Shackle are two types of shackles commonly used in rigging and lifting operations. These shackles provide a secure connection point between various components such as chains, slings, and wire ropes.\" \/>\n<meta property=\"og:url\" content=\"https:\/\/qingdaohf.com\/lt\/produktas\/g213-g215-cinkuota-sagtis\/\" \/>\n<meta property=\"og:site_name\" content=\"Concrete Form &amp; Rigging Hardware Supplier\" \/>\n<meta property=\"article:publisher\" content=\"https:\/\/www.facebook.com\/qingdaohf\" \/>\n<meta property=\"article:modified_time\" content=\"2025-11-13T01:05:11+00:00\" \/>\n<meta property=\"og:image\" content=\"https:\/\/qingdaohf.com\/wp-content\/uploads\/2023\/05\/shackle-G215.jpg\" \/>\n\t<meta property=\"og:image:width\" content=\"1000\" \/>\n\t<meta property=\"og:image:height\" content=\"1000\" \/>\n\t<meta property=\"og:image:type\" content=\"image\/jpeg\" \/>\n<meta name=\"twitter:card\" content=\"summary_large_image\" \/>\n<meta name=\"twitter:label1\" content=\"Est. reading time\" \/>\n\t<meta name=\"twitter:data1\" content=\"4 minut\u0117s\" \/>\n<script type=\"application\/ld+json\" class=\"yoast-schema-graph\">{\"@context\":\"https:\/\/schema.org\",\"@graph\":[{\"@type\":\"WebPage\",\"@id\":\"https:\/\/qingdaohf.com\/product\/g215-shackle\/\",\"url\":\"https:\/\/qingdaohf.com\/product\/g215-shackle\/\",\"name\":\"G215 Galvanized Shackle\",\"isPartOf\":{\"@id\":\"https:\/\/qingdaohf.com\/bg\/#website\"},\"primaryImageOfPage\":{\"@id\":\"https:\/\/qingdaohf.com\/product\/g215-shackle\/#primaryimage\"},\"image\":{\"@id\":\"https:\/\/qingdaohf.com\/product\/g215-shackle\/#primaryimage\"},\"thumbnailUrl\":\"https:\/\/qingdaohf.com\/wp-content\/uploads\/2023\/05\/shackle-G215.jpg\",\"datePublished\":\"2023-05-19T08:36:58+00:00\",\"dateModified\":\"2025-11-13T01:05:11+00:00\",\"description\":\"The G213 Galvanized Shackle and G215 Galvanized Shackle are two types of shackles commonly used in rigging and lifting operations. These shackles provide a secure connection point between various components such as chains, slings, and wire ropes.\",\"breadcrumb\":{\"@id\":\"https:\/\/qingdaohf.com\/product\/g215-shackle\/#breadcrumb\"},\"inLanguage\":\"lt-LT\",\"potentialAction\":[{\"@type\":\"ReadAction\",\"target\":[\"https:\/\/qingdaohf.com\/product\/g215-shackle\/\"]}]},{\"@type\":\"ImageObject\",\"inLanguage\":\"lt-LT\",\"@id\":\"https:\/\/qingdaohf.com\/product\/g215-shackle\/#primaryimage\",\"url\":\"https:\/\/qingdaohf.com\/wp-content\/uploads\/2023\/05\/shackle-G215.jpg\",\"contentUrl\":\"https:\/\/qingdaohf.com\/wp-content\/uploads\/2023\/05\/shackle-G215.jpg\",\"width\":1000,\"height\":1000,\"caption\":\"shackle G215\"},{\"@type\":\"BreadcrumbList\",\"@id\":\"https:\/\/qingdaohf.com\/product\/g215-shackle\/#breadcrumb\",\"itemListElement\":[{\"@type\":\"ListItem\",\"position\":1,\"name\":\"Home\",\"item\":\"https:\/\/qingdaohf.com\/\"},{\"@type\":\"ListItem\",\"position\":2,\"name\":\"Concrete Forming Accessories and Rigging Hardware\",\"item\":\"https:\/\/qingdaohf.com\/bg\/?page_id=944\"},{\"@type\":\"ListItem\",\"position\":3,\"name\":\"G215 Galvanized Shackle\"}]},{\"@type\":\"WebSite\",\"@id\":\"https:\/\/qingdaohf.com\/bg\/#website\",\"url\":\"https:\/\/qingdaohf.com\/bg\/\",\"name\":\"Concrete Form & Rigging Hardware Supplier\",\"description\":\"\",\"publisher\":{\"@id\":\"https:\/\/qingdaohf.com\/bg\/#organization\"},\"potentialAction\":[{\"@type\":\"SearchAction\",\"target\":{\"@type\":\"EntryPoint\",\"urlTemplate\":\"https:\/\/qingdaohf.com\/bg\/?s={search_term_string}\"},\"query-input\":{\"@type\":\"PropertyValueSpecification\",\"valueRequired\":true,\"valueName\":\"search_term_string\"}}],\"inLanguage\":\"lt-LT\"},{\"@type\":\"Organization\",\"@id\":\"https:\/\/qingdaohf.com\/bg\/#organization\",\"name\":\"Qingdao H&F\",\"url\":\"https:\/\/qingdaohf.com\/bg\/\",\"logo\":{\"@type\":\"ImageObject\",\"inLanguage\":\"lt-LT\",\"@id\":\"https:\/\/qingdaohf.com\/bg\/#\/schema\/logo\/image\/\",\"url\":\"https:\/\/qingdaohf.com\/wp-content\/uploads\/2022\/12\/cropped-HF-LOGO.png\",\"contentUrl\":\"https:\/\/qingdaohf.com\/wp-content\/uploads\/2022\/12\/cropped-HF-LOGO.png\",\"width\":391,\"height\":249,\"caption\":\"Qingdao H&F\"},\"image\":{\"@id\":\"https:\/\/qingdaohf.com\/bg\/#\/schema\/logo\/image\/\"},\"sameAs\":[\"https:\/\/www.facebook.com\/qingdaohf\"]}]}<\/script>\n<!-- \/ Yoast SEO plugin. -->","yoast_head_json":{"title":"G215 Galvanized Shackle","description":"The G213 Galvanized Shackle and G215 Galvanized Shackle are two types of shackles commonly used in rigging and lifting operations. These shackles provide a secure connection point between various components such as chains, slings, and wire ropes.","robots":{"index":"index","follow":"follow","max-snippet":"max-snippet:-1","max-image-preview":"max-image-preview:large","max-video-preview":"max-video-preview:-1"},"canonical":"https:\/\/qingdaohf.com\/lt\/produktas\/g213-g215-cinkuota-sagtis\/","og_locale":"lt_LT","og_type":"article","og_title":"G215 Galvanized Shackle","og_description":"The G213 Galvanized Shackle and G215 Galvanized Shackle are two types of shackles commonly used in rigging and lifting operations. These shackles provide a secure connection point between various components such as chains, slings, and wire ropes.","og_url":"https:\/\/qingdaohf.com\/lt\/produktas\/g213-g215-cinkuota-sagtis\/","og_site_name":"Concrete Form &amp; Rigging Hardware Supplier","article_publisher":"https:\/\/www.facebook.com\/qingdaohf","article_modified_time":"2025-11-13T01:05:11+00:00","og_image":[{"width":1000,"height":1000,"url":"https:\/\/qingdaohf.com\/wp-content\/uploads\/2023\/05\/shackle-G215.jpg","type":"image\/jpeg"}],"twitter_card":"summary_large_image","twitter_misc":{"Est. reading time":"4 minut\u0117s"},"schema":{"@context":"https:\/\/schema.org","@graph":[{"@type":"WebPage","@id":"https:\/\/qingdaohf.com\/product\/g215-shackle\/","url":"https:\/\/qingdaohf.com\/product\/g215-shackle\/","name":"G215 Galvanized Shackle","isPartOf":{"@id":"https:\/\/qingdaohf.com\/bg\/#website"},"primaryImageOfPage":{"@id":"https:\/\/qingdaohf.com\/product\/g215-shackle\/#primaryimage"},"image":{"@id":"https:\/\/qingdaohf.com\/product\/g215-shackle\/#primaryimage"},"thumbnailUrl":"https:\/\/qingdaohf.com\/wp-content\/uploads\/2023\/05\/shackle-G215.jpg","datePublished":"2023-05-19T08:36:58+00:00","dateModified":"2025-11-13T01:05:11+00:00","description":"The G213 Galvanized Shackle and G215 Galvanized Shackle are two types of shackles commonly used in rigging and lifting operations. These shackles provide a secure connection point between various components such as chains, slings, and wire ropes.","breadcrumb":{"@id":"https:\/\/qingdaohf.com\/product\/g215-shackle\/#breadcrumb"},"inLanguage":"lt-LT","potentialAction":[{"@type":"ReadAction","target":["https:\/\/qingdaohf.com\/product\/g215-shackle\/"]}]},{"@type":"ImageObject","inLanguage":"lt-LT","@id":"https:\/\/qingdaohf.com\/product\/g215-shackle\/#primaryimage","url":"https:\/\/qingdaohf.com\/wp-content\/uploads\/2023\/05\/shackle-G215.jpg","contentUrl":"https:\/\/qingdaohf.com\/wp-content\/uploads\/2023\/05\/shackle-G215.jpg","width":1000,"height":1000,"caption":"shackle G215"},{"@type":"BreadcrumbList","@id":"https:\/\/qingdaohf.com\/product\/g215-shackle\/#breadcrumb","itemListElement":[{"@type":"ListItem","position":1,"name":"Home","item":"https:\/\/qingdaohf.com\/"},{"@type":"ListItem","position":2,"name":"Concrete Forming Accessories and Rigging Hardware","item":"https:\/\/qingdaohf.com\/bg\/?page_id=944"},{"@type":"ListItem","position":3,"name":"G215 Galvanized Shackle"}]},{"@type":"WebSite","@id":"https:\/\/qingdaohf.com\/bg\/#website","url":"https:\/\/qingdaohf.com\/bg\/","name":"Concrete Form & Rigging Hardware Supplier","description":"","publisher":{"@id":"https:\/\/qingdaohf.com\/bg\/#organization"},"potentialAction":[{"@type":"SearchAction","target":{"@type":"EntryPoint","urlTemplate":"https:\/\/qingdaohf.com\/bg\/?s={search_term_string}"},"query-input":{"@type":"PropertyValueSpecification","valueRequired":true,"valueName":"search_term_string"}}],"inLanguage":"lt-LT"},{"@type":"Organization","@id":"https:\/\/qingdaohf.com\/bg\/#organization","name":"Qingdao H&F","url":"https:\/\/qingdaohf.com\/bg\/","logo":{"@type":"ImageObject","inLanguage":"lt-LT","@id":"https:\/\/qingdaohf.com\/bg\/#\/schema\/logo\/image\/","url":"https:\/\/qingdaohf.com\/wp-content\/uploads\/2022\/12\/cropped-HF-LOGO.png","contentUrl":"https:\/\/qingdaohf.com\/wp-content\/uploads\/2022\/12\/cropped-HF-LOGO.png","width":391,"height":249,"caption":"Qingdao H&F"},"image":{"@id":"https:\/\/qingdaohf.com\/bg\/#\/schema\/logo\/image\/"},"sameAs":["https:\/\/www.facebook.com\/qingdaohf"]}]}},"_links":{"self":[{"href":"https:\/\/qingdaohf.com\/lt\/wp-json\/wp\/v2\/product\/3822","targetHints":{"allow":["GET"]}}],"collection":[{"href":"https:\/\/qingdaohf.com\/lt\/wp-json\/wp\/v2\/product"}],"about":[{"href":"https:\/\/qingdaohf.com\/lt\/wp-json\/wp\/v2\/types\/product"}],"replies":[{"embeddable":true,"href":"https:\/\/qingdaohf.com\/lt\/wp-json\/wp\/v2\/comments?post=3822"}],"version-history":[{"count":2,"href":"https:\/\/qingdaohf.com\/lt\/wp-json\/wp\/v2\/product\/3822\/revisions"}],"predecessor-version":[{"id":9455,"href":"https:\/\/qingdaohf.com\/lt\/wp-json\/wp\/v2\/product\/3822\/revisions\/9455"}],"wp:featuredmedia":[{"embeddable":true,"href":"https:\/\/qingdaohf.com\/lt\/wp-json\/wp\/v2\/media\/6333"}],"wp:attachment":[{"href":"https:\/\/qingdaohf.com\/lt\/wp-json\/wp\/v2\/media?parent=3822"}],"wp:term":[{"taxonomy":"product_brand","embeddable":true,"href":"https:\/\/qingdaohf.com\/lt\/wp-json\/wp\/v2\/product_brand?post=3822"},{"taxonomy":"product_cat","embeddable":true,"href":"https:\/\/qingdaohf.com\/lt\/wp-json\/wp\/v2\/product_cat?post=3822"},{"taxonomy":"product_tag","embeddable":true,"href":"https:\/\/qingdaohf.com\/lt\/wp-json\/wp\/v2\/product_tag?post=3822"}],"curies":[{"name":"wp","href":"https:\/\/api.w.org\/{rel}","templated":true}]}}