{"id":4078,"date":"2024-01-19T09:59:32","date_gmt":"2024-01-19T01:59:32","guid":{"rendered":"http:\/\/qingdaohf.com\/?post_type=product&#038;p=4078"},"modified":"2025-11-13T09:03:39","modified_gmt":"2025-11-13T01:03:39","slug":"fist-grip","status":"publish","type":"product","link":"https:\/\/qingdaohf.com\/lt\/produktas\/kumscio-suemimas\/","title":{"rendered":"Kum\u0161\u010dio rankenos spaustuvai"},"content":{"rendered":"<p><img fetchpriority=\"high\" decoding=\"async\" class=\"alignnone size-full wp-image-6350\" src=\"http:\/\/qingdaohf.com\/wp-content\/uploads\/2023\/05\/fist-grip.jpg\" alt=\"\" width=\"302\" height=\"298\" srcset=\"https:\/\/qingdaohf.com\/wp-content\/uploads\/2023\/05\/fist-grip.jpg 302w, https:\/\/qingdaohf.com\/wp-content\/uploads\/2023\/05\/fist-grip-300x296.jpg 300w, https:\/\/qingdaohf.com\/wp-content\/uploads\/2023\/05\/fist-grip-100x100.jpg 100w\" sizes=\"(max-width: 302px) 100vw, 302px\" \/> <img decoding=\"async\" class=\"alignnone size-full wp-image-6351\" src=\"http:\/\/qingdaohf.com\/wp-content\/uploads\/2023\/05\/fist-grip-2.jpg\" alt=\"kum\u0161\u010dio rankena\" width=\"273\" height=\"186\" \/><\/p>\n<p><img decoding=\"async\" class=\"alignnone size-full wp-image-6606\" src=\"http:\/\/qingdaohf.com\/wp-content\/uploads\/2024\/01\/Fist-Grip-Clamps-1.png\" alt=\"Kum\u0161\u010dio rankenos spaustuvai\" width=\"1011\" height=\"276\" srcset=\"https:\/\/qingdaohf.com\/wp-content\/uploads\/2024\/01\/Fist-Grip-Clamps-1.png 1011w, https:\/\/qingdaohf.com\/wp-content\/uploads\/2024\/01\/Fist-Grip-Clamps-1-300x82.png 300w, https:\/\/qingdaohf.com\/wp-content\/uploads\/2024\/01\/Fist-Grip-Clamps-1-768x210.png 768w, https:\/\/qingdaohf.com\/wp-content\/uploads\/2024\/01\/Fist-Grip-Clamps-1-1000x273.png 1000w\" sizes=\"(max-width: 1011px) 100vw, 1011px\" \/><\/p>\n<p data-sourcepos=\"3:1-3:294\">B\u016bdama patyrusi vielini\u0173 lyn\u0173 ir vielini\u0173 lyn\u0173 spaustuk\u0173 tiek\u0117ja, \"H&amp;F\" supranta, koks svarbus yra tvirt\u0173 ir patikim\u0173 jung\u010di\u0173 vaidmuo u\u017etikrinant saugum\u0105 ir efektyvum\u0105. Tod\u0117l su pasidid\u017eiavimu pristatome \"Fist Grips\" - naujos kartos lyno apsaugos priemones, skirtas pakelti j\u016bs\u0173 \u012frangos \u017eaidim\u0105 \u012f naujas auk\u0161tumas.<\/p>\n<p data-sourcepos=\"5:1-5:116\">Ta\u010diau prie\u0161 prad\u0117dami gilintis \u012f \"Fist Grips\" gali\u0105, susipa\u017einkime su pagrindiniais \u0161ios tvirtos ekosistemos dalyviais:<\/p>\n<h3 data-sourcepos=\"7:1-7:222\"><strong>1. <a href=\"https:\/\/qingdaohf.com\/lt\/produktas\/vielinis-lynas\/\">Vielinis lynas<\/a>:<\/strong><\/h3>\n<p data-sourcepos=\"7:1-7:222\">Bet kurios takela\u017eo sistemos pagrindas - vielinis lynas, u\u017etikrinantis i\u0161skirtin\u012f tvirtum\u0105 ir lankstum\u0105 sud\u0117tingoms k\u0117limo, k\u0117limo ir tvirtinimo u\u017eduotims. \u012esivaizduokite, kad tai yra nepajudinamas j\u016bs\u0173 veiklos pagrindas.<\/p>\n<p data-sourcepos=\"7:1-7:222\"><img loading=\"lazy\" decoding=\"async\" class=\"alignnone wp-image-3905 size-medium\" src=\"http:\/\/qingdaohf.com\/wp-content\/uploads\/2023\/04\/wire-rope-1-300x300.jpg\" alt=\"vielinis lynas\" width=\"300\" height=\"300\" srcset=\"https:\/\/qingdaohf.com\/wp-content\/uploads\/2023\/04\/wire-rope-1-300x300.jpg 300w, https:\/\/qingdaohf.com\/wp-content\/uploads\/2023\/04\/wire-rope-1-150x150.jpg 150w, https:\/\/qingdaohf.com\/wp-content\/uploads\/2023\/04\/wire-rope-1-768x768.jpg 768w, https:\/\/qingdaohf.com\/wp-content\/uploads\/2023\/04\/wire-rope-1-500x500.jpg 500w, https:\/\/qingdaohf.com\/wp-content\/uploads\/2023\/04\/wire-rope-1-100x100.jpg 100w, https:\/\/qingdaohf.com\/wp-content\/uploads\/2023\/04\/wire-rope-1.jpg 1000w\" sizes=\"(max-width: 300px) 100vw, 300px\" \/><\/p>\n<h3 data-sourcepos=\"9:1-9:224\"><strong>2. <a href=\"https:\/\/qingdaohf.com\/lt\/produktas\/vielinio-lyno-spaustukas\/\">Vielos lyno spaustukas<\/a>:<\/strong><\/h3>\n<p data-sourcepos=\"9:1-9:224\">\u0160ie universal\u016bs darbiniai arkliai - tai paprastas ir veiksmingas b\u016bdas kurti kilpas arba jungti vielinius lynus prie kit\u0173 komponent\u0173. Galvokite apie juos kaip apie patikimas rankas, kurios tvirtai suima ir prilaiko lyn\u0105.<\/p>\n<p data-sourcepos=\"9:1-9:224\"><img loading=\"lazy\" decoding=\"async\" class=\"alignnone wp-image-6176 size-medium\" src=\"http:\/\/qingdaohf.com\/wp-content\/uploads\/2023\/05\/wire-rope-clip-9-300x300.jpg\" alt=\"vielinio lyno spaustukas\" width=\"300\" height=\"300\" srcset=\"https:\/\/qingdaohf.com\/wp-content\/uploads\/2023\/05\/wire-rope-clip-9-300x300.jpg 300w, https:\/\/qingdaohf.com\/wp-content\/uploads\/2023\/05\/wire-rope-clip-9-150x150.jpg 150w, https:\/\/qingdaohf.com\/wp-content\/uploads\/2023\/05\/wire-rope-clip-9-768x768.jpg 768w, https:\/\/qingdaohf.com\/wp-content\/uploads\/2023\/05\/wire-rope-clip-9-500x500.jpg 500w, https:\/\/qingdaohf.com\/wp-content\/uploads\/2023\/05\/wire-rope-clip-9-100x100.jpg 100w, https:\/\/qingdaohf.com\/wp-content\/uploads\/2023\/05\/wire-rope-clip-9.jpg 1000w\" sizes=\"(max-width: 300px) 100vw, 300px\" \/><\/p>\n<h3 data-sourcepos=\"11:1-11:287\"><strong>3. Sugriebimas kum\u0161\u010diu:<\/strong><\/h3>\n<p data-sourcepos=\"11:1-11:287\">\u0160ie revoliuciniai spaustukai i\u0161 naujo apibr\u0117\u017eia virvi\u0173 saugum\u0105 ir u\u017etikrina neprilygstam\u0105 greit\u012f, paprastum\u0105 ir efektyvum\u0105. \u012esivaizduokite juos kaip naujos kartos rankas, turin\u010dias gele\u017ein\u012f sukibim\u0105 ir supaprastint\u0105 valdym\u0105.<\/p>\n<p data-sourcepos=\"11:1-11:287\"><img loading=\"lazy\" decoding=\"async\" class=\"alignnone size-full wp-image-6350\" src=\"http:\/\/qingdaohf.com\/wp-content\/uploads\/2023\/05\/fist-grip.jpg\" alt=\"kum\u0161\u010dio rankena\" width=\"302\" height=\"298\" srcset=\"https:\/\/qingdaohf.com\/wp-content\/uploads\/2023\/05\/fist-grip.jpg 302w, https:\/\/qingdaohf.com\/wp-content\/uploads\/2023\/05\/fist-grip-300x296.jpg 300w, https:\/\/qingdaohf.com\/wp-content\/uploads\/2023\/05\/fist-grip-100x100.jpg 100w\" sizes=\"(max-width: 302px) 100vw, 302px\" \/><\/p>\n<h3 data-sourcepos=\"13:1-13:188\"><strong>4. <a href=\"https:\/\/qingdaohf.com\/lt\/produktas\/antpirstis\/\">Vielos lyno antpir\u0161tis<\/a>:<\/strong><\/h3>\n<p data-sourcepos=\"13:1-13:188\">\u0160is nepelnytas didvyris apsaugo pa\u017eeid\u017eiam\u0105 virv\u0117s ak\u012f (kilpos gal\u0105) nuo nusid\u0117v\u0117jimo ir ply\u0161imo. \u012esivaizduokite j\u012f kaip apsaugin\u012f riterio \u0161alm\u0105, saugant\u012f svarbiausi\u0105 virv\u0117s ta\u0161k\u0105.<\/p>\n<p data-sourcepos=\"13:1-13:188\"><img loading=\"lazy\" decoding=\"async\" class=\"alignnone wp-image-6352 size-full\" src=\"http:\/\/qingdaohf.com\/wp-content\/uploads\/2023\/05\/Wire-rope-thimble-installation-step-1-1.jpg\" alt=\"Vielos, virv\u0117s ir antpir\u0161\u010dio\" width=\"600\" height=\"163\" srcset=\"https:\/\/qingdaohf.com\/wp-content\/uploads\/2023\/05\/Wire-rope-thimble-installation-step-1-1.jpg 600w, https:\/\/qingdaohf.com\/wp-content\/uploads\/2023\/05\/Wire-rope-thimble-installation-step-1-1-300x82.jpg 300w\" sizes=\"(max-width: 600px) 100vw, 600px\" \/><\/p>\n<h3 data-sourcepos=\"15:1-15:182\"><strong>5. <a href=\"https:\/\/qingdaohf.com\/lt\/produktas\/aliumininis-vielinio-lyno-antgalis\/\">Vielinio lyno antgalis<\/a>:<\/strong><\/h3>\n<p data-sourcepos=\"15:1-15:182\">Pana\u0161iai kaip antpir\u0161tis, antgalis veikia kaip tvirtas dangtelis, sutvirtinantis virv\u0117s gal\u0105 ir neleid\u017eiantis virvei nusitrinti. \u012esivaizduokite j\u012f kaip plienin\u012f \u0161alm\u0105 virv\u0117s galui.<\/p>\n<p data-sourcepos=\"15:1-15:182\"><img loading=\"lazy\" decoding=\"async\" class=\"alignnone wp-image-6353 size-medium\" src=\"http:\/\/qingdaohf.com\/wp-content\/uploads\/2023\/05\/Ferrule-247x300.jpg\" alt=\"\u012evor\u0117\" width=\"247\" height=\"300\" srcset=\"https:\/\/qingdaohf.com\/wp-content\/uploads\/2023\/05\/Ferrule-247x300.jpg 247w, https:\/\/qingdaohf.com\/wp-content\/uploads\/2023\/05\/Ferrule.jpg 636w\" sizes=\"(max-width: 247px) 100vw, 247px\" \/><\/p>\n<h3 data-sourcepos=\"15:1-15:182\"><strong>6. <a href=\"https:\/\/qingdaohf.com\/lt\/produktas\/dvipusis-vielinio-lyno-spaustukas\/\">Dvipusis vielos lyno spaustukas<\/a><\/strong><strong>:<\/strong><\/h3>\n<p data-sourcepos=\"15:1-15:182\">Dvipusis vielinio lyno spaustukas yra specialus tvirtinimo \u012ftaisas, skirtas dviem vielinio lyno atkarpoms sujungti. Jis atlieka svarb\u0173 vaidmen\u012f kuriant patikim\u0105 jungt\u012f, ypa\u010d tais atvejais, kai vieliniame lyne reikia kilpos arba akies.<\/p>\n<p data-sourcepos=\"15:1-15:182\"><img loading=\"lazy\" decoding=\"async\" class=\"alignnone wp-image-6354 size-medium\" src=\"http:\/\/qingdaohf.com\/wp-content\/uploads\/2023\/05\/Stainless-Steel-Duplex-300x300.jpg\" alt=\"Ner\u016bdijan\u010diojo plieno ir duplekso\" width=\"300\" height=\"300\" srcset=\"https:\/\/qingdaohf.com\/wp-content\/uploads\/2023\/05\/Stainless-Steel-Duplex-300x300.jpg 300w, https:\/\/qingdaohf.com\/wp-content\/uploads\/2023\/05\/Stainless-Steel-Duplex-150x150.jpg 150w, https:\/\/qingdaohf.com\/wp-content\/uploads\/2023\/05\/Stainless-Steel-Duplex-768x768.jpg 768w, https:\/\/qingdaohf.com\/wp-content\/uploads\/2023\/05\/Stainless-Steel-Duplex-500x500.jpg 500w, https:\/\/qingdaohf.com\/wp-content\/uploads\/2023\/05\/Stainless-Steel-Duplex-100x100.jpg 100w, https:\/\/qingdaohf.com\/wp-content\/uploads\/2023\/05\/Stainless-Steel-Duplex.jpg 1000w\" sizes=\"(max-width: 300px) 100vw, 300px\" \/><\/p>\n<h3 data-sourcepos=\"17:1-17:39\"><strong>I\u0161laisvinti kum\u0161\u010dio laikymo prana\u0161um\u0105:<\/strong><\/h3>\n<p data-sourcepos=\"19:1-19:84\">H&amp;F \"Fist Grips\" rankenos i\u0161siskiria i\u0161 minios savo galimyb\u0117mis keisti \u017eaidimo taisykles:<\/p>\n<ul data-sourcepos=\"21:1-25:0\">\n<li data-sourcepos=\"21:1-21:153\"><strong>Greitas diegimas:<\/strong>\u00a0J\u0173 konstrukcija su vienu var\u017etu nereikalauja daugyb\u0117s nepatogi\u0173 U formos var\u017et\u0173, tod\u0117l labai suma\u017e\u0117ja montavimo laikas ir pastangos.<\/li>\n<li data-sourcepos=\"22:1-22:139\"><strong>Lengvas sukimo momentas:<\/strong>\u00a0Integruotos ver\u017el\u0117s u\u017etikrina geresn\u0119 prieig\u0105 ir svertus priver\u017eimui, tod\u0117l procesas vyksta skland\u017eiai ir efektyviai.<\/li>\n<li data-sourcepos=\"23:1-23:143\"><strong>Neabejotinas saugumas:<\/strong>\u00a0J\u0173 kaltinio plieno konstrukcija ir puikus sukibimas u\u017etikrina neprilygstam\u0105 sukibimo j\u0117g\u0105, tod\u0117l galite b\u016bti visi\u0161kai ram\u016bs.<\/li>\n<li data-sourcepos=\"24:1-25:0\"><strong>Prailgintas virv\u0117s tarnavimo laikas:<\/strong>\u00a0Lygus, suapvalintas profilis suma\u017eina trint\u012f ir vielinio lyno nusid\u0117v\u0117jim\u0105, taip pailgindamas jo tarnavimo laik\u0105 ir padidindamas vert\u0119.<\/li>\n<\/ul>\n<h3 data-sourcepos=\"26:1-26:24\"><strong>Veiksmingas kum\u0161\u010dio gniau\u017eimas:<\/strong><\/h3>\n<p data-sourcepos=\"28:1-28:51\">H&amp;F \"Fist Grips\" rankenos veikia be joki\u0173 pastang\u0173:<\/p>\n<ol data-sourcepos=\"30:1-33:0\">\n<li data-sourcepos=\"30:1-30:85\"><strong>Lengvas sriegimas:<\/strong>\u00a0Tiesiog perki\u0161kite vielin\u012f lyn\u0105 per \"Fist Grip\" baln\u0105.<\/li>\n<li data-sourcepos=\"31:1-31:116\"><strong>Greitas var\u017eto \u012fd\u0117jimas:<\/strong>\u00a0\u012eki\u0161kite var\u017et\u0105 pro balno skyl\u0119, kad U formos var\u017etas tvirtai laikyt\u0173si ant lyno.<\/li>\n<li data-sourcepos=\"32:1-33:0\"><strong>Lengvas \u012ftempimas:<\/strong>\u00a0Sukite ver\u017el\u0119 pagal laikrod\u017eio rodykl\u0119 ver\u017eliarak\u010diu, kol virv\u0117 bus tvirtai u\u017ever\u017eta.<\/li>\n<\/ol>\n<h3 data-sourcepos=\"34:1-34:28\"><strong>Stipryb\u0117s sinergija:<\/strong><\/h3>\n<p data-sourcepos=\"36:1-36:77\">H&amp;F \"Fist Grips\" rankenos puikiai dera su kitais svarbiais vielini\u0173 lyn\u0173 komponentais:<\/p>\n<ul data-sourcepos=\"38:1-41:0\">\n<li data-sourcepos=\"38:1-38:151\"><strong>Vielini\u0173 lyn\u0173 spaustukai:<\/strong>\u00a0Nors \"Fist Grips\" pasi\u017eymi didesniu grei\u010diu ir veiksmingumu, tradiciniai spaustukai i\u0161lieka vertingi konkre\u010dioms reikm\u0117ms arba kaip atsarginis variantas.<\/li>\n<li data-sourcepos=\"39:1-39:136\"><strong>Vielos virv\u0117s antpir\u0161\u010diai:<\/strong>\u00a0Formuodami kilp\u0105 visada naudokite antpir\u0161t\u012f, kad apsaugotum\u0117te virv\u0117s \u0105sel\u0119 nuo sutrai\u0161kymo ir u\u017etikrintum\u0117te optimal\u0173 tarnavimo laik\u0105.<\/li>\n<li data-sourcepos=\"40:1-41:0\"><strong>Vielini\u0173 lyn\u0173 apvadai:<\/strong>\u00a0Apsvarstykite galimyb\u0119 naudoti antgalius, kad virv\u0117s galas b\u016bt\u0173 papildomai apsaugotas nuo trinties, ypa\u010d sintetini\u0173 virvi\u0173 atveju.<\/li>\n<\/ul>\n<p>&nbsp;<\/p>","protected":false},"excerpt":{"rendered":"<p>\"Fist Grip\" yra da\u017eniausiai naudojamas \u012frangos komponentas takela\u017eo ir k\u0117limo reikm\u0117ms. Jis specialiai sukurtas vielini\u0173 lyn\u0173 ar kabeli\u0173 galams sujungti ir u\u017etikrina patikim\u0105 bei saug\u0173 sujungim\u0105.<\/p>\n<p>Kum\u0161\u010dio ranken\u0105 paprastai sudaro metalinis korpusas su U formos grioveliu arba balneliu ir var\u017etas su sriegiu arba keli var\u017etai ir ver\u017el\u0117s. Vielinis lynas dedamas \u012f U formos griovel\u012f, o var\u017etai priver\u017eiami, kad rankena suspaust\u0173 ranken\u0105 aplink vielin\u012f lynus ir u\u017etikrint\u0173 saug\u0173 ir tvirt\u0105 laikym\u0105si.<\/p>\n<p>\"Fist Grip\" konstrukcija u\u017etikrina, kad vielinis lynas i\u0161likt\u0173 savo vietoje, ir neleid\u017eia jam nuslysti ar atsipalaiduoti \u012ftemptam. Jis paprastai naudojamas kilpoms formuoti, vielinio lyno galams u\u017ebaigti arba dviem vielinio lyno atkarpoms sujungti.<\/p>","protected":false},"featured_media":4079,"comment_status":"open","ping_status":"closed","template":"","meta":{"site-sidebar-layout":"default","site-content-layout":"default","ast-site-content-layout":"default","site-content-style":"default","site-sidebar-style":"default","ast-global-header-display":"","ast-banner-title-visibility":"","ast-main-header-display":"","ast-hfb-above-header-display":"","ast-hfb-below-header-display":"","ast-hfb-mobile-header-display":"","site-post-title":"","ast-breadcrumbs-content":"","ast-featured-img":"","footer-sml-layout":"","theme-transparent-header-meta":"default","adv-header-id-meta":"","stick-header-meta":"default","header-above-stick-meta":"","header-main-stick-meta":"","header-below-stick-meta":"","astra-migrate-meta-layouts":"set","ast-page-background-enabled":"default","ast-page-background-meta":{"desktop":{"background-color":"","background-image":"","background-repeat":"repeat","background-position":"center center","background-size":"auto","background-attachment":"scroll","background-type":"","background-media":"","overlay-type":"","overlay-color":"","overlay-opacity":"","overlay-gradient":""},"tablet":{"background-color":"","background-image":"","background-repeat":"repeat","background-position":"center center","background-size":"auto","background-attachment":"scroll","background-type":"","background-media":"","overlay-type":"","overlay-color":"","overlay-opacity":"","overlay-gradient":""},"mobile":{"background-color":"","background-image":"","background-repeat":"repeat","background-position":"center center","background-size":"auto","background-attachment":"scroll","background-type":"","background-media":"","overlay-type":"","overlay-color":"","overlay-opacity":"","overlay-gradient":""}},"ast-content-background-meta":{"desktop":{"background-color":"var(--ast-global-color-5)","background-image":"","background-repeat":"repeat","background-position":"center center","background-size":"auto","background-attachment":"scroll","background-type":"","background-media":"","overlay-type":"","overlay-color":"","overlay-opacity":"","overlay-gradient":""},"tablet":{"background-color":"var(--ast-global-color-5)","background-image":"","background-repeat":"repeat","background-position":"center center","background-size":"auto","background-attachment":"scroll","background-type":"","background-media":"","overlay-type":"","overlay-color":"","overlay-opacity":"","overlay-gradient":""},"mobile":{"background-color":"var(--ast-global-color-5)","background-image":"","background-repeat":"repeat","background-position":"center center","background-size":"auto","background-attachment":"scroll","background-type":"","background-media":"","overlay-type":"","overlay-color":"","overlay-opacity":"","overlay-gradient":""}}},"product_brand":[],"product_cat":[37,43],"product_tag":[],"class_list":{"0":"post-4078","1":"product","2":"type-product","3":"status-publish","4":"has-post-thumbnail","6":"product_cat-wire-rope","7":"product_cat-rigging-hardware","8":"desktop-align-left","9":"tablet-align-left","10":"mobile-align-left","11":"ast-product-gallery-layout-horizontal-slider","12":"ast-product-tabs-layout-horizontal","14":"first","15":"instock","16":"shipping-taxable","17":"purchasable","18":"product-type-simple"},"yoast_head":"<!-- This site is optimized with the Yoast SEO plugin v25.2 - https:\/\/yoast.com\/wordpress\/plugins\/seo\/ -->\n<title>Fist Grip Clamps<\/title>\n<meta name=\"description\" content=\"The Fist Grip, also known as a wire rope grip or wire rope clip, is a commonly used hardware component in rigging and lifting applications.\" \/>\n<meta name=\"robots\" content=\"index, follow, max-snippet:-1, max-image-preview:large, max-video-preview:-1\" \/>\n<link rel=\"canonical\" href=\"https:\/\/qingdaohf.com\/lt\/produktas\/kumscio-suemimas\/\" \/>\n<meta property=\"og:locale\" content=\"lt_LT\" \/>\n<meta property=\"og:type\" content=\"article\" \/>\n<meta property=\"og:title\" content=\"Fist Grip Clamps\" \/>\n<meta property=\"og:description\" content=\"The Fist Grip, also known as a wire rope grip or wire rope clip, is a commonly used hardware component in rigging and lifting applications.\" \/>\n<meta property=\"og:url\" content=\"https:\/\/qingdaohf.com\/lt\/produktas\/kumscio-suemimas\/\" \/>\n<meta property=\"og:site_name\" content=\"Concrete Form &amp; Rigging Hardware Supplier\" \/>\n<meta property=\"article:publisher\" content=\"https:\/\/www.facebook.com\/qingdaohf\" \/>\n<meta property=\"article:modified_time\" content=\"2025-11-13T01:03:39+00:00\" \/>\n<meta property=\"og:image\" content=\"https:\/\/qingdaohf.com\/wp-content\/uploads\/2023\/05\/fist-clip-1.jpg\" \/>\n\t<meta property=\"og:image:width\" content=\"1000\" \/>\n\t<meta property=\"og:image:height\" content=\"1000\" \/>\n\t<meta property=\"og:image:type\" content=\"image\/jpeg\" \/>\n<meta name=\"twitter:card\" content=\"summary_large_image\" \/>\n<meta name=\"twitter:label1\" content=\"Est. reading time\" \/>\n\t<meta name=\"twitter:data1\" content=\"5 minut\u0117s\" \/>\n<script type=\"application\/ld+json\" class=\"yoast-schema-graph\">{\"@context\":\"https:\/\/schema.org\",\"@graph\":[{\"@type\":\"WebPage\",\"@id\":\"https:\/\/qingdaohf.com\/product\/fist-grip\/\",\"url\":\"https:\/\/qingdaohf.com\/product\/fist-grip\/\",\"name\":\"Fist Grip Clamps\",\"isPartOf\":{\"@id\":\"https:\/\/qingdaohf.com\/bg\/#website\"},\"primaryImageOfPage\":{\"@id\":\"https:\/\/qingdaohf.com\/product\/fist-grip\/#primaryimage\"},\"image\":{\"@id\":\"https:\/\/qingdaohf.com\/product\/fist-grip\/#primaryimage\"},\"thumbnailUrl\":\"https:\/\/qingdaohf.com\/wp-content\/uploads\/2023\/05\/fist-clip-1.jpg\",\"datePublished\":\"2024-01-19T01:59:32+00:00\",\"dateModified\":\"2025-11-13T01:03:39+00:00\",\"description\":\"The Fist Grip, also known as a wire rope grip or wire rope clip, is a commonly used hardware component in rigging and lifting applications.\",\"breadcrumb\":{\"@id\":\"https:\/\/qingdaohf.com\/product\/fist-grip\/#breadcrumb\"},\"inLanguage\":\"lt-LT\",\"potentialAction\":[{\"@type\":\"ReadAction\",\"target\":[\"https:\/\/qingdaohf.com\/product\/fist-grip\/\"]}]},{\"@type\":\"ImageObject\",\"inLanguage\":\"lt-LT\",\"@id\":\"https:\/\/qingdaohf.com\/product\/fist-grip\/#primaryimage\",\"url\":\"https:\/\/qingdaohf.com\/wp-content\/uploads\/2023\/05\/fist-clip-1.jpg\",\"contentUrl\":\"https:\/\/qingdaohf.com\/wp-content\/uploads\/2023\/05\/fist-clip-1.jpg\",\"width\":1000,\"height\":1000,\"caption\":\"fist clip\"},{\"@type\":\"BreadcrumbList\",\"@id\":\"https:\/\/qingdaohf.com\/product\/fist-grip\/#breadcrumb\",\"itemListElement\":[{\"@type\":\"ListItem\",\"position\":1,\"name\":\"Home\",\"item\":\"https:\/\/qingdaohf.com\/\"},{\"@type\":\"ListItem\",\"position\":2,\"name\":\"Concrete Forming Accessories and Rigging Hardware\",\"item\":\"https:\/\/qingdaohf.com\/bg\/?page_id=944\"},{\"@type\":\"ListItem\",\"position\":3,\"name\":\"Fist Grip Clamps\"}]},{\"@type\":\"WebSite\",\"@id\":\"https:\/\/qingdaohf.com\/bg\/#website\",\"url\":\"https:\/\/qingdaohf.com\/bg\/\",\"name\":\"Concrete Form & Rigging Hardware Supplier\",\"description\":\"\",\"publisher\":{\"@id\":\"https:\/\/qingdaohf.com\/bg\/#organization\"},\"potentialAction\":[{\"@type\":\"SearchAction\",\"target\":{\"@type\":\"EntryPoint\",\"urlTemplate\":\"https:\/\/qingdaohf.com\/bg\/?s={search_term_string}\"},\"query-input\":{\"@type\":\"PropertyValueSpecification\",\"valueRequired\":true,\"valueName\":\"search_term_string\"}}],\"inLanguage\":\"lt-LT\"},{\"@type\":\"Organization\",\"@id\":\"https:\/\/qingdaohf.com\/bg\/#organization\",\"name\":\"Qingdao H&F\",\"url\":\"https:\/\/qingdaohf.com\/bg\/\",\"logo\":{\"@type\":\"ImageObject\",\"inLanguage\":\"lt-LT\",\"@id\":\"https:\/\/qingdaohf.com\/bg\/#\/schema\/logo\/image\/\",\"url\":\"https:\/\/qingdaohf.com\/wp-content\/uploads\/2022\/12\/cropped-HF-LOGO.png\",\"contentUrl\":\"https:\/\/qingdaohf.com\/wp-content\/uploads\/2022\/12\/cropped-HF-LOGO.png\",\"width\":391,\"height\":249,\"caption\":\"Qingdao H&F\"},\"image\":{\"@id\":\"https:\/\/qingdaohf.com\/bg\/#\/schema\/logo\/image\/\"},\"sameAs\":[\"https:\/\/www.facebook.com\/qingdaohf\"]}]}<\/script>\n<!-- \/ Yoast SEO plugin. -->","yoast_head_json":{"title":"Fist Grip Clamps","description":"The Fist Grip, also known as a wire rope grip or wire rope clip, is a commonly used hardware component in rigging and lifting applications.","robots":{"index":"index","follow":"follow","max-snippet":"max-snippet:-1","max-image-preview":"max-image-preview:large","max-video-preview":"max-video-preview:-1"},"canonical":"https:\/\/qingdaohf.com\/lt\/produktas\/kumscio-suemimas\/","og_locale":"lt_LT","og_type":"article","og_title":"Fist Grip Clamps","og_description":"The Fist Grip, also known as a wire rope grip or wire rope clip, is a commonly used hardware component in rigging and lifting applications.","og_url":"https:\/\/qingdaohf.com\/lt\/produktas\/kumscio-suemimas\/","og_site_name":"Concrete Form &amp; Rigging Hardware Supplier","article_publisher":"https:\/\/www.facebook.com\/qingdaohf","article_modified_time":"2025-11-13T01:03:39+00:00","og_image":[{"width":1000,"height":1000,"url":"https:\/\/qingdaohf.com\/wp-content\/uploads\/2023\/05\/fist-clip-1.jpg","type":"image\/jpeg"}],"twitter_card":"summary_large_image","twitter_misc":{"Est. reading time":"5 minut\u0117s"},"schema":{"@context":"https:\/\/schema.org","@graph":[{"@type":"WebPage","@id":"https:\/\/qingdaohf.com\/product\/fist-grip\/","url":"https:\/\/qingdaohf.com\/product\/fist-grip\/","name":"Fist Grip Clamps","isPartOf":{"@id":"https:\/\/qingdaohf.com\/bg\/#website"},"primaryImageOfPage":{"@id":"https:\/\/qingdaohf.com\/product\/fist-grip\/#primaryimage"},"image":{"@id":"https:\/\/qingdaohf.com\/product\/fist-grip\/#primaryimage"},"thumbnailUrl":"https:\/\/qingdaohf.com\/wp-content\/uploads\/2023\/05\/fist-clip-1.jpg","datePublished":"2024-01-19T01:59:32+00:00","dateModified":"2025-11-13T01:03:39+00:00","description":"The Fist Grip, also known as a wire rope grip or wire rope clip, is a commonly used hardware component in rigging and lifting applications.","breadcrumb":{"@id":"https:\/\/qingdaohf.com\/product\/fist-grip\/#breadcrumb"},"inLanguage":"lt-LT","potentialAction":[{"@type":"ReadAction","target":["https:\/\/qingdaohf.com\/product\/fist-grip\/"]}]},{"@type":"ImageObject","inLanguage":"lt-LT","@id":"https:\/\/qingdaohf.com\/product\/fist-grip\/#primaryimage","url":"https:\/\/qingdaohf.com\/wp-content\/uploads\/2023\/05\/fist-clip-1.jpg","contentUrl":"https:\/\/qingdaohf.com\/wp-content\/uploads\/2023\/05\/fist-clip-1.jpg","width":1000,"height":1000,"caption":"fist clip"},{"@type":"BreadcrumbList","@id":"https:\/\/qingdaohf.com\/product\/fist-grip\/#breadcrumb","itemListElement":[{"@type":"ListItem","position":1,"name":"Home","item":"https:\/\/qingdaohf.com\/"},{"@type":"ListItem","position":2,"name":"Concrete Forming Accessories and Rigging Hardware","item":"https:\/\/qingdaohf.com\/bg\/?page_id=944"},{"@type":"ListItem","position":3,"name":"Fist Grip Clamps"}]},{"@type":"WebSite","@id":"https:\/\/qingdaohf.com\/bg\/#website","url":"https:\/\/qingdaohf.com\/bg\/","name":"Concrete Form & Rigging Hardware Supplier","description":"","publisher":{"@id":"https:\/\/qingdaohf.com\/bg\/#organization"},"potentialAction":[{"@type":"SearchAction","target":{"@type":"EntryPoint","urlTemplate":"https:\/\/qingdaohf.com\/bg\/?s={search_term_string}"},"query-input":{"@type":"PropertyValueSpecification","valueRequired":true,"valueName":"search_term_string"}}],"inLanguage":"lt-LT"},{"@type":"Organization","@id":"https:\/\/qingdaohf.com\/bg\/#organization","name":"Qingdao H&F","url":"https:\/\/qingdaohf.com\/bg\/","logo":{"@type":"ImageObject","inLanguage":"lt-LT","@id":"https:\/\/qingdaohf.com\/bg\/#\/schema\/logo\/image\/","url":"https:\/\/qingdaohf.com\/wp-content\/uploads\/2022\/12\/cropped-HF-LOGO.png","contentUrl":"https:\/\/qingdaohf.com\/wp-content\/uploads\/2022\/12\/cropped-HF-LOGO.png","width":391,"height":249,"caption":"Qingdao H&F"},"image":{"@id":"https:\/\/qingdaohf.com\/bg\/#\/schema\/logo\/image\/"},"sameAs":["https:\/\/www.facebook.com\/qingdaohf"]}]}},"_links":{"self":[{"href":"https:\/\/qingdaohf.com\/lt\/wp-json\/wp\/v2\/product\/4078","targetHints":{"allow":["GET"]}}],"collection":[{"href":"https:\/\/qingdaohf.com\/lt\/wp-json\/wp\/v2\/product"}],"about":[{"href":"https:\/\/qingdaohf.com\/lt\/wp-json\/wp\/v2\/types\/product"}],"replies":[{"embeddable":true,"href":"https:\/\/qingdaohf.com\/lt\/wp-json\/wp\/v2\/comments?post=4078"}],"version-history":[{"count":8,"href":"https:\/\/qingdaohf.com\/lt\/wp-json\/wp\/v2\/product\/4078\/revisions"}],"predecessor-version":[{"id":7402,"href":"https:\/\/qingdaohf.com\/lt\/wp-json\/wp\/v2\/product\/4078\/revisions\/7402"}],"wp:featuredmedia":[{"embeddable":true,"href":"https:\/\/qingdaohf.com\/lt\/wp-json\/wp\/v2\/media\/4079"}],"wp:attachment":[{"href":"https:\/\/qingdaohf.com\/lt\/wp-json\/wp\/v2\/media?parent=4078"}],"wp:term":[{"taxonomy":"product_brand","embeddable":true,"href":"https:\/\/qingdaohf.com\/lt\/wp-json\/wp\/v2\/product_brand?post=4078"},{"taxonomy":"product_cat","embeddable":true,"href":"https:\/\/qingdaohf.com\/lt\/wp-json\/wp\/v2\/product_cat?post=4078"},{"taxonomy":"product_tag","embeddable":true,"href":"https:\/\/qingdaohf.com\/lt\/wp-json\/wp\/v2\/product_tag?post=4078"}],"curies":[{"name":"wp","href":"https:\/\/api.w.org\/{rel}","templated":true}]}}