{"id":4194,"date":"2023-05-29T14:50:07","date_gmt":"2023-05-29T06:50:07","guid":{"rendered":"http:\/\/qingdaohf.com\/?post_type=product&#038;p=4194"},"modified":"2025-11-13T09:04:23","modified_gmt":"2025-11-13T01:04:23","slug":"clevis-slip-hook","status":"publish","type":"product","link":"https:\/\/qingdaohf.com\/lt\/produktas\/kablys-su-slydimo-kabliuku\/","title":{"rendered":"Slydimo kablys \"Clevis Slip Hook"},"content":{"rendered":"<p>Sklend\u0119 su kabliu sudaro U formos skl\u0105stis su skyle arba ply\u0161iu atvirame gale ir kablys, kuris tvirtinamas prie skl\u0105s\u010dio. Skirtingai nuo savaime u\u017esidaran\u010dio kablio, kablys neturi u\u017erakto ar fiksavimo mechanizmo. Vietoj to, jis turi nuimam\u0105 fiksatoriaus kai\u0161t\u012f arba skl\u0105s\u010dio kai\u0161t\u012f, kuris leid\u017eia kabliukui lengvai praslysti pro skl\u0105s\u010dio skyl\u0119 arba ply\u0161\u012f.<\/p>\n<p>Vienas i\u0161 pagrindini\u0173 kablio su kabliuku privalum\u0173 yra jo reguliuojamumas. \u012eki\u0161ant fiksatoriaus kai\u0161t\u012f arba skl\u0105s\u010dio kai\u0161t\u012f pro skirtingas skl\u0105s\u010dio skyles arba \u012fpjovas, galima reguliuoti efektyv\u0173j\u012f kablio ilg\u012f. \u0160is reguliavimas leid\u017eia lanks\u010diai pritaikyti \u012fvairi\u0173 dyd\u017ei\u0173 ir konfig\u016bracij\u0173 krovinius.<\/p>\n<p>Slankiojantis kablys paprastai naudojamas tais atvejais, kai reikia greitai pritvirtinti ir nuimti krovinius, pavyzd\u017eiui, atliekant med\u017eiag\u0173 krovos, vilkimo ar takeliavimo darbus. Jis u\u017etikrina tvirt\u0105 ir patikim\u0105 jungt\u012f, o kartu leid\u017eia efektyviai tvarkyti krovin\u012f. Kablio forma ir konstrukcija neleid\u017eia kroviniui nety\u010dia nuslysti keliant ar perkeliant.<\/p>\n<p>Naudojant kablius su kabliais labai svarbu u\u017etikrinti saugum\u0105. B\u016btina u\u017etikrinti, kad fiksatoriaus kai\u0161tis arba skl\u0105s\u010dio kai\u0161tis b\u016bt\u0173 tinkamai \u012fki\u0161tas ir pritvirtintas per atitinkam\u0105 skl\u0105s\u010dio skyl\u0119 arba ply\u0161\u012f. B\u016btina reguliariai tikrinti ir pri\u017ei\u016br\u0117ti kabl\u012f, kad b\u016bt\u0173 galima aptikti bet kokius nusid\u0117v\u0117jimo, pa\u017eeidimo ar deformacijos po\u017eymius, galin\u010dius pakenkti jo tvirtumui ir vientisumui. Pa\u017eeistus arba susid\u0117v\u0117jusius kablius su slydimo kabliu reikia nedelsiant pakeisti, kad b\u016bt\u0173 i\u0161saugota saugi darbo aplinka.<\/p>","protected":false},"excerpt":{"rendered":"<p>Sklend\u0117s kablys yra k\u0117limo ir takela\u017eo sistemose da\u017eniausiai naudojamas kablys. Jis skirtas saugiai ir reguliuojamai jung\u010diai, kuria kroviniai tvirtinami prie grandini\u0173, lyn\u0173 ar kit\u0173 takela\u017eo komponent\u0173.<\/p>","protected":false},"featured_media":4196,"comment_status":"open","ping_status":"closed","template":"","meta":{"site-sidebar-layout":"default","site-content-layout":"default","ast-site-content-layout":"default","site-content-style":"default","site-sidebar-style":"default","ast-global-header-display":"","ast-banner-title-visibility":"","ast-main-header-display":"","ast-hfb-above-header-display":"","ast-hfb-below-header-display":"","ast-hfb-mobile-header-display":"","site-post-title":"","ast-breadcrumbs-content":"","ast-featured-img":"","footer-sml-layout":"","theme-transparent-header-meta":"default","adv-header-id-meta":"","stick-header-meta":"default","header-above-stick-meta":"","header-main-stick-meta":"","header-below-stick-meta":"","astra-migrate-meta-layouts":"set","ast-page-background-enabled":"default","ast-page-background-meta":{"desktop":{"background-color":"","background-image":"","background-repeat":"repeat","background-position":"center center","background-size":"auto","background-attachment":"scroll","background-type":"","background-media":"","overlay-type":"","overlay-color":"","overlay-opacity":"","overlay-gradient":""},"tablet":{"background-color":"","background-image":"","background-repeat":"repeat","background-position":"center center","background-size":"auto","background-attachment":"scroll","background-type":"","background-media":"","overlay-type":"","overlay-color":"","overlay-opacity":"","overlay-gradient":""},"mobile":{"background-color":"","background-image":"","background-repeat":"repeat","background-position":"center center","background-size":"auto","background-attachment":"scroll","background-type":"","background-media":"","overlay-type":"","overlay-color":"","overlay-opacity":"","overlay-gradient":""}},"ast-content-background-meta":{"desktop":{"background-color":"var(--ast-global-color-5)","background-image":"","background-repeat":"repeat","background-position":"center center","background-size":"auto","background-attachment":"scroll","background-type":"","background-media":"","overlay-type":"","overlay-color":"","overlay-opacity":"","overlay-gradient":""},"tablet":{"background-color":"var(--ast-global-color-5)","background-image":"","background-repeat":"repeat","background-position":"center center","background-size":"auto","background-attachment":"scroll","background-type":"","background-media":"","overlay-type":"","overlay-color":"","overlay-opacity":"","overlay-gradient":""},"mobile":{"background-color":"var(--ast-global-color-5)","background-image":"","background-repeat":"repeat","background-position":"center center","background-size":"auto","background-attachment":"scroll","background-type":"","background-media":"","overlay-type":"","overlay-color":"","overlay-opacity":"","overlay-gradient":""}}},"product_brand":[],"product_cat":[57,43],"product_tag":[],"class_list":{"0":"post-4194","1":"product","2":"type-product","3":"status-publish","4":"has-post-thumbnail","6":"product_cat-sling-hook","7":"product_cat-rigging-hardware","8":"desktop-align-left","9":"tablet-align-left","10":"mobile-align-left","11":"ast-product-gallery-layout-horizontal-slider","12":"ast-product-tabs-layout-horizontal","14":"first","15":"instock","16":"shipping-taxable","17":"purchasable","18":"product-type-simple"},"yoast_head":"<!-- This site is optimized with the Yoast SEO plugin v25.2 - https:\/\/yoast.com\/wordpress\/plugins\/seo\/ -->\n<title>Clevis Slip Hook<\/title>\n<meta name=\"description\" content=\"The clevis slip hook is a type of hook commonly used in lifting and rigging applications.\" \/>\n<meta name=\"robots\" content=\"index, follow, max-snippet:-1, max-image-preview:large, max-video-preview:-1\" \/>\n<link rel=\"canonical\" href=\"https:\/\/qingdaohf.com\/lt\/produktas\/kablys-su-slydimo-kabliuku\/\" \/>\n<meta property=\"og:locale\" content=\"lt_LT\" \/>\n<meta property=\"og:type\" content=\"article\" \/>\n<meta property=\"og:title\" content=\"Clevis Slip Hook\" \/>\n<meta property=\"og:description\" content=\"The clevis slip hook is a type of hook commonly used in lifting and rigging applications.\" \/>\n<meta property=\"og:url\" content=\"https:\/\/qingdaohf.com\/lt\/produktas\/kablys-su-slydimo-kabliuku\/\" \/>\n<meta property=\"og:site_name\" content=\"Concrete Form &amp; Rigging Hardware Supplier\" \/>\n<meta property=\"article:publisher\" content=\"https:\/\/www.facebook.com\/qingdaohf\" \/>\n<meta property=\"article:modified_time\" content=\"2025-11-13T01:04:23+00:00\" \/>\n<meta property=\"og:image\" content=\"https:\/\/qingdaohf.com\/wp-content\/uploads\/2023\/05\/Clevis-Slip-Hook-13.jpg\" \/>\n\t<meta property=\"og:image:width\" content=\"1000\" \/>\n\t<meta property=\"og:image:height\" content=\"1000\" \/>\n\t<meta property=\"og:image:type\" content=\"image\/jpeg\" \/>\n<meta name=\"twitter:card\" content=\"summary_large_image\" \/>\n<meta name=\"twitter:label1\" content=\"Est. reading time\" \/>\n\t<meta name=\"twitter:data1\" content=\"2 minut\u0117s\" \/>\n<script type=\"application\/ld+json\" class=\"yoast-schema-graph\">{\"@context\":\"https:\/\/schema.org\",\"@graph\":[{\"@type\":\"WebPage\",\"@id\":\"https:\/\/qingdaohf.com\/product\/clevis-slip-hook\/\",\"url\":\"https:\/\/qingdaohf.com\/product\/clevis-slip-hook\/\",\"name\":\"Clevis Slip Hook\",\"isPartOf\":{\"@id\":\"https:\/\/qingdaohf.com\/bg\/#website\"},\"primaryImageOfPage\":{\"@id\":\"https:\/\/qingdaohf.com\/product\/clevis-slip-hook\/#primaryimage\"},\"image\":{\"@id\":\"https:\/\/qingdaohf.com\/product\/clevis-slip-hook\/#primaryimage\"},\"thumbnailUrl\":\"https:\/\/qingdaohf.com\/wp-content\/uploads\/2023\/05\/Clevis-Slip-Hook-13.jpg\",\"datePublished\":\"2023-05-29T06:50:07+00:00\",\"dateModified\":\"2025-11-13T01:04:23+00:00\",\"description\":\"The clevis slip hook is a type of hook commonly used in lifting and rigging applications.\",\"breadcrumb\":{\"@id\":\"https:\/\/qingdaohf.com\/product\/clevis-slip-hook\/#breadcrumb\"},\"inLanguage\":\"lt-LT\",\"potentialAction\":[{\"@type\":\"ReadAction\",\"target\":[\"https:\/\/qingdaohf.com\/product\/clevis-slip-hook\/\"]}]},{\"@type\":\"ImageObject\",\"inLanguage\":\"lt-LT\",\"@id\":\"https:\/\/qingdaohf.com\/product\/clevis-slip-hook\/#primaryimage\",\"url\":\"https:\/\/qingdaohf.com\/wp-content\/uploads\/2023\/05\/Clevis-Slip-Hook-13.jpg\",\"contentUrl\":\"https:\/\/qingdaohf.com\/wp-content\/uploads\/2023\/05\/Clevis-Slip-Hook-13.jpg\",\"width\":1000,\"height\":1000,\"caption\":\"Clevis Slip Hook\"},{\"@type\":\"BreadcrumbList\",\"@id\":\"https:\/\/qingdaohf.com\/product\/clevis-slip-hook\/#breadcrumb\",\"itemListElement\":[{\"@type\":\"ListItem\",\"position\":1,\"name\":\"Home\",\"item\":\"https:\/\/qingdaohf.com\/\"},{\"@type\":\"ListItem\",\"position\":2,\"name\":\"Concrete Forming Accessories and Rigging Hardware\",\"item\":\"https:\/\/qingdaohf.com\/bg\/?page_id=944\"},{\"@type\":\"ListItem\",\"position\":3,\"name\":\"Clevis Slip Hook\"}]},{\"@type\":\"WebSite\",\"@id\":\"https:\/\/qingdaohf.com\/bg\/#website\",\"url\":\"https:\/\/qingdaohf.com\/bg\/\",\"name\":\"Concrete Form & Rigging Hardware Supplier\",\"description\":\"\",\"publisher\":{\"@id\":\"https:\/\/qingdaohf.com\/bg\/#organization\"},\"potentialAction\":[{\"@type\":\"SearchAction\",\"target\":{\"@type\":\"EntryPoint\",\"urlTemplate\":\"https:\/\/qingdaohf.com\/bg\/?s={search_term_string}\"},\"query-input\":{\"@type\":\"PropertyValueSpecification\",\"valueRequired\":true,\"valueName\":\"search_term_string\"}}],\"inLanguage\":\"lt-LT\"},{\"@type\":\"Organization\",\"@id\":\"https:\/\/qingdaohf.com\/bg\/#organization\",\"name\":\"Qingdao H&F\",\"url\":\"https:\/\/qingdaohf.com\/bg\/\",\"logo\":{\"@type\":\"ImageObject\",\"inLanguage\":\"lt-LT\",\"@id\":\"https:\/\/qingdaohf.com\/bg\/#\/schema\/logo\/image\/\",\"url\":\"https:\/\/qingdaohf.com\/wp-content\/uploads\/2022\/12\/cropped-HF-LOGO.png\",\"contentUrl\":\"https:\/\/qingdaohf.com\/wp-content\/uploads\/2022\/12\/cropped-HF-LOGO.png\",\"width\":391,\"height\":249,\"caption\":\"Qingdao H&F\"},\"image\":{\"@id\":\"https:\/\/qingdaohf.com\/bg\/#\/schema\/logo\/image\/\"},\"sameAs\":[\"https:\/\/www.facebook.com\/qingdaohf\"]}]}<\/script>\n<!-- \/ Yoast SEO plugin. -->","yoast_head_json":{"title":"Clevis Slip Hook","description":"The clevis slip hook is a type of hook commonly used in lifting and rigging applications.","robots":{"index":"index","follow":"follow","max-snippet":"max-snippet:-1","max-image-preview":"max-image-preview:large","max-video-preview":"max-video-preview:-1"},"canonical":"https:\/\/qingdaohf.com\/lt\/produktas\/kablys-su-slydimo-kabliuku\/","og_locale":"lt_LT","og_type":"article","og_title":"Clevis Slip Hook","og_description":"The clevis slip hook is a type of hook commonly used in lifting and rigging applications.","og_url":"https:\/\/qingdaohf.com\/lt\/produktas\/kablys-su-slydimo-kabliuku\/","og_site_name":"Concrete Form &amp; Rigging Hardware Supplier","article_publisher":"https:\/\/www.facebook.com\/qingdaohf","article_modified_time":"2025-11-13T01:04:23+00:00","og_image":[{"width":1000,"height":1000,"url":"https:\/\/qingdaohf.com\/wp-content\/uploads\/2023\/05\/Clevis-Slip-Hook-13.jpg","type":"image\/jpeg"}],"twitter_card":"summary_large_image","twitter_misc":{"Est. reading time":"2 minut\u0117s"},"schema":{"@context":"https:\/\/schema.org","@graph":[{"@type":"WebPage","@id":"https:\/\/qingdaohf.com\/product\/clevis-slip-hook\/","url":"https:\/\/qingdaohf.com\/product\/clevis-slip-hook\/","name":"Clevis Slip Hook","isPartOf":{"@id":"https:\/\/qingdaohf.com\/bg\/#website"},"primaryImageOfPage":{"@id":"https:\/\/qingdaohf.com\/product\/clevis-slip-hook\/#primaryimage"},"image":{"@id":"https:\/\/qingdaohf.com\/product\/clevis-slip-hook\/#primaryimage"},"thumbnailUrl":"https:\/\/qingdaohf.com\/wp-content\/uploads\/2023\/05\/Clevis-Slip-Hook-13.jpg","datePublished":"2023-05-29T06:50:07+00:00","dateModified":"2025-11-13T01:04:23+00:00","description":"The clevis slip hook is a type of hook commonly used in lifting and rigging applications.","breadcrumb":{"@id":"https:\/\/qingdaohf.com\/product\/clevis-slip-hook\/#breadcrumb"},"inLanguage":"lt-LT","potentialAction":[{"@type":"ReadAction","target":["https:\/\/qingdaohf.com\/product\/clevis-slip-hook\/"]}]},{"@type":"ImageObject","inLanguage":"lt-LT","@id":"https:\/\/qingdaohf.com\/product\/clevis-slip-hook\/#primaryimage","url":"https:\/\/qingdaohf.com\/wp-content\/uploads\/2023\/05\/Clevis-Slip-Hook-13.jpg","contentUrl":"https:\/\/qingdaohf.com\/wp-content\/uploads\/2023\/05\/Clevis-Slip-Hook-13.jpg","width":1000,"height":1000,"caption":"Clevis Slip Hook"},{"@type":"BreadcrumbList","@id":"https:\/\/qingdaohf.com\/product\/clevis-slip-hook\/#breadcrumb","itemListElement":[{"@type":"ListItem","position":1,"name":"Home","item":"https:\/\/qingdaohf.com\/"},{"@type":"ListItem","position":2,"name":"Concrete Forming Accessories and Rigging Hardware","item":"https:\/\/qingdaohf.com\/bg\/?page_id=944"},{"@type":"ListItem","position":3,"name":"Clevis Slip Hook"}]},{"@type":"WebSite","@id":"https:\/\/qingdaohf.com\/bg\/#website","url":"https:\/\/qingdaohf.com\/bg\/","name":"Concrete Form & Rigging Hardware Supplier","description":"","publisher":{"@id":"https:\/\/qingdaohf.com\/bg\/#organization"},"potentialAction":[{"@type":"SearchAction","target":{"@type":"EntryPoint","urlTemplate":"https:\/\/qingdaohf.com\/bg\/?s={search_term_string}"},"query-input":{"@type":"PropertyValueSpecification","valueRequired":true,"valueName":"search_term_string"}}],"inLanguage":"lt-LT"},{"@type":"Organization","@id":"https:\/\/qingdaohf.com\/bg\/#organization","name":"Qingdao H&F","url":"https:\/\/qingdaohf.com\/bg\/","logo":{"@type":"ImageObject","inLanguage":"lt-LT","@id":"https:\/\/qingdaohf.com\/bg\/#\/schema\/logo\/image\/","url":"https:\/\/qingdaohf.com\/wp-content\/uploads\/2022\/12\/cropped-HF-LOGO.png","contentUrl":"https:\/\/qingdaohf.com\/wp-content\/uploads\/2022\/12\/cropped-HF-LOGO.png","width":391,"height":249,"caption":"Qingdao H&F"},"image":{"@id":"https:\/\/qingdaohf.com\/bg\/#\/schema\/logo\/image\/"},"sameAs":["https:\/\/www.facebook.com\/qingdaohf"]}]}},"_links":{"self":[{"href":"https:\/\/qingdaohf.com\/lt\/wp-json\/wp\/v2\/product\/4194","targetHints":{"allow":["GET"]}}],"collection":[{"href":"https:\/\/qingdaohf.com\/lt\/wp-json\/wp\/v2\/product"}],"about":[{"href":"https:\/\/qingdaohf.com\/lt\/wp-json\/wp\/v2\/types\/product"}],"replies":[{"embeddable":true,"href":"https:\/\/qingdaohf.com\/lt\/wp-json\/wp\/v2\/comments?post=4194"}],"version-history":[{"count":2,"href":"https:\/\/qingdaohf.com\/lt\/wp-json\/wp\/v2\/product\/4194\/revisions"}],"predecessor-version":[{"id":9539,"href":"https:\/\/qingdaohf.com\/lt\/wp-json\/wp\/v2\/product\/4194\/revisions\/9539"}],"wp:featuredmedia":[{"embeddable":true,"href":"https:\/\/qingdaohf.com\/lt\/wp-json\/wp\/v2\/media\/4196"}],"wp:attachment":[{"href":"https:\/\/qingdaohf.com\/lt\/wp-json\/wp\/v2\/media?parent=4194"}],"wp:term":[{"taxonomy":"product_brand","embeddable":true,"href":"https:\/\/qingdaohf.com\/lt\/wp-json\/wp\/v2\/product_brand?post=4194"},{"taxonomy":"product_cat","embeddable":true,"href":"https:\/\/qingdaohf.com\/lt\/wp-json\/wp\/v2\/product_cat?post=4194"},{"taxonomy":"product_tag","embeddable":true,"href":"https:\/\/qingdaohf.com\/lt\/wp-json\/wp\/v2\/product_tag?post=4194"}],"curies":[{"name":"wp","href":"https:\/\/api.w.org\/{rel}","templated":true}]}}