{"id":4217,"date":"2023-05-29T15:55:40","date_gmt":"2023-05-29T07:55:40","guid":{"rendered":"http:\/\/qingdaohf.com\/?post_type=product&#038;p=4217"},"modified":"2025-11-13T09:04:22","modified_gmt":"2025-11-13T01:04:22","slug":"ratchet-straps","status":"publish","type":"product","link":"https:\/\/qingdaohf.com\/lt\/produktas\/reketiniai-dirzai\/","title":{"rendered":"Didelio atsparumo reketiniai dir\u017eai Krovinio dir\u017eai, skirti saugiam priri\u0161imui"},"content":{"rendered":"<p><img fetchpriority=\"high\" decoding=\"async\" class=\"alignnone size-full wp-image-6598\" src=\"http:\/\/qingdaohf.com\/wp-content\/uploads\/2023\/05\/Heavy-Duty-Ratchet-Straps-Cargo-Straps-for-Secure-Tie-Down-1.png\" alt=\"Didelio atsparumo reketiniai dir\u017eai Krovinio dir\u017eai, skirti saugiam priri\u0161imui\" width=\"1118\" height=\"681\" srcset=\"https:\/\/qingdaohf.com\/wp-content\/uploads\/2023\/05\/Heavy-Duty-Ratchet-Straps-Cargo-Straps-for-Secure-Tie-Down-1.png 1118w, https:\/\/qingdaohf.com\/wp-content\/uploads\/2023\/05\/Heavy-Duty-Ratchet-Straps-Cargo-Straps-for-Secure-Tie-Down-1-300x183.png 300w, https:\/\/qingdaohf.com\/wp-content\/uploads\/2023\/05\/Heavy-Duty-Ratchet-Straps-Cargo-Straps-for-Secure-Tie-Down-1-1024x624.png 1024w, https:\/\/qingdaohf.com\/wp-content\/uploads\/2023\/05\/Heavy-Duty-Ratchet-Straps-Cargo-Straps-for-Secure-Tie-Down-1-768x468.png 768w, https:\/\/qingdaohf.com\/wp-content\/uploads\/2023\/05\/Heavy-Duty-Ratchet-Straps-Cargo-Straps-for-Secure-Tie-Down-1-1000x609.png 1000w\" sizes=\"(max-width: 1118px) 100vw, 1118px\" \/><\/p>\n<p><strong style=\"font-size: 16px;\">Patikimumas:<\/strong><span style=\"font-size: 16px;\"> Reikia patikim\u0173 reketini\u0173 dir\u017e\u0173. Qingdao H&amp;F esame ne tik tiek\u0117jas, bet ir gamintojas. M\u016bs\u0173 gaminiai gaminami m\u016bs\u0173 pa\u010di\u0173 kooperatin\u0117je gamykloje, tod\u0117l u\u017etikrinama grie\u017eta kokyb\u0117s kontrol\u0117 ir patikimumas, kuris atlaiko sunkiausias s\u0105lygas.<\/span><\/p>\n<p><strong>Prieinamumas:<\/strong> \u017dinome, kad j\u016bs\u0173 pramon\u0117je laikas yra pinigai. Tod\u0117l turime gerai paruo\u0161tas atsargas, kad jums niekada nereik\u0117t\u0173 laukti. Nesvarbu, ar jums reikia vieno, ar t\u016bkstan\u010dio reketini\u0173 dir\u017e\u0173, esame pasireng\u0119 greitai patenkinti j\u016bs\u0173 poreikius.<\/p>\n<p><strong>Konkurencingos kainos:<\/strong> Suprantame ekonomi\u0161kumo svarb\u0105. Esame tiesioginiai pardav\u0117jai, didmenininkai, platintojai ir platintojai, tod\u0117l si\u016blome konkurencingas kainas, nesuma\u017eindami kokyb\u0117s. M\u016bs\u0173 gaminiai atkeliauja tiesiai i\u0161 m\u016bs\u0173 gamyklos Kinijoje, o tai rei\u0161kia, kad gaunate geriausi\u0105 vert\u0119.<\/p>\n<p><strong>Pritaikymas:<\/strong> J\u016bs\u0173 projektams keliami unikal\u016bs reikalavimai. \"Qingdao H&amp;F\" palaiko pritaikym\u0105, tod\u0117l gausite tiksliai j\u016bs\u0173 reikalavimus atitinkan\u010dius reketinius dir\u017eus. M\u016bs\u0173 ekspert\u0173 komanda bendradarbiaus su jumis, kad sukurt\u0173 tobul\u0105 sprendim\u0105.<\/p>\n<p><strong>Kokyb\u0117s u\u017etikrinimas:<\/strong> Tikime skaidrumu. Su kiekvienu u\u017esakymu pateikiame kokyb\u0117s kontrol\u0117s patikrinimo ataskait\u0105, u\u017etikrinan\u010di\u0105, kad m\u016bs\u0173 reketiniai dir\u017eai atitinka auk\u0161\u010diausius kokyb\u0117s standartus.<\/p>\n<div class=\"ast-oembed-container\" style=\"height: 100%;\"><iframe title=\"Didel\u0117s galios 2 coli\u0173 reketiniai dir\u017eeliai u\u017etikrina patikim\u0105 krovinio tvirtinim\u0105\" width=\"500\" height=\"375\" src=\"https:\/\/www.youtube.com\/embed\/EjZB2wJBfFY?feature=oembed\" frameborder=\"0\" allow=\"accelerometer; autoplay; clipboard-write; encrypted-media; gyroscope; picture-in-picture; web-share\" referrerpolicy=\"strict-origin-when-cross-origin\" allowfullscreen><\/iframe><\/div>","protected":false},"excerpt":{"rendered":"<p>Sveiki atvyk\u0119 \u012f \"H&amp;F\", j\u016bs\u0173 pagrindin\u012f reketini\u0173 dir\u017e\u0173 \u0161altin\u012f B2B didmenin\u0117je rinkoje. M\u016bs\u0173 \u012fsipareigojimas siekti meistri\u0161kumo atsiskleid\u017eia m\u016bs\u0173 reketiniuose dir\u017euose, kurie kruop\u0161\u010diai suprojektuoti tvirtiems suri\u0161imo \u012ftaisams. B\u016bdama j\u016bs\u0173 atsidavusi didmenin\u0117s prekybos partner\u0117, \"H&amp;F\" garantuoja ne tik auk\u0161\u010diausios kokyb\u0117s gaminius, bet ir greit\u0105 atsakym\u0105 \u012f visas u\u017eklausas, u\u017etikrindama, kad kiekvienas klausimas bus i\u0161spr\u0119stas per 8 valandas.<\/p>","protected":false},"featured_media":6056,"comment_status":"open","ping_status":"closed","template":"","meta":{"site-sidebar-layout":"default","site-content-layout":"default","ast-site-content-layout":"default","site-content-style":"default","site-sidebar-style":"default","ast-global-header-display":"","ast-banner-title-visibility":"","ast-main-header-display":"","ast-hfb-above-header-display":"","ast-hfb-below-header-display":"","ast-hfb-mobile-header-display":"","site-post-title":"","ast-breadcrumbs-content":"","ast-featured-img":"","footer-sml-layout":"","theme-transparent-header-meta":"default","adv-header-id-meta":"","stick-header-meta":"default","header-above-stick-meta":"","header-main-stick-meta":"","header-below-stick-meta":"","astra-migrate-meta-layouts":"set","ast-page-background-enabled":"default","ast-page-background-meta":{"desktop":{"background-color":"","background-image":"","background-repeat":"repeat","background-position":"center center","background-size":"auto","background-attachment":"scroll","background-type":"","background-media":"","overlay-type":"","overlay-color":"","overlay-opacity":"","overlay-gradient":""},"tablet":{"background-color":"","background-image":"","background-repeat":"repeat","background-position":"center center","background-size":"auto","background-attachment":"scroll","background-type":"","background-media":"","overlay-type":"","overlay-color":"","overlay-opacity":"","overlay-gradient":""},"mobile":{"background-color":"","background-image":"","background-repeat":"repeat","background-position":"center center","background-size":"auto","background-attachment":"scroll","background-type":"","background-media":"","overlay-type":"","overlay-color":"","overlay-opacity":"","overlay-gradient":""}},"ast-content-background-meta":{"desktop":{"background-color":"var(--ast-global-color-5)","background-image":"","background-repeat":"repeat","background-position":"center center","background-size":"auto","background-attachment":"scroll","background-type":"","background-media":"","overlay-type":"","overlay-color":"","overlay-opacity":"","overlay-gradient":""},"tablet":{"background-color":"var(--ast-global-color-5)","background-image":"","background-repeat":"repeat","background-position":"center center","background-size":"auto","background-attachment":"scroll","background-type":"","background-media":"","overlay-type":"","overlay-color":"","overlay-opacity":"","overlay-gradient":""},"mobile":{"background-color":"var(--ast-global-color-5)","background-image":"","background-repeat":"repeat","background-position":"center center","background-size":"auto","background-attachment":"scroll","background-type":"","background-media":"","overlay-type":"","overlay-color":"","overlay-opacity":"","overlay-gradient":""}}},"product_brand":[],"product_cat":[51,68,43],"product_tag":[],"class_list":{"0":"post-4217","1":"product","2":"type-product","3":"status-publish","4":"has-post-thumbnail","6":"product_cat-riggging-hardware","7":"product_cat-ratchet-strap","8":"product_cat-rigging-hardware","9":"desktop-align-left","10":"tablet-align-left","11":"mobile-align-left","12":"ast-product-gallery-layout-horizontal-slider","13":"ast-product-tabs-layout-horizontal","15":"first","16":"instock","17":"shipping-taxable","18":"purchasable","19":"product-type-simple"},"yoast_head":"<!-- This site is optimized with the Yoast SEO plugin v25.2 - https:\/\/yoast.com\/wordpress\/plugins\/seo\/ -->\n<title>Heavy Duty Tie Down Ratchet Straps<\/title>\n<meta name=\"description\" content=\"Our commitment to excellence shines through our Ratchet Straps, meticulously designed for robust tie-down applications.\" \/>\n<meta name=\"robots\" content=\"index, follow, max-snippet:-1, max-image-preview:large, max-video-preview:-1\" \/>\n<link rel=\"canonical\" href=\"https:\/\/qingdaohf.com\/lt\/produktas\/reketiniai-dirzai\/\" \/>\n<meta property=\"og:locale\" content=\"lt_LT\" \/>\n<meta property=\"og:type\" content=\"article\" \/>\n<meta property=\"og:title\" content=\"Heavy Duty Tie Down Ratchet Straps\" \/>\n<meta property=\"og:description\" content=\"Our commitment to excellence shines through our Ratchet Straps, meticulously designed for robust tie-down applications.\" \/>\n<meta property=\"og:url\" content=\"https:\/\/qingdaohf.com\/lt\/produktas\/reketiniai-dirzai\/\" \/>\n<meta property=\"og:site_name\" content=\"Concrete Form &amp; Rigging Hardware Supplier\" \/>\n<meta property=\"article:publisher\" content=\"https:\/\/www.facebook.com\/qingdaohf\" \/>\n<meta property=\"article:modified_time\" content=\"2025-11-13T01:04:22+00:00\" \/>\n<meta property=\"og:image\" content=\"https:\/\/qingdaohf.com\/wp-content\/uploads\/2023\/05\/ratchet-strap-10_\u526f\u672c.jpg\" \/>\n\t<meta property=\"og:image:width\" content=\"800\" \/>\n\t<meta property=\"og:image:height\" content=\"800\" \/>\n\t<meta property=\"og:image:type\" content=\"image\/jpeg\" \/>\n<meta name=\"twitter:card\" content=\"summary_large_image\" \/>\n<meta name=\"twitter:label1\" content=\"Est. reading time\" \/>\n\t<meta name=\"twitter:data1\" content=\"2 minut\u0117s\" \/>\n<script type=\"application\/ld+json\" class=\"yoast-schema-graph\">{\"@context\":\"https:\/\/schema.org\",\"@graph\":[{\"@type\":\"WebPage\",\"@id\":\"https:\/\/qingdaohf.com\/product\/ratchet-straps\/\",\"url\":\"https:\/\/qingdaohf.com\/product\/ratchet-straps\/\",\"name\":\"Heavy Duty Tie Down Ratchet Straps\",\"isPartOf\":{\"@id\":\"https:\/\/qingdaohf.com\/bg\/#website\"},\"primaryImageOfPage\":{\"@id\":\"https:\/\/qingdaohf.com\/product\/ratchet-straps\/#primaryimage\"},\"image\":{\"@id\":\"https:\/\/qingdaohf.com\/product\/ratchet-straps\/#primaryimage\"},\"thumbnailUrl\":\"https:\/\/qingdaohf.com\/wp-content\/uploads\/2023\/05\/ratchet-strap-10_\u526f\u672c.jpg\",\"datePublished\":\"2023-05-29T07:55:40+00:00\",\"dateModified\":\"2025-11-13T01:04:22+00:00\",\"description\":\"Our commitment to excellence shines through our Ratchet Straps, meticulously designed for robust tie-down applications.\",\"breadcrumb\":{\"@id\":\"https:\/\/qingdaohf.com\/product\/ratchet-straps\/#breadcrumb\"},\"inLanguage\":\"lt-LT\",\"potentialAction\":[{\"@type\":\"ReadAction\",\"target\":[\"https:\/\/qingdaohf.com\/product\/ratchet-straps\/\"]}]},{\"@type\":\"ImageObject\",\"inLanguage\":\"lt-LT\",\"@id\":\"https:\/\/qingdaohf.com\/product\/ratchet-straps\/#primaryimage\",\"url\":\"https:\/\/qingdaohf.com\/wp-content\/uploads\/2023\/05\/ratchet-strap-10_\u526f\u672c.jpg\",\"contentUrl\":\"https:\/\/qingdaohf.com\/wp-content\/uploads\/2023\/05\/ratchet-strap-10_\u526f\u672c.jpg\",\"width\":800,\"height\":800,\"caption\":\"ratchet strap\"},{\"@type\":\"BreadcrumbList\",\"@id\":\"https:\/\/qingdaohf.com\/product\/ratchet-straps\/#breadcrumb\",\"itemListElement\":[{\"@type\":\"ListItem\",\"position\":1,\"name\":\"Home\",\"item\":\"https:\/\/qingdaohf.com\/\"},{\"@type\":\"ListItem\",\"position\":2,\"name\":\"Concrete Forming Accessories and Rigging Hardware\",\"item\":\"https:\/\/qingdaohf.com\/bg\/?page_id=944\"},{\"@type\":\"ListItem\",\"position\":3,\"name\":\"Heavy Duty Ratchet Straps Cargo Straps for Secure Tie Down\"}]},{\"@type\":\"WebSite\",\"@id\":\"https:\/\/qingdaohf.com\/bg\/#website\",\"url\":\"https:\/\/qingdaohf.com\/bg\/\",\"name\":\"Concrete Form & Rigging Hardware Supplier\",\"description\":\"\",\"publisher\":{\"@id\":\"https:\/\/qingdaohf.com\/bg\/#organization\"},\"potentialAction\":[{\"@type\":\"SearchAction\",\"target\":{\"@type\":\"EntryPoint\",\"urlTemplate\":\"https:\/\/qingdaohf.com\/bg\/?s={search_term_string}\"},\"query-input\":{\"@type\":\"PropertyValueSpecification\",\"valueRequired\":true,\"valueName\":\"search_term_string\"}}],\"inLanguage\":\"lt-LT\"},{\"@type\":\"Organization\",\"@id\":\"https:\/\/qingdaohf.com\/bg\/#organization\",\"name\":\"Qingdao H&F\",\"url\":\"https:\/\/qingdaohf.com\/bg\/\",\"logo\":{\"@type\":\"ImageObject\",\"inLanguage\":\"lt-LT\",\"@id\":\"https:\/\/qingdaohf.com\/bg\/#\/schema\/logo\/image\/\",\"url\":\"https:\/\/qingdaohf.com\/wp-content\/uploads\/2022\/12\/cropped-HF-LOGO.png\",\"contentUrl\":\"https:\/\/qingdaohf.com\/wp-content\/uploads\/2022\/12\/cropped-HF-LOGO.png\",\"width\":391,\"height\":249,\"caption\":\"Qingdao H&F\"},\"image\":{\"@id\":\"https:\/\/qingdaohf.com\/bg\/#\/schema\/logo\/image\/\"},\"sameAs\":[\"https:\/\/www.facebook.com\/qingdaohf\"]}]}<\/script>\n<!-- \/ Yoast SEO plugin. -->","yoast_head_json":{"title":"Heavy Duty Tie Down Ratchet Straps","description":"Our commitment to excellence shines through our Ratchet Straps, meticulously designed for robust tie-down applications.","robots":{"index":"index","follow":"follow","max-snippet":"max-snippet:-1","max-image-preview":"max-image-preview:large","max-video-preview":"max-video-preview:-1"},"canonical":"https:\/\/qingdaohf.com\/lt\/produktas\/reketiniai-dirzai\/","og_locale":"lt_LT","og_type":"article","og_title":"Heavy Duty Tie Down Ratchet Straps","og_description":"Our commitment to excellence shines through our Ratchet Straps, meticulously designed for robust tie-down applications.","og_url":"https:\/\/qingdaohf.com\/lt\/produktas\/reketiniai-dirzai\/","og_site_name":"Concrete Form &amp; Rigging Hardware Supplier","article_publisher":"https:\/\/www.facebook.com\/qingdaohf","article_modified_time":"2025-11-13T01:04:22+00:00","og_image":[{"width":800,"height":800,"url":"https:\/\/qingdaohf.com\/wp-content\/uploads\/2023\/05\/ratchet-strap-10_\u526f\u672c.jpg","type":"image\/jpeg"}],"twitter_card":"summary_large_image","twitter_misc":{"Est. reading time":"2 minut\u0117s"},"schema":{"@context":"https:\/\/schema.org","@graph":[{"@type":"WebPage","@id":"https:\/\/qingdaohf.com\/product\/ratchet-straps\/","url":"https:\/\/qingdaohf.com\/product\/ratchet-straps\/","name":"Heavy Duty Tie Down Ratchet Straps","isPartOf":{"@id":"https:\/\/qingdaohf.com\/bg\/#website"},"primaryImageOfPage":{"@id":"https:\/\/qingdaohf.com\/product\/ratchet-straps\/#primaryimage"},"image":{"@id":"https:\/\/qingdaohf.com\/product\/ratchet-straps\/#primaryimage"},"thumbnailUrl":"https:\/\/qingdaohf.com\/wp-content\/uploads\/2023\/05\/ratchet-strap-10_\u526f\u672c.jpg","datePublished":"2023-05-29T07:55:40+00:00","dateModified":"2025-11-13T01:04:22+00:00","description":"Our commitment to excellence shines through our Ratchet Straps, meticulously designed for robust tie-down applications.","breadcrumb":{"@id":"https:\/\/qingdaohf.com\/product\/ratchet-straps\/#breadcrumb"},"inLanguage":"lt-LT","potentialAction":[{"@type":"ReadAction","target":["https:\/\/qingdaohf.com\/product\/ratchet-straps\/"]}]},{"@type":"ImageObject","inLanguage":"lt-LT","@id":"https:\/\/qingdaohf.com\/product\/ratchet-straps\/#primaryimage","url":"https:\/\/qingdaohf.com\/wp-content\/uploads\/2023\/05\/ratchet-strap-10_\u526f\u672c.jpg","contentUrl":"https:\/\/qingdaohf.com\/wp-content\/uploads\/2023\/05\/ratchet-strap-10_\u526f\u672c.jpg","width":800,"height":800,"caption":"ratchet strap"},{"@type":"BreadcrumbList","@id":"https:\/\/qingdaohf.com\/product\/ratchet-straps\/#breadcrumb","itemListElement":[{"@type":"ListItem","position":1,"name":"Home","item":"https:\/\/qingdaohf.com\/"},{"@type":"ListItem","position":2,"name":"Concrete Forming Accessories and Rigging Hardware","item":"https:\/\/qingdaohf.com\/bg\/?page_id=944"},{"@type":"ListItem","position":3,"name":"Heavy Duty Ratchet Straps Cargo Straps for Secure Tie Down"}]},{"@type":"WebSite","@id":"https:\/\/qingdaohf.com\/bg\/#website","url":"https:\/\/qingdaohf.com\/bg\/","name":"Concrete Form & Rigging Hardware Supplier","description":"","publisher":{"@id":"https:\/\/qingdaohf.com\/bg\/#organization"},"potentialAction":[{"@type":"SearchAction","target":{"@type":"EntryPoint","urlTemplate":"https:\/\/qingdaohf.com\/bg\/?s={search_term_string}"},"query-input":{"@type":"PropertyValueSpecification","valueRequired":true,"valueName":"search_term_string"}}],"inLanguage":"lt-LT"},{"@type":"Organization","@id":"https:\/\/qingdaohf.com\/bg\/#organization","name":"Qingdao H&F","url":"https:\/\/qingdaohf.com\/bg\/","logo":{"@type":"ImageObject","inLanguage":"lt-LT","@id":"https:\/\/qingdaohf.com\/bg\/#\/schema\/logo\/image\/","url":"https:\/\/qingdaohf.com\/wp-content\/uploads\/2022\/12\/cropped-HF-LOGO.png","contentUrl":"https:\/\/qingdaohf.com\/wp-content\/uploads\/2022\/12\/cropped-HF-LOGO.png","width":391,"height":249,"caption":"Qingdao H&F"},"image":{"@id":"https:\/\/qingdaohf.com\/bg\/#\/schema\/logo\/image\/"},"sameAs":["https:\/\/www.facebook.com\/qingdaohf"]}]}},"_links":{"self":[{"href":"https:\/\/qingdaohf.com\/lt\/wp-json\/wp\/v2\/product\/4217","targetHints":{"allow":["GET"]}}],"collection":[{"href":"https:\/\/qingdaohf.com\/lt\/wp-json\/wp\/v2\/product"}],"about":[{"href":"https:\/\/qingdaohf.com\/lt\/wp-json\/wp\/v2\/types\/product"}],"replies":[{"embeddable":true,"href":"https:\/\/qingdaohf.com\/lt\/wp-json\/wp\/v2\/comments?post=4217"}],"version-history":[{"count":15,"href":"https:\/\/qingdaohf.com\/lt\/wp-json\/wp\/v2\/product\/4217\/revisions"}],"predecessor-version":[{"id":6599,"href":"https:\/\/qingdaohf.com\/lt\/wp-json\/wp\/v2\/product\/4217\/revisions\/6599"}],"wp:featuredmedia":[{"embeddable":true,"href":"https:\/\/qingdaohf.com\/lt\/wp-json\/wp\/v2\/media\/6056"}],"wp:attachment":[{"href":"https:\/\/qingdaohf.com\/lt\/wp-json\/wp\/v2\/media?parent=4217"}],"wp:term":[{"taxonomy":"product_brand","embeddable":true,"href":"https:\/\/qingdaohf.com\/lt\/wp-json\/wp\/v2\/product_brand?post=4217"},{"taxonomy":"product_cat","embeddable":true,"href":"https:\/\/qingdaohf.com\/lt\/wp-json\/wp\/v2\/product_cat?post=4217"},{"taxonomy":"product_tag","embeddable":true,"href":"https:\/\/qingdaohf.com\/lt\/wp-json\/wp\/v2\/product_tag?post=4217"}],"curies":[{"name":"wp","href":"https:\/\/api.w.org\/{rel}","templated":true}]}}