{"id":4244,"date":"2023-05-29T17:11:01","date_gmt":"2023-05-29T09:11:01","guid":{"rendered":"http:\/\/qingdaohf.com\/?post_type=product&#038;p=4244"},"modified":"2025-11-13T09:04:21","modified_gmt":"2025-11-13T01:04:21","slug":"welded-d-ring","status":"publish","type":"product","link":"https:\/\/qingdaohf.com\/lt\/produktas\/suvirintas-d-ziedas\/","title":{"rendered":"Suvirintas D \u017eiedas"},"content":{"rendered":"<div class=\"ast-oembed-container\" style=\"height: 100%;\"><iframe title=\"Suvirinti D \u017eiedo tvirtinimo \u012ftaisai\" width=\"500\" height=\"281\" src=\"https:\/\/www.youtube.com\/embed\/XeWw4iTp6fE?feature=oembed\" frameborder=\"0\" allow=\"accelerometer; autoplay; clipboard-write; encrypted-media; gyroscope; picture-in-picture; web-share\" referrerpolicy=\"strict-origin-when-cross-origin\" allowfullscreen><\/iframe><\/div>\n<p>Suvirintas D formos \u017eiedas paprastai gaminamas i\u0161 didelio atsparumo plieno arba ner\u016bdijan\u010diojo plieno, kuris pasi\u017eymi i\u0161skirtiniu patvarumu ir atsparumu korozijai. Jo D formos konstrukcija - tai u\u017edara kilpa su plok\u0161\u010diu pagrindu ir dviem suapvalintais \u0161onais, primenan\u010diais \"D\" raid\u0119. D formos \u017eiedas sukuriamas suvirinant metalinio strypo galus, taip sukuriant tvirt\u0105 ir saugi\u0105 jungt\u012f.<\/p>\n<p>Vienas i\u0161 pagrindini\u0173 suvirinto D formos \u017eiedo privalum\u0173 yra jo tvirtumas ir laikomoji galia. Suvirinimo procesas u\u017etikrina tvirt\u0105 ir vientis\u0105 jungt\u012f, tod\u0117l D formos \u017eiedas atlaiko dideles apkrovas ir yra patikimas tvirtinimo ta\u0161kas. Plok\u0161\u010dias D formos \u017eiedo pagrindas leid\u017eia lengvai tvirtinti ar montuoti ant \u012fvairi\u0173 pavir\u0161i\u0173, pavyzd\u017eiui, sien\u0173, grind\u0173 ar \u012frangos.<\/p>\n<p>D\u0117l suvirinto D formos \u017eiedo universalumo j\u012f galima naudoti \u012fvairiose srityse. Jis paprastai naudojamas tokiose pramon\u0117s \u0161akose kaip statyba, transportas ir rekreacin\u0117 veikla. J\u012f galima rasti krovini\u0173 tvirtinimo sistemose, k\u0117limo \u012frangoje, dir\u017euose ir vilkimo \u012frenginiuose. D formos \u017eiedas u\u017etikrina saug\u0173 sujungimo ta\u0161k\u0105, tod\u0117l krovinius galima tvarkyti efektyviai ir saugiai.<\/p>\n<p>Naudojant suvirintus D formos \u017eiedus svarbiausia yra saugumas. B\u016btina u\u017etikrinti, kad D-\u017eiedas b\u016bt\u0173 tinkamai sumontuotas ir patikimai pritvirtintas prie atitinkamo tvirtinimo ta\u0161ko. Reik\u0117t\u0173 reguliariai tikrinti, kad b\u016bt\u0173 aptikti bet kokie nusid\u0117v\u0117jimo, deformacijos ar pa\u017eeidimo po\u017eymiai, galintys pakenkti D-\u017eiedo vientisumui. Pa\u017eeistus arba susid\u0117v\u0117jusius D-\u017eiedus reikia nedelsiant pakeisti, kad b\u016bt\u0173 u\u017etikrintas saugus darbas.<\/p>","protected":false},"excerpt":{"rendered":"<p>Suvirintas D formos \u017eiedas yra universalus ir tvirtas technin\u0117s \u012frangos komponentas, da\u017eniausiai naudojamas \u012fvairiose srityse, \u012fskaitant krovini\u0173 k\u0117lim\u0105, tvirtinim\u0105 ir tvirtinim\u0105. Jis sukurtas taip, kad b\u016bt\u0173 patikimas tvirtinimo ta\u0161kas dir\u017eams, virv\u0117ms, grandin\u0117ms ar kitiems priedams sujungti.<\/p>","protected":false},"featured_media":4245,"comment_status":"open","ping_status":"closed","template":"","meta":{"site-sidebar-layout":"default","site-content-layout":"default","ast-site-content-layout":"","site-content-style":"default","site-sidebar-style":"default","ast-global-header-display":"","ast-banner-title-visibility":"","ast-main-header-display":"","ast-hfb-above-header-display":"","ast-hfb-below-header-display":"","ast-hfb-mobile-header-display":"","site-post-title":"","ast-breadcrumbs-content":"","ast-featured-img":"","footer-sml-layout":"","theme-transparent-header-meta":"default","adv-header-id-meta":"","stick-header-meta":"default","header-above-stick-meta":"","header-main-stick-meta":"","header-below-stick-meta":"","astra-migrate-meta-layouts":"default","ast-page-background-enabled":"default","ast-page-background-meta":{"desktop":{"background-color":"","background-image":"","background-repeat":"repeat","background-position":"center center","background-size":"auto","background-attachment":"scroll","background-type":"","background-media":"","overlay-type":"","overlay-color":"","overlay-opacity":"","overlay-gradient":""},"tablet":{"background-color":"","background-image":"","background-repeat":"repeat","background-position":"center center","background-size":"auto","background-attachment":"scroll","background-type":"","background-media":"","overlay-type":"","overlay-color":"","overlay-opacity":"","overlay-gradient":""},"mobile":{"background-color":"","background-image":"","background-repeat":"repeat","background-position":"center center","background-size":"auto","background-attachment":"scroll","background-type":"","background-media":"","overlay-type":"","overlay-color":"","overlay-opacity":"","overlay-gradient":""}},"ast-content-background-meta":{"desktop":{"background-color":"var(--ast-global-color-5)","background-image":"","background-repeat":"repeat","background-position":"center center","background-size":"auto","background-attachment":"scroll","background-type":"","background-media":"","overlay-type":"","overlay-color":"","overlay-opacity":"","overlay-gradient":""},"tablet":{"background-color":"var(--ast-global-color-5)","background-image":"","background-repeat":"repeat","background-position":"center center","background-size":"auto","background-attachment":"scroll","background-type":"","background-media":"","overlay-type":"","overlay-color":"","overlay-opacity":"","overlay-gradient":""},"mobile":{"background-color":"var(--ast-global-color-5)","background-image":"","background-repeat":"repeat","background-position":"center center","background-size":"auto","background-attachment":"scroll","background-type":"","background-media":"","overlay-type":"","overlay-color":"","overlay-opacity":"","overlay-gradient":""}}},"product_brand":[],"product_cat":[43],"product_tag":[],"class_list":{"0":"post-4244","1":"product","2":"type-product","3":"status-publish","4":"has-post-thumbnail","6":"product_cat-rigging-hardware","7":"desktop-align-left","8":"tablet-align-left","9":"mobile-align-left","10":"ast-product-gallery-layout-horizontal-slider","11":"ast-product-tabs-layout-horizontal","13":"first","14":"instock","15":"shipping-taxable","16":"purchasable","17":"product-type-simple"},"yoast_head":"<!-- This site is optimized with the Yoast SEO plugin v25.2 - https:\/\/yoast.com\/wordpress\/plugins\/seo\/ -->\n<title>Welded D Ring<\/title>\n<meta name=\"description\" content=\"The welded D-ring is a versatile and sturdy hardware component commonly used in various applications, including lifting, rigging, and securing loads. It is designed to provide a reliable attachment point for connecting straps, ropes, chains, or other accessories.\" \/>\n<meta name=\"robots\" content=\"index, follow, max-snippet:-1, max-image-preview:large, max-video-preview:-1\" \/>\n<link rel=\"canonical\" href=\"https:\/\/qingdaohf.com\/lt\/produktas\/suvirintas-d-ziedas\/\" \/>\n<meta property=\"og:locale\" content=\"lt_LT\" \/>\n<meta property=\"og:type\" content=\"article\" \/>\n<meta property=\"og:title\" content=\"Welded D Ring\" \/>\n<meta property=\"og:description\" content=\"The welded D-ring is a versatile and sturdy hardware component commonly used in various applications, including lifting, rigging, and securing loads. It is designed to provide a reliable attachment point for connecting straps, ropes, chains, or other accessories.\" \/>\n<meta property=\"og:url\" content=\"https:\/\/qingdaohf.com\/lt\/produktas\/suvirintas-d-ziedas\/\" \/>\n<meta property=\"og:site_name\" content=\"Concrete Form &amp; Rigging Hardware Supplier\" \/>\n<meta property=\"article:publisher\" content=\"https:\/\/www.facebook.com\/qingdaohf\" \/>\n<meta property=\"article:modified_time\" content=\"2025-11-13T01:04:21+00:00\" \/>\n<meta property=\"og:image\" content=\"https:\/\/qingdaohf.com\/wp-content\/uploads\/2023\/05\/welded-d-ring-1.jpg\" \/>\n\t<meta property=\"og:image:width\" content=\"1000\" \/>\n\t<meta property=\"og:image:height\" content=\"1000\" \/>\n\t<meta property=\"og:image:type\" content=\"image\/jpeg\" \/>\n<meta name=\"twitter:card\" content=\"summary_large_image\" \/>\n<meta name=\"twitter:label1\" content=\"Est. reading time\" \/>\n\t<meta name=\"twitter:data1\" content=\"2 minut\u0117s\" \/>\n<script type=\"application\/ld+json\" class=\"yoast-schema-graph\">{\"@context\":\"https:\/\/schema.org\",\"@graph\":[{\"@type\":\"WebPage\",\"@id\":\"https:\/\/qingdaohf.com\/product\/welded-d-ring\/\",\"url\":\"https:\/\/qingdaohf.com\/product\/welded-d-ring\/\",\"name\":\"Welded D Ring\",\"isPartOf\":{\"@id\":\"https:\/\/qingdaohf.com\/bg\/#website\"},\"primaryImageOfPage\":{\"@id\":\"https:\/\/qingdaohf.com\/product\/welded-d-ring\/#primaryimage\"},\"image\":{\"@id\":\"https:\/\/qingdaohf.com\/product\/welded-d-ring\/#primaryimage\"},\"thumbnailUrl\":\"https:\/\/qingdaohf.com\/wp-content\/uploads\/2023\/05\/welded-d-ring-1.jpg\",\"datePublished\":\"2023-05-29T09:11:01+00:00\",\"dateModified\":\"2025-11-13T01:04:21+00:00\",\"description\":\"The welded D-ring is a versatile and sturdy hardware component commonly used in various applications, including lifting, rigging, and securing loads. It is designed to provide a reliable attachment point for connecting straps, ropes, chains, or other accessories.\",\"breadcrumb\":{\"@id\":\"https:\/\/qingdaohf.com\/product\/welded-d-ring\/#breadcrumb\"},\"inLanguage\":\"lt-LT\",\"potentialAction\":[{\"@type\":\"ReadAction\",\"target\":[\"https:\/\/qingdaohf.com\/product\/welded-d-ring\/\"]}]},{\"@type\":\"ImageObject\",\"inLanguage\":\"lt-LT\",\"@id\":\"https:\/\/qingdaohf.com\/product\/welded-d-ring\/#primaryimage\",\"url\":\"https:\/\/qingdaohf.com\/wp-content\/uploads\/2023\/05\/welded-d-ring-1.jpg\",\"contentUrl\":\"https:\/\/qingdaohf.com\/wp-content\/uploads\/2023\/05\/welded-d-ring-1.jpg\",\"width\":1000,\"height\":1000,\"caption\":\"welded d ring\"},{\"@type\":\"BreadcrumbList\",\"@id\":\"https:\/\/qingdaohf.com\/product\/welded-d-ring\/#breadcrumb\",\"itemListElement\":[{\"@type\":\"ListItem\",\"position\":1,\"name\":\"Home\",\"item\":\"https:\/\/qingdaohf.com\/\"},{\"@type\":\"ListItem\",\"position\":2,\"name\":\"Concrete Forming Accessories and Rigging Hardware\",\"item\":\"https:\/\/qingdaohf.com\/bg\/?page_id=944\"},{\"@type\":\"ListItem\",\"position\":3,\"name\":\"Welded D Ring\"}]},{\"@type\":\"WebSite\",\"@id\":\"https:\/\/qingdaohf.com\/bg\/#website\",\"url\":\"https:\/\/qingdaohf.com\/bg\/\",\"name\":\"Concrete Form & Rigging Hardware Supplier\",\"description\":\"\",\"publisher\":{\"@id\":\"https:\/\/qingdaohf.com\/bg\/#organization\"},\"potentialAction\":[{\"@type\":\"SearchAction\",\"target\":{\"@type\":\"EntryPoint\",\"urlTemplate\":\"https:\/\/qingdaohf.com\/bg\/?s={search_term_string}\"},\"query-input\":{\"@type\":\"PropertyValueSpecification\",\"valueRequired\":true,\"valueName\":\"search_term_string\"}}],\"inLanguage\":\"lt-LT\"},{\"@type\":\"Organization\",\"@id\":\"https:\/\/qingdaohf.com\/bg\/#organization\",\"name\":\"Qingdao H&F\",\"url\":\"https:\/\/qingdaohf.com\/bg\/\",\"logo\":{\"@type\":\"ImageObject\",\"inLanguage\":\"lt-LT\",\"@id\":\"https:\/\/qingdaohf.com\/bg\/#\/schema\/logo\/image\/\",\"url\":\"https:\/\/qingdaohf.com\/wp-content\/uploads\/2022\/12\/cropped-HF-LOGO.png\",\"contentUrl\":\"https:\/\/qingdaohf.com\/wp-content\/uploads\/2022\/12\/cropped-HF-LOGO.png\",\"width\":391,\"height\":249,\"caption\":\"Qingdao H&F\"},\"image\":{\"@id\":\"https:\/\/qingdaohf.com\/bg\/#\/schema\/logo\/image\/\"},\"sameAs\":[\"https:\/\/www.facebook.com\/qingdaohf\"]}]}<\/script>\n<!-- \/ Yoast SEO plugin. -->","yoast_head_json":{"title":"Welded D Ring","description":"The welded D-ring is a versatile and sturdy hardware component commonly used in various applications, including lifting, rigging, and securing loads. It is designed to provide a reliable attachment point for connecting straps, ropes, chains, or other accessories.","robots":{"index":"index","follow":"follow","max-snippet":"max-snippet:-1","max-image-preview":"max-image-preview:large","max-video-preview":"max-video-preview:-1"},"canonical":"https:\/\/qingdaohf.com\/lt\/produktas\/suvirintas-d-ziedas\/","og_locale":"lt_LT","og_type":"article","og_title":"Welded D Ring","og_description":"The welded D-ring is a versatile and sturdy hardware component commonly used in various applications, including lifting, rigging, and securing loads. It is designed to provide a reliable attachment point for connecting straps, ropes, chains, or other accessories.","og_url":"https:\/\/qingdaohf.com\/lt\/produktas\/suvirintas-d-ziedas\/","og_site_name":"Concrete Form &amp; Rigging Hardware Supplier","article_publisher":"https:\/\/www.facebook.com\/qingdaohf","article_modified_time":"2025-11-13T01:04:21+00:00","og_image":[{"width":1000,"height":1000,"url":"https:\/\/qingdaohf.com\/wp-content\/uploads\/2023\/05\/welded-d-ring-1.jpg","type":"image\/jpeg"}],"twitter_card":"summary_large_image","twitter_misc":{"Est. reading time":"2 minut\u0117s"},"schema":{"@context":"https:\/\/schema.org","@graph":[{"@type":"WebPage","@id":"https:\/\/qingdaohf.com\/product\/welded-d-ring\/","url":"https:\/\/qingdaohf.com\/product\/welded-d-ring\/","name":"Welded D Ring","isPartOf":{"@id":"https:\/\/qingdaohf.com\/bg\/#website"},"primaryImageOfPage":{"@id":"https:\/\/qingdaohf.com\/product\/welded-d-ring\/#primaryimage"},"image":{"@id":"https:\/\/qingdaohf.com\/product\/welded-d-ring\/#primaryimage"},"thumbnailUrl":"https:\/\/qingdaohf.com\/wp-content\/uploads\/2023\/05\/welded-d-ring-1.jpg","datePublished":"2023-05-29T09:11:01+00:00","dateModified":"2025-11-13T01:04:21+00:00","description":"The welded D-ring is a versatile and sturdy hardware component commonly used in various applications, including lifting, rigging, and securing loads. It is designed to provide a reliable attachment point for connecting straps, ropes, chains, or other accessories.","breadcrumb":{"@id":"https:\/\/qingdaohf.com\/product\/welded-d-ring\/#breadcrumb"},"inLanguage":"lt-LT","potentialAction":[{"@type":"ReadAction","target":["https:\/\/qingdaohf.com\/product\/welded-d-ring\/"]}]},{"@type":"ImageObject","inLanguage":"lt-LT","@id":"https:\/\/qingdaohf.com\/product\/welded-d-ring\/#primaryimage","url":"https:\/\/qingdaohf.com\/wp-content\/uploads\/2023\/05\/welded-d-ring-1.jpg","contentUrl":"https:\/\/qingdaohf.com\/wp-content\/uploads\/2023\/05\/welded-d-ring-1.jpg","width":1000,"height":1000,"caption":"welded d ring"},{"@type":"BreadcrumbList","@id":"https:\/\/qingdaohf.com\/product\/welded-d-ring\/#breadcrumb","itemListElement":[{"@type":"ListItem","position":1,"name":"Home","item":"https:\/\/qingdaohf.com\/"},{"@type":"ListItem","position":2,"name":"Concrete Forming Accessories and Rigging Hardware","item":"https:\/\/qingdaohf.com\/bg\/?page_id=944"},{"@type":"ListItem","position":3,"name":"Welded D Ring"}]},{"@type":"WebSite","@id":"https:\/\/qingdaohf.com\/bg\/#website","url":"https:\/\/qingdaohf.com\/bg\/","name":"Concrete Form & Rigging Hardware Supplier","description":"","publisher":{"@id":"https:\/\/qingdaohf.com\/bg\/#organization"},"potentialAction":[{"@type":"SearchAction","target":{"@type":"EntryPoint","urlTemplate":"https:\/\/qingdaohf.com\/bg\/?s={search_term_string}"},"query-input":{"@type":"PropertyValueSpecification","valueRequired":true,"valueName":"search_term_string"}}],"inLanguage":"lt-LT"},{"@type":"Organization","@id":"https:\/\/qingdaohf.com\/bg\/#organization","name":"Qingdao H&F","url":"https:\/\/qingdaohf.com\/bg\/","logo":{"@type":"ImageObject","inLanguage":"lt-LT","@id":"https:\/\/qingdaohf.com\/bg\/#\/schema\/logo\/image\/","url":"https:\/\/qingdaohf.com\/wp-content\/uploads\/2022\/12\/cropped-HF-LOGO.png","contentUrl":"https:\/\/qingdaohf.com\/wp-content\/uploads\/2022\/12\/cropped-HF-LOGO.png","width":391,"height":249,"caption":"Qingdao H&F"},"image":{"@id":"https:\/\/qingdaohf.com\/bg\/#\/schema\/logo\/image\/"},"sameAs":["https:\/\/www.facebook.com\/qingdaohf"]}]}},"_links":{"self":[{"href":"https:\/\/qingdaohf.com\/lt\/wp-json\/wp\/v2\/product\/4244","targetHints":{"allow":["GET"]}}],"collection":[{"href":"https:\/\/qingdaohf.com\/lt\/wp-json\/wp\/v2\/product"}],"about":[{"href":"https:\/\/qingdaohf.com\/lt\/wp-json\/wp\/v2\/types\/product"}],"replies":[{"embeddable":true,"href":"https:\/\/qingdaohf.com\/lt\/wp-json\/wp\/v2\/comments?post=4244"}],"version-history":[{"count":2,"href":"https:\/\/qingdaohf.com\/lt\/wp-json\/wp\/v2\/product\/4244\/revisions"}],"predecessor-version":[{"id":10419,"href":"https:\/\/qingdaohf.com\/lt\/wp-json\/wp\/v2\/product\/4244\/revisions\/10419"}],"wp:featuredmedia":[{"embeddable":true,"href":"https:\/\/qingdaohf.com\/lt\/wp-json\/wp\/v2\/media\/4245"}],"wp:attachment":[{"href":"https:\/\/qingdaohf.com\/lt\/wp-json\/wp\/v2\/media?parent=4244"}],"wp:term":[{"taxonomy":"product_brand","embeddable":true,"href":"https:\/\/qingdaohf.com\/lt\/wp-json\/wp\/v2\/product_brand?post=4244"},{"taxonomy":"product_cat","embeddable":true,"href":"https:\/\/qingdaohf.com\/lt\/wp-json\/wp\/v2\/product_cat?post=4244"},{"taxonomy":"product_tag","embeddable":true,"href":"https:\/\/qingdaohf.com\/lt\/wp-json\/wp\/v2\/product_tag?post=4244"}],"curies":[{"name":"wp","href":"https:\/\/api.w.org\/{rel}","templated":true}]}}