{"id":4271,"date":"2023-06-01T17:48:40","date_gmt":"2023-06-01T09:48:40","guid":{"rendered":"http:\/\/qingdaohf.com\/?post_type=product&#038;p=4271"},"modified":"2025-11-13T09:04:21","modified_gmt":"2025-11-13T01:04:21","slug":"stainless-steel-coil-nail","status":"publish","type":"product","link":"https:\/\/qingdaohf.com\/lt\/produktas\/nerudijancio-plieno-rites-vinis\/","title":{"rendered":"Ner\u016bdijan\u010dio plieno rit\u0117s vinis"},"content":{"rendered":"<ol>\n<li>Med\u017eiaga: Ner\u016bdijan\u010dio plieno vinys pagamintos i\u0161 auk\u0161tos kokyb\u0117s ner\u016bdijan\u010dio plieno. Ner\u016bdijantis plienas pasirinktas d\u0117l atsparumo korozijai, tvirtumo ir ilgaam\u017ei\u0161kumo. Tai ideali med\u017eiaga, tinkama naudoti ten, kur vinys gali b\u016bti veikiamos dr\u0117gm\u0117s ar korozin\u0117s aplinkos.<\/li>\n<li>Rit\u0117s forma: Skirtingai nuo tradicini\u0173 biri\u0173 vini\u0173 ar lazdelini\u0173 vini\u0173, ner\u016bdijan\u010dio plieno ritinin\u0117s vinys yra suformuotos rit\u0117s forma. Tokia rit\u0117s forma u\u017etikrina didesn\u0119 vini\u0173 talp\u0105, tod\u0117l \u012f ritini\u0173 vini\u0173 pistolet\u0105 galima \u012fd\u0117ti daugiau vini\u0173, o tai padidina efektyvum\u0105 ir suma\u017eina da\u017eno \u012fkrovimo poreik\u012f.<\/li>\n<li>Smaigalys ir kotas: Ner\u016bdijan\u010dio plieno vinys paprastai turi a\u0161tr\u0173 deimantin\u012f smaigal\u012f, kuris padeda lengvai \u012fsmeigti vin\u012f \u012f \u012fvairias med\u017eiagas. Vinys kotas (korpusas) da\u017enai turi \u017eiedin\u012f arba spiralin\u012f srieg\u012f, kuris u\u017etikrina geresn\u012f sukibim\u0105 ir atsparum\u0105 i\u0161traukimo j\u0117goms.<\/li>\n<li>Dyd\u017eiai ir pritaikymas: Ner\u016bdijan\u010dio plieno ritinin\u0117s vinys gali b\u016bti \u012fvairi\u0173 ilgi\u0173, skersmen\u0173 ir matmen\u0173, kad tikt\u0173 \u012fvairioms reikm\u0117ms. Jos da\u017eniausiai naudojamos statybose karkasams, denginiams, stogams, dailylent\u0117ms, tvoroms ir kitiems konstrukciniams darbams. Be to, jos praver\u010dia med\u017eio apdirbimo projektuose, pavyzd\u017eiui, montuojant baldus, montuojant spinteles ir atliekant apdailos darbus.<\/li>\n<li>Atsparumas korozijai: Vienas i\u0161 pagrindini\u0173 ner\u016bdijan\u010dio plieno ritinini\u0173 vini\u0173 privalum\u0173 yra j\u0173 atsparumas korozijai. Ner\u016bdijan\u010diojo plieno sud\u0117tyje yra chromo, kuris ant pavir\u0161iaus sudaro apsaugin\u012f oksido sluoksn\u012f, apsaugant\u012f vinis nuo r\u016bd\u017ei\u0173 ir korozijos, atsirandan\u010dios d\u0117l dr\u0117gm\u0117s, chemini\u0173 med\u017eiag\u0173 ar oro s\u0105lyg\u0173 poveikio.<\/li>\n<li>Didelis stiprumas: Ner\u016bdijan\u010dio plieno vinys pasi\u017eymi dideliu tvirtumu ir ilgaam\u017ei\u0161kumu. Jos sukonstruotos taip, kad atlaikyt\u0173 didel\u012f \u012ftempim\u0105 ir \u0161onines j\u0117gas, u\u017etikrina patikim\u0105 laikom\u0105j\u0105 gali\u0105 ir suma\u017eina vini\u0173 l\u016b\u017eimo ar i\u0161traukimo rizik\u0105.<\/li>\n<li>Suderinamumas: Ner\u016bdijan\u010dio plieno ritinin\u0117s vinys yra suderinamos su specialiai ritinin\u0117ms vinims skirtais pistoletais. \u0160ie vini\u0173 pistoletai naudoja susl\u0117gt\u0105 or\u0105 arba dujas, kad vinys b\u016bt\u0173 greitai ir efektyviai \u012fkaltos \u012f med\u017eiag\u0105.<\/li>\n<\/ol>\n<div class=\"ast-oembed-container\" style=\"height: 100%;\"><iframe title=\"QINGDAO HF rit\u0117s vinis\" width=\"500\" height=\"375\" src=\"https:\/\/www.youtube.com\/embed\/d7FHshG3YyY?feature=oembed\" frameborder=\"0\" allow=\"accelerometer; autoplay; clipboard-write; encrypted-media; gyroscope; picture-in-picture; web-share\" referrerpolicy=\"strict-origin-when-cross-origin\" allowfullscreen><\/iframe><\/div>","protected":false},"excerpt":{"rendered":"<p>Ner\u016bdijan\u010dio plieno ritinin\u0117s vinys yra patikimas pasirinkimas sud\u0117tingoms reikm\u0117ms, kurioms reikia stipri\u0173, ilgaam\u017ei\u0173 ir atspari\u0173 korozijai tvirtinimo detali\u0173. D\u0117l unikalios rit\u0117s formos, didelio stiprumo ir suderinamumo su vini\u0173 pistoletais jos yra populiarus statybos ir med\u017eio apdirbimo pramon\u0117s profesional\u0173 pasirinkimas.<\/p>","protected":false},"featured_media":4272,"comment_status":"open","ping_status":"closed","template":"","meta":{"site-sidebar-layout":"default","site-content-layout":"default","ast-site-content-layout":"","site-content-style":"default","site-sidebar-style":"default","ast-global-header-display":"","ast-banner-title-visibility":"","ast-main-header-display":"","ast-hfb-above-header-display":"","ast-hfb-below-header-display":"","ast-hfb-mobile-header-display":"","site-post-title":"","ast-breadcrumbs-content":"","ast-featured-img":"","footer-sml-layout":"","theme-transparent-header-meta":"default","adv-header-id-meta":"","stick-header-meta":"default","header-above-stick-meta":"","header-main-stick-meta":"","header-below-stick-meta":"","astra-migrate-meta-layouts":"default","ast-page-background-enabled":"default","ast-page-background-meta":{"desktop":{"background-color":"","background-image":"","background-repeat":"repeat","background-position":"center center","background-size":"auto","background-attachment":"scroll","background-type":"","background-media":"","overlay-type":"","overlay-color":"","overlay-opacity":"","overlay-gradient":""},"tablet":{"background-color":"","background-image":"","background-repeat":"repeat","background-position":"center center","background-size":"auto","background-attachment":"scroll","background-type":"","background-media":"","overlay-type":"","overlay-color":"","overlay-opacity":"","overlay-gradient":""},"mobile":{"background-color":"","background-image":"","background-repeat":"repeat","background-position":"center center","background-size":"auto","background-attachment":"scroll","background-type":"","background-media":"","overlay-type":"","overlay-color":"","overlay-opacity":"","overlay-gradient":""}},"ast-content-background-meta":{"desktop":{"background-color":"var(--ast-global-color-5)","background-image":"","background-repeat":"repeat","background-position":"center center","background-size":"auto","background-attachment":"scroll","background-type":"","background-media":"","overlay-type":"","overlay-color":"","overlay-opacity":"","overlay-gradient":""},"tablet":{"background-color":"var(--ast-global-color-5)","background-image":"","background-repeat":"repeat","background-position":"center center","background-size":"auto","background-attachment":"scroll","background-type":"","background-media":"","overlay-type":"","overlay-color":"","overlay-opacity":"","overlay-gradient":""},"mobile":{"background-color":"var(--ast-global-color-5)","background-image":"","background-repeat":"repeat","background-position":"center center","background-size":"auto","background-attachment":"scroll","background-type":"","background-media":"","overlay-type":"","overlay-color":"","overlay-opacity":"","overlay-gradient":""}}},"product_brand":[],"product_cat":[34,43],"product_tag":[],"class_list":{"0":"post-4271","1":"product","2":"type-product","3":"status-publish","4":"has-post-thumbnail","6":"product_cat-nail","7":"product_cat-rigging-hardware","8":"desktop-align-left","9":"tablet-align-left","10":"mobile-align-left","11":"ast-product-gallery-layout-horizontal-slider","12":"ast-product-tabs-layout-horizontal","14":"first","15":"instock","16":"shipping-taxable","17":"purchasable","18":"product-type-simple"},"yoast_head":"<!-- This site is optimized with the Yoast SEO plugin v25.2 - https:\/\/yoast.com\/wordpress\/plugins\/seo\/ -->\n<title>Stainless Steel Coil Nail<\/title>\n<meta name=\"description\" content=\"Stainless steel coil nails are a reliable choice for demanding applications that require strong, long-lasting fasteners with corrosion resistance.\" \/>\n<meta name=\"robots\" content=\"index, follow, max-snippet:-1, max-image-preview:large, max-video-preview:-1\" \/>\n<link rel=\"canonical\" href=\"https:\/\/qingdaohf.com\/lt\/produktas\/nerudijancio-plieno-rites-vinis\/\" \/>\n<meta property=\"og:locale\" content=\"lt_LT\" \/>\n<meta property=\"og:type\" content=\"article\" \/>\n<meta property=\"og:title\" content=\"Stainless Steel Coil Nail\" \/>\n<meta property=\"og:description\" content=\"Stainless steel coil nails are a reliable choice for demanding applications that require strong, long-lasting fasteners with corrosion resistance.\" \/>\n<meta property=\"og:url\" content=\"https:\/\/qingdaohf.com\/lt\/produktas\/nerudijancio-plieno-rites-vinis\/\" \/>\n<meta property=\"og:site_name\" content=\"Concrete Form &amp; Rigging Hardware Supplier\" \/>\n<meta property=\"article:publisher\" content=\"https:\/\/www.facebook.com\/qingdaohf\" \/>\n<meta property=\"article:modified_time\" content=\"2025-11-13T01:04:21+00:00\" \/>\n<meta property=\"og:image\" content=\"https:\/\/qingdaohf.com\/wp-content\/uploads\/2023\/06\/coil-nail-1.jpg\" \/>\n\t<meta property=\"og:image:width\" content=\"1000\" \/>\n\t<meta property=\"og:image:height\" content=\"1000\" \/>\n\t<meta property=\"og:image:type\" content=\"image\/jpeg\" \/>\n<meta name=\"twitter:card\" content=\"summary_large_image\" \/>\n<meta name=\"twitter:label1\" content=\"Est. reading time\" \/>\n\t<meta name=\"twitter:data1\" content=\"2 minut\u0117s\" \/>\n<script type=\"application\/ld+json\" class=\"yoast-schema-graph\">{\"@context\":\"https:\/\/schema.org\",\"@graph\":[{\"@type\":\"WebPage\",\"@id\":\"https:\/\/qingdaohf.com\/product\/stainless-steel-coil-nail\/\",\"url\":\"https:\/\/qingdaohf.com\/product\/stainless-steel-coil-nail\/\",\"name\":\"Stainless Steel Coil Nail\",\"isPartOf\":{\"@id\":\"https:\/\/qingdaohf.com\/bg\/#website\"},\"primaryImageOfPage\":{\"@id\":\"https:\/\/qingdaohf.com\/product\/stainless-steel-coil-nail\/#primaryimage\"},\"image\":{\"@id\":\"https:\/\/qingdaohf.com\/product\/stainless-steel-coil-nail\/#primaryimage\"},\"thumbnailUrl\":\"https:\/\/qingdaohf.com\/wp-content\/uploads\/2023\/06\/coil-nail-1.jpg\",\"datePublished\":\"2023-06-01T09:48:40+00:00\",\"dateModified\":\"2025-11-13T01:04:21+00:00\",\"description\":\"Stainless steel coil nails are a reliable choice for demanding applications that require strong, long-lasting fasteners with corrosion resistance.\",\"breadcrumb\":{\"@id\":\"https:\/\/qingdaohf.com\/product\/stainless-steel-coil-nail\/#breadcrumb\"},\"inLanguage\":\"lt-LT\",\"potentialAction\":[{\"@type\":\"ReadAction\",\"target\":[\"https:\/\/qingdaohf.com\/product\/stainless-steel-coil-nail\/\"]}]},{\"@type\":\"ImageObject\",\"inLanguage\":\"lt-LT\",\"@id\":\"https:\/\/qingdaohf.com\/product\/stainless-steel-coil-nail\/#primaryimage\",\"url\":\"https:\/\/qingdaohf.com\/wp-content\/uploads\/2023\/06\/coil-nail-1.jpg\",\"contentUrl\":\"https:\/\/qingdaohf.com\/wp-content\/uploads\/2023\/06\/coil-nail-1.jpg\",\"width\":1000,\"height\":1000,\"caption\":\"coil nail\"},{\"@type\":\"BreadcrumbList\",\"@id\":\"https:\/\/qingdaohf.com\/product\/stainless-steel-coil-nail\/#breadcrumb\",\"itemListElement\":[{\"@type\":\"ListItem\",\"position\":1,\"name\":\"Home\",\"item\":\"https:\/\/qingdaohf.com\/\"},{\"@type\":\"ListItem\",\"position\":2,\"name\":\"Concrete Forming Accessories and Rigging Hardware\",\"item\":\"https:\/\/qingdaohf.com\/bg\/?page_id=944\"},{\"@type\":\"ListItem\",\"position\":3,\"name\":\"Stainless Steel Coil Nail\"}]},{\"@type\":\"WebSite\",\"@id\":\"https:\/\/qingdaohf.com\/bg\/#website\",\"url\":\"https:\/\/qingdaohf.com\/bg\/\",\"name\":\"Concrete Form & Rigging Hardware Supplier\",\"description\":\"\",\"publisher\":{\"@id\":\"https:\/\/qingdaohf.com\/bg\/#organization\"},\"potentialAction\":[{\"@type\":\"SearchAction\",\"target\":{\"@type\":\"EntryPoint\",\"urlTemplate\":\"https:\/\/qingdaohf.com\/bg\/?s={search_term_string}\"},\"query-input\":{\"@type\":\"PropertyValueSpecification\",\"valueRequired\":true,\"valueName\":\"search_term_string\"}}],\"inLanguage\":\"lt-LT\"},{\"@type\":\"Organization\",\"@id\":\"https:\/\/qingdaohf.com\/bg\/#organization\",\"name\":\"Qingdao H&F\",\"url\":\"https:\/\/qingdaohf.com\/bg\/\",\"logo\":{\"@type\":\"ImageObject\",\"inLanguage\":\"lt-LT\",\"@id\":\"https:\/\/qingdaohf.com\/bg\/#\/schema\/logo\/image\/\",\"url\":\"https:\/\/qingdaohf.com\/wp-content\/uploads\/2022\/12\/cropped-HF-LOGO.png\",\"contentUrl\":\"https:\/\/qingdaohf.com\/wp-content\/uploads\/2022\/12\/cropped-HF-LOGO.png\",\"width\":391,\"height\":249,\"caption\":\"Qingdao H&F\"},\"image\":{\"@id\":\"https:\/\/qingdaohf.com\/bg\/#\/schema\/logo\/image\/\"},\"sameAs\":[\"https:\/\/www.facebook.com\/qingdaohf\"]}]}<\/script>\n<!-- \/ Yoast SEO plugin. -->","yoast_head_json":{"title":"Stainless Steel Coil Nail","description":"Stainless steel coil nails are a reliable choice for demanding applications that require strong, long-lasting fasteners with corrosion resistance.","robots":{"index":"index","follow":"follow","max-snippet":"max-snippet:-1","max-image-preview":"max-image-preview:large","max-video-preview":"max-video-preview:-1"},"canonical":"https:\/\/qingdaohf.com\/lt\/produktas\/nerudijancio-plieno-rites-vinis\/","og_locale":"lt_LT","og_type":"article","og_title":"Stainless Steel Coil Nail","og_description":"Stainless steel coil nails are a reliable choice for demanding applications that require strong, long-lasting fasteners with corrosion resistance.","og_url":"https:\/\/qingdaohf.com\/lt\/produktas\/nerudijancio-plieno-rites-vinis\/","og_site_name":"Concrete Form &amp; Rigging Hardware Supplier","article_publisher":"https:\/\/www.facebook.com\/qingdaohf","article_modified_time":"2025-11-13T01:04:21+00:00","og_image":[{"width":1000,"height":1000,"url":"https:\/\/qingdaohf.com\/wp-content\/uploads\/2023\/06\/coil-nail-1.jpg","type":"image\/jpeg"}],"twitter_card":"summary_large_image","twitter_misc":{"Est. reading time":"2 minut\u0117s"},"schema":{"@context":"https:\/\/schema.org","@graph":[{"@type":"WebPage","@id":"https:\/\/qingdaohf.com\/product\/stainless-steel-coil-nail\/","url":"https:\/\/qingdaohf.com\/product\/stainless-steel-coil-nail\/","name":"Stainless Steel Coil Nail","isPartOf":{"@id":"https:\/\/qingdaohf.com\/bg\/#website"},"primaryImageOfPage":{"@id":"https:\/\/qingdaohf.com\/product\/stainless-steel-coil-nail\/#primaryimage"},"image":{"@id":"https:\/\/qingdaohf.com\/product\/stainless-steel-coil-nail\/#primaryimage"},"thumbnailUrl":"https:\/\/qingdaohf.com\/wp-content\/uploads\/2023\/06\/coil-nail-1.jpg","datePublished":"2023-06-01T09:48:40+00:00","dateModified":"2025-11-13T01:04:21+00:00","description":"Stainless steel coil nails are a reliable choice for demanding applications that require strong, long-lasting fasteners with corrosion resistance.","breadcrumb":{"@id":"https:\/\/qingdaohf.com\/product\/stainless-steel-coil-nail\/#breadcrumb"},"inLanguage":"lt-LT","potentialAction":[{"@type":"ReadAction","target":["https:\/\/qingdaohf.com\/product\/stainless-steel-coil-nail\/"]}]},{"@type":"ImageObject","inLanguage":"lt-LT","@id":"https:\/\/qingdaohf.com\/product\/stainless-steel-coil-nail\/#primaryimage","url":"https:\/\/qingdaohf.com\/wp-content\/uploads\/2023\/06\/coil-nail-1.jpg","contentUrl":"https:\/\/qingdaohf.com\/wp-content\/uploads\/2023\/06\/coil-nail-1.jpg","width":1000,"height":1000,"caption":"coil nail"},{"@type":"BreadcrumbList","@id":"https:\/\/qingdaohf.com\/product\/stainless-steel-coil-nail\/#breadcrumb","itemListElement":[{"@type":"ListItem","position":1,"name":"Home","item":"https:\/\/qingdaohf.com\/"},{"@type":"ListItem","position":2,"name":"Concrete Forming Accessories and Rigging Hardware","item":"https:\/\/qingdaohf.com\/bg\/?page_id=944"},{"@type":"ListItem","position":3,"name":"Stainless Steel Coil Nail"}]},{"@type":"WebSite","@id":"https:\/\/qingdaohf.com\/bg\/#website","url":"https:\/\/qingdaohf.com\/bg\/","name":"Concrete Form & Rigging Hardware Supplier","description":"","publisher":{"@id":"https:\/\/qingdaohf.com\/bg\/#organization"},"potentialAction":[{"@type":"SearchAction","target":{"@type":"EntryPoint","urlTemplate":"https:\/\/qingdaohf.com\/bg\/?s={search_term_string}"},"query-input":{"@type":"PropertyValueSpecification","valueRequired":true,"valueName":"search_term_string"}}],"inLanguage":"lt-LT"},{"@type":"Organization","@id":"https:\/\/qingdaohf.com\/bg\/#organization","name":"Qingdao H&F","url":"https:\/\/qingdaohf.com\/bg\/","logo":{"@type":"ImageObject","inLanguage":"lt-LT","@id":"https:\/\/qingdaohf.com\/bg\/#\/schema\/logo\/image\/","url":"https:\/\/qingdaohf.com\/wp-content\/uploads\/2022\/12\/cropped-HF-LOGO.png","contentUrl":"https:\/\/qingdaohf.com\/wp-content\/uploads\/2022\/12\/cropped-HF-LOGO.png","width":391,"height":249,"caption":"Qingdao H&F"},"image":{"@id":"https:\/\/qingdaohf.com\/bg\/#\/schema\/logo\/image\/"},"sameAs":["https:\/\/www.facebook.com\/qingdaohf"]}]}},"_links":{"self":[{"href":"https:\/\/qingdaohf.com\/lt\/wp-json\/wp\/v2\/product\/4271","targetHints":{"allow":["GET"]}}],"collection":[{"href":"https:\/\/qingdaohf.com\/lt\/wp-json\/wp\/v2\/product"}],"about":[{"href":"https:\/\/qingdaohf.com\/lt\/wp-json\/wp\/v2\/types\/product"}],"replies":[{"embeddable":true,"href":"https:\/\/qingdaohf.com\/lt\/wp-json\/wp\/v2\/comments?post=4271"}],"version-history":[{"count":1,"href":"https:\/\/qingdaohf.com\/lt\/wp-json\/wp\/v2\/product\/4271\/revisions"}],"predecessor-version":[{"id":10418,"href":"https:\/\/qingdaohf.com\/lt\/wp-json\/wp\/v2\/product\/4271\/revisions\/10418"}],"wp:featuredmedia":[{"embeddable":true,"href":"https:\/\/qingdaohf.com\/lt\/wp-json\/wp\/v2\/media\/4272"}],"wp:attachment":[{"href":"https:\/\/qingdaohf.com\/lt\/wp-json\/wp\/v2\/media?parent=4271"}],"wp:term":[{"taxonomy":"product_brand","embeddable":true,"href":"https:\/\/qingdaohf.com\/lt\/wp-json\/wp\/v2\/product_brand?post=4271"},{"taxonomy":"product_cat","embeddable":true,"href":"https:\/\/qingdaohf.com\/lt\/wp-json\/wp\/v2\/product_cat?post=4271"},{"taxonomy":"product_tag","embeddable":true,"href":"https:\/\/qingdaohf.com\/lt\/wp-json\/wp\/v2\/product_tag?post=4271"}],"curies":[{"name":"wp","href":"https:\/\/api.w.org\/{rel}","templated":true}]}}