{"id":5473,"date":"2023-10-23T14:14:46","date_gmt":"2023-10-23T06:14:46","guid":{"rendered":"http:\/\/qingdaohf.com\/?post_type=product&#038;p=5473"},"modified":"2025-11-13T09:04:02","modified_gmt":"2025-11-13T01:04:02","slug":"webbing-sling-oem","status":"publish","type":"product","link":"https:\/\/qingdaohf.com\/lt\/produktas\/oem-dirzu-dirzai\/","title":{"rendered":"Dir\u017e\u0173 dir\u017eai OEM"},"content":{"rendered":"<p><img fetchpriority=\"high\" decoding=\"async\" class=\"alignnone wp-image-5962 size-full\" src=\"http:\/\/qingdaohf.com\/wp-content\/uploads\/2023\/10\/HF-SLINGS-1-scaled.jpg\" alt=\"HF SLINGS \" width=\"1686\" height=\"1920\" srcset=\"https:\/\/qingdaohf.com\/wp-content\/uploads\/2023\/10\/HF-SLINGS-1-scaled.jpg 1686w, https:\/\/qingdaohf.com\/wp-content\/uploads\/2023\/10\/HF-SLINGS-1-264x300.jpg 264w, https:\/\/qingdaohf.com\/wp-content\/uploads\/2023\/10\/HF-SLINGS-1-899x1024.jpg 899w, https:\/\/qingdaohf.com\/wp-content\/uploads\/2023\/10\/HF-SLINGS-1-768x874.jpg 768w, https:\/\/qingdaohf.com\/wp-content\/uploads\/2023\/10\/HF-SLINGS-1-1349x1536.jpg 1349w, https:\/\/qingdaohf.com\/wp-content\/uploads\/2023\/10\/HF-SLINGS-1-1799x2048.jpg 1799w, https:\/\/qingdaohf.com\/wp-content\/uploads\/2023\/10\/HF-SLINGS-1-1000x1139.jpg 1000w\" sizes=\"(max-width: 1686px) 100vw, 1686px\" \/><\/p>\n<h3><strong>Kokyb\u0117s u\u017etikrinimas:<\/strong><\/h3>\n<p>auk\u0161\u010diausia dir\u017eini\u0173 strop\u0173 kokyb\u0117 yra svarbiausia siekiant u\u017etikrinti saugum\u0105 ir patikimum\u0105 \u012fvairiose srityse.<\/p>\n<p>Sprendimas: \u012egyvendinti grie\u017etus kokyb\u0117s kontrol\u0117s procesus, \u012fskaitant med\u017eiag\u0173 patikrinimus, gamybos patikrinimus ir tre\u010di\u0173j\u0173 \u0161ali\u0173 sertifikatus.<\/p>\n<h3><strong>Pritaikymo parinktys:<\/strong><\/h3>\n<p>Problema: Siekiant atitikti konkre\u010dius projekto reikalavimus ir pramon\u0117s standartus, b\u016btini individual\u016bs sprendimai.<\/p>\n<p>Sprendimas: Si\u016blomos \u012fvairios pritaikymo parinktys, \u012fskaitant dyd\u012f, ilg\u012f, keliam\u0105j\u0105 gali\u0105 ir spalvin\u012f \u017eym\u0117jim\u0105, kad b\u016bt\u0173 patenkinti \u012fvair\u016bs klient\u0173 poreikiai.<\/p>\n<h3><strong>S\u0105naud\u0173 konkurencingumas:<\/strong><\/h3>\n<p>Problema: Problema: norint i\u0161laikyti konkurencingum\u0105 rinkoje, labai svarbu rasti tinkam\u0105 pusiausvyr\u0105 tarp kokyb\u0117s ir s\u0105naud\u0173.<\/p>\n<p>Sprendimas: Optimizuoti gamybos procesus, der\u0117tis su tiek\u0117jais ir i\u0161naudoti masto ekonomij\u0105, kad b\u016bt\u0173 teikiami ekonomi\u0161kai efektyv\u016bs dir\u017e\u0173 strop\u0173 OEM sprendimai.<\/p>\n<h3><strong>Savalaikis pristatymas:<\/strong><\/h3>\n<p>Problema: V\u0117lavimas gali sutrikdyti veikl\u0105 ir paveikti klient\u0173 pasitenkinim\u0105.<\/p>\n<p>Sprendimas: Sprendimas: Supaprastinti gamybos grafikus, palaikyti dideles atsargas ir sukurti veiksming\u0105 logistik\u0105, kad b\u016bt\u0173 u\u017etikrintas savalaikis pristatymas.<\/p>\n<h3><strong>Inovacijos ir technologijos:<\/strong><\/h3>\n<p>Problema: Norint teikti pa\u017eangiausius sprendimus, b\u016btina b\u016bti technologin\u0117s pa\u017eangos ir pramon\u0117s naujovi\u0173 prie\u0161akyje.<\/p>\n<p>Sprendimas: Sprendimas: Investuoti \u012f mokslinius tyrimus ir pl\u0117tr\u0105, bendradarbiauti su pramon\u0117s ekspertais ir nuolat atnaujinti gamybos procesus, kad b\u016bt\u0173 \u012fdiegtos naujausios technologijos.<\/p>\n<h3><strong>Aplinkos tvarumas:<\/strong><\/h3>\n<p>Problema: Vis daugiau d\u0117mesio skiriama tvariai praktikai, tod\u0117l reikia \u012fsipareigoti taikyti aplinkai nekenksmingus gamybos procesus ir med\u017eiagas.<\/p>\n<p>Sprendimas: Patvirtinkite aplink\u0105 tausojan\u010di\u0105 tiekimo, gamybos ir \u0161alinimo praktik\u0105 ir gaukite atitinkamus sertifikatus, kad pademonstruotum\u0117te \u012fsipareigojim\u0105 siekti tvarumo.<\/p>\n<p>&nbsp;<\/p>\n<h2><strong>Kaip m\u016bs\u0173 \u012fmon\u0117 tenkina austini\u0173 dir\u017e\u0173 strop\u0173 OEM poreikius:<\/strong><\/h2>\n<p>M\u016bs\u0173 \u012fmon\u0117 teikia OEM ir ODM paslaugas. Patenkinsime bet kokius j\u016bs\u0173 poreikius.<\/p>\n<h3><strong>Grie\u017eta kokyb\u0117s kontrol\u0117:<\/strong><\/h3>\n<p>M\u016bs\u0173 bendrov\u0117 laikosi grie\u017et\u0173 kokyb\u0117s kontrol\u0117s proces\u0173, atlieka i\u0161samius med\u017eiag\u0173 patikrinimus, patikrinimus proceso metu ir gauna pripa\u017eint\u0173 tre\u010di\u0173j\u0173 \u0161ali\u0173 organizacij\u0173 sertifikatus.<\/p>\n<h3><strong>Universalus pritaikymas:<\/strong><\/h3>\n<p>Si\u016blome \u012fvairias pritaikymo galimybes, tod\u0117l klientai gali nurodyti matmenis, keliam\u0105j\u0105 gali\u0105 ir kitus parametrus, taip u\u017etikrindami, kad m\u016bs\u0173 dir\u017einiai stropai puikiai atitikt\u0173 j\u0173 unikalius reikalavimus.<\/p>\n<h3><strong>Ekonomi\u0161ki sprendimai:<\/strong><\/h3>\n<p>Vykdydami strategines derybas su tiek\u0117jais, optimizuodami procesus ir naudodamiesi masto ekonomija, nuolat teikiame ekonomi\u0161kai konkurencingus dir\u017e\u0173 strop\u0173 OEM sprendimus, nekeliant pavojaus kokybei.<\/p>\n<h3><strong>Savalaikis ir patikimas pristatymas:<\/strong><\/h3>\n<p>M\u016bs\u0173 supaprastinti gamybos grafikai, platus atsarg\u0173 valdymas ir efektyvi logistika u\u017etikrina, kad m\u016bs\u0173 klientai laiku gaut\u0173 dir\u017e\u0173 strop\u0173 u\u017esakymus ir prisid\u0117t\u0173 prie s\u0117kmingo projekt\u0173 \u012fgyvendinimo.<\/p>\n<h3><strong>\u012esipareigojimas diegti naujoves:<\/strong><\/h3>\n<p>M\u016bs\u0173 bendrov\u0117 teikia pirmenyb\u0119 naujov\u0117ms, investuodama \u012f mokslinius tyrimus ir pl\u0117tr\u0105, bendradarbiaudama su pramon\u0117s ekspertais ir reguliariai atnaujindama savo gamybos procesus, kad \u012f juos b\u016bt\u0173 \u012ftraukti naujausi technologiniai pasiekimai.<\/p>\n<h3><strong>Atsakomyb\u0117 u\u017e aplink\u0105:<\/strong><\/h3>\n<p>Esame \u012fsipareigoj\u0119 siekti aplinkos tvarumo, taikydami ekologi\u0161k\u0105 tiekimo praktik\u0105, \u012fgyvendindami ekologi\u0161kus gamybos procesus ir gaudami atitinkamus sertifikatus, kad \u012frodytume savo atsidavim\u0105 ekologi\u0161kesnei atei\u010diai.<\/p>\n<h3><strong>Savalaikis pristatymas:<\/strong><\/h3>\n<p>Svetain\u0117je bus pabr\u0117\u017eiamas m\u016bs\u0173 \u012fsipareigojimas laiku pristatyti gaminius, pasitelkiant veiksming\u0105 gamybos planavim\u0105, atsarg\u0173 valdym\u0105 ir patikim\u0105 logistikos tinkl\u0105, taip pat bus pristatomi ankstesni atvejai, kai pavyko s\u0117kmingai laikytis grie\u017et\u0173 projekt\u0173 termin\u0173.<\/p>\n<h3><strong>Inovacijos ir technologijos:<\/strong><\/h3>\n<p>Svetain\u0117je bus pristatomas m\u016bs\u0173 atsidavimas naujov\u0117ms, i\u0161samiai apra\u0161omos m\u016bs\u0173 investicijos \u012f mokslinius tyrimus ir pl\u0117tr\u0105, bendradarbiavimas su pramon\u0117s ekspertais ir nuolat atnaujinami gamybos procesai, kad b\u016bt\u0173 \u012fdiegtos naujausios technologijos.<\/p>\n<h3><strong>Aplinkos tvarumas:<\/strong><\/h3>\n<p>M\u016bs\u0173 \u012fsipareigojimas laikytis atsakomyb\u0117s u\u017e aplink\u0105 bus pabr\u0117\u017eiamas svetain\u0117je, kurioje bus i\u0161samiai apra\u0161yta m\u016bs\u0173 ekologi\u0161ka tiekimo praktika, ekologi\u0161ki gamybos procesai ir sertifikatai, gauti siekiant parodyti m\u016bs\u0173 atsidavim\u0105 tvarumui.<\/p>\n<p>Spr\u0119sdama \u0161iuos svarbius klausimus ir skaidriai pateikdama savo sprendimus svetain\u0117je, m\u016bs\u0173 bendrov\u0117 veiksmingai parodys savo geb\u0117jim\u0105 patenkinti dir\u017e\u0173 strop\u0173 OEM pirk\u0117j\u0173 poreikius.<\/p>","protected":false},"excerpt":{"rendered":"<p>M\u016bs\u0173 teikiamos OEM paslaugos leid\u017eia tiksliai nustatyti krovum\u0105, ilg\u012f, plot\u012f, med\u017eiag\u0105, spalvin\u012f \u017eym\u0117jim\u0105 ir kitus svarbius parametrus. Glaud\u017eiai bendradarbiaujame su jumis, kad u\u017etikrintume, jog m\u016bs\u0173 teikiami dir\u017einiai stropai puikiai atitikt\u0173 j\u016bs\u0173 numatyt\u0105 paskirt\u012f. Nesvarbu, ar jums reikia sunkiasvori\u0173 pramonini\u0173 strop\u0173, ar specializuoto sprendimo, mes galime atitinkamai pritaikyti savo gaminius.<\/p>","protected":false},"featured_media":5232,"comment_status":"open","ping_status":"closed","template":"","meta":{"site-sidebar-layout":"default","site-content-layout":"","ast-site-content-layout":"default","site-content-style":"default","site-sidebar-style":"default","ast-global-header-display":"","ast-banner-title-visibility":"","ast-main-header-display":"","ast-hfb-above-header-display":"","ast-hfb-below-header-display":"","ast-hfb-mobile-header-display":"","site-post-title":"","ast-breadcrumbs-content":"","ast-featured-img":"","footer-sml-layout":"","theme-transparent-header-meta":"default","adv-header-id-meta":"","stick-header-meta":"default","header-above-stick-meta":"","header-main-stick-meta":"","header-below-stick-meta":"","astra-migrate-meta-layouts":"set","ast-page-background-enabled":"default","ast-page-background-meta":{"desktop":{"background-color":"","background-image":"","background-repeat":"repeat","background-position":"center center","background-size":"auto","background-attachment":"scroll","background-type":"","background-media":"","overlay-type":"","overlay-color":"","overlay-opacity":"","overlay-gradient":""},"tablet":{"background-color":"","background-image":"","background-repeat":"repeat","background-position":"center center","background-size":"auto","background-attachment":"scroll","background-type":"","background-media":"","overlay-type":"","overlay-color":"","overlay-opacity":"","overlay-gradient":""},"mobile":{"background-color":"","background-image":"","background-repeat":"repeat","background-position":"center center","background-size":"auto","background-attachment":"scroll","background-type":"","background-media":"","overlay-type":"","overlay-color":"","overlay-opacity":"","overlay-gradient":""}},"ast-content-background-meta":{"desktop":{"background-color":"var(--ast-global-color-5)","background-image":"","background-repeat":"repeat","background-position":"center center","background-size":"auto","background-attachment":"scroll","background-type":"","background-media":"","overlay-type":"","overlay-color":"","overlay-opacity":"","overlay-gradient":""},"tablet":{"background-color":"var(--ast-global-color-5)","background-image":"","background-repeat":"repeat","background-position":"center center","background-size":"auto","background-attachment":"scroll","background-type":"","background-media":"","overlay-type":"","overlay-color":"","overlay-opacity":"","overlay-gradient":""},"mobile":{"background-color":"var(--ast-global-color-5)","background-image":"","background-repeat":"repeat","background-position":"center center","background-size":"auto","background-attachment":"scroll","background-type":"","background-media":"","overlay-type":"","overlay-color":"","overlay-opacity":"","overlay-gradient":""}}},"product_brand":[],"product_cat":[51,39],"product_tag":[],"class_list":{"0":"post-5473","1":"product","2":"type-product","3":"status-publish","4":"has-post-thumbnail","6":"product_cat-riggging-hardware","7":"product_cat-webbing-sling","8":"desktop-align-left","9":"tablet-align-left","10":"mobile-align-left","11":"ast-product-gallery-layout-horizontal-slider","12":"ast-product-tabs-layout-horizontal","14":"first","15":"instock","16":"shipping-taxable","17":"purchasable","18":"product-type-simple"},"yoast_head":"<!-- This site is optimized with the Yoast SEO plugin v25.2 - https:\/\/yoast.com\/wordpress\/plugins\/seo\/ -->\n<title>Webbing Sling OEM<\/title>\n<meta name=\"description\" content=\"Our OEM services allow you to define the precise load capacity, length, width, material, color coding, and any other essential parameters.\" \/>\n<meta name=\"robots\" content=\"index, follow, max-snippet:-1, max-image-preview:large, max-video-preview:-1\" \/>\n<link rel=\"canonical\" href=\"https:\/\/qingdaohf.com\/lt\/produktas\/oem-dirzu-dirzai\/\" \/>\n<meta property=\"og:locale\" content=\"lt_LT\" \/>\n<meta property=\"og:type\" content=\"article\" \/>\n<meta property=\"og:title\" content=\"Webbing Sling OEM\" \/>\n<meta property=\"og:description\" content=\"Our OEM services allow you to define the precise load capacity, length, width, material, color coding, and any other essential parameters.\" \/>\n<meta property=\"og:url\" content=\"https:\/\/qingdaohf.com\/lt\/produktas\/oem-dirzu-dirzai\/\" \/>\n<meta property=\"og:site_name\" content=\"Concrete Form &amp; Rigging Hardware Supplier\" \/>\n<meta property=\"article:publisher\" content=\"https:\/\/www.facebook.com\/qingdaohf\" \/>\n<meta property=\"article:modified_time\" content=\"2025-11-13T01:04:02+00:00\" \/>\n<meta property=\"og:image\" content=\"https:\/\/qingdaohf.com\/wp-content\/uploads\/2023\/10\/sling.jpg\" \/>\n\t<meta property=\"og:image:width\" content=\"1019\" \/>\n\t<meta property=\"og:image:height\" content=\"563\" \/>\n\t<meta property=\"og:image:type\" content=\"image\/jpeg\" \/>\n<meta name=\"twitter:card\" content=\"summary_large_image\" \/>\n<meta name=\"twitter:label1\" content=\"Est. reading time\" \/>\n\t<meta name=\"twitter:data1\" content=\"3 minut\u0117s\" \/>\n<script type=\"application\/ld+json\" class=\"yoast-schema-graph\">{\"@context\":\"https:\/\/schema.org\",\"@graph\":[{\"@type\":\"WebPage\",\"@id\":\"https:\/\/qingdaohf.com\/product\/webbing-sling-oem\/\",\"url\":\"https:\/\/qingdaohf.com\/product\/webbing-sling-oem\/\",\"name\":\"Webbing Sling OEM\",\"isPartOf\":{\"@id\":\"https:\/\/qingdaohf.com\/bg\/#website\"},\"primaryImageOfPage\":{\"@id\":\"https:\/\/qingdaohf.com\/product\/webbing-sling-oem\/#primaryimage\"},\"image\":{\"@id\":\"https:\/\/qingdaohf.com\/product\/webbing-sling-oem\/#primaryimage\"},\"thumbnailUrl\":\"https:\/\/qingdaohf.com\/wp-content\/uploads\/2023\/04\/webbling-sling-2-1.jpg\",\"datePublished\":\"2023-10-23T06:14:46+00:00\",\"dateModified\":\"2025-11-13T01:04:02+00:00\",\"description\":\"Our OEM services allow you to define the precise load capacity, length, width, material, color coding, and any other essential parameters.\",\"breadcrumb\":{\"@id\":\"https:\/\/qingdaohf.com\/product\/webbing-sling-oem\/#breadcrumb\"},\"inLanguage\":\"lt-LT\",\"potentialAction\":[{\"@type\":\"ReadAction\",\"target\":[\"https:\/\/qingdaohf.com\/product\/webbing-sling-oem\/\"]}]},{\"@type\":\"ImageObject\",\"inLanguage\":\"lt-LT\",\"@id\":\"https:\/\/qingdaohf.com\/product\/webbing-sling-oem\/#primaryimage\",\"url\":\"https:\/\/qingdaohf.com\/wp-content\/uploads\/2023\/04\/webbling-sling-2-1.jpg\",\"contentUrl\":\"https:\/\/qingdaohf.com\/wp-content\/uploads\/2023\/04\/webbling-sling-2-1.jpg\",\"width\":1000,\"height\":1000,\"caption\":\"webbling sling\"},{\"@type\":\"BreadcrumbList\",\"@id\":\"https:\/\/qingdaohf.com\/product\/webbing-sling-oem\/#breadcrumb\",\"itemListElement\":[{\"@type\":\"ListItem\",\"position\":1,\"name\":\"Home\",\"item\":\"https:\/\/qingdaohf.com\/\"},{\"@type\":\"ListItem\",\"position\":2,\"name\":\"Concrete Forming Accessories and Rigging Hardware\",\"item\":\"https:\/\/qingdaohf.com\/bg\/?page_id=944\"},{\"@type\":\"ListItem\",\"position\":3,\"name\":\"Webbing Sling OEM\"}]},{\"@type\":\"WebSite\",\"@id\":\"https:\/\/qingdaohf.com\/bg\/#website\",\"url\":\"https:\/\/qingdaohf.com\/bg\/\",\"name\":\"Concrete Form & Rigging Hardware Supplier\",\"description\":\"\",\"publisher\":{\"@id\":\"https:\/\/qingdaohf.com\/bg\/#organization\"},\"potentialAction\":[{\"@type\":\"SearchAction\",\"target\":{\"@type\":\"EntryPoint\",\"urlTemplate\":\"https:\/\/qingdaohf.com\/bg\/?s={search_term_string}\"},\"query-input\":{\"@type\":\"PropertyValueSpecification\",\"valueRequired\":true,\"valueName\":\"search_term_string\"}}],\"inLanguage\":\"lt-LT\"},{\"@type\":\"Organization\",\"@id\":\"https:\/\/qingdaohf.com\/bg\/#organization\",\"name\":\"Qingdao H&F\",\"url\":\"https:\/\/qingdaohf.com\/bg\/\",\"logo\":{\"@type\":\"ImageObject\",\"inLanguage\":\"lt-LT\",\"@id\":\"https:\/\/qingdaohf.com\/bg\/#\/schema\/logo\/image\/\",\"url\":\"https:\/\/qingdaohf.com\/wp-content\/uploads\/2022\/12\/cropped-HF-LOGO.png\",\"contentUrl\":\"https:\/\/qingdaohf.com\/wp-content\/uploads\/2022\/12\/cropped-HF-LOGO.png\",\"width\":391,\"height\":249,\"caption\":\"Qingdao H&F\"},\"image\":{\"@id\":\"https:\/\/qingdaohf.com\/bg\/#\/schema\/logo\/image\/\"},\"sameAs\":[\"https:\/\/www.facebook.com\/qingdaohf\"]}]}<\/script>\n<!-- \/ Yoast SEO plugin. -->","yoast_head_json":{"title":"Webbing Sling OEM","description":"Our OEM services allow you to define the precise load capacity, length, width, material, color coding, and any other essential parameters.","robots":{"index":"index","follow":"follow","max-snippet":"max-snippet:-1","max-image-preview":"max-image-preview:large","max-video-preview":"max-video-preview:-1"},"canonical":"https:\/\/qingdaohf.com\/lt\/produktas\/oem-dirzu-dirzai\/","og_locale":"lt_LT","og_type":"article","og_title":"Webbing Sling OEM","og_description":"Our OEM services allow you to define the precise load capacity, length, width, material, color coding, and any other essential parameters.","og_url":"https:\/\/qingdaohf.com\/lt\/produktas\/oem-dirzu-dirzai\/","og_site_name":"Concrete Form &amp; Rigging Hardware Supplier","article_publisher":"https:\/\/www.facebook.com\/qingdaohf","article_modified_time":"2025-11-13T01:04:02+00:00","og_image":[{"width":1019,"height":563,"url":"https:\/\/qingdaohf.com\/wp-content\/uploads\/2023\/10\/sling.jpg","type":"image\/jpeg"}],"twitter_card":"summary_large_image","twitter_misc":{"Est. reading time":"3 minut\u0117s"},"schema":{"@context":"https:\/\/schema.org","@graph":[{"@type":"WebPage","@id":"https:\/\/qingdaohf.com\/product\/webbing-sling-oem\/","url":"https:\/\/qingdaohf.com\/product\/webbing-sling-oem\/","name":"Webbing Sling OEM","isPartOf":{"@id":"https:\/\/qingdaohf.com\/bg\/#website"},"primaryImageOfPage":{"@id":"https:\/\/qingdaohf.com\/product\/webbing-sling-oem\/#primaryimage"},"image":{"@id":"https:\/\/qingdaohf.com\/product\/webbing-sling-oem\/#primaryimage"},"thumbnailUrl":"https:\/\/qingdaohf.com\/wp-content\/uploads\/2023\/04\/webbling-sling-2-1.jpg","datePublished":"2023-10-23T06:14:46+00:00","dateModified":"2025-11-13T01:04:02+00:00","description":"Our OEM services allow you to define the precise load capacity, length, width, material, color coding, and any other essential parameters.","breadcrumb":{"@id":"https:\/\/qingdaohf.com\/product\/webbing-sling-oem\/#breadcrumb"},"inLanguage":"lt-LT","potentialAction":[{"@type":"ReadAction","target":["https:\/\/qingdaohf.com\/product\/webbing-sling-oem\/"]}]},{"@type":"ImageObject","inLanguage":"lt-LT","@id":"https:\/\/qingdaohf.com\/product\/webbing-sling-oem\/#primaryimage","url":"https:\/\/qingdaohf.com\/wp-content\/uploads\/2023\/04\/webbling-sling-2-1.jpg","contentUrl":"https:\/\/qingdaohf.com\/wp-content\/uploads\/2023\/04\/webbling-sling-2-1.jpg","width":1000,"height":1000,"caption":"webbling sling"},{"@type":"BreadcrumbList","@id":"https:\/\/qingdaohf.com\/product\/webbing-sling-oem\/#breadcrumb","itemListElement":[{"@type":"ListItem","position":1,"name":"Home","item":"https:\/\/qingdaohf.com\/"},{"@type":"ListItem","position":2,"name":"Concrete Forming Accessories and Rigging Hardware","item":"https:\/\/qingdaohf.com\/bg\/?page_id=944"},{"@type":"ListItem","position":3,"name":"Webbing Sling OEM"}]},{"@type":"WebSite","@id":"https:\/\/qingdaohf.com\/bg\/#website","url":"https:\/\/qingdaohf.com\/bg\/","name":"Concrete Form & Rigging Hardware Supplier","description":"","publisher":{"@id":"https:\/\/qingdaohf.com\/bg\/#organization"},"potentialAction":[{"@type":"SearchAction","target":{"@type":"EntryPoint","urlTemplate":"https:\/\/qingdaohf.com\/bg\/?s={search_term_string}"},"query-input":{"@type":"PropertyValueSpecification","valueRequired":true,"valueName":"search_term_string"}}],"inLanguage":"lt-LT"},{"@type":"Organization","@id":"https:\/\/qingdaohf.com\/bg\/#organization","name":"Qingdao H&F","url":"https:\/\/qingdaohf.com\/bg\/","logo":{"@type":"ImageObject","inLanguage":"lt-LT","@id":"https:\/\/qingdaohf.com\/bg\/#\/schema\/logo\/image\/","url":"https:\/\/qingdaohf.com\/wp-content\/uploads\/2022\/12\/cropped-HF-LOGO.png","contentUrl":"https:\/\/qingdaohf.com\/wp-content\/uploads\/2022\/12\/cropped-HF-LOGO.png","width":391,"height":249,"caption":"Qingdao H&F"},"image":{"@id":"https:\/\/qingdaohf.com\/bg\/#\/schema\/logo\/image\/"},"sameAs":["https:\/\/www.facebook.com\/qingdaohf"]}]}},"_links":{"self":[{"href":"https:\/\/qingdaohf.com\/lt\/wp-json\/wp\/v2\/product\/5473","targetHints":{"allow":["GET"]}}],"collection":[{"href":"https:\/\/qingdaohf.com\/lt\/wp-json\/wp\/v2\/product"}],"about":[{"href":"https:\/\/qingdaohf.com\/lt\/wp-json\/wp\/v2\/types\/product"}],"replies":[{"embeddable":true,"href":"https:\/\/qingdaohf.com\/lt\/wp-json\/wp\/v2\/comments?post=5473"}],"version-history":[{"count":8,"href":"https:\/\/qingdaohf.com\/lt\/wp-json\/wp\/v2\/product\/5473\/revisions"}],"predecessor-version":[{"id":6943,"href":"https:\/\/qingdaohf.com\/lt\/wp-json\/wp\/v2\/product\/5473\/revisions\/6943"}],"wp:featuredmedia":[{"embeddable":true,"href":"https:\/\/qingdaohf.com\/lt\/wp-json\/wp\/v2\/media\/5232"}],"wp:attachment":[{"href":"https:\/\/qingdaohf.com\/lt\/wp-json\/wp\/v2\/media?parent=5473"}],"wp:term":[{"taxonomy":"product_brand","embeddable":true,"href":"https:\/\/qingdaohf.com\/lt\/wp-json\/wp\/v2\/product_brand?post=5473"},{"taxonomy":"product_cat","embeddable":true,"href":"https:\/\/qingdaohf.com\/lt\/wp-json\/wp\/v2\/product_cat?post=5473"},{"taxonomy":"product_tag","embeddable":true,"href":"https:\/\/qingdaohf.com\/lt\/wp-json\/wp\/v2\/product_tag?post=5473"}],"curies":[{"name":"wp","href":"https:\/\/api.w.org\/{rel}","templated":true}]}}