{"id":5799,"date":"2023-11-23T11:35:43","date_gmt":"2023-11-23T03:35:43","guid":{"rendered":"http:\/\/qingdaohf.com\/?post_type=product&#038;p=5799"},"modified":"2025-11-13T09:04:01","modified_gmt":"2025-11-13T01:04:01","slug":"towing-shackle","status":"publish","type":"product","link":"https:\/\/qingdaohf.com\/lt\/produktas\/vilkimo-kablys\/","title":{"rendered":"Vilkimo kablys"},"content":{"rendered":"<h2>M\u016bs\u0173 vilkimo kabli\u0173 privalumai:<\/h2>\n<h3>Didelis atsparumas tempimui:<\/h3>\n<p>M\u016bs\u0173 vilkimo kabliai pasi\u017eymi ypatingu tempimo stiprumu, tod\u0117l patikimai veikia esant didel\u0117ms apkrovoms. J\u016bs\u0173 klientai reikalauja kokyb\u0117s, o mes j\u0105 u\u017etikriname.<\/p>\n<h3>Atsparumas korozijai:<\/h3>\n<p>I\u0161skirtin\u0117 m\u016bs\u0173 kabli\u0173 savyb\u0117 - i\u0161skirtinis atsparumas korozijai. Naudodami naujovi\u0161kas med\u017eiagas ir dangas, u\u017etikriname ilgesn\u012f j\u0173 tarnavimo laik\u0105, tod\u0117l jie idealiai tinka \u012fvairioms aplinkoms - nuo j\u016brini\u0173 iki at\u0161iauri\u0173 pramonini\u0173 s\u0105lyg\u0173.<\/p>\n<h3>Tikslioji in\u017einerija:<\/h3>\n<p>Kiekvienas kablys yra kruop\u0161\u010diai suprojektuotas taip, kad b\u016bt\u0173 tikslus. Taip u\u017etikrinamas tobulas prigludimas, suma\u017einamas nusid\u0117v\u0117jimas ir padidinamas bendras saugumas vilkimo operacij\u0173 metu.<\/p>\n<h3>\u012evairiapusi\u0161kas pritaikymas:<\/h3>\n<p>M\u016bs\u0173 vilkimo kabliai sukurti atsi\u017evelgiant \u012f universalum\u0105. Nesvarbu, ar tai b\u016bt\u0173 sunkus komercinis vilkimas, ar specializuotas pramoninis pritaikymas, m\u016bs\u0173 gaminiai atitinka \u012fvairius poreikius, tod\u0117l jie yra puikus sprendimas \u012fvairiuose sektoriuose.<\/p>\n<h3>Atitiktis pramon\u0117s standartams:<\/h3>\n<p>Did\u017eiuojam\u0117s vir\u0161ydami pramon\u0117s standartus. M\u016bs\u0173 vilkimo kabliai ne tik atitinka reikalavimus, bet ir vir\u0161ija juos, nes atitinka arba vir\u0161ija taisykles, kad b\u016bt\u0173 u\u017etikrintas auk\u0161\u010diausias saugos ir patikimumo lygis.<\/p>\n<h2>J\u016bs\u0173 r\u016bpes\u010diai, m\u016bs\u0173 sprendimai:<\/h2>\n<h3>Produkto kokyb\u0117s u\u017etikrinimas:<\/h3>\n<p>M\u016bs\u0173 vilkimo kabliai yra grie\u017etai tikrinami ir atitinka bei vir\u0161ija pramon\u0117s standartus. Didelis tempimo stipris ir atsparumas korozijai yra pagrindiniai elementai, i\u0161skiriantys m\u016bs\u0173 gaminius.<\/p>\n<h3>Tiek\u0117jo patikimumas:<\/h3>\n<p>Tur\u0117dami 20 met\u0173 patirt\u012f, tapome patikima u\u017esienio prekybos \u012fmone, turin\u010dia savo gamykl\u0105. Precizi\u0161ka m\u016bs\u0173 kabli\u0173 in\u017einerija atspindi m\u016bs\u0173 \u012fsipareigojim\u0105 siekti patikimumo ir meistri\u0161kumo.<\/p>\n<h3>Kain\u0173 konkurencingumas:<\/h3>\n<p>Si\u016blome konkurencingas kainas, nesuma\u017eindami vilkimo kabli\u0173 kokyb\u0117s. J\u0173 vert\u0117, ypa\u010d d\u0117l j\u0173 universalumo ir atitikimo pramon\u0117s standartams, u\u017etikrina, kad j\u016bs\u0173 investicijos bus maksimaliai naudingos.<\/p>\n<h3>Pristatymas ir pristatymas:<\/h3>\n<p>Efektyvi logistika u\u017etikrina, kad m\u016bs\u0173 prek\u0117s bus pristatytos laiku, o korozijai atsparios kabi\u0173 savyb\u0117s garantuoja, kad jos bus pristatytos geriausios b\u016bkl\u0117s.<\/p>\n<h3>Pritaikymo parinktys:<\/h3>\n<p>M\u016bs\u0173 vilkimo kablius galima pritaikyti pagal j\u016bs\u0173 konkre\u010dius poreikius. Nesvarbu, ar tai b\u016bt\u0173 tempimo stiprumo, ar kit\u0173 specifikacij\u0173 reguliavimas, m\u016bs\u0173 precizi\u0161ka in\u017einerija leid\u017eia priimti individualius sprendimus.<\/p>\n<h3>Mok\u0117jimo s\u0105lygos:<\/h3>\n<p>Der\u0117kit\u0117s d\u0117l mok\u0117jimo s\u0105lyg\u0173, atitinkan\u010di\u0173 j\u016bs\u0173 finansines galimybes. M\u016bs\u0173 \u012fsipareigojimas u\u017etikrinti kokyb\u0119 ir atitikt\u012f reikalavimams garantuoja, kad j\u016bs\u0173 investicijos yra saugios.<\/p>\n<h3>Bendravimas ir operatyvumas:<\/h3>\n<p>M\u016bs\u0173 individualus klient\u0173 aptarnavimas u\u017etikrina greit\u0105 ir veiksming\u0105 bendravim\u0105 viso pirkimo proceso metu. \u012e bet kokius klausimus ar problemas atsakome tiksliai, kaip ir \u012f m\u016bs\u0173 gamini\u0173 in\u017einerij\u0105.<\/p>\n<h3>Pagalba po pardavimo:<\/h3>\n<p>Pasiteiraukite apie tiek\u0117jo garantinio aptarnavimo ir garantinio aptarnavimo politik\u0105. M\u016bs\u0173 nuolatinio tobul\u0117jimo filosofija u\u017etikrina nuolatin\u0119 param\u0105, kol prek\u0117s bus pristatytos ir atitiks arba vir\u0161ys j\u016bs\u0173 l\u016bkes\u010dius.<\/p>\n<p>Pagerinkite savo B2B \u017eaidim\u0105 su \"H&amp;F\". Mes si\u016blome kokyb\u0119, patikimum\u0105 ir skland\u017eius sandorius. Susisiekite su mumis, kad gautum\u0117te pasi\u016blym\u0105 arba aptartum\u0117te savo didmenini\u0173 vilkimo kabli\u0173 poreikius. U\u017emegzkime ilgalaik\u0119 partneryst\u0119!<\/p>","protected":false},"excerpt":{"rendered":"<p>Dabar esate pirk\u0117jas, turintis 20 met\u0173 darbo patirties. Specializuojasi vilkimo kabli\u0173 pirkimo srityje. Dabar esate pasireng\u0119s pirkti produktus \"Google\".<br \/>\nPakalb\u0117kime apie klausimus, kurie pirk\u0117jams r\u016bpi labiausiai.<br \/>\nReaguodami \u012f min\u0117tas problemas, pateikiame priimtiniausius sprendimus, kad pirk\u0117jai gal\u0117t\u0173 dr\u0105siai si\u0173sti u\u017eklausas.<\/p>","protected":false},"featured_media":5806,"comment_status":"open","ping_status":"closed","template":"","meta":{"site-sidebar-layout":"default","site-content-layout":"","ast-site-content-layout":"default","site-content-style":"default","site-sidebar-style":"default","ast-global-header-display":"","ast-banner-title-visibility":"","ast-main-header-display":"","ast-hfb-above-header-display":"","ast-hfb-below-header-display":"","ast-hfb-mobile-header-display":"","site-post-title":"","ast-breadcrumbs-content":"","ast-featured-img":"","footer-sml-layout":"","theme-transparent-header-meta":"default","adv-header-id-meta":"","stick-header-meta":"default","header-above-stick-meta":"","header-main-stick-meta":"","header-below-stick-meta":"","astra-migrate-meta-layouts":"set","ast-page-background-enabled":"default","ast-page-background-meta":{"desktop":{"background-color":"","background-image":"","background-repeat":"repeat","background-position":"center center","background-size":"auto","background-attachment":"scroll","background-type":"","background-media":"","overlay-type":"","overlay-color":"","overlay-opacity":"","overlay-gradient":""},"tablet":{"background-color":"","background-image":"","background-repeat":"repeat","background-position":"center center","background-size":"auto","background-attachment":"scroll","background-type":"","background-media":"","overlay-type":"","overlay-color":"","overlay-opacity":"","overlay-gradient":""},"mobile":{"background-color":"","background-image":"","background-repeat":"repeat","background-position":"center center","background-size":"auto","background-attachment":"scroll","background-type":"","background-media":"","overlay-type":"","overlay-color":"","overlay-opacity":"","overlay-gradient":""}},"ast-content-background-meta":{"desktop":{"background-color":"var(--ast-global-color-5)","background-image":"","background-repeat":"repeat","background-position":"center center","background-size":"auto","background-attachment":"scroll","background-type":"","background-media":"","overlay-type":"","overlay-color":"","overlay-opacity":"","overlay-gradient":""},"tablet":{"background-color":"var(--ast-global-color-5)","background-image":"","background-repeat":"repeat","background-position":"center center","background-size":"auto","background-attachment":"scroll","background-type":"","background-media":"","overlay-type":"","overlay-color":"","overlay-opacity":"","overlay-gradient":""},"mobile":{"background-color":"var(--ast-global-color-5)","background-image":"","background-repeat":"repeat","background-position":"center center","background-size":"auto","background-attachment":"scroll","background-type":"","background-media":"","overlay-type":"","overlay-color":"","overlay-opacity":"","overlay-gradient":""}}},"product_brand":[],"product_cat":[51,54],"product_tag":[],"class_list":{"0":"post-5799","1":"product","2":"type-product","3":"status-publish","4":"has-post-thumbnail","6":"product_cat-riggging-hardware","7":"product_cat-shackle","8":"desktop-align-left","9":"tablet-align-left","10":"mobile-align-left","11":"ast-product-gallery-layout-horizontal-slider","12":"ast-product-tabs-layout-horizontal","14":"first","15":"instock","16":"shipping-taxable","17":"purchasable","18":"product-type-simple"},"yoast_head":"<!-- This site is optimized with the Yoast SEO plugin v25.2 - https:\/\/yoast.com\/wordpress\/plugins\/seo\/ -->\n<title>Towing Shackle<\/title>\n<meta name=\"description\" content=\"Our Towing Shackles boast superior tensile strength, ensuring reliable performance under heavy loads. Your clients demand quality, and we deliver\" \/>\n<meta name=\"robots\" content=\"index, follow, max-snippet:-1, max-image-preview:large, max-video-preview:-1\" \/>\n<link rel=\"canonical\" href=\"https:\/\/qingdaohf.com\/lt\/produktas\/vilkimo-kablys\/\" \/>\n<meta property=\"og:locale\" content=\"lt_LT\" \/>\n<meta property=\"og:type\" content=\"article\" \/>\n<meta property=\"og:title\" content=\"Towing Shackle\" \/>\n<meta property=\"og:description\" content=\"Our Towing Shackles boast superior tensile strength, ensuring reliable performance under heavy loads. Your clients demand quality, and we deliver\" \/>\n<meta property=\"og:url\" content=\"https:\/\/qingdaohf.com\/lt\/produktas\/vilkimo-kablys\/\" \/>\n<meta property=\"og:site_name\" content=\"Concrete Form &amp; Rigging Hardware Supplier\" \/>\n<meta property=\"article:publisher\" content=\"https:\/\/www.facebook.com\/qingdaohf\" \/>\n<meta property=\"article:modified_time\" content=\"2025-11-13T01:04:01+00:00\" \/>\n<meta property=\"og:image\" content=\"https:\/\/qingdaohf.com\/wp-content\/uploads\/2023\/11\/Towing-shackle-9.jpg\" \/>\n\t<meta property=\"og:image:width\" content=\"800\" \/>\n\t<meta property=\"og:image:height\" content=\"800\" \/>\n\t<meta property=\"og:image:type\" content=\"image\/jpeg\" \/>\n<meta name=\"twitter:card\" content=\"summary_large_image\" \/>\n<meta name=\"twitter:label1\" content=\"Est. reading time\" \/>\n\t<meta name=\"twitter:data1\" content=\"2 minut\u0117s\" \/>\n<script type=\"application\/ld+json\" class=\"yoast-schema-graph\">{\"@context\":\"https:\/\/schema.org\",\"@graph\":[{\"@type\":\"WebPage\",\"@id\":\"https:\/\/qingdaohf.com\/product\/towing-shackle\/\",\"url\":\"https:\/\/qingdaohf.com\/product\/towing-shackle\/\",\"name\":\"Towing Shackle\",\"isPartOf\":{\"@id\":\"https:\/\/qingdaohf.com\/bg\/#website\"},\"primaryImageOfPage\":{\"@id\":\"https:\/\/qingdaohf.com\/product\/towing-shackle\/#primaryimage\"},\"image\":{\"@id\":\"https:\/\/qingdaohf.com\/product\/towing-shackle\/#primaryimage\"},\"thumbnailUrl\":\"https:\/\/qingdaohf.com\/wp-content\/uploads\/2023\/11\/Towing-shackle-9.jpg\",\"datePublished\":\"2023-11-23T03:35:43+00:00\",\"dateModified\":\"2025-11-13T01:04:01+00:00\",\"description\":\"Our Towing Shackles boast superior tensile strength, ensuring reliable performance under heavy loads. Your clients demand quality, and we deliver\",\"breadcrumb\":{\"@id\":\"https:\/\/qingdaohf.com\/product\/towing-shackle\/#breadcrumb\"},\"inLanguage\":\"lt-LT\",\"potentialAction\":[{\"@type\":\"ReadAction\",\"target\":[\"https:\/\/qingdaohf.com\/product\/towing-shackle\/\"]}]},{\"@type\":\"ImageObject\",\"inLanguage\":\"lt-LT\",\"@id\":\"https:\/\/qingdaohf.com\/product\/towing-shackle\/#primaryimage\",\"url\":\"https:\/\/qingdaohf.com\/wp-content\/uploads\/2023\/11\/Towing-shackle-9.jpg\",\"contentUrl\":\"https:\/\/qingdaohf.com\/wp-content\/uploads\/2023\/11\/Towing-shackle-9.jpg\",\"width\":800,\"height\":800,\"caption\":\"Towing shackle\"},{\"@type\":\"BreadcrumbList\",\"@id\":\"https:\/\/qingdaohf.com\/product\/towing-shackle\/#breadcrumb\",\"itemListElement\":[{\"@type\":\"ListItem\",\"position\":1,\"name\":\"Home\",\"item\":\"https:\/\/qingdaohf.com\/\"},{\"@type\":\"ListItem\",\"position\":2,\"name\":\"Concrete Forming Accessories and Rigging Hardware\",\"item\":\"https:\/\/qingdaohf.com\/bg\/?page_id=944\"},{\"@type\":\"ListItem\",\"position\":3,\"name\":\"Towing Shackle\"}]},{\"@type\":\"WebSite\",\"@id\":\"https:\/\/qingdaohf.com\/bg\/#website\",\"url\":\"https:\/\/qingdaohf.com\/bg\/\",\"name\":\"Concrete Form & Rigging Hardware Supplier\",\"description\":\"\",\"publisher\":{\"@id\":\"https:\/\/qingdaohf.com\/bg\/#organization\"},\"potentialAction\":[{\"@type\":\"SearchAction\",\"target\":{\"@type\":\"EntryPoint\",\"urlTemplate\":\"https:\/\/qingdaohf.com\/bg\/?s={search_term_string}\"},\"query-input\":{\"@type\":\"PropertyValueSpecification\",\"valueRequired\":true,\"valueName\":\"search_term_string\"}}],\"inLanguage\":\"lt-LT\"},{\"@type\":\"Organization\",\"@id\":\"https:\/\/qingdaohf.com\/bg\/#organization\",\"name\":\"Qingdao H&F\",\"url\":\"https:\/\/qingdaohf.com\/bg\/\",\"logo\":{\"@type\":\"ImageObject\",\"inLanguage\":\"lt-LT\",\"@id\":\"https:\/\/qingdaohf.com\/bg\/#\/schema\/logo\/image\/\",\"url\":\"https:\/\/qingdaohf.com\/wp-content\/uploads\/2022\/12\/cropped-HF-LOGO.png\",\"contentUrl\":\"https:\/\/qingdaohf.com\/wp-content\/uploads\/2022\/12\/cropped-HF-LOGO.png\",\"width\":391,\"height\":249,\"caption\":\"Qingdao H&F\"},\"image\":{\"@id\":\"https:\/\/qingdaohf.com\/bg\/#\/schema\/logo\/image\/\"},\"sameAs\":[\"https:\/\/www.facebook.com\/qingdaohf\"]}]}<\/script>\n<!-- \/ Yoast SEO plugin. -->","yoast_head_json":{"title":"Towing Shackle","description":"Our Towing Shackles boast superior tensile strength, ensuring reliable performance under heavy loads. Your clients demand quality, and we deliver","robots":{"index":"index","follow":"follow","max-snippet":"max-snippet:-1","max-image-preview":"max-image-preview:large","max-video-preview":"max-video-preview:-1"},"canonical":"https:\/\/qingdaohf.com\/lt\/produktas\/vilkimo-kablys\/","og_locale":"lt_LT","og_type":"article","og_title":"Towing Shackle","og_description":"Our Towing Shackles boast superior tensile strength, ensuring reliable performance under heavy loads. Your clients demand quality, and we deliver","og_url":"https:\/\/qingdaohf.com\/lt\/produktas\/vilkimo-kablys\/","og_site_name":"Concrete Form &amp; Rigging Hardware Supplier","article_publisher":"https:\/\/www.facebook.com\/qingdaohf","article_modified_time":"2025-11-13T01:04:01+00:00","og_image":[{"width":800,"height":800,"url":"https:\/\/qingdaohf.com\/wp-content\/uploads\/2023\/11\/Towing-shackle-9.jpg","type":"image\/jpeg"}],"twitter_card":"summary_large_image","twitter_misc":{"Est. reading time":"2 minut\u0117s"},"schema":{"@context":"https:\/\/schema.org","@graph":[{"@type":"WebPage","@id":"https:\/\/qingdaohf.com\/product\/towing-shackle\/","url":"https:\/\/qingdaohf.com\/product\/towing-shackle\/","name":"Towing Shackle","isPartOf":{"@id":"https:\/\/qingdaohf.com\/bg\/#website"},"primaryImageOfPage":{"@id":"https:\/\/qingdaohf.com\/product\/towing-shackle\/#primaryimage"},"image":{"@id":"https:\/\/qingdaohf.com\/product\/towing-shackle\/#primaryimage"},"thumbnailUrl":"https:\/\/qingdaohf.com\/wp-content\/uploads\/2023\/11\/Towing-shackle-9.jpg","datePublished":"2023-11-23T03:35:43+00:00","dateModified":"2025-11-13T01:04:01+00:00","description":"Our Towing Shackles boast superior tensile strength, ensuring reliable performance under heavy loads. Your clients demand quality, and we deliver","breadcrumb":{"@id":"https:\/\/qingdaohf.com\/product\/towing-shackle\/#breadcrumb"},"inLanguage":"lt-LT","potentialAction":[{"@type":"ReadAction","target":["https:\/\/qingdaohf.com\/product\/towing-shackle\/"]}]},{"@type":"ImageObject","inLanguage":"lt-LT","@id":"https:\/\/qingdaohf.com\/product\/towing-shackle\/#primaryimage","url":"https:\/\/qingdaohf.com\/wp-content\/uploads\/2023\/11\/Towing-shackle-9.jpg","contentUrl":"https:\/\/qingdaohf.com\/wp-content\/uploads\/2023\/11\/Towing-shackle-9.jpg","width":800,"height":800,"caption":"Towing shackle"},{"@type":"BreadcrumbList","@id":"https:\/\/qingdaohf.com\/product\/towing-shackle\/#breadcrumb","itemListElement":[{"@type":"ListItem","position":1,"name":"Home","item":"https:\/\/qingdaohf.com\/"},{"@type":"ListItem","position":2,"name":"Concrete Forming Accessories and Rigging Hardware","item":"https:\/\/qingdaohf.com\/bg\/?page_id=944"},{"@type":"ListItem","position":3,"name":"Towing Shackle"}]},{"@type":"WebSite","@id":"https:\/\/qingdaohf.com\/bg\/#website","url":"https:\/\/qingdaohf.com\/bg\/","name":"Concrete Form & Rigging Hardware Supplier","description":"","publisher":{"@id":"https:\/\/qingdaohf.com\/bg\/#organization"},"potentialAction":[{"@type":"SearchAction","target":{"@type":"EntryPoint","urlTemplate":"https:\/\/qingdaohf.com\/bg\/?s={search_term_string}"},"query-input":{"@type":"PropertyValueSpecification","valueRequired":true,"valueName":"search_term_string"}}],"inLanguage":"lt-LT"},{"@type":"Organization","@id":"https:\/\/qingdaohf.com\/bg\/#organization","name":"Qingdao H&F","url":"https:\/\/qingdaohf.com\/bg\/","logo":{"@type":"ImageObject","inLanguage":"lt-LT","@id":"https:\/\/qingdaohf.com\/bg\/#\/schema\/logo\/image\/","url":"https:\/\/qingdaohf.com\/wp-content\/uploads\/2022\/12\/cropped-HF-LOGO.png","contentUrl":"https:\/\/qingdaohf.com\/wp-content\/uploads\/2022\/12\/cropped-HF-LOGO.png","width":391,"height":249,"caption":"Qingdao H&F"},"image":{"@id":"https:\/\/qingdaohf.com\/bg\/#\/schema\/logo\/image\/"},"sameAs":["https:\/\/www.facebook.com\/qingdaohf"]}]}},"_links":{"self":[{"href":"https:\/\/qingdaohf.com\/lt\/wp-json\/wp\/v2\/product\/5799","targetHints":{"allow":["GET"]}}],"collection":[{"href":"https:\/\/qingdaohf.com\/lt\/wp-json\/wp\/v2\/product"}],"about":[{"href":"https:\/\/qingdaohf.com\/lt\/wp-json\/wp\/v2\/types\/product"}],"replies":[{"embeddable":true,"href":"https:\/\/qingdaohf.com\/lt\/wp-json\/wp\/v2\/comments?post=5799"}],"version-history":[{"count":3,"href":"https:\/\/qingdaohf.com\/lt\/wp-json\/wp\/v2\/product\/5799\/revisions"}],"predecessor-version":[{"id":5824,"href":"https:\/\/qingdaohf.com\/lt\/wp-json\/wp\/v2\/product\/5799\/revisions\/5824"}],"wp:featuredmedia":[{"embeddable":true,"href":"https:\/\/qingdaohf.com\/lt\/wp-json\/wp\/v2\/media\/5806"}],"wp:attachment":[{"href":"https:\/\/qingdaohf.com\/lt\/wp-json\/wp\/v2\/media?parent=5799"}],"wp:term":[{"taxonomy":"product_brand","embeddable":true,"href":"https:\/\/qingdaohf.com\/lt\/wp-json\/wp\/v2\/product_brand?post=5799"},{"taxonomy":"product_cat","embeddable":true,"href":"https:\/\/qingdaohf.com\/lt\/wp-json\/wp\/v2\/product_cat?post=5799"},{"taxonomy":"product_tag","embeddable":true,"href":"https:\/\/qingdaohf.com\/lt\/wp-json\/wp\/v2\/product_tag?post=5799"}],"curies":[{"name":"wp","href":"https:\/\/api.w.org\/{rel}","templated":true}]}}