{"id":6109,"date":"2023-12-22T16:01:59","date_gmt":"2023-12-22T08:01:59","guid":{"rendered":"http:\/\/qingdaohf.com\/?post_type=product&#038;p=6109"},"modified":"2025-11-13T09:04:00","modified_gmt":"2025-11-13T01:04:00","slug":"utility-lifting-anchors","status":"publish","type":"product","link":"https:\/\/qingdaohf.com\/lt\/produktas\/komunaliniu-paslaugu-kelimo-inkarai\/","title":{"rendered":"Inkarai betonui pakelti"},"content":{"rendered":"<p><strong>1. Produkto specifikacijos ir kokyb\u0117:<\/strong><\/p>\n<ul>\n<li>\"H&amp;F Utility Anchors\" laikosi grie\u017et\u0173 specifikacij\u0173, u\u017etikrinan\u010di\u0173, kad jie atitinka ir vir\u0161ija pramon\u0117s standartus. Gamybos proceso metu taikomos grie\u017etos kokyb\u0117s kontrol\u0117s priemon\u0117s, u\u017etikrinan\u010dios kiekvieno inkaro ilgaam\u017ei\u0161kum\u0105 ir patikimum\u0105.<\/li>\n<\/ul>\n<p><strong>2. Tiek\u0117jo reputacija ir patikimumas:<\/strong><\/p>\n<ul>\n<li>\"H&amp;F\" gali pasigirti puikia reputacija pramon\u0117je, paremta daugiau nei dviej\u0173 de\u0161imtme\u010di\u0173 patirtimi. M\u016bs\u0173 komunalini\u0173 paslaug\u0173 inkarai nuolat sulaukia auk\u0161t\u0173 \u012fvertinim\u0173 ir teigiam\u0173 atsiliepim\u0173, liudijan\u010di\u0173 apie j\u0173 patikimum\u0105 ir na\u0161um\u0105.<\/li>\n<\/ul>\n<p><strong>3. Atitiktis ir sertifikavimas:<\/strong><\/p>\n<ul>\n<li>B\u016bkite tikri, kad \"H&amp;F\" komunalini\u0173 paslaug\u0173 inkarai yra ne tik patikimi, bet ir atitinka pramon\u0117s reikalavimus. Pirmenyb\u0119 teikiame saugai ir kokybei, tod\u0117l m\u016bs\u0173 inkarai yra sertifikuoti, kad atitinka arba vir\u0161ija visus atitinkamus standartus.<\/li>\n<\/ul>\n<p><strong>4. I\u0161laidos ir kainos ir kokyb\u0117s santykis:<\/strong><\/p>\n<ul>\n<li>\"H&amp;F\" supranta, kaip svarbu, kad s\u0105naudos b\u016bt\u0173 efektyvios ir nenukent\u0117t\u0173 kokyb\u0117. M\u016bs\u0173 komunalini\u0173 paslaug\u0173 inkarai pasi\u017eymi i\u0161skirtiniu kainos ir kokyb\u0117s santykiu, konkurencing\u0105 kain\u0105 derindami su patikimu veikimu ir u\u017etikrindami patikim\u0105 ilgalaik\u0119 investicij\u0105.<\/li>\n<\/ul>\n<p><strong>5. Gabenimas ir logistika:<\/strong><\/p>\n<ul>\n<li>\"H&amp;F\" imasi papildom\u0173 priemoni\u0173, kad j\u016bs\u0173 komunalini\u0173 paslaug\u0173 inkarai jus pasiekt\u0173 nepa\u017eeisti ir laiku. M\u016bs\u0173 saugus pakavimas ir efektyv\u016bs logistikos sprendimai garantuoja saug\u0173 ir savalaik\u012f pristatym\u0105, taip suma\u017einant bet kokius galimus projekto termin\u0173 sutrikimus.<\/li>\n<\/ul>\n<p><strong>6. Klient\u0173 aptarnavimas ir bendravimas:<\/strong><\/p>\n<ul>\n<li>\"H&amp;F\" vertina skaidr\u0173 ir operatyv\u0173 bendravim\u0105. M\u016bs\u0173 speciali klient\u0173 aptarnavimo komanda pasiruo\u0161usi greitai atsakyti \u012f j\u016bs\u0173 u\u017eklausas ir r\u016bpimus klausimus. Tik\u0117kit\u0117s ai\u0161kios informacijos apie u\u017esakymo b\u016bkl\u0119 ir aktyvaus bendravimo viso proceso metu.<\/li>\n<\/ul>\n<p><strong>7. Garantija ir garantinis aptarnavimas:<\/strong><\/p>\n<ul>\n<li>M\u0117gaukit\u0117s ramybe, naudodamiesi \"H&amp;F\" teikiama visapusi\u0161ka garantija. M\u016bs\u0173 \u012fsipareigojimas u\u017etikrinti klient\u0173 pasitenkinim\u0105 t\u0119siasi ir po pirkimo. Retai pasitaikant defektams ar problemoms, m\u016bs\u0173 garantinis aptarnavimas u\u017etikrina greit\u0105 ir nesud\u0117ting\u0105 sprendim\u0105.<\/li>\n<\/ul>\n<p><strong>8. Mok\u0117jimo s\u0105lygos ir galimyb\u0117s:<\/strong><\/p>\n<ul>\n<li>Der\u0117kit\u0117s su \"H&amp;F\" d\u0117l lanks\u010di\u0173 mok\u0117jimo s\u0105lyg\u0173, kad jos atitikt\u0173 j\u016bs\u0173 biud\u017eeto apribojimus. M\u016bs\u0173 saugios mok\u0117jimo galimyb\u0117s u\u017etikrina skland\u0173 ir saug\u0173 sandorio proces\u0105, suteikdamos jums reikiam\u0105 lankstum\u0105.<\/li>\n<\/ul>\n<p><strong>9. Aplinkos tvarumas:<\/strong><\/p>\n<ul>\n<li>\"H&amp;F\" yra \u012fsipareigojusi siekti aplinkos tvarumo. M\u016bs\u0173 komunalini\u0173 paslaug\u0173 inkarai gaminami naudojant ekologi\u0161kus procesus ir med\u017eiagas, taip prisidedant prie ekologi\u0161kesn\u0117s ir tvaresn\u0117s ateities.<\/li>\n<\/ul>\n<p><strong>10. Inovacijos ir technologijos:<\/strong><\/p>\n<ul>\n<li>B\u016bkite priekyje su \"H&amp;F\" komunalini\u0173 paslaug\u0173 inkarais, kuriuose \u012fdiegti naujausi inkar\u0173 technologijos pasiekimai. M\u016bs\u0173 inkarai sukurti taip, kad pagerint\u0173 j\u016bs\u0173 projekt\u0173 na\u0161um\u0105 ir ilgaam\u017ei\u0161kum\u0105 - nuo novatori\u0161k\u0173 konstrukcini\u0173 savybi\u0173 iki pa\u017eangiausi\u0173 med\u017eiag\u0173.<\/li>\n<\/ul>\n<p>Ar esate pasireng\u0119 pagerinti savo komunalini\u0173 paslaug\u0173 inkar\u0173 pirkimo patirt\u012f? Si\u0173skite mums u\u017eklaus\u0105 dabar ir leiskite H&amp;F b\u016bti j\u016bs\u0173 patikimu s\u0117km\u0117s partneriu!<\/p>","protected":false},"excerpt":{"rendered":"<p>Komunalini\u0173 paslaug\u0173 inkarai, tiksliai suprojektuoti taip, kad atitikt\u0173 \u012fvairius infrastrukt\u016bros projekt\u0173 reikalavimus. M\u016bs\u0173 inkarai yra statyb\u0173, telekomunikacij\u0173 ir energetikos sri\u010di\u0173 pagrindas, pasi\u017eymintis neprilygstamu tvirtumu, patikimumu ir pritaikomumu.<\/p>\n<p><strong>Didelis atsparumas tempimui:<\/strong> \"H&amp;F Utility Anchors\" pagaminti i\u0161 auk\u0161\u010diausios kokyb\u0117s med\u017eiag\u0173, u\u017etikrinan\u010di\u0173 puik\u0173 tempimo stipr\u012f ir patikim\u0105 veikim\u0105 sud\u0117tingoje aplinkoje.<\/p>\n<p><strong>Atsparumas korozijai:<\/strong> M\u016bs\u0173 inkarai sukurti taip, kad b\u016bt\u0173 atspar\u016bs korozijai, tod\u0117l yra ilgaam\u017eiai ir patikimi \u012fvairiomis s\u0105lygomis.<\/p>\n<p><strong>\u012evairiapusi\u0161kas pritaikymas:<\/strong> \"H&amp;F Utility Anchors\" yra itin universal\u016bs - nuo konstrukcij\u0173 tvirtinimo statybose iki svarbios infrastrukt\u016bros telekomunikacij\u0173 ir energetikos srityse.<\/p>","protected":false},"featured_media":6137,"comment_status":"open","ping_status":"closed","template":"","meta":{"site-sidebar-layout":"default","site-content-layout":"","ast-site-content-layout":"default","site-content-style":"default","site-sidebar-style":"default","ast-global-header-display":"","ast-banner-title-visibility":"","ast-main-header-display":"","ast-hfb-above-header-display":"","ast-hfb-below-header-display":"","ast-hfb-mobile-header-display":"","site-post-title":"","ast-breadcrumbs-content":"","ast-featured-img":"","footer-sml-layout":"","theme-transparent-header-meta":"default","adv-header-id-meta":"","stick-header-meta":"default","header-above-stick-meta":"","header-main-stick-meta":"","header-below-stick-meta":"","astra-migrate-meta-layouts":"set","ast-page-background-enabled":"default","ast-page-background-meta":{"desktop":{"background-color":"","background-image":"","background-repeat":"repeat","background-position":"center center","background-size":"auto","background-attachment":"scroll","background-type":"","background-media":"","overlay-type":"","overlay-color":"","overlay-opacity":"","overlay-gradient":""},"tablet":{"background-color":"","background-image":"","background-repeat":"repeat","background-position":"center center","background-size":"auto","background-attachment":"scroll","background-type":"","background-media":"","overlay-type":"","overlay-color":"","overlay-opacity":"","overlay-gradient":""},"mobile":{"background-color":"","background-image":"","background-repeat":"repeat","background-position":"center center","background-size":"auto","background-attachment":"scroll","background-type":"","background-media":"","overlay-type":"","overlay-color":"","overlay-opacity":"","overlay-gradient":""}},"ast-content-background-meta":{"desktop":{"background-color":"var(--ast-global-color-5)","background-image":"","background-repeat":"repeat","background-position":"center center","background-size":"auto","background-attachment":"scroll","background-type":"","background-media":"","overlay-type":"","overlay-color":"","overlay-opacity":"","overlay-gradient":""},"tablet":{"background-color":"var(--ast-global-color-5)","background-image":"","background-repeat":"repeat","background-position":"center center","background-size":"auto","background-attachment":"scroll","background-type":"","background-media":"","overlay-type":"","overlay-color":"","overlay-opacity":"","overlay-gradient":""},"mobile":{"background-color":"var(--ast-global-color-5)","background-image":"","background-repeat":"repeat","background-position":"center center","background-size":"auto","background-attachment":"scroll","background-type":"","background-media":"","overlay-type":"","overlay-color":"","overlay-opacity":"","overlay-gradient":""}}},"product_brand":[],"product_cat":[50,30],"product_tag":[],"class_list":{"0":"post-6109","1":"product","2":"type-product","3":"status-publish","4":"has-post-thumbnail","6":"product_cat-concrete-form-accessories","7":"product_cat-lifting-anchor","8":"desktop-align-left","9":"tablet-align-left","10":"mobile-align-left","11":"ast-product-gallery-layout-horizontal-slider","12":"ast-product-tabs-layout-horizontal","14":"first","15":"instock","16":"shipping-taxable","17":"purchasable","18":"product-type-simple"},"yoast_head":"<!-- This site is optimized with the Yoast SEO plugin v25.2 - https:\/\/yoast.com\/wordpress\/plugins\/seo\/ -->\n<title>Utility Lifting Anchors for Concrete<\/title>\n<meta name=\"robots\" content=\"index, follow, max-snippet:-1, max-image-preview:large, max-video-preview:-1\" \/>\n<link rel=\"canonical\" href=\"https:\/\/qingdaohf.com\/lt\/produktas\/komunaliniu-paslaugu-kelimo-inkarai\/\" \/>\n<meta property=\"og:locale\" content=\"lt_LT\" \/>\n<meta property=\"og:type\" content=\"article\" \/>\n<meta property=\"og:title\" content=\"Utility Lifting Anchors for Concrete\" \/>\n<meta property=\"og:description\" content=\"Utility Anchors, precision-engineered to meet the diverse demands of infrastructure projects. Our anchors are the backbone of construction, telecommunications, and energy applications, offering unparalleled strength, reliability, and adaptability.  High Tensile Strength: H&amp;F Utility Anchors are crafted with top-grade materials, ensuring superior tensile strength for robust performance in demanding environments.  Corrosion Resistance: Our anchors are designed to withstand corrosion, providing longevity and reliability in a variety of settings.  Versatile Applications: From securing structures in construction to supporting critical infrastructure in telecommunications and energy, H&amp;F Utility Anchors deliver exceptional versatility.\" \/>\n<meta property=\"og:url\" content=\"https:\/\/qingdaohf.com\/lt\/produktas\/komunaliniu-paslaugu-kelimo-inkarai\/\" \/>\n<meta property=\"og:site_name\" content=\"Concrete Form &amp; Rigging Hardware Supplier\" \/>\n<meta property=\"article:publisher\" content=\"https:\/\/www.facebook.com\/qingdaohf\" \/>\n<meta property=\"article:modified_time\" content=\"2025-11-13T01:04:00+00:00\" \/>\n<meta property=\"og:image\" content=\"https:\/\/qingdaohf.com\/wp-content\/uploads\/2023\/12\/lifting-anchor-43.jpg\" \/>\n\t<meta property=\"og:image:width\" content=\"1000\" \/>\n\t<meta property=\"og:image:height\" content=\"1000\" \/>\n\t<meta property=\"og:image:type\" content=\"image\/jpeg\" \/>\n<meta name=\"twitter:card\" content=\"summary_large_image\" \/>\n<meta name=\"twitter:label1\" content=\"Est. reading time\" \/>\n\t<meta name=\"twitter:data1\" content=\"2 minut\u0117s\" \/>\n<script type=\"application\/ld+json\" class=\"yoast-schema-graph\">{\"@context\":\"https:\/\/schema.org\",\"@graph\":[{\"@type\":\"WebPage\",\"@id\":\"https:\/\/qingdaohf.com\/product\/utility-lifting-anchors\/\",\"url\":\"https:\/\/qingdaohf.com\/product\/utility-lifting-anchors\/\",\"name\":\"Utility Lifting Anchors for Concrete\",\"isPartOf\":{\"@id\":\"https:\/\/qingdaohf.com\/bg\/#website\"},\"primaryImageOfPage\":{\"@id\":\"https:\/\/qingdaohf.com\/product\/utility-lifting-anchors\/#primaryimage\"},\"image\":{\"@id\":\"https:\/\/qingdaohf.com\/product\/utility-lifting-anchors\/#primaryimage\"},\"thumbnailUrl\":\"https:\/\/qingdaohf.com\/wp-content\/uploads\/2023\/12\/lifting-anchor-43.jpg\",\"datePublished\":\"2023-12-22T08:01:59+00:00\",\"dateModified\":\"2025-11-13T01:04:00+00:00\",\"breadcrumb\":{\"@id\":\"https:\/\/qingdaohf.com\/product\/utility-lifting-anchors\/#breadcrumb\"},\"inLanguage\":\"lt-LT\",\"potentialAction\":[{\"@type\":\"ReadAction\",\"target\":[\"https:\/\/qingdaohf.com\/product\/utility-lifting-anchors\/\"]}]},{\"@type\":\"ImageObject\",\"inLanguage\":\"lt-LT\",\"@id\":\"https:\/\/qingdaohf.com\/product\/utility-lifting-anchors\/#primaryimage\",\"url\":\"https:\/\/qingdaohf.com\/wp-content\/uploads\/2023\/12\/lifting-anchor-43.jpg\",\"contentUrl\":\"https:\/\/qingdaohf.com\/wp-content\/uploads\/2023\/12\/lifting-anchor-43.jpg\",\"width\":1000,\"height\":1000,\"caption\":\"Utility lifting anchor\"},{\"@type\":\"BreadcrumbList\",\"@id\":\"https:\/\/qingdaohf.com\/product\/utility-lifting-anchors\/#breadcrumb\",\"itemListElement\":[{\"@type\":\"ListItem\",\"position\":1,\"name\":\"Home\",\"item\":\"https:\/\/qingdaohf.com\/\"},{\"@type\":\"ListItem\",\"position\":2,\"name\":\"Concrete Forming Accessories and Rigging Hardware\",\"item\":\"https:\/\/qingdaohf.com\/bg\/?page_id=944\"},{\"@type\":\"ListItem\",\"position\":3,\"name\":\"Utility Lifting Anchors for Concrete\"}]},{\"@type\":\"WebSite\",\"@id\":\"https:\/\/qingdaohf.com\/bg\/#website\",\"url\":\"https:\/\/qingdaohf.com\/bg\/\",\"name\":\"Concrete Form & Rigging Hardware Supplier\",\"description\":\"\",\"publisher\":{\"@id\":\"https:\/\/qingdaohf.com\/bg\/#organization\"},\"potentialAction\":[{\"@type\":\"SearchAction\",\"target\":{\"@type\":\"EntryPoint\",\"urlTemplate\":\"https:\/\/qingdaohf.com\/bg\/?s={search_term_string}\"},\"query-input\":{\"@type\":\"PropertyValueSpecification\",\"valueRequired\":true,\"valueName\":\"search_term_string\"}}],\"inLanguage\":\"lt-LT\"},{\"@type\":\"Organization\",\"@id\":\"https:\/\/qingdaohf.com\/bg\/#organization\",\"name\":\"Qingdao H&F\",\"url\":\"https:\/\/qingdaohf.com\/bg\/\",\"logo\":{\"@type\":\"ImageObject\",\"inLanguage\":\"lt-LT\",\"@id\":\"https:\/\/qingdaohf.com\/bg\/#\/schema\/logo\/image\/\",\"url\":\"https:\/\/qingdaohf.com\/wp-content\/uploads\/2022\/12\/cropped-HF-LOGO.png\",\"contentUrl\":\"https:\/\/qingdaohf.com\/wp-content\/uploads\/2022\/12\/cropped-HF-LOGO.png\",\"width\":391,\"height\":249,\"caption\":\"Qingdao H&F\"},\"image\":{\"@id\":\"https:\/\/qingdaohf.com\/bg\/#\/schema\/logo\/image\/\"},\"sameAs\":[\"https:\/\/www.facebook.com\/qingdaohf\"]}]}<\/script>\n<!-- \/ Yoast SEO plugin. -->","yoast_head_json":{"title":"Utility Lifting Anchors for Concrete","robots":{"index":"index","follow":"follow","max-snippet":"max-snippet:-1","max-image-preview":"max-image-preview:large","max-video-preview":"max-video-preview:-1"},"canonical":"https:\/\/qingdaohf.com\/lt\/produktas\/komunaliniu-paslaugu-kelimo-inkarai\/","og_locale":"lt_LT","og_type":"article","og_title":"Utility Lifting Anchors for Concrete","og_description":"Utility Anchors, precision-engineered to meet the diverse demands of infrastructure projects. Our anchors are the backbone of construction, telecommunications, and energy applications, offering unparalleled strength, reliability, and adaptability.  High Tensile Strength: H&amp;F Utility Anchors are crafted with top-grade materials, ensuring superior tensile strength for robust performance in demanding environments.  Corrosion Resistance: Our anchors are designed to withstand corrosion, providing longevity and reliability in a variety of settings.  Versatile Applications: From securing structures in construction to supporting critical infrastructure in telecommunications and energy, H&amp;F Utility Anchors deliver exceptional versatility.","og_url":"https:\/\/qingdaohf.com\/lt\/produktas\/komunaliniu-paslaugu-kelimo-inkarai\/","og_site_name":"Concrete Form &amp; Rigging Hardware Supplier","article_publisher":"https:\/\/www.facebook.com\/qingdaohf","article_modified_time":"2025-11-13T01:04:00+00:00","og_image":[{"width":1000,"height":1000,"url":"https:\/\/qingdaohf.com\/wp-content\/uploads\/2023\/12\/lifting-anchor-43.jpg","type":"image\/jpeg"}],"twitter_card":"summary_large_image","twitter_misc":{"Est. reading time":"2 minut\u0117s"},"schema":{"@context":"https:\/\/schema.org","@graph":[{"@type":"WebPage","@id":"https:\/\/qingdaohf.com\/product\/utility-lifting-anchors\/","url":"https:\/\/qingdaohf.com\/product\/utility-lifting-anchors\/","name":"Utility Lifting Anchors for Concrete","isPartOf":{"@id":"https:\/\/qingdaohf.com\/bg\/#website"},"primaryImageOfPage":{"@id":"https:\/\/qingdaohf.com\/product\/utility-lifting-anchors\/#primaryimage"},"image":{"@id":"https:\/\/qingdaohf.com\/product\/utility-lifting-anchors\/#primaryimage"},"thumbnailUrl":"https:\/\/qingdaohf.com\/wp-content\/uploads\/2023\/12\/lifting-anchor-43.jpg","datePublished":"2023-12-22T08:01:59+00:00","dateModified":"2025-11-13T01:04:00+00:00","breadcrumb":{"@id":"https:\/\/qingdaohf.com\/product\/utility-lifting-anchors\/#breadcrumb"},"inLanguage":"lt-LT","potentialAction":[{"@type":"ReadAction","target":["https:\/\/qingdaohf.com\/product\/utility-lifting-anchors\/"]}]},{"@type":"ImageObject","inLanguage":"lt-LT","@id":"https:\/\/qingdaohf.com\/product\/utility-lifting-anchors\/#primaryimage","url":"https:\/\/qingdaohf.com\/wp-content\/uploads\/2023\/12\/lifting-anchor-43.jpg","contentUrl":"https:\/\/qingdaohf.com\/wp-content\/uploads\/2023\/12\/lifting-anchor-43.jpg","width":1000,"height":1000,"caption":"Utility lifting anchor"},{"@type":"BreadcrumbList","@id":"https:\/\/qingdaohf.com\/product\/utility-lifting-anchors\/#breadcrumb","itemListElement":[{"@type":"ListItem","position":1,"name":"Home","item":"https:\/\/qingdaohf.com\/"},{"@type":"ListItem","position":2,"name":"Concrete Forming Accessories and Rigging Hardware","item":"https:\/\/qingdaohf.com\/bg\/?page_id=944"},{"@type":"ListItem","position":3,"name":"Utility Lifting Anchors for Concrete"}]},{"@type":"WebSite","@id":"https:\/\/qingdaohf.com\/bg\/#website","url":"https:\/\/qingdaohf.com\/bg\/","name":"Concrete Form & Rigging Hardware Supplier","description":"","publisher":{"@id":"https:\/\/qingdaohf.com\/bg\/#organization"},"potentialAction":[{"@type":"SearchAction","target":{"@type":"EntryPoint","urlTemplate":"https:\/\/qingdaohf.com\/bg\/?s={search_term_string}"},"query-input":{"@type":"PropertyValueSpecification","valueRequired":true,"valueName":"search_term_string"}}],"inLanguage":"lt-LT"},{"@type":"Organization","@id":"https:\/\/qingdaohf.com\/bg\/#organization","name":"Qingdao H&F","url":"https:\/\/qingdaohf.com\/bg\/","logo":{"@type":"ImageObject","inLanguage":"lt-LT","@id":"https:\/\/qingdaohf.com\/bg\/#\/schema\/logo\/image\/","url":"https:\/\/qingdaohf.com\/wp-content\/uploads\/2022\/12\/cropped-HF-LOGO.png","contentUrl":"https:\/\/qingdaohf.com\/wp-content\/uploads\/2022\/12\/cropped-HF-LOGO.png","width":391,"height":249,"caption":"Qingdao H&F"},"image":{"@id":"https:\/\/qingdaohf.com\/bg\/#\/schema\/logo\/image\/"},"sameAs":["https:\/\/www.facebook.com\/qingdaohf"]}]}},"_links":{"self":[{"href":"https:\/\/qingdaohf.com\/lt\/wp-json\/wp\/v2\/product\/6109","targetHints":{"allow":["GET"]}}],"collection":[{"href":"https:\/\/qingdaohf.com\/lt\/wp-json\/wp\/v2\/product"}],"about":[{"href":"https:\/\/qingdaohf.com\/lt\/wp-json\/wp\/v2\/types\/product"}],"replies":[{"embeddable":true,"href":"https:\/\/qingdaohf.com\/lt\/wp-json\/wp\/v2\/comments?post=6109"}],"version-history":[{"count":10,"href":"https:\/\/qingdaohf.com\/lt\/wp-json\/wp\/v2\/product\/6109\/revisions"}],"predecessor-version":[{"id":6276,"href":"https:\/\/qingdaohf.com\/lt\/wp-json\/wp\/v2\/product\/6109\/revisions\/6276"}],"wp:featuredmedia":[{"embeddable":true,"href":"https:\/\/qingdaohf.com\/lt\/wp-json\/wp\/v2\/media\/6137"}],"wp:attachment":[{"href":"https:\/\/qingdaohf.com\/lt\/wp-json\/wp\/v2\/media?parent=6109"}],"wp:term":[{"taxonomy":"product_brand","embeddable":true,"href":"https:\/\/qingdaohf.com\/lt\/wp-json\/wp\/v2\/product_brand?post=6109"},{"taxonomy":"product_cat","embeddable":true,"href":"https:\/\/qingdaohf.com\/lt\/wp-json\/wp\/v2\/product_cat?post=6109"},{"taxonomy":"product_tag","embeddable":true,"href":"https:\/\/qingdaohf.com\/lt\/wp-json\/wp\/v2\/product_tag?post=6109"}],"curies":[{"name":"wp","href":"https:\/\/api.w.org\/{rel}","templated":true}]}}