{"id":6226,"date":"2024-01-03T15:51:23","date_gmt":"2024-01-03T07:51:23","guid":{"rendered":"http:\/\/qingdaohf.com\/?post_type=product&#038;p=6226"},"modified":"2025-11-13T09:03:39","modified_gmt":"2025-11-13T01:03:39","slug":"woven-cord-strap","status":"publish","type":"product","link":"https:\/\/qingdaohf.com\/lt\/produktas\/apjuosimas-dirzais\/","title":{"rendered":"Austas poliesterio laidas Dir\u017e\u0173 juosta pakuotei"},"content":{"rendered":"<div class=\"ast-oembed-container\" style=\"height: 100%;\"><iframe title=\"Polipropileno juostos\" width=\"500\" height=\"281\" src=\"https:\/\/www.youtube.com\/embed\/Bi0Ct6OI134?feature=oembed\" frameborder=\"0\" allow=\"accelerometer; autoplay; clipboard-write; encrypted-media; gyroscope; picture-in-picture; web-share\" referrerpolicy=\"strict-origin-when-cross-origin\" allowfullscreen><\/iframe><\/div>\n<h3>\u017dinant svarbiausias aust\u0173 poliesterio virvi\u0173 juost\u0173 charakteristikas<\/h3>\n<p>Kiekvieno saugaus pakavimo sprendimo pagrindas - austos poliesterio virv\u0117s juostos. \u017dinant j\u0173 tvirtum\u0105 ir universalum\u0105, pramon\u0117s \u0161akose, kuriose reikia patikimai apri\u0161ti sunkius krovinius arba netaisykling\u0173 form\u0173 krovinius, \u0161ios juostos gali b\u016bti pla\u010diai naudojamos. I\u0161 tankiai susipynusi\u0173 poliesterio pluo\u0161t\u0173 pagamintos juostos pasi\u017eymi \u012fsp\u016bdingu atsparumu tempimui, kartu i\u0161laikydamos lankstum\u0105. Skirtingai nuo tradicini\u0173 plienini\u0173 juost\u0173, kurios gali b\u016bti linkusios r\u016bdijuoti ar net pa\u017eeisti jautrius pavir\u0161ius, \u0161ios r\u016b\u0161ies poliesterio juostos yra lygi, bet tvirta alternatyva, puikiai sauganti preki\u0173 vientisum\u0105.<\/p>\n<p>\u0160i med\u017eiaga tapo m\u0117gstama keliose pirmaujan\u010diose pramon\u0117s \u0161akose, \u012fskaitant logistik\u0105, statyb\u0105 ir gamyb\u0105, kur gaminiai yra sunkiai apdorojami, ta\u010diau tai nekenkia saugumui ar stabilumui. Pirk\u0117jai vertina savo investicijas \u012f pakuotes, tod\u0117l jiems reikia toki\u0173 juost\u0173, kurios tiksliai atitikt\u0173 j\u0173 veiklos reikalavimus ir b\u016bt\u0173 tikrai veiksmingos ir ekonomi\u0161kos.<\/p>\n<h3>Didelio atsparumo poliesterio virvi\u0173 juost\u0173 privalumai<\/h3>\n<p>Austos poliesterio virv\u0117s juostos yra pa\u010dios ilgaam\u017ei\u0161kiausios, tod\u0117l puikiai tinka kroviniams tvirtinti dinami\u0161komis s\u0105lygomis. D\u0117l ypatingos austos strukt\u016bros jie sugeria sm\u016bgius ir vibracij\u0105, o tai labai svarbu gabenant trapius ar sunkius krovinius dideliu atstumu. Juostos taip pat pasi\u017eymi elastingumu; tai svarbu, nes net jei krovinys gabenant \u0161iek tiek pasislinko, jis vis tiek bus tvirtai pritvirtintas.<\/p>\n<p>Be to, poliesterio juostos yra lengvos, tod\u0117l jas lengva tvarkyti. J\u012f daug lengviau tvarkyti, palyginti su plieniniais analogais, tod\u0117l jo tvarkymas nesukelia didel\u0117s darbo j\u0117gos \u012ftampos ir didina operacij\u0173 efektyvum\u0105. Kitas svarbus privalumas - atsparumas aplinkos poveikiui; poliesterio juostos nesuyra veikiamos dr\u0117gm\u0117s, ultravioletini\u0173 spinduli\u0173 ar kintan\u010dios temperat\u016bros, tod\u0117l puikiai tinka naudoti sand\u0117liuojant lauke ar transportuojant.<br \/>\nQingdao H&amp;F grie\u017etai tikriname savo poliesterio juost\u0173 juost\u0173 kokyb\u0119, kad jos atitikt\u0173 auk\u0161\u010diausius pramon\u0117s standartus. Pirk\u0117jai gali tik\u0117tis i\u0161sami\u0173 kokyb\u0117s tikrinimo ataskait\u0173 su kiekviena partija, tod\u0117l visi\u0161kai ai\u0161ku, kad gaminiai yra patikimi. D\u0117l to ir greito pristatymo laiko u\u017etikriname, kad j\u016bs\u0173 verslo operacijos vykt\u0173 be joki\u0173 v\u0117lavim\u0173.<\/p>\n<h3>Kod\u0117l verta rinktis Qingdao H&amp;F poliesterio juost\u0173 klijavimo reikm\u0117ms?<\/h3>\n<p>Pasirinkti tinkam\u0105 tiek\u0117j\u0105 yra ne ma\u017eiau svarbu nei pat\u012f gamin\u012f. \u0160iuo po\u017ei\u016briu \"Qingdao H&amp;F\" yra neprilygstama, puikiai atitinkanti pirk\u0117j\u0173 poreikius. Tur\u0117dami 20 met\u0173 u\u017esienio prekybos patirt\u012f, mes atpa\u017e\u012fstame tuos svarbiausius veiksnius, kurie lemia pirkimo sprendimus: nuo gaminio ilgaam\u017ei\u0161kumo ir ekonomi\u0161kumo iki savalaikio pristatymo ir specialiai pritaikytos pagalbos, meistri\u0161kumo kiekvienoje smulkmenoje. \u012esipareigojimas individualiai aptarnauti klientus i\u0161skiria mus i\u0161 kit\u0173. Kiekvienam klientui suteikiamas vienas kontaktinis asmuo, kuris padeda i\u0161spr\u0119sti bet kokius klausimus arba teikia atnaujint\u0105 pagalb\u0105 pritaikant sprendimus konkre\u010diam reikalavimui. Toks individualus po\u017ei\u016bris u\u017etikrina, kad pirkimas vykt\u0173 skland\u017eiai. Be to, m\u016bs\u0173 tvirta tiekimo grandin\u0117s valdymo sistema leid\u017eia mums laiku pristatyti prekes, net ir \u012fgyvendinant projektus, kuri\u0173 terminai yra grie\u017eti, be joki\u0173 kompromis\u0173 d\u0117l kokyb\u0117s. Kokyb\u0119 vertinantiems pirk\u0117jams pateikiame i\u0161samias tikrinimo ataskaitas, kad jie b\u016bt\u0173 tikri, jog kiekviena gamini\u0173 partija atitinka nustatytus standartus. Ataskaita kelia pasitik\u0117jim\u0105 ir suteikia klientams galimyb\u0119 priimti u\u017etikrintus, informacija pagr\u012fstus sprendimus.<\/p>\n<p>Tai \u012frodo, kad didelio atsparumo austos poliesterio virv\u0117s juostos yra neabejotinai naujovi\u0161kas produktas, skirtas pramon\u0117s \u0161akoms, kurioms reikalingos patikimos pakavimo med\u017eiagos. \u0160iose juostose akcentuojamas stiprumas, atsparumas ir pritaikomumas \u012fvairiems tikslams, kartu suma\u017einant su krovini\u0173 tvirtinimu susijusi\u0105 rizik\u0105. Kartu su \"Qingdao H&amp;F\" ji gali u\u017etikrinti pirk\u0117jams auk\u0161\u010diausios kokyb\u0117s gaminius, kuriuos remia pramon\u0117s patirtis, greitas pristatymo ciklas ir nekintamas klient\u0173 aptarnavimas. Nesvarbu, ar sprend\u017eiate sud\u0117tingus logistikos klausimus, ar bandote i\u0161spr\u0119sti konkre\u010dius veiklos i\u0161\u0161\u016bkius, m\u016bs\u0173 individual\u016bs sprendimai ir gilios \u012f\u017evalgos yra pagrindas, kuriuo remiasi j\u016bs\u0173 pakavimo s\u0117km\u0117.<\/p>","protected":false},"excerpt":{"rendered":"<p>Didelio atsparumo austos poliesterio virv\u0117s juostos suteikia pramonei efektyvius ir patikimus pakavimo sprendimus. \u017dinomos d\u0117l savo ilgaam\u017ei\u0161kumo, \u0161ios juostos leid\u017eia veiksmingai tvirtinti sunkius krovinius ir yra labai atsparios l\u016b\u017eimui ir tempimui gabenimo metu. Dauguma pirk\u0117j\u0173, \u012fsigij\u0119 patikimas pakavimo med\u017eiagas, atsi\u017evelgia \u012f gaminio eksploatacines savybes, suderinamum\u0105 su vis\u0173 tip\u0173 juost\u0173 tvirtinimo \u012frankiais ir atsparum\u0105 aplinkos veiksniams, pavyzd\u017eiui, dr\u0117gmei. Jau 20 met\u0173 esame patikima prekybos \u012fmon\u0117. Qingdao H&amp;F i\u0161siskiria tuo, kad klientams si\u016blo individualias, individualiai pritaikytas paslaugas, o tai garantuoja, kad kiekvienas klientas gaus deram\u0105 laik\u0105. Greitas pristatymo ciklas ir i\u0161samios kokyb\u0117s tikrinimo ataskaitos sustiprins j\u016bs\u0173 pasitik\u0117jim\u0105 renkantis mus savo pakavimo sprendimams.<\/p>","protected":false},"featured_media":6225,"comment_status":"open","ping_status":"closed","template":"","meta":{"site-sidebar-layout":"default","site-content-layout":"","ast-site-content-layout":"default","site-content-style":"default","site-sidebar-style":"default","ast-global-header-display":"","ast-banner-title-visibility":"","ast-main-header-display":"","ast-hfb-above-header-display":"","ast-hfb-below-header-display":"","ast-hfb-mobile-header-display":"","site-post-title":"","ast-breadcrumbs-content":"","ast-featured-img":"","footer-sml-layout":"","theme-transparent-header-meta":"default","adv-header-id-meta":"","stick-header-meta":"default","header-above-stick-meta":"","header-main-stick-meta":"","header-below-stick-meta":"","astra-migrate-meta-layouts":"set","ast-page-background-enabled":"default","ast-page-background-meta":{"desktop":{"background-color":"","background-image":"","background-repeat":"repeat","background-position":"center center","background-size":"auto","background-attachment":"scroll","background-type":"","background-media":"","overlay-type":"","overlay-color":"","overlay-opacity":"","overlay-gradient":""},"tablet":{"background-color":"","background-image":"","background-repeat":"repeat","background-position":"center center","background-size":"auto","background-attachment":"scroll","background-type":"","background-media":"","overlay-type":"","overlay-color":"","overlay-opacity":"","overlay-gradient":""},"mobile":{"background-color":"","background-image":"","background-repeat":"repeat","background-position":"center center","background-size":"auto","background-attachment":"scroll","background-type":"","background-media":"","overlay-type":"","overlay-color":"","overlay-opacity":"","overlay-gradient":""}},"ast-content-background-meta":{"desktop":{"background-color":"var(--ast-global-color-5)","background-image":"","background-repeat":"repeat","background-position":"center center","background-size":"auto","background-attachment":"scroll","background-type":"","background-media":"","overlay-type":"","overlay-color":"","overlay-opacity":"","overlay-gradient":""},"tablet":{"background-color":"var(--ast-global-color-5)","background-image":"","background-repeat":"repeat","background-position":"center center","background-size":"auto","background-attachment":"scroll","background-type":"","background-media":"","overlay-type":"","overlay-color":"","overlay-opacity":"","overlay-gradient":""},"mobile":{"background-color":"var(--ast-global-color-5)","background-image":"","background-repeat":"repeat","background-position":"center center","background-size":"auto","background-attachment":"scroll","background-type":"","background-media":"","overlay-type":"","overlay-color":"","overlay-opacity":"","overlay-gradient":""}}},"product_brand":[],"product_cat":[51,69],"product_tag":[],"class_list":{"0":"post-6226","1":"product","2":"type-product","3":"status-publish","4":"has-post-thumbnail","6":"product_cat-riggging-hardware","7":"product_cat-strapping","8":"desktop-align-left","9":"tablet-align-left","10":"mobile-align-left","11":"ast-product-gallery-layout-horizontal-slider","12":"ast-product-tabs-layout-horizontal","14":"first","15":"instock","16":"shipping-taxable","17":"purchasable","18":"product-type-simple"},"yoast_head":"<!-- This site is optimized with the Yoast SEO plugin v25.2 - https:\/\/yoast.com\/wordpress\/plugins\/seo\/ -->\n<title>Woven Polyester Cord Strapping Band for Packaging<\/title>\n<meta name=\"description\" content=\"High-strength woven polyester cord strapping bands provide industries with efficient and trustworthy packaging solutions.\" \/>\n<meta name=\"robots\" content=\"index, follow, max-snippet:-1, max-image-preview:large, max-video-preview:-1\" \/>\n<link rel=\"canonical\" href=\"https:\/\/qingdaohf.com\/lt\/produktas\/apjuosimas-dirzais\/\" \/>\n<meta property=\"og:locale\" content=\"lt_LT\" \/>\n<meta property=\"og:type\" content=\"article\" \/>\n<meta property=\"og:title\" content=\"Woven Polyester Cord Strapping Band for Packaging\" \/>\n<meta property=\"og:description\" content=\"High-strength woven polyester cord strapping bands provide industries with efficient and trustworthy packaging solutions.\" \/>\n<meta property=\"og:url\" content=\"https:\/\/qingdaohf.com\/lt\/produktas\/apjuosimas-dirzais\/\" \/>\n<meta property=\"og:site_name\" content=\"Concrete Form &amp; Rigging Hardware Supplier\" \/>\n<meta property=\"article:publisher\" content=\"https:\/\/www.facebook.com\/qingdaohf\" \/>\n<meta property=\"article:modified_time\" content=\"2025-11-13T01:03:39+00:00\" \/>\n<meta property=\"og:image\" content=\"https:\/\/qingdaohf.com\/wp-content\/uploads\/2024\/01\/strapping-roll-2.webp\" \/>\n\t<meta property=\"og:image:width\" content=\"1000\" \/>\n\t<meta property=\"og:image:height\" content=\"1000\" \/>\n\t<meta property=\"og:image:type\" content=\"image\/webp\" \/>\n<meta name=\"twitter:card\" content=\"summary_large_image\" \/>\n<meta name=\"twitter:label1\" content=\"Est. reading time\" \/>\n\t<meta name=\"twitter:data1\" content=\"3 minut\u0117s\" \/>\n<script type=\"application\/ld+json\" class=\"yoast-schema-graph\">{\"@context\":\"https:\/\/schema.org\",\"@graph\":[{\"@type\":\"WebPage\",\"@id\":\"https:\/\/qingdaohf.com\/product\/woven-cord-strap\/\",\"url\":\"https:\/\/qingdaohf.com\/product\/woven-cord-strap\/\",\"name\":\"Woven Polyester Cord Strapping Band for Packaging\",\"isPartOf\":{\"@id\":\"https:\/\/qingdaohf.com\/bg\/#website\"},\"primaryImageOfPage\":{\"@id\":\"https:\/\/qingdaohf.com\/product\/woven-cord-strap\/#primaryimage\"},\"image\":{\"@id\":\"https:\/\/qingdaohf.com\/product\/woven-cord-strap\/#primaryimage\"},\"thumbnailUrl\":\"https:\/\/qingdaohf.com\/wp-content\/uploads\/2024\/01\/strapping-roll-2.webp\",\"datePublished\":\"2024-01-03T07:51:23+00:00\",\"dateModified\":\"2025-11-13T01:03:39+00:00\",\"description\":\"High-strength woven polyester cord strapping bands provide industries with efficient and trustworthy packaging solutions.\",\"breadcrumb\":{\"@id\":\"https:\/\/qingdaohf.com\/product\/woven-cord-strap\/#breadcrumb\"},\"inLanguage\":\"lt-LT\",\"potentialAction\":[{\"@type\":\"ReadAction\",\"target\":[\"https:\/\/qingdaohf.com\/product\/woven-cord-strap\/\"]}]},{\"@type\":\"ImageObject\",\"inLanguage\":\"lt-LT\",\"@id\":\"https:\/\/qingdaohf.com\/product\/woven-cord-strap\/#primaryimage\",\"url\":\"https:\/\/qingdaohf.com\/wp-content\/uploads\/2024\/01\/strapping-roll-2.webp\",\"contentUrl\":\"https:\/\/qingdaohf.com\/wp-content\/uploads\/2024\/01\/strapping-roll-2.webp\",\"width\":1000,\"height\":1000,\"caption\":\"strapping roll\"},{\"@type\":\"BreadcrumbList\",\"@id\":\"https:\/\/qingdaohf.com\/product\/woven-cord-strap\/#breadcrumb\",\"itemListElement\":[{\"@type\":\"ListItem\",\"position\":1,\"name\":\"Home\",\"item\":\"https:\/\/qingdaohf.com\/\"},{\"@type\":\"ListItem\",\"position\":2,\"name\":\"Concrete Forming Accessories and Rigging Hardware\",\"item\":\"https:\/\/qingdaohf.com\/bg\/?page_id=944\"},{\"@type\":\"ListItem\",\"position\":3,\"name\":\"Woven Polyester Cord Strapping Band for Packaging\"}]},{\"@type\":\"WebSite\",\"@id\":\"https:\/\/qingdaohf.com\/bg\/#website\",\"url\":\"https:\/\/qingdaohf.com\/bg\/\",\"name\":\"Concrete Form & Rigging Hardware Supplier\",\"description\":\"\",\"publisher\":{\"@id\":\"https:\/\/qingdaohf.com\/bg\/#organization\"},\"potentialAction\":[{\"@type\":\"SearchAction\",\"target\":{\"@type\":\"EntryPoint\",\"urlTemplate\":\"https:\/\/qingdaohf.com\/bg\/?s={search_term_string}\"},\"query-input\":{\"@type\":\"PropertyValueSpecification\",\"valueRequired\":true,\"valueName\":\"search_term_string\"}}],\"inLanguage\":\"lt-LT\"},{\"@type\":\"Organization\",\"@id\":\"https:\/\/qingdaohf.com\/bg\/#organization\",\"name\":\"Qingdao H&F\",\"url\":\"https:\/\/qingdaohf.com\/bg\/\",\"logo\":{\"@type\":\"ImageObject\",\"inLanguage\":\"lt-LT\",\"@id\":\"https:\/\/qingdaohf.com\/bg\/#\/schema\/logo\/image\/\",\"url\":\"https:\/\/qingdaohf.com\/wp-content\/uploads\/2022\/12\/cropped-HF-LOGO.png\",\"contentUrl\":\"https:\/\/qingdaohf.com\/wp-content\/uploads\/2022\/12\/cropped-HF-LOGO.png\",\"width\":391,\"height\":249,\"caption\":\"Qingdao H&F\"},\"image\":{\"@id\":\"https:\/\/qingdaohf.com\/bg\/#\/schema\/logo\/image\/\"},\"sameAs\":[\"https:\/\/www.facebook.com\/qingdaohf\"]}]}<\/script>\n<!-- \/ Yoast SEO plugin. -->","yoast_head_json":{"title":"Woven Polyester Cord Strapping Band for Packaging","description":"High-strength woven polyester cord strapping bands provide industries with efficient and trustworthy packaging solutions.","robots":{"index":"index","follow":"follow","max-snippet":"max-snippet:-1","max-image-preview":"max-image-preview:large","max-video-preview":"max-video-preview:-1"},"canonical":"https:\/\/qingdaohf.com\/lt\/produktas\/apjuosimas-dirzais\/","og_locale":"lt_LT","og_type":"article","og_title":"Woven Polyester Cord Strapping Band for Packaging","og_description":"High-strength woven polyester cord strapping bands provide industries with efficient and trustworthy packaging solutions.","og_url":"https:\/\/qingdaohf.com\/lt\/produktas\/apjuosimas-dirzais\/","og_site_name":"Concrete Form &amp; Rigging Hardware Supplier","article_publisher":"https:\/\/www.facebook.com\/qingdaohf","article_modified_time":"2025-11-13T01:03:39+00:00","og_image":[{"width":1000,"height":1000,"url":"https:\/\/qingdaohf.com\/wp-content\/uploads\/2024\/01\/strapping-roll-2.webp","type":"image\/webp"}],"twitter_card":"summary_large_image","twitter_misc":{"Est. reading time":"3 minut\u0117s"},"schema":{"@context":"https:\/\/schema.org","@graph":[{"@type":"WebPage","@id":"https:\/\/qingdaohf.com\/product\/woven-cord-strap\/","url":"https:\/\/qingdaohf.com\/product\/woven-cord-strap\/","name":"Woven Polyester Cord Strapping Band for Packaging","isPartOf":{"@id":"https:\/\/qingdaohf.com\/bg\/#website"},"primaryImageOfPage":{"@id":"https:\/\/qingdaohf.com\/product\/woven-cord-strap\/#primaryimage"},"image":{"@id":"https:\/\/qingdaohf.com\/product\/woven-cord-strap\/#primaryimage"},"thumbnailUrl":"https:\/\/qingdaohf.com\/wp-content\/uploads\/2024\/01\/strapping-roll-2.webp","datePublished":"2024-01-03T07:51:23+00:00","dateModified":"2025-11-13T01:03:39+00:00","description":"High-strength woven polyester cord strapping bands provide industries with efficient and trustworthy packaging solutions.","breadcrumb":{"@id":"https:\/\/qingdaohf.com\/product\/woven-cord-strap\/#breadcrumb"},"inLanguage":"lt-LT","potentialAction":[{"@type":"ReadAction","target":["https:\/\/qingdaohf.com\/product\/woven-cord-strap\/"]}]},{"@type":"ImageObject","inLanguage":"lt-LT","@id":"https:\/\/qingdaohf.com\/product\/woven-cord-strap\/#primaryimage","url":"https:\/\/qingdaohf.com\/wp-content\/uploads\/2024\/01\/strapping-roll-2.webp","contentUrl":"https:\/\/qingdaohf.com\/wp-content\/uploads\/2024\/01\/strapping-roll-2.webp","width":1000,"height":1000,"caption":"strapping roll"},{"@type":"BreadcrumbList","@id":"https:\/\/qingdaohf.com\/product\/woven-cord-strap\/#breadcrumb","itemListElement":[{"@type":"ListItem","position":1,"name":"Home","item":"https:\/\/qingdaohf.com\/"},{"@type":"ListItem","position":2,"name":"Concrete Forming Accessories and Rigging Hardware","item":"https:\/\/qingdaohf.com\/bg\/?page_id=944"},{"@type":"ListItem","position":3,"name":"Woven Polyester Cord Strapping Band for Packaging"}]},{"@type":"WebSite","@id":"https:\/\/qingdaohf.com\/bg\/#website","url":"https:\/\/qingdaohf.com\/bg\/","name":"Concrete Form & Rigging Hardware Supplier","description":"","publisher":{"@id":"https:\/\/qingdaohf.com\/bg\/#organization"},"potentialAction":[{"@type":"SearchAction","target":{"@type":"EntryPoint","urlTemplate":"https:\/\/qingdaohf.com\/bg\/?s={search_term_string}"},"query-input":{"@type":"PropertyValueSpecification","valueRequired":true,"valueName":"search_term_string"}}],"inLanguage":"lt-LT"},{"@type":"Organization","@id":"https:\/\/qingdaohf.com\/bg\/#organization","name":"Qingdao H&F","url":"https:\/\/qingdaohf.com\/bg\/","logo":{"@type":"ImageObject","inLanguage":"lt-LT","@id":"https:\/\/qingdaohf.com\/bg\/#\/schema\/logo\/image\/","url":"https:\/\/qingdaohf.com\/wp-content\/uploads\/2022\/12\/cropped-HF-LOGO.png","contentUrl":"https:\/\/qingdaohf.com\/wp-content\/uploads\/2022\/12\/cropped-HF-LOGO.png","width":391,"height":249,"caption":"Qingdao H&F"},"image":{"@id":"https:\/\/qingdaohf.com\/bg\/#\/schema\/logo\/image\/"},"sameAs":["https:\/\/www.facebook.com\/qingdaohf"]}]}},"_links":{"self":[{"href":"https:\/\/qingdaohf.com\/lt\/wp-json\/wp\/v2\/product\/6226","targetHints":{"allow":["GET"]}}],"collection":[{"href":"https:\/\/qingdaohf.com\/lt\/wp-json\/wp\/v2\/product"}],"about":[{"href":"https:\/\/qingdaohf.com\/lt\/wp-json\/wp\/v2\/types\/product"}],"replies":[{"embeddable":true,"href":"https:\/\/qingdaohf.com\/lt\/wp-json\/wp\/v2\/comments?post=6226"}],"version-history":[{"count":11,"href":"https:\/\/qingdaohf.com\/lt\/wp-json\/wp\/v2\/product\/6226\/revisions"}],"predecessor-version":[{"id":8881,"href":"https:\/\/qingdaohf.com\/lt\/wp-json\/wp\/v2\/product\/6226\/revisions\/8881"}],"wp:featuredmedia":[{"embeddable":true,"href":"https:\/\/qingdaohf.com\/lt\/wp-json\/wp\/v2\/media\/6225"}],"wp:attachment":[{"href":"https:\/\/qingdaohf.com\/lt\/wp-json\/wp\/v2\/media?parent=6226"}],"wp:term":[{"taxonomy":"product_brand","embeddable":true,"href":"https:\/\/qingdaohf.com\/lt\/wp-json\/wp\/v2\/product_brand?post=6226"},{"taxonomy":"product_cat","embeddable":true,"href":"https:\/\/qingdaohf.com\/lt\/wp-json\/wp\/v2\/product_cat?post=6226"},{"taxonomy":"product_tag","embeddable":true,"href":"https:\/\/qingdaohf.com\/lt\/wp-json\/wp\/v2\/product_tag?post=6226"}],"curies":[{"name":"wp","href":"https:\/\/api.w.org\/{rel}","templated":true}]}}