{"id":6357,"date":"2024-01-22T14:18:41","date_gmt":"2024-01-22T06:18:41","guid":{"rendered":"http:\/\/qingdaohf.com\/?post_type=product&#038;p=6357"},"modified":"2025-11-13T09:03:39","modified_gmt":"2025-11-13T01:03:39","slug":"polyester-strapping","status":"publish","type":"product","link":"https:\/\/qingdaohf.com\/lt\/produktas\/poliesterio-juostos\/","title":{"rendered":"Poliesterio dir\u017eai"},"content":{"rendered":"<div class=\"ast-oembed-container\" style=\"height: 100%;\"><iframe title=\"Poliesterio dir\u017eai\" width=\"500\" height=\"281\" src=\"https:\/\/www.youtube.com\/embed\/kUQ_vY_B6Zc?feature=oembed\" frameborder=\"0\" allow=\"accelerometer; autoplay; clipboard-write; encrypted-media; gyroscope; picture-in-picture; web-share\" referrerpolicy=\"strict-origin-when-cross-origin\" allowfullscreen><\/iframe><\/div>\n<p data-sourcepos=\"7:1-7:343\"><strong>1. L\u016b\u017eio stiprumas:<\/strong> \ufe0f\u200dVis\u0173 pirma reikia tur\u0117ti gali\u0105! \u012esitikinkite, kad j\u016bs\u0173 pasirinkt\u0173 juost\u0173 atsparumas tr\u016bkimui vir\u0161ija j\u016bs\u0173 numatomos apkrovos reikalavimus. Si\u016blome poliesterio juost\u0173, kuri\u0173 atsparumas tr\u016bkimui yra \u012fvairus - nuo lengv\u0173 (500 svar\u0173) iki sunki\u0173 (daugiau kaip 5 000 svar\u0173), tod\u0117l galite rasti idealiai tinkant\u012f savo reikm\u0117ms.<\/p>\n<p data-sourcepos=\"9:1-9:326\"><strong>2. Med\u017eiagos specifikacijos:<\/strong> Ne visi poliesterio dir\u017eai yra vienodi. Atsi\u017evelkite \u012f tokius veiksnius kaip storis, plotis ir pailg\u0117jimo procentas, kad u\u017etikrintum\u0117te suderinamum\u0105 su konkre\u010diais poreikiais. Savo svetain\u0117je pateikiame i\u0161samias gamini\u0173 specifikacijas, \u012fskaitant duomen\u0173 lapus, kuriuos galite atsisi\u0173sti, kad gal\u0117tum\u0117te priimti pagr\u012fstus sprendimus.<\/p>\n<p data-sourcepos=\"11:1-11:310\"><strong>3. Atsparumas oro s\u0105lygoms:<\/strong> \ufe0f J\u016bs\u0173 krovinys netur\u0117t\u0173 b\u016bti priklausomas nuo gamtos stichij\u0173. Rinkit\u0117s UV spinduliams atsparius ir vandeniui nelaid\u017eius dir\u017eus, kad apsaugotum\u0117te krovinius nuo saul\u0117s, lietaus ir kit\u0173 at\u0161iauri\u0173 s\u0105lyg\u0173. M\u016bs\u0173 poliesterio juostos yra specialiai apdorotos, kad b\u016bt\u0173 atsparios atmosferos poveikiui, ir u\u017etikrina ilgalaik\u012f veikim\u0105.<\/p>\n<p data-sourcepos=\"13:1-13:309\"><strong>4. Ekonominis efektyvumas:<\/strong> Pripa\u017einkime, kad biud\u017eetas yra svarbus. Nors kokyb\u0117 yra svarbiausia, nusipeln\u0117te konkurencingos kainos. Si\u016blome konkurencingas vis\u0173 m\u016bs\u0173 poliesterio juost\u0173 gamini\u0173 kainas, nenusileisdami kokybei ar eksploatacin\u0117ms savyb\u0117ms. Taip pat taikome nuolaidas dideliems kiekiams, kad sutaupytum\u0117te dar daugiau.<\/p>\n<p data-sourcepos=\"15:1-15:247\"><strong>5. Klient\u0173 aptarnavimas:<\/strong> \u0160iame versle pasitik\u0117jimas ir parama yra labai svarb\u016bs. Did\u017eiuojam\u0117s i\u0161skirtiniu klient\u0173 aptarnavimu, o \u012f j\u016bs\u0173 klausimus atsakys ir atrankos proceso metu pad\u0117s atsakyti paskyr\u0173 vadybininkai ir technin\u0117s pagalbos specialistai.<\/p>\n<p data-sourcepos=\"15:1-15:76\"><strong>Poliesterio juostos puikiai tinka \u012fvairioms reikm\u0117ms, \u012fskaitant:<\/strong><\/p>\n<ul data-sourcepos=\"17:1-21:0\">\n<li data-sourcepos=\"17:1-17:29\">Pad\u0117kl\u0173 ir d\u0117\u017ei\u0173 pakavimas<\/li>\n<li data-sourcepos=\"18:1-18:34\">Ma\u0161in\u0173 ir \u012frangos tvirtinimas<\/li>\n<li data-sourcepos=\"19:1-19:35\">Bald\u0173 ir prietais\u0173 pakavimas<\/li>\n<li data-sourcepos=\"20:1-21:0\">Ir dar daugiau!<\/li>\n<\/ul>","protected":false},"excerpt":{"rendered":"<p><strong>Stiprus ir patikimas:<\/strong>\u00a0Tvirtai laiko didelius krovinius, pasi\u017eymi dideliu atsparumu tr\u016bkimui.<\/p>\n<p><strong>Lengvas ir lankstus:<\/strong>\u00a0Lengviau naudoti ir manevruoti nei plienin\u0117mis juostomis.<\/p>\n<p><strong>Atsparus r\u016bdims ir oro s\u0105lygoms:<\/strong>\u00a0Nepa\u017eeis j\u016bs\u0173 preki\u0173 ir nepaliks r\u016bd\u017ei\u0173 d\u0117mi\u0173.<\/p>\n<p><strong>Ekonomi\u0161kas:<\/strong>\u00a0Da\u017enai yra pigesni nei plieniniai dir\u017eai ir ma\u017eiau link\u0119 l\u016b\u017eti.<\/p>\n<p><strong>Ekologi\u0161kas:<\/strong>\u00a0Galima perdirbti ir tai tvaresnis pasirinkimas nei plienas.<\/p>\n<p>&nbsp;<\/p>","protected":false},"featured_media":6363,"comment_status":"open","ping_status":"closed","template":"","meta":{"site-sidebar-layout":"default","site-content-layout":"","ast-site-content-layout":"default","site-content-style":"default","site-sidebar-style":"default","ast-global-header-display":"","ast-banner-title-visibility":"","ast-main-header-display":"","ast-hfb-above-header-display":"","ast-hfb-below-header-display":"","ast-hfb-mobile-header-display":"","site-post-title":"","ast-breadcrumbs-content":"","ast-featured-img":"","footer-sml-layout":"","theme-transparent-header-meta":"default","adv-header-id-meta":"","stick-header-meta":"default","header-above-stick-meta":"","header-main-stick-meta":"","header-below-stick-meta":"","astra-migrate-meta-layouts":"set","ast-page-background-enabled":"default","ast-page-background-meta":{"desktop":{"background-color":"","background-image":"","background-repeat":"repeat","background-position":"center center","background-size":"auto","background-attachment":"scroll","background-type":"","background-media":"","overlay-type":"","overlay-color":"","overlay-opacity":"","overlay-gradient":""},"tablet":{"background-color":"","background-image":"","background-repeat":"repeat","background-position":"center center","background-size":"auto","background-attachment":"scroll","background-type":"","background-media":"","overlay-type":"","overlay-color":"","overlay-opacity":"","overlay-gradient":""},"mobile":{"background-color":"","background-image":"","background-repeat":"repeat","background-position":"center center","background-size":"auto","background-attachment":"scroll","background-type":"","background-media":"","overlay-type":"","overlay-color":"","overlay-opacity":"","overlay-gradient":""}},"ast-content-background-meta":{"desktop":{"background-color":"var(--ast-global-color-5)","background-image":"","background-repeat":"repeat","background-position":"center center","background-size":"auto","background-attachment":"scroll","background-type":"","background-media":"","overlay-type":"","overlay-color":"","overlay-opacity":"","overlay-gradient":""},"tablet":{"background-color":"var(--ast-global-color-5)","background-image":"","background-repeat":"repeat","background-position":"center center","background-size":"auto","background-attachment":"scroll","background-type":"","background-media":"","overlay-type":"","overlay-color":"","overlay-opacity":"","overlay-gradient":""},"mobile":{"background-color":"var(--ast-global-color-5)","background-image":"","background-repeat":"repeat","background-position":"center center","background-size":"auto","background-attachment":"scroll","background-type":"","background-media":"","overlay-type":"","overlay-color":"","overlay-opacity":"","overlay-gradient":""}}},"product_brand":[],"product_cat":[69],"product_tag":[],"class_list":{"0":"post-6357","1":"product","2":"type-product","3":"status-publish","4":"has-post-thumbnail","6":"product_cat-strapping","7":"desktop-align-left","8":"tablet-align-left","9":"mobile-align-left","10":"ast-product-gallery-layout-horizontal-slider","11":"ast-product-tabs-layout-horizontal","13":"first","14":"instock","15":"shipping-taxable","16":"purchasable","17":"product-type-simple"},"yoast_head":"<!-- This site is optimized with the Yoast SEO plugin v25.2 - https:\/\/yoast.com\/wordpress\/plugins\/seo\/ -->\n<title>Polyester Strapping<\/title>\n<meta name=\"robots\" content=\"index, follow, max-snippet:-1, max-image-preview:large, max-video-preview:-1\" \/>\n<link rel=\"canonical\" href=\"https:\/\/qingdaohf.com\/lt\/produktas\/poliesterio-juostos\/\" \/>\n<meta property=\"og:locale\" content=\"lt_LT\" \/>\n<meta property=\"og:type\" content=\"article\" \/>\n<meta property=\"og:title\" content=\"Polyester Strapping\" \/>\n<meta property=\"og:description\" content=\"Strong and reliable:\u00a0Holds heavy loads securely with high break strength.  Lightweight and flexible:\u00a0Easier to use and maneuver than steel strapping.  Rustproof and weatherproof:\u00a0Won&#039;t damage your goods or leave behind rusty stains.  Cost-effective:\u00a0Often cheaper than steel strapping, and less prone to breakage.  Eco-friendly:\u00a0Recyclable and a more sustainable choice than steel.  &nbsp;\" \/>\n<meta property=\"og:url\" content=\"https:\/\/qingdaohf.com\/lt\/produktas\/poliesterio-juostos\/\" \/>\n<meta property=\"og:site_name\" content=\"Concrete Form &amp; Rigging Hardware Supplier\" \/>\n<meta property=\"article:publisher\" content=\"https:\/\/www.facebook.com\/qingdaohf\" \/>\n<meta property=\"article:modified_time\" content=\"2025-11-13T01:03:39+00:00\" \/>\n<meta property=\"og:image\" content=\"https:\/\/qingdaohf.com\/wp-content\/uploads\/2024\/01\/Polyester-strapping-6.jpg\" \/>\n\t<meta property=\"og:image:width\" content=\"1000\" \/>\n\t<meta property=\"og:image:height\" content=\"1000\" \/>\n\t<meta property=\"og:image:type\" content=\"image\/jpeg\" \/>\n<meta name=\"twitter:card\" content=\"summary_large_image\" \/>\n<meta name=\"twitter:label1\" content=\"Est. reading time\" \/>\n\t<meta name=\"twitter:data1\" content=\"2 minut\u0117s\" \/>\n<script type=\"application\/ld+json\" class=\"yoast-schema-graph\">{\"@context\":\"https:\/\/schema.org\",\"@graph\":[{\"@type\":\"WebPage\",\"@id\":\"https:\/\/qingdaohf.com\/product\/polyester-strapping\/\",\"url\":\"https:\/\/qingdaohf.com\/product\/polyester-strapping\/\",\"name\":\"Polyester Strapping\",\"isPartOf\":{\"@id\":\"https:\/\/qingdaohf.com\/bg\/#website\"},\"primaryImageOfPage\":{\"@id\":\"https:\/\/qingdaohf.com\/product\/polyester-strapping\/#primaryimage\"},\"image\":{\"@id\":\"https:\/\/qingdaohf.com\/product\/polyester-strapping\/#primaryimage\"},\"thumbnailUrl\":\"https:\/\/qingdaohf.com\/wp-content\/uploads\/2024\/01\/Polyester-strapping-6.jpg\",\"datePublished\":\"2024-01-22T06:18:41+00:00\",\"dateModified\":\"2025-11-13T01:03:39+00:00\",\"breadcrumb\":{\"@id\":\"https:\/\/qingdaohf.com\/product\/polyester-strapping\/#breadcrumb\"},\"inLanguage\":\"lt-LT\",\"potentialAction\":[{\"@type\":\"ReadAction\",\"target\":[\"https:\/\/qingdaohf.com\/product\/polyester-strapping\/\"]}]},{\"@type\":\"ImageObject\",\"inLanguage\":\"lt-LT\",\"@id\":\"https:\/\/qingdaohf.com\/product\/polyester-strapping\/#primaryimage\",\"url\":\"https:\/\/qingdaohf.com\/wp-content\/uploads\/2024\/01\/Polyester-strapping-6.jpg\",\"contentUrl\":\"https:\/\/qingdaohf.com\/wp-content\/uploads\/2024\/01\/Polyester-strapping-6.jpg\",\"width\":1000,\"height\":1000,\"caption\":\"Polyester strapping\"},{\"@type\":\"BreadcrumbList\",\"@id\":\"https:\/\/qingdaohf.com\/product\/polyester-strapping\/#breadcrumb\",\"itemListElement\":[{\"@type\":\"ListItem\",\"position\":1,\"name\":\"Home\",\"item\":\"https:\/\/qingdaohf.com\/\"},{\"@type\":\"ListItem\",\"position\":2,\"name\":\"Concrete Forming Accessories and Rigging Hardware\",\"item\":\"https:\/\/qingdaohf.com\/bg\/?page_id=944\"},{\"@type\":\"ListItem\",\"position\":3,\"name\":\"Polyester Strapping\"}]},{\"@type\":\"WebSite\",\"@id\":\"https:\/\/qingdaohf.com\/bg\/#website\",\"url\":\"https:\/\/qingdaohf.com\/bg\/\",\"name\":\"Concrete Form & Rigging Hardware Supplier\",\"description\":\"\",\"publisher\":{\"@id\":\"https:\/\/qingdaohf.com\/bg\/#organization\"},\"potentialAction\":[{\"@type\":\"SearchAction\",\"target\":{\"@type\":\"EntryPoint\",\"urlTemplate\":\"https:\/\/qingdaohf.com\/bg\/?s={search_term_string}\"},\"query-input\":{\"@type\":\"PropertyValueSpecification\",\"valueRequired\":true,\"valueName\":\"search_term_string\"}}],\"inLanguage\":\"lt-LT\"},{\"@type\":\"Organization\",\"@id\":\"https:\/\/qingdaohf.com\/bg\/#organization\",\"name\":\"Qingdao H&F\",\"url\":\"https:\/\/qingdaohf.com\/bg\/\",\"logo\":{\"@type\":\"ImageObject\",\"inLanguage\":\"lt-LT\",\"@id\":\"https:\/\/qingdaohf.com\/bg\/#\/schema\/logo\/image\/\",\"url\":\"https:\/\/qingdaohf.com\/wp-content\/uploads\/2022\/12\/cropped-HF-LOGO.png\",\"contentUrl\":\"https:\/\/qingdaohf.com\/wp-content\/uploads\/2022\/12\/cropped-HF-LOGO.png\",\"width\":391,\"height\":249,\"caption\":\"Qingdao H&F\"},\"image\":{\"@id\":\"https:\/\/qingdaohf.com\/bg\/#\/schema\/logo\/image\/\"},\"sameAs\":[\"https:\/\/www.facebook.com\/qingdaohf\"]}]}<\/script>\n<!-- \/ Yoast SEO plugin. -->","yoast_head_json":{"title":"Polyester Strapping","robots":{"index":"index","follow":"follow","max-snippet":"max-snippet:-1","max-image-preview":"max-image-preview:large","max-video-preview":"max-video-preview:-1"},"canonical":"https:\/\/qingdaohf.com\/lt\/produktas\/poliesterio-juostos\/","og_locale":"lt_LT","og_type":"article","og_title":"Polyester Strapping","og_description":"Strong and reliable:\u00a0Holds heavy loads securely with high break strength.  Lightweight and flexible:\u00a0Easier to use and maneuver than steel strapping.  Rustproof and weatherproof:\u00a0Won't damage your goods or leave behind rusty stains.  Cost-effective:\u00a0Often cheaper than steel strapping, and less prone to breakage.  Eco-friendly:\u00a0Recyclable and a more sustainable choice than steel.  &nbsp;","og_url":"https:\/\/qingdaohf.com\/lt\/produktas\/poliesterio-juostos\/","og_site_name":"Concrete Form &amp; Rigging Hardware Supplier","article_publisher":"https:\/\/www.facebook.com\/qingdaohf","article_modified_time":"2025-11-13T01:03:39+00:00","og_image":[{"width":1000,"height":1000,"url":"https:\/\/qingdaohf.com\/wp-content\/uploads\/2024\/01\/Polyester-strapping-6.jpg","type":"image\/jpeg"}],"twitter_card":"summary_large_image","twitter_misc":{"Est. reading time":"2 minut\u0117s"},"schema":{"@context":"https:\/\/schema.org","@graph":[{"@type":"WebPage","@id":"https:\/\/qingdaohf.com\/product\/polyester-strapping\/","url":"https:\/\/qingdaohf.com\/product\/polyester-strapping\/","name":"Polyester Strapping","isPartOf":{"@id":"https:\/\/qingdaohf.com\/bg\/#website"},"primaryImageOfPage":{"@id":"https:\/\/qingdaohf.com\/product\/polyester-strapping\/#primaryimage"},"image":{"@id":"https:\/\/qingdaohf.com\/product\/polyester-strapping\/#primaryimage"},"thumbnailUrl":"https:\/\/qingdaohf.com\/wp-content\/uploads\/2024\/01\/Polyester-strapping-6.jpg","datePublished":"2024-01-22T06:18:41+00:00","dateModified":"2025-11-13T01:03:39+00:00","breadcrumb":{"@id":"https:\/\/qingdaohf.com\/product\/polyester-strapping\/#breadcrumb"},"inLanguage":"lt-LT","potentialAction":[{"@type":"ReadAction","target":["https:\/\/qingdaohf.com\/product\/polyester-strapping\/"]}]},{"@type":"ImageObject","inLanguage":"lt-LT","@id":"https:\/\/qingdaohf.com\/product\/polyester-strapping\/#primaryimage","url":"https:\/\/qingdaohf.com\/wp-content\/uploads\/2024\/01\/Polyester-strapping-6.jpg","contentUrl":"https:\/\/qingdaohf.com\/wp-content\/uploads\/2024\/01\/Polyester-strapping-6.jpg","width":1000,"height":1000,"caption":"Polyester strapping"},{"@type":"BreadcrumbList","@id":"https:\/\/qingdaohf.com\/product\/polyester-strapping\/#breadcrumb","itemListElement":[{"@type":"ListItem","position":1,"name":"Home","item":"https:\/\/qingdaohf.com\/"},{"@type":"ListItem","position":2,"name":"Concrete Forming Accessories and Rigging Hardware","item":"https:\/\/qingdaohf.com\/bg\/?page_id=944"},{"@type":"ListItem","position":3,"name":"Polyester Strapping"}]},{"@type":"WebSite","@id":"https:\/\/qingdaohf.com\/bg\/#website","url":"https:\/\/qingdaohf.com\/bg\/","name":"Concrete Form & Rigging Hardware Supplier","description":"","publisher":{"@id":"https:\/\/qingdaohf.com\/bg\/#organization"},"potentialAction":[{"@type":"SearchAction","target":{"@type":"EntryPoint","urlTemplate":"https:\/\/qingdaohf.com\/bg\/?s={search_term_string}"},"query-input":{"@type":"PropertyValueSpecification","valueRequired":true,"valueName":"search_term_string"}}],"inLanguage":"lt-LT"},{"@type":"Organization","@id":"https:\/\/qingdaohf.com\/bg\/#organization","name":"Qingdao H&F","url":"https:\/\/qingdaohf.com\/bg\/","logo":{"@type":"ImageObject","inLanguage":"lt-LT","@id":"https:\/\/qingdaohf.com\/bg\/#\/schema\/logo\/image\/","url":"https:\/\/qingdaohf.com\/wp-content\/uploads\/2022\/12\/cropped-HF-LOGO.png","contentUrl":"https:\/\/qingdaohf.com\/wp-content\/uploads\/2022\/12\/cropped-HF-LOGO.png","width":391,"height":249,"caption":"Qingdao H&F"},"image":{"@id":"https:\/\/qingdaohf.com\/bg\/#\/schema\/logo\/image\/"},"sameAs":["https:\/\/www.facebook.com\/qingdaohf"]}]}},"_links":{"self":[{"href":"https:\/\/qingdaohf.com\/lt\/wp-json\/wp\/v2\/product\/6357","targetHints":{"allow":["GET"]}}],"collection":[{"href":"https:\/\/qingdaohf.com\/lt\/wp-json\/wp\/v2\/product"}],"about":[{"href":"https:\/\/qingdaohf.com\/lt\/wp-json\/wp\/v2\/types\/product"}],"replies":[{"embeddable":true,"href":"https:\/\/qingdaohf.com\/lt\/wp-json\/wp\/v2\/comments?post=6357"}],"version-history":[{"count":4,"href":"https:\/\/qingdaohf.com\/lt\/wp-json\/wp\/v2\/product\/6357\/revisions"}],"predecessor-version":[{"id":6375,"href":"https:\/\/qingdaohf.com\/lt\/wp-json\/wp\/v2\/product\/6357\/revisions\/6375"}],"wp:featuredmedia":[{"embeddable":true,"href":"https:\/\/qingdaohf.com\/lt\/wp-json\/wp\/v2\/media\/6363"}],"wp:attachment":[{"href":"https:\/\/qingdaohf.com\/lt\/wp-json\/wp\/v2\/media?parent=6357"}],"wp:term":[{"taxonomy":"product_brand","embeddable":true,"href":"https:\/\/qingdaohf.com\/lt\/wp-json\/wp\/v2\/product_brand?post=6357"},{"taxonomy":"product_cat","embeddable":true,"href":"https:\/\/qingdaohf.com\/lt\/wp-json\/wp\/v2\/product_cat?post=6357"},{"taxonomy":"product_tag","embeddable":true,"href":"https:\/\/qingdaohf.com\/lt\/wp-json\/wp\/v2\/product_tag?post=6357"}],"curies":[{"name":"wp","href":"https:\/\/api.w.org\/{rel}","templated":true}]}}