{"id":6443,"date":"2024-02-02T14:30:53","date_gmt":"2024-02-02T06:30:53","guid":{"rendered":"http:\/\/qingdaohf.com\/?post_type=product&#038;p=6443"},"modified":"2025-11-13T09:03:39","modified_gmt":"2025-11-13T01:03:39","slug":"wholesale-d-shackle-chain-shackle-for-lifting","status":"publish","type":"product","link":"https:\/\/qingdaohf.com\/lt\/produktas\/didmenine-prekyba-d-grandines-panciais-skirtais-kelimui\/","title":{"rendered":"Didmenin\u0117 prekyba D Shackle grandin\u0117s kab\u0117mis k\u0117limui"},"content":{"rendered":"<p>D formos pan\u010diai yra labai svarb\u016bs takela\u017eo ir k\u0117limo pramon\u0117s komponentai, vertinami d\u0117l savo stabilumo ir tvirtumo esant didel\u0117ms apkrovoms. D\u0117l savo i\u0161skirtin\u0117s U formos ir saugaus kai\u0161\u010dio u\u017edarymo D formos kab\u0117s u\u017etikrina patikim\u0105 jungt\u012f atliekant \u012fvairias k\u0117limo, k\u0117limo ir vilkimo u\u017eduotis. \"Qingdao H&amp;F\" G210 ir G2150 D kab\u0117s yra vieni populiariausi\u0173 modeli\u0173 rinkoje, kuriuos d\u0117l j\u0173 tvirtumo, ilgaam\u017ei\u0161kumo ir pritaikomumo renkasi \u012fvairi\u0173 sektori\u0173 profesionalai.<\/p>\n<p>G210 ir G2150 modeliai sukurti taip, kad gal\u0117t\u0173 dirbti su didel\u0117mis apkrovomis, i\u0161laikant auk\u0161t\u0105 saugumo ir stabilumo lyg\u012f. G210 modelis, \u017einomas d\u0117l savo universalumo ir suapvalinto dizaino, paprastai naudojamas nustatymuose, kuriuose reikia lankstumo. Tuo tarpu G2150 modelis, pasi\u017eymintis ypa\u010d dideliu atsparumu, yra skirtas ekstremalesniems darbams ir pasi\u017eymi didesn\u0117mis apkrovos atlaikymo galimyb\u0117mis, leid\u017eian\u010diomis pasiekti didesnes darbin\u0117s apkrovos ribas (WLL). Kiekvienas modelis gaminamas pagal tikslias specifikacijas, u\u017etikrinant suderinamum\u0105 su \u012fvairiomis tvirtinimo sistemomis ir auk\u0161t\u0105 na\u0161umo lyg\u012f veikiant sl\u0117giui.<\/p>\n<p>B\u016bdama patikima D kabi\u0173 didmeninink\u0117, Qingdao H&amp;F yra \u012fsipareigojusi tiekti auk\u0161\u010diausios kokyb\u0117s gaminius, atitinkan\u010dius grie\u017etus k\u0117limo ir takela\u017eo specialist\u0173 reikalavimus. M\u016bs\u0173 atsargos yra \u012fvairi\u0173 dyd\u017ei\u0173 ir WLL, nuo 0,33 iki 150 ton\u0173 ir dyd\u017ei\u0173 nuo 1\/4 iki 3 coli\u0173, tod\u0117l jos skirtos pirk\u0117jams, ie\u0161kantiems patikim\u0173 sprendim\u0173 bet kokio masto projektams.<\/p>\n<h3>\"Qingdao H&amp;F\" pasirinkimo privalumai: individualus aptarnavimas ir efektyvus pristatymas<\/h3>\n<p>\"Qingdao H&amp;F\" supranta, kaip svarbu, kad pirkimas b\u016bt\u0173 sklandus ir veiksmingas. Pirk\u0117jai pirmenyb\u0119 teikia kokybei, grei\u010diui ir pasitik\u0117jimui savo tiek\u0117jais, tod\u0117l suk\u016br\u0117me \u012f klient\u0105 orientuot\u0105 aptarnavimo metod\u0105. Kiekvienam klientui naudingas m\u016bs\u0173 individualus klient\u0173 aptarnavimas, kai specializuota pagalba u\u017etikrina, kad jie rast\u0173 tinkamiausi\u0105 pan\u010di\u0173 model\u012f, atitinkant\u012f j\u0173 konkre\u010dius poreikius. Glaud\u017eiai bendradarbiaujame su pirk\u0117jais, kad suprastume j\u0173 projekt\u0173 reikalavimus, padedame jiems i\u0161sirinkti vien\u0105 i\u0161 universali\u0173 G210 arba didelio atsparumo G2150 modeli\u0173, kurie abu yra pla\u010diai vertinami d\u0117l savo patikimumo sud\u0117tingomis s\u0105lygomis.<\/p>\n<p>Be gamini\u0173 kokyb\u0117s, m\u016bs\u0173 paslaug\u0173 modelis pabr\u0117\u017eia greit\u0105 pristatymo cikl\u0105 ir visi\u0161k\u0105 skaidrum\u0105, tod\u0117l su kiekviena siunta pateikiame kokyb\u0117s patikrinimo ataskaitas. \u0160iose ataskaitose i\u0161samiai apra\u0161omos m\u016bs\u0173 pan\u010di\u0173 specifikacijos, eksploatacin\u0117s savyb\u0117s ir saugos standartai, tod\u0117l pirk\u0117jai gali b\u016bti tikri d\u0117l savo pirkinio ir \u012fsitikin\u0119, kad gaminys yra paruo\u0161tas naudoti nedelsiant. U\u017etikrindama veiksming\u0105 logistik\u0105 ir supaprastint\u0105 aptarnavimo proces\u0105, \"Qingdao H&amp;F\" suma\u017eina v\u0117lavimus ir padeda klientams i\u0161laikyti j\u0173 projekt\u0173 temp\u0105.<\/p>\n<p>M\u016bs\u0173 klient\u0173 pasitik\u0117jimas grind\u017eiamas m\u016bs\u0173 atsidavimu tiekti auk\u0161tos kokyb\u0117s gaminius, kuriuos padeda greitai reaguojanti komanda, suprantanti sunkiasvori\u0173 krovini\u0173 k\u0117limo sistem\u0173 specifik\u0105. Su \"Qingdao H&amp;F\" pirk\u0117jai patiria aktyv\u0173 po\u017ei\u016br\u012f \u012f takela\u017e\u0173 sprendimus, orientuot\u0105 \u012f efektyvum\u0105, kokyb\u0119 ir patikimum\u0105.<\/p>\n<h3>G210 ir G2150 D kab\u0117s: Darbin\u0117s apkrovos ribos ir dyd\u017eiai<\/h3>\n<p>\u012evairi\u0173 projekt\u0173 poreikiams reikia plataus dyd\u017ei\u0173 ir darbin\u0117s apkrovos rib\u0173 (WLL) pasirinkimo, o m\u016bs\u0173 G210 ir G2150 kabliai u\u017etikrina b\u016btent tok\u012f lankstum\u0105. Kiekvieno modelio WLL yra nuo 0,33 iki 150 ton\u0173, tod\u0117l pirk\u0117jai gali rinktis tokius kablius, kurie geriausiai atitinka konkre\u010dius j\u0173 naudojimo reikalavimus. D\u0117l \u0161io plataus asortimento m\u016bs\u0173 kabliai idealiai tinka tiek lengvesn\u0117ms takela\u017eo u\u017eduotims, tiek reikliausioms apkrovoms, nes u\u017etikrina pritaikomum\u0105 nesuma\u017einant na\u0161umo.<\/p>\n<p>M\u016bs\u0173 G210 ir G2150 kabliai taip pat yra \u012fvairi\u0173 dyd\u017ei\u0173 - nuo 1\/4 iki 3 coli\u0173. G210 modelis, pasi\u017eymintis kompakti\u0161kesne konstrukcija, tinka vidutinio sunkumo k\u0117limo u\u017eduotims, kai reikia lankstumo. Tuo tarpu G2150 modelis sukurtas didesnio stiprumo u\u017eduotims, pasi\u017eymi papildomu patvarumu, kad atlaikyt\u0173 intensyviausias k\u0117limo s\u0105lygas. Siekiant u\u017etikrinti vienod\u0105 kokyb\u0119 ir na\u0161um\u0105, kiekvienas pan\u010di\u0173 dydis kruop\u0161\u010diai kalibruojamas, tod\u0117l pirk\u0117jai gali pasitik\u0117ti pastoviais rezultatais, nepriklausomai nuo projekto reikalavim\u0173.<\/p>\n<p>Pirk\u0117jai gali \u012fsigyti G210 ir G2150 kabes, kurios gali \u012fveikti \u012fvairius takela\u017eo i\u0161\u0161\u016bkius ir patikimai pad\u0117ti sud\u0117tinguose projektuose. \u0160ie modeliai peln\u0117 reputacij\u0105 kaip pasi\u017eymintys i\u0161skirtin\u0117mis eksploatacin\u0117mis savyb\u0117mis, tod\u0117l juos renkasi takeliavimo specialistai.<\/p>\n<p><strong>G210 kablys<\/strong><\/p>\n<p><img fetchpriority=\"high\" decoding=\"async\" class=\"alignnone size-full wp-image-3813\" src=\"http:\/\/qingdaohf.com\/wp-content\/uploads\/2023\/05\/G209-G210-shackle.jpg\" alt=\"G209 G210 kablys\" width=\"1000\" height=\"1296\" srcset=\"https:\/\/qingdaohf.com\/wp-content\/uploads\/2023\/05\/G209-G210-shackle.jpg 1000w, https:\/\/qingdaohf.com\/wp-content\/uploads\/2023\/05\/G209-G210-shackle-231x300.jpg 231w, https:\/\/qingdaohf.com\/wp-content\/uploads\/2023\/05\/G209-G210-shackle-790x1024.jpg 790w, https:\/\/qingdaohf.com\/wp-content\/uploads\/2023\/05\/G209-G210-shackle-768x995.jpg 768w\" sizes=\"(max-width: 1000px) 100vw, 1000px\" \/><\/p>\n<p><strong>G2150 apkaba<\/strong><\/p>\n<p>&nbsp;<\/p>\n<p><img decoding=\"async\" class=\"alignnone size-full wp-image-3817\" src=\"http:\/\/qingdaohf.com\/wp-content\/uploads\/2023\/05\/2150.jpg\" alt=\"2150 kablys\" width=\"1000\" height=\"950\" srcset=\"https:\/\/qingdaohf.com\/wp-content\/uploads\/2023\/05\/2150.jpg 1000w, https:\/\/qingdaohf.com\/wp-content\/uploads\/2023\/05\/2150-300x285.jpg 300w, https:\/\/qingdaohf.com\/wp-content\/uploads\/2023\/05\/2150-768x730.jpg 768w\" sizes=\"(max-width: 1000px) 100vw, 1000px\" \/><\/p>\n<h3>Kokyb\u0117s ir saugos standartai: Grie\u017etas testavimas siekiant u\u017etikrinti patikim\u0105 veikim\u0105<\/h3>\n<p>Sauga ir kokyb\u0117 yra pagrindiniai m\u016bs\u0173 gamybos proceso aspektai Qingdao H&amp;F. Kiekviena G210 ir G2150 D formos kabut\u0117 yra grie\u017etai kontroliuojama, kad atitikt\u0173 tarptautinius saugos standartus. \u017dinome, kad D formos pan\u010diai atlieka svarb\u0173 vaidmen\u012f atliekant krovos darbus, tod\u0117l m\u016bs\u0173 gaminiai yra i\u0161bandomi, kad b\u016bt\u0173 nuolat veikiami sl\u0117gio s\u0105lygomis. Nuo pirmin\u0117s gamybos iki galutinio patikrinimo laikom\u0117s kruop\u0161taus po\u017ei\u016brio \u012f kokyb\u0117s u\u017etikrinim\u0105, tod\u0117l pirk\u0117jai gali pasitik\u0117ti m\u016bs\u0173 gaminiais.<\/p>\n<p>M\u016bs\u0173 D formos pan\u010diai pagaminti taip, kad b\u016bt\u0173 atspar\u016bs dilimui, korozijai ir kitiems veiksniams, galintiems pakenkti darbui at\u0161iauriomis s\u0105lygomis. Nesvarbu, ar jie naudojami statybose, pramoniniame k\u0117lime, ar j\u016broje, m\u016bs\u0173 G210 ir G2150 modeliai sukurti taip, kad b\u016bt\u0173 ilgaam\u017eiai ir u\u017etikrint\u0173 patikim\u0105 tvirtum\u0105 ilg\u0105 laik\u0105. M\u016bs\u0173 \u012fsipareigojimas u\u017etikrinti kokyb\u0119 neapsiriboja vien gaminiu, nes kartu su kiekviena siunta pateikiame i\u0161samias kokyb\u0117s patikrinimo ataskaitas, tod\u0117l pirk\u0117jai gali visi\u0161kai skaidriai susipa\u017einti su kiekvieno \u012fsigyto kablio specifikacijomis ir saugos standartais.<\/p>\n<p>Visame gamybos procese laikydamasi auk\u0161t\u0173 standart\u0173 ir si\u016blydama ai\u0161ki\u0105, prieinam\u0105 informacij\u0105 apie gamin\u012f, \"Qingdao H&amp;F\" ir toliau nustato auk\u0161tus kokyb\u0117s ir saugos standartus takela\u017eo \u012frangos pramon\u0117je.<\/p>\n<h3>I\u0161vados apie D jungt\u012f<\/h3>\n<p>\"Qingdao H&amp;F\" G210 ir G2150 D kab\u0117s pirk\u0117jams si\u016blo patikimus sprendimus k\u0117limo ir takeliavimo reikm\u0117ms. \u0160ie modeliai, suprojektuoti atsi\u017evelgiant \u012f universalum\u0105 ir tvirtum\u0105, atitinka \u012fvairi\u0173 pramon\u0117s \u0161ak\u0173 - nuo statyb\u0173 iki laivybos - poreikius. Pirk\u0117jai pasitiki, kad m\u016bs\u0173 D formos kab\u0117s u\u017etikrins nuolatin\u012f na\u0161um\u0105, nes esame \u012fsipareigoj\u0119 teikti \u012f klientus orientuotas paslaugas, greitai pristatyti prekes ir teikti skaidrias kokyb\u0117s ataskaitas. Su \"Qingdao H&amp;F\" pirk\u0117jai investuoja ne tik \u012f patvari\u0105, auk\u0161tos kokyb\u0117s \u012frang\u0105, bet ir \u012f partneryst\u0119, grind\u017eiam\u0105 pasitik\u0117jimu, patirtimi ir atsidavimu klient\u0173 s\u0117kmei. Kvie\u010diame pirk\u0117jus atrasti skirtum\u0105, kur\u012f m\u016bs\u0173 gaminiai ir paslaugos gali padaryti siekiant saugi\u0173 ir patikim\u0173 takela\u017eo darb\u0173.<\/p>","protected":false},"excerpt":{"rendered":"<p>M\u016bs\u0173 D formos pan\u010di\u0173 darbin\u0117s apkrovos ribos (WLL) gali b\u016bti nuo 0,33 iki 150 ton\u0173, o dyd\u017eiai - nuo 1\/4 colio iki 3 coli\u0173, tod\u0117l jie tinka naudoti statybose, j\u016broje ir pramon\u0117je. Suprasdami pagrindinius pirk\u0117j\u0173 r\u016bpes\u010dius, u\u017etikriname skland\u0173 pirkim\u0105, teikdami individual\u0173 klient\u0173 aptarnavim\u0105, greit\u0105 pristatymo cikl\u0105 ir i\u0161samias kiekvieno gaminio kokyb\u0117s patikrinimo ataskaitas. M\u016bs\u0173 \u012fsipareigojimas - pad\u0117ti pirk\u0117jams \u012fsigyti patikimus, auk\u0161tos kokyb\u0117s gaminius, kuri\u0173 jiems reikia reiklioje aplinkoje.<\/p>","protected":false},"featured_media":6470,"comment_status":"open","ping_status":"closed","template":"","meta":{"site-sidebar-layout":"default","site-content-layout":"","ast-site-content-layout":"default","site-content-style":"default","site-sidebar-style":"default","ast-global-header-display":"","ast-banner-title-visibility":"","ast-main-header-display":"","ast-hfb-above-header-display":"","ast-hfb-below-header-display":"","ast-hfb-mobile-header-display":"","site-post-title":"","ast-breadcrumbs-content":"","ast-featured-img":"","footer-sml-layout":"","theme-transparent-header-meta":"default","adv-header-id-meta":"","stick-header-meta":"default","header-above-stick-meta":"","header-main-stick-meta":"","header-below-stick-meta":"","astra-migrate-meta-layouts":"set","ast-page-background-enabled":"default","ast-page-background-meta":{"desktop":{"background-color":"","background-image":"","background-repeat":"repeat","background-position":"center center","background-size":"auto","background-attachment":"scroll","background-type":"","background-media":"","overlay-type":"","overlay-color":"","overlay-opacity":"","overlay-gradient":""},"tablet":{"background-color":"","background-image":"","background-repeat":"repeat","background-position":"center center","background-size":"auto","background-attachment":"scroll","background-type":"","background-media":"","overlay-type":"","overlay-color":"","overlay-opacity":"","overlay-gradient":""},"mobile":{"background-color":"","background-image":"","background-repeat":"repeat","background-position":"center center","background-size":"auto","background-attachment":"scroll","background-type":"","background-media":"","overlay-type":"","overlay-color":"","overlay-opacity":"","overlay-gradient":""}},"ast-content-background-meta":{"desktop":{"background-color":"var(--ast-global-color-5)","background-image":"","background-repeat":"repeat","background-position":"center center","background-size":"auto","background-attachment":"scroll","background-type":"","background-media":"","overlay-type":"","overlay-color":"","overlay-opacity":"","overlay-gradient":""},"tablet":{"background-color":"var(--ast-global-color-5)","background-image":"","background-repeat":"repeat","background-position":"center center","background-size":"auto","background-attachment":"scroll","background-type":"","background-media":"","overlay-type":"","overlay-color":"","overlay-opacity":"","overlay-gradient":""},"mobile":{"background-color":"var(--ast-global-color-5)","background-image":"","background-repeat":"repeat","background-position":"center center","background-size":"auto","background-attachment":"scroll","background-type":"","background-media":"","overlay-type":"","overlay-color":"","overlay-opacity":"","overlay-gradient":""}}},"product_brand":[],"product_cat":[51,54],"product_tag":[],"class_list":{"0":"post-6443","1":"product","2":"type-product","3":"status-publish","4":"has-post-thumbnail","6":"product_cat-riggging-hardware","7":"product_cat-shackle","8":"desktop-align-left","9":"tablet-align-left","10":"mobile-align-left","11":"ast-product-gallery-layout-horizontal-slider","12":"ast-product-tabs-layout-horizontal","14":"first","15":"instock","16":"shipping-taxable","17":"purchasable","18":"product-type-simple"},"yoast_head":"<!-- This site is optimized with the Yoast SEO plugin v25.2 - https:\/\/yoast.com\/wordpress\/plugins\/seo\/ -->\n<title>Wholesale D Shackle Chain Shackle for Lifting<\/title>\n<meta name=\"description\" content=\"Dee shackles, are engineered for durability and strength, ensuring dependable performance in diverse environments.\" \/>\n<meta name=\"robots\" content=\"index, follow, max-snippet:-1, max-image-preview:large, max-video-preview:-1\" \/>\n<link rel=\"canonical\" href=\"https:\/\/qingdaohf.com\/lt\/produktas\/didmenine-prekyba-d-grandines-panciais-skirtais-kelimui\/\" \/>\n<meta property=\"og:locale\" content=\"lt_LT\" \/>\n<meta property=\"og:type\" content=\"article\" \/>\n<meta property=\"og:title\" content=\"Wholesale D Shackle Chain Shackle for Lifting\" \/>\n<meta property=\"og:description\" content=\"Dee shackles, are engineered for durability and strength, ensuring dependable performance in diverse environments.\" \/>\n<meta property=\"og:url\" content=\"https:\/\/qingdaohf.com\/lt\/produktas\/didmenine-prekyba-d-grandines-panciais-skirtais-kelimui\/\" \/>\n<meta property=\"og:site_name\" content=\"Concrete Form &amp; Rigging Hardware Supplier\" \/>\n<meta property=\"article:publisher\" content=\"https:\/\/www.facebook.com\/qingdaohf\" \/>\n<meta property=\"article:modified_time\" content=\"2025-11-13T01:03:39+00:00\" \/>\n<meta property=\"og:image\" content=\"https:\/\/qingdaohf.com\/wp-content\/uploads\/2024\/02\/HF-SHACKLE-6.jpg\" \/>\n\t<meta property=\"og:image:width\" content=\"1000\" \/>\n\t<meta property=\"og:image:height\" content=\"1000\" \/>\n\t<meta property=\"og:image:type\" content=\"image\/jpeg\" \/>\n<meta name=\"twitter:card\" content=\"summary_large_image\" \/>\n<meta name=\"twitter:label1\" content=\"Est. reading time\" \/>\n\t<meta name=\"twitter:data1\" content=\"5 minut\u0117s\" \/>\n<script type=\"application\/ld+json\" class=\"yoast-schema-graph\">{\"@context\":\"https:\/\/schema.org\",\"@graph\":[{\"@type\":\"WebPage\",\"@id\":\"https:\/\/qingdaohf.com\/product\/wholesale-d-shackle-chain-shackle-for-lifting\/\",\"url\":\"https:\/\/qingdaohf.com\/product\/wholesale-d-shackle-chain-shackle-for-lifting\/\",\"name\":\"Wholesale D Shackle Chain Shackle for Lifting\",\"isPartOf\":{\"@id\":\"https:\/\/qingdaohf.com\/bg\/#website\"},\"primaryImageOfPage\":{\"@id\":\"https:\/\/qingdaohf.com\/product\/wholesale-d-shackle-chain-shackle-for-lifting\/#primaryimage\"},\"image\":{\"@id\":\"https:\/\/qingdaohf.com\/product\/wholesale-d-shackle-chain-shackle-for-lifting\/#primaryimage\"},\"thumbnailUrl\":\"https:\/\/qingdaohf.com\/wp-content\/uploads\/2024\/02\/HF-SHACKLE-6.jpg\",\"datePublished\":\"2024-02-02T06:30:53+00:00\",\"dateModified\":\"2025-11-13T01:03:39+00:00\",\"description\":\"Dee shackles, are engineered for durability and strength, ensuring dependable performance in diverse environments.\",\"breadcrumb\":{\"@id\":\"https:\/\/qingdaohf.com\/product\/wholesale-d-shackle-chain-shackle-for-lifting\/#breadcrumb\"},\"inLanguage\":\"lt-LT\",\"potentialAction\":[{\"@type\":\"ReadAction\",\"target\":[\"https:\/\/qingdaohf.com\/product\/wholesale-d-shackle-chain-shackle-for-lifting\/\"]}]},{\"@type\":\"ImageObject\",\"inLanguage\":\"lt-LT\",\"@id\":\"https:\/\/qingdaohf.com\/product\/wholesale-d-shackle-chain-shackle-for-lifting\/#primaryimage\",\"url\":\"https:\/\/qingdaohf.com\/wp-content\/uploads\/2024\/02\/HF-SHACKLE-6.jpg\",\"contentUrl\":\"https:\/\/qingdaohf.com\/wp-content\/uploads\/2024\/02\/HF-SHACKLE-6.jpg\",\"width\":1000,\"height\":1000,\"caption\":\"D SHACKLE\"},{\"@type\":\"BreadcrumbList\",\"@id\":\"https:\/\/qingdaohf.com\/product\/wholesale-d-shackle-chain-shackle-for-lifting\/#breadcrumb\",\"itemListElement\":[{\"@type\":\"ListItem\",\"position\":1,\"name\":\"Home\",\"item\":\"https:\/\/qingdaohf.com\/\"},{\"@type\":\"ListItem\",\"position\":2,\"name\":\"Concrete Forming Accessories and Rigging Hardware\",\"item\":\"https:\/\/qingdaohf.com\/bg\/?page_id=944\"},{\"@type\":\"ListItem\",\"position\":3,\"name\":\"Wholesale D Shackle Chain Shackle for Lifting\"}]},{\"@type\":\"WebSite\",\"@id\":\"https:\/\/qingdaohf.com\/bg\/#website\",\"url\":\"https:\/\/qingdaohf.com\/bg\/\",\"name\":\"Concrete Form & Rigging Hardware Supplier\",\"description\":\"\",\"publisher\":{\"@id\":\"https:\/\/qingdaohf.com\/bg\/#organization\"},\"potentialAction\":[{\"@type\":\"SearchAction\",\"target\":{\"@type\":\"EntryPoint\",\"urlTemplate\":\"https:\/\/qingdaohf.com\/bg\/?s={search_term_string}\"},\"query-input\":{\"@type\":\"PropertyValueSpecification\",\"valueRequired\":true,\"valueName\":\"search_term_string\"}}],\"inLanguage\":\"lt-LT\"},{\"@type\":\"Organization\",\"@id\":\"https:\/\/qingdaohf.com\/bg\/#organization\",\"name\":\"Qingdao H&F\",\"url\":\"https:\/\/qingdaohf.com\/bg\/\",\"logo\":{\"@type\":\"ImageObject\",\"inLanguage\":\"lt-LT\",\"@id\":\"https:\/\/qingdaohf.com\/bg\/#\/schema\/logo\/image\/\",\"url\":\"https:\/\/qingdaohf.com\/wp-content\/uploads\/2022\/12\/cropped-HF-LOGO.png\",\"contentUrl\":\"https:\/\/qingdaohf.com\/wp-content\/uploads\/2022\/12\/cropped-HF-LOGO.png\",\"width\":391,\"height\":249,\"caption\":\"Qingdao H&F\"},\"image\":{\"@id\":\"https:\/\/qingdaohf.com\/bg\/#\/schema\/logo\/image\/\"},\"sameAs\":[\"https:\/\/www.facebook.com\/qingdaohf\"]}]}<\/script>\n<!-- \/ Yoast SEO plugin. -->","yoast_head_json":{"title":"Wholesale D Shackle Chain Shackle for Lifting","description":"Dee shackles, are engineered for durability and strength, ensuring dependable performance in diverse environments.","robots":{"index":"index","follow":"follow","max-snippet":"max-snippet:-1","max-image-preview":"max-image-preview:large","max-video-preview":"max-video-preview:-1"},"canonical":"https:\/\/qingdaohf.com\/lt\/produktas\/didmenine-prekyba-d-grandines-panciais-skirtais-kelimui\/","og_locale":"lt_LT","og_type":"article","og_title":"Wholesale D Shackle Chain Shackle for Lifting","og_description":"Dee shackles, are engineered for durability and strength, ensuring dependable performance in diverse environments.","og_url":"https:\/\/qingdaohf.com\/lt\/produktas\/didmenine-prekyba-d-grandines-panciais-skirtais-kelimui\/","og_site_name":"Concrete Form &amp; Rigging Hardware Supplier","article_publisher":"https:\/\/www.facebook.com\/qingdaohf","article_modified_time":"2025-11-13T01:03:39+00:00","og_image":[{"width":1000,"height":1000,"url":"https:\/\/qingdaohf.com\/wp-content\/uploads\/2024\/02\/HF-SHACKLE-6.jpg","type":"image\/jpeg"}],"twitter_card":"summary_large_image","twitter_misc":{"Est. reading time":"5 minut\u0117s"},"schema":{"@context":"https:\/\/schema.org","@graph":[{"@type":"WebPage","@id":"https:\/\/qingdaohf.com\/product\/wholesale-d-shackle-chain-shackle-for-lifting\/","url":"https:\/\/qingdaohf.com\/product\/wholesale-d-shackle-chain-shackle-for-lifting\/","name":"Wholesale D Shackle Chain Shackle for Lifting","isPartOf":{"@id":"https:\/\/qingdaohf.com\/bg\/#website"},"primaryImageOfPage":{"@id":"https:\/\/qingdaohf.com\/product\/wholesale-d-shackle-chain-shackle-for-lifting\/#primaryimage"},"image":{"@id":"https:\/\/qingdaohf.com\/product\/wholesale-d-shackle-chain-shackle-for-lifting\/#primaryimage"},"thumbnailUrl":"https:\/\/qingdaohf.com\/wp-content\/uploads\/2024\/02\/HF-SHACKLE-6.jpg","datePublished":"2024-02-02T06:30:53+00:00","dateModified":"2025-11-13T01:03:39+00:00","description":"Dee shackles, are engineered for durability and strength, ensuring dependable performance in diverse environments.","breadcrumb":{"@id":"https:\/\/qingdaohf.com\/product\/wholesale-d-shackle-chain-shackle-for-lifting\/#breadcrumb"},"inLanguage":"lt-LT","potentialAction":[{"@type":"ReadAction","target":["https:\/\/qingdaohf.com\/product\/wholesale-d-shackle-chain-shackle-for-lifting\/"]}]},{"@type":"ImageObject","inLanguage":"lt-LT","@id":"https:\/\/qingdaohf.com\/product\/wholesale-d-shackle-chain-shackle-for-lifting\/#primaryimage","url":"https:\/\/qingdaohf.com\/wp-content\/uploads\/2024\/02\/HF-SHACKLE-6.jpg","contentUrl":"https:\/\/qingdaohf.com\/wp-content\/uploads\/2024\/02\/HF-SHACKLE-6.jpg","width":1000,"height":1000,"caption":"D SHACKLE"},{"@type":"BreadcrumbList","@id":"https:\/\/qingdaohf.com\/product\/wholesale-d-shackle-chain-shackle-for-lifting\/#breadcrumb","itemListElement":[{"@type":"ListItem","position":1,"name":"Home","item":"https:\/\/qingdaohf.com\/"},{"@type":"ListItem","position":2,"name":"Concrete Forming Accessories and Rigging Hardware","item":"https:\/\/qingdaohf.com\/bg\/?page_id=944"},{"@type":"ListItem","position":3,"name":"Wholesale D Shackle Chain Shackle for Lifting"}]},{"@type":"WebSite","@id":"https:\/\/qingdaohf.com\/bg\/#website","url":"https:\/\/qingdaohf.com\/bg\/","name":"Concrete Form & Rigging Hardware Supplier","description":"","publisher":{"@id":"https:\/\/qingdaohf.com\/bg\/#organization"},"potentialAction":[{"@type":"SearchAction","target":{"@type":"EntryPoint","urlTemplate":"https:\/\/qingdaohf.com\/bg\/?s={search_term_string}"},"query-input":{"@type":"PropertyValueSpecification","valueRequired":true,"valueName":"search_term_string"}}],"inLanguage":"lt-LT"},{"@type":"Organization","@id":"https:\/\/qingdaohf.com\/bg\/#organization","name":"Qingdao H&F","url":"https:\/\/qingdaohf.com\/bg\/","logo":{"@type":"ImageObject","inLanguage":"lt-LT","@id":"https:\/\/qingdaohf.com\/bg\/#\/schema\/logo\/image\/","url":"https:\/\/qingdaohf.com\/wp-content\/uploads\/2022\/12\/cropped-HF-LOGO.png","contentUrl":"https:\/\/qingdaohf.com\/wp-content\/uploads\/2022\/12\/cropped-HF-LOGO.png","width":391,"height":249,"caption":"Qingdao H&F"},"image":{"@id":"https:\/\/qingdaohf.com\/bg\/#\/schema\/logo\/image\/"},"sameAs":["https:\/\/www.facebook.com\/qingdaohf"]}]}},"_links":{"self":[{"href":"https:\/\/qingdaohf.com\/lt\/wp-json\/wp\/v2\/product\/6443","targetHints":{"allow":["GET"]}}],"collection":[{"href":"https:\/\/qingdaohf.com\/lt\/wp-json\/wp\/v2\/product"}],"about":[{"href":"https:\/\/qingdaohf.com\/lt\/wp-json\/wp\/v2\/types\/product"}],"replies":[{"embeddable":true,"href":"https:\/\/qingdaohf.com\/lt\/wp-json\/wp\/v2\/comments?post=6443"}],"version-history":[{"count":10,"href":"https:\/\/qingdaohf.com\/lt\/wp-json\/wp\/v2\/product\/6443\/revisions"}],"predecessor-version":[{"id":8212,"href":"https:\/\/qingdaohf.com\/lt\/wp-json\/wp\/v2\/product\/6443\/revisions\/8212"}],"wp:featuredmedia":[{"embeddable":true,"href":"https:\/\/qingdaohf.com\/lt\/wp-json\/wp\/v2\/media\/6470"}],"wp:attachment":[{"href":"https:\/\/qingdaohf.com\/lt\/wp-json\/wp\/v2\/media?parent=6443"}],"wp:term":[{"taxonomy":"product_brand","embeddable":true,"href":"https:\/\/qingdaohf.com\/lt\/wp-json\/wp\/v2\/product_brand?post=6443"},{"taxonomy":"product_cat","embeddable":true,"href":"https:\/\/qingdaohf.com\/lt\/wp-json\/wp\/v2\/product_cat?post=6443"},{"taxonomy":"product_tag","embeddable":true,"href":"https:\/\/qingdaohf.com\/lt\/wp-json\/wp\/v2\/product_tag?post=6443"}],"curies":[{"name":"wp","href":"https:\/\/api.w.org\/{rel}","templated":true}]}}