{"id":6447,"date":"2024-02-01T17:45:13","date_gmt":"2024-02-01T09:45:13","guid":{"rendered":"http:\/\/qingdaohf.com\/?post_type=product&#038;p=6447"},"modified":"2025-11-13T09:03:39","modified_gmt":"2025-11-13T01:03:39","slug":"bow-shackle-anchor-shackle-for-lifting","status":"publish","type":"product","link":"https:\/\/qingdaohf.com\/lt\/produktas\/inkaro-inkaro-kablys-skirtas-kelti\/","title":{"rendered":"Sunkiasvoris lanko kablys | Inkaro kablys k\u0117limui"},"content":{"rendered":"<p>Sveiki atvyk\u0119 \u012f \"H&amp;F\", j\u016bs\u0173 pagrindin\u0119 auk\u0161tos kokyb\u0117s cinkuot\u0173 lanko ir inkaro kabli\u0173, skirt\u0173 visiems j\u016bs\u0173 k\u0117limo, vilkimo ir takela\u017eo reikalavimams, viet\u0105. Esame pirmaujanti grandini\u0173 tiek\u0117ja, besispecializuojanti didmenin\u0117je prekyboje, tod\u0117l did\u017eiuojam\u0117s gal\u0117dami pasi\u016blyti plat\u0173 lankini\u0173 ir inkarini\u0173 grandini\u0173 asortiment\u0105, pagamint\u0105 i\u0161 auk\u0161\u010diausios kokyb\u0117s med\u017eiag\u0173, u\u017etikrinan\u010di\u0173 puik\u0173 veikim\u0105 ir ilgaam\u017ei\u0161kum\u0105 kiekvienu atveju.<\/p>\n<ol>\n<li>Auk\u0161\u010diausios kokyb\u0117s cinkuota med\u017eiaga: M\u016bs\u0173 lanko ir inkaro pan\u010diai kruop\u0161\u010diai pagaminti i\u0161 auk\u0161tos kokyb\u0117s cinkuoto plieno, u\u017etikrinant i\u0161skirtin\u012f atsparum\u0105 korozijai ir ilgalaik\u012f patvarum\u0105 net ir sud\u0117tingiausiomis s\u0105lygomis.<\/li>\n<li>\u012evairiapusi\u0161kas pritaikymas: Nesvarbu, ar keliate sunkius krovinius, velkate \u012frang\u0105, ar tvirtinate \u012fvairius komponentus, m\u016bs\u0173 lanko ir inkaro kabliai sukurti taip, kad u\u017etikrint\u0173 patikim\u0105 veikim\u0105 \u012fvairiose srityse.<\/li>\n<li>Platus modeli\u0173 asortimentas: Rinkit\u0117s i\u0161 m\u016bs\u0173 plataus lanko ir inkaro kabli\u0173 asortimento, \u012fskaitant populiarius modelius, tokius kaip G209, G213, G2140, G2160 ir G2169. Kiekvienas j\u0173 sukurtas taip, kad atitikt\u0173 konkre\u010dius pramon\u0117s standartus ir reikalavimus.<\/li>\n<li>Didmenin\u0117s kainos: Mes, kaip didmenin\u0117s prekybos pan\u010di\u0173 tiek\u0117jai, si\u016blome konkurencingas kainas dideliems u\u017esakymams, tod\u0117l galite maksimaliai sutaupyti l\u0117\u0161\u0173 ir tuo pa\u010diu u\u017etikrinti auk\u0161\u010diausios kokyb\u0117s gaminius, atitinkan\u010dius j\u016bs\u0173 verslo poreikius.<\/li>\n<\/ol>\n<p>Sprendimai, kaip i\u0161spr\u0119sti da\u017eniausiai pasitaikan\u010dius pirk\u0117j\u0173 r\u016bpes\u010dius:<\/p>\n<ol>\n<li>Kokyb\u0117s u\u017etikrinimas: Suprantame, kad pirk\u0117jai, perkantys kablius dideliais kiekiais, yra susir\u016bpin\u0119 produkto kokybe. Galite b\u016bti tikri, kad m\u016bs\u0173 lanko ir inkar\u0173 kab\u0117ms kiekviename gamybos etape taikomos grie\u017etos kokyb\u0117s kontrol\u0117s priemon\u0117s, u\u017etikrinan\u010dios, kad jos atitinka arba vir\u0161ija pramon\u0117s standartus, susijusius su patikimumu ir veikimu.<\/li>\n<li>Suderinamumas ir pritaikymas: Pirk\u0117jams lengva pasirinkti tinkam\u0105 gamin\u012f konkre\u010diai paskir\u010diai: pateikiame i\u0161samias specifikacijas ir suderinamumo informacij\u0105 apie kiekvien\u0105 lanko ir inkaro apkab\u0105, tod\u0117l pirk\u0117jams lengva pasirinkti tinkam\u0105 gamin\u012f konkre\u010diai paskir\u010diai.<\/li>\n<li>Didmenin\u0117s kainos ir nuolaidos: Si\u016blome konkurencingas didmenines kainas ir patrauklias nuolaidas dideliems u\u017esakymams, tod\u0117l pirk\u0117jai gali optimizuoti savo pirkimo s\u0105naudas, nenukrypdami nuo kokyb\u0117s.<\/li>\n<li>Savalaikis pristatymas: M\u016bs\u0173 efektyvus tiekimo grandin\u0117s valdymas u\u017etikrina savalaik\u012f dideli\u0173 u\u017esakym\u0173 pristatym\u0105, suma\u017eina prastovas ir u\u017etikrina nenutr\u016bkstam\u0105 klient\u0173 veikl\u0105.<\/li>\n<li>Specializuotas klient\u0173 aptarnavimas: M\u016bs\u0173 patyrusi\u0173 specialist\u0173 komanda siekia teikti i\u0161skirtin\u012f klient\u0173 aptarnavim\u0105, pad\u0117ti pirk\u0117jams i\u0161sirinkti gamin\u012f, pritaikyti j\u012f pagal u\u017esakym\u0105 ir greitai bei efektyviai atsakyti \u012f bet kokius klausimus ar problemas.<\/li>\n<\/ol>\n<p>Bendrosios darbin\u0117s apkrovos ribos (WLL) ir lanko kabli\u0173 dyd\u017eiai:<\/p>\n<p><strong>WLL<\/strong>: 0,33 tonos, 0,5 tonos, 0,75 tonos, 1 tona, 1,5 tonos, 2 tonos, 3,25 tonos, 4,75 tonos, 6,5 tonos, 8,5 tonos, 9,5 tonos, 12 ton\u0173, 13,5 tonos, 17 ton\u0173, 25 ton\u0173, 35 ton\u0173, 55 ton\u0173, 85 ton\u0173, 120 ton\u0173, 150 ton\u0173<\/p>\n<p><strong>Dyd\u017eiai<\/strong>: 1\/4 colio, 3\/8 colio, 1\/2 colio, 5\/8 colio, 3\/4 colio, 7\/8 colio, 1 colio, 1-1\/4 colio, 1-1\/2 colio, 1-3\/4 colio, 2 coli\u0173, 2-1\/2 colio, 3 coli\u0173<\/p>\n<p><img fetchpriority=\"high\" decoding=\"async\" class=\"alignnone size-full wp-image-6475\" src=\"http:\/\/qingdaohf.com\/wp-content\/uploads\/2024\/02\/shackle-collection-4.jpg\" alt=\"sunkiai \u012fveikiamas kablys\" width=\"1000\" height=\"559\" srcset=\"https:\/\/qingdaohf.com\/wp-content\/uploads\/2024\/02\/shackle-collection-4.jpg 1000w, https:\/\/qingdaohf.com\/wp-content\/uploads\/2024\/02\/shackle-collection-4-300x168.jpg 300w, https:\/\/qingdaohf.com\/wp-content\/uploads\/2024\/02\/shackle-collection-4-768x429.jpg 768w\" sizes=\"(max-width: 1000px) 100vw, 1000px\" \/><\/p>","protected":false},"excerpt":{"rendered":"<p>M\u016bs\u0173 lanko inkar\u0173 kabliai pasi\u017eymi tvirta, suapvalinta konstrukcija, u\u017etikrinan\u010dia optimal\u0173 apkrovos paskirstym\u0105 ir ma\u017eesn\u012f \u012ftemp\u012f, tod\u0117l idealiai tinka \u012fvairioms pramon\u0117s \u0161akoms. \u0160ie inkarai, sukurti naudojant auk\u0161tos kokyb\u0117s med\u017eiagas ir precizi\u0161kai gaminant, pasi\u017eymi i\u0161skirtiniu patvarumu ir na\u0161umu net pa\u010diomis sud\u0117tingiausiomis s\u0105lygomis. Pasitik\u0117kite m\u016bs\u0173 lanko inkar\u0173 kab\u0117mis, kad padidintum\u0117te savo veiklos efektyvum\u0105, saug\u0105 ir na\u0161um\u0105.<\/p>","protected":false},"featured_media":6465,"comment_status":"open","ping_status":"closed","template":"","meta":{"site-sidebar-layout":"default","site-content-layout":"","ast-site-content-layout":"default","site-content-style":"default","site-sidebar-style":"default","ast-global-header-display":"","ast-banner-title-visibility":"","ast-main-header-display":"","ast-hfb-above-header-display":"","ast-hfb-below-header-display":"","ast-hfb-mobile-header-display":"","site-post-title":"","ast-breadcrumbs-content":"","ast-featured-img":"","footer-sml-layout":"","theme-transparent-header-meta":"default","adv-header-id-meta":"","stick-header-meta":"default","header-above-stick-meta":"","header-main-stick-meta":"","header-below-stick-meta":"","astra-migrate-meta-layouts":"set","ast-page-background-enabled":"default","ast-page-background-meta":{"desktop":{"background-color":"","background-image":"","background-repeat":"repeat","background-position":"center center","background-size":"auto","background-attachment":"scroll","background-type":"","background-media":"","overlay-type":"","overlay-color":"","overlay-opacity":"","overlay-gradient":""},"tablet":{"background-color":"","background-image":"","background-repeat":"repeat","background-position":"center center","background-size":"auto","background-attachment":"scroll","background-type":"","background-media":"","overlay-type":"","overlay-color":"","overlay-opacity":"","overlay-gradient":""},"mobile":{"background-color":"","background-image":"","background-repeat":"repeat","background-position":"center center","background-size":"auto","background-attachment":"scroll","background-type":"","background-media":"","overlay-type":"","overlay-color":"","overlay-opacity":"","overlay-gradient":""}},"ast-content-background-meta":{"desktop":{"background-color":"var(--ast-global-color-5)","background-image":"","background-repeat":"repeat","background-position":"center center","background-size":"auto","background-attachment":"scroll","background-type":"","background-media":"","overlay-type":"","overlay-color":"","overlay-opacity":"","overlay-gradient":""},"tablet":{"background-color":"var(--ast-global-color-5)","background-image":"","background-repeat":"repeat","background-position":"center center","background-size":"auto","background-attachment":"scroll","background-type":"","background-media":"","overlay-type":"","overlay-color":"","overlay-opacity":"","overlay-gradient":""},"mobile":{"background-color":"var(--ast-global-color-5)","background-image":"","background-repeat":"repeat","background-position":"center center","background-size":"auto","background-attachment":"scroll","background-type":"","background-media":"","overlay-type":"","overlay-color":"","overlay-opacity":"","overlay-gradient":""}}},"product_brand":[],"product_cat":[51,54],"product_tag":[],"class_list":{"0":"post-6447","1":"product","2":"type-product","3":"status-publish","4":"has-post-thumbnail","6":"product_cat-riggging-hardware","7":"product_cat-shackle","8":"desktop-align-left","9":"tablet-align-left","10":"mobile-align-left","11":"ast-product-gallery-layout-horizontal-slider","12":"ast-product-tabs-layout-horizontal","14":"first","15":"instock","16":"shipping-taxable","17":"purchasable","18":"product-type-simple"},"yoast_head":"<!-- This site is optimized with the Yoast SEO plugin v25.2 - https:\/\/yoast.com\/wordpress\/plugins\/seo\/ -->\n<title>Heavy Duty Bow Shackle | Anchor Shackle for Lifting<\/title>\n<meta name=\"description\" content=\"Bow shackles feature a robust, rounded design that ensures optimal load distribution and reduced stress, making them ideal for various applications across industries.\" \/>\n<meta name=\"robots\" content=\"index, follow, max-snippet:-1, max-image-preview:large, max-video-preview:-1\" \/>\n<link rel=\"canonical\" href=\"https:\/\/qingdaohf.com\/lt\/produktas\/inkaro-inkaro-kablys-skirtas-kelti\/\" \/>\n<meta property=\"og:locale\" content=\"lt_LT\" \/>\n<meta property=\"og:type\" content=\"article\" \/>\n<meta property=\"og:title\" content=\"Heavy Duty Bow Shackle | Anchor Shackle for Lifting\" \/>\n<meta property=\"og:description\" content=\"Bow shackles feature a robust, rounded design that ensures optimal load distribution and reduced stress, making them ideal for various applications across industries.\" \/>\n<meta property=\"og:url\" content=\"https:\/\/qingdaohf.com\/lt\/produktas\/inkaro-inkaro-kablys-skirtas-kelti\/\" \/>\n<meta property=\"og:site_name\" content=\"Concrete Form &amp; Rigging Hardware Supplier\" \/>\n<meta property=\"article:publisher\" content=\"https:\/\/www.facebook.com\/qingdaohf\" \/>\n<meta property=\"article:modified_time\" content=\"2025-11-13T01:03:39+00:00\" \/>\n<meta property=\"og:image\" content=\"https:\/\/qingdaohf.com\/wp-content\/uploads\/2024\/02\/HF-SHACKLE-1.jpg\" \/>\n\t<meta property=\"og:image:width\" content=\"1000\" \/>\n\t<meta property=\"og:image:height\" content=\"1000\" \/>\n\t<meta property=\"og:image:type\" content=\"image\/jpeg\" \/>\n<meta name=\"twitter:card\" content=\"summary_large_image\" \/>\n<meta name=\"twitter:label1\" content=\"Est. reading time\" \/>\n\t<meta name=\"twitter:data1\" content=\"3 minut\u0117s\" \/>\n<script type=\"application\/ld+json\" class=\"yoast-schema-graph\">{\"@context\":\"https:\/\/schema.org\",\"@graph\":[{\"@type\":\"WebPage\",\"@id\":\"https:\/\/qingdaohf.com\/product\/bow-shackle-anchor-shackle-for-lifting\/\",\"url\":\"https:\/\/qingdaohf.com\/product\/bow-shackle-anchor-shackle-for-lifting\/\",\"name\":\"Heavy Duty Bow Shackle | Anchor Shackle for Lifting\",\"isPartOf\":{\"@id\":\"https:\/\/qingdaohf.com\/bg\/#website\"},\"primaryImageOfPage\":{\"@id\":\"https:\/\/qingdaohf.com\/product\/bow-shackle-anchor-shackle-for-lifting\/#primaryimage\"},\"image\":{\"@id\":\"https:\/\/qingdaohf.com\/product\/bow-shackle-anchor-shackle-for-lifting\/#primaryimage\"},\"thumbnailUrl\":\"https:\/\/qingdaohf.com\/wp-content\/uploads\/2024\/02\/HF-SHACKLE-1.jpg\",\"datePublished\":\"2024-02-01T09:45:13+00:00\",\"dateModified\":\"2025-11-13T01:03:39+00:00\",\"description\":\"Bow shackles feature a robust, rounded design that ensures optimal load distribution and reduced stress, making them ideal for various applications across industries.\",\"breadcrumb\":{\"@id\":\"https:\/\/qingdaohf.com\/product\/bow-shackle-anchor-shackle-for-lifting\/#breadcrumb\"},\"inLanguage\":\"lt-LT\",\"potentialAction\":[{\"@type\":\"ReadAction\",\"target\":[\"https:\/\/qingdaohf.com\/product\/bow-shackle-anchor-shackle-for-lifting\/\"]}]},{\"@type\":\"ImageObject\",\"inLanguage\":\"lt-LT\",\"@id\":\"https:\/\/qingdaohf.com\/product\/bow-shackle-anchor-shackle-for-lifting\/#primaryimage\",\"url\":\"https:\/\/qingdaohf.com\/wp-content\/uploads\/2024\/02\/HF-SHACKLE-1.jpg\",\"contentUrl\":\"https:\/\/qingdaohf.com\/wp-content\/uploads\/2024\/02\/HF-SHACKLE-1.jpg\",\"width\":1000,\"height\":1000,\"caption\":\"Anchor SHACKLE\"},{\"@type\":\"BreadcrumbList\",\"@id\":\"https:\/\/qingdaohf.com\/product\/bow-shackle-anchor-shackle-for-lifting\/#breadcrumb\",\"itemListElement\":[{\"@type\":\"ListItem\",\"position\":1,\"name\":\"Home\",\"item\":\"https:\/\/qingdaohf.com\/\"},{\"@type\":\"ListItem\",\"position\":2,\"name\":\"Concrete Forming Accessories and Rigging Hardware\",\"item\":\"https:\/\/qingdaohf.com\/bg\/?page_id=944\"},{\"@type\":\"ListItem\",\"position\":3,\"name\":\"Heavy Duty Bow Shackle | Anchor Shackle for Lifting\"}]},{\"@type\":\"WebSite\",\"@id\":\"https:\/\/qingdaohf.com\/bg\/#website\",\"url\":\"https:\/\/qingdaohf.com\/bg\/\",\"name\":\"Concrete Form & Rigging Hardware Supplier\",\"description\":\"\",\"publisher\":{\"@id\":\"https:\/\/qingdaohf.com\/bg\/#organization\"},\"potentialAction\":[{\"@type\":\"SearchAction\",\"target\":{\"@type\":\"EntryPoint\",\"urlTemplate\":\"https:\/\/qingdaohf.com\/bg\/?s={search_term_string}\"},\"query-input\":{\"@type\":\"PropertyValueSpecification\",\"valueRequired\":true,\"valueName\":\"search_term_string\"}}],\"inLanguage\":\"lt-LT\"},{\"@type\":\"Organization\",\"@id\":\"https:\/\/qingdaohf.com\/bg\/#organization\",\"name\":\"Qingdao H&F\",\"url\":\"https:\/\/qingdaohf.com\/bg\/\",\"logo\":{\"@type\":\"ImageObject\",\"inLanguage\":\"lt-LT\",\"@id\":\"https:\/\/qingdaohf.com\/bg\/#\/schema\/logo\/image\/\",\"url\":\"https:\/\/qingdaohf.com\/wp-content\/uploads\/2022\/12\/cropped-HF-LOGO.png\",\"contentUrl\":\"https:\/\/qingdaohf.com\/wp-content\/uploads\/2022\/12\/cropped-HF-LOGO.png\",\"width\":391,\"height\":249,\"caption\":\"Qingdao H&F\"},\"image\":{\"@id\":\"https:\/\/qingdaohf.com\/bg\/#\/schema\/logo\/image\/\"},\"sameAs\":[\"https:\/\/www.facebook.com\/qingdaohf\"]}]}<\/script>\n<!-- \/ Yoast SEO plugin. -->","yoast_head_json":{"title":"Heavy Duty Bow Shackle | Anchor Shackle for Lifting","description":"Bow shackles feature a robust, rounded design that ensures optimal load distribution and reduced stress, making them ideal for various applications across industries.","robots":{"index":"index","follow":"follow","max-snippet":"max-snippet:-1","max-image-preview":"max-image-preview:large","max-video-preview":"max-video-preview:-1"},"canonical":"https:\/\/qingdaohf.com\/lt\/produktas\/inkaro-inkaro-kablys-skirtas-kelti\/","og_locale":"lt_LT","og_type":"article","og_title":"Heavy Duty Bow Shackle | Anchor Shackle for Lifting","og_description":"Bow shackles feature a robust, rounded design that ensures optimal load distribution and reduced stress, making them ideal for various applications across industries.","og_url":"https:\/\/qingdaohf.com\/lt\/produktas\/inkaro-inkaro-kablys-skirtas-kelti\/","og_site_name":"Concrete Form &amp; Rigging Hardware Supplier","article_publisher":"https:\/\/www.facebook.com\/qingdaohf","article_modified_time":"2025-11-13T01:03:39+00:00","og_image":[{"width":1000,"height":1000,"url":"https:\/\/qingdaohf.com\/wp-content\/uploads\/2024\/02\/HF-SHACKLE-1.jpg","type":"image\/jpeg"}],"twitter_card":"summary_large_image","twitter_misc":{"Est. reading time":"3 minut\u0117s"},"schema":{"@context":"https:\/\/schema.org","@graph":[{"@type":"WebPage","@id":"https:\/\/qingdaohf.com\/product\/bow-shackle-anchor-shackle-for-lifting\/","url":"https:\/\/qingdaohf.com\/product\/bow-shackle-anchor-shackle-for-lifting\/","name":"Heavy Duty Bow Shackle | Anchor Shackle for Lifting","isPartOf":{"@id":"https:\/\/qingdaohf.com\/bg\/#website"},"primaryImageOfPage":{"@id":"https:\/\/qingdaohf.com\/product\/bow-shackle-anchor-shackle-for-lifting\/#primaryimage"},"image":{"@id":"https:\/\/qingdaohf.com\/product\/bow-shackle-anchor-shackle-for-lifting\/#primaryimage"},"thumbnailUrl":"https:\/\/qingdaohf.com\/wp-content\/uploads\/2024\/02\/HF-SHACKLE-1.jpg","datePublished":"2024-02-01T09:45:13+00:00","dateModified":"2025-11-13T01:03:39+00:00","description":"Bow shackles feature a robust, rounded design that ensures optimal load distribution and reduced stress, making them ideal for various applications across industries.","breadcrumb":{"@id":"https:\/\/qingdaohf.com\/product\/bow-shackle-anchor-shackle-for-lifting\/#breadcrumb"},"inLanguage":"lt-LT","potentialAction":[{"@type":"ReadAction","target":["https:\/\/qingdaohf.com\/product\/bow-shackle-anchor-shackle-for-lifting\/"]}]},{"@type":"ImageObject","inLanguage":"lt-LT","@id":"https:\/\/qingdaohf.com\/product\/bow-shackle-anchor-shackle-for-lifting\/#primaryimage","url":"https:\/\/qingdaohf.com\/wp-content\/uploads\/2024\/02\/HF-SHACKLE-1.jpg","contentUrl":"https:\/\/qingdaohf.com\/wp-content\/uploads\/2024\/02\/HF-SHACKLE-1.jpg","width":1000,"height":1000,"caption":"Anchor SHACKLE"},{"@type":"BreadcrumbList","@id":"https:\/\/qingdaohf.com\/product\/bow-shackle-anchor-shackle-for-lifting\/#breadcrumb","itemListElement":[{"@type":"ListItem","position":1,"name":"Home","item":"https:\/\/qingdaohf.com\/"},{"@type":"ListItem","position":2,"name":"Concrete Forming Accessories and Rigging Hardware","item":"https:\/\/qingdaohf.com\/bg\/?page_id=944"},{"@type":"ListItem","position":3,"name":"Heavy Duty Bow Shackle | Anchor Shackle for Lifting"}]},{"@type":"WebSite","@id":"https:\/\/qingdaohf.com\/bg\/#website","url":"https:\/\/qingdaohf.com\/bg\/","name":"Concrete Form & Rigging Hardware Supplier","description":"","publisher":{"@id":"https:\/\/qingdaohf.com\/bg\/#organization"},"potentialAction":[{"@type":"SearchAction","target":{"@type":"EntryPoint","urlTemplate":"https:\/\/qingdaohf.com\/bg\/?s={search_term_string}"},"query-input":{"@type":"PropertyValueSpecification","valueRequired":true,"valueName":"search_term_string"}}],"inLanguage":"lt-LT"},{"@type":"Organization","@id":"https:\/\/qingdaohf.com\/bg\/#organization","name":"Qingdao H&F","url":"https:\/\/qingdaohf.com\/bg\/","logo":{"@type":"ImageObject","inLanguage":"lt-LT","@id":"https:\/\/qingdaohf.com\/bg\/#\/schema\/logo\/image\/","url":"https:\/\/qingdaohf.com\/wp-content\/uploads\/2022\/12\/cropped-HF-LOGO.png","contentUrl":"https:\/\/qingdaohf.com\/wp-content\/uploads\/2022\/12\/cropped-HF-LOGO.png","width":391,"height":249,"caption":"Qingdao H&F"},"image":{"@id":"https:\/\/qingdaohf.com\/bg\/#\/schema\/logo\/image\/"},"sameAs":["https:\/\/www.facebook.com\/qingdaohf"]}]}},"_links":{"self":[{"href":"https:\/\/qingdaohf.com\/lt\/wp-json\/wp\/v2\/product\/6447","targetHints":{"allow":["GET"]}}],"collection":[{"href":"https:\/\/qingdaohf.com\/lt\/wp-json\/wp\/v2\/product"}],"about":[{"href":"https:\/\/qingdaohf.com\/lt\/wp-json\/wp\/v2\/types\/product"}],"replies":[{"embeddable":true,"href":"https:\/\/qingdaohf.com\/lt\/wp-json\/wp\/v2\/comments?post=6447"}],"version-history":[{"count":6,"href":"https:\/\/qingdaohf.com\/lt\/wp-json\/wp\/v2\/product\/6447\/revisions"}],"predecessor-version":[{"id":6486,"href":"https:\/\/qingdaohf.com\/lt\/wp-json\/wp\/v2\/product\/6447\/revisions\/6486"}],"wp:featuredmedia":[{"embeddable":true,"href":"https:\/\/qingdaohf.com\/lt\/wp-json\/wp\/v2\/media\/6465"}],"wp:attachment":[{"href":"https:\/\/qingdaohf.com\/lt\/wp-json\/wp\/v2\/media?parent=6447"}],"wp:term":[{"taxonomy":"product_brand","embeddable":true,"href":"https:\/\/qingdaohf.com\/lt\/wp-json\/wp\/v2\/product_brand?post=6447"},{"taxonomy":"product_cat","embeddable":true,"href":"https:\/\/qingdaohf.com\/lt\/wp-json\/wp\/v2\/product_cat?post=6447"},{"taxonomy":"product_tag","embeddable":true,"href":"https:\/\/qingdaohf.com\/lt\/wp-json\/wp\/v2\/product_tag?post=6447"}],"curies":[{"name":"wp","href":"https:\/\/api.w.org\/{rel}","templated":true}]}}