{"id":6496,"date":"2024-02-02T16:55:13","date_gmt":"2024-02-02T08:55:13","guid":{"rendered":"http:\/\/qingdaohf.com\/?post_type=product&#038;p=6496"},"modified":"2025-11-13T09:03:38","modified_gmt":"2025-11-13T01:03:38","slug":"round-pin-shackle","status":"publish","type":"product","link":"https:\/\/qingdaohf.com\/lt\/produktas\/apvali-kaistine-sagtis\/","title":{"rendered":"Apvalus kai\u0161\u010dio fiksatorius"},"content":{"rendered":"<p>Sveiki atvyk\u0119 \u012f m\u016bs\u0173 didmenin\u0117s prekybos pan\u010di\u0173 tiek\u0117j\u0105, kur rasite auk\u0161\u010diausios kokyb\u0117s apvali\u0173 kai\u0161\u010di\u0173 pan\u010di\u0173, pagamint\u0173 i\u0161 auk\u0161\u010diausios kokyb\u0117s cinkuoto ir ner\u016bdijan\u010dio plieno. Esame pramon\u0117s lyderiai, tod\u0117l specializuojam\u0117s tiekdami patvarius kablius, skirtus k\u0117limo, vilkimo ir tvirtinimo darbams.<\/p>\n<p>M\u016bs\u0173 apvali\u0173 kai\u0161\u010di\u0173 kab\u0117s yra kruop\u0161\u010diai pagamintos laikantis grie\u017et\u0173 kokyb\u0117s standart\u0173, u\u017etikrinant patikimum\u0105 ir saugum\u0105 kiekvieno naudojimo metu. Nesvarbu, ar dirbate statybose, j\u016broje, ar pramon\u0117je, m\u016bs\u0173 kab\u0117s yra tvirtos ir ilgaam\u017e\u0117s, reikalingos sud\u0117tingoms u\u017eduotims atlikti.<\/p>\n<p>Vienas i\u0161 da\u017eniausiai pirk\u0117jams kylan\u010di\u0173 r\u016bpes\u010di\u0173 - u\u017etikrinti, kad pan\u010di\u0173 med\u017eiaga ir konstrukcija atitikt\u0173 j\u0173 konkre\u010dius poreikius. Gal\u0117dami rinktis i\u0161 cinkuoto ir ner\u016bdijan\u010dio plieno, galite pasitik\u0117ti, kad m\u016bs\u0173 pan\u010diai yra atspar\u016bs korozijai ir pagaminti taip, kad atlaikyt\u0173 at\u0161iaurias aplinkos s\u0105lygas, tod\u0117l veikia ilgai.<\/p>\n<p>Be to, norint u\u017etikrinti saug\u0173 darb\u0105, labai svarbu nustatyti tinkam\u0105 dyd\u012f ir darbin\u0117s apkrovos rib\u0105 (WLL). M\u016bs\u0173 specialist\u0173 komanda pad\u0117s jums pasirinkti tinkam\u0105 apkab\u0173 dyd\u012f ir WLL, atitinkant\u012f j\u016bs\u0173 k\u0117limo ir takela\u017eo reikalavimus, u\u017etikrinant optimal\u0173 na\u0161um\u0105 ir saugum\u0105 darbe.<\/p>\n<p>Da\u017eniausiai pasitaikan\u010dios apvali\u0173 kai\u0161\u010di\u0173 kabi\u0173 darbin\u0117s apkrovos ribos (WLL) ir dyd\u017eiai:<\/p>\n<p><strong>WLL<\/strong>: 0,33 tonos, 0,5 tonos, 0,75 tonos, 1 tona, 1,5 tonos, 2 tonos, 3,25 tonos, 4,75 tonos, 6,5 tonos, 8,5 tonos, 9,5 tonos, 12 ton\u0173, 13,5 tonos, 17 ton\u0173, 25 ton\u0173, 35 ton\u0173, 55 ton\u0173, 85 ton\u0173, 120 ton\u0173, 150 ton\u0173<\/p>\n<p><strong>Dyd\u017eiai<\/strong>: 1\/4 colio, 3\/8 colio, 1\/2 colio, 5\/8 colio, 3\/4 colio, 7\/8 colio, 1 colio, 1-1\/4 colio, 1-1\/2 colio, 1-3\/4 colio, 2 coli\u0173, 2-1\/2 colio, 3 coli\u0173<\/p>\n<p>Bendradarbiaudami su mumis patenkinsite visus didmenin\u0117s prekybos pan\u010di\u0173 poreikius ir patirsite neprilygstam\u0105 kokyb\u0119, patikimum\u0105 ir klient\u0173 aptarnavim\u0105. Per\u017ei\u016br\u0117kite m\u016bs\u0173 plat\u0173 asortiment\u0105 \u0161iandien ir u\u017etikrintai patobulinkite savo k\u0117limo, vilkimo ir tvirtinimo operacijas.<\/p>\n<p>Modelis: <a href=\"http:\/\/qingdaohf.com\/lt\/product\/g213-g215-galvanized-shackle\/\">G213<\/a> <a href=\"http:\/\/qingdaohf.com\/lt\/product\/g213-g215-galvanized-shackle\/\">G215<\/a><\/p>","protected":false},"excerpt":{"rendered":"<p>Apvalioji kai\u0161tin\u0117 apkaba - tai aparat\u016bros komponentas, naudojamas grandin\u0117ms, vieloms, lynams ir kitoms takela\u017eo med\u017eiagoms sujungti. J\u0105 sudaro U formos korpusas su dviem \u0105sel\u0117mis galuose ir apvaliu kai\u0161\u010diu, kuris eina per abi \u0105seles. Kai\u0161tis tvirtinamas kai\u0161\u010diu arba srieginiu kai\u0161\u010diu.<\/p>\n<p>Apval\u016bs kai\u0161\u010diai gali b\u016bti \u012fvairi\u0173 dyd\u017ei\u0173 ir i\u0161 \u012fvairi\u0173 med\u017eiag\u0173, o j\u0173 darbin\u0117 apkrova gali b\u016bti nuo keli\u0173 \u0161imt\u0173 iki keli\u0173 \u0161imt\u0173 ton\u0173.<\/p>","protected":false},"featured_media":6497,"comment_status":"open","ping_status":"closed","template":"","meta":{"site-sidebar-layout":"default","site-content-layout":"","ast-site-content-layout":"default","site-content-style":"default","site-sidebar-style":"default","ast-global-header-display":"","ast-banner-title-visibility":"","ast-main-header-display":"","ast-hfb-above-header-display":"","ast-hfb-below-header-display":"","ast-hfb-mobile-header-display":"","site-post-title":"","ast-breadcrumbs-content":"","ast-featured-img":"","footer-sml-layout":"","theme-transparent-header-meta":"default","adv-header-id-meta":"","stick-header-meta":"default","header-above-stick-meta":"","header-main-stick-meta":"","header-below-stick-meta":"","astra-migrate-meta-layouts":"set","ast-page-background-enabled":"default","ast-page-background-meta":{"desktop":{"background-color":"","background-image":"","background-repeat":"repeat","background-position":"center center","background-size":"auto","background-attachment":"scroll","background-type":"","background-media":"","overlay-type":"","overlay-color":"","overlay-opacity":"","overlay-gradient":""},"tablet":{"background-color":"","background-image":"","background-repeat":"repeat","background-position":"center center","background-size":"auto","background-attachment":"scroll","background-type":"","background-media":"","overlay-type":"","overlay-color":"","overlay-opacity":"","overlay-gradient":""},"mobile":{"background-color":"","background-image":"","background-repeat":"repeat","background-position":"center center","background-size":"auto","background-attachment":"scroll","background-type":"","background-media":"","overlay-type":"","overlay-color":"","overlay-opacity":"","overlay-gradient":""}},"ast-content-background-meta":{"desktop":{"background-color":"var(--ast-global-color-5)","background-image":"","background-repeat":"repeat","background-position":"center center","background-size":"auto","background-attachment":"scroll","background-type":"","background-media":"","overlay-type":"","overlay-color":"","overlay-opacity":"","overlay-gradient":""},"tablet":{"background-color":"var(--ast-global-color-5)","background-image":"","background-repeat":"repeat","background-position":"center center","background-size":"auto","background-attachment":"scroll","background-type":"","background-media":"","overlay-type":"","overlay-color":"","overlay-opacity":"","overlay-gradient":""},"mobile":{"background-color":"var(--ast-global-color-5)","background-image":"","background-repeat":"repeat","background-position":"center center","background-size":"auto","background-attachment":"scroll","background-type":"","background-media":"","overlay-type":"","overlay-color":"","overlay-opacity":"","overlay-gradient":""}}},"product_brand":[],"product_cat":[51,54],"product_tag":[],"class_list":{"0":"post-6496","1":"product","2":"type-product","3":"status-publish","4":"has-post-thumbnail","6":"product_cat-riggging-hardware","7":"product_cat-shackle","8":"desktop-align-left","9":"tablet-align-left","10":"mobile-align-left","11":"ast-product-gallery-layout-horizontal-slider","12":"ast-product-tabs-layout-horizontal","14":"first","15":"instock","16":"shipping-taxable","17":"purchasable","18":"product-type-simple"},"yoast_head":"<!-- This site is optimized with the Yoast SEO plugin v25.2 - https:\/\/yoast.com\/wordpress\/plugins\/seo\/ -->\n<title>Round Pin Shackle<\/title>\n<meta name=\"description\" content=\"Round pin shackles are available in a variety of sizes and materials, with working load limits ranging from a few hundred pounds to hundreds of tons.\" \/>\n<meta name=\"robots\" content=\"index, follow, max-snippet:-1, max-image-preview:large, max-video-preview:-1\" \/>\n<link rel=\"canonical\" href=\"https:\/\/qingdaohf.com\/lt\/produktas\/apvali-kaistine-sagtis\/\" \/>\n<meta property=\"og:locale\" content=\"lt_LT\" \/>\n<meta property=\"og:type\" content=\"article\" \/>\n<meta property=\"og:title\" content=\"Round Pin Shackle\" \/>\n<meta property=\"og:description\" content=\"Round pin shackles are available in a variety of sizes and materials, with working load limits ranging from a few hundred pounds to hundreds of tons.\" \/>\n<meta property=\"og:url\" content=\"https:\/\/qingdaohf.com\/lt\/produktas\/apvali-kaistine-sagtis\/\" \/>\n<meta property=\"og:site_name\" content=\"Concrete Form &amp; Rigging Hardware Supplier\" \/>\n<meta property=\"article:publisher\" content=\"https:\/\/www.facebook.com\/qingdaohf\" \/>\n<meta property=\"article:modified_time\" content=\"2025-11-13T01:03:38+00:00\" \/>\n<meta property=\"og:image\" content=\"https:\/\/qingdaohf.com\/wp-content\/uploads\/2024\/02\/Round-Pin-Shackle.jpg\" \/>\n\t<meta property=\"og:image:width\" content=\"1000\" \/>\n\t<meta property=\"og:image:height\" content=\"1000\" \/>\n\t<meta property=\"og:image:type\" content=\"image\/jpeg\" \/>\n<meta name=\"twitter:card\" content=\"summary_large_image\" \/>\n<meta name=\"twitter:label1\" content=\"Est. reading time\" \/>\n\t<meta name=\"twitter:data1\" content=\"2 minut\u0117s\" \/>\n<script type=\"application\/ld+json\" class=\"yoast-schema-graph\">{\"@context\":\"https:\/\/schema.org\",\"@graph\":[{\"@type\":\"WebPage\",\"@id\":\"https:\/\/qingdaohf.com\/product\/round-pin-shackle\/\",\"url\":\"https:\/\/qingdaohf.com\/product\/round-pin-shackle\/\",\"name\":\"Round Pin Shackle\",\"isPartOf\":{\"@id\":\"https:\/\/qingdaohf.com\/bg\/#website\"},\"primaryImageOfPage\":{\"@id\":\"https:\/\/qingdaohf.com\/product\/round-pin-shackle\/#primaryimage\"},\"image\":{\"@id\":\"https:\/\/qingdaohf.com\/product\/round-pin-shackle\/#primaryimage\"},\"thumbnailUrl\":\"https:\/\/qingdaohf.com\/wp-content\/uploads\/2024\/02\/Round-Pin-Shackle.jpg\",\"datePublished\":\"2024-02-02T08:55:13+00:00\",\"dateModified\":\"2025-11-13T01:03:38+00:00\",\"description\":\"Round pin shackles are available in a variety of sizes and materials, with working load limits ranging from a few hundred pounds to hundreds of tons.\",\"breadcrumb\":{\"@id\":\"https:\/\/qingdaohf.com\/product\/round-pin-shackle\/#breadcrumb\"},\"inLanguage\":\"lt-LT\",\"potentialAction\":[{\"@type\":\"ReadAction\",\"target\":[\"https:\/\/qingdaohf.com\/product\/round-pin-shackle\/\"]}]},{\"@type\":\"ImageObject\",\"inLanguage\":\"lt-LT\",\"@id\":\"https:\/\/qingdaohf.com\/product\/round-pin-shackle\/#primaryimage\",\"url\":\"https:\/\/qingdaohf.com\/wp-content\/uploads\/2024\/02\/Round-Pin-Shackle.jpg\",\"contentUrl\":\"https:\/\/qingdaohf.com\/wp-content\/uploads\/2024\/02\/Round-Pin-Shackle.jpg\",\"width\":1000,\"height\":1000,\"caption\":\"Round Pin Shackle\"},{\"@type\":\"BreadcrumbList\",\"@id\":\"https:\/\/qingdaohf.com\/product\/round-pin-shackle\/#breadcrumb\",\"itemListElement\":[{\"@type\":\"ListItem\",\"position\":1,\"name\":\"Home\",\"item\":\"https:\/\/qingdaohf.com\/\"},{\"@type\":\"ListItem\",\"position\":2,\"name\":\"Concrete Forming Accessories and Rigging Hardware\",\"item\":\"https:\/\/qingdaohf.com\/bg\/?page_id=944\"},{\"@type\":\"ListItem\",\"position\":3,\"name\":\"Round Pin Shackle\"}]},{\"@type\":\"WebSite\",\"@id\":\"https:\/\/qingdaohf.com\/bg\/#website\",\"url\":\"https:\/\/qingdaohf.com\/bg\/\",\"name\":\"Concrete Form & Rigging Hardware Supplier\",\"description\":\"\",\"publisher\":{\"@id\":\"https:\/\/qingdaohf.com\/bg\/#organization\"},\"potentialAction\":[{\"@type\":\"SearchAction\",\"target\":{\"@type\":\"EntryPoint\",\"urlTemplate\":\"https:\/\/qingdaohf.com\/bg\/?s={search_term_string}\"},\"query-input\":{\"@type\":\"PropertyValueSpecification\",\"valueRequired\":true,\"valueName\":\"search_term_string\"}}],\"inLanguage\":\"lt-LT\"},{\"@type\":\"Organization\",\"@id\":\"https:\/\/qingdaohf.com\/bg\/#organization\",\"name\":\"Qingdao H&F\",\"url\":\"https:\/\/qingdaohf.com\/bg\/\",\"logo\":{\"@type\":\"ImageObject\",\"inLanguage\":\"lt-LT\",\"@id\":\"https:\/\/qingdaohf.com\/bg\/#\/schema\/logo\/image\/\",\"url\":\"https:\/\/qingdaohf.com\/wp-content\/uploads\/2022\/12\/cropped-HF-LOGO.png\",\"contentUrl\":\"https:\/\/qingdaohf.com\/wp-content\/uploads\/2022\/12\/cropped-HF-LOGO.png\",\"width\":391,\"height\":249,\"caption\":\"Qingdao H&F\"},\"image\":{\"@id\":\"https:\/\/qingdaohf.com\/bg\/#\/schema\/logo\/image\/\"},\"sameAs\":[\"https:\/\/www.facebook.com\/qingdaohf\"]}]}<\/script>\n<!-- \/ Yoast SEO plugin. -->","yoast_head_json":{"title":"Round Pin Shackle","description":"Round pin shackles are available in a variety of sizes and materials, with working load limits ranging from a few hundred pounds to hundreds of tons.","robots":{"index":"index","follow":"follow","max-snippet":"max-snippet:-1","max-image-preview":"max-image-preview:large","max-video-preview":"max-video-preview:-1"},"canonical":"https:\/\/qingdaohf.com\/lt\/produktas\/apvali-kaistine-sagtis\/","og_locale":"lt_LT","og_type":"article","og_title":"Round Pin Shackle","og_description":"Round pin shackles are available in a variety of sizes and materials, with working load limits ranging from a few hundred pounds to hundreds of tons.","og_url":"https:\/\/qingdaohf.com\/lt\/produktas\/apvali-kaistine-sagtis\/","og_site_name":"Concrete Form &amp; Rigging Hardware Supplier","article_publisher":"https:\/\/www.facebook.com\/qingdaohf","article_modified_time":"2025-11-13T01:03:38+00:00","og_image":[{"width":1000,"height":1000,"url":"https:\/\/qingdaohf.com\/wp-content\/uploads\/2024\/02\/Round-Pin-Shackle.jpg","type":"image\/jpeg"}],"twitter_card":"summary_large_image","twitter_misc":{"Est. reading time":"2 minut\u0117s"},"schema":{"@context":"https:\/\/schema.org","@graph":[{"@type":"WebPage","@id":"https:\/\/qingdaohf.com\/product\/round-pin-shackle\/","url":"https:\/\/qingdaohf.com\/product\/round-pin-shackle\/","name":"Round Pin Shackle","isPartOf":{"@id":"https:\/\/qingdaohf.com\/bg\/#website"},"primaryImageOfPage":{"@id":"https:\/\/qingdaohf.com\/product\/round-pin-shackle\/#primaryimage"},"image":{"@id":"https:\/\/qingdaohf.com\/product\/round-pin-shackle\/#primaryimage"},"thumbnailUrl":"https:\/\/qingdaohf.com\/wp-content\/uploads\/2024\/02\/Round-Pin-Shackle.jpg","datePublished":"2024-02-02T08:55:13+00:00","dateModified":"2025-11-13T01:03:38+00:00","description":"Round pin shackles are available in a variety of sizes and materials, with working load limits ranging from a few hundred pounds to hundreds of tons.","breadcrumb":{"@id":"https:\/\/qingdaohf.com\/product\/round-pin-shackle\/#breadcrumb"},"inLanguage":"lt-LT","potentialAction":[{"@type":"ReadAction","target":["https:\/\/qingdaohf.com\/product\/round-pin-shackle\/"]}]},{"@type":"ImageObject","inLanguage":"lt-LT","@id":"https:\/\/qingdaohf.com\/product\/round-pin-shackle\/#primaryimage","url":"https:\/\/qingdaohf.com\/wp-content\/uploads\/2024\/02\/Round-Pin-Shackle.jpg","contentUrl":"https:\/\/qingdaohf.com\/wp-content\/uploads\/2024\/02\/Round-Pin-Shackle.jpg","width":1000,"height":1000,"caption":"Round Pin Shackle"},{"@type":"BreadcrumbList","@id":"https:\/\/qingdaohf.com\/product\/round-pin-shackle\/#breadcrumb","itemListElement":[{"@type":"ListItem","position":1,"name":"Home","item":"https:\/\/qingdaohf.com\/"},{"@type":"ListItem","position":2,"name":"Concrete Forming Accessories and Rigging Hardware","item":"https:\/\/qingdaohf.com\/bg\/?page_id=944"},{"@type":"ListItem","position":3,"name":"Round Pin Shackle"}]},{"@type":"WebSite","@id":"https:\/\/qingdaohf.com\/bg\/#website","url":"https:\/\/qingdaohf.com\/bg\/","name":"Concrete Form & Rigging Hardware Supplier","description":"","publisher":{"@id":"https:\/\/qingdaohf.com\/bg\/#organization"},"potentialAction":[{"@type":"SearchAction","target":{"@type":"EntryPoint","urlTemplate":"https:\/\/qingdaohf.com\/bg\/?s={search_term_string}"},"query-input":{"@type":"PropertyValueSpecification","valueRequired":true,"valueName":"search_term_string"}}],"inLanguage":"lt-LT"},{"@type":"Organization","@id":"https:\/\/qingdaohf.com\/bg\/#organization","name":"Qingdao H&F","url":"https:\/\/qingdaohf.com\/bg\/","logo":{"@type":"ImageObject","inLanguage":"lt-LT","@id":"https:\/\/qingdaohf.com\/bg\/#\/schema\/logo\/image\/","url":"https:\/\/qingdaohf.com\/wp-content\/uploads\/2022\/12\/cropped-HF-LOGO.png","contentUrl":"https:\/\/qingdaohf.com\/wp-content\/uploads\/2022\/12\/cropped-HF-LOGO.png","width":391,"height":249,"caption":"Qingdao H&F"},"image":{"@id":"https:\/\/qingdaohf.com\/bg\/#\/schema\/logo\/image\/"},"sameAs":["https:\/\/www.facebook.com\/qingdaohf"]}]}},"_links":{"self":[{"href":"https:\/\/qingdaohf.com\/lt\/wp-json\/wp\/v2\/product\/6496","targetHints":{"allow":["GET"]}}],"collection":[{"href":"https:\/\/qingdaohf.com\/lt\/wp-json\/wp\/v2\/product"}],"about":[{"href":"https:\/\/qingdaohf.com\/lt\/wp-json\/wp\/v2\/types\/product"}],"replies":[{"embeddable":true,"href":"https:\/\/qingdaohf.com\/lt\/wp-json\/wp\/v2\/comments?post=6496"}],"version-history":[{"count":3,"href":"https:\/\/qingdaohf.com\/lt\/wp-json\/wp\/v2\/product\/6496\/revisions"}],"predecessor-version":[{"id":6500,"href":"https:\/\/qingdaohf.com\/lt\/wp-json\/wp\/v2\/product\/6496\/revisions\/6500"}],"wp:featuredmedia":[{"embeddable":true,"href":"https:\/\/qingdaohf.com\/lt\/wp-json\/wp\/v2\/media\/6497"}],"wp:attachment":[{"href":"https:\/\/qingdaohf.com\/lt\/wp-json\/wp\/v2\/media?parent=6496"}],"wp:term":[{"taxonomy":"product_brand","embeddable":true,"href":"https:\/\/qingdaohf.com\/lt\/wp-json\/wp\/v2\/product_brand?post=6496"},{"taxonomy":"product_cat","embeddable":true,"href":"https:\/\/qingdaohf.com\/lt\/wp-json\/wp\/v2\/product_cat?post=6496"},{"taxonomy":"product_tag","embeddable":true,"href":"https:\/\/qingdaohf.com\/lt\/wp-json\/wp\/v2\/product_tag?post=6496"}],"curies":[{"name":"wp","href":"https:\/\/api.w.org\/{rel}","templated":true}]}}