{"id":7163,"date":"2024-05-20T13:42:36","date_gmt":"2024-05-20T05:42:36","guid":{"rendered":"http:\/\/qingdaohf.com\/?post_type=product&#038;p=7163"},"modified":"2025-11-13T09:03:16","modified_gmt":"2025-11-13T01:03:16","slug":"aluminum-form-wall-ties","status":"publish","type":"product","link":"https:\/\/qingdaohf.com\/lt\/produktas\/aliuminio-formos-sienu-rysiai\/","title":{"rendered":"Aliuminio formos sieniniai rai\u0161\u010diai"},"content":{"rendered":"<p>Aliumininiai klojini\u0173 ry\u0161iai atlieka labai svarb\u0173 vaidmen\u012f betonini\u0173 klojini\u0173 konstrukcijoje, ypa\u010d kai svarbiausia yra tikslumas ir ilgaam\u017ei\u0161kumas. \u0160ie ry\u0161iai laiko klojinius betono liejimo proceso metu, u\u017etikrindami, kad klojiniai i\u0161laikyt\u0173 savo numatyt\u0105 form\u0105 ir krypt\u012f. D\u0117l to jie padeda u\u017etikrinti betono sien\u0173 ir kolon\u0173 strukt\u016brin\u012f vientisum\u0105 ir vienodum\u0105. Klojini\u0173 ri\u0161ikliai gali b\u016bti pagaminti i\u0161 \u012fvairi\u0173 med\u017eiag\u0173, ta\u010diau aliuminis i\u0161siskiria savo tvirtumu, nedideliu svoriu ir atsparumu korozijai. \"Qingdao H&amp;F\" teikiame auk\u0161tos kokyb\u0117s aliuminio klojini\u0173 ry\u0161ius, pritaikytus statyb\u0173 pramon\u0117s poreikiams, u\u017etikrinan\u010dius, kad j\u016bs\u0173 projektai b\u016bt\u0173 \u012fgyvendinami efektyviai ir saugiai.<\/p>\n<h3><strong>Kod\u0117l aliuminis naudojamas form\u0173 ry\u0161iams?<\/strong><\/h3>\n<p>Aliuminio naudojimas form\u0173 ry\u0161uliuose i\u0161augo d\u0117l jo unikali\u0173 savybi\u0173, d\u0117l kuri\u0173 jis puikiai tinka sud\u0117tingoms statyb\u0173 s\u0105lygoms. Aliuminis yra lengvas, bet tvirtas, tod\u0117l j\u012f lengva naudoti statybviet\u0117je, o jo eksploatacin\u0117s savyb\u0117s nesuma\u017e\u0117ja. Tai ypa\u010d naudinga, kai reikia didelio kiekio ry\u0161i\u0173 arba kai darbininkai turi valdyti dideles darbo apkrovas. Skirtingai nei kit\u0173 med\u017eiag\u0173, pavyzd\u017eiui, plieno, aliuminio lengvumas suma\u017eina \u012ftamp\u0105 j\u012f tvarkant ir montuojant.<\/p>\n<p>Kitas svarbus privalumas - atsparumas korozijai. Form\u0173 ry\u0161ius veikia dr\u0117gm\u0117 ir \u012fvairios chemin\u0117s med\u017eiagos, esan\u010dios betono mi\u0161inyje. Aliuminis nat\u016braliai atsparus r\u016bdims ir kitoms korozijos formoms, tod\u0117l pailg\u0117ja klojini\u0173 ry\u0161i\u0173 tarnavimo laikas ir suma\u017e\u0117ja poreikis juos da\u017enai keisti. \u0160is ilgaam\u017ei\u0161kumas rei\u0161kia ilgalaik\u012f \u012fmoni\u0173 i\u0161laid\u0173 taupym\u0105, ypa\u010d \u012fgyvendinant didel\u0117s apimties projektus, kai labai svarbu kuo labiau suma\u017einti prastov\u0173 ir technin\u0117s prie\u017ei\u016bros trukm\u0119.<\/p>\n<h3><strong>Efektyvumas ir ekonomi\u0161kumas statyboje<\/strong><\/h3>\n<p>Efektyvumas yra s\u0117kming\u0173 statybos projekt\u0173 pagrindas, o klojini\u0173 ry\u0161iai padeda siekti \u0161io tikslo, nes u\u017etikrina, kad klojiniai i\u0161likt\u0173 savo vietoje ir b\u016bt\u0173 i\u0161vengta brangiai kainuojan\u010di\u0173 klaid\u0173. D\u0117l blogai i\u0161lygint\u0173 ar silpnai laikom\u0173 klojini\u0173 gali kilti betono konstrukcijos problem\u0173, d\u0117l kuri\u0173 v\u0117luojama, \u0161vaistomos med\u017eiagos ir gali b\u016bti nesaugu. Aliumininiai klojini\u0173 ry\u0161iai ne tik u\u017etikrina saugius klojinius, bet ir supaprastina montavimo ir i\u0161montavimo procesus.<\/p>\n<p>Kadangi aliuminio form\u0173 rai\u0161\u010diai yra daugkartinio naudojimo, laikui b\u0117gant galima sutaupyti nema\u017eai l\u0117\u0161\u0173. Rangovai da\u017enai susiduria su dilema, kaip suderinti trumpalaikes i\u0161laidas ir ilgalaik\u0119 naud\u0105, o investicijos \u012f patvarius, daugkartinio naudojimo klojini\u0173 ry\u0161ius gali suma\u017einti da\u017eno keitimo poreik\u012f ir suma\u017einti bendras projekto i\u0161laidas. Be to, kadangi aliumininiai ry\u0161iai yra lengvesni ir lengviau transportuojami, d\u0117l j\u0173 suma\u017e\u0117ja logistikos i\u0161laidos, o darbai statybviet\u0117je tampa efektyvesni.<\/p>\n<div class=\"ast-oembed-container\" style=\"height: 100%;\"><iframe title=\"Betono formavimo priedai Lenktas plei\u0161tas ir tiesus plei\u0161tas\" width=\"500\" height=\"281\" src=\"https:\/\/www.youtube.com\/embed\/_He4pUDjl1U?feature=oembed\" frameborder=\"0\" allow=\"accelerometer; autoplay; clipboard-write; encrypted-media; gyroscope; picture-in-picture; web-share\" referrerpolicy=\"strict-origin-when-cross-origin\" allowfullscreen><\/iframe><\/div>\n<h3><strong>Tvarumas ir poveikis aplinkai<\/strong><\/h3>\n<p>\u0160iuolaikin\u0117je statyb\u0173 pramon\u0117je tvarumas tampa vis svarbesnis, o aliuminio form\u0173 ry\u0161iai atitinka ekologi\u0161k\u0105 praktik\u0105. Aliuminis yra lengvai perdirbamas, o daugelis aliuminio gamini\u0173 gaminami i\u0161 perdirbt\u0173 med\u017eiag\u0173. Tai ma\u017eina nauj\u0173 \u017ealiav\u0173 poreik\u012f ir ma\u017eina poveik\u012f aplinkai. Pasibaigus j\u0173 gyvavimo ciklui, aliuminio klojinius galima i\u0161lydyti ir pakartotinai panaudoti neprarandant jiems b\u016bding\u0173 savybi\u0173, tod\u0117l jie yra tvarus pasirinkimas statyb\u0173 specialistams, siekiantiems suma\u017einti anglies dioksido p\u0117dsak\u0105.<\/p>\n<p>Be to, naudojant patvarias, daugkartinio naudojimo med\u017eiagas, pavyzd\u017eiui, aliumin\u012f, suma\u017e\u0117ja vietoje susidaran\u010di\u0173 atliek\u0173. Rangovai gali pakartotinai naudoti aliuminio klojini\u0173 ry\u0161ius keliuose projektuose, taip gerokai suma\u017eindami i\u0161metam\u0173 med\u017eiag\u0173, kurios kitu atveju atsidurt\u0173 s\u0105vartynuose, kiek\u012f. Tai padeda statyb\u0173 bendrov\u0117ms siekti pasaulini\u0173 tvarumo tiksl\u0173 ir pritraukti klientus, kurie teikia pirmenyb\u0119 ekologi\u0161kai atsakingai praktikai.<\/p>\n<h3><strong>\"Qingdao H&amp;F\" \u012fsipareigojimas u\u017etikrinti kokyb\u0119 ir aptarnavim\u0105<\/strong><\/h3>\n<p>\"Qingdao H&amp;F\" supranta, kad statybos specialistams reikia patikim\u0173 med\u017eiag\u0173 ir i\u0161skirtinio aptarnavimo, kad jie gal\u0117t\u0173 laiku ir nevir\u0161ydami biud\u017eeto \u012fgyvendinti savo projektus. M\u016bs\u0173 aliuminio klojini\u0173 ry\u0161iai gaminami laikantis grie\u017et\u0173 kokyb\u0117s kontrol\u0117s standart\u0173, u\u017etikrinan\u010di\u0173 pastov\u0173 veikim\u0105 ir ilgaam\u017ei\u0161kum\u0105. Did\u017eiuojam\u0117s gal\u0117dami pasi\u016blyti ne tik auk\u0161tos kokyb\u0117s gaminius, bet ir konkurencingas kainas, tod\u0117l m\u016bs\u0173 klientai gali pasinaudoti ir prieinamumo, ir meistri\u0161kumo privalumais.<\/p>\n<p>Suprantame, kad kiekvienas projektas yra unikalus, tod\u0117l m\u016bs\u0173 komanda aptarnauja klientus individualiai, kad u\u017etikrint\u0173, jog gausite geriausiai j\u016bs\u0173 poreikius atitinkan\u010dius gaminius. Mes siekiame, kad j\u016bs\u0173 pirkimo patirtis b\u016bt\u0173 sklandi ir efektyvi - nuo pagalbos renkantis tinkamo tipo aliuminio form\u0173 ry\u0161ius iki nuolatin\u0117s pagalbos viso projekto metu. Per 20 met\u0173 aptarnaudama statybos pramon\u0119, Qingdao H&amp;F u\u017esitarnavo patikimumo, patikimumo ir klient\u0173 pasitenkinimo reputacij\u0105.<\/p>\n<h3><strong>I\u0161vados: Kod\u0117l verta rinktis aliuminio formos kaklarai\u0161\u010dius i\u0161 Qingdao H&amp;F?<\/strong><\/h3>\n<p>Norint u\u017etikrinti statybos projekt\u0173 s\u0117km\u0119, labai svarbu pasirinkti tinkamus klojini\u0173 ry\u0161ius, o aliuminio klojini\u0173 ry\u0161iai pasi\u017eymi tvirtumu, ilgaam\u017ei\u0161kumu ir ekonomi\u0161kumu, kuriems prilygsta nedaugelis kit\u0173 med\u017eiag\u0173. \"Qingdao H&amp;F\" teikiame auk\u0161\u010diausio lygio aliuminio klojini\u0173 segtuvus, atitinkan\u010dius \u0161iuolaikin\u0117s statybos poreikius ir u\u017etikrinan\u010dius, kad j\u016bs\u0173 projektai b\u016bt\u0173 sukurti ilgam. Skirdami daug d\u0117mesio kokybei, konkurencingoms kainoms ir neprilygstamam klient\u0173 aptarnavimui, mes esame patikimas partneris, padedantis siekti statyb\u0173 meistri\u0161kumo. Nesvarbu, ar dirbate su nedideliu projektu, ar su dideliu infrastrukt\u016bros projektu, m\u016bs\u0173 aliuminio klojini\u0173 ry\u0161iai pad\u0117s pasiekti optimali\u0173 rezultat\u0173 kiekvien\u0105 kart\u0105.<\/p>","protected":false},"excerpt":{"rendered":"<p><strong>Pasiekti tikslius betonini\u0173 sien\u0173 matmenis ir u\u017etikrinti strukt\u016brin\u012f vientisum\u0105<\/strong> su aliuminio form\u0173 sieniniais rai\u0161\u010diais - svarbiu aliuminio formavimo sistem\u0173 komponentu. \u0160ie rai\u0161\u010diai veikia kartu su aliuminio klojini\u0173 kai\u0161\u010diais ir aliuminio klojini\u0173 plei\u0161tais, kad b\u016bt\u0173 sukurta tvirta ir veiksminga sien\u0173 klojini\u0173 sistema. <strong>Sien\u0173 storio dyd\u017eiai<\/strong> kad b\u016bt\u0173 galima pritaikyti \u012fvairias betonini\u0173 sien\u0173 konstrukcijas. \u012eprasti dyd\u017eiai <strong>6\" - 24\"<\/strong>, tod\u0117l galite lengvai statyti \u012fvairaus storio sienas.<\/p>","protected":false},"featured_media":7168,"comment_status":"open","ping_status":"closed","template":"","meta":{"site-sidebar-layout":"default","site-content-layout":"","ast-site-content-layout":"default","site-content-style":"default","site-sidebar-style":"default","ast-global-header-display":"","ast-banner-title-visibility":"","ast-main-header-display":"","ast-hfb-above-header-display":"","ast-hfb-below-header-display":"","ast-hfb-mobile-header-display":"","site-post-title":"","ast-breadcrumbs-content":"","ast-featured-img":"","footer-sml-layout":"","theme-transparent-header-meta":"default","adv-header-id-meta":"","stick-header-meta":"default","header-above-stick-meta":"","header-main-stick-meta":"","header-below-stick-meta":"","astra-migrate-meta-layouts":"set","ast-page-background-enabled":"default","ast-page-background-meta":{"desktop":{"background-color":"","background-image":"","background-repeat":"repeat","background-position":"center center","background-size":"auto","background-attachment":"scroll","background-type":"","background-media":"","overlay-type":"","overlay-color":"","overlay-opacity":"","overlay-gradient":""},"tablet":{"background-color":"","background-image":"","background-repeat":"repeat","background-position":"center center","background-size":"auto","background-attachment":"scroll","background-type":"","background-media":"","overlay-type":"","overlay-color":"","overlay-opacity":"","overlay-gradient":""},"mobile":{"background-color":"","background-image":"","background-repeat":"repeat","background-position":"center center","background-size":"auto","background-attachment":"scroll","background-type":"","background-media":"","overlay-type":"","overlay-color":"","overlay-opacity":"","overlay-gradient":""}},"ast-content-background-meta":{"desktop":{"background-color":"var(--ast-global-color-5)","background-image":"","background-repeat":"repeat","background-position":"center center","background-size":"auto","background-attachment":"scroll","background-type":"","background-media":"","overlay-type":"","overlay-color":"","overlay-opacity":"","overlay-gradient":""},"tablet":{"background-color":"var(--ast-global-color-5)","background-image":"","background-repeat":"repeat","background-position":"center center","background-size":"auto","background-attachment":"scroll","background-type":"","background-media":"","overlay-type":"","overlay-color":"","overlay-opacity":"","overlay-gradient":""},"mobile":{"background-color":"var(--ast-global-color-5)","background-image":"","background-repeat":"repeat","background-position":"center center","background-size":"auto","background-attachment":"scroll","background-type":"","background-media":"","overlay-type":"","overlay-color":"","overlay-opacity":"","overlay-gradient":""}}},"product_brand":[],"product_cat":[65],"product_tag":[],"class_list":{"0":"post-7163","1":"product","2":"type-product","3":"status-publish","4":"has-post-thumbnail","6":"product_cat-aluminum-form-tie","7":"desktop-align-left","8":"tablet-align-left","9":"mobile-align-left","10":"ast-product-gallery-layout-horizontal-slider","11":"ast-product-tabs-layout-horizontal","13":"first","14":"instock","15":"shipping-taxable","16":"purchasable","17":"product-type-simple"},"yoast_head":"<!-- This site is optimized with the Yoast SEO plugin v25.2 - https:\/\/yoast.com\/wordpress\/plugins\/seo\/ -->\n<title>Aluminum Form Wall Ties<\/title>\n<meta name=\"description\" content=\"Aluminum Form Wall Ties are available in a range of Wall Thickness Sizes to accommodate various concrete wall designs. Common sizes include 6\u201d - 24\u201d.\" \/>\n<meta name=\"robots\" content=\"index, follow, max-snippet:-1, max-image-preview:large, max-video-preview:-1\" \/>\n<link rel=\"canonical\" href=\"https:\/\/qingdaohf.com\/lt\/produktas\/aliuminio-formos-sienu-rysiai\/\" \/>\n<meta property=\"og:locale\" content=\"lt_LT\" \/>\n<meta property=\"og:type\" content=\"article\" \/>\n<meta property=\"og:title\" content=\"Aluminum Form Wall Ties\" \/>\n<meta property=\"og:description\" content=\"Aluminum Form Wall Ties are available in a range of Wall Thickness Sizes to accommodate various concrete wall designs. Common sizes include 6\u201d - 24\u201d.\" \/>\n<meta property=\"og:url\" content=\"https:\/\/qingdaohf.com\/lt\/produktas\/aliuminio-formos-sienu-rysiai\/\" \/>\n<meta property=\"og:site_name\" content=\"Concrete Form &amp; Rigging Hardware Supplier\" \/>\n<meta property=\"article:publisher\" content=\"https:\/\/www.facebook.com\/qingdaohf\" \/>\n<meta property=\"article:modified_time\" content=\"2025-11-13T01:03:16+00:00\" \/>\n<meta property=\"og:image\" content=\"https:\/\/qingdaohf.com\/wp-content\/uploads\/2024\/05\/Aluminum-Form-Wall-Ties-1.jpg\" \/>\n\t<meta property=\"og:image:width\" content=\"1000\" \/>\n\t<meta property=\"og:image:height\" content=\"1000\" \/>\n\t<meta property=\"og:image:type\" content=\"image\/jpeg\" \/>\n<meta name=\"twitter:card\" content=\"summary_large_image\" \/>\n<meta name=\"twitter:label1\" content=\"Est. reading time\" \/>\n\t<meta name=\"twitter:data1\" content=\"4 minut\u0117s\" \/>\n<script type=\"application\/ld+json\" class=\"yoast-schema-graph\">{\"@context\":\"https:\/\/schema.org\",\"@graph\":[{\"@type\":\"WebPage\",\"@id\":\"https:\/\/qingdaohf.com\/product\/aluminum-form-wall-ties\/\",\"url\":\"https:\/\/qingdaohf.com\/product\/aluminum-form-wall-ties\/\",\"name\":\"Aluminum Form Wall Ties\",\"isPartOf\":{\"@id\":\"https:\/\/qingdaohf.com\/bg\/#website\"},\"primaryImageOfPage\":{\"@id\":\"https:\/\/qingdaohf.com\/product\/aluminum-form-wall-ties\/#primaryimage\"},\"image\":{\"@id\":\"https:\/\/qingdaohf.com\/product\/aluminum-form-wall-ties\/#primaryimage\"},\"thumbnailUrl\":\"https:\/\/qingdaohf.com\/wp-content\/uploads\/2024\/05\/Aluminum-Form-Wall-Ties-1.jpg\",\"datePublished\":\"2024-05-20T05:42:36+00:00\",\"dateModified\":\"2025-11-13T01:03:16+00:00\",\"description\":\"Aluminum Form Wall Ties are available in a range of Wall Thickness Sizes to accommodate various concrete wall designs. Common sizes include 6\u201d - 24\u201d.\",\"breadcrumb\":{\"@id\":\"https:\/\/qingdaohf.com\/product\/aluminum-form-wall-ties\/#breadcrumb\"},\"inLanguage\":\"lt-LT\",\"potentialAction\":[{\"@type\":\"ReadAction\",\"target\":[\"https:\/\/qingdaohf.com\/product\/aluminum-form-wall-ties\/\"]}]},{\"@type\":\"ImageObject\",\"inLanguage\":\"lt-LT\",\"@id\":\"https:\/\/qingdaohf.com\/product\/aluminum-form-wall-ties\/#primaryimage\",\"url\":\"https:\/\/qingdaohf.com\/wp-content\/uploads\/2024\/05\/Aluminum-Form-Wall-Ties-1.jpg\",\"contentUrl\":\"https:\/\/qingdaohf.com\/wp-content\/uploads\/2024\/05\/Aluminum-Form-Wall-Ties-1.jpg\",\"width\":1000,\"height\":1000,\"caption\":\"Aluminum Form Wall Ties\"},{\"@type\":\"BreadcrumbList\",\"@id\":\"https:\/\/qingdaohf.com\/product\/aluminum-form-wall-ties\/#breadcrumb\",\"itemListElement\":[{\"@type\":\"ListItem\",\"position\":1,\"name\":\"Home\",\"item\":\"https:\/\/qingdaohf.com\/\"},{\"@type\":\"ListItem\",\"position\":2,\"name\":\"Concrete Forming Accessories and Rigging Hardware\",\"item\":\"https:\/\/qingdaohf.com\/bg\/?page_id=944\"},{\"@type\":\"ListItem\",\"position\":3,\"name\":\"Aluminum Form Wall Ties\"}]},{\"@type\":\"WebSite\",\"@id\":\"https:\/\/qingdaohf.com\/bg\/#website\",\"url\":\"https:\/\/qingdaohf.com\/bg\/\",\"name\":\"Concrete Form & Rigging Hardware Supplier\",\"description\":\"\",\"publisher\":{\"@id\":\"https:\/\/qingdaohf.com\/bg\/#organization\"},\"potentialAction\":[{\"@type\":\"SearchAction\",\"target\":{\"@type\":\"EntryPoint\",\"urlTemplate\":\"https:\/\/qingdaohf.com\/bg\/?s={search_term_string}\"},\"query-input\":{\"@type\":\"PropertyValueSpecification\",\"valueRequired\":true,\"valueName\":\"search_term_string\"}}],\"inLanguage\":\"lt-LT\"},{\"@type\":\"Organization\",\"@id\":\"https:\/\/qingdaohf.com\/bg\/#organization\",\"name\":\"Qingdao H&F\",\"url\":\"https:\/\/qingdaohf.com\/bg\/\",\"logo\":{\"@type\":\"ImageObject\",\"inLanguage\":\"lt-LT\",\"@id\":\"https:\/\/qingdaohf.com\/bg\/#\/schema\/logo\/image\/\",\"url\":\"https:\/\/qingdaohf.com\/wp-content\/uploads\/2022\/12\/cropped-HF-LOGO.png\",\"contentUrl\":\"https:\/\/qingdaohf.com\/wp-content\/uploads\/2022\/12\/cropped-HF-LOGO.png\",\"width\":391,\"height\":249,\"caption\":\"Qingdao H&F\"},\"image\":{\"@id\":\"https:\/\/qingdaohf.com\/bg\/#\/schema\/logo\/image\/\"},\"sameAs\":[\"https:\/\/www.facebook.com\/qingdaohf\"]}]}<\/script>\n<!-- \/ Yoast SEO plugin. -->","yoast_head_json":{"title":"Aluminum Form Wall Ties","description":"Aluminum Form Wall Ties are available in a range of Wall Thickness Sizes to accommodate various concrete wall designs. Common sizes include 6\u201d - 24\u201d.","robots":{"index":"index","follow":"follow","max-snippet":"max-snippet:-1","max-image-preview":"max-image-preview:large","max-video-preview":"max-video-preview:-1"},"canonical":"https:\/\/qingdaohf.com\/lt\/produktas\/aliuminio-formos-sienu-rysiai\/","og_locale":"lt_LT","og_type":"article","og_title":"Aluminum Form Wall Ties","og_description":"Aluminum Form Wall Ties are available in a range of Wall Thickness Sizes to accommodate various concrete wall designs. Common sizes include 6\u201d - 24\u201d.","og_url":"https:\/\/qingdaohf.com\/lt\/produktas\/aliuminio-formos-sienu-rysiai\/","og_site_name":"Concrete Form &amp; Rigging Hardware Supplier","article_publisher":"https:\/\/www.facebook.com\/qingdaohf","article_modified_time":"2025-11-13T01:03:16+00:00","og_image":[{"width":1000,"height":1000,"url":"https:\/\/qingdaohf.com\/wp-content\/uploads\/2024\/05\/Aluminum-Form-Wall-Ties-1.jpg","type":"image\/jpeg"}],"twitter_card":"summary_large_image","twitter_misc":{"Est. reading time":"4 minut\u0117s"},"schema":{"@context":"https:\/\/schema.org","@graph":[{"@type":"WebPage","@id":"https:\/\/qingdaohf.com\/product\/aluminum-form-wall-ties\/","url":"https:\/\/qingdaohf.com\/product\/aluminum-form-wall-ties\/","name":"Aluminum Form Wall Ties","isPartOf":{"@id":"https:\/\/qingdaohf.com\/bg\/#website"},"primaryImageOfPage":{"@id":"https:\/\/qingdaohf.com\/product\/aluminum-form-wall-ties\/#primaryimage"},"image":{"@id":"https:\/\/qingdaohf.com\/product\/aluminum-form-wall-ties\/#primaryimage"},"thumbnailUrl":"https:\/\/qingdaohf.com\/wp-content\/uploads\/2024\/05\/Aluminum-Form-Wall-Ties-1.jpg","datePublished":"2024-05-20T05:42:36+00:00","dateModified":"2025-11-13T01:03:16+00:00","description":"Aluminum Form Wall Ties are available in a range of Wall Thickness Sizes to accommodate various concrete wall designs. Common sizes include 6\u201d - 24\u201d.","breadcrumb":{"@id":"https:\/\/qingdaohf.com\/product\/aluminum-form-wall-ties\/#breadcrumb"},"inLanguage":"lt-LT","potentialAction":[{"@type":"ReadAction","target":["https:\/\/qingdaohf.com\/product\/aluminum-form-wall-ties\/"]}]},{"@type":"ImageObject","inLanguage":"lt-LT","@id":"https:\/\/qingdaohf.com\/product\/aluminum-form-wall-ties\/#primaryimage","url":"https:\/\/qingdaohf.com\/wp-content\/uploads\/2024\/05\/Aluminum-Form-Wall-Ties-1.jpg","contentUrl":"https:\/\/qingdaohf.com\/wp-content\/uploads\/2024\/05\/Aluminum-Form-Wall-Ties-1.jpg","width":1000,"height":1000,"caption":"Aluminum Form Wall Ties"},{"@type":"BreadcrumbList","@id":"https:\/\/qingdaohf.com\/product\/aluminum-form-wall-ties\/#breadcrumb","itemListElement":[{"@type":"ListItem","position":1,"name":"Home","item":"https:\/\/qingdaohf.com\/"},{"@type":"ListItem","position":2,"name":"Concrete Forming Accessories and Rigging Hardware","item":"https:\/\/qingdaohf.com\/bg\/?page_id=944"},{"@type":"ListItem","position":3,"name":"Aluminum Form Wall Ties"}]},{"@type":"WebSite","@id":"https:\/\/qingdaohf.com\/bg\/#website","url":"https:\/\/qingdaohf.com\/bg\/","name":"Concrete Form & Rigging Hardware Supplier","description":"","publisher":{"@id":"https:\/\/qingdaohf.com\/bg\/#organization"},"potentialAction":[{"@type":"SearchAction","target":{"@type":"EntryPoint","urlTemplate":"https:\/\/qingdaohf.com\/bg\/?s={search_term_string}"},"query-input":{"@type":"PropertyValueSpecification","valueRequired":true,"valueName":"search_term_string"}}],"inLanguage":"lt-LT"},{"@type":"Organization","@id":"https:\/\/qingdaohf.com\/bg\/#organization","name":"Qingdao H&F","url":"https:\/\/qingdaohf.com\/bg\/","logo":{"@type":"ImageObject","inLanguage":"lt-LT","@id":"https:\/\/qingdaohf.com\/bg\/#\/schema\/logo\/image\/","url":"https:\/\/qingdaohf.com\/wp-content\/uploads\/2022\/12\/cropped-HF-LOGO.png","contentUrl":"https:\/\/qingdaohf.com\/wp-content\/uploads\/2022\/12\/cropped-HF-LOGO.png","width":391,"height":249,"caption":"Qingdao H&F"},"image":{"@id":"https:\/\/qingdaohf.com\/bg\/#\/schema\/logo\/image\/"},"sameAs":["https:\/\/www.facebook.com\/qingdaohf"]}]}},"_links":{"self":[{"href":"https:\/\/qingdaohf.com\/lt\/wp-json\/wp\/v2\/product\/7163","targetHints":{"allow":["GET"]}}],"collection":[{"href":"https:\/\/qingdaohf.com\/lt\/wp-json\/wp\/v2\/product"}],"about":[{"href":"https:\/\/qingdaohf.com\/lt\/wp-json\/wp\/v2\/types\/product"}],"replies":[{"embeddable":true,"href":"https:\/\/qingdaohf.com\/lt\/wp-json\/wp\/v2\/comments?post=7163"}],"version-history":[{"count":3,"href":"https:\/\/qingdaohf.com\/lt\/wp-json\/wp\/v2\/product\/7163\/revisions"}],"predecessor-version":[{"id":8094,"href":"https:\/\/qingdaohf.com\/lt\/wp-json\/wp\/v2\/product\/7163\/revisions\/8094"}],"wp:featuredmedia":[{"embeddable":true,"href":"https:\/\/qingdaohf.com\/lt\/wp-json\/wp\/v2\/media\/7168"}],"wp:attachment":[{"href":"https:\/\/qingdaohf.com\/lt\/wp-json\/wp\/v2\/media?parent=7163"}],"wp:term":[{"taxonomy":"product_brand","embeddable":true,"href":"https:\/\/qingdaohf.com\/lt\/wp-json\/wp\/v2\/product_brand?post=7163"},{"taxonomy":"product_cat","embeddable":true,"href":"https:\/\/qingdaohf.com\/lt\/wp-json\/wp\/v2\/product_cat?post=7163"},{"taxonomy":"product_tag","embeddable":true,"href":"https:\/\/qingdaohf.com\/lt\/wp-json\/wp\/v2\/product_tag?post=7163"}],"curies":[{"name":"wp","href":"https:\/\/api.w.org\/{rel}","templated":true}]}}