{"id":7198,"date":"2024-05-21T14:50:13","date_gmt":"2024-05-21T06:50:13","guid":{"rendered":"http:\/\/qingdaohf.com\/?post_type=product&#038;p=7198"},"modified":"2025-11-13T09:03:16","modified_gmt":"2025-11-13T01:03:16","slug":"double-waler-bracket","status":"publish","type":"product","link":"https:\/\/qingdaohf.com\/lt\/produktas\/dvigubas-waler-laikiklis\/","title":{"rendered":"Dvigubas \"Waler\" laikiklis"},"content":{"rendered":"<p>Pristatome \"H&amp;F\" dvigub\u0105 \"Waler\" kron\u0161tein\u0105, kuris yra j\u016bs\u0173 sprendimas, skirtas didelio tvirtumo ir patikimumo betono klojiniams. Sukurtas taip, kad u\u017etikrint\u0173 i\u0161skirtin\u0119 atram\u0105 ir stabilum\u0105, m\u016bs\u0173 dvigubas Waler kron\u0161teinas yra esminis komponentas bet kokiame statybos projekte, kuriam reikalingos gel\u017ebetonio konstrukcijos. Pagamintas naudojant auk\u0161\u010diausios kokyb\u0117s med\u017eiagas, \u0161is kron\u0161teinas u\u017etikrina patvarum\u0105 ir ilgalaik\u012f veikim\u0105, tod\u0117l yra vertingas j\u016bs\u0173 statybini\u0173 \u012franki\u0173 rinkinio priedas.<\/p>\n<p>M\u016bs\u0173 dvigubas Waler kron\u0161teinas yra meistri\u0161kai suprojektuotas taip, kad skland\u017eiai veikt\u0173 kartu su fiksatoriais ir u\u017etikrint\u0173 tvirt\u0105 bei saugi\u0105 jungt\u012f, kuri padidina bendr\u0105 klojini\u0173 sistemos stabilum\u0105. Nesvarbu, ar dirbate su komerciniais, gyvenam\u0173j\u0173 nam\u0173, ar pramoniniais statybos projektais, m\u016bs\u0173 kron\u0161teinas sukurtas taip, kad atitikt\u0173 auk\u0161\u010diausius saugos ir efektyvumo standartus.<\/p>\n<p><strong>Pagrindin\u0117s savyb\u0117s:<\/strong><\/p>\n<ul>\n<li><strong>Didelio atsparumo med\u017eiaga:<\/strong> Pagamintas i\u0161 auk\u0161tos kokyb\u0117s plieno, kad b\u016bt\u0173 maksimaliai patvarus ir atlaikyt\u0173 apkrov\u0105.<\/li>\n<li><strong>Korozijai atspari danga:<\/strong> Turi apsaugin\u0119 dang\u0105, kad b\u016bt\u0173 atsparus at\u0161iaurioms aplinkos s\u0105lygoms.<\/li>\n<li><strong>Lengvas montavimas:<\/strong> Patogus naudotojui dizainas leid\u017eia greitai ir be r\u016bpes\u010di\u0173 atlikti nustatymus, tod\u0117l sutaupysite laiko ir darbo s\u0105naud\u0173.<\/li>\n<li><strong>Universalus pritaikymas:<\/strong> Tinka \u012fvairiems betono klojiniams, \u012fskaitant sienas, pamatus ir kolonas.<\/li>\n<li><strong>Patobulintas stabilumas:<\/strong> Naudojant su fiksatoriais, u\u017etikrinama puiki atrama, kad klojiniai tvirtai laikyt\u0173si savo vietoje.<\/li>\n<\/ul>\n<h3>Apie gamin\u012f ir programas<\/h3>\n<p><strong>Kas yra dvigubas \"Waler\" laikiklis?<\/strong> Dvigubas Waler kron\u0161teinas yra labai svarbi betono klojini\u0173 sistemos sudedamoji dalis. Jis naudojamas klojiniams sutvirtinti ir stabilizuoti, u\u017etikrinant, kad jie atlaikyt\u0173 dr\u0117gno betono spaudim\u0105. \u0160is kron\u0161teinas skirtas dviem valeroms (horizontalioms atramoms) prilaikyti, kad klojini\u0173 konstrukcija b\u016bt\u0173 papildomai tvirta ir standi.<\/p>\n<p><strong>Parai\u0161kos:<\/strong><\/p>\n<ul>\n<li><strong>Sien\u0173 klojiniai:<\/strong> Idealiai tinka tvirtoms ir stabilioms sien\u0173 formoms kurti.<\/li>\n<li><strong>Pamat\u0173 klojiniai:<\/strong> U\u017etikrina pamat\u0173 konstrukcij\u0173 vientisum\u0105 ir ilgaam\u017ei\u0161kum\u0105.<\/li>\n<li><strong>Kolon\u0173 klojiniai:<\/strong> Suteikia patikim\u0105 atram\u0105 kolon\u0173 klojini\u0173 sistemoms.<\/li>\n<\/ul>\n<p><strong>Dvigubo \"Waler\" laikiklio su \"Snap Ties\" jungtimis naudojimas:<\/strong> Sujungimo rai\u0161\u010diai yra labai svarb\u016bs, kad b\u016bt\u0173 i\u0161laikytas atstumas tarp klojini\u0173 plok\u0161\u010di\u0173 ir jos nei\u0161sip\u016bst\u0173 d\u0117l betono spaudimo. Naudojant kartu su dvigubais Waler laikikliais, u\u017espaud\u017eiami ry\u0161iai u\u017etikrina saugi\u0105 ir stabili\u0105 klojini\u0173 sistem\u0105. Sujungiamieji rai\u0161\u010diai \u012fki\u0161ami per klojinius ir pritvirtinami prie dvigubo laikiklio, kuris padeda paskirstyti apkrov\u0105 ir i\u0161laikyti klojini\u0173 plok\u0161tes i\u0161lygintas ir stabilias betonavimo metu.<\/p>\n<h3>Kod\u0117l verta rinktis \"H&amp;F\"?<\/h3>\n<p>\"H&amp;F\" siekia tiekti auk\u0161tos kokyb\u0117s statybos produktus, atitinkan\u010dius klient\u0173 poreikius. M\u016bs\u0173 dvigubas Waler kron\u0161teinas gaminamas pagal auk\u0161\u010diausius standartus, u\u017etikrinant patikimum\u0105 ir na\u0161um\u0105 kiekvienoje darbo vietoje. Si\u016blome konkurencingas kainas, i\u0161skirtin\u012f klient\u0173 aptarnavim\u0105 ir greit\u0105 pristatym\u0105, kad b\u016bt\u0173 laikomasi projekto termin\u0173.<\/p>","protected":false},"excerpt":{"rendered":"<p>Pagerinkite savo betono klojinius naudodami dvigub\u0105 \"Waler\" laikikl\u012f. \u0160is kron\u0161teinas sukurtas taip, kad b\u016bt\u0173 labai tvirtas ir lengvai montuojamas, tod\u0117l u\u017etikrina saugi\u0105 ir stabili\u0105 atram\u0105 j\u016bs\u0173 statybos projektams. Puikiai tinka naudoti su u\u017espaud\u017eiamaisiais ry\u0161iais, tod\u0117l pasi\u017eymi ypatingu patvarumu ir na\u0161umu.<\/p>","protected":false},"featured_media":7227,"comment_status":"open","ping_status":"closed","template":"","meta":{"site-sidebar-layout":"default","site-content-layout":"","ast-site-content-layout":"default","site-content-style":"default","site-sidebar-style":"default","ast-global-header-display":"","ast-banner-title-visibility":"","ast-main-header-display":"","ast-hfb-above-header-display":"","ast-hfb-below-header-display":"","ast-hfb-mobile-header-display":"","site-post-title":"","ast-breadcrumbs-content":"","ast-featured-img":"","footer-sml-layout":"","theme-transparent-header-meta":"default","adv-header-id-meta":"","stick-header-meta":"default","header-above-stick-meta":"","header-main-stick-meta":"","header-below-stick-meta":"","astra-migrate-meta-layouts":"set","ast-page-background-enabled":"default","ast-page-background-meta":{"desktop":{"background-color":"","background-image":"","background-repeat":"repeat","background-position":"center center","background-size":"auto","background-attachment":"scroll","background-type":"","background-media":"","overlay-type":"","overlay-color":"","overlay-opacity":"","overlay-gradient":""},"tablet":{"background-color":"","background-image":"","background-repeat":"repeat","background-position":"center center","background-size":"auto","background-attachment":"scroll","background-type":"","background-media":"","overlay-type":"","overlay-color":"","overlay-opacity":"","overlay-gradient":""},"mobile":{"background-color":"","background-image":"","background-repeat":"repeat","background-position":"center center","background-size":"auto","background-attachment":"scroll","background-type":"","background-media":"","overlay-type":"","overlay-color":"","overlay-opacity":"","overlay-gradient":""}},"ast-content-background-meta":{"desktop":{"background-color":"var(--ast-global-color-5)","background-image":"","background-repeat":"repeat","background-position":"center center","background-size":"auto","background-attachment":"scroll","background-type":"","background-media":"","overlay-type":"","overlay-color":"","overlay-opacity":"","overlay-gradient":""},"tablet":{"background-color":"var(--ast-global-color-5)","background-image":"","background-repeat":"repeat","background-position":"center center","background-size":"auto","background-attachment":"scroll","background-type":"","background-media":"","overlay-type":"","overlay-color":"","overlay-opacity":"","overlay-gradient":""},"mobile":{"background-color":"var(--ast-global-color-5)","background-image":"","background-repeat":"repeat","background-position":"center center","background-size":"auto","background-attachment":"scroll","background-type":"","background-media":"","overlay-type":"","overlay-color":"","overlay-opacity":"","overlay-gradient":""}}},"product_brand":[],"product_cat":[28],"product_tag":[],"class_list":{"0":"post-7198","1":"product","2":"type-product","3":"status-publish","4":"has-post-thumbnail","6":"product_cat-concrete-forming","7":"desktop-align-left","8":"tablet-align-left","9":"mobile-align-left","10":"ast-product-gallery-layout-horizontal-slider","11":"ast-product-tabs-layout-horizontal","13":"first","14":"instock","15":"shipping-taxable","16":"purchasable","17":"product-type-simple"},"yoast_head":"<!-- This site is optimized with the Yoast SEO plugin v25.2 - https:\/\/yoast.com\/wordpress\/plugins\/seo\/ -->\n<title>Double Waler Bracket<\/title>\n<meta name=\"description\" content=\"Enhance your concrete formwork with Double Waler Bracket. Designed for high strength and easy installation, this bracket ensures secure and stable support for your construction projects.\" \/>\n<meta name=\"robots\" content=\"index, follow, max-snippet:-1, max-image-preview:large, max-video-preview:-1\" \/>\n<link rel=\"canonical\" href=\"https:\/\/qingdaohf.com\/lt\/produktas\/dvigubas-waler-laikiklis\/\" \/>\n<meta property=\"og:locale\" content=\"lt_LT\" \/>\n<meta property=\"og:type\" content=\"article\" \/>\n<meta property=\"og:title\" content=\"Double Waler Bracket\" \/>\n<meta property=\"og:description\" content=\"Enhance your concrete formwork with Double Waler Bracket. Designed for high strength and easy installation, this bracket ensures secure and stable support for your construction projects.\" \/>\n<meta property=\"og:url\" content=\"https:\/\/qingdaohf.com\/lt\/produktas\/dvigubas-waler-laikiklis\/\" \/>\n<meta property=\"og:site_name\" content=\"Concrete Form &amp; Rigging Hardware Supplier\" \/>\n<meta property=\"article:publisher\" content=\"https:\/\/www.facebook.com\/qingdaohf\" \/>\n<meta property=\"article:modified_time\" content=\"2025-11-13T01:03:16+00:00\" \/>\n<meta property=\"og:image\" content=\"https:\/\/qingdaohf.com\/wp-content\/uploads\/2024\/05\/Double-Waler-Bracket.jpe\" \/>\n\t<meta property=\"og:image:width\" content=\"800\" \/>\n\t<meta property=\"og:image:height\" content=\"800\" \/>\n\t<meta property=\"og:image:type\" content=\"image\/jpeg\" \/>\n<meta name=\"twitter:card\" content=\"summary_large_image\" \/>\n<meta name=\"twitter:label1\" content=\"Est. reading time\" \/>\n\t<meta name=\"twitter:data1\" content=\"3 minut\u0117s\" \/>\n<script type=\"application\/ld+json\" class=\"yoast-schema-graph\">{\"@context\":\"https:\/\/schema.org\",\"@graph\":[{\"@type\":\"WebPage\",\"@id\":\"https:\/\/qingdaohf.com\/product\/double-waler-bracket\/\",\"url\":\"https:\/\/qingdaohf.com\/product\/double-waler-bracket\/\",\"name\":\"Double Waler Bracket\",\"isPartOf\":{\"@id\":\"https:\/\/qingdaohf.com\/bg\/#website\"},\"primaryImageOfPage\":{\"@id\":\"https:\/\/qingdaohf.com\/product\/double-waler-bracket\/#primaryimage\"},\"image\":{\"@id\":\"https:\/\/qingdaohf.com\/product\/double-waler-bracket\/#primaryimage\"},\"thumbnailUrl\":\"https:\/\/qingdaohf.com\/wp-content\/uploads\/2024\/05\/Double-Waler-Bracket.jpe\",\"datePublished\":\"2024-05-21T06:50:13+00:00\",\"dateModified\":\"2025-11-13T01:03:16+00:00\",\"description\":\"Enhance your concrete formwork with Double Waler Bracket. Designed for high strength and easy installation, this bracket ensures secure and stable support for your construction projects.\",\"breadcrumb\":{\"@id\":\"https:\/\/qingdaohf.com\/product\/double-waler-bracket\/#breadcrumb\"},\"inLanguage\":\"lt-LT\",\"potentialAction\":[{\"@type\":\"ReadAction\",\"target\":[\"https:\/\/qingdaohf.com\/product\/double-waler-bracket\/\"]}]},{\"@type\":\"ImageObject\",\"inLanguage\":\"lt-LT\",\"@id\":\"https:\/\/qingdaohf.com\/product\/double-waler-bracket\/#primaryimage\",\"url\":\"https:\/\/qingdaohf.com\/wp-content\/uploads\/2024\/05\/Double-Waler-Bracket.jpe\",\"contentUrl\":\"https:\/\/qingdaohf.com\/wp-content\/uploads\/2024\/05\/Double-Waler-Bracket.jpe\",\"width\":800,\"height\":800,\"caption\":\"Double Waler Bracket\"},{\"@type\":\"BreadcrumbList\",\"@id\":\"https:\/\/qingdaohf.com\/product\/double-waler-bracket\/#breadcrumb\",\"itemListElement\":[{\"@type\":\"ListItem\",\"position\":1,\"name\":\"Home\",\"item\":\"https:\/\/qingdaohf.com\/\"},{\"@type\":\"ListItem\",\"position\":2,\"name\":\"Concrete Forming Accessories and Rigging Hardware\",\"item\":\"https:\/\/qingdaohf.com\/bg\/?page_id=944\"},{\"@type\":\"ListItem\",\"position\":3,\"name\":\"Double Waler Bracket\"}]},{\"@type\":\"WebSite\",\"@id\":\"https:\/\/qingdaohf.com\/bg\/#website\",\"url\":\"https:\/\/qingdaohf.com\/bg\/\",\"name\":\"Concrete Form & Rigging Hardware Supplier\",\"description\":\"\",\"publisher\":{\"@id\":\"https:\/\/qingdaohf.com\/bg\/#organization\"},\"potentialAction\":[{\"@type\":\"SearchAction\",\"target\":{\"@type\":\"EntryPoint\",\"urlTemplate\":\"https:\/\/qingdaohf.com\/bg\/?s={search_term_string}\"},\"query-input\":{\"@type\":\"PropertyValueSpecification\",\"valueRequired\":true,\"valueName\":\"search_term_string\"}}],\"inLanguage\":\"lt-LT\"},{\"@type\":\"Organization\",\"@id\":\"https:\/\/qingdaohf.com\/bg\/#organization\",\"name\":\"Qingdao H&F\",\"url\":\"https:\/\/qingdaohf.com\/bg\/\",\"logo\":{\"@type\":\"ImageObject\",\"inLanguage\":\"lt-LT\",\"@id\":\"https:\/\/qingdaohf.com\/bg\/#\/schema\/logo\/image\/\",\"url\":\"https:\/\/qingdaohf.com\/wp-content\/uploads\/2022\/12\/cropped-HF-LOGO.png\",\"contentUrl\":\"https:\/\/qingdaohf.com\/wp-content\/uploads\/2022\/12\/cropped-HF-LOGO.png\",\"width\":391,\"height\":249,\"caption\":\"Qingdao H&F\"},\"image\":{\"@id\":\"https:\/\/qingdaohf.com\/bg\/#\/schema\/logo\/image\/\"},\"sameAs\":[\"https:\/\/www.facebook.com\/qingdaohf\"]}]}<\/script>\n<!-- \/ Yoast SEO plugin. -->","yoast_head_json":{"title":"Double Waler Bracket","description":"Enhance your concrete formwork with Double Waler Bracket. Designed for high strength and easy installation, this bracket ensures secure and stable support for your construction projects.","robots":{"index":"index","follow":"follow","max-snippet":"max-snippet:-1","max-image-preview":"max-image-preview:large","max-video-preview":"max-video-preview:-1"},"canonical":"https:\/\/qingdaohf.com\/lt\/produktas\/dvigubas-waler-laikiklis\/","og_locale":"lt_LT","og_type":"article","og_title":"Double Waler Bracket","og_description":"Enhance your concrete formwork with Double Waler Bracket. Designed for high strength and easy installation, this bracket ensures secure and stable support for your construction projects.","og_url":"https:\/\/qingdaohf.com\/lt\/produktas\/dvigubas-waler-laikiklis\/","og_site_name":"Concrete Form &amp; Rigging Hardware Supplier","article_publisher":"https:\/\/www.facebook.com\/qingdaohf","article_modified_time":"2025-11-13T01:03:16+00:00","og_image":[{"width":800,"height":800,"url":"https:\/\/qingdaohf.com\/wp-content\/uploads\/2024\/05\/Double-Waler-Bracket.jpe","type":"image\/jpeg"}],"twitter_card":"summary_large_image","twitter_misc":{"Est. reading time":"3 minut\u0117s"},"schema":{"@context":"https:\/\/schema.org","@graph":[{"@type":"WebPage","@id":"https:\/\/qingdaohf.com\/product\/double-waler-bracket\/","url":"https:\/\/qingdaohf.com\/product\/double-waler-bracket\/","name":"Double Waler Bracket","isPartOf":{"@id":"https:\/\/qingdaohf.com\/bg\/#website"},"primaryImageOfPage":{"@id":"https:\/\/qingdaohf.com\/product\/double-waler-bracket\/#primaryimage"},"image":{"@id":"https:\/\/qingdaohf.com\/product\/double-waler-bracket\/#primaryimage"},"thumbnailUrl":"https:\/\/qingdaohf.com\/wp-content\/uploads\/2024\/05\/Double-Waler-Bracket.jpe","datePublished":"2024-05-21T06:50:13+00:00","dateModified":"2025-11-13T01:03:16+00:00","description":"Enhance your concrete formwork with Double Waler Bracket. Designed for high strength and easy installation, this bracket ensures secure and stable support for your construction projects.","breadcrumb":{"@id":"https:\/\/qingdaohf.com\/product\/double-waler-bracket\/#breadcrumb"},"inLanguage":"lt-LT","potentialAction":[{"@type":"ReadAction","target":["https:\/\/qingdaohf.com\/product\/double-waler-bracket\/"]}]},{"@type":"ImageObject","inLanguage":"lt-LT","@id":"https:\/\/qingdaohf.com\/product\/double-waler-bracket\/#primaryimage","url":"https:\/\/qingdaohf.com\/wp-content\/uploads\/2024\/05\/Double-Waler-Bracket.jpe","contentUrl":"https:\/\/qingdaohf.com\/wp-content\/uploads\/2024\/05\/Double-Waler-Bracket.jpe","width":800,"height":800,"caption":"Double Waler Bracket"},{"@type":"BreadcrumbList","@id":"https:\/\/qingdaohf.com\/product\/double-waler-bracket\/#breadcrumb","itemListElement":[{"@type":"ListItem","position":1,"name":"Home","item":"https:\/\/qingdaohf.com\/"},{"@type":"ListItem","position":2,"name":"Concrete Forming Accessories and Rigging Hardware","item":"https:\/\/qingdaohf.com\/bg\/?page_id=944"},{"@type":"ListItem","position":3,"name":"Double Waler Bracket"}]},{"@type":"WebSite","@id":"https:\/\/qingdaohf.com\/bg\/#website","url":"https:\/\/qingdaohf.com\/bg\/","name":"Concrete Form & Rigging Hardware Supplier","description":"","publisher":{"@id":"https:\/\/qingdaohf.com\/bg\/#organization"},"potentialAction":[{"@type":"SearchAction","target":{"@type":"EntryPoint","urlTemplate":"https:\/\/qingdaohf.com\/bg\/?s={search_term_string}"},"query-input":{"@type":"PropertyValueSpecification","valueRequired":true,"valueName":"search_term_string"}}],"inLanguage":"lt-LT"},{"@type":"Organization","@id":"https:\/\/qingdaohf.com\/bg\/#organization","name":"Qingdao H&F","url":"https:\/\/qingdaohf.com\/bg\/","logo":{"@type":"ImageObject","inLanguage":"lt-LT","@id":"https:\/\/qingdaohf.com\/bg\/#\/schema\/logo\/image\/","url":"https:\/\/qingdaohf.com\/wp-content\/uploads\/2022\/12\/cropped-HF-LOGO.png","contentUrl":"https:\/\/qingdaohf.com\/wp-content\/uploads\/2022\/12\/cropped-HF-LOGO.png","width":391,"height":249,"caption":"Qingdao H&F"},"image":{"@id":"https:\/\/qingdaohf.com\/bg\/#\/schema\/logo\/image\/"},"sameAs":["https:\/\/www.facebook.com\/qingdaohf"]}]}},"_links":{"self":[{"href":"https:\/\/qingdaohf.com\/lt\/wp-json\/wp\/v2\/product\/7198","targetHints":{"allow":["GET"]}}],"collection":[{"href":"https:\/\/qingdaohf.com\/lt\/wp-json\/wp\/v2\/product"}],"about":[{"href":"https:\/\/qingdaohf.com\/lt\/wp-json\/wp\/v2\/types\/product"}],"replies":[{"embeddable":true,"href":"https:\/\/qingdaohf.com\/lt\/wp-json\/wp\/v2\/comments?post=7198"}],"version-history":[{"count":2,"href":"https:\/\/qingdaohf.com\/lt\/wp-json\/wp\/v2\/product\/7198\/revisions"}],"predecessor-version":[{"id":7233,"href":"https:\/\/qingdaohf.com\/lt\/wp-json\/wp\/v2\/product\/7198\/revisions\/7233"}],"wp:featuredmedia":[{"embeddable":true,"href":"https:\/\/qingdaohf.com\/lt\/wp-json\/wp\/v2\/media\/7227"}],"wp:attachment":[{"href":"https:\/\/qingdaohf.com\/lt\/wp-json\/wp\/v2\/media?parent=7198"}],"wp:term":[{"taxonomy":"product_brand","embeddable":true,"href":"https:\/\/qingdaohf.com\/lt\/wp-json\/wp\/v2\/product_brand?post=7198"},{"taxonomy":"product_cat","embeddable":true,"href":"https:\/\/qingdaohf.com\/lt\/wp-json\/wp\/v2\/product_cat?post=7198"},{"taxonomy":"product_tag","embeddable":true,"href":"https:\/\/qingdaohf.com\/lt\/wp-json\/wp\/v2\/product_tag?post=7198"}],"curies":[{"name":"wp","href":"https:\/\/api.w.org\/{rel}","templated":true}]}}