{"id":7352,"date":"2024-05-27T11:44:05","date_gmt":"2024-05-27T03:44:05","guid":{"rendered":"http:\/\/qingdaohf.com\/?post_type=product&#038;p=7352"},"modified":"2025-11-13T09:03:16","modified_gmt":"2025-11-13T01:03:16","slug":"concrete-forming-stake","status":"publish","type":"product","link":"https:\/\/qingdaohf.com\/lt\/produktas\/betono-formavimo-stulpas\/","title":{"rendered":"Betono formavimo kuolelis Apvalus plieninis kuolelis"},"content":{"rendered":"<h2>Betono formavimo stakli\u0173 tipai<\/h2>\n<p>Betono formavimo stulpai b\u016bna \u012fvairi\u0173 form\u0173 ir med\u017eiag\u0173, kuri\u0173 kiekviena skirta konkretiems statybos poreikiams tenkinti. Pagrindiniai betono formavimo kuol\u0173 tipai yra apval\u016bs plieniniai kuolai, kvadratiniai plieniniai kuolai, plok\u0161ti I formos sij\u0173 kuolai ir plok\u0161ti plieniniai kuolai. Kiekvienas tipas pasi\u017eymi unikaliomis savyb\u0117mis, d\u0117l kuri\u0173 tinka konkre\u010dioms reikm\u0117ms.<\/p>\n<h3>Apvalus plieninis kuolas<\/h3>\n<p>Statybose da\u017eniausiai naudojami apval\u016bs plieniniai kuolai yra betono formavimo kuolai. \u017dinomi d\u0117l savo tvirtumo ir ilgaam\u017ei\u0161kumo, jie idealiai tinka sunkiems darbams. Gamintojai paprastai \u0161iuos kuolus gamina i\u0161 auk\u0161tos kokyb\u0117s plieno, pasi\u017eymin\u010dio puikiu atsparumu lenkimui ir l\u016b\u017eimui veikiant sl\u0117giui.<\/p>\n<h3>Kvadratinis plieninis stiebas<\/h3>\n<p>Kvadratiniai plieniniai kuolai yra alternatyva apvaliems plieniniams kuolams, nes jie yra kitokios formos, kuri tam tikrais atvejais gali b\u016bti naudinga. Kvadratin\u0117 forma suteikia papildom\u0105 pavir\u0161iaus plot\u0105, kad dirvoje b\u016bt\u0173 geresnis sukibimas ir stabilumas. D\u0117l to jie ypa\u010d naudingi mink\u0161tesn\u0117je dirvoje, kur reikia papildomos laikymosi galios.<\/p>\n<h3>Plok\u0161\u010dias I formos sijos stiebas<\/h3>\n<p>Plok\u0161tieji I formos sij\u0173 kuolai, dar vadinami I formos sij\u0173 kuolais, yra sukurti taip, kad b\u016bt\u0173 maksimaliai tvirti ir stabil\u016bs. D\u0117l unikalios I formos sijos formos jie atlaiko didesnes apkrovas ir yra atspar\u016bs lenkimui. Didel\u0117s apimties statyb\u0173 projektuose da\u017enai naudojami \u0161ie kuolai, kai stabilumas ir tvirtumas yra labai svarb\u016bs.<\/p>\n<h3>Plok\u0161\u010dias plieninis stiebas<\/h3>\n<p>Plok\u0161ti plieniniai kuolai - dar vienas populiarus pasirinkimas betonui formuoti. D\u0117l plok\u0161\u010dios konstrukcijos juos lengva \u012fkalti \u012f \u017eem\u0119, o klojinius galima tvirtinti pla\u010diu pavir\u0161iumi. \u0160ie kuolai yra universal\u016bs ir gali b\u016bti naudojami \u012fvairiose statybose, tod\u0117l jie yra daugelio statybini\u0173 \u012franki\u0173 rinkini\u0173 pagrindas.<\/p>\n<h2>\u012eprasti betono formavimo stieb\u0173 dyd\u017eiai<\/h2>\n<p>Betono formavimo kuolai b\u016bna \u012fvairi\u0173 dyd\u017ei\u0173, kad atitikt\u0173 skirtingus statybos poreikius. Da\u017eniausiai pasitaikantys dyd\u017eiai yra 18, 24 ir 36 coli\u0173. Kiekvienas dydis skirtas konkretiems tikslams ir u\u017etikrina skirting\u0105 klojini\u0173 atramos lyg\u012f.<\/p>\n<h3>18 coli\u0173 kuolai<\/h3>\n<p>18 coli\u0173 kuolai paprastai naudojami ma\u017eesniems projektams arba tais atvejais, kai klojini\u0173 nereikia \u012ftvirtinti giliai \u012f \u017eem\u0119. Juos lengva tvarkyti ir montuoti, tod\u0117l jie idealiai tinka greitam ir paprastam betono u\u017epylimui. Nepaisant ma\u017eesnio dyd\u017eio, jie vis tiek pasi\u017eymi didele laikom\u0105ja galia, tinkama daugumai nedideli\u0173 darb\u0173.<\/p>\n<h3>24 coli\u0173 stulpai<\/h3>\n<p>24 coli\u0173 kuolai yra universalus pasirinkimas, kur\u012f galima naudoti \u012fvairiuose statybos projektuose. Jie u\u017etikrina ger\u0105 naudojimo paprastumo ir laikymo galios pusiausvyr\u0105, tod\u0117l tinka vidutinio dyd\u017eio liejiniams ir bendriesiems statybos darbams. Rangovai da\u017enai renkasi \u0161iuos kuolus d\u0117l j\u0173 pritaikomumo ir efektyvumo \u012fvairiomis dirvo\u017eemio s\u0105lygomis.<\/p>\n<h3>36 coli\u0173 stulpai<\/h3>\n<p>36 coli\u0173 ilgio kuolai yra skirti sunkiems darbams, kai reikia giliai \u012fsiskverbti \u012f \u017eem\u0119. \u0160ie kuolai u\u017etikrina maksimal\u0173 stabilum\u0105 ir atram\u0105 didel\u0117s apimties klojiniams ir betono liejimui. Jie idealiai tinka naudoti sud\u0117tingomis dirvo\u017eemio s\u0105lygomis arba dirbant su didel\u0117s apimties betono liejimo darbais, kuriems reikia papildomo sutvirtinimo.<\/p>\n<h2>Betono formavimo stakli\u0173 naudojimas<\/h2>\n<p>Betono formavimo stulpai atlieka svarb\u0173 vaidmen\u012f \u012fvairiose statybose. Pagrindin\u0117 j\u0173 funkcija - prilaikyti klojinius j\u0173 vietoje, u\u017etikrinant, kad betonas tinkamai stingt\u0173 ir i\u0161laikyt\u0173 norim\u0105 form\u0105. \u0160tai keletas da\u017eniausiai pasitaikan\u010di\u0173 betono klojini\u0173 naudojimo b\u016bd\u0173:<\/p>\n<h3>Pamat\u0173 \u012frengimo darbai<\/h3>\n<p>Betono klojiniai yra labai svarb\u016bs atliekant pamat\u0173 klojimo darbus, kur labai svarbu tiksl\u016bs ir stabil\u016bs klojiniai. Jie pritvirtina medines arba metalines formas, kuriomis formuojami pastat\u0173 betoniniai pamatai, u\u017etikrindami, kad pamatai b\u016bt\u0173 lyg\u016bs ir tinkamai i\u0161lyginti.<\/p>\n<h3>Va\u017eiuojamieji keliai ir \u0161aligatviai<\/h3>\n<p>Gyvenam\u0173j\u0173 ir komercini\u0173 nam\u0173 projektuose betono formavimo kuolai naudojami lygiems ir patvariems priva\u017eiavimo keliams ir \u0161aligatviams sukurti. Laikydami klojinius vietoje, \u0161ie kuolai padeda u\u017etikrinti, kad betonas b\u016bt\u0173 i\u0161lietas tinkam\u0173 matmen\u0173, o baigtas pavir\u0161ius b\u016bt\u0173 lygus ir tinkamai i\u0161lygintas.<\/p>\n<h3>Atramin\u0117s sienos<\/h3>\n<p>Atramin\u0117ms sienoms reikia tvirt\u0173 ir stabili\u0173 klojini\u0173, kad stingstant betonui jis laikyt\u0173si savo vietoje. Betono klojiniai yra b\u016btina atrama, kad klojiniai nepasislinkt\u0173 ir nesugri\u016bt\u0173, tod\u0117l gaunama tvirta ir stabili atramin\u0117 siena, atlaikanti u\u017e jos esan\u010dio grunto spaudim\u0105.<\/p>\n<h3>Plok\u0161t\u0117s ir grindys<\/h3>\n<p>Liejant betono plok\u0161tes ir grindis, tiksl\u016bs ir stabil\u016bs klojiniai u\u017etikrina lyg\u0173 pavir\u0161i\u0173. Betono klojini\u0173 kuolai padeda i\u0161laikyti klojini\u0173 pad\u0117t\u012f ir neleid\u017eia jiems jud\u0117ti, nes d\u0117l to betonas gali b\u016bti nelygus arba netinkamai sukiet\u0117ti.<\/p>\n<h3>\u0160aligatvio borteliai ir latakai<\/h3>\n<p>Betono formavimo kuolai taip pat naudojami statant bortelius ir latakus, kai reikia tiksli\u0173 klojini\u0173 norimoms formoms ir kampams sukurti. Tvirtinant klojinius, \u0161ie kuolai padeda u\u017etikrinti, kad betonas teisingai stingt\u0173 ir kad galutinis produktas b\u016bt\u0173 funkcionalus ir esteti\u0161kas.<\/p>\n<h3>Tiltai ir viadukai<\/h3>\n<p>Dideliems infrastrukt\u016bros projektams, tokiems kaip tiltai ir estakados, reikalingi tvirti klojiniai, kad b\u016bt\u0173 galima atlaikyti didel\u012f betono svor\u012f ir t\u016br\u012f. Betono klojiniai yra b\u016btina atrama, kad klojiniai laikyt\u0173si savo vietoje ir u\u017etikrint\u0173 tinkam\u0105 betono stingim\u0105, o baigta konstrukcija b\u016bt\u0173 tvirta ir stabili.<\/p>\n<h3>Kolonos ir sijos<\/h3>\n<p>Statant kolonas ir sijas, betono klojiniais tvirtinami vertikal\u016bs ir horizontal\u016bs klojiniai, kuriais formuojami \u0161ie konstrukciniai elementai. Palaikydami klojini\u0173 pad\u0117t\u012f, \u0161ie kuolai padeda u\u017etikrinti, kad betonas tinkamai stingt\u0173, o kolonos ir sijos b\u016bt\u0173 tvirtos ir tinkamai i\u0161lygintos.<\/p>\n<h3>Dekoratyvinio betono darbai<\/h3>\n<p>Betono formavimo kuolai taip pat naudojami dekoratyvinio betono darbams, pavyzd\u017eiui, \u0161tampuotiems ar spalvotiems betoniniams pavir\u0161iams. Tvirtinant klojinius, \u0161ie kuolai padeda u\u017etikrinti, kad dekoratyviniai elementai b\u016bt\u0173 tiksliai suformuoti ir kad u\u017ebaigtas pavir\u0161ius atitikt\u0173 norimus estetinius standartus.<\/p>\n<h2>I\u0161vada<\/h2>\n<p>Betono klojiniai yra nepakei\u010diami \u012frankiai statyb\u0173 pramon\u0117je, u\u017etikrinantys reikaling\u0105 klojini\u0173 atram\u0105 ir stabilum\u0105 \u012fvairiose srityse. Nesvarbu, ar dirbate prie nedidelio gyvenamojo namo projekto, ar prie didel\u0117s komercin\u0117s infrastrukt\u016bros, tinkamo tipo ir dyd\u017eio betono klojiniai gali labai pakeisti j\u016bs\u0173 betonini\u0173 konstrukcij\u0173 kokyb\u0119 ir stabilum\u0105. Suprasdami skirtingus kuol\u0173 tipus ir j\u0173 panaudojimo sritis, gal\u0117site pasirinkti geriausius variantus, atitinkan\u010dius j\u016bs\u0173 konkre\u010dius statybos poreikius.<\/p>","protected":false},"excerpt":{"rendered":"<p>Betono klojiniai yra svarb\u016bs \u012frankiai statyb\u0173 pramon\u0117je, naudojami betono klojiniams tvirtinti ir stabilizuoti. \u0160ie kuolai u\u017etikrina tinkam\u0105 betono stingim\u0105, suteikia reikiam\u0105 form\u0105 ir atram\u0105 \u012fvairiems statybos projektams. \u0160iame vadove ap\u017evelgsime skirtingus betono formavimo kuol\u0173 tipus, \u012fprastus j\u0173 dyd\u017eius ir \u012fvairias j\u0173 panaudojimo statybose galimybes.<\/p>","protected":false},"featured_media":7353,"comment_status":"open","ping_status":"closed","template":"","meta":{"site-sidebar-layout":"default","site-content-layout":"","ast-site-content-layout":"default","site-content-style":"default","site-sidebar-style":"default","ast-global-header-display":"","ast-banner-title-visibility":"","ast-main-header-display":"","ast-hfb-above-header-display":"","ast-hfb-below-header-display":"","ast-hfb-mobile-header-display":"","site-post-title":"","ast-breadcrumbs-content":"","ast-featured-img":"","footer-sml-layout":"","theme-transparent-header-meta":"default","adv-header-id-meta":"","stick-header-meta":"default","header-above-stick-meta":"","header-main-stick-meta":"","header-below-stick-meta":"","astra-migrate-meta-layouts":"set","ast-page-background-enabled":"default","ast-page-background-meta":{"desktop":{"background-color":"","background-image":"","background-repeat":"repeat","background-position":"center center","background-size":"auto","background-attachment":"scroll","background-type":"","background-media":"","overlay-type":"","overlay-color":"","overlay-opacity":"","overlay-gradient":""},"tablet":{"background-color":"","background-image":"","background-repeat":"repeat","background-position":"center center","background-size":"auto","background-attachment":"scroll","background-type":"","background-media":"","overlay-type":"","overlay-color":"","overlay-opacity":"","overlay-gradient":""},"mobile":{"background-color":"","background-image":"","background-repeat":"repeat","background-position":"center center","background-size":"auto","background-attachment":"scroll","background-type":"","background-media":"","overlay-type":"","overlay-color":"","overlay-opacity":"","overlay-gradient":""}},"ast-content-background-meta":{"desktop":{"background-color":"var(--ast-global-color-5)","background-image":"","background-repeat":"repeat","background-position":"center center","background-size":"auto","background-attachment":"scroll","background-type":"","background-media":"","overlay-type":"","overlay-color":"","overlay-opacity":"","overlay-gradient":""},"tablet":{"background-color":"var(--ast-global-color-5)","background-image":"","background-repeat":"repeat","background-position":"center center","background-size":"auto","background-attachment":"scroll","background-type":"","background-media":"","overlay-type":"","overlay-color":"","overlay-opacity":"","overlay-gradient":""},"mobile":{"background-color":"var(--ast-global-color-5)","background-image":"","background-repeat":"repeat","background-position":"center center","background-size":"auto","background-attachment":"scroll","background-type":"","background-media":"","overlay-type":"","overlay-color":"","overlay-opacity":"","overlay-gradient":""}}},"product_brand":[],"product_cat":[53],"product_tag":[],"class_list":{"0":"post-7352","1":"product","2":"type-product","3":"status-publish","4":"has-post-thumbnail","6":"product_cat-steel-stake","7":"desktop-align-left","8":"tablet-align-left","9":"mobile-align-left","10":"ast-product-gallery-layout-horizontal-slider","11":"ast-product-tabs-layout-horizontal","13":"first","14":"instock","15":"featured","16":"shipping-taxable","17":"purchasable","18":"product-type-simple"},"yoast_head":"<!-- This site is optimized with the Yoast SEO plugin v25.2 - https:\/\/yoast.com\/wordpress\/plugins\/seo\/ -->\n<title>Concrete Forming Stake Round Steel Stake<\/title>\n<meta name=\"description\" content=\"Concrete forming stakes are essential tools in the construction industry, used to secure and stabilize formwork for concrete pours.\" \/>\n<meta name=\"robots\" content=\"index, follow, max-snippet:-1, max-image-preview:large, max-video-preview:-1\" \/>\n<link rel=\"canonical\" href=\"https:\/\/qingdaohf.com\/lt\/produktas\/betono-formavimo-stulpas\/\" \/>\n<meta property=\"og:locale\" content=\"lt_LT\" \/>\n<meta property=\"og:type\" content=\"article\" \/>\n<meta property=\"og:title\" content=\"Concrete Forming Stake Round Steel Stake\" \/>\n<meta property=\"og:description\" content=\"Concrete forming stakes are essential tools in the construction industry, used to secure and stabilize formwork for concrete pours.\" \/>\n<meta property=\"og:url\" content=\"https:\/\/qingdaohf.com\/lt\/produktas\/betono-formavimo-stulpas\/\" \/>\n<meta property=\"og:site_name\" content=\"Concrete Form &amp; Rigging Hardware Supplier\" \/>\n<meta property=\"article:publisher\" content=\"https:\/\/www.facebook.com\/qingdaohf\" \/>\n<meta property=\"article:modified_time\" content=\"2025-11-13T01:03:16+00:00\" \/>\n<meta property=\"og:image\" content=\"https:\/\/qingdaohf.com\/wp-content\/uploads\/2024\/05\/Concrete-Forming-Stake.jpg\" \/>\n\t<meta property=\"og:image:width\" content=\"1000\" \/>\n\t<meta property=\"og:image:height\" content=\"1000\" \/>\n\t<meta property=\"og:image:type\" content=\"image\/jpeg\" \/>\n<meta name=\"twitter:card\" content=\"summary_large_image\" \/>\n<meta name=\"twitter:label1\" content=\"Est. reading time\" \/>\n\t<meta name=\"twitter:data1\" content=\"5 minut\u0117s\" \/>\n<script type=\"application\/ld+json\" class=\"yoast-schema-graph\">{\"@context\":\"https:\/\/schema.org\",\"@graph\":[{\"@type\":\"WebPage\",\"@id\":\"https:\/\/qingdaohf.com\/product\/concrete-forming-stake\/\",\"url\":\"https:\/\/qingdaohf.com\/product\/concrete-forming-stake\/\",\"name\":\"Concrete Forming Stake Round Steel Stake\",\"isPartOf\":{\"@id\":\"https:\/\/qingdaohf.com\/bg\/#website\"},\"primaryImageOfPage\":{\"@id\":\"https:\/\/qingdaohf.com\/product\/concrete-forming-stake\/#primaryimage\"},\"image\":{\"@id\":\"https:\/\/qingdaohf.com\/product\/concrete-forming-stake\/#primaryimage\"},\"thumbnailUrl\":\"https:\/\/qingdaohf.com\/wp-content\/uploads\/2024\/05\/Concrete-Forming-Stake.jpg\",\"datePublished\":\"2024-05-27T03:44:05+00:00\",\"dateModified\":\"2025-11-13T01:03:16+00:00\",\"description\":\"Concrete forming stakes are essential tools in the construction industry, used to secure and stabilize formwork for concrete pours.\",\"breadcrumb\":{\"@id\":\"https:\/\/qingdaohf.com\/product\/concrete-forming-stake\/#breadcrumb\"},\"inLanguage\":\"lt-LT\",\"potentialAction\":[{\"@type\":\"ReadAction\",\"target\":[\"https:\/\/qingdaohf.com\/product\/concrete-forming-stake\/\"]}]},{\"@type\":\"ImageObject\",\"inLanguage\":\"lt-LT\",\"@id\":\"https:\/\/qingdaohf.com\/product\/concrete-forming-stake\/#primaryimage\",\"url\":\"https:\/\/qingdaohf.com\/wp-content\/uploads\/2024\/05\/Concrete-Forming-Stake.jpg\",\"contentUrl\":\"https:\/\/qingdaohf.com\/wp-content\/uploads\/2024\/05\/Concrete-Forming-Stake.jpg\",\"width\":1000,\"height\":1000},{\"@type\":\"BreadcrumbList\",\"@id\":\"https:\/\/qingdaohf.com\/product\/concrete-forming-stake\/#breadcrumb\",\"itemListElement\":[{\"@type\":\"ListItem\",\"position\":1,\"name\":\"Home\",\"item\":\"https:\/\/qingdaohf.com\/\"},{\"@type\":\"ListItem\",\"position\":2,\"name\":\"Concrete Forming Accessories and Rigging Hardware\",\"item\":\"https:\/\/qingdaohf.com\/bg\/?page_id=944\"},{\"@type\":\"ListItem\",\"position\":3,\"name\":\"Concrete Forming Stake Round Steel Stake\"}]},{\"@type\":\"WebSite\",\"@id\":\"https:\/\/qingdaohf.com\/bg\/#website\",\"url\":\"https:\/\/qingdaohf.com\/bg\/\",\"name\":\"Concrete Form & Rigging Hardware Supplier\",\"description\":\"\",\"publisher\":{\"@id\":\"https:\/\/qingdaohf.com\/bg\/#organization\"},\"potentialAction\":[{\"@type\":\"SearchAction\",\"target\":{\"@type\":\"EntryPoint\",\"urlTemplate\":\"https:\/\/qingdaohf.com\/bg\/?s={search_term_string}\"},\"query-input\":{\"@type\":\"PropertyValueSpecification\",\"valueRequired\":true,\"valueName\":\"search_term_string\"}}],\"inLanguage\":\"lt-LT\"},{\"@type\":\"Organization\",\"@id\":\"https:\/\/qingdaohf.com\/bg\/#organization\",\"name\":\"Qingdao H&F\",\"url\":\"https:\/\/qingdaohf.com\/bg\/\",\"logo\":{\"@type\":\"ImageObject\",\"inLanguage\":\"lt-LT\",\"@id\":\"https:\/\/qingdaohf.com\/bg\/#\/schema\/logo\/image\/\",\"url\":\"https:\/\/qingdaohf.com\/wp-content\/uploads\/2022\/12\/cropped-HF-LOGO.png\",\"contentUrl\":\"https:\/\/qingdaohf.com\/wp-content\/uploads\/2022\/12\/cropped-HF-LOGO.png\",\"width\":391,\"height\":249,\"caption\":\"Qingdao H&F\"},\"image\":{\"@id\":\"https:\/\/qingdaohf.com\/bg\/#\/schema\/logo\/image\/\"},\"sameAs\":[\"https:\/\/www.facebook.com\/qingdaohf\"]}]}<\/script>\n<!-- \/ Yoast SEO plugin. -->","yoast_head_json":{"title":"Concrete Forming Stake Round Steel Stake","description":"Concrete forming stakes are essential tools in the construction industry, used to secure and stabilize formwork for concrete pours.","robots":{"index":"index","follow":"follow","max-snippet":"max-snippet:-1","max-image-preview":"max-image-preview:large","max-video-preview":"max-video-preview:-1"},"canonical":"https:\/\/qingdaohf.com\/lt\/produktas\/betono-formavimo-stulpas\/","og_locale":"lt_LT","og_type":"article","og_title":"Concrete Forming Stake Round Steel Stake","og_description":"Concrete forming stakes are essential tools in the construction industry, used to secure and stabilize formwork for concrete pours.","og_url":"https:\/\/qingdaohf.com\/lt\/produktas\/betono-formavimo-stulpas\/","og_site_name":"Concrete Form &amp; Rigging Hardware Supplier","article_publisher":"https:\/\/www.facebook.com\/qingdaohf","article_modified_time":"2025-11-13T01:03:16+00:00","og_image":[{"width":1000,"height":1000,"url":"https:\/\/qingdaohf.com\/wp-content\/uploads\/2024\/05\/Concrete-Forming-Stake.jpg","type":"image\/jpeg"}],"twitter_card":"summary_large_image","twitter_misc":{"Est. reading time":"5 minut\u0117s"},"schema":{"@context":"https:\/\/schema.org","@graph":[{"@type":"WebPage","@id":"https:\/\/qingdaohf.com\/product\/concrete-forming-stake\/","url":"https:\/\/qingdaohf.com\/product\/concrete-forming-stake\/","name":"Concrete Forming Stake Round Steel Stake","isPartOf":{"@id":"https:\/\/qingdaohf.com\/bg\/#website"},"primaryImageOfPage":{"@id":"https:\/\/qingdaohf.com\/product\/concrete-forming-stake\/#primaryimage"},"image":{"@id":"https:\/\/qingdaohf.com\/product\/concrete-forming-stake\/#primaryimage"},"thumbnailUrl":"https:\/\/qingdaohf.com\/wp-content\/uploads\/2024\/05\/Concrete-Forming-Stake.jpg","datePublished":"2024-05-27T03:44:05+00:00","dateModified":"2025-11-13T01:03:16+00:00","description":"Concrete forming stakes are essential tools in the construction industry, used to secure and stabilize formwork for concrete pours.","breadcrumb":{"@id":"https:\/\/qingdaohf.com\/product\/concrete-forming-stake\/#breadcrumb"},"inLanguage":"lt-LT","potentialAction":[{"@type":"ReadAction","target":["https:\/\/qingdaohf.com\/product\/concrete-forming-stake\/"]}]},{"@type":"ImageObject","inLanguage":"lt-LT","@id":"https:\/\/qingdaohf.com\/product\/concrete-forming-stake\/#primaryimage","url":"https:\/\/qingdaohf.com\/wp-content\/uploads\/2024\/05\/Concrete-Forming-Stake.jpg","contentUrl":"https:\/\/qingdaohf.com\/wp-content\/uploads\/2024\/05\/Concrete-Forming-Stake.jpg","width":1000,"height":1000},{"@type":"BreadcrumbList","@id":"https:\/\/qingdaohf.com\/product\/concrete-forming-stake\/#breadcrumb","itemListElement":[{"@type":"ListItem","position":1,"name":"Home","item":"https:\/\/qingdaohf.com\/"},{"@type":"ListItem","position":2,"name":"Concrete Forming Accessories and Rigging Hardware","item":"https:\/\/qingdaohf.com\/bg\/?page_id=944"},{"@type":"ListItem","position":3,"name":"Concrete Forming Stake Round Steel Stake"}]},{"@type":"WebSite","@id":"https:\/\/qingdaohf.com\/bg\/#website","url":"https:\/\/qingdaohf.com\/bg\/","name":"Concrete Form & Rigging Hardware Supplier","description":"","publisher":{"@id":"https:\/\/qingdaohf.com\/bg\/#organization"},"potentialAction":[{"@type":"SearchAction","target":{"@type":"EntryPoint","urlTemplate":"https:\/\/qingdaohf.com\/bg\/?s={search_term_string}"},"query-input":{"@type":"PropertyValueSpecification","valueRequired":true,"valueName":"search_term_string"}}],"inLanguage":"lt-LT"},{"@type":"Organization","@id":"https:\/\/qingdaohf.com\/bg\/#organization","name":"Qingdao H&F","url":"https:\/\/qingdaohf.com\/bg\/","logo":{"@type":"ImageObject","inLanguage":"lt-LT","@id":"https:\/\/qingdaohf.com\/bg\/#\/schema\/logo\/image\/","url":"https:\/\/qingdaohf.com\/wp-content\/uploads\/2022\/12\/cropped-HF-LOGO.png","contentUrl":"https:\/\/qingdaohf.com\/wp-content\/uploads\/2022\/12\/cropped-HF-LOGO.png","width":391,"height":249,"caption":"Qingdao H&F"},"image":{"@id":"https:\/\/qingdaohf.com\/bg\/#\/schema\/logo\/image\/"},"sameAs":["https:\/\/www.facebook.com\/qingdaohf"]}]}},"_links":{"self":[{"href":"https:\/\/qingdaohf.com\/lt\/wp-json\/wp\/v2\/product\/7352","targetHints":{"allow":["GET"]}}],"collection":[{"href":"https:\/\/qingdaohf.com\/lt\/wp-json\/wp\/v2\/product"}],"about":[{"href":"https:\/\/qingdaohf.com\/lt\/wp-json\/wp\/v2\/types\/product"}],"replies":[{"embeddable":true,"href":"https:\/\/qingdaohf.com\/lt\/wp-json\/wp\/v2\/comments?post=7352"}],"version-history":[{"count":6,"href":"https:\/\/qingdaohf.com\/lt\/wp-json\/wp\/v2\/product\/7352\/revisions"}],"predecessor-version":[{"id":10342,"href":"https:\/\/qingdaohf.com\/lt\/wp-json\/wp\/v2\/product\/7352\/revisions\/10342"}],"wp:featuredmedia":[{"embeddable":true,"href":"https:\/\/qingdaohf.com\/lt\/wp-json\/wp\/v2\/media\/7353"}],"wp:attachment":[{"href":"https:\/\/qingdaohf.com\/lt\/wp-json\/wp\/v2\/media?parent=7352"}],"wp:term":[{"taxonomy":"product_brand","embeddable":true,"href":"https:\/\/qingdaohf.com\/lt\/wp-json\/wp\/v2\/product_brand?post=7352"},{"taxonomy":"product_cat","embeddable":true,"href":"https:\/\/qingdaohf.com\/lt\/wp-json\/wp\/v2\/product_cat?post=7352"},{"taxonomy":"product_tag","embeddable":true,"href":"https:\/\/qingdaohf.com\/lt\/wp-json\/wp\/v2\/product_tag?post=7352"}],"curies":[{"name":"wp","href":"https:\/\/api.w.org\/{rel}","templated":true}]}}