{"id":7473,"date":"2024-06-19T11:36:36","date_gmt":"2024-06-19T03:36:36","guid":{"rendered":"http:\/\/qingdaohf.com\/?post_type=product&#038;p=7473"},"modified":"2025-11-13T09:03:15","modified_gmt":"2025-11-13T01:03:15","slug":"plastic-groud-stake","status":"publish","type":"product","link":"https:\/\/qingdaohf.com\/lt\/produktas\/plastikinis-grotu-stulpas\/","title":{"rendered":"Plastikinis groud Stake"},"content":{"rendered":"<h4>Universalus ir patvarus plastikinis \u012f\u017eeminimo kuolas<\/h4>\n<p>Plastikiniai \u012f\u017eeminimo kuolai yra universalus sprendimas \u012fvairiems lauko statiniams ir \u012frangai tvirtinti. Nesvarbu, ar statote palapin\u0119, tvirtinate stogin\u0119, ar tvirtinate tinkl\u0105, \u0161is kuolas yra patikimas ir tvirtas, kad viskas likt\u0173 savo vietoje. Pagamintas i\u0161 auk\u0161tos kokyb\u0117s UV spinduliams atsparaus plastiko, jis atlaiko ilgalaik\u012f saul\u0117s spinduli\u0173 poveik\u012f, nesugenda ir u\u017etikrina ilgalaik\u012f naudojim\u0105.<\/p>\n<p>Viena i\u0161 i\u0161skirtini\u0173 \u0161io \u012f\u017eeminimo kuolo ypatybi\u0173 - lengvas \u012fleidimas \u012f \u017eem\u0119. D\u0117l smail\u0117jan\u010dio galo lengvai \u012fsiskverbia \u012f \u012fvairi\u0173 tip\u0173 dirvo\u017eem\u012f, o tvirta konstrukcija u\u017etikrina, kad jis tvirtai laikysis vietoje. Skirtingai nei metaliniai kuolai, kurie gali sur\u016bdyti ar sulenkti, \u0161is plastikinis \u012f\u017eeminimo kuolas i\u0161lieka vientisas ir yra patikimas tvirtinimo sprendimas \u012fvairioms reikm\u0117ms.<\/p>\n<h4>Prakti\u0161kas dizainas \u012fvairiems naudojimo b\u016bdams<\/h4>\n<p>Plastikinis \u012f\u017eeminimo kuolas sukurtas atsi\u017evelgiant \u012f prakti\u0161kum\u0105, tod\u0117l jo vir\u0161uje yra viena skyl\u0117, prie kurios galima saugiai pritvirtinti virv\u0119. \u0160i savyb\u0117 ypa\u010d praver\u010dia priri\u0161ant tentus, stogines ir kitus daiktus, kuriems reikia stabilaus tvirtinimo ta\u0161ko. \u0160alia vir\u0161aus esantis kablys suteikia papildom\u0105 tvirtinimo galimyb\u0119, tod\u0117l gal\u0117site lanks\u010diai pasirinkti, kaip naudoti kuol\u0105. \u0160i apgalvota konstrukcija u\u017etikrina, kad j\u016bs\u0173 konstrukcijos i\u0161likt\u0173 saugios net ir v\u0117juotomis oro s\u0105lygomis, tod\u0117l tai yra b\u016btinas \u012frankis tiek lauko entuziastams, tiek profesionalams.<\/p>\n<p>Sodininkyst\u0117je ir kra\u0161tovaizd\u017eio formavime \u0161is kuolas ne\u012fkainojamai praver\u010dia \u012fvairioms konstrukcijoms ir dekoracijoms paremti. D\u0117l savo patvarumo ir patogumo jis m\u0117gstamas sodinink\u0173, norin\u010di\u0173 pritvirtinti groteles, sodo tinklus ar net dekoratyvinius daiktus. UV spinduliams atsparus plastikas u\u017etikrina, kad laikui b\u0117gant jis netaps trapus ir nesul\u016b\u0161, tod\u0117l bus naudojamas sezon\u0105 i\u0161 sezono.<\/p>\n<h4>\u017dem\u0117s kuol\u0173 vaidmuo statybose ir lauko veikloje<\/h4>\n<p>\u012e\u017eeminimo kuolai, \u012fskaitant plastikinius variantus, atlieka svarb\u0173 vaidmen\u012f tiek statybose, tiek veikloje lauke. Statybose jie naudojami laikinoms konstrukcijoms, tokioms kaip palapin\u0117s ir stogin\u0117s, pritvirtinti, nes suteikia stabil\u0173 pagrind\u0105, neleid\u017eiant\u012f joms jud\u0117ti ar sugri\u016bti. Tai ypa\u010d svarbu tais atvejais, kai svarbiausia yra saugumas ir stabilumas. D\u0117l lengvo montavimo ir nu\u0117mimo plastikiniai \u017eem\u0117s kuolai yra patogus pasirinkimas laikinoms konstrukcijoms, nes prireikus juos galima greitai koreguoti.<\/p>\n<p>Stovyklaujant, vaik\u0161tant p\u0117s\u010diomis ir u\u017esiimant kita laisvalaikio veikla lauke \u017eem\u0117s kuolai yra nepakei\u010diami. Saugi palapin\u0117 ar stogin\u0117 gali lemti skirtum\u0105 tarp patogios ir pra\u017e\u016btingos patirties. Plastikiniai ant\u017eeminiai kuolai suteikia ramyb\u0119, nes \u017einote, kad j\u016bs\u0173 pastog\u0117 tvirtai stov\u0117s savo vietoje, kad ir kokios b\u016bt\u0173 s\u0105lygos. D\u0117l jo lengvumo j\u012f lengva transportuoti, nes jis minimaliai padidina j\u016bs\u0173 \u012frangos svor\u012f ir kartu u\u017etikrina maksimal\u0173 stabilum\u0105.<\/p>\n<h4>Pamat\u0173 var\u017et\u0173 pristatymas ir j\u0173 svarba statyboje<\/h4>\n<p>Pamat\u0173 var\u017etai yra esminiai statybos srities komponentai, atliekantys svarb\u0173 vaidmen\u012f tvirtinant konstrukcijas prie pamat\u0173. \u0160ie var\u017etai paprastai gaminami i\u0161 didelio stiprumo plieno ir naudojami pastatams, tiltams, ma\u0161inoms ir kitoms sunkioms konstrukcijoms tvirtinti. Pagrindin\u0117 pamat\u0173 var\u017et\u0173 paskirtis - u\u017etikrinti patikim\u0105 konstrukcijos ir jos pamato jungt\u012f, u\u017etikrinan\u010di\u0105 stabilum\u0105 ir atsparum\u0105 \u012fvairioms j\u0117goms, \u012fskaitant v\u0117j\u0105, seismin\u012f aktyvum\u0105 ir kitus aplinkos veiksnius.<\/p>\n<p>Statybose pamat\u0173 var\u017etai \u012f betoninius pamatus \u012fsukami prie\u0161 betonui sustingstant, taip sukuriamas tvirtas ry\u0161ys, kuris atlaiko dideles apkrovas. J\u0173 b\u016bna \u012fvairi\u0173 dyd\u017ei\u0173 ir tip\u0173, kuri\u0173 kiekvienas skirtas konkre\u010dioms reikm\u0117ms ir apkrovos reikalavimams. Tinkamas pamat\u0173 var\u017et\u0173 parinkimas ir montavimas yra gyvybi\u0161kai svarbus bet kurio statybos projekto konstrukcijos vientisumui ir saugumui.<\/p>\n<p>Vienas i\u0161 pagrindini\u0173 pamat\u0173 var\u017et\u0173 privalum\u0173 yra j\u0173 geb\u0117jimas patikimai \u012ftvirtinti sunkias konstrukcijas. Tai ypa\u010d svarbu pramonin\u0117je aplinkoje, kur ma\u0161inos ir \u012franga turi i\u0161likti stabilios darbo metu. Pamat\u0173 var\u017etai apsaugo nuo jud\u0117jimo ir vibracijos, d\u0117l kuri\u0173 gali sutrikti \u012frangos veikimas arba sugesti konstrukcija. Pritvirtindami ma\u0161inas prie stabilaus pamato, \u0161ie var\u017etai u\u017etikrina skland\u0173 ir saug\u0173 veikim\u0105.<\/p>\n<p>Pamat\u0173 var\u017etai taip pat atlieka svarb\u0173 vaidmen\u012f statant tiltus ir kitus didelius infrastrukt\u016bros projektus. \u0160i\u0173 var\u017et\u0173 suteikiamas stabilumas padeda tolygiai paskirstyti apkrovas, suma\u017einti atskir\u0173 komponent\u0173 apkrov\u0105 ir prailginti konstrukcijos tarnavimo laik\u0105. D\u0117l j\u0173 geb\u0117jimo atlaikyti dinamines j\u0117gas, pavyzd\u017eiui, atsirandan\u010dias d\u0117l eismo ar gamtos rei\u0161kini\u0173, jie yra nepakei\u010diami u\u017etikrinant tilt\u0173 ir pana\u0161i\u0173 konstrukcij\u0173 saugum\u0105 ir ilgaam\u017ei\u0161kum\u0105.<\/p>\n<p>Apibendrinant galima teigti, kad pamat\u0173 var\u017etai yra \u0161iuolaikin\u0117s statybos kertinis akmuo, u\u017etikrinantis \u012fvairi\u0173 konstrukcij\u0173 stabilum\u0105 ir saugum\u0105. J\u0173 vaidmuo \u012ftvirtinant pastatus ir ma\u0161inas yra labai svarbus siekiant i\u0161laikyti statybos projekt\u0173 vientisum\u0105 ir saugum\u0105, tod\u0117l jie yra ne\u012fkainojamas komponentas \u0161ioje srityje.<\/p>\n<div class=\"ast-oembed-container\" style=\"height: 100%;\"><iframe title=\"Plastikiniai \u017eem\u0117s kuolai\" width=\"500\" height=\"281\" src=\"https:\/\/www.youtube.com\/embed\/XXn9suyaFmM?feature=oembed\" frameborder=\"0\" allow=\"accelerometer; autoplay; clipboard-write; encrypted-media; gyroscope; picture-in-picture; web-share\" referrerpolicy=\"strict-origin-when-cross-origin\" allowfullscreen><\/iframe><\/div>","protected":false},"excerpt":{"rendered":"<p>Plastikiniai \u012f\u017eeminimo kuolai puikiai tinka tvirtinti inkarus, palapines, tinklus, tentus, stogines ir sodo ar terasos konstrukcijas. \u0160is tvirtas kuolas pagamintas i\u0161 auk\u0161tos kokyb\u0117s UV spinduliams atsparaus plastiko ir lengvai \u012fsmeigiamas \u012f \u017eem\u0119. Jo vir\u0161uje yra skylut\u0117 virvei priri\u0161ti, tod\u0117l jis patikimai laikosi \u012fvairiose vietose.<\/p>","protected":false},"featured_media":7475,"comment_status":"open","ping_status":"closed","template":"","meta":{"site-sidebar-layout":"default","site-content-layout":"","ast-site-content-layout":"default","site-content-style":"default","site-sidebar-style":"default","ast-global-header-display":"","ast-banner-title-visibility":"","ast-main-header-display":"","ast-hfb-above-header-display":"","ast-hfb-below-header-display":"","ast-hfb-mobile-header-display":"","site-post-title":"","ast-breadcrumbs-content":"","ast-featured-img":"","footer-sml-layout":"","theme-transparent-header-meta":"default","adv-header-id-meta":"","stick-header-meta":"default","header-above-stick-meta":"","header-main-stick-meta":"","header-below-stick-meta":"","astra-migrate-meta-layouts":"set","ast-page-background-enabled":"default","ast-page-background-meta":{"desktop":{"background-color":"","background-image":"","background-repeat":"repeat","background-position":"center center","background-size":"auto","background-attachment":"scroll","background-type":"","background-media":"","overlay-type":"","overlay-color":"","overlay-opacity":"","overlay-gradient":""},"tablet":{"background-color":"","background-image":"","background-repeat":"repeat","background-position":"center center","background-size":"auto","background-attachment":"scroll","background-type":"","background-media":"","overlay-type":"","overlay-color":"","overlay-opacity":"","overlay-gradient":""},"mobile":{"background-color":"","background-image":"","background-repeat":"repeat","background-position":"center center","background-size":"auto","background-attachment":"scroll","background-type":"","background-media":"","overlay-type":"","overlay-color":"","overlay-opacity":"","overlay-gradient":""}},"ast-content-background-meta":{"desktop":{"background-color":"var(--ast-global-color-5)","background-image":"","background-repeat":"repeat","background-position":"center center","background-size":"auto","background-attachment":"scroll","background-type":"","background-media":"","overlay-type":"","overlay-color":"","overlay-opacity":"","overlay-gradient":""},"tablet":{"background-color":"var(--ast-global-color-5)","background-image":"","background-repeat":"repeat","background-position":"center center","background-size":"auto","background-attachment":"scroll","background-type":"","background-media":"","overlay-type":"","overlay-color":"","overlay-opacity":"","overlay-gradient":""},"mobile":{"background-color":"var(--ast-global-color-5)","background-image":"","background-repeat":"repeat","background-position":"center center","background-size":"auto","background-attachment":"scroll","background-type":"","background-media":"","overlay-type":"","overlay-color":"","overlay-opacity":"","overlay-gradient":""}}},"product_brand":[],"product_cat":[75],"product_tag":[],"class_list":{"0":"post-7473","1":"product","2":"type-product","3":"status-publish","4":"has-post-thumbnail","6":"product_cat-plastic-and-rubber-product","7":"desktop-align-left","8":"tablet-align-left","9":"mobile-align-left","10":"ast-product-gallery-layout-horizontal-slider","11":"ast-product-tabs-layout-horizontal","13":"first","14":"instock","15":"shipping-taxable","16":"purchasable","17":"product-type-simple"},"yoast_head":"<!-- This site is optimized with the Yoast SEO plugin v25.2 - https:\/\/yoast.com\/wordpress\/plugins\/seo\/ -->\n<title>Plastic Groud Stake<\/title>\n<meta name=\"description\" content=\"The plastic ground stake is perfect for securing anchors, tents, nets, tarps, canopies, and garden or patio structures.\" \/>\n<meta name=\"robots\" content=\"index, follow, max-snippet:-1, max-image-preview:large, max-video-preview:-1\" \/>\n<link rel=\"canonical\" href=\"https:\/\/qingdaohf.com\/lt\/produktas\/plastikinis-grotu-stulpas\/\" \/>\n<meta property=\"og:locale\" content=\"lt_LT\" \/>\n<meta property=\"og:type\" content=\"article\" \/>\n<meta property=\"og:title\" content=\"Plastic Groud Stake\" \/>\n<meta property=\"og:description\" content=\"The plastic ground stake is perfect for securing anchors, tents, nets, tarps, canopies, and garden or patio structures.\" \/>\n<meta property=\"og:url\" content=\"https:\/\/qingdaohf.com\/lt\/produktas\/plastikinis-grotu-stulpas\/\" \/>\n<meta property=\"og:site_name\" content=\"Concrete Form &amp; Rigging Hardware Supplier\" \/>\n<meta property=\"article:publisher\" content=\"https:\/\/www.facebook.com\/qingdaohf\" \/>\n<meta property=\"article:modified_time\" content=\"2025-11-13T01:03:15+00:00\" \/>\n<meta property=\"og:image\" content=\"https:\/\/qingdaohf.com\/wp-content\/uploads\/2024\/06\/plastic-groud-stake-1.webp\" \/>\n\t<meta property=\"og:image:width\" content=\"1000\" \/>\n\t<meta property=\"og:image:height\" content=\"1000\" \/>\n\t<meta property=\"og:image:type\" content=\"image\/webp\" \/>\n<meta name=\"twitter:card\" content=\"summary_large_image\" \/>\n<meta name=\"twitter:label1\" content=\"Est. reading time\" \/>\n\t<meta name=\"twitter:data1\" content=\"4 minut\u0117s\" \/>\n<script type=\"application\/ld+json\" class=\"yoast-schema-graph\">{\"@context\":\"https:\/\/schema.org\",\"@graph\":[{\"@type\":\"WebPage\",\"@id\":\"https:\/\/qingdaohf.com\/product\/plastic-groud-stake\/\",\"url\":\"https:\/\/qingdaohf.com\/product\/plastic-groud-stake\/\",\"name\":\"Plastic Groud Stake\",\"isPartOf\":{\"@id\":\"https:\/\/qingdaohf.com\/bg\/#website\"},\"primaryImageOfPage\":{\"@id\":\"https:\/\/qingdaohf.com\/product\/plastic-groud-stake\/#primaryimage\"},\"image\":{\"@id\":\"https:\/\/qingdaohf.com\/product\/plastic-groud-stake\/#primaryimage\"},\"thumbnailUrl\":\"https:\/\/qingdaohf.com\/wp-content\/uploads\/2024\/06\/plastic-groud-stake-1.webp\",\"datePublished\":\"2024-06-19T03:36:36+00:00\",\"dateModified\":\"2025-11-13T01:03:15+00:00\",\"description\":\"The plastic ground stake is perfect for securing anchors, tents, nets, tarps, canopies, and garden or patio structures.\",\"breadcrumb\":{\"@id\":\"https:\/\/qingdaohf.com\/product\/plastic-groud-stake\/#breadcrumb\"},\"inLanguage\":\"lt-LT\",\"potentialAction\":[{\"@type\":\"ReadAction\",\"target\":[\"https:\/\/qingdaohf.com\/product\/plastic-groud-stake\/\"]}]},{\"@type\":\"ImageObject\",\"inLanguage\":\"lt-LT\",\"@id\":\"https:\/\/qingdaohf.com\/product\/plastic-groud-stake\/#primaryimage\",\"url\":\"https:\/\/qingdaohf.com\/wp-content\/uploads\/2024\/06\/plastic-groud-stake-1.webp\",\"contentUrl\":\"https:\/\/qingdaohf.com\/wp-content\/uploads\/2024\/06\/plastic-groud-stake-1.webp\",\"width\":1000,\"height\":1000,\"caption\":\"plastic groud stake\"},{\"@type\":\"BreadcrumbList\",\"@id\":\"https:\/\/qingdaohf.com\/product\/plastic-groud-stake\/#breadcrumb\",\"itemListElement\":[{\"@type\":\"ListItem\",\"position\":1,\"name\":\"Home\",\"item\":\"https:\/\/qingdaohf.com\/\"},{\"@type\":\"ListItem\",\"position\":2,\"name\":\"Concrete Forming Accessories and Rigging Hardware\",\"item\":\"https:\/\/qingdaohf.com\/bg\/?page_id=944\"},{\"@type\":\"ListItem\",\"position\":3,\"name\":\"Plastic Groud Stake\"}]},{\"@type\":\"WebSite\",\"@id\":\"https:\/\/qingdaohf.com\/bg\/#website\",\"url\":\"https:\/\/qingdaohf.com\/bg\/\",\"name\":\"Concrete Form & Rigging Hardware Supplier\",\"description\":\"\",\"publisher\":{\"@id\":\"https:\/\/qingdaohf.com\/bg\/#organization\"},\"potentialAction\":[{\"@type\":\"SearchAction\",\"target\":{\"@type\":\"EntryPoint\",\"urlTemplate\":\"https:\/\/qingdaohf.com\/bg\/?s={search_term_string}\"},\"query-input\":{\"@type\":\"PropertyValueSpecification\",\"valueRequired\":true,\"valueName\":\"search_term_string\"}}],\"inLanguage\":\"lt-LT\"},{\"@type\":\"Organization\",\"@id\":\"https:\/\/qingdaohf.com\/bg\/#organization\",\"name\":\"Qingdao H&F\",\"url\":\"https:\/\/qingdaohf.com\/bg\/\",\"logo\":{\"@type\":\"ImageObject\",\"inLanguage\":\"lt-LT\",\"@id\":\"https:\/\/qingdaohf.com\/bg\/#\/schema\/logo\/image\/\",\"url\":\"https:\/\/qingdaohf.com\/wp-content\/uploads\/2022\/12\/cropped-HF-LOGO.png\",\"contentUrl\":\"https:\/\/qingdaohf.com\/wp-content\/uploads\/2022\/12\/cropped-HF-LOGO.png\",\"width\":391,\"height\":249,\"caption\":\"Qingdao H&F\"},\"image\":{\"@id\":\"https:\/\/qingdaohf.com\/bg\/#\/schema\/logo\/image\/\"},\"sameAs\":[\"https:\/\/www.facebook.com\/qingdaohf\"]}]}<\/script>\n<!-- \/ Yoast SEO plugin. -->","yoast_head_json":{"title":"Plastic Groud Stake","description":"The plastic ground stake is perfect for securing anchors, tents, nets, tarps, canopies, and garden or patio structures.","robots":{"index":"index","follow":"follow","max-snippet":"max-snippet:-1","max-image-preview":"max-image-preview:large","max-video-preview":"max-video-preview:-1"},"canonical":"https:\/\/qingdaohf.com\/lt\/produktas\/plastikinis-grotu-stulpas\/","og_locale":"lt_LT","og_type":"article","og_title":"Plastic Groud Stake","og_description":"The plastic ground stake is perfect for securing anchors, tents, nets, tarps, canopies, and garden or patio structures.","og_url":"https:\/\/qingdaohf.com\/lt\/produktas\/plastikinis-grotu-stulpas\/","og_site_name":"Concrete Form &amp; Rigging Hardware Supplier","article_publisher":"https:\/\/www.facebook.com\/qingdaohf","article_modified_time":"2025-11-13T01:03:15+00:00","og_image":[{"width":1000,"height":1000,"url":"https:\/\/qingdaohf.com\/wp-content\/uploads\/2024\/06\/plastic-groud-stake-1.webp","type":"image\/webp"}],"twitter_card":"summary_large_image","twitter_misc":{"Est. reading time":"4 minut\u0117s"},"schema":{"@context":"https:\/\/schema.org","@graph":[{"@type":"WebPage","@id":"https:\/\/qingdaohf.com\/product\/plastic-groud-stake\/","url":"https:\/\/qingdaohf.com\/product\/plastic-groud-stake\/","name":"Plastic Groud Stake","isPartOf":{"@id":"https:\/\/qingdaohf.com\/bg\/#website"},"primaryImageOfPage":{"@id":"https:\/\/qingdaohf.com\/product\/plastic-groud-stake\/#primaryimage"},"image":{"@id":"https:\/\/qingdaohf.com\/product\/plastic-groud-stake\/#primaryimage"},"thumbnailUrl":"https:\/\/qingdaohf.com\/wp-content\/uploads\/2024\/06\/plastic-groud-stake-1.webp","datePublished":"2024-06-19T03:36:36+00:00","dateModified":"2025-11-13T01:03:15+00:00","description":"The plastic ground stake is perfect for securing anchors, tents, nets, tarps, canopies, and garden or patio structures.","breadcrumb":{"@id":"https:\/\/qingdaohf.com\/product\/plastic-groud-stake\/#breadcrumb"},"inLanguage":"lt-LT","potentialAction":[{"@type":"ReadAction","target":["https:\/\/qingdaohf.com\/product\/plastic-groud-stake\/"]}]},{"@type":"ImageObject","inLanguage":"lt-LT","@id":"https:\/\/qingdaohf.com\/product\/plastic-groud-stake\/#primaryimage","url":"https:\/\/qingdaohf.com\/wp-content\/uploads\/2024\/06\/plastic-groud-stake-1.webp","contentUrl":"https:\/\/qingdaohf.com\/wp-content\/uploads\/2024\/06\/plastic-groud-stake-1.webp","width":1000,"height":1000,"caption":"plastic groud stake"},{"@type":"BreadcrumbList","@id":"https:\/\/qingdaohf.com\/product\/plastic-groud-stake\/#breadcrumb","itemListElement":[{"@type":"ListItem","position":1,"name":"Home","item":"https:\/\/qingdaohf.com\/"},{"@type":"ListItem","position":2,"name":"Concrete Forming Accessories and Rigging Hardware","item":"https:\/\/qingdaohf.com\/bg\/?page_id=944"},{"@type":"ListItem","position":3,"name":"Plastic Groud Stake"}]},{"@type":"WebSite","@id":"https:\/\/qingdaohf.com\/bg\/#website","url":"https:\/\/qingdaohf.com\/bg\/","name":"Concrete Form & Rigging Hardware Supplier","description":"","publisher":{"@id":"https:\/\/qingdaohf.com\/bg\/#organization"},"potentialAction":[{"@type":"SearchAction","target":{"@type":"EntryPoint","urlTemplate":"https:\/\/qingdaohf.com\/bg\/?s={search_term_string}"},"query-input":{"@type":"PropertyValueSpecification","valueRequired":true,"valueName":"search_term_string"}}],"inLanguage":"lt-LT"},{"@type":"Organization","@id":"https:\/\/qingdaohf.com\/bg\/#organization","name":"Qingdao H&F","url":"https:\/\/qingdaohf.com\/bg\/","logo":{"@type":"ImageObject","inLanguage":"lt-LT","@id":"https:\/\/qingdaohf.com\/bg\/#\/schema\/logo\/image\/","url":"https:\/\/qingdaohf.com\/wp-content\/uploads\/2022\/12\/cropped-HF-LOGO.png","contentUrl":"https:\/\/qingdaohf.com\/wp-content\/uploads\/2022\/12\/cropped-HF-LOGO.png","width":391,"height":249,"caption":"Qingdao H&F"},"image":{"@id":"https:\/\/qingdaohf.com\/bg\/#\/schema\/logo\/image\/"},"sameAs":["https:\/\/www.facebook.com\/qingdaohf"]}]}},"_links":{"self":[{"href":"https:\/\/qingdaohf.com\/lt\/wp-json\/wp\/v2\/product\/7473","targetHints":{"allow":["GET"]}}],"collection":[{"href":"https:\/\/qingdaohf.com\/lt\/wp-json\/wp\/v2\/product"}],"about":[{"href":"https:\/\/qingdaohf.com\/lt\/wp-json\/wp\/v2\/types\/product"}],"replies":[{"embeddable":true,"href":"https:\/\/qingdaohf.com\/lt\/wp-json\/wp\/v2\/comments?post=7473"}],"version-history":[{"count":2,"href":"https:\/\/qingdaohf.com\/lt\/wp-json\/wp\/v2\/product\/7473\/revisions"}],"predecessor-version":[{"id":7479,"href":"https:\/\/qingdaohf.com\/lt\/wp-json\/wp\/v2\/product\/7473\/revisions\/7479"}],"wp:featuredmedia":[{"embeddable":true,"href":"https:\/\/qingdaohf.com\/lt\/wp-json\/wp\/v2\/media\/7475"}],"wp:attachment":[{"href":"https:\/\/qingdaohf.com\/lt\/wp-json\/wp\/v2\/media?parent=7473"}],"wp:term":[{"taxonomy":"product_brand","embeddable":true,"href":"https:\/\/qingdaohf.com\/lt\/wp-json\/wp\/v2\/product_brand?post=7473"},{"taxonomy":"product_cat","embeddable":true,"href":"https:\/\/qingdaohf.com\/lt\/wp-json\/wp\/v2\/product_cat?post=7473"},{"taxonomy":"product_tag","embeddable":true,"href":"https:\/\/qingdaohf.com\/lt\/wp-json\/wp\/v2\/product_tag?post=7473"}],"curies":[{"name":"wp","href":"https:\/\/api.w.org\/{rel}","templated":true}]}}