{"id":7481,"date":"2024-06-19T15:02:52","date_gmt":"2024-06-19T07:02:52","guid":{"rendered":"http:\/\/qingdaohf.com\/?post_type=product&#038;p=7481"},"modified":"2025-11-13T09:03:15","modified_gmt":"2025-11-13T01:03:15","slug":"5-8x24-anchor-bolt","status":"publish","type":"product","link":"https:\/\/qingdaohf.com\/lt\/produktas\/sb-inkarinis-varztas\/","title":{"rendered":"5\/8X24 inkarinis var\u017etas"},"content":{"rendered":"<p>Inkariniai var\u017etai yra esminis statyb\u0173 pramon\u0117s komponentas, u\u017etikrinantis saug\u0173 ir patikim\u0105 konstrukcij\u0173 tvirtinim\u0105 prie betonini\u0173 pamat\u0173. \u0160ie var\u017etai yra kruop\u0161\u010diai suprojektuoti taip, kad b\u016bt\u0173 u\u017etikrintas maksimalus stiprumas ir ilgaam\u017ei\u0161kumas, tod\u0117l idealiai tinka \u012fvairiems statybos darbams. Inkarinis var\u017etas atlieka pagrindin\u012f vaidmen\u012f u\u017etikrinant pastat\u0173 stabilum\u0105 ir vientisum\u0105, kad konstrukcijos i\u0161likt\u0173 tvirtos net ir esant dideliam \u012ftempimui ir apkrovai.<\/p>\n<p><strong>\u012evadas \u012f pamat\u0173 var\u017etus<\/strong><\/p>\n<p>Pamat\u0173 var\u017etai, tokie kaip inkarinis var\u017etas, yra labai svarb\u016bs statybos projektuose. Jie naudojami konstrukcijoms tvirtinti prie betonini\u0173 pamat\u0173, suteikiant reikiam\u0105 atram\u0105, kad atlaikyt\u0173 \u012fvairias j\u0117gas. \u0160ie var\u017etai da\u017eniausiai naudojami gyvenamuosiuose, komerciniuose ir pramoniniuose pastatuose, u\u017etikrinant, kad statiniai i\u0161likt\u0173 stabil\u016bs ir saug\u016bs.<\/p>\n<p>Pagrindin\u0117 pamat\u0173 var\u017et\u0173 funkcija - perduoti apkrovas i\u0161 konstrukcijos \u012f betonin\u012f pamat\u0105. Tai padeda i\u0161laikyti konstrukcijos vientisum\u0105 ir apsaugo nuo nepageidaujam\u0173 judesi\u0173 ar poslinki\u0173. Inkariniai var\u017etai yra sukurti taip, kad atitikt\u0173 \u0161iuos reikalavimus ir pasi\u017eym\u0117t\u0173 neprilygstamu na\u0161umu bei patikimumu.<\/p>\n<p><strong>Inkarini\u0173 var\u017et\u0173 vaidmuo statyboje<\/strong><\/p>\n<p>Inkaro var\u017etas i\u0161siskiria auk\u0161tos kokyb\u0117s med\u017eiagomis ir precizi\u0161ku gamybos procesu. \u0160is inkarinis var\u017etas sukurtas taip, kad b\u016bt\u0173 itin tvirtas ir atlaikyt\u0173 dideles apkrovas bei ekstremalias s\u0105lygas. Statyb\u0173 srityje inkarinis var\u017etas naudojamas \u012fvairiose srityse, \u012fskaitant kolon\u0173, sij\u0173 ir kit\u0173 konstrukcini\u0173 element\u0173 tvirtinim\u0105 prie betoninio pamato.<\/p>\n<p>Viena i\u0161 pagrindini\u0173 inkarinio var\u017eto savybi\u0173 - atsparumas korozijai. Tai u\u017etikrina, kad var\u017etas i\u0161likt\u0173 nepa\u017eeistas ir veikt\u0173 net ir at\u0161iaurioje aplinkoje. D\u0117l inkarinio var\u017eto ilgaam\u017ei\u0161kumo suma\u017e\u0117ja poreikis j\u012f da\u017enai keisti, tod\u0117l statybos projektuose sutaupoma laiko ir i\u0161laid\u0173.<\/p>\n<p>Be to, kad inkarinis var\u017etas yra tvirtas ir patvarus, j\u012f taip pat lengva sumontuoti. Konstrukcija leid\u017eia greitai ir efektyviai montuoti, tod\u0117l statybos projektai gali b\u016bti vykdomi be v\u0117lavim\u0173. D\u0117l tokio paprasto montavimo Anchor Bolt yra daugelio statybos specialist\u0173 pageidaujamas pasirinkimas.<\/p>\n<p><strong>Inkarinio var\u017eto pritaikymas<\/strong><\/p>\n<p>Inkarinio var\u017eto universalumas leid\u017eia j\u012f naudoti \u012fvairiose srityse. Gyvenam\u0173j\u0173 nam\u0173 statyboje \u0161ie var\u017etai naudojami namo karkasams ir kitiems konstrukciniams elementams tvirtinti prie pamat\u0173. Taip u\u017etikrinamas konstrukcijos stabilumas ir atsparumas \u012fvairiems aplinkos veiksniams, pavyzd\u017eiui, v\u0117jui ir seisminiam aktyvumui.<\/p>\n<p>Komercin\u0117je statyboje inkariniai var\u017etai naudojami didel\u0117ms konstrukcijoms, pavyzd\u017eiui, dangorai\u017eiams ir tiltams, tvirtinti prie pamat\u0173. \u0160i\u0173 var\u017et\u0173 stiprumas ir patikimumas yra labai svarb\u016bs u\u017etikrinant \u0161i\u0173 dideli\u0173 projekt\u0173 saugum\u0105 ir stabilum\u0105. Inkarinio var\u017eto geb\u0117jimas atlaikyti dideles apkrovas lemia, kad \u0161iose srityse jis yra labai svarbus komponentas.<\/p>\n<p>Pramon\u0117s statybos projektuose taip pat naudinga naudoti inkarinius var\u017etus. \u0160ie var\u017etai naudojami tvirtinant ma\u0161inas ir \u012frenginius prie betoninio pamato, u\u017etikrinant j\u0173 stabilum\u0105 eksploatacijos metu. Tai ypa\u010d svarbu pramon\u0117s \u0161akose, kuriose naudojamos sunkiosios ma\u0161inos, nes bet koks jud\u0117jimas gali sukelti didel\u012f pavoj\u0173 saugai.<\/p>\n<p><strong>I\u0161vada apie inkarin\u012f var\u017et\u0105<\/strong><\/p>\n<p>Inkariniai var\u017etai yra labai svarbus statyb\u0173 pramon\u0117s komponentas, pasi\u017eymintis neprilygstamu tvirtumu, ilgaam\u017ei\u0161kumu ir patikimumu. Jo vaidmuo tvirtinant konstrukcijas prie betonini\u0173 pamat\u0173 u\u017etikrina \u012fvairi\u0173 statybos projekt\u0173 stabilum\u0105 ir saugum\u0105. Nesvarbu, ar tai b\u016bt\u0173 gyvenamosios, komercin\u0117s, ar pramonin\u0117s paskirties objektai, inkarin\u012f var\u017et\u0105 renkasi statybos specialistai, ie\u0161kantys patikimo sprendimo.<\/p>\n<p>Investicijos \u012f auk\u0161tos kokyb\u0117s pamat\u0173 var\u017etus, tokius kaip \"Anchor Bolt\", yra labai svarbios bet kokio statybos projekto s\u0117kmei. \u0160ie var\u017etai suteikia reikiam\u0105 atram\u0105 ir stabilum\u0105, u\u017etikrindami, kad konstrukcijos i\u0161likt\u0173 saugios ir patikimos. D\u0117l savo puiki\u0173 eksploatacini\u0173 savybi\u0173 ir lengvo montavimo, \"Anchor Bolt\" yra idealus pasirinkimas j\u016bs\u0173 statyb\u0173 poreikiams.<\/p>","protected":false},"excerpt":{"rendered":"<p>\"Anchor Bolt\" yra auk\u0161\u010diausios kokyb\u0117s pamat\u0173 var\u017etas, skirtas saugioms ir patikimoms konstrukcijoms. Pagamintas i\u0161 auk\u0161tos kokyb\u0117s med\u017eiag\u0173, \u0161is inkarinis var\u017etas u\u017etikrina maksimal\u0173 patvarum\u0105 ir patikimum\u0105, puikiai tinka \u012fvairiems statybos poreikiams. Idealiai tinka tiek gyvenam\u0173j\u0173 nam\u0173, tiek komercini\u0173 objekt\u0173 projektams, nes \"Anchor Bolt\" u\u017etikrina puik\u0173 konstrukcij\u0173 tvirtinim\u0105 prie betonini\u0173 pamat\u0173.<\/p>","protected":false},"featured_media":7485,"comment_status":"open","ping_status":"closed","template":"","meta":{"site-sidebar-layout":"default","site-content-layout":"","ast-site-content-layout":"default","site-content-style":"default","site-sidebar-style":"default","ast-global-header-display":"","ast-banner-title-visibility":"","ast-main-header-display":"","ast-hfb-above-header-display":"","ast-hfb-below-header-display":"","ast-hfb-mobile-header-display":"","site-post-title":"","ast-breadcrumbs-content":"","ast-featured-img":"","footer-sml-layout":"","theme-transparent-header-meta":"default","adv-header-id-meta":"","stick-header-meta":"default","header-above-stick-meta":"","header-main-stick-meta":"","header-below-stick-meta":"","astra-migrate-meta-layouts":"set","ast-page-background-enabled":"default","ast-page-background-meta":{"desktop":{"background-color":"","background-image":"","background-repeat":"repeat","background-position":"center center","background-size":"auto","background-attachment":"scroll","background-type":"","background-media":"","overlay-type":"","overlay-color":"","overlay-opacity":"","overlay-gradient":""},"tablet":{"background-color":"","background-image":"","background-repeat":"repeat","background-position":"center center","background-size":"auto","background-attachment":"scroll","background-type":"","background-media":"","overlay-type":"","overlay-color":"","overlay-opacity":"","overlay-gradient":""},"mobile":{"background-color":"","background-image":"","background-repeat":"repeat","background-position":"center center","background-size":"auto","background-attachment":"scroll","background-type":"","background-media":"","overlay-type":"","overlay-color":"","overlay-opacity":"","overlay-gradient":""}},"ast-content-background-meta":{"desktop":{"background-color":"var(--ast-global-color-5)","background-image":"","background-repeat":"repeat","background-position":"center center","background-size":"auto","background-attachment":"scroll","background-type":"","background-media":"","overlay-type":"","overlay-color":"","overlay-opacity":"","overlay-gradient":""},"tablet":{"background-color":"var(--ast-global-color-5)","background-image":"","background-repeat":"repeat","background-position":"center center","background-size":"auto","background-attachment":"scroll","background-type":"","background-media":"","overlay-type":"","overlay-color":"","overlay-opacity":"","overlay-gradient":""},"mobile":{"background-color":"var(--ast-global-color-5)","background-image":"","background-repeat":"repeat","background-position":"center center","background-size":"auto","background-attachment":"scroll","background-type":"","background-media":"","overlay-type":"","overlay-color":"","overlay-opacity":"","overlay-gradient":""}}},"product_brand":[],"product_cat":[50],"product_tag":[],"class_list":{"0":"post-7481","1":"product","2":"type-product","3":"status-publish","4":"has-post-thumbnail","6":"product_cat-concrete-form-accessories","7":"desktop-align-left","8":"tablet-align-left","9":"mobile-align-left","10":"ast-product-gallery-layout-horizontal-slider","11":"ast-product-tabs-layout-horizontal","13":"first","14":"instock","15":"shipping-taxable","16":"purchasable","17":"product-type-simple"},"yoast_head":"<!-- This site is optimized with the Yoast SEO plugin v25.2 - https:\/\/yoast.com\/wordpress\/plugins\/seo\/ -->\n<title>5\/8X24 Anchor Bolt<\/title>\n<meta name=\"description\" content=\"Anchor Bolt is a premium-quality foundation bolt designed for secure and robust construction applications\" \/>\n<meta name=\"robots\" content=\"index, follow, max-snippet:-1, max-image-preview:large, max-video-preview:-1\" \/>\n<link rel=\"canonical\" href=\"https:\/\/qingdaohf.com\/lt\/produktas\/sb-inkarinis-varztas\/\" \/>\n<meta property=\"og:locale\" content=\"lt_LT\" \/>\n<meta property=\"og:type\" content=\"article\" \/>\n<meta property=\"og:title\" content=\"5\/8X24 Anchor Bolt\" \/>\n<meta property=\"og:description\" content=\"Anchor Bolt is a premium-quality foundation bolt designed for secure and robust construction applications\" \/>\n<meta property=\"og:url\" content=\"https:\/\/qingdaohf.com\/lt\/produktas\/sb-inkarinis-varztas\/\" \/>\n<meta property=\"og:site_name\" content=\"Concrete Form &amp; Rigging Hardware Supplier\" \/>\n<meta property=\"article:publisher\" content=\"https:\/\/www.facebook.com\/qingdaohf\" \/>\n<meta property=\"article:modified_time\" content=\"2025-11-13T01:03:15+00:00\" \/>\n<meta property=\"og:image\" content=\"https:\/\/qingdaohf.com\/wp-content\/uploads\/2024\/06\/sb-anchor-bolt-10.webp\" \/>\n\t<meta property=\"og:image:width\" content=\"1000\" \/>\n\t<meta property=\"og:image:height\" content=\"1000\" \/>\n\t<meta property=\"og:image:type\" content=\"image\/webp\" \/>\n<meta name=\"twitter:card\" content=\"summary_large_image\" \/>\n<meta name=\"twitter:label1\" content=\"Est. reading time\" \/>\n\t<meta name=\"twitter:data1\" content=\"3 minut\u0117s\" \/>\n<script type=\"application\/ld+json\" class=\"yoast-schema-graph\">{\"@context\":\"https:\/\/schema.org\",\"@graph\":[{\"@type\":\"WebPage\",\"@id\":\"https:\/\/qingdaohf.com\/product\/5-8x24-anchor-bolt\/\",\"url\":\"https:\/\/qingdaohf.com\/product\/5-8x24-anchor-bolt\/\",\"name\":\"5\/8X24 Anchor Bolt\",\"isPartOf\":{\"@id\":\"https:\/\/qingdaohf.com\/bg\/#website\"},\"primaryImageOfPage\":{\"@id\":\"https:\/\/qingdaohf.com\/product\/5-8x24-anchor-bolt\/#primaryimage\"},\"image\":{\"@id\":\"https:\/\/qingdaohf.com\/product\/5-8x24-anchor-bolt\/#primaryimage\"},\"thumbnailUrl\":\"https:\/\/qingdaohf.com\/wp-content\/uploads\/2024\/06\/sb-anchor-bolt-10.webp\",\"datePublished\":\"2024-06-19T07:02:52+00:00\",\"dateModified\":\"2025-11-13T01:03:15+00:00\",\"description\":\"Anchor Bolt is a premium-quality foundation bolt designed for secure and robust construction applications\",\"breadcrumb\":{\"@id\":\"https:\/\/qingdaohf.com\/product\/5-8x24-anchor-bolt\/#breadcrumb\"},\"inLanguage\":\"lt-LT\",\"potentialAction\":[{\"@type\":\"ReadAction\",\"target\":[\"https:\/\/qingdaohf.com\/product\/5-8x24-anchor-bolt\/\"]}]},{\"@type\":\"ImageObject\",\"inLanguage\":\"lt-LT\",\"@id\":\"https:\/\/qingdaohf.com\/product\/5-8x24-anchor-bolt\/#primaryimage\",\"url\":\"https:\/\/qingdaohf.com\/wp-content\/uploads\/2024\/06\/sb-anchor-bolt-10.webp\",\"contentUrl\":\"https:\/\/qingdaohf.com\/wp-content\/uploads\/2024\/06\/sb-anchor-bolt-10.webp\",\"width\":1000,\"height\":1000,\"caption\":\"sb anchor bolt\"},{\"@type\":\"BreadcrumbList\",\"@id\":\"https:\/\/qingdaohf.com\/product\/5-8x24-anchor-bolt\/#breadcrumb\",\"itemListElement\":[{\"@type\":\"ListItem\",\"position\":1,\"name\":\"Home\",\"item\":\"https:\/\/qingdaohf.com\/\"},{\"@type\":\"ListItem\",\"position\":2,\"name\":\"Concrete Forming Accessories and Rigging Hardware\",\"item\":\"https:\/\/qingdaohf.com\/bg\/?page_id=944\"},{\"@type\":\"ListItem\",\"position\":3,\"name\":\"5\/8X24 Anchor Bolt\"}]},{\"@type\":\"WebSite\",\"@id\":\"https:\/\/qingdaohf.com\/bg\/#website\",\"url\":\"https:\/\/qingdaohf.com\/bg\/\",\"name\":\"Concrete Form & Rigging Hardware Supplier\",\"description\":\"\",\"publisher\":{\"@id\":\"https:\/\/qingdaohf.com\/bg\/#organization\"},\"potentialAction\":[{\"@type\":\"SearchAction\",\"target\":{\"@type\":\"EntryPoint\",\"urlTemplate\":\"https:\/\/qingdaohf.com\/bg\/?s={search_term_string}\"},\"query-input\":{\"@type\":\"PropertyValueSpecification\",\"valueRequired\":true,\"valueName\":\"search_term_string\"}}],\"inLanguage\":\"lt-LT\"},{\"@type\":\"Organization\",\"@id\":\"https:\/\/qingdaohf.com\/bg\/#organization\",\"name\":\"Qingdao H&F\",\"url\":\"https:\/\/qingdaohf.com\/bg\/\",\"logo\":{\"@type\":\"ImageObject\",\"inLanguage\":\"lt-LT\",\"@id\":\"https:\/\/qingdaohf.com\/bg\/#\/schema\/logo\/image\/\",\"url\":\"https:\/\/qingdaohf.com\/wp-content\/uploads\/2022\/12\/cropped-HF-LOGO.png\",\"contentUrl\":\"https:\/\/qingdaohf.com\/wp-content\/uploads\/2022\/12\/cropped-HF-LOGO.png\",\"width\":391,\"height\":249,\"caption\":\"Qingdao H&F\"},\"image\":{\"@id\":\"https:\/\/qingdaohf.com\/bg\/#\/schema\/logo\/image\/\"},\"sameAs\":[\"https:\/\/www.facebook.com\/qingdaohf\"]}]}<\/script>\n<!-- \/ Yoast SEO plugin. -->","yoast_head_json":{"title":"5\/8X24 Anchor Bolt","description":"Anchor Bolt is a premium-quality foundation bolt designed for secure and robust construction applications","robots":{"index":"index","follow":"follow","max-snippet":"max-snippet:-1","max-image-preview":"max-image-preview:large","max-video-preview":"max-video-preview:-1"},"canonical":"https:\/\/qingdaohf.com\/lt\/produktas\/sb-inkarinis-varztas\/","og_locale":"lt_LT","og_type":"article","og_title":"5\/8X24 Anchor Bolt","og_description":"Anchor Bolt is a premium-quality foundation bolt designed for secure and robust construction applications","og_url":"https:\/\/qingdaohf.com\/lt\/produktas\/sb-inkarinis-varztas\/","og_site_name":"Concrete Form &amp; Rigging Hardware Supplier","article_publisher":"https:\/\/www.facebook.com\/qingdaohf","article_modified_time":"2025-11-13T01:03:15+00:00","og_image":[{"width":1000,"height":1000,"url":"https:\/\/qingdaohf.com\/wp-content\/uploads\/2024\/06\/sb-anchor-bolt-10.webp","type":"image\/webp"}],"twitter_card":"summary_large_image","twitter_misc":{"Est. reading time":"3 minut\u0117s"},"schema":{"@context":"https:\/\/schema.org","@graph":[{"@type":"WebPage","@id":"https:\/\/qingdaohf.com\/product\/5-8x24-anchor-bolt\/","url":"https:\/\/qingdaohf.com\/product\/5-8x24-anchor-bolt\/","name":"5\/8X24 Anchor Bolt","isPartOf":{"@id":"https:\/\/qingdaohf.com\/bg\/#website"},"primaryImageOfPage":{"@id":"https:\/\/qingdaohf.com\/product\/5-8x24-anchor-bolt\/#primaryimage"},"image":{"@id":"https:\/\/qingdaohf.com\/product\/5-8x24-anchor-bolt\/#primaryimage"},"thumbnailUrl":"https:\/\/qingdaohf.com\/wp-content\/uploads\/2024\/06\/sb-anchor-bolt-10.webp","datePublished":"2024-06-19T07:02:52+00:00","dateModified":"2025-11-13T01:03:15+00:00","description":"Anchor Bolt is a premium-quality foundation bolt designed for secure and robust construction applications","breadcrumb":{"@id":"https:\/\/qingdaohf.com\/product\/5-8x24-anchor-bolt\/#breadcrumb"},"inLanguage":"lt-LT","potentialAction":[{"@type":"ReadAction","target":["https:\/\/qingdaohf.com\/product\/5-8x24-anchor-bolt\/"]}]},{"@type":"ImageObject","inLanguage":"lt-LT","@id":"https:\/\/qingdaohf.com\/product\/5-8x24-anchor-bolt\/#primaryimage","url":"https:\/\/qingdaohf.com\/wp-content\/uploads\/2024\/06\/sb-anchor-bolt-10.webp","contentUrl":"https:\/\/qingdaohf.com\/wp-content\/uploads\/2024\/06\/sb-anchor-bolt-10.webp","width":1000,"height":1000,"caption":"sb anchor bolt"},{"@type":"BreadcrumbList","@id":"https:\/\/qingdaohf.com\/product\/5-8x24-anchor-bolt\/#breadcrumb","itemListElement":[{"@type":"ListItem","position":1,"name":"Home","item":"https:\/\/qingdaohf.com\/"},{"@type":"ListItem","position":2,"name":"Concrete Forming Accessories and Rigging Hardware","item":"https:\/\/qingdaohf.com\/bg\/?page_id=944"},{"@type":"ListItem","position":3,"name":"5\/8X24 Anchor Bolt"}]},{"@type":"WebSite","@id":"https:\/\/qingdaohf.com\/bg\/#website","url":"https:\/\/qingdaohf.com\/bg\/","name":"Concrete Form & Rigging Hardware Supplier","description":"","publisher":{"@id":"https:\/\/qingdaohf.com\/bg\/#organization"},"potentialAction":[{"@type":"SearchAction","target":{"@type":"EntryPoint","urlTemplate":"https:\/\/qingdaohf.com\/bg\/?s={search_term_string}"},"query-input":{"@type":"PropertyValueSpecification","valueRequired":true,"valueName":"search_term_string"}}],"inLanguage":"lt-LT"},{"@type":"Organization","@id":"https:\/\/qingdaohf.com\/bg\/#organization","name":"Qingdao H&F","url":"https:\/\/qingdaohf.com\/bg\/","logo":{"@type":"ImageObject","inLanguage":"lt-LT","@id":"https:\/\/qingdaohf.com\/bg\/#\/schema\/logo\/image\/","url":"https:\/\/qingdaohf.com\/wp-content\/uploads\/2022\/12\/cropped-HF-LOGO.png","contentUrl":"https:\/\/qingdaohf.com\/wp-content\/uploads\/2022\/12\/cropped-HF-LOGO.png","width":391,"height":249,"caption":"Qingdao H&F"},"image":{"@id":"https:\/\/qingdaohf.com\/bg\/#\/schema\/logo\/image\/"},"sameAs":["https:\/\/www.facebook.com\/qingdaohf"]}]}},"_links":{"self":[{"href":"https:\/\/qingdaohf.com\/lt\/wp-json\/wp\/v2\/product\/7481","targetHints":{"allow":["GET"]}}],"collection":[{"href":"https:\/\/qingdaohf.com\/lt\/wp-json\/wp\/v2\/product"}],"about":[{"href":"https:\/\/qingdaohf.com\/lt\/wp-json\/wp\/v2\/types\/product"}],"replies":[{"embeddable":true,"href":"https:\/\/qingdaohf.com\/lt\/wp-json\/wp\/v2\/comments?post=7481"}],"version-history":[{"count":5,"href":"https:\/\/qingdaohf.com\/lt\/wp-json\/wp\/v2\/product\/7481\/revisions"}],"predecessor-version":[{"id":8975,"href":"https:\/\/qingdaohf.com\/lt\/wp-json\/wp\/v2\/product\/7481\/revisions\/8975"}],"wp:featuredmedia":[{"embeddable":true,"href":"https:\/\/qingdaohf.com\/lt\/wp-json\/wp\/v2\/media\/7485"}],"wp:attachment":[{"href":"https:\/\/qingdaohf.com\/lt\/wp-json\/wp\/v2\/media?parent=7481"}],"wp:term":[{"taxonomy":"product_brand","embeddable":true,"href":"https:\/\/qingdaohf.com\/lt\/wp-json\/wp\/v2\/product_brand?post=7481"},{"taxonomy":"product_cat","embeddable":true,"href":"https:\/\/qingdaohf.com\/lt\/wp-json\/wp\/v2\/product_cat?post=7481"},{"taxonomy":"product_tag","embeddable":true,"href":"https:\/\/qingdaohf.com\/lt\/wp-json\/wp\/v2\/product_tag?post=7481"}],"curies":[{"name":"wp","href":"https:\/\/api.w.org\/{rel}","templated":true}]}}