{"id":7512,"date":"2024-06-27T14:28:56","date_gmt":"2024-06-27T06:28:56","guid":{"rendered":"http:\/\/qingdaohf.com\/?post_type=product&#038;p=7512"},"modified":"2025-11-13T09:03:15","modified_gmt":"2025-11-13T01:03:15","slug":"l-bolts-for-concrete","status":"publish","type":"product","link":"https:\/\/qingdaohf.com\/lt\/produktas\/l-varztai-betonui\/","title":{"rendered":"Pamat\u0173 inkariniai var\u017etai L var\u017etai betonui"},"content":{"rendered":"<h3>\u012evadas \u012f betono L formos var\u017etus<\/h3>\n<p>L formos inkariniai var\u017etai, dar vadinami L formos inkariniais var\u017etais, yra nepakei\u010diami statyb\u0173 pramon\u0117s komponentai. \u0160ie var\u017etai yra specialiai sukurti betono konstrukcijoms tvirtinti, u\u017etikrinant patikim\u0105 ir tvirt\u0105 pagrind\u0105 \u012fvairi\u0173 tip\u0173 pastatams ir infrastrukt\u016bros projektams. L formos var\u017etai pasi\u017eymi i\u0161skirtine laikom\u0105ja galia, tod\u0117l yra idealus pasirinkimas didel\u0117ms apkrovoms tvirtinti ir konstrukcijos vientisumui u\u017etikrinti.<\/p>\n<h3>L formos var\u017et\u0173 svarba statyboje<\/h3>\n<p>Bet kuriame statybos projekte pamatai yra svarbiausias aspektas. Jis palaiko vis\u0105 konstrukcij\u0105 ir u\u017etikrina jos stabilum\u0105. \u0160iuo at\u017evilgiu lemiam\u0105 vaidmen\u012f atlieka betono L formos var\u017etai. Jie \u012fbetonuojami \u012f betono pamat\u0105, o srieginis galas i\u0161siki\u0161a, kad b\u016bt\u0173 galima pritvirtinti konstrukcinius elementus. Tokia konstrukcija u\u017etikrina tvirt\u0105 ir saugi\u0105 jungt\u012f, kuri gali atlaikyti didel\u0119 \u012ftamp\u0105 ir apkrov\u0105.<\/p>\n<p>L formos var\u017etai paprastai naudojami \u012fvairiose srityse, \u012fskaitant gyvenamuosius pastatus, komercines konstrukcijas, tiltus ir pramon\u0117s objektus. D\u0117l j\u0173 geb\u0117jimo u\u017etikrinti stabil\u0173 tvirtinimo ta\u0161k\u0105 jie yra labai svarb\u016bs u\u017etikrinant \u0161i\u0173 konstrukcij\u0173 saugum\u0105 ir ilgaam\u017ei\u0161kum\u0105. Naudodami L formos var\u017etus, statybos specialistai gali b\u016bti tikri d\u0117l savo projekt\u0173 patikimumo ir ilgaam\u017ei\u0161kumo.<\/p>\n<h3>L formos var\u017et\u0173 tipai ir dyd\u017eiai<\/h3>\n<p>Skirting\u0173 dyd\u017ei\u0173 ir med\u017eiag\u0173 L formos var\u017etai atitinka \u012fvairius statybos projekt\u0173 poreikius. M\u016bs\u0173 L formos var\u017etai betonui yra \u0161i\u0173 dyd\u017ei\u0173: 5\/8, 3\/8, 1\/2 ir 1\/4 coli\u0173. Kiekvienas dydis skirtas konkre\u010dioms apkrovoms ir pritaikymams, u\u017etikrinant optimal\u0173 veikim\u0105 \u012fvairiuose statybos scenarijuose.<\/p>\n<p>Be to, si\u016blome cinkuoto ir ner\u016bdijan\u010dio plieno L formos var\u017etus. Cinkuoti L formos var\u017etai yra padengti cinko sluoksniu, kuris u\u017etikrina puik\u0173 atsparum\u0105 korozijai ir prailgina var\u017et\u0173 tarnavimo laik\u0105. D\u0117l to jie tinkami naudoti lauke ir atviroje aplinkoje, kur juos veikia at\u0161iaurios oro s\u0105lygos. Kita vertus, ner\u016bdijan\u010diojo plieno L formos var\u017etai pasi\u017eymi ypatingu tvirtumu ir atsparumu r\u016bdims bei korozijai, tod\u0117l idealiai tinka projektams, kuriems reikia auk\u0161\u010diausio lygio ilgaam\u017ei\u0161kumo ir na\u0161umo.<\/p>\n<h3>L formos var\u017et\u0173 panaudojimas statyboje<\/h3>\n<p>D\u0117l savo universalumo L formos var\u017etai tinka \u012fvairiems darbams statyb\u0173 pramon\u0117je. Jie paprastai naudojami konstrukcin\u0117ms kolonoms, sijoms ir atramoms betoniniuose pamatuose tvirtinti. Taip u\u017etikrinama, kad konstrukciniai elementai b\u016bt\u0173 tvirtai \u012ftvirtinti, u\u017ekertant keli\u0105 bet kokiam jud\u0117jimui ar pasislinkimui, kuris gal\u0117t\u0173 pakenkti pastato vientisumui.<\/p>\n<p>L formos var\u017etai naudojami ne tik konstrukcijose, bet ir \u012fvairiuose kituose statybos darbuose. Pavyzd\u017eiui, jie da\u017enai naudojami montuojant sunki\u0105sias ma\u0161inas ir \u012frang\u0105, kai norint i\u0161vengti bet kokio galimo pavojaus b\u016btina u\u017etikrinti saug\u0173 tvirtinimo ta\u0161k\u0105. L formos var\u017etai taip pat naudojami statant atramines sieneles, kur jie suteikia reikiam\u0105 atram\u0105, kad atlaikyt\u0173 grunto darom\u0105 sl\u0117g\u012f.<\/p>\n<p>Be to, L formos var\u017etai pla\u010diai naudojami infrastrukt\u016bros projektuose, pavyzd\u017eiui, tiltuose ir tuneliuose. \u0160iems projektams reikalingi tvirti ir patikimi tvirtinimo ta\u0161kai, kad b\u016bt\u0173 u\u017etikrintas konstrukcij\u0173 stabilumas ir saugumas. Naudodami L formos var\u017etus, in\u017einieriai gali sukurti tvirtas jungtis, kurios atlaikyt\u0173 dinamines apkrovas ir \u012ftempius, susijusius su \u0161iomis didelio masto konstrukcijomis.<\/p>\n<h3>L formos var\u017et\u0173 montavimas ir prie\u017ei\u016bra<\/h3>\n<p>Tinkamas L formos var\u017et\u0173 montavimas ir technin\u0117 prie\u017ei\u016bra yra labai svarb\u016bs siekiant u\u017etikrinti j\u0173 veikim\u0105 ir ilgaam\u017ei\u0161kum\u0105. Montuojant svarbu u\u017etikrinti, kad var\u017etai b\u016bt\u0173 teisingai i\u0161d\u0117styti ir patikimai \u012ftvirtinti betone. Tam reikia atlikti tikslius matavimus ir i\u0161lyginti, kad var\u017etai suteikt\u0173 reikiam\u0105 atram\u0105.<\/p>\n<p>\u012emontavus L formos var\u017etus, b\u016btina reguliari j\u0173 prie\u017ei\u016bra, kad b\u016bt\u0173 u\u017etikrintas nuolatinis j\u0173 veikimas. Tai apima periodines ap\u017ei\u016bras, kuri\u0173 metu tikrinama, ar n\u0117ra korozijos, nusid\u0117v\u0117jimo ar pa\u017eeidim\u0173 po\u017eymi\u0173. Cinkuot\u0173 L formos var\u017et\u0173 atveju svarbu u\u017etikrinti, kad cinko danga i\u0161likt\u0173 nepa\u017eeista, kad b\u016bt\u0173 u\u017etikrintas veiksmingas atsparumas korozijai. Ner\u016bdijan\u010dio plieno L formos var\u017etus b\u016btina reguliariai valyti ir tikrinti, kad b\u016bt\u0173 i\u0161saugota j\u0173 i\u0161vaizda ir funkcionalumas.<\/p>\n<h3>I\u0161vada<\/h3>\n<p>Betono L formos var\u017etai yra labai svarbi statyb\u0173 pramon\u0117s sudedamoji dalis, u\u017etikrinanti patikimus ir tvirtus inkaravimo sprendimus \u012fvairiose srityse. J\u0173 L formos konstrukcija u\u017etikrina i\u0161skirtin\u0119 laikom\u0105j\u0105 gali\u0105, tod\u0117l jie idealiai tinka sunkiems kroviniams tvirtinti ir konstrukcij\u0173 stabilumui u\u017etikrinti. \u0160ie var\u017etai, kuriuos galima \u012fsigyti \u012fvairi\u0173 dyd\u017ei\u0173 ir med\u017eiag\u0173, \u012fskaitant cinkuot\u0105 ir ner\u016bdijant\u012f plien\u0105, pasi\u017eymi ilgaam\u017ei\u0161kumu ir atsparumu korozijai, tinka \u012fvairiems statybos projektams.<\/p>\n<p>Suprasdami L formos var\u017et\u0173 svarb\u0105 ir laikydamiesi tinkamos montavimo ir prie\u017ei\u016bros praktikos, statybos specialistai gali u\u017etikrinti savo projekt\u0173 saugum\u0105, stabilum\u0105 ir ilgaam\u017ei\u0161kum\u0105. Nesvarbu, ar tai b\u016bt\u0173 gyvenamieji pastatai, komercin\u0117s paskirties statiniai, ar didel\u0117s apimties infrastrukt\u016bros projektai, betono L formos var\u017etai yra esmin\u0117 priemon\u0117, padedanti pasiekti patikim\u0173 ir ilgalaiki\u0173 statybos rezultat\u0173.<\/p>\n<div class=\"ast-oembed-container\" style=\"height: 100%;\"><iframe title=\"Pamat\u0173 var\u017etai J var\u017etas\" width=\"500\" height=\"281\" src=\"https:\/\/www.youtube.com\/embed\/F2jfo40uEQM?feature=oembed\" frameborder=\"0\" allow=\"accelerometer; autoplay; clipboard-write; encrypted-media; gyroscope; picture-in-picture; web-share\" referrerpolicy=\"strict-origin-when-cross-origin\" allowfullscreen><\/iframe><\/div>","protected":false},"excerpt":{"rendered":"<p>M\u016bs\u0173 auk\u0161tos kokyb\u0117s L formos var\u017etai betonui yra labai svarb\u016bs norint saugiai \u012ftvirtinti pamatus. \u0160ie L formos inkariniai var\u017etai yra 5\/8, 3\/8, 1\/2 ir 1\/4 dyd\u017ei\u0173, cinkuoti ir ner\u016bdijan\u010dio plieno. \u0160ie var\u017etai puikiai tinka \u012fvairiems statyb\u0173 projektams, u\u017etikrina ilgaam\u017ei\u0161kum\u0105 ir stabilum\u0105.<\/p>","protected":false},"featured_media":6996,"comment_status":"open","ping_status":"closed","template":"","meta":{"site-sidebar-layout":"default","site-content-layout":"","ast-site-content-layout":"default","site-content-style":"default","site-sidebar-style":"default","ast-global-header-display":"","ast-banner-title-visibility":"","ast-main-header-display":"","ast-hfb-above-header-display":"","ast-hfb-below-header-display":"","ast-hfb-mobile-header-display":"","site-post-title":"","ast-breadcrumbs-content":"","ast-featured-img":"","footer-sml-layout":"","theme-transparent-header-meta":"default","adv-header-id-meta":"","stick-header-meta":"default","header-above-stick-meta":"","header-main-stick-meta":"","header-below-stick-meta":"","astra-migrate-meta-layouts":"set","ast-page-background-enabled":"default","ast-page-background-meta":{"desktop":{"background-color":"","background-image":"","background-repeat":"repeat","background-position":"center center","background-size":"auto","background-attachment":"scroll","background-type":"","background-media":"","overlay-type":"","overlay-color":"","overlay-opacity":"","overlay-gradient":""},"tablet":{"background-color":"","background-image":"","background-repeat":"repeat","background-position":"center center","background-size":"auto","background-attachment":"scroll","background-type":"","background-media":"","overlay-type":"","overlay-color":"","overlay-opacity":"","overlay-gradient":""},"mobile":{"background-color":"","background-image":"","background-repeat":"repeat","background-position":"center center","background-size":"auto","background-attachment":"scroll","background-type":"","background-media":"","overlay-type":"","overlay-color":"","overlay-opacity":"","overlay-gradient":""}},"ast-content-background-meta":{"desktop":{"background-color":"var(--ast-global-color-5)","background-image":"","background-repeat":"repeat","background-position":"center center","background-size":"auto","background-attachment":"scroll","background-type":"","background-media":"","overlay-type":"","overlay-color":"","overlay-opacity":"","overlay-gradient":""},"tablet":{"background-color":"var(--ast-global-color-5)","background-image":"","background-repeat":"repeat","background-position":"center center","background-size":"auto","background-attachment":"scroll","background-type":"","background-media":"","overlay-type":"","overlay-color":"","overlay-opacity":"","overlay-gradient":""},"mobile":{"background-color":"var(--ast-global-color-5)","background-image":"","background-repeat":"repeat","background-position":"center center","background-size":"auto","background-attachment":"scroll","background-type":"","background-media":"","overlay-type":"","overlay-color":"","overlay-opacity":"","overlay-gradient":""}}},"product_brand":[],"product_cat":[28],"product_tag":[],"class_list":{"0":"post-7512","1":"product","2":"type-product","3":"status-publish","4":"has-post-thumbnail","6":"product_cat-concrete-forming","7":"desktop-align-left","8":"tablet-align-left","9":"mobile-align-left","10":"ast-product-gallery-layout-horizontal-slider","11":"ast-product-tabs-layout-horizontal","13":"first","14":"instock","15":"featured","16":"shipping-taxable","17":"purchasable","18":"product-type-simple"},"yoast_head":"<!-- This site is optimized with the Yoast SEO plugin v25.2 - https:\/\/yoast.com\/wordpress\/plugins\/seo\/ -->\n<title>Foundation Anchor Bolts L Bolts for Concrete<\/title>\n<meta name=\"description\" content=\"L bolts for concrete are essential for secure foundation anchoring. Available in 5\/8, 3\/8, 1\/2, and 1\/4 sizes.\" \/>\n<meta name=\"robots\" content=\"index, follow, max-snippet:-1, max-image-preview:large, max-video-preview:-1\" \/>\n<link rel=\"canonical\" href=\"https:\/\/qingdaohf.com\/lt\/produktas\/l-varztai-betonui\/\" \/>\n<meta property=\"og:locale\" content=\"lt_LT\" \/>\n<meta property=\"og:type\" content=\"article\" \/>\n<meta property=\"og:title\" content=\"Foundation Anchor Bolts L Bolts for Concrete\" \/>\n<meta property=\"og:description\" content=\"L bolts for concrete are essential for secure foundation anchoring. Available in 5\/8, 3\/8, 1\/2, and 1\/4 sizes.\" \/>\n<meta property=\"og:url\" content=\"https:\/\/qingdaohf.com\/lt\/produktas\/l-varztai-betonui\/\" \/>\n<meta property=\"og:site_name\" content=\"Concrete Form &amp; Rigging Hardware Supplier\" \/>\n<meta property=\"article:publisher\" content=\"https:\/\/www.facebook.com\/qingdaohf\" \/>\n<meta property=\"article:modified_time\" content=\"2025-11-13T01:03:15+00:00\" \/>\n<meta property=\"og:image\" content=\"https:\/\/qingdaohf.com\/wp-content\/uploads\/2024\/05\/J-bolt-2.jpg\" \/>\n\t<meta property=\"og:image:width\" content=\"1000\" \/>\n\t<meta property=\"og:image:height\" content=\"1000\" \/>\n\t<meta property=\"og:image:type\" content=\"image\/jpeg\" \/>\n<meta name=\"twitter:card\" content=\"summary_large_image\" \/>\n<meta name=\"twitter:label1\" content=\"Est. reading time\" \/>\n\t<meta name=\"twitter:data1\" content=\"4 minut\u0117s\" \/>\n<script type=\"application\/ld+json\" class=\"yoast-schema-graph\">{\"@context\":\"https:\/\/schema.org\",\"@graph\":[{\"@type\":\"WebPage\",\"@id\":\"https:\/\/qingdaohf.com\/product\/l-bolts-for-concrete\/\",\"url\":\"https:\/\/qingdaohf.com\/product\/l-bolts-for-concrete\/\",\"name\":\"Foundation Anchor Bolts L Bolts for Concrete\",\"isPartOf\":{\"@id\":\"https:\/\/qingdaohf.com\/bg\/#website\"},\"primaryImageOfPage\":{\"@id\":\"https:\/\/qingdaohf.com\/product\/l-bolts-for-concrete\/#primaryimage\"},\"image\":{\"@id\":\"https:\/\/qingdaohf.com\/product\/l-bolts-for-concrete\/#primaryimage\"},\"thumbnailUrl\":\"https:\/\/qingdaohf.com\/wp-content\/uploads\/2024\/05\/J-bolt-2.jpg\",\"datePublished\":\"2024-06-27T06:28:56+00:00\",\"dateModified\":\"2025-11-13T01:03:15+00:00\",\"description\":\"L bolts for concrete are essential for secure foundation anchoring. Available in 5\/8, 3\/8, 1\/2, and 1\/4 sizes.\",\"breadcrumb\":{\"@id\":\"https:\/\/qingdaohf.com\/product\/l-bolts-for-concrete\/#breadcrumb\"},\"inLanguage\":\"lt-LT\",\"potentialAction\":[{\"@type\":\"ReadAction\",\"target\":[\"https:\/\/qingdaohf.com\/product\/l-bolts-for-concrete\/\"]}]},{\"@type\":\"ImageObject\",\"inLanguage\":\"lt-LT\",\"@id\":\"https:\/\/qingdaohf.com\/product\/l-bolts-for-concrete\/#primaryimage\",\"url\":\"https:\/\/qingdaohf.com\/wp-content\/uploads\/2024\/05\/J-bolt-2.jpg\",\"contentUrl\":\"https:\/\/qingdaohf.com\/wp-content\/uploads\/2024\/05\/J-bolt-2.jpg\",\"width\":1000,\"height\":1000,\"caption\":\"l bolts for concrete\"},{\"@type\":\"BreadcrumbList\",\"@id\":\"https:\/\/qingdaohf.com\/product\/l-bolts-for-concrete\/#breadcrumb\",\"itemListElement\":[{\"@type\":\"ListItem\",\"position\":1,\"name\":\"Home\",\"item\":\"https:\/\/qingdaohf.com\/\"},{\"@type\":\"ListItem\",\"position\":2,\"name\":\"Concrete Forming Accessories and Rigging Hardware\",\"item\":\"https:\/\/qingdaohf.com\/bg\/?page_id=944\"},{\"@type\":\"ListItem\",\"position\":3,\"name\":\"Foundation Anchor Bolts L Bolts for Concrete\"}]},{\"@type\":\"WebSite\",\"@id\":\"https:\/\/qingdaohf.com\/bg\/#website\",\"url\":\"https:\/\/qingdaohf.com\/bg\/\",\"name\":\"Concrete Form & Rigging Hardware Supplier\",\"description\":\"\",\"publisher\":{\"@id\":\"https:\/\/qingdaohf.com\/bg\/#organization\"},\"potentialAction\":[{\"@type\":\"SearchAction\",\"target\":{\"@type\":\"EntryPoint\",\"urlTemplate\":\"https:\/\/qingdaohf.com\/bg\/?s={search_term_string}\"},\"query-input\":{\"@type\":\"PropertyValueSpecification\",\"valueRequired\":true,\"valueName\":\"search_term_string\"}}],\"inLanguage\":\"lt-LT\"},{\"@type\":\"Organization\",\"@id\":\"https:\/\/qingdaohf.com\/bg\/#organization\",\"name\":\"Qingdao H&F\",\"url\":\"https:\/\/qingdaohf.com\/bg\/\",\"logo\":{\"@type\":\"ImageObject\",\"inLanguage\":\"lt-LT\",\"@id\":\"https:\/\/qingdaohf.com\/bg\/#\/schema\/logo\/image\/\",\"url\":\"https:\/\/qingdaohf.com\/wp-content\/uploads\/2022\/12\/cropped-HF-LOGO.png\",\"contentUrl\":\"https:\/\/qingdaohf.com\/wp-content\/uploads\/2022\/12\/cropped-HF-LOGO.png\",\"width\":391,\"height\":249,\"caption\":\"Qingdao H&F\"},\"image\":{\"@id\":\"https:\/\/qingdaohf.com\/bg\/#\/schema\/logo\/image\/\"},\"sameAs\":[\"https:\/\/www.facebook.com\/qingdaohf\"]}]}<\/script>\n<!-- \/ Yoast SEO plugin. -->","yoast_head_json":{"title":"Foundation Anchor Bolts L Bolts for Concrete","description":"L bolts for concrete are essential for secure foundation anchoring. Available in 5\/8, 3\/8, 1\/2, and 1\/4 sizes.","robots":{"index":"index","follow":"follow","max-snippet":"max-snippet:-1","max-image-preview":"max-image-preview:large","max-video-preview":"max-video-preview:-1"},"canonical":"https:\/\/qingdaohf.com\/lt\/produktas\/l-varztai-betonui\/","og_locale":"lt_LT","og_type":"article","og_title":"Foundation Anchor Bolts L Bolts for Concrete","og_description":"L bolts for concrete are essential for secure foundation anchoring. Available in 5\/8, 3\/8, 1\/2, and 1\/4 sizes.","og_url":"https:\/\/qingdaohf.com\/lt\/produktas\/l-varztai-betonui\/","og_site_name":"Concrete Form &amp; Rigging Hardware Supplier","article_publisher":"https:\/\/www.facebook.com\/qingdaohf","article_modified_time":"2025-11-13T01:03:15+00:00","og_image":[{"width":1000,"height":1000,"url":"https:\/\/qingdaohf.com\/wp-content\/uploads\/2024\/05\/J-bolt-2.jpg","type":"image\/jpeg"}],"twitter_card":"summary_large_image","twitter_misc":{"Est. reading time":"4 minut\u0117s"},"schema":{"@context":"https:\/\/schema.org","@graph":[{"@type":"WebPage","@id":"https:\/\/qingdaohf.com\/product\/l-bolts-for-concrete\/","url":"https:\/\/qingdaohf.com\/product\/l-bolts-for-concrete\/","name":"Foundation Anchor Bolts L Bolts for Concrete","isPartOf":{"@id":"https:\/\/qingdaohf.com\/bg\/#website"},"primaryImageOfPage":{"@id":"https:\/\/qingdaohf.com\/product\/l-bolts-for-concrete\/#primaryimage"},"image":{"@id":"https:\/\/qingdaohf.com\/product\/l-bolts-for-concrete\/#primaryimage"},"thumbnailUrl":"https:\/\/qingdaohf.com\/wp-content\/uploads\/2024\/05\/J-bolt-2.jpg","datePublished":"2024-06-27T06:28:56+00:00","dateModified":"2025-11-13T01:03:15+00:00","description":"L bolts for concrete are essential for secure foundation anchoring. Available in 5\/8, 3\/8, 1\/2, and 1\/4 sizes.","breadcrumb":{"@id":"https:\/\/qingdaohf.com\/product\/l-bolts-for-concrete\/#breadcrumb"},"inLanguage":"lt-LT","potentialAction":[{"@type":"ReadAction","target":["https:\/\/qingdaohf.com\/product\/l-bolts-for-concrete\/"]}]},{"@type":"ImageObject","inLanguage":"lt-LT","@id":"https:\/\/qingdaohf.com\/product\/l-bolts-for-concrete\/#primaryimage","url":"https:\/\/qingdaohf.com\/wp-content\/uploads\/2024\/05\/J-bolt-2.jpg","contentUrl":"https:\/\/qingdaohf.com\/wp-content\/uploads\/2024\/05\/J-bolt-2.jpg","width":1000,"height":1000,"caption":"l bolts for concrete"},{"@type":"BreadcrumbList","@id":"https:\/\/qingdaohf.com\/product\/l-bolts-for-concrete\/#breadcrumb","itemListElement":[{"@type":"ListItem","position":1,"name":"Home","item":"https:\/\/qingdaohf.com\/"},{"@type":"ListItem","position":2,"name":"Concrete Forming Accessories and Rigging Hardware","item":"https:\/\/qingdaohf.com\/bg\/?page_id=944"},{"@type":"ListItem","position":3,"name":"Foundation Anchor Bolts L Bolts for Concrete"}]},{"@type":"WebSite","@id":"https:\/\/qingdaohf.com\/bg\/#website","url":"https:\/\/qingdaohf.com\/bg\/","name":"Concrete Form & Rigging Hardware Supplier","description":"","publisher":{"@id":"https:\/\/qingdaohf.com\/bg\/#organization"},"potentialAction":[{"@type":"SearchAction","target":{"@type":"EntryPoint","urlTemplate":"https:\/\/qingdaohf.com\/bg\/?s={search_term_string}"},"query-input":{"@type":"PropertyValueSpecification","valueRequired":true,"valueName":"search_term_string"}}],"inLanguage":"lt-LT"},{"@type":"Organization","@id":"https:\/\/qingdaohf.com\/bg\/#organization","name":"Qingdao H&F","url":"https:\/\/qingdaohf.com\/bg\/","logo":{"@type":"ImageObject","inLanguage":"lt-LT","@id":"https:\/\/qingdaohf.com\/bg\/#\/schema\/logo\/image\/","url":"https:\/\/qingdaohf.com\/wp-content\/uploads\/2022\/12\/cropped-HF-LOGO.png","contentUrl":"https:\/\/qingdaohf.com\/wp-content\/uploads\/2022\/12\/cropped-HF-LOGO.png","width":391,"height":249,"caption":"Qingdao H&F"},"image":{"@id":"https:\/\/qingdaohf.com\/bg\/#\/schema\/logo\/image\/"},"sameAs":["https:\/\/www.facebook.com\/qingdaohf"]}]}},"_links":{"self":[{"href":"https:\/\/qingdaohf.com\/lt\/wp-json\/wp\/v2\/product\/7512","targetHints":{"allow":["GET"]}}],"collection":[{"href":"https:\/\/qingdaohf.com\/lt\/wp-json\/wp\/v2\/product"}],"about":[{"href":"https:\/\/qingdaohf.com\/lt\/wp-json\/wp\/v2\/types\/product"}],"replies":[{"embeddable":true,"href":"https:\/\/qingdaohf.com\/lt\/wp-json\/wp\/v2\/comments?post=7512"}],"version-history":[{"count":3,"href":"https:\/\/qingdaohf.com\/lt\/wp-json\/wp\/v2\/product\/7512\/revisions"}],"predecessor-version":[{"id":7552,"href":"https:\/\/qingdaohf.com\/lt\/wp-json\/wp\/v2\/product\/7512\/revisions\/7552"}],"wp:featuredmedia":[{"embeddable":true,"href":"https:\/\/qingdaohf.com\/lt\/wp-json\/wp\/v2\/media\/6996"}],"wp:attachment":[{"href":"https:\/\/qingdaohf.com\/lt\/wp-json\/wp\/v2\/media?parent=7512"}],"wp:term":[{"taxonomy":"product_brand","embeddable":true,"href":"https:\/\/qingdaohf.com\/lt\/wp-json\/wp\/v2\/product_brand?post=7512"},{"taxonomy":"product_cat","embeddable":true,"href":"https:\/\/qingdaohf.com\/lt\/wp-json\/wp\/v2\/product_cat?post=7512"},{"taxonomy":"product_tag","embeddable":true,"href":"https:\/\/qingdaohf.com\/lt\/wp-json\/wp\/v2\/product_tag?post=7512"}],"curies":[{"name":"wp","href":"https:\/\/api.w.org\/{rel}","templated":true}]}}